{"id":24055,"date":"2022-05-02T14:47:49","date_gmt":"2022-05-02T12:47:49","guid":{"rendered":"https:\/\/www.laboratoires-unisson.com\/produit\/hearlink-5030-minirite-t-r"},"modified":"2025-12-03T10:07:50","modified_gmt":"2025-12-03T09:07:50","slug":"hearlink-5030-minirite-t-r","status":"publish","type":"product","link":"https:\/\/www.laboratoires-unisson.com\/fr-be\/produit\/appareils-auditifs\/philips\/hearlink-5030-minirite-t-r","title":{"rendered":"HearLink 5030 miniRITE T R"},"content":{"rendered":"<p>L&#8217;aide auditive Philips HearLink 5030 miniRITE T R est un appareil en <strong>contour d&#8217;oreille \u00e0 \u00e9couteur d\u00e9port\u00e9 RIC<\/strong>\u00a0<strong>rechargeable et\u00a0<\/strong><strong>connect\u00e9<\/strong> (made for iPhone). Il est recommand\u00e9 pour les patients ayant une <strong>perte auditive l\u00e9g\u00e8re \u00e0 s\u00e9v\u00e8re.<\/strong><\/p>\n<p>Il poss\u00e8de 16 bandes et 48 canaux de r\u00e9glages, une bobine \u00e0 induction et\u00a0un double bouton poussoir pour faciliter le r\u00e9glage du volume et le changement de programme. C&#8217;est un mod\u00e8le rechargeable qui fonctionne avec une batterie lithium-ion. La charge prend seulement 3h pour une journ\u00e9e compl\u00e8te d&#8217;utilisation. Le chargeur est dot\u00e9 d&#8217;un port USB 2.0, solution id\u00e9ale pour voyager.<\/p>\n<p>L&#8217;appareil auditif Philips HearLink 5030 miniRITE T R est compatible avec plusieurs <strong>accessoires<\/strong> qui enrichiront votre exp\u00e9rience auditive :<\/p>\n<ul>\n<li>Chargeur Philips : charge en 3h vos aides auditives Philips<\/li>\n<li>Adaptateur TV : cet adaptateur vous permet de diffuser le son de votre TV directement dans vos aides auditives<\/li>\n<li>AudioClip : accessoire sans fil tr\u00e8s discret qui vous permet de communiquer en mode main libre avec votre smartphone (autonomie de 15h)<\/li>\n<li>T\u00e9l\u00e9commande : r\u00e9glez le volume de vos appareils auditifs en toute discr\u00e9tion gr\u00e2ce \u00e0 cette t\u00e9l\u00e9commande<\/li>\n<\/ul>\n<p>Les appareils auditifs Philips HearLink sont compatibles avec l&#8217;<strong>application mobile Philips HearLink<\/strong> et vous offre de nombreuses fonctionnalit\u00e9s : changement de programme, r\u00e9glage de volume, streaming, suivi \u00e9tat de charge, syst\u00e8me de localisation de vos aides&#8230;<\/p>\n<h4>Les fonctionnalit\u00e9s de l&#8217;aide auditive Philips HearLink 5030 miniRITE T R<\/h4>\n<ul>\n<li>16 bandes<\/li>\n<li>48 canaux de r\u00e9glages<\/li>\n<li>Connexion Bluetooth<\/li>\n<li>Made for iPhone<\/li>\n<li>R\u00e9ducteur de sifflements<\/li>\n<li>Bobine T<\/li>\n<li>Bouton poussoir<\/li>\n<li>Certifi\u00e9 IP68<\/li>\n<li>Batterie Lithium-ion<\/li>\n<\/ul>\n","protected":false},"excerpt":{"rendered":"<p>L&#8217;aide auditive Philips HearLink 5030 miniRITE T R est un appareil en contour d&#8217;oreille \u00e0 \u00e9couteur d\u00e9port\u00e9 RIC\u00a0rechargeable et\u00a0connect\u00e9 (made for iPhone). Il est recommand\u00e9 pour les patients ayant une perte auditive l\u00e9g\u00e8re \u00e0 s\u00e9v\u00e8re. Il poss\u00e8de 16 bandes et 48 canaux de r\u00e9glages, une bobine \u00e0 induction et\u00a0un double bouton poussoir pour faciliter le [&hellip;]<\/p>\n","protected":false},"featured_media":19191,"template":"","meta":{"_acf_changed":false},"product_brand":[],"product_cat":[3095],"product_tag":[],"class_list":{"0":"post-24055","1":"product","2":"type-product","3":"status-publish","4":"has-post-thumbnail","6":"product_cat-philips-fr-be","8":"first","9":"instock","10":"taxable","11":"shipping-taxable","12":"purchasable","13":"product-type-simple"},"acf":[],"yoast_head":"<!-- This site is optimized with the Yoast SEO plugin v27.1.1 - https:\/\/yoast.com\/product\/yoast-seo-wordpress\/ -->\n<title>Appareil auditif Philips HearLink 5030 miniRITE T R \u00e0 1650\u20ac - Unisson Belgique<\/title>\n<meta name=\"description\" content=\"L&#039;aide auditive Philips HearLink 5030 miniRITE T R est un appareil en contour d&#039;oreille \u00e0 \u00e9couteur d\u00e9port\u00e9 RIC\u00a0rechargeable et\u00a0connect\u00e9 (made for iPhone).\" \/>\n<meta name=\"robots\" content=\"index, follow, max-snippet:-1, max-image-preview:large, max-video-preview:-1\" \/>\n<link rel=\"canonical\" href=\"https:\/\/www.laboratoires-unisson.com\/fr-be\/wp-json\/wp\/v2\/product\/24055\" \/>\n<meta property=\"og:locale\" content=\"fr_FR\" \/>\n<meta property=\"og:type\" content=\"article\" \/>\n<meta property=\"og:title\" content=\"HearLink 5030 miniRITE T R - Laboratoires Unisson\" \/>\n<meta property=\"og:description\" content=\"L&#039;aide auditive Philips HearLink 5030 miniRITE T R est un appareil en contour d&#039;oreille \u00e0 \u00e9couteur d\u00e9port\u00e9 RIC\u00a0rechargeable et\u00a0connect\u00e9 (made for iPhone).\" \/>\n<meta property=\"og:url\" content=\"https:\/\/www.laboratoires-unisson.com\/fr-be\/produit\/appareils-auditifs\/philips\/hearlink-5030-minirite-t-r\" \/>\n<meta property=\"og:site_name\" content=\"Laboratoires Unisson\" \/>\n<meta property=\"article:modified_time\" content=\"2025-12-03T09:07:50+00:00\" \/>\n<meta property=\"og:image\" content=\"https:\/\/www.laboratoires-unisson.com\/wp-content\/uploads\/2022\/05\/hearlink-5030-minirite-t-r.png\" \/>\n\t<meta property=\"og:image:width\" content=\"450\" \/>\n\t<meta property=\"og:image:height\" content=\"500\" \/>\n\t<meta property=\"og:image:type\" content=\"image\/png\" \/>\n<meta name=\"twitter:card\" content=\"summary_large_image\" \/>\n<meta name=\"twitter:label1\" content=\"Est. reading time\" \/>\n\t<meta name=\"twitter:data1\" content=\"2 minutes\" \/>\n<script type=\"application\/ld+json\" class=\"yoast-schema-graph\">{\"@context\":\"https:\/\/schema.org\",\"@graph\":[{\"@type\":\"WebPage\",\"@id\":\"https:\/\/www.laboratoires-unisson.com\/fr-be\/produit\/appareils-auditifs\/philips\/hearlink-5030-minirite-t-r\",\"url\":\"https:\/\/www.laboratoires-unisson.com\/fr-be\/produit\/appareils-auditifs\/philips\/hearlink-5030-minirite-t-r\",\"name\":\"HearLink 5030 miniRITE T R - Laboratoires Unisson\",\"isPartOf\":{\"@id\":\"https:\/\/www.laboratoires-unisson.com\/fr-be#website\"},\"primaryImageOfPage\":{\"@id\":\"https:\/\/www.laboratoires-unisson.com\/fr-be\/produit\/appareils-auditifs\/philips\/hearlink-5030-minirite-t-r#primaryimage\"},\"image\":{\"@id\":\"https:\/\/www.laboratoires-unisson.com\/fr-be\/produit\/appareils-auditifs\/philips\/hearlink-5030-minirite-t-r#primaryimage\"},\"thumbnailUrl\":\"https:\/\/www.laboratoires-unisson.com\/wp-content\/uploads\/2022\/05\/hearlink-5030-minirite-t-r.png\",\"datePublished\":\"2022-05-02T12:47:49+00:00\",\"dateModified\":\"2025-12-03T09:07:50+00:00\",\"description\":\"L'aide auditive Philips HearLink 5030 miniRITE T R est un appareil en contour d'oreille \u00e0 \u00e9couteur d\u00e9port\u00e9 RIC\u00a0rechargeable et\u00a0connect\u00e9 (made for iPhone).\",\"breadcrumb\":{\"@id\":\"https:\/\/www.laboratoires-unisson.com\/fr-be\/produit\/appareils-auditifs\/philips\/hearlink-5030-minirite-t-r#breadcrumb\"},\"inLanguage\":\"fr-BE\",\"potentialAction\":[{\"@type\":\"ReadAction\",\"target\":[\"https:\/\/www.laboratoires-unisson.com\/fr-be\/produit\/appareils-auditifs\/philips\/hearlink-5030-minirite-t-r\"]}]},{\"@type\":\"ImageObject\",\"inLanguage\":\"fr-BE\",\"@id\":\"https:\/\/www.laboratoires-unisson.com\/fr-be\/produit\/appareils-auditifs\/philips\/hearlink-5030-minirite-t-r#primaryimage\",\"url\":\"https:\/\/www.laboratoires-unisson.com\/wp-content\/uploads\/2022\/05\/hearlink-5030-minirite-t-r.png\",\"contentUrl\":\"https:\/\/www.laboratoires-unisson.com\/wp-content\/uploads\/2022\/05\/hearlink-5030-minirite-t-r.png\",\"width\":450,\"height\":500},{\"@type\":\"BreadcrumbList\",\"@id\":\"https:\/\/www.laboratoires-unisson.com\/fr-be\/produit\/appareils-auditifs\/philips\/hearlink-5030-minirite-t-r#breadcrumb\",\"itemListElement\":[{\"@type\":\"ListItem\",\"position\":1,\"name\":\"Shop\",\"item\":\"https:\/\/www.laboratoires-unisson.com\/fr-be\/shop\"},{\"@type\":\"ListItem\",\"position\":2,\"name\":\"HearLink 5030 miniRITE T R\"}]},{\"@type\":\"WebSite\",\"@id\":\"https:\/\/www.laboratoires-unisson.com\/fr-be#website\",\"url\":\"https:\/\/www.laboratoires-unisson.com\/fr-be\",\"name\":\"Laboratoires Unisson\",\"description\":\"Appareil auditif et proth\u00e8se auditive Moins Cher jusqu&#039;\u00e0 -40%\",\"publisher\":{\"@id\":\"https:\/\/www.laboratoires-unisson.com\/fr-be#organization\"},\"potentialAction\":[{\"@type\":\"SearchAction\",\"target\":{\"@type\":\"EntryPoint\",\"urlTemplate\":\"https:\/\/www.laboratoires-unisson.com\/fr-be?s={search_term_string}\"},\"query-input\":{\"@type\":\"PropertyValueSpecification\",\"valueRequired\":true,\"valueName\":\"search_term_string\"}}],\"inLanguage\":\"fr-BE\"},{\"@type\":\"Organization\",\"@id\":\"https:\/\/www.laboratoires-unisson.com\/fr-be#organization\",\"name\":\"Laboratoires Unisson\",\"url\":\"https:\/\/www.laboratoires-unisson.com\/fr-be\",\"logo\":{\"@type\":\"ImageObject\",\"inLanguage\":\"fr-BE\",\"@id\":\"https:\/\/www.laboratoires-unisson.com\/fr-be#\/schema\/logo\/image\/\",\"url\":\"https:\/\/www.laboratoires-unisson.com\/wp-content\/uploads\/2022\/01\/logo-unisson.svg\",\"contentUrl\":\"https:\/\/www.laboratoires-unisson.com\/wp-content\/uploads\/2022\/01\/logo-unisson.svg\",\"width\":1,\"height\":1,\"caption\":\"Laboratoires Unisson\"},\"image\":{\"@id\":\"https:\/\/www.laboratoires-unisson.com\/fr-be#\/schema\/logo\/image\/\"}}]}<\/script>\n<!-- \/ Yoast SEO plugin. -->","yoast_head_json":{"title":"Appareil auditif Philips HearLink 5030 miniRITE T R \u00e0 1650\u20ac - Unisson Belgique","description":"L'aide auditive Philips HearLink 5030 miniRITE T R est un appareil en contour d'oreille \u00e0 \u00e9couteur d\u00e9port\u00e9 RIC\u00a0rechargeable et\u00a0connect\u00e9 (made for iPhone).","robots":{"index":"index","follow":"follow","max-snippet":"max-snippet:-1","max-image-preview":"max-image-preview:large","max-video-preview":"max-video-preview:-1"},"canonical":"https:\/\/www.laboratoires-unisson.com\/fr-be\/wp-json\/wp\/v2\/product\/24055","og_locale":"fr_FR","og_type":"article","og_title":"HearLink 5030 miniRITE T R - Laboratoires Unisson","og_description":"L'aide auditive Philips HearLink 5030 miniRITE T R est un appareil en contour d'oreille \u00e0 \u00e9couteur d\u00e9port\u00e9 RIC\u00a0rechargeable et\u00a0connect\u00e9 (made for iPhone).","og_url":"https:\/\/www.laboratoires-unisson.com\/fr-be\/produit\/appareils-auditifs\/philips\/hearlink-5030-minirite-t-r","og_site_name":"Laboratoires Unisson","article_modified_time":"2025-12-03T09:07:50+00:00","og_image":[{"width":450,"height":500,"url":"https:\/\/www.laboratoires-unisson.com\/wp-content\/uploads\/2022\/05\/hearlink-5030-minirite-t-r.png","type":"image\/png"}],"twitter_card":"summary_large_image","twitter_misc":{"Est. reading time":"2 minutes"},"schema":{"@context":"https:\/\/schema.org","@graph":[{"@type":"WebPage","@id":"https:\/\/www.laboratoires-unisson.com\/fr-be\/produit\/appareils-auditifs\/philips\/hearlink-5030-minirite-t-r","url":"https:\/\/www.laboratoires-unisson.com\/fr-be\/produit\/appareils-auditifs\/philips\/hearlink-5030-minirite-t-r","name":"HearLink 5030 miniRITE T R - Laboratoires Unisson","isPartOf":{"@id":"https:\/\/www.laboratoires-unisson.com\/fr-be#website"},"primaryImageOfPage":{"@id":"https:\/\/www.laboratoires-unisson.com\/fr-be\/produit\/appareils-auditifs\/philips\/hearlink-5030-minirite-t-r#primaryimage"},"image":{"@id":"https:\/\/www.laboratoires-unisson.com\/fr-be\/produit\/appareils-auditifs\/philips\/hearlink-5030-minirite-t-r#primaryimage"},"thumbnailUrl":"https:\/\/www.laboratoires-unisson.com\/wp-content\/uploads\/2022\/05\/hearlink-5030-minirite-t-r.png","datePublished":"2022-05-02T12:47:49+00:00","dateModified":"2025-12-03T09:07:50+00:00","description":"L'aide auditive Philips HearLink 5030 miniRITE T R est un appareil en contour d'oreille \u00e0 \u00e9couteur d\u00e9port\u00e9 RIC\u00a0rechargeable et\u00a0connect\u00e9 (made for iPhone).","breadcrumb":{"@id":"https:\/\/www.laboratoires-unisson.com\/fr-be\/produit\/appareils-auditifs\/philips\/hearlink-5030-minirite-t-r#breadcrumb"},"inLanguage":"fr-BE","potentialAction":[{"@type":"ReadAction","target":["https:\/\/www.laboratoires-unisson.com\/fr-be\/produit\/appareils-auditifs\/philips\/hearlink-5030-minirite-t-r"]}]},{"@type":"ImageObject","inLanguage":"fr-BE","@id":"https:\/\/www.laboratoires-unisson.com\/fr-be\/produit\/appareils-auditifs\/philips\/hearlink-5030-minirite-t-r#primaryimage","url":"https:\/\/www.laboratoires-unisson.com\/wp-content\/uploads\/2022\/05\/hearlink-5030-minirite-t-r.png","contentUrl":"https:\/\/www.laboratoires-unisson.com\/wp-content\/uploads\/2022\/05\/hearlink-5030-minirite-t-r.png","width":450,"height":500},{"@type":"BreadcrumbList","@id":"https:\/\/www.laboratoires-unisson.com\/fr-be\/produit\/appareils-auditifs\/philips\/hearlink-5030-minirite-t-r#breadcrumb","itemListElement":[{"@type":"ListItem","position":1,"name":"Shop","item":"https:\/\/www.laboratoires-unisson.com\/fr-be\/shop"},{"@type":"ListItem","position":2,"name":"HearLink 5030 miniRITE T R"}]},{"@type":"WebSite","@id":"https:\/\/www.laboratoires-unisson.com\/fr-be#website","url":"https:\/\/www.laboratoires-unisson.com\/fr-be","name":"Laboratoires Unisson","description":"Appareil auditif et proth\u00e8se auditive Moins Cher jusqu&#039;\u00e0 -40%","publisher":{"@id":"https:\/\/www.laboratoires-unisson.com\/fr-be#organization"},"potentialAction":[{"@type":"SearchAction","target":{"@type":"EntryPoint","urlTemplate":"https:\/\/www.laboratoires-unisson.com\/fr-be?s={search_term_string}"},"query-input":{"@type":"PropertyValueSpecification","valueRequired":true,"valueName":"search_term_string"}}],"inLanguage":"fr-BE"},{"@type":"Organization","@id":"https:\/\/www.laboratoires-unisson.com\/fr-be#organization","name":"Laboratoires Unisson","url":"https:\/\/www.laboratoires-unisson.com\/fr-be","logo":{"@type":"ImageObject","inLanguage":"fr-BE","@id":"https:\/\/www.laboratoires-unisson.com\/fr-be#\/schema\/logo\/image\/","url":"https:\/\/www.laboratoires-unisson.com\/wp-content\/uploads\/2022\/01\/logo-unisson.svg","contentUrl":"https:\/\/www.laboratoires-unisson.com\/wp-content\/uploads\/2022\/01\/logo-unisson.svg","width":1,"height":1,"caption":"Laboratoires Unisson"},"image":{"@id":"https:\/\/www.laboratoires-unisson.com\/fr-be#\/schema\/logo\/image\/"}}]}},"_links":{"self":[{"href":"https:\/\/www.laboratoires-unisson.com\/fr-be\/wp-json\/wp\/v2\/product\/24055","targetHints":{"allow":["GET"]}}],"collection":[{"href":"https:\/\/www.laboratoires-unisson.com\/fr-be\/wp-json\/wp\/v2\/product"}],"about":[{"href":"https:\/\/www.laboratoires-unisson.com\/fr-be\/wp-json\/wp\/v2\/types\/product"}],"wp:featuredmedia":[{"embeddable":true,"href":"https:\/\/www.laboratoires-unisson.com\/fr-be\/wp-json\/wp\/v2\/media\/19191"}],"wp:attachment":[{"href":"https:\/\/www.laboratoires-unisson.com\/fr-be\/wp-json\/wp\/v2\/media?parent=24055"}],"wp:term":[{"taxonomy":"product_brand","embeddable":true,"href":"https:\/\/www.laboratoires-unisson.com\/fr-be\/wp-json\/wp\/v2\/product_brand?post=24055"},{"taxonomy":"product_cat","embeddable":true,"href":"https:\/\/www.laboratoires-unisson.com\/fr-be\/wp-json\/wp\/v2\/product_cat?post=24055"},{"taxonomy":"product_tag","embeddable":true,"href":"https:\/\/www.laboratoires-unisson.com\/fr-be\/wp-json\/wp\/v2\/product_tag?post=24055"}],"curies":[{"name":"wp","href":"https:\/\/api.w.org\/{rel}","templated":true}]}}