{"id":24056,"date":"2022-05-02T14:47:57","date_gmt":"2022-05-02T12:47:57","guid":{"rendered":"https:\/\/www.laboratoires-unisson.com\/produit\/hearlink-7010-bte-pp-13"},"modified":"2025-12-03T10:07:50","modified_gmt":"2025-12-03T09:07:50","slug":"hearlink-7010-bte-pp-13","status":"publish","type":"product","link":"https:\/\/www.laboratoires-unisson.com\/fr-be\/produit\/appareils-auditifs\/philips\/hearlink-7010-bte-pp-13","title":{"rendered":"HearLink 7010 BTE PP 13"},"content":{"rendered":"<p><span style=\"font-size: 12pt; font-family: Arial, sans-serif;\"><strong>L\u2019aide auditive Philips HearLink BTE PP 7010<\/strong>\u00a0est \u00e9quip\u00e9e d\u2019une\u00a0<strong>bobine \u00e0 induction<\/strong>\u00a0(position T) et d\u2019un\u00a0<strong>double bouton poussoir<\/strong>. Elle dispose de\u00a0<strong>14 canaux<\/strong>\u00a0(16 pour le mod\u00e8le haut de gamme BTE PP 9010) et d\u2019une bande passante de 8kHz. La technologie SoundMap permet de\u00a0<strong>r\u00e9duire efficacement le Larsen<\/strong>.<\/span><\/p>\n<p><span style=\"font-size: 12pt; font-family: Arial, sans-serif;\">Elle fonctionne avec des\u00a0<strong>piles 13<\/strong>\u00a0: piles sans mercure pour une autonomie moyenne de 150h<\/span><\/p>\n<p><span style=\"font-size: 12pt; font-family: Arial, sans-serif;\">Cet appareil auditif a \u00e9t\u00e9 con\u00e7u pour iPhone. L\u2019application mobile Philips HearLink, disponible sur iOS et Android vous permet de connecter vos aides auditives \u00e0 votre smartphone.<\/span><\/p>\n<p><strong><span style=\"font-size: 12pt; font-family: Arial, sans-serif;\">Prenez RDV d\u00e8s maintenant\u00a0<\/span><\/strong><span style=\"font-size: 12pt; font-family: Arial, sans-serif;\">avec l&#8217;un de nos audioproth\u00e9sistes dipl\u00f4m\u00e9s d&#8217;\u00c9tat :\u00a0<a href=\"https:\/\/www.laboratoires-unisson.com\/fr-be\/rdv\"><span style=\"color: #26b7ca;\">Je prends rendez-vous<\/span><\/a><\/span><\/p>\n","protected":false},"excerpt":{"rendered":"<p>L\u2019aide auditive Philips HearLink BTE PP 7010\u00a0est \u00e9quip\u00e9e d\u2019une\u00a0bobine \u00e0 induction\u00a0(position T) et d\u2019un\u00a0double bouton poussoir. Elle dispose de\u00a014 canaux\u00a0(16 pour le mod\u00e8le haut de gamme BTE PP 9010) et d\u2019une bande passante de 8kHz. La technologie SoundMap permet de\u00a0r\u00e9duire efficacement le Larsen. Elle fonctionne avec des\u00a0piles 13\u00a0: piles sans mercure pour une autonomie moyenne [&hellip;]<\/p>\n","protected":false},"featured_media":19195,"template":"","meta":{"_acf_changed":false},"product_brand":[],"product_cat":[3095],"product_tag":[],"class_list":{"0":"post-24056","1":"product","2":"type-product","3":"status-publish","4":"has-post-thumbnail","6":"product_cat-philips-fr-be","8":"first","9":"instock","10":"taxable","11":"shipping-taxable","12":"purchasable","13":"product-type-simple"},"acf":[],"yoast_head":"<!-- This site is optimized with the Yoast SEO plugin v27.1.1 - https:\/\/yoast.com\/product\/yoast-seo-wordpress\/ -->\n<title>Appareil auditif Philips HearLink 7010 BTE PP 13 \u00e0 1900\u20ac - Unisson Belgique<\/title>\n<meta name=\"description\" content=\"L\u2019aide auditive Philips HearLink BTE PP 7010\u00a0est \u00e9quip\u00e9e d\u2019une\u00a0bobine \u00e0 induction\u00a0(position T) et d\u2019un\u00a0double bouton poussoir. Elle dispose de\u00a014\" \/>\n<meta name=\"robots\" content=\"index, follow, max-snippet:-1, max-image-preview:large, max-video-preview:-1\" \/>\n<link rel=\"canonical\" href=\"https:\/\/www.laboratoires-unisson.com\/fr-be\/wp-json\/wp\/v2\/product\/24056\" \/>\n<meta property=\"og:locale\" content=\"fr_FR\" \/>\n<meta property=\"og:type\" content=\"article\" \/>\n<meta property=\"og:title\" content=\"HearLink 7010 BTE PP 13 - Laboratoires Unisson\" \/>\n<meta property=\"og:description\" content=\"L\u2019aide auditive Philips HearLink BTE PP 7010\u00a0est \u00e9quip\u00e9e d\u2019une\u00a0bobine \u00e0 induction\u00a0(position T) et d\u2019un\u00a0double bouton poussoir. Elle dispose de\u00a014\" \/>\n<meta property=\"og:url\" content=\"https:\/\/www.laboratoires-unisson.com\/fr-be\/produit\/appareils-auditifs\/philips\/hearlink-7010-bte-pp-13\" \/>\n<meta property=\"og:site_name\" content=\"Laboratoires Unisson\" \/>\n<meta property=\"article:modified_time\" content=\"2025-12-03T09:07:50+00:00\" \/>\n<meta property=\"og:image\" content=\"https:\/\/www.laboratoires-unisson.com\/wp-content\/uploads\/2022\/05\/hearlink-7010-bte-pp-13.png\" \/>\n\t<meta property=\"og:image:width\" content=\"450\" \/>\n\t<meta property=\"og:image:height\" content=\"500\" \/>\n\t<meta property=\"og:image:type\" content=\"image\/png\" \/>\n<meta name=\"twitter:card\" content=\"summary_large_image\" \/>\n<meta name=\"twitter:label1\" content=\"Est. reading time\" \/>\n\t<meta name=\"twitter:data1\" content=\"1 minute\" \/>\n<script type=\"application\/ld+json\" class=\"yoast-schema-graph\">{\"@context\":\"https:\/\/schema.org\",\"@graph\":[{\"@type\":\"WebPage\",\"@id\":\"https:\/\/www.laboratoires-unisson.com\/fr-be\/produit\/appareils-auditifs\/philips\/hearlink-7010-bte-pp-13\",\"url\":\"https:\/\/www.laboratoires-unisson.com\/fr-be\/produit\/appareils-auditifs\/philips\/hearlink-7010-bte-pp-13\",\"name\":\"HearLink 7010 BTE PP 13 - Laboratoires Unisson\",\"isPartOf\":{\"@id\":\"https:\/\/www.laboratoires-unisson.com\/fr-be#website\"},\"primaryImageOfPage\":{\"@id\":\"https:\/\/www.laboratoires-unisson.com\/fr-be\/produit\/appareils-auditifs\/philips\/hearlink-7010-bte-pp-13#primaryimage\"},\"image\":{\"@id\":\"https:\/\/www.laboratoires-unisson.com\/fr-be\/produit\/appareils-auditifs\/philips\/hearlink-7010-bte-pp-13#primaryimage\"},\"thumbnailUrl\":\"https:\/\/www.laboratoires-unisson.com\/wp-content\/uploads\/2022\/05\/hearlink-7010-bte-pp-13.png\",\"datePublished\":\"2022-05-02T12:47:57+00:00\",\"dateModified\":\"2025-12-03T09:07:50+00:00\",\"description\":\"L\u2019aide auditive Philips HearLink BTE PP 7010\u00a0est \u00e9quip\u00e9e d\u2019une\u00a0bobine \u00e0 induction\u00a0(position T) et d\u2019un\u00a0double bouton poussoir. Elle dispose de\u00a014\",\"breadcrumb\":{\"@id\":\"https:\/\/www.laboratoires-unisson.com\/fr-be\/produit\/appareils-auditifs\/philips\/hearlink-7010-bte-pp-13#breadcrumb\"},\"inLanguage\":\"fr-BE\",\"potentialAction\":[{\"@type\":\"ReadAction\",\"target\":[\"https:\/\/www.laboratoires-unisson.com\/fr-be\/produit\/appareils-auditifs\/philips\/hearlink-7010-bte-pp-13\"]}]},{\"@type\":\"ImageObject\",\"inLanguage\":\"fr-BE\",\"@id\":\"https:\/\/www.laboratoires-unisson.com\/fr-be\/produit\/appareils-auditifs\/philips\/hearlink-7010-bte-pp-13#primaryimage\",\"url\":\"https:\/\/www.laboratoires-unisson.com\/wp-content\/uploads\/2022\/05\/hearlink-7010-bte-pp-13.png\",\"contentUrl\":\"https:\/\/www.laboratoires-unisson.com\/wp-content\/uploads\/2022\/05\/hearlink-7010-bte-pp-13.png\",\"width\":450,\"height\":500},{\"@type\":\"BreadcrumbList\",\"@id\":\"https:\/\/www.laboratoires-unisson.com\/fr-be\/produit\/appareils-auditifs\/philips\/hearlink-7010-bte-pp-13#breadcrumb\",\"itemListElement\":[{\"@type\":\"ListItem\",\"position\":1,\"name\":\"Shop\",\"item\":\"https:\/\/www.laboratoires-unisson.com\/fr-be\/shop\"},{\"@type\":\"ListItem\",\"position\":2,\"name\":\"HearLink 7010 BTE PP 13\"}]},{\"@type\":\"WebSite\",\"@id\":\"https:\/\/www.laboratoires-unisson.com\/fr-be#website\",\"url\":\"https:\/\/www.laboratoires-unisson.com\/fr-be\",\"name\":\"Laboratoires Unisson\",\"description\":\"Appareil auditif et proth\u00e8se auditive Moins Cher jusqu&#039;\u00e0 -40%\",\"publisher\":{\"@id\":\"https:\/\/www.laboratoires-unisson.com\/fr-be#organization\"},\"potentialAction\":[{\"@type\":\"SearchAction\",\"target\":{\"@type\":\"EntryPoint\",\"urlTemplate\":\"https:\/\/www.laboratoires-unisson.com\/fr-be?s={search_term_string}\"},\"query-input\":{\"@type\":\"PropertyValueSpecification\",\"valueRequired\":true,\"valueName\":\"search_term_string\"}}],\"inLanguage\":\"fr-BE\"},{\"@type\":\"Organization\",\"@id\":\"https:\/\/www.laboratoires-unisson.com\/fr-be#organization\",\"name\":\"Laboratoires Unisson\",\"url\":\"https:\/\/www.laboratoires-unisson.com\/fr-be\",\"logo\":{\"@type\":\"ImageObject\",\"inLanguage\":\"fr-BE\",\"@id\":\"https:\/\/www.laboratoires-unisson.com\/fr-be#\/schema\/logo\/image\/\",\"url\":\"https:\/\/www.laboratoires-unisson.com\/wp-content\/uploads\/2022\/01\/logo-unisson.svg\",\"contentUrl\":\"https:\/\/www.laboratoires-unisson.com\/wp-content\/uploads\/2022\/01\/logo-unisson.svg\",\"width\":1,\"height\":1,\"caption\":\"Laboratoires Unisson\"},\"image\":{\"@id\":\"https:\/\/www.laboratoires-unisson.com\/fr-be#\/schema\/logo\/image\/\"}}]}<\/script>\n<!-- \/ Yoast SEO plugin. -->","yoast_head_json":{"title":"Appareil auditif Philips HearLink 7010 BTE PP 13 \u00e0 1900\u20ac - Unisson Belgique","description":"L\u2019aide auditive Philips HearLink BTE PP 7010\u00a0est \u00e9quip\u00e9e d\u2019une\u00a0bobine \u00e0 induction\u00a0(position T) et d\u2019un\u00a0double bouton poussoir. Elle dispose de\u00a014","robots":{"index":"index","follow":"follow","max-snippet":"max-snippet:-1","max-image-preview":"max-image-preview:large","max-video-preview":"max-video-preview:-1"},"canonical":"https:\/\/www.laboratoires-unisson.com\/fr-be\/wp-json\/wp\/v2\/product\/24056","og_locale":"fr_FR","og_type":"article","og_title":"HearLink 7010 BTE PP 13 - Laboratoires Unisson","og_description":"L\u2019aide auditive Philips HearLink BTE PP 7010\u00a0est \u00e9quip\u00e9e d\u2019une\u00a0bobine \u00e0 induction\u00a0(position T) et d\u2019un\u00a0double bouton poussoir. Elle dispose de\u00a014","og_url":"https:\/\/www.laboratoires-unisson.com\/fr-be\/produit\/appareils-auditifs\/philips\/hearlink-7010-bte-pp-13","og_site_name":"Laboratoires Unisson","article_modified_time":"2025-12-03T09:07:50+00:00","og_image":[{"width":450,"height":500,"url":"https:\/\/www.laboratoires-unisson.com\/wp-content\/uploads\/2022\/05\/hearlink-7010-bte-pp-13.png","type":"image\/png"}],"twitter_card":"summary_large_image","twitter_misc":{"Est. reading time":"1 minute"},"schema":{"@context":"https:\/\/schema.org","@graph":[{"@type":"WebPage","@id":"https:\/\/www.laboratoires-unisson.com\/fr-be\/produit\/appareils-auditifs\/philips\/hearlink-7010-bte-pp-13","url":"https:\/\/www.laboratoires-unisson.com\/fr-be\/produit\/appareils-auditifs\/philips\/hearlink-7010-bte-pp-13","name":"HearLink 7010 BTE PP 13 - Laboratoires Unisson","isPartOf":{"@id":"https:\/\/www.laboratoires-unisson.com\/fr-be#website"},"primaryImageOfPage":{"@id":"https:\/\/www.laboratoires-unisson.com\/fr-be\/produit\/appareils-auditifs\/philips\/hearlink-7010-bte-pp-13#primaryimage"},"image":{"@id":"https:\/\/www.laboratoires-unisson.com\/fr-be\/produit\/appareils-auditifs\/philips\/hearlink-7010-bte-pp-13#primaryimage"},"thumbnailUrl":"https:\/\/www.laboratoires-unisson.com\/wp-content\/uploads\/2022\/05\/hearlink-7010-bte-pp-13.png","datePublished":"2022-05-02T12:47:57+00:00","dateModified":"2025-12-03T09:07:50+00:00","description":"L\u2019aide auditive Philips HearLink BTE PP 7010\u00a0est \u00e9quip\u00e9e d\u2019une\u00a0bobine \u00e0 induction\u00a0(position T) et d\u2019un\u00a0double bouton poussoir. Elle dispose de\u00a014","breadcrumb":{"@id":"https:\/\/www.laboratoires-unisson.com\/fr-be\/produit\/appareils-auditifs\/philips\/hearlink-7010-bte-pp-13#breadcrumb"},"inLanguage":"fr-BE","potentialAction":[{"@type":"ReadAction","target":["https:\/\/www.laboratoires-unisson.com\/fr-be\/produit\/appareils-auditifs\/philips\/hearlink-7010-bte-pp-13"]}]},{"@type":"ImageObject","inLanguage":"fr-BE","@id":"https:\/\/www.laboratoires-unisson.com\/fr-be\/produit\/appareils-auditifs\/philips\/hearlink-7010-bte-pp-13#primaryimage","url":"https:\/\/www.laboratoires-unisson.com\/wp-content\/uploads\/2022\/05\/hearlink-7010-bte-pp-13.png","contentUrl":"https:\/\/www.laboratoires-unisson.com\/wp-content\/uploads\/2022\/05\/hearlink-7010-bte-pp-13.png","width":450,"height":500},{"@type":"BreadcrumbList","@id":"https:\/\/www.laboratoires-unisson.com\/fr-be\/produit\/appareils-auditifs\/philips\/hearlink-7010-bte-pp-13#breadcrumb","itemListElement":[{"@type":"ListItem","position":1,"name":"Shop","item":"https:\/\/www.laboratoires-unisson.com\/fr-be\/shop"},{"@type":"ListItem","position":2,"name":"HearLink 7010 BTE PP 13"}]},{"@type":"WebSite","@id":"https:\/\/www.laboratoires-unisson.com\/fr-be#website","url":"https:\/\/www.laboratoires-unisson.com\/fr-be","name":"Laboratoires Unisson","description":"Appareil auditif et proth\u00e8se auditive Moins Cher jusqu&#039;\u00e0 -40%","publisher":{"@id":"https:\/\/www.laboratoires-unisson.com\/fr-be#organization"},"potentialAction":[{"@type":"SearchAction","target":{"@type":"EntryPoint","urlTemplate":"https:\/\/www.laboratoires-unisson.com\/fr-be?s={search_term_string}"},"query-input":{"@type":"PropertyValueSpecification","valueRequired":true,"valueName":"search_term_string"}}],"inLanguage":"fr-BE"},{"@type":"Organization","@id":"https:\/\/www.laboratoires-unisson.com\/fr-be#organization","name":"Laboratoires Unisson","url":"https:\/\/www.laboratoires-unisson.com\/fr-be","logo":{"@type":"ImageObject","inLanguage":"fr-BE","@id":"https:\/\/www.laboratoires-unisson.com\/fr-be#\/schema\/logo\/image\/","url":"https:\/\/www.laboratoires-unisson.com\/wp-content\/uploads\/2022\/01\/logo-unisson.svg","contentUrl":"https:\/\/www.laboratoires-unisson.com\/wp-content\/uploads\/2022\/01\/logo-unisson.svg","width":1,"height":1,"caption":"Laboratoires Unisson"},"image":{"@id":"https:\/\/www.laboratoires-unisson.com\/fr-be#\/schema\/logo\/image\/"}}]}},"_links":{"self":[{"href":"https:\/\/www.laboratoires-unisson.com\/fr-be\/wp-json\/wp\/v2\/product\/24056","targetHints":{"allow":["GET"]}}],"collection":[{"href":"https:\/\/www.laboratoires-unisson.com\/fr-be\/wp-json\/wp\/v2\/product"}],"about":[{"href":"https:\/\/www.laboratoires-unisson.com\/fr-be\/wp-json\/wp\/v2\/types\/product"}],"wp:featuredmedia":[{"embeddable":true,"href":"https:\/\/www.laboratoires-unisson.com\/fr-be\/wp-json\/wp\/v2\/media\/19195"}],"wp:attachment":[{"href":"https:\/\/www.laboratoires-unisson.com\/fr-be\/wp-json\/wp\/v2\/media?parent=24056"}],"wp:term":[{"taxonomy":"product_brand","embeddable":true,"href":"https:\/\/www.laboratoires-unisson.com\/fr-be\/wp-json\/wp\/v2\/product_brand?post=24056"},{"taxonomy":"product_cat","embeddable":true,"href":"https:\/\/www.laboratoires-unisson.com\/fr-be\/wp-json\/wp\/v2\/product_cat?post=24056"},{"taxonomy":"product_tag","embeddable":true,"href":"https:\/\/www.laboratoires-unisson.com\/fr-be\/wp-json\/wp\/v2\/product_tag?post=24056"}],"curies":[{"name":"wp","href":"https:\/\/api.w.org\/{rel}","templated":true}]}}