{"id":24059,"date":"2022-05-02T14:47:52","date_gmt":"2022-05-02T12:47:52","guid":{"rendered":"https:\/\/www.laboratoires-unisson.com\/produit\/hearlink-7010-minirite-t-r"},"modified":"2025-12-03T10:07:52","modified_gmt":"2025-12-03T09:07:52","slug":"hearlink-7010-minirite-t-r","status":"publish","type":"product","link":"https:\/\/www.laboratoires-unisson.com\/fr-be\/produit\/appareils-auditifs\/philips\/hearlink-7010-minirite-t-r","title":{"rendered":"HearLink 7010 miniRITE T R"},"content":{"rendered":"<p><span style=\"font-family: Arial, sans-serif;\">\u00c9quip\u00e9e<\/span><span style=\"font-family: Arial, sans-serif;\">\u00a0d\u2019une\u00a0<strong>bobine \u00e0 induction<\/strong>\u00a0(position T) et d\u2019un\u00a0<strong>double bouton poussoir<\/strong>, l\u2019aide auditive Philips HearLink miniRITE T R 7010 est tr\u00e8s\u00a0<strong>ergonomique<\/strong>.<\/span><\/p>\n<p><span style=\"font-family: Arial, sans-serif;\">La miniRITE T R 7010 se compose de\u00a0<strong>14 canaux<\/strong>\u00a0et sa bande passante est limit\u00e9e \u00e0 8KHz (10KHz pour le mod\u00e8le haut de gamme). La technologie SoundMap permet de\u00a0<strong>r\u00e9duire efficacement le Larsen<\/strong>.<\/span><\/p>\n<p><span style=\"font-family: Arial, sans-serif;\">C\u2019est un mod\u00e8le en contour d\u2019oreille\u00a0<strong>rechargeable<\/strong>\u00a0avec une batterie Lithium-ion. Cette aide auditive peut \u00eatre \u00e9quip\u00e9e de diff\u00e9rents \u00e9couteurs.<\/span><\/p>\n<p><span style=\"font-family: Arial, sans-serif;\"><strong>La charge prend seulement 3h<\/strong>\u00a0pour une journ\u00e9e compl\u00e8te d\u2019utilisation. Gr\u00e2ce \u00e0 son esth\u00e9tisme, le chargeur s\u2019adapte \u00e0 tout environnement. Dot\u00e9 d\u2019un port USB 2.0, c\u2019est une solution id\u00e9ale pour voyager.<\/span><\/p>\n<p><span style=\"font-family: Arial, sans-serif;\">Cet appareil auditif a \u00e9t\u00e9 con\u00e7u pour iPhone. L\u2019<strong>application mobile Philips HearLink<\/strong>, disponible sur iOS et Android vous permet de connecter vos aides auditives \u00e0 votre smartphone.<\/span><\/p>\n<p><span style=\"font-family: Arial, sans-serif;\">Existe en 6 couleurs : beige, marron, taupe, gris, anthracite et noir<\/span><\/p>\n<p><strong><span style=\"font-family: Arial, sans-serif;\">Prenez RDV d\u00e8s maintenant\u00a0<\/span><\/strong><span style=\"font-family: Arial, sans-serif;\">avec l&#8217;un de nos audioproth\u00e9sistes dipl\u00f4m\u00e9s d&#8217;\u00c9tat :\u00a0<a href=\"https:\/\/www.laboratoires-unisson.com\/fr-be\/rdv\"><span style=\"color: #26b7ca;\">Je prends rendez-vous<\/span><\/a><\/span><\/p>\n","protected":false},"excerpt":{"rendered":"<p>\u00c9quip\u00e9e\u00a0d\u2019une\u00a0bobine \u00e0 induction\u00a0(position T) et d\u2019un\u00a0double bouton poussoir, l\u2019aide auditive Philips HearLink miniRITE T R 7010 est tr\u00e8s\u00a0ergonomique. La miniRITE T R 7010 se compose de\u00a014 canaux\u00a0et sa bande passante est limit\u00e9e \u00e0 8KHz (10KHz pour le mod\u00e8le haut de gamme). La technologie SoundMap permet de\u00a0r\u00e9duire efficacement le Larsen. C\u2019est un mod\u00e8le en contour d\u2019oreille\u00a0rechargeable\u00a0avec [&hellip;]<\/p>\n","protected":false},"featured_media":19192,"template":"","meta":{"_acf_changed":false},"product_brand":[],"product_cat":[3095],"product_tag":[],"class_list":{"0":"post-24059","1":"product","2":"type-product","3":"status-publish","4":"has-post-thumbnail","6":"product_cat-philips-fr-be","8":"first","9":"instock","10":"taxable","11":"shipping-taxable","12":"purchasable","13":"product-type-simple"},"acf":[],"yoast_head":"<!-- This site is optimized with the Yoast SEO plugin v27.1.1 - https:\/\/yoast.com\/product\/yoast-seo-wordpress\/ -->\n<title>Appareil auditif Philips HearLink 7010 miniRITE T R \u00e0 1900\u20ac - Unisson Belgique<\/title>\n<meta name=\"description\" content=\"\u00c9quip\u00e9e\u00a0d\u2019une\u00a0bobine \u00e0 induction\u00a0(position T) et d\u2019un\u00a0double bouton poussoir, l\u2019aide auditive Philips HearLink miniRITE T R 7010 est tr\u00e8s\u00a0ergonomique. La\" \/>\n<meta name=\"robots\" content=\"index, follow, max-snippet:-1, max-image-preview:large, max-video-preview:-1\" \/>\n<link rel=\"canonical\" href=\"https:\/\/www.laboratoires-unisson.com\/fr-be\/wp-json\/wp\/v2\/product\/24059\" \/>\n<meta property=\"og:locale\" content=\"fr_FR\" \/>\n<meta property=\"og:type\" content=\"article\" \/>\n<meta property=\"og:title\" content=\"HearLink 7010 miniRITE T R - Laboratoires Unisson\" \/>\n<meta property=\"og:description\" content=\"\u00c9quip\u00e9e\u00a0d\u2019une\u00a0bobine \u00e0 induction\u00a0(position T) et d\u2019un\u00a0double bouton poussoir, l\u2019aide auditive Philips HearLink miniRITE T R 7010 est tr\u00e8s\u00a0ergonomique. La\" \/>\n<meta property=\"og:url\" content=\"https:\/\/www.laboratoires-unisson.com\/fr-be\/produit\/appareils-auditifs\/philips\/hearlink-7010-minirite-t-r\" \/>\n<meta property=\"og:site_name\" content=\"Laboratoires Unisson\" \/>\n<meta property=\"article:modified_time\" content=\"2025-12-03T09:07:52+00:00\" \/>\n<meta property=\"og:image\" content=\"https:\/\/www.laboratoires-unisson.com\/wp-content\/uploads\/2022\/05\/hearlink-7010-minirite-t-r.png\" \/>\n\t<meta property=\"og:image:width\" content=\"450\" \/>\n\t<meta property=\"og:image:height\" content=\"500\" \/>\n\t<meta property=\"og:image:type\" content=\"image\/png\" \/>\n<meta name=\"twitter:card\" content=\"summary_large_image\" \/>\n<meta name=\"twitter:label1\" content=\"Est. reading time\" \/>\n\t<meta name=\"twitter:data1\" content=\"2 minutes\" \/>\n<script type=\"application\/ld+json\" class=\"yoast-schema-graph\">{\"@context\":\"https:\/\/schema.org\",\"@graph\":[{\"@type\":\"WebPage\",\"@id\":\"https:\/\/www.laboratoires-unisson.com\/fr-be\/produit\/appareils-auditifs\/philips\/hearlink-7010-minirite-t-r\",\"url\":\"https:\/\/www.laboratoires-unisson.com\/fr-be\/produit\/appareils-auditifs\/philips\/hearlink-7010-minirite-t-r\",\"name\":\"HearLink 7010 miniRITE T R - Laboratoires Unisson\",\"isPartOf\":{\"@id\":\"https:\/\/www.laboratoires-unisson.com\/fr-be#website\"},\"primaryImageOfPage\":{\"@id\":\"https:\/\/www.laboratoires-unisson.com\/fr-be\/produit\/appareils-auditifs\/philips\/hearlink-7010-minirite-t-r#primaryimage\"},\"image\":{\"@id\":\"https:\/\/www.laboratoires-unisson.com\/fr-be\/produit\/appareils-auditifs\/philips\/hearlink-7010-minirite-t-r#primaryimage\"},\"thumbnailUrl\":\"https:\/\/www.laboratoires-unisson.com\/wp-content\/uploads\/2022\/05\/hearlink-7010-minirite-t-r.png\",\"datePublished\":\"2022-05-02T12:47:52+00:00\",\"dateModified\":\"2025-12-03T09:07:52+00:00\",\"description\":\"\u00c9quip\u00e9e\u00a0d\u2019une\u00a0bobine \u00e0 induction\u00a0(position T) et d\u2019un\u00a0double bouton poussoir, l\u2019aide auditive Philips HearLink miniRITE T R 7010 est tr\u00e8s\u00a0ergonomique. La\",\"breadcrumb\":{\"@id\":\"https:\/\/www.laboratoires-unisson.com\/fr-be\/produit\/appareils-auditifs\/philips\/hearlink-7010-minirite-t-r#breadcrumb\"},\"inLanguage\":\"fr-BE\",\"potentialAction\":[{\"@type\":\"ReadAction\",\"target\":[\"https:\/\/www.laboratoires-unisson.com\/fr-be\/produit\/appareils-auditifs\/philips\/hearlink-7010-minirite-t-r\"]}]},{\"@type\":\"ImageObject\",\"inLanguage\":\"fr-BE\",\"@id\":\"https:\/\/www.laboratoires-unisson.com\/fr-be\/produit\/appareils-auditifs\/philips\/hearlink-7010-minirite-t-r#primaryimage\",\"url\":\"https:\/\/www.laboratoires-unisson.com\/wp-content\/uploads\/2022\/05\/hearlink-7010-minirite-t-r.png\",\"contentUrl\":\"https:\/\/www.laboratoires-unisson.com\/wp-content\/uploads\/2022\/05\/hearlink-7010-minirite-t-r.png\",\"width\":450,\"height\":500},{\"@type\":\"BreadcrumbList\",\"@id\":\"https:\/\/www.laboratoires-unisson.com\/fr-be\/produit\/appareils-auditifs\/philips\/hearlink-7010-minirite-t-r#breadcrumb\",\"itemListElement\":[{\"@type\":\"ListItem\",\"position\":1,\"name\":\"Shop\",\"item\":\"https:\/\/www.laboratoires-unisson.com\/fr-be\/shop\"},{\"@type\":\"ListItem\",\"position\":2,\"name\":\"HearLink 7010 miniRITE T R\"}]},{\"@type\":\"WebSite\",\"@id\":\"https:\/\/www.laboratoires-unisson.com\/fr-be#website\",\"url\":\"https:\/\/www.laboratoires-unisson.com\/fr-be\",\"name\":\"Laboratoires Unisson\",\"description\":\"Appareil auditif et proth\u00e8se auditive Moins Cher jusqu&#039;\u00e0 -40%\",\"publisher\":{\"@id\":\"https:\/\/www.laboratoires-unisson.com\/fr-be#organization\"},\"potentialAction\":[{\"@type\":\"SearchAction\",\"target\":{\"@type\":\"EntryPoint\",\"urlTemplate\":\"https:\/\/www.laboratoires-unisson.com\/fr-be?s={search_term_string}\"},\"query-input\":{\"@type\":\"PropertyValueSpecification\",\"valueRequired\":true,\"valueName\":\"search_term_string\"}}],\"inLanguage\":\"fr-BE\"},{\"@type\":\"Organization\",\"@id\":\"https:\/\/www.laboratoires-unisson.com\/fr-be#organization\",\"name\":\"Laboratoires Unisson\",\"url\":\"https:\/\/www.laboratoires-unisson.com\/fr-be\",\"logo\":{\"@type\":\"ImageObject\",\"inLanguage\":\"fr-BE\",\"@id\":\"https:\/\/www.laboratoires-unisson.com\/fr-be#\/schema\/logo\/image\/\",\"url\":\"https:\/\/www.laboratoires-unisson.com\/wp-content\/uploads\/2022\/01\/logo-unisson.svg\",\"contentUrl\":\"https:\/\/www.laboratoires-unisson.com\/wp-content\/uploads\/2022\/01\/logo-unisson.svg\",\"width\":1,\"height\":1,\"caption\":\"Laboratoires Unisson\"},\"image\":{\"@id\":\"https:\/\/www.laboratoires-unisson.com\/fr-be#\/schema\/logo\/image\/\"}}]}<\/script>\n<!-- \/ Yoast SEO plugin. -->","yoast_head_json":{"title":"Appareil auditif Philips HearLink 7010 miniRITE T R \u00e0 1900\u20ac - Unisson Belgique","description":"\u00c9quip\u00e9e\u00a0d\u2019une\u00a0bobine \u00e0 induction\u00a0(position T) et d\u2019un\u00a0double bouton poussoir, l\u2019aide auditive Philips HearLink miniRITE T R 7010 est tr\u00e8s\u00a0ergonomique. La","robots":{"index":"index","follow":"follow","max-snippet":"max-snippet:-1","max-image-preview":"max-image-preview:large","max-video-preview":"max-video-preview:-1"},"canonical":"https:\/\/www.laboratoires-unisson.com\/fr-be\/wp-json\/wp\/v2\/product\/24059","og_locale":"fr_FR","og_type":"article","og_title":"HearLink 7010 miniRITE T R - Laboratoires Unisson","og_description":"\u00c9quip\u00e9e\u00a0d\u2019une\u00a0bobine \u00e0 induction\u00a0(position T) et d\u2019un\u00a0double bouton poussoir, l\u2019aide auditive Philips HearLink miniRITE T R 7010 est tr\u00e8s\u00a0ergonomique. La","og_url":"https:\/\/www.laboratoires-unisson.com\/fr-be\/produit\/appareils-auditifs\/philips\/hearlink-7010-minirite-t-r","og_site_name":"Laboratoires Unisson","article_modified_time":"2025-12-03T09:07:52+00:00","og_image":[{"width":450,"height":500,"url":"https:\/\/www.laboratoires-unisson.com\/wp-content\/uploads\/2022\/05\/hearlink-7010-minirite-t-r.png","type":"image\/png"}],"twitter_card":"summary_large_image","twitter_misc":{"Est. reading time":"2 minutes"},"schema":{"@context":"https:\/\/schema.org","@graph":[{"@type":"WebPage","@id":"https:\/\/www.laboratoires-unisson.com\/fr-be\/produit\/appareils-auditifs\/philips\/hearlink-7010-minirite-t-r","url":"https:\/\/www.laboratoires-unisson.com\/fr-be\/produit\/appareils-auditifs\/philips\/hearlink-7010-minirite-t-r","name":"HearLink 7010 miniRITE T R - Laboratoires Unisson","isPartOf":{"@id":"https:\/\/www.laboratoires-unisson.com\/fr-be#website"},"primaryImageOfPage":{"@id":"https:\/\/www.laboratoires-unisson.com\/fr-be\/produit\/appareils-auditifs\/philips\/hearlink-7010-minirite-t-r#primaryimage"},"image":{"@id":"https:\/\/www.laboratoires-unisson.com\/fr-be\/produit\/appareils-auditifs\/philips\/hearlink-7010-minirite-t-r#primaryimage"},"thumbnailUrl":"https:\/\/www.laboratoires-unisson.com\/wp-content\/uploads\/2022\/05\/hearlink-7010-minirite-t-r.png","datePublished":"2022-05-02T12:47:52+00:00","dateModified":"2025-12-03T09:07:52+00:00","description":"\u00c9quip\u00e9e\u00a0d\u2019une\u00a0bobine \u00e0 induction\u00a0(position T) et d\u2019un\u00a0double bouton poussoir, l\u2019aide auditive Philips HearLink miniRITE T R 7010 est tr\u00e8s\u00a0ergonomique. La","breadcrumb":{"@id":"https:\/\/www.laboratoires-unisson.com\/fr-be\/produit\/appareils-auditifs\/philips\/hearlink-7010-minirite-t-r#breadcrumb"},"inLanguage":"fr-BE","potentialAction":[{"@type":"ReadAction","target":["https:\/\/www.laboratoires-unisson.com\/fr-be\/produit\/appareils-auditifs\/philips\/hearlink-7010-minirite-t-r"]}]},{"@type":"ImageObject","inLanguage":"fr-BE","@id":"https:\/\/www.laboratoires-unisson.com\/fr-be\/produit\/appareils-auditifs\/philips\/hearlink-7010-minirite-t-r#primaryimage","url":"https:\/\/www.laboratoires-unisson.com\/wp-content\/uploads\/2022\/05\/hearlink-7010-minirite-t-r.png","contentUrl":"https:\/\/www.laboratoires-unisson.com\/wp-content\/uploads\/2022\/05\/hearlink-7010-minirite-t-r.png","width":450,"height":500},{"@type":"BreadcrumbList","@id":"https:\/\/www.laboratoires-unisson.com\/fr-be\/produit\/appareils-auditifs\/philips\/hearlink-7010-minirite-t-r#breadcrumb","itemListElement":[{"@type":"ListItem","position":1,"name":"Shop","item":"https:\/\/www.laboratoires-unisson.com\/fr-be\/shop"},{"@type":"ListItem","position":2,"name":"HearLink 7010 miniRITE T R"}]},{"@type":"WebSite","@id":"https:\/\/www.laboratoires-unisson.com\/fr-be#website","url":"https:\/\/www.laboratoires-unisson.com\/fr-be","name":"Laboratoires Unisson","description":"Appareil auditif et proth\u00e8se auditive Moins Cher jusqu&#039;\u00e0 -40%","publisher":{"@id":"https:\/\/www.laboratoires-unisson.com\/fr-be#organization"},"potentialAction":[{"@type":"SearchAction","target":{"@type":"EntryPoint","urlTemplate":"https:\/\/www.laboratoires-unisson.com\/fr-be?s={search_term_string}"},"query-input":{"@type":"PropertyValueSpecification","valueRequired":true,"valueName":"search_term_string"}}],"inLanguage":"fr-BE"},{"@type":"Organization","@id":"https:\/\/www.laboratoires-unisson.com\/fr-be#organization","name":"Laboratoires Unisson","url":"https:\/\/www.laboratoires-unisson.com\/fr-be","logo":{"@type":"ImageObject","inLanguage":"fr-BE","@id":"https:\/\/www.laboratoires-unisson.com\/fr-be#\/schema\/logo\/image\/","url":"https:\/\/www.laboratoires-unisson.com\/wp-content\/uploads\/2022\/01\/logo-unisson.svg","contentUrl":"https:\/\/www.laboratoires-unisson.com\/wp-content\/uploads\/2022\/01\/logo-unisson.svg","width":1,"height":1,"caption":"Laboratoires Unisson"},"image":{"@id":"https:\/\/www.laboratoires-unisson.com\/fr-be#\/schema\/logo\/image\/"}}]}},"_links":{"self":[{"href":"https:\/\/www.laboratoires-unisson.com\/fr-be\/wp-json\/wp\/v2\/product\/24059","targetHints":{"allow":["GET"]}}],"collection":[{"href":"https:\/\/www.laboratoires-unisson.com\/fr-be\/wp-json\/wp\/v2\/product"}],"about":[{"href":"https:\/\/www.laboratoires-unisson.com\/fr-be\/wp-json\/wp\/v2\/types\/product"}],"wp:featuredmedia":[{"embeddable":true,"href":"https:\/\/www.laboratoires-unisson.com\/fr-be\/wp-json\/wp\/v2\/media\/19192"}],"wp:attachment":[{"href":"https:\/\/www.laboratoires-unisson.com\/fr-be\/wp-json\/wp\/v2\/media?parent=24059"}],"wp:term":[{"taxonomy":"product_brand","embeddable":true,"href":"https:\/\/www.laboratoires-unisson.com\/fr-be\/wp-json\/wp\/v2\/product_brand?post=24059"},{"taxonomy":"product_cat","embeddable":true,"href":"https:\/\/www.laboratoires-unisson.com\/fr-be\/wp-json\/wp\/v2\/product_cat?post=24059"},{"taxonomy":"product_tag","embeddable":true,"href":"https:\/\/www.laboratoires-unisson.com\/fr-be\/wp-json\/wp\/v2\/product_tag?post=24059"}],"curies":[{"name":"wp","href":"https:\/\/api.w.org\/{rel}","templated":true}]}}