{"id":24061,"date":"2022-05-02T14:47:59","date_gmt":"2022-05-02T12:47:59","guid":{"rendered":"https:\/\/www.laboratoires-unisson.com\/produit\/hearlink-7020-bte-up-675"},"modified":"2025-12-03T10:07:53","modified_gmt":"2025-12-03T09:07:53","slug":"hearlink-7020-bte-up-675","status":"publish","type":"product","link":"https:\/\/www.laboratoires-unisson.com\/fr-be\/produit\/appareils-auditifs\/philips\/hearlink-7020-bte-up-675","title":{"rendered":"HearLink 7020 BTE UP 675"},"content":{"rendered":"<p>L&#8217;aide auditive Philips HearLink 7020 BTE UP est un appareil en <strong>contour d&#8217;oreille BTE de classe II<\/strong>\u00a0et <strong>connect\u00e9<\/strong> (made for iPhone). Il est recommand\u00e9 pour les patients ayant une <strong>perte auditive s\u00e9v\u00e8re \u00e0 profonde<\/strong>.<\/p>\n<p>Il poss\u00e8de 16 bandes, une bobine \u00e0 induction, un bouton poussoir simple et un double bouton poussoir pour faciliter le r\u00e9glage du volume et le changement de programme. Il fonctionne avec des piles auditives 675 <em>(autonomie moyenne de 200h)<\/em> et est certifi\u00e9 IP68.<\/p>\n<p>L&#8217;appareil auditif Philips HearLink 7020 BTE UP est compatible avec plusieurs <strong>accessoires<\/strong> qui enrichiront votre exp\u00e9rience auditive :<\/p>\n<ul>\n<li>Adaptateur TV : cet adaptateur vous permet de diffuser le son de votre TV directement dans vos aides auditives<\/li>\n<li>AudioClip : accessoire sans fil tr\u00e8s discret qui vous permet de communiquer en mode main libre avec votre smartphone (autonomie de 15h)<\/li>\n<li>T\u00e9l\u00e9commande : r\u00e9glez le volume de vos appareils auditifs en toute discr\u00e9tion gr\u00e2ce \u00e0 cette t\u00e9l\u00e9commande<\/li>\n<\/ul>\n<p>Les appareils auditifs Philips HearLink sont compatibles avec l&#8217;<strong>application mobile Philips HearLink<\/strong> et vous offre de nombreuses fonctionnalit\u00e9s : changement de programme, r\u00e9glage de volume, streaming, suivi \u00e9tat de charge, syst\u00e8me de localisation de vos aides&#8230;<\/p>\n<h4>Les fonctionnalit\u00e9s de l&#8217;aide auditive Philips HearLink 7020 BTE UP<\/h4>\n<ul>\n<li>16 bandes<\/li>\n<li>Connexion Bluetooth<\/li>\n<li>Made for iPhone<\/li>\n<li>R\u00e9ducteur de sifflements<\/li>\n<li>Bobine T<\/li>\n<li>Bouton poussoir<\/li>\n<li>Certifi\u00e9 IP68<\/li>\n<li>Pile auditive 675<\/li>\n<\/ul>\n","protected":false},"excerpt":{"rendered":"<p>L&#8217;aide auditive Philips HearLink 7020 BTE UP est un appareil en contour d&#8217;oreille BTE de classe II\u00a0et connect\u00e9 (made for iPhone). Il est recommand\u00e9 pour les patients ayant une perte auditive s\u00e9v\u00e8re \u00e0 profonde. Il poss\u00e8de 16 bandes, une bobine \u00e0 induction, un bouton poussoir simple et un double bouton poussoir pour faciliter le r\u00e9glage [&hellip;]<\/p>\n","protected":false},"featured_media":19196,"template":"","meta":{"_acf_changed":false},"product_brand":[],"product_cat":[3095],"product_tag":[],"class_list":{"0":"post-24061","1":"product","2":"type-product","3":"status-publish","4":"has-post-thumbnail","6":"product_cat-philips-fr-be","8":"first","9":"instock","10":"taxable","11":"shipping-taxable","12":"purchasable","13":"product-type-simple"},"acf":[],"yoast_head":"<!-- This site is optimized with the Yoast SEO plugin v27.1.1 - https:\/\/yoast.com\/product\/yoast-seo-wordpress\/ -->\n<title>Appareil auditif Philips HearLink 7020 BTE UP 675 \u00e0 1900\u20ac - Unisson Belgique<\/title>\n<meta name=\"description\" content=\"L&#039;aide auditive Philips HearLink 7020 BTE UP est un appareil en contour d&#039;oreille BTE de classe II\u00a0et connect\u00e9 (made for iPhone). Il est recommand\u00e9 pour\" \/>\n<meta name=\"robots\" content=\"index, follow, max-snippet:-1, max-image-preview:large, max-video-preview:-1\" \/>\n<link rel=\"canonical\" href=\"https:\/\/www.laboratoires-unisson.com\/fr-be\/wp-json\/wp\/v2\/product\/24061\" \/>\n<meta property=\"og:locale\" content=\"fr_FR\" \/>\n<meta property=\"og:type\" content=\"article\" \/>\n<meta property=\"og:title\" content=\"HearLink 7020 BTE UP 675 - Laboratoires Unisson\" \/>\n<meta property=\"og:description\" content=\"L&#039;aide auditive Philips HearLink 7020 BTE UP est un appareil en contour d&#039;oreille BTE de classe II\u00a0et connect\u00e9 (made for iPhone). Il est recommand\u00e9 pour\" \/>\n<meta property=\"og:url\" content=\"https:\/\/www.laboratoires-unisson.com\/fr-be\/produit\/appareils-auditifs\/philips\/hearlink-7020-bte-up-675\" \/>\n<meta property=\"og:site_name\" content=\"Laboratoires Unisson\" \/>\n<meta property=\"article:modified_time\" content=\"2025-12-03T09:07:53+00:00\" \/>\n<meta property=\"og:image\" content=\"https:\/\/www.laboratoires-unisson.com\/wp-content\/uploads\/2022\/05\/hearlink-7020-bte-up-675.jpg\" \/>\n\t<meta property=\"og:image:width\" content=\"750\" \/>\n\t<meta property=\"og:image:height\" content=\"500\" \/>\n\t<meta property=\"og:image:type\" content=\"image\/jpeg\" \/>\n<meta name=\"twitter:card\" content=\"summary_large_image\" \/>\n<meta name=\"twitter:label1\" content=\"Est. reading time\" \/>\n\t<meta name=\"twitter:data1\" content=\"2 minutes\" \/>\n<script type=\"application\/ld+json\" class=\"yoast-schema-graph\">{\"@context\":\"https:\/\/schema.org\",\"@graph\":[{\"@type\":\"WebPage\",\"@id\":\"https:\/\/www.laboratoires-unisson.com\/fr-be\/produit\/appareils-auditifs\/philips\/hearlink-7020-bte-up-675\",\"url\":\"https:\/\/www.laboratoires-unisson.com\/fr-be\/produit\/appareils-auditifs\/philips\/hearlink-7020-bte-up-675\",\"name\":\"HearLink 7020 BTE UP 675 - Laboratoires Unisson\",\"isPartOf\":{\"@id\":\"https:\/\/www.laboratoires-unisson.com\/fr-be#website\"},\"primaryImageOfPage\":{\"@id\":\"https:\/\/www.laboratoires-unisson.com\/fr-be\/produit\/appareils-auditifs\/philips\/hearlink-7020-bte-up-675#primaryimage\"},\"image\":{\"@id\":\"https:\/\/www.laboratoires-unisson.com\/fr-be\/produit\/appareils-auditifs\/philips\/hearlink-7020-bte-up-675#primaryimage\"},\"thumbnailUrl\":\"https:\/\/www.laboratoires-unisson.com\/wp-content\/uploads\/2022\/05\/hearlink-7020-bte-up-675.jpg\",\"datePublished\":\"2022-05-02T12:47:59+00:00\",\"dateModified\":\"2025-12-03T09:07:53+00:00\",\"description\":\"L'aide auditive Philips HearLink 7020 BTE UP est un appareil en contour d'oreille BTE de classe II\u00a0et connect\u00e9 (made for iPhone). Il est recommand\u00e9 pour\",\"breadcrumb\":{\"@id\":\"https:\/\/www.laboratoires-unisson.com\/fr-be\/produit\/appareils-auditifs\/philips\/hearlink-7020-bte-up-675#breadcrumb\"},\"inLanguage\":\"fr-BE\",\"potentialAction\":[{\"@type\":\"ReadAction\",\"target\":[\"https:\/\/www.laboratoires-unisson.com\/fr-be\/produit\/appareils-auditifs\/philips\/hearlink-7020-bte-up-675\"]}]},{\"@type\":\"ImageObject\",\"inLanguage\":\"fr-BE\",\"@id\":\"https:\/\/www.laboratoires-unisson.com\/fr-be\/produit\/appareils-auditifs\/philips\/hearlink-7020-bte-up-675#primaryimage\",\"url\":\"https:\/\/www.laboratoires-unisson.com\/wp-content\/uploads\/2022\/05\/hearlink-7020-bte-up-675.jpg\",\"contentUrl\":\"https:\/\/www.laboratoires-unisson.com\/wp-content\/uploads\/2022\/05\/hearlink-7020-bte-up-675.jpg\",\"width\":750,\"height\":500},{\"@type\":\"BreadcrumbList\",\"@id\":\"https:\/\/www.laboratoires-unisson.com\/fr-be\/produit\/appareils-auditifs\/philips\/hearlink-7020-bte-up-675#breadcrumb\",\"itemListElement\":[{\"@type\":\"ListItem\",\"position\":1,\"name\":\"Shop\",\"item\":\"https:\/\/www.laboratoires-unisson.com\/fr-be\/shop\"},{\"@type\":\"ListItem\",\"position\":2,\"name\":\"HearLink 7020 BTE UP 675\"}]},{\"@type\":\"WebSite\",\"@id\":\"https:\/\/www.laboratoires-unisson.com\/fr-be#website\",\"url\":\"https:\/\/www.laboratoires-unisson.com\/fr-be\",\"name\":\"Laboratoires Unisson\",\"description\":\"Appareil auditif et proth\u00e8se auditive Moins Cher jusqu&#039;\u00e0 -40%\",\"publisher\":{\"@id\":\"https:\/\/www.laboratoires-unisson.com\/fr-be#organization\"},\"potentialAction\":[{\"@type\":\"SearchAction\",\"target\":{\"@type\":\"EntryPoint\",\"urlTemplate\":\"https:\/\/www.laboratoires-unisson.com\/fr-be?s={search_term_string}\"},\"query-input\":{\"@type\":\"PropertyValueSpecification\",\"valueRequired\":true,\"valueName\":\"search_term_string\"}}],\"inLanguage\":\"fr-BE\"},{\"@type\":\"Organization\",\"@id\":\"https:\/\/www.laboratoires-unisson.com\/fr-be#organization\",\"name\":\"Laboratoires Unisson\",\"url\":\"https:\/\/www.laboratoires-unisson.com\/fr-be\",\"logo\":{\"@type\":\"ImageObject\",\"inLanguage\":\"fr-BE\",\"@id\":\"https:\/\/www.laboratoires-unisson.com\/fr-be#\/schema\/logo\/image\/\",\"url\":\"https:\/\/www.laboratoires-unisson.com\/wp-content\/uploads\/2022\/01\/logo-unisson.svg\",\"contentUrl\":\"https:\/\/www.laboratoires-unisson.com\/wp-content\/uploads\/2022\/01\/logo-unisson.svg\",\"width\":1,\"height\":1,\"caption\":\"Laboratoires Unisson\"},\"image\":{\"@id\":\"https:\/\/www.laboratoires-unisson.com\/fr-be#\/schema\/logo\/image\/\"}}]}<\/script>\n<!-- \/ Yoast SEO plugin. -->","yoast_head_json":{"title":"Appareil auditif Philips HearLink 7020 BTE UP 675 \u00e0 1900\u20ac - Unisson Belgique","description":"L'aide auditive Philips HearLink 7020 BTE UP est un appareil en contour d'oreille BTE de classe II\u00a0et connect\u00e9 (made for iPhone). Il est recommand\u00e9 pour","robots":{"index":"index","follow":"follow","max-snippet":"max-snippet:-1","max-image-preview":"max-image-preview:large","max-video-preview":"max-video-preview:-1"},"canonical":"https:\/\/www.laboratoires-unisson.com\/fr-be\/wp-json\/wp\/v2\/product\/24061","og_locale":"fr_FR","og_type":"article","og_title":"HearLink 7020 BTE UP 675 - Laboratoires Unisson","og_description":"L'aide auditive Philips HearLink 7020 BTE UP est un appareil en contour d'oreille BTE de classe II\u00a0et connect\u00e9 (made for iPhone). Il est recommand\u00e9 pour","og_url":"https:\/\/www.laboratoires-unisson.com\/fr-be\/produit\/appareils-auditifs\/philips\/hearlink-7020-bte-up-675","og_site_name":"Laboratoires Unisson","article_modified_time":"2025-12-03T09:07:53+00:00","og_image":[{"width":750,"height":500,"url":"https:\/\/www.laboratoires-unisson.com\/wp-content\/uploads\/2022\/05\/hearlink-7020-bte-up-675.jpg","type":"image\/jpeg"}],"twitter_card":"summary_large_image","twitter_misc":{"Est. reading time":"2 minutes"},"schema":{"@context":"https:\/\/schema.org","@graph":[{"@type":"WebPage","@id":"https:\/\/www.laboratoires-unisson.com\/fr-be\/produit\/appareils-auditifs\/philips\/hearlink-7020-bte-up-675","url":"https:\/\/www.laboratoires-unisson.com\/fr-be\/produit\/appareils-auditifs\/philips\/hearlink-7020-bte-up-675","name":"HearLink 7020 BTE UP 675 - Laboratoires Unisson","isPartOf":{"@id":"https:\/\/www.laboratoires-unisson.com\/fr-be#website"},"primaryImageOfPage":{"@id":"https:\/\/www.laboratoires-unisson.com\/fr-be\/produit\/appareils-auditifs\/philips\/hearlink-7020-bte-up-675#primaryimage"},"image":{"@id":"https:\/\/www.laboratoires-unisson.com\/fr-be\/produit\/appareils-auditifs\/philips\/hearlink-7020-bte-up-675#primaryimage"},"thumbnailUrl":"https:\/\/www.laboratoires-unisson.com\/wp-content\/uploads\/2022\/05\/hearlink-7020-bte-up-675.jpg","datePublished":"2022-05-02T12:47:59+00:00","dateModified":"2025-12-03T09:07:53+00:00","description":"L'aide auditive Philips HearLink 7020 BTE UP est un appareil en contour d'oreille BTE de classe II\u00a0et connect\u00e9 (made for iPhone). Il est recommand\u00e9 pour","breadcrumb":{"@id":"https:\/\/www.laboratoires-unisson.com\/fr-be\/produit\/appareils-auditifs\/philips\/hearlink-7020-bte-up-675#breadcrumb"},"inLanguage":"fr-BE","potentialAction":[{"@type":"ReadAction","target":["https:\/\/www.laboratoires-unisson.com\/fr-be\/produit\/appareils-auditifs\/philips\/hearlink-7020-bte-up-675"]}]},{"@type":"ImageObject","inLanguage":"fr-BE","@id":"https:\/\/www.laboratoires-unisson.com\/fr-be\/produit\/appareils-auditifs\/philips\/hearlink-7020-bte-up-675#primaryimage","url":"https:\/\/www.laboratoires-unisson.com\/wp-content\/uploads\/2022\/05\/hearlink-7020-bte-up-675.jpg","contentUrl":"https:\/\/www.laboratoires-unisson.com\/wp-content\/uploads\/2022\/05\/hearlink-7020-bte-up-675.jpg","width":750,"height":500},{"@type":"BreadcrumbList","@id":"https:\/\/www.laboratoires-unisson.com\/fr-be\/produit\/appareils-auditifs\/philips\/hearlink-7020-bte-up-675#breadcrumb","itemListElement":[{"@type":"ListItem","position":1,"name":"Shop","item":"https:\/\/www.laboratoires-unisson.com\/fr-be\/shop"},{"@type":"ListItem","position":2,"name":"HearLink 7020 BTE UP 675"}]},{"@type":"WebSite","@id":"https:\/\/www.laboratoires-unisson.com\/fr-be#website","url":"https:\/\/www.laboratoires-unisson.com\/fr-be","name":"Laboratoires Unisson","description":"Appareil auditif et proth\u00e8se auditive Moins Cher jusqu&#039;\u00e0 -40%","publisher":{"@id":"https:\/\/www.laboratoires-unisson.com\/fr-be#organization"},"potentialAction":[{"@type":"SearchAction","target":{"@type":"EntryPoint","urlTemplate":"https:\/\/www.laboratoires-unisson.com\/fr-be?s={search_term_string}"},"query-input":{"@type":"PropertyValueSpecification","valueRequired":true,"valueName":"search_term_string"}}],"inLanguage":"fr-BE"},{"@type":"Organization","@id":"https:\/\/www.laboratoires-unisson.com\/fr-be#organization","name":"Laboratoires Unisson","url":"https:\/\/www.laboratoires-unisson.com\/fr-be","logo":{"@type":"ImageObject","inLanguage":"fr-BE","@id":"https:\/\/www.laboratoires-unisson.com\/fr-be#\/schema\/logo\/image\/","url":"https:\/\/www.laboratoires-unisson.com\/wp-content\/uploads\/2022\/01\/logo-unisson.svg","contentUrl":"https:\/\/www.laboratoires-unisson.com\/wp-content\/uploads\/2022\/01\/logo-unisson.svg","width":1,"height":1,"caption":"Laboratoires Unisson"},"image":{"@id":"https:\/\/www.laboratoires-unisson.com\/fr-be#\/schema\/logo\/image\/"}}]}},"_links":{"self":[{"href":"https:\/\/www.laboratoires-unisson.com\/fr-be\/wp-json\/wp\/v2\/product\/24061","targetHints":{"allow":["GET"]}}],"collection":[{"href":"https:\/\/www.laboratoires-unisson.com\/fr-be\/wp-json\/wp\/v2\/product"}],"about":[{"href":"https:\/\/www.laboratoires-unisson.com\/fr-be\/wp-json\/wp\/v2\/types\/product"}],"wp:featuredmedia":[{"embeddable":true,"href":"https:\/\/www.laboratoires-unisson.com\/fr-be\/wp-json\/wp\/v2\/media\/19196"}],"wp:attachment":[{"href":"https:\/\/www.laboratoires-unisson.com\/fr-be\/wp-json\/wp\/v2\/media?parent=24061"}],"wp:term":[{"taxonomy":"product_brand","embeddable":true,"href":"https:\/\/www.laboratoires-unisson.com\/fr-be\/wp-json\/wp\/v2\/product_brand?post=24061"},{"taxonomy":"product_cat","embeddable":true,"href":"https:\/\/www.laboratoires-unisson.com\/fr-be\/wp-json\/wp\/v2\/product_cat?post=24061"},{"taxonomy":"product_tag","embeddable":true,"href":"https:\/\/www.laboratoires-unisson.com\/fr-be\/wp-json\/wp\/v2\/product_tag?post=24061"}],"curies":[{"name":"wp","href":"https:\/\/api.w.org\/{rel}","templated":true}]}}