{"id":24063,"date":"2022-05-02T14:48:18","date_gmt":"2022-05-02T12:48:18","guid":{"rendered":"https:\/\/www.laboratoires-unisson.com\/produit\/hearlink-9010-bte-pp-13"},"modified":"2025-12-03T10:07:53","modified_gmt":"2025-12-03T09:07:53","slug":"hearlink-9010-bte-pp-13","status":"publish","type":"product","link":"https:\/\/www.laboratoires-unisson.com\/fr-be\/produit\/appareils-auditifs\/philips\/hearlink-9010-bte-pp-13","title":{"rendered":"HearLink 9010 BTE PP 13"},"content":{"rendered":"<p><strong>Philips<\/strong> vous propose son premier contour BTE gros-tube, le <strong>BTE PP 9010<\/strong>. Id\u00e9al pour des pertes moyennes \u00e0 s\u00e9v\u00e8res, c&#8217;est un appareil haut de gamme qui poss\u00e8de 16\u00a0canaux de r\u00e9glages et reconnait <strong>14 situations<\/strong> d&#8217;\u00e9coute diff\u00e9rentes. <strong>R\u00e9sistant \u00e0 l&#8217;eau et \u00e0 la poussi\u00e8re<\/strong>, il est certifi\u00e9 <strong>IP68<\/strong>.<\/p>\n<p>Le BTE PP 9010 utilise deux technologies cl\u00e9s : la technologie <strong>SoundMap<\/strong>, qui offre un <strong>\u00e9quilibre entre confort et performances auditives<\/strong>, pour une <strong>qualit\u00e9 sonore<\/strong> toujours plus proche de la r\u00e9alit\u00e9, et le <strong>SoundTie<\/strong> qui permet \u00e0 l&#8217;utilisateur d&#8217;<strong>\u00eatre connect\u00e9 de fa\u00e7on moderne<\/strong> \u00e0 plusieurs appareils tels que la t\u00e9l\u00e9vision ou le t\u00e9l\u00e9phone portable.<\/p>\n<p>L&#8217;appareil auditif BTE PP 9010 fonctionne avec des <strong>piles 13 sans mercure<\/strong> pour une autonomie moyenne de <strong>7 \u00e0 10 jours<\/strong> <em>(il faut savoir que l&#8217;autonomie d&#8217;une pile varie d&#8217;un patient \u00e0 l&#8217;autre en fonction de sa perte auditive, du temps de port, de la connectivit\u00e9 avec d&#8217;autres appareils&#8230;)<\/em><\/p>\n<p>Le BTE PP 9010 poss\u00e8de une <strong>bobine d&#8217;induction<\/strong> pour recevoir directement dans vos appareils les informations de certains lieux publics tels que le <strong>cin\u00e9ma, le th\u00e9\u00e2tre ou la gare<\/strong>.<\/p>\n<p><strong>Envie de tester l&#8217;appareil auditif Philips BTE PP 9010 ? Prenez rendez-vous directement sur notre site.<\/strong>\u00a0Vous serez re\u00e7u par l&#8217;un de nos audioproth\u00e9sistes qui conseillera une solution adapt\u00e9e \u00e0 vos besoins et \u00e0 votre audition. Si vous avez d\u00e9j\u00e0 une prescription m\u00e9dicale, vous aurez la possibilit\u00e9 d&#8217;effectuer un essai gratuit d&#8217;un mois.<\/p>\n<h4>Une qualit\u00e9 d&#8217;\u00e9coute sup\u00e9rieure<\/h4>\n<p>La technologie <strong>SoundMap <\/strong>r\u00e9alise un <strong>traitement de la parole performant<\/strong> gr\u00e2ce \u00e0 3 points fondamentaux :<\/p>\n<ul>\n<li>la <strong>r\u00e9duction du bruit<\/strong> qui s&#8217;active lorsque les <strong>micros directionnels<\/strong> reconnaissent une <strong>situation bruyante<\/strong><\/li>\n<li>l\u2019<strong>amplification sonore<\/strong> qui augmente de fa\u00e7on ma\u00eetris\u00e9e le <strong>signal de parole<\/strong> par rapport au bruit ambiant<\/li>\n<li>la <strong>suppression du larsen<\/strong>. Le larsen est un sifflement parasite des aides auditives. Il appara\u00eet notamment lorsque le patient a besoin d&#8217;une forte correction. <strong>L&#8217;anti-larsen du BTE PP 9010<\/strong> permet \u00e0 l&#8217;audioproth\u00e9siste d&#8217;apporter le <strong>gain n\u00e9cessaire<\/strong>, avec un <strong>risque de sifflement quasi nul<\/strong>.<\/li>\n<\/ul>\n<h4>Une connectivit\u00e9\u00a0avec le monde ext\u00e9rieur<\/h4>\n<p>Avec la technologie <strong>SoundTie<\/strong>, vous vous connectez au monde ext\u00e9rieur. Le BTE PP 9010 est <strong>made for iPhone<\/strong>. Il se connecte \u00e0 votre t\u00e9l\u00e9phone pour un <strong>streaming direct audio et vid\u00e9o<\/strong> <em>(sans accessoire suppl\u00e9mentaire)<\/em>. Cela est possible gr\u00e2ce au <strong>Bluetooth<\/strong> L\u00f6w Energy 2.4Ghz.<\/p>\n<p>Contr\u00f4lez votre appareil auditif <em>(volume, programme, niveau de pile)<\/em> gr\u00e2ce \u00e0 l&#8217;<strong>application Philips HearLink<\/strong>. Cette application est disponible sur <strong>Google Play et Apple Store<\/strong>.<\/p>\n<p>Philips propose \u00e9galement des <strong>accessoires connect\u00e9s aux aides auditives<\/strong> pour plus de confort, tels que :<\/p>\n<ul>\n<li>l&#8217;<strong>adaptateur TV<\/strong> pour recevoir le signal de la t\u00e9l\u00e9vision dans vos\u00a0aides auditives<\/li>\n<li>le <strong>kit main libre AudioClip<\/strong> pour recevoir le son du t\u00e9l\u00e9phone dans vos\u00a0aides auditives<\/li>\n<li>la <strong>t\u00e9l\u00e9commande<\/strong> pour piloter vos aides auditives<\/li>\n<\/ul>\n<h4>Fonctionnalit\u00e9s de l&#8217;appareil HearLink BTE PP 9010<\/h4>\n<ul>\n<li>16 canaux de r\u00e9glages<\/li>\n<li>Certifi\u00e9 IP68<\/li>\n<li>Plage de fr\u00e9quence s&#8217;\u00e9tendant \u00e0 10 Khz<\/li>\n<li>Renforcement des basses fr\u00e9quences<\/li>\n<li>2 niveaux de directivit\u00e9 multicanaux<\/li>\n<li>Captation 360\u00b0<\/li>\n<li>R\u00e9duction de bruits environnants<\/li>\n<li>R\u00e9duction du bruit de vent<\/li>\n<li>R\u00e9ductions de bruits impulsionnels<\/li>\n<li>Streaming direct<\/li>\n<li>Bluetooth low energy 2.4GHz<\/li>\n<li>14 environnements d&#8217;\u00e9coute<\/li>\n<li>Programme automatique<\/li>\n<li>Volume automatique<\/li>\n<li>Data logging<\/li>\n<li>Bobine T<\/li>\n<\/ul>\n","protected":false},"excerpt":{"rendered":"<p>Philips vous propose son premier contour BTE gros-tube, le BTE PP 9010. Id\u00e9al pour des pertes moyennes \u00e0 s\u00e9v\u00e8res, c&#8217;est un appareil haut de gamme qui poss\u00e8de 16\u00a0canaux de r\u00e9glages et reconnait 14 situations d&#8217;\u00e9coute diff\u00e9rentes. R\u00e9sistant \u00e0 l&#8217;eau et \u00e0 la poussi\u00e8re, il est certifi\u00e9 IP68. Le BTE PP 9010 utilise deux technologies cl\u00e9s [&hellip;]<\/p>\n","protected":false},"featured_media":19202,"template":"","meta":{"_acf_changed":false},"product_brand":[],"product_cat":[3095],"product_tag":[],"class_list":{"0":"post-24063","1":"product","2":"type-product","3":"status-publish","4":"has-post-thumbnail","6":"product_cat-philips-fr-be","8":"first","9":"instock","10":"taxable","11":"shipping-taxable","12":"purchasable","13":"product-type-simple"},"acf":[],"yoast_head":"<!-- This site is optimized with the Yoast SEO plugin v27.1.1 - https:\/\/yoast.com\/product\/yoast-seo-wordpress\/ -->\n<title>Appareil auditif Philips HearLink 9010 BTE PP 13 \u00e0 2100\u20ac - Unisson Belgique<\/title>\n<meta name=\"description\" content=\"Besoin d&#039;une aide auditive puissante ? Essayez le Philips HearLink 9010 BTE PP 13 pour une audition claire et pr\u00e9cise. Cliquez pour en savoir plus.\" \/>\n<meta name=\"robots\" content=\"index, follow, max-snippet:-1, max-image-preview:large, max-video-preview:-1\" \/>\n<link rel=\"canonical\" href=\"https:\/\/www.laboratoires-unisson.com\/fr-be\/wp-json\/wp\/v2\/product\/24063\" \/>\n<meta property=\"og:locale\" content=\"fr_FR\" \/>\n<meta property=\"og:type\" content=\"article\" \/>\n<meta property=\"og:title\" content=\"HearLink 9010 BTE PP 13 - Laboratoires Unisson\" \/>\n<meta property=\"og:description\" content=\"Besoin d&#039;une aide auditive puissante ? Essayez le Philips HearLink 9010 BTE PP 13 pour une audition claire et pr\u00e9cise. Cliquez pour en savoir plus.\" \/>\n<meta property=\"og:url\" content=\"https:\/\/www.laboratoires-unisson.com\/fr-be\/produit\/appareils-auditifs\/philips\/hearlink-9010-bte-pp-13\" \/>\n<meta property=\"og:site_name\" content=\"Laboratoires Unisson\" \/>\n<meta property=\"article:modified_time\" content=\"2025-12-03T09:07:53+00:00\" \/>\n<meta property=\"og:image\" content=\"https:\/\/www.laboratoires-unisson.com\/wp-content\/uploads\/2022\/05\/hearlink-9010-bte-pp-13.png\" \/>\n\t<meta property=\"og:image:width\" content=\"450\" \/>\n\t<meta property=\"og:image:height\" content=\"500\" \/>\n\t<meta property=\"og:image:type\" content=\"image\/png\" \/>\n<meta name=\"twitter:card\" content=\"summary_large_image\" \/>\n<meta name=\"twitter:label1\" content=\"Est. reading time\" \/>\n\t<meta name=\"twitter:data1\" content=\"3 minutes\" \/>\n<script type=\"application\/ld+json\" class=\"yoast-schema-graph\">{\"@context\":\"https:\/\/schema.org\",\"@graph\":[{\"@type\":\"WebPage\",\"@id\":\"https:\/\/www.laboratoires-unisson.com\/fr-be\/produit\/appareils-auditifs\/philips\/hearlink-9010-bte-pp-13\",\"url\":\"https:\/\/www.laboratoires-unisson.com\/fr-be\/produit\/appareils-auditifs\/philips\/hearlink-9010-bte-pp-13\",\"name\":\"HearLink 9010 BTE PP 13 - Laboratoires Unisson\",\"isPartOf\":{\"@id\":\"https:\/\/www.laboratoires-unisson.com\/fr-be#website\"},\"primaryImageOfPage\":{\"@id\":\"https:\/\/www.laboratoires-unisson.com\/fr-be\/produit\/appareils-auditifs\/philips\/hearlink-9010-bte-pp-13#primaryimage\"},\"image\":{\"@id\":\"https:\/\/www.laboratoires-unisson.com\/fr-be\/produit\/appareils-auditifs\/philips\/hearlink-9010-bte-pp-13#primaryimage\"},\"thumbnailUrl\":\"https:\/\/www.laboratoires-unisson.com\/wp-content\/uploads\/2022\/05\/hearlink-9010-bte-pp-13.png\",\"datePublished\":\"2022-05-02T12:48:18+00:00\",\"dateModified\":\"2025-12-03T09:07:53+00:00\",\"description\":\"Besoin d'une aide auditive puissante ? Essayez le Philips HearLink 9010 BTE PP 13 pour une audition claire et pr\u00e9cise. Cliquez pour en savoir plus.\",\"breadcrumb\":{\"@id\":\"https:\/\/www.laboratoires-unisson.com\/fr-be\/produit\/appareils-auditifs\/philips\/hearlink-9010-bte-pp-13#breadcrumb\"},\"inLanguage\":\"fr-BE\",\"potentialAction\":[{\"@type\":\"ReadAction\",\"target\":[\"https:\/\/www.laboratoires-unisson.com\/fr-be\/produit\/appareils-auditifs\/philips\/hearlink-9010-bte-pp-13\"]}]},{\"@type\":\"ImageObject\",\"inLanguage\":\"fr-BE\",\"@id\":\"https:\/\/www.laboratoires-unisson.com\/fr-be\/produit\/appareils-auditifs\/philips\/hearlink-9010-bte-pp-13#primaryimage\",\"url\":\"https:\/\/www.laboratoires-unisson.com\/wp-content\/uploads\/2022\/05\/hearlink-9010-bte-pp-13.png\",\"contentUrl\":\"https:\/\/www.laboratoires-unisson.com\/wp-content\/uploads\/2022\/05\/hearlink-9010-bte-pp-13.png\",\"width\":450,\"height\":500},{\"@type\":\"BreadcrumbList\",\"@id\":\"https:\/\/www.laboratoires-unisson.com\/fr-be\/produit\/appareils-auditifs\/philips\/hearlink-9010-bte-pp-13#breadcrumb\",\"itemListElement\":[{\"@type\":\"ListItem\",\"position\":1,\"name\":\"Shop\",\"item\":\"https:\/\/www.laboratoires-unisson.com\/fr-be\/shop\"},{\"@type\":\"ListItem\",\"position\":2,\"name\":\"HearLink 9010 BTE PP 13\"}]},{\"@type\":\"WebSite\",\"@id\":\"https:\/\/www.laboratoires-unisson.com\/fr-be#website\",\"url\":\"https:\/\/www.laboratoires-unisson.com\/fr-be\",\"name\":\"Laboratoires Unisson\",\"description\":\"Appareil auditif et proth\u00e8se auditive Moins Cher jusqu&#039;\u00e0 -40%\",\"publisher\":{\"@id\":\"https:\/\/www.laboratoires-unisson.com\/fr-be#organization\"},\"potentialAction\":[{\"@type\":\"SearchAction\",\"target\":{\"@type\":\"EntryPoint\",\"urlTemplate\":\"https:\/\/www.laboratoires-unisson.com\/fr-be?s={search_term_string}\"},\"query-input\":{\"@type\":\"PropertyValueSpecification\",\"valueRequired\":true,\"valueName\":\"search_term_string\"}}],\"inLanguage\":\"fr-BE\"},{\"@type\":\"Organization\",\"@id\":\"https:\/\/www.laboratoires-unisson.com\/fr-be#organization\",\"name\":\"Laboratoires Unisson\",\"url\":\"https:\/\/www.laboratoires-unisson.com\/fr-be\",\"logo\":{\"@type\":\"ImageObject\",\"inLanguage\":\"fr-BE\",\"@id\":\"https:\/\/www.laboratoires-unisson.com\/fr-be#\/schema\/logo\/image\/\",\"url\":\"https:\/\/www.laboratoires-unisson.com\/wp-content\/uploads\/2022\/01\/logo-unisson.svg\",\"contentUrl\":\"https:\/\/www.laboratoires-unisson.com\/wp-content\/uploads\/2022\/01\/logo-unisson.svg\",\"width\":1,\"height\":1,\"caption\":\"Laboratoires Unisson\"},\"image\":{\"@id\":\"https:\/\/www.laboratoires-unisson.com\/fr-be#\/schema\/logo\/image\/\"}}]}<\/script>\n<!-- \/ Yoast SEO plugin. -->","yoast_head_json":{"title":"Appareil auditif Philips HearLink 9010 BTE PP 13 \u00e0 2100\u20ac - Unisson Belgique","description":"Besoin d'une aide auditive puissante ? Essayez le Philips HearLink 9010 BTE PP 13 pour une audition claire et pr\u00e9cise. Cliquez pour en savoir plus.","robots":{"index":"index","follow":"follow","max-snippet":"max-snippet:-1","max-image-preview":"max-image-preview:large","max-video-preview":"max-video-preview:-1"},"canonical":"https:\/\/www.laboratoires-unisson.com\/fr-be\/wp-json\/wp\/v2\/product\/24063","og_locale":"fr_FR","og_type":"article","og_title":"HearLink 9010 BTE PP 13 - Laboratoires Unisson","og_description":"Besoin d'une aide auditive puissante ? Essayez le Philips HearLink 9010 BTE PP 13 pour une audition claire et pr\u00e9cise. Cliquez pour en savoir plus.","og_url":"https:\/\/www.laboratoires-unisson.com\/fr-be\/produit\/appareils-auditifs\/philips\/hearlink-9010-bte-pp-13","og_site_name":"Laboratoires Unisson","article_modified_time":"2025-12-03T09:07:53+00:00","og_image":[{"width":450,"height":500,"url":"https:\/\/www.laboratoires-unisson.com\/wp-content\/uploads\/2022\/05\/hearlink-9010-bte-pp-13.png","type":"image\/png"}],"twitter_card":"summary_large_image","twitter_misc":{"Est. reading time":"3 minutes"},"schema":{"@context":"https:\/\/schema.org","@graph":[{"@type":"WebPage","@id":"https:\/\/www.laboratoires-unisson.com\/fr-be\/produit\/appareils-auditifs\/philips\/hearlink-9010-bte-pp-13","url":"https:\/\/www.laboratoires-unisson.com\/fr-be\/produit\/appareils-auditifs\/philips\/hearlink-9010-bte-pp-13","name":"HearLink 9010 BTE PP 13 - Laboratoires Unisson","isPartOf":{"@id":"https:\/\/www.laboratoires-unisson.com\/fr-be#website"},"primaryImageOfPage":{"@id":"https:\/\/www.laboratoires-unisson.com\/fr-be\/produit\/appareils-auditifs\/philips\/hearlink-9010-bte-pp-13#primaryimage"},"image":{"@id":"https:\/\/www.laboratoires-unisson.com\/fr-be\/produit\/appareils-auditifs\/philips\/hearlink-9010-bte-pp-13#primaryimage"},"thumbnailUrl":"https:\/\/www.laboratoires-unisson.com\/wp-content\/uploads\/2022\/05\/hearlink-9010-bte-pp-13.png","datePublished":"2022-05-02T12:48:18+00:00","dateModified":"2025-12-03T09:07:53+00:00","description":"Besoin d'une aide auditive puissante ? Essayez le Philips HearLink 9010 BTE PP 13 pour une audition claire et pr\u00e9cise. Cliquez pour en savoir plus.","breadcrumb":{"@id":"https:\/\/www.laboratoires-unisson.com\/fr-be\/produit\/appareils-auditifs\/philips\/hearlink-9010-bte-pp-13#breadcrumb"},"inLanguage":"fr-BE","potentialAction":[{"@type":"ReadAction","target":["https:\/\/www.laboratoires-unisson.com\/fr-be\/produit\/appareils-auditifs\/philips\/hearlink-9010-bte-pp-13"]}]},{"@type":"ImageObject","inLanguage":"fr-BE","@id":"https:\/\/www.laboratoires-unisson.com\/fr-be\/produit\/appareils-auditifs\/philips\/hearlink-9010-bte-pp-13#primaryimage","url":"https:\/\/www.laboratoires-unisson.com\/wp-content\/uploads\/2022\/05\/hearlink-9010-bte-pp-13.png","contentUrl":"https:\/\/www.laboratoires-unisson.com\/wp-content\/uploads\/2022\/05\/hearlink-9010-bte-pp-13.png","width":450,"height":500},{"@type":"BreadcrumbList","@id":"https:\/\/www.laboratoires-unisson.com\/fr-be\/produit\/appareils-auditifs\/philips\/hearlink-9010-bte-pp-13#breadcrumb","itemListElement":[{"@type":"ListItem","position":1,"name":"Shop","item":"https:\/\/www.laboratoires-unisson.com\/fr-be\/shop"},{"@type":"ListItem","position":2,"name":"HearLink 9010 BTE PP 13"}]},{"@type":"WebSite","@id":"https:\/\/www.laboratoires-unisson.com\/fr-be#website","url":"https:\/\/www.laboratoires-unisson.com\/fr-be","name":"Laboratoires Unisson","description":"Appareil auditif et proth\u00e8se auditive Moins Cher jusqu&#039;\u00e0 -40%","publisher":{"@id":"https:\/\/www.laboratoires-unisson.com\/fr-be#organization"},"potentialAction":[{"@type":"SearchAction","target":{"@type":"EntryPoint","urlTemplate":"https:\/\/www.laboratoires-unisson.com\/fr-be?s={search_term_string}"},"query-input":{"@type":"PropertyValueSpecification","valueRequired":true,"valueName":"search_term_string"}}],"inLanguage":"fr-BE"},{"@type":"Organization","@id":"https:\/\/www.laboratoires-unisson.com\/fr-be#organization","name":"Laboratoires Unisson","url":"https:\/\/www.laboratoires-unisson.com\/fr-be","logo":{"@type":"ImageObject","inLanguage":"fr-BE","@id":"https:\/\/www.laboratoires-unisson.com\/fr-be#\/schema\/logo\/image\/","url":"https:\/\/www.laboratoires-unisson.com\/wp-content\/uploads\/2022\/01\/logo-unisson.svg","contentUrl":"https:\/\/www.laboratoires-unisson.com\/wp-content\/uploads\/2022\/01\/logo-unisson.svg","width":1,"height":1,"caption":"Laboratoires Unisson"},"image":{"@id":"https:\/\/www.laboratoires-unisson.com\/fr-be#\/schema\/logo\/image\/"}}]}},"_links":{"self":[{"href":"https:\/\/www.laboratoires-unisson.com\/fr-be\/wp-json\/wp\/v2\/product\/24063","targetHints":{"allow":["GET"]}}],"collection":[{"href":"https:\/\/www.laboratoires-unisson.com\/fr-be\/wp-json\/wp\/v2\/product"}],"about":[{"href":"https:\/\/www.laboratoires-unisson.com\/fr-be\/wp-json\/wp\/v2\/types\/product"}],"wp:featuredmedia":[{"embeddable":true,"href":"https:\/\/www.laboratoires-unisson.com\/fr-be\/wp-json\/wp\/v2\/media\/19202"}],"wp:attachment":[{"href":"https:\/\/www.laboratoires-unisson.com\/fr-be\/wp-json\/wp\/v2\/media?parent=24063"}],"wp:term":[{"taxonomy":"product_brand","embeddable":true,"href":"https:\/\/www.laboratoires-unisson.com\/fr-be\/wp-json\/wp\/v2\/product_brand?post=24063"},{"taxonomy":"product_cat","embeddable":true,"href":"https:\/\/www.laboratoires-unisson.com\/fr-be\/wp-json\/wp\/v2\/product_cat?post=24063"},{"taxonomy":"product_tag","embeddable":true,"href":"https:\/\/www.laboratoires-unisson.com\/fr-be\/wp-json\/wp\/v2\/product_tag?post=24063"}],"curies":[{"name":"wp","href":"https:\/\/api.w.org\/{rel}","templated":true}]}}