{"id":24064,"date":"2022-05-02T14:48:16","date_gmt":"2022-05-02T12:48:16","guid":{"rendered":"https:\/\/www.laboratoires-unisson.com\/produit\/hearlink-9010-minirite-312"},"modified":"2025-12-03T10:07:54","modified_gmt":"2025-12-03T09:07:54","slug":"hearlink-9010-minirite-312","status":"publish","type":"product","link":"https:\/\/www.laboratoires-unisson.com\/fr-be\/produit\/appareils-auditifs\/philips\/hearlink-9010-minirite-312","title":{"rendered":"HearLink 9010 miniRITE 312"},"content":{"rendered":"<p>Philips marque son entr\u00e9e dans le monde de l&#8217;audioproth\u00e8se avec son 1er contour d&#8217;oreille \u00e0 <strong>\u00e9couteur d\u00e9port\u00e9<\/strong>, le <strong>HearLink miniRITE 9010<\/strong>. Cet appareil haut de gamme convient pour des pertes auditives allant de l\u00e9g\u00e8res \u00e0 s\u00e9v\u00e8res <em>(plusieurs puissances d&#8217;\u00e9couteurs sont disponibles)<\/em>. Gr\u00e2ce \u00e0 ses 16 canaux de r\u00e9glages et ses 14 environnements d&#8217;\u00e9coute diff\u00e9rents, d\u00e9couvrez enfin une sonorit\u00e9 proche d&#8217;une personne sans perte auditive.<\/p>\n<p>L&#8217;appareil s&#8217;appuie sur 2 technologies : le <strong>SoundMap<\/strong>, qui offre une restitution des <strong>sons plus naturelle<\/strong> et un <strong>signal de parole riche<\/strong>, et le <strong>SoundTie<\/strong> qui permet une connexion avec d&#8217;autres appareils technologiques.<\/p>\n<p>L&#8217;appareil auditif HearLink miniRITE 9010 fonctionne avec des <strong>piles 312 qui sont sans mercure<\/strong>. L&#8217;autonomie d&#8217;une pile varie entre <strong>5 \u00e0 7 jours<\/strong>, en fonction de la correction \u00e0 apporter au patient, de la dur\u00e9e de port, de la connectivit\u00e9 avec le Bluetooth&#8230;<\/p>\n<p>Le HearLink miniRITE est aussi disponible en version <strong>rechargeable<\/strong>.<\/p>\n<p><strong>Envie de tester l&#8217;appareil auditif Philips miniRITE\u00a09010 ? Prenez rendez-vous directement sur notre site.<\/strong>\u00a0Vous serez re\u00e7u par l&#8217;un de nos audioproth\u00e9sistes qui conseillera une solution adapt\u00e9e \u00e0 vos besoins et \u00e0 votre audition. Si vous avez d\u00e9j\u00e0 une prescription m\u00e9dicale, vous aurez la possibilit\u00e9 d&#8217;effectuer un essai gratuit d&#8217;un mois.<\/p>\n<h4>Une qualit\u00e9 d&#8217;\u00e9coute sup\u00e9rieure<\/h4>\n<p>Le <strong>SoundMap<\/strong> se base sur 3 axes de recherche pour une <strong>compr\u00e9hension claire du signal de parole<\/strong> :<\/p>\n<ul>\n<li>la <strong>r\u00e9duction de bruit<\/strong>. Elle am\u00e9liore la compr\u00e9hension dans les environnements bruyants. Les micros directionnels analysent les <strong>diff\u00e9rents signaux sonores \u00e0 360\u00b0<\/strong> et l&#8217;appareil diminue ce qu&#8217;il d\u00e9finit comme du bruit<\/li>\n<li>l&#8217;<strong>amplification sonore<\/strong>. L&#8217;appareil amplifie de fa\u00e7on diff\u00e9renci\u00e9e la parole du bruit. Effectivement, il s\u00e9pare les signaux sonores pour apporter une amplification diff\u00e9rente s&#8217;il reconna\u00eet du bruit ou du signal de parole<\/li>\n<li>la <strong>suppression du larsen<\/strong>. Le larsen se d\u00e9finit comme un sifflement de l&#8217;appareil qui se produit lorsque le micro re-capte le son d\u00e9livr\u00e9 par l&#8217;\u00e9couteur. Ce ph\u00e9nom\u00e8ne appara\u00eet lorsque la correction auditive est importante. Avec cet anti-larsen puissant, l&#8217;audioproth\u00e9siste peut apporter la correction auditive n\u00e9cessaire sans se soucier du risque de sifflement.<\/li>\n<\/ul>\n<h4>Une connectivit\u00e9 avec le monde ext\u00e9rieur<\/h4>\n<p>Avec le <strong>SoundTie<\/strong>, vous restez connect\u00e9 au monde ext\u00e9rieur. Le HearLink miniRITE 9010 est <strong>compatible avec iPhone<\/strong>. Il int\u00e8gre la technologie <strong>Bluetooth<\/strong> qui vous permet de recevoir <strong>vos appels<\/strong> ainsi que votre <strong>contenu multim\u00e9dia<\/strong> directement dans vos appareils.<\/p>\n<p>Philips a con\u00e7u une <strong>application mobile<\/strong> disponible sur <strong>GooglePlay et Apple Store<\/strong> : Philips HearLink. Elle permet de <strong>contr\u00f4ler le volume et le programme des appareils<\/strong>, mais aussi de v\u00e9rifier l&#8217;<strong>\u00e9tat des piles<\/strong>.<\/p>\n<p>Ces appareils sont aussi compatibles avec des <strong>accessoires<\/strong> qui am\u00e9liorent la <strong>qualit\u00e9 de la transmission sonore<\/strong> notamment avec votre t\u00e9l\u00e9vision et votre t\u00e9l\u00e9phone portable. Vous disposez :<\/p>\n<ul>\n<li>d&#8217;un <strong>adaptateur TV<\/strong> : vous recevez directement le son dans les aides auditives<\/li>\n<li>d&#8217;un <strong>kit main libre AudioClip<\/strong> : vous recevez vos appels et multim\u00e9dia dans vos aides auditives. Ce syst\u00e8me am\u00e9liore la qualit\u00e9 de la communication <em>(fortement conseill\u00e9 pour les personnes ayant un smartphone Android)<\/em><\/li>\n<li>d&#8217;une <strong>t\u00e9l\u00e9commande<\/strong> qui pilote vos aides auditives <em>(volume, programme&#8230;)<\/em><\/li>\n<\/ul>\n<h4>Fonctionnalit\u00e9s de l&#8217;appareil HearLink miniRITE 9010<\/h4>\n<ul>\n<li>16 canaux de r\u00e9glages<\/li>\n<li>Plage de fr\u00e9quence s&#8217;\u00e9tendant \u00e0 10Khz<\/li>\n<li>Certifi\u00e9 IP68<\/li>\n<li>Renforcement des basses fr\u00e9quences<\/li>\n<li>2 niveaux de\u00a0directivit\u00e9 multicanaux<\/li>\n<li>Captation 360\u00b0<\/li>\n<li>R\u00e9duction de bruits environnants<\/li>\n<li>R\u00e9duction du bruit de vent<\/li>\n<li>R\u00e9ductions de bruits impulsionnels<\/li>\n<li>Streaming direct<\/li>\n<li>Bluetooth<\/li>\n<li>14 environnements d&#8217;\u00e9coute<\/li>\n<li>Programme automatique<\/li>\n<li>Volume automatique<\/li>\n<li>Data logging<\/li>\n<\/ul>\n","protected":false},"excerpt":{"rendered":"<p>Philips marque son entr\u00e9e dans le monde de l&#8217;audioproth\u00e8se avec son 1er contour d&#8217;oreille \u00e0 \u00e9couteur d\u00e9port\u00e9, le HearLink miniRITE 9010. Cet appareil haut de gamme convient pour des pertes auditives allant de l\u00e9g\u00e8res \u00e0 s\u00e9v\u00e8res (plusieurs puissances d&#8217;\u00e9couteurs sont disponibles). Gr\u00e2ce \u00e0 ses 16 canaux de r\u00e9glages et ses 14 environnements d&#8217;\u00e9coute diff\u00e9rents, d\u00e9couvrez [&hellip;]<\/p>\n","protected":false},"featured_media":20828,"template":"","meta":{"_acf_changed":false},"product_brand":[],"product_cat":[3095],"product_tag":[],"class_list":{"0":"post-24064","1":"product","2":"type-product","3":"status-publish","4":"has-post-thumbnail","6":"product_cat-philips-fr-be","8":"first","9":"instock","10":"taxable","11":"shipping-taxable","12":"purchasable","13":"product-type-simple"},"acf":[],"yoast_head":"<!-- This site is optimized with the Yoast SEO plugin v27.1.1 - https:\/\/yoast.com\/product\/yoast-seo-wordpress\/ -->\n<title>Appareil auditif Philips HearLink 9010 miniRITE 312 \u00e0 2100\u20ac - Unisson Belgique<\/title>\n<meta name=\"description\" content=\"Philips marque son entr\u00e9e dans le monde de l&#039;audioproth\u00e8se avec son 1er contour d&#039;oreille \u00e0 \u00e9couteur d\u00e9port\u00e9, le HearLink miniRITE 9010. Cet appareil haut\" \/>\n<meta name=\"robots\" content=\"index, follow, max-snippet:-1, max-image-preview:large, max-video-preview:-1\" \/>\n<link rel=\"canonical\" href=\"https:\/\/www.laboratoires-unisson.com\/fr-be\/wp-json\/wp\/v2\/product\/24064\" \/>\n<meta property=\"og:locale\" content=\"fr_FR\" \/>\n<meta property=\"og:type\" content=\"article\" \/>\n<meta property=\"og:title\" content=\"HearLink 9010 miniRITE 312 - Laboratoires Unisson\" \/>\n<meta property=\"og:description\" content=\"Philips marque son entr\u00e9e dans le monde de l&#039;audioproth\u00e8se avec son 1er contour d&#039;oreille \u00e0 \u00e9couteur d\u00e9port\u00e9, le HearLink miniRITE 9010. Cet appareil haut\" \/>\n<meta property=\"og:url\" content=\"https:\/\/www.laboratoires-unisson.com\/fr-be\/produit\/appareils-auditifs\/philips\/hearlink-9010-minirite-312\" \/>\n<meta property=\"og:site_name\" content=\"Laboratoires Unisson\" \/>\n<meta property=\"article:modified_time\" content=\"2025-12-03T09:07:54+00:00\" \/>\n<meta property=\"og:image\" content=\"https:\/\/www.laboratoires-unisson.com\/wp-content\/uploads\/2022\/05\/Philips-HearLink-9010-miniRITE-312.png\" \/>\n\t<meta property=\"og:image:width\" content=\"450\" \/>\n\t<meta property=\"og:image:height\" content=\"500\" \/>\n\t<meta property=\"og:image:type\" content=\"image\/png\" \/>\n<meta name=\"twitter:card\" content=\"summary_large_image\" \/>\n<meta name=\"twitter:label1\" content=\"Est. reading time\" \/>\n\t<meta name=\"twitter:data1\" content=\"3 minutes\" \/>\n<script type=\"application\/ld+json\" class=\"yoast-schema-graph\">{\"@context\":\"https:\/\/schema.org\",\"@graph\":[{\"@type\":\"WebPage\",\"@id\":\"https:\/\/www.laboratoires-unisson.com\/fr-be\/produit\/appareils-auditifs\/philips\/hearlink-9010-minirite-312\",\"url\":\"https:\/\/www.laboratoires-unisson.com\/fr-be\/produit\/appareils-auditifs\/philips\/hearlink-9010-minirite-312\",\"name\":\"HearLink 9010 miniRITE 312 - Laboratoires Unisson\",\"isPartOf\":{\"@id\":\"https:\/\/www.laboratoires-unisson.com\/fr-be#website\"},\"primaryImageOfPage\":{\"@id\":\"https:\/\/www.laboratoires-unisson.com\/fr-be\/produit\/appareils-auditifs\/philips\/hearlink-9010-minirite-312#primaryimage\"},\"image\":{\"@id\":\"https:\/\/www.laboratoires-unisson.com\/fr-be\/produit\/appareils-auditifs\/philips\/hearlink-9010-minirite-312#primaryimage\"},\"thumbnailUrl\":\"https:\/\/www.laboratoires-unisson.com\/wp-content\/uploads\/2022\/05\/Philips-HearLink-9010-miniRITE-312.png\",\"datePublished\":\"2022-05-02T12:48:16+00:00\",\"dateModified\":\"2025-12-03T09:07:54+00:00\",\"description\":\"Philips marque son entr\u00e9e dans le monde de l'audioproth\u00e8se avec son 1er contour d'oreille \u00e0 \u00e9couteur d\u00e9port\u00e9, le HearLink miniRITE 9010. Cet appareil haut\",\"breadcrumb\":{\"@id\":\"https:\/\/www.laboratoires-unisson.com\/fr-be\/produit\/appareils-auditifs\/philips\/hearlink-9010-minirite-312#breadcrumb\"},\"inLanguage\":\"fr-BE\",\"potentialAction\":[{\"@type\":\"ReadAction\",\"target\":[\"https:\/\/www.laboratoires-unisson.com\/fr-be\/produit\/appareils-auditifs\/philips\/hearlink-9010-minirite-312\"]}]},{\"@type\":\"ImageObject\",\"inLanguage\":\"fr-BE\",\"@id\":\"https:\/\/www.laboratoires-unisson.com\/fr-be\/produit\/appareils-auditifs\/philips\/hearlink-9010-minirite-312#primaryimage\",\"url\":\"https:\/\/www.laboratoires-unisson.com\/wp-content\/uploads\/2022\/05\/Philips-HearLink-9010-miniRITE-312.png\",\"contentUrl\":\"https:\/\/www.laboratoires-unisson.com\/wp-content\/uploads\/2022\/05\/Philips-HearLink-9010-miniRITE-312.png\",\"width\":450,\"height\":500},{\"@type\":\"BreadcrumbList\",\"@id\":\"https:\/\/www.laboratoires-unisson.com\/fr-be\/produit\/appareils-auditifs\/philips\/hearlink-9010-minirite-312#breadcrumb\",\"itemListElement\":[{\"@type\":\"ListItem\",\"position\":1,\"name\":\"Shop\",\"item\":\"https:\/\/www.laboratoires-unisson.com\/fr-be\/shop\"},{\"@type\":\"ListItem\",\"position\":2,\"name\":\"HearLink 9010 miniRITE 312\"}]},{\"@type\":\"WebSite\",\"@id\":\"https:\/\/www.laboratoires-unisson.com\/fr-be#website\",\"url\":\"https:\/\/www.laboratoires-unisson.com\/fr-be\",\"name\":\"Laboratoires Unisson\",\"description\":\"Appareil auditif et proth\u00e8se auditive Moins Cher jusqu&#039;\u00e0 -40%\",\"publisher\":{\"@id\":\"https:\/\/www.laboratoires-unisson.com\/fr-be#organization\"},\"potentialAction\":[{\"@type\":\"SearchAction\",\"target\":{\"@type\":\"EntryPoint\",\"urlTemplate\":\"https:\/\/www.laboratoires-unisson.com\/fr-be?s={search_term_string}\"},\"query-input\":{\"@type\":\"PropertyValueSpecification\",\"valueRequired\":true,\"valueName\":\"search_term_string\"}}],\"inLanguage\":\"fr-BE\"},{\"@type\":\"Organization\",\"@id\":\"https:\/\/www.laboratoires-unisson.com\/fr-be#organization\",\"name\":\"Laboratoires Unisson\",\"url\":\"https:\/\/www.laboratoires-unisson.com\/fr-be\",\"logo\":{\"@type\":\"ImageObject\",\"inLanguage\":\"fr-BE\",\"@id\":\"https:\/\/www.laboratoires-unisson.com\/fr-be#\/schema\/logo\/image\/\",\"url\":\"https:\/\/www.laboratoires-unisson.com\/wp-content\/uploads\/2022\/01\/logo-unisson.svg\",\"contentUrl\":\"https:\/\/www.laboratoires-unisson.com\/wp-content\/uploads\/2022\/01\/logo-unisson.svg\",\"width\":1,\"height\":1,\"caption\":\"Laboratoires Unisson\"},\"image\":{\"@id\":\"https:\/\/www.laboratoires-unisson.com\/fr-be#\/schema\/logo\/image\/\"}}]}<\/script>\n<!-- \/ Yoast SEO plugin. -->","yoast_head_json":{"title":"Appareil auditif Philips HearLink 9010 miniRITE 312 \u00e0 2100\u20ac - Unisson Belgique","description":"Philips marque son entr\u00e9e dans le monde de l'audioproth\u00e8se avec son 1er contour d'oreille \u00e0 \u00e9couteur d\u00e9port\u00e9, le HearLink miniRITE 9010. Cet appareil haut","robots":{"index":"index","follow":"follow","max-snippet":"max-snippet:-1","max-image-preview":"max-image-preview:large","max-video-preview":"max-video-preview:-1"},"canonical":"https:\/\/www.laboratoires-unisson.com\/fr-be\/wp-json\/wp\/v2\/product\/24064","og_locale":"fr_FR","og_type":"article","og_title":"HearLink 9010 miniRITE 312 - Laboratoires Unisson","og_description":"Philips marque son entr\u00e9e dans le monde de l'audioproth\u00e8se avec son 1er contour d'oreille \u00e0 \u00e9couteur d\u00e9port\u00e9, le HearLink miniRITE 9010. Cet appareil haut","og_url":"https:\/\/www.laboratoires-unisson.com\/fr-be\/produit\/appareils-auditifs\/philips\/hearlink-9010-minirite-312","og_site_name":"Laboratoires Unisson","article_modified_time":"2025-12-03T09:07:54+00:00","og_image":[{"width":450,"height":500,"url":"https:\/\/www.laboratoires-unisson.com\/wp-content\/uploads\/2022\/05\/Philips-HearLink-9010-miniRITE-312.png","type":"image\/png"}],"twitter_card":"summary_large_image","twitter_misc":{"Est. reading time":"3 minutes"},"schema":{"@context":"https:\/\/schema.org","@graph":[{"@type":"WebPage","@id":"https:\/\/www.laboratoires-unisson.com\/fr-be\/produit\/appareils-auditifs\/philips\/hearlink-9010-minirite-312","url":"https:\/\/www.laboratoires-unisson.com\/fr-be\/produit\/appareils-auditifs\/philips\/hearlink-9010-minirite-312","name":"HearLink 9010 miniRITE 312 - Laboratoires Unisson","isPartOf":{"@id":"https:\/\/www.laboratoires-unisson.com\/fr-be#website"},"primaryImageOfPage":{"@id":"https:\/\/www.laboratoires-unisson.com\/fr-be\/produit\/appareils-auditifs\/philips\/hearlink-9010-minirite-312#primaryimage"},"image":{"@id":"https:\/\/www.laboratoires-unisson.com\/fr-be\/produit\/appareils-auditifs\/philips\/hearlink-9010-minirite-312#primaryimage"},"thumbnailUrl":"https:\/\/www.laboratoires-unisson.com\/wp-content\/uploads\/2022\/05\/Philips-HearLink-9010-miniRITE-312.png","datePublished":"2022-05-02T12:48:16+00:00","dateModified":"2025-12-03T09:07:54+00:00","description":"Philips marque son entr\u00e9e dans le monde de l'audioproth\u00e8se avec son 1er contour d'oreille \u00e0 \u00e9couteur d\u00e9port\u00e9, le HearLink miniRITE 9010. Cet appareil haut","breadcrumb":{"@id":"https:\/\/www.laboratoires-unisson.com\/fr-be\/produit\/appareils-auditifs\/philips\/hearlink-9010-minirite-312#breadcrumb"},"inLanguage":"fr-BE","potentialAction":[{"@type":"ReadAction","target":["https:\/\/www.laboratoires-unisson.com\/fr-be\/produit\/appareils-auditifs\/philips\/hearlink-9010-minirite-312"]}]},{"@type":"ImageObject","inLanguage":"fr-BE","@id":"https:\/\/www.laboratoires-unisson.com\/fr-be\/produit\/appareils-auditifs\/philips\/hearlink-9010-minirite-312#primaryimage","url":"https:\/\/www.laboratoires-unisson.com\/wp-content\/uploads\/2022\/05\/Philips-HearLink-9010-miniRITE-312.png","contentUrl":"https:\/\/www.laboratoires-unisson.com\/wp-content\/uploads\/2022\/05\/Philips-HearLink-9010-miniRITE-312.png","width":450,"height":500},{"@type":"BreadcrumbList","@id":"https:\/\/www.laboratoires-unisson.com\/fr-be\/produit\/appareils-auditifs\/philips\/hearlink-9010-minirite-312#breadcrumb","itemListElement":[{"@type":"ListItem","position":1,"name":"Shop","item":"https:\/\/www.laboratoires-unisson.com\/fr-be\/shop"},{"@type":"ListItem","position":2,"name":"HearLink 9010 miniRITE 312"}]},{"@type":"WebSite","@id":"https:\/\/www.laboratoires-unisson.com\/fr-be#website","url":"https:\/\/www.laboratoires-unisson.com\/fr-be","name":"Laboratoires Unisson","description":"Appareil auditif et proth\u00e8se auditive Moins Cher jusqu&#039;\u00e0 -40%","publisher":{"@id":"https:\/\/www.laboratoires-unisson.com\/fr-be#organization"},"potentialAction":[{"@type":"SearchAction","target":{"@type":"EntryPoint","urlTemplate":"https:\/\/www.laboratoires-unisson.com\/fr-be?s={search_term_string}"},"query-input":{"@type":"PropertyValueSpecification","valueRequired":true,"valueName":"search_term_string"}}],"inLanguage":"fr-BE"},{"@type":"Organization","@id":"https:\/\/www.laboratoires-unisson.com\/fr-be#organization","name":"Laboratoires Unisson","url":"https:\/\/www.laboratoires-unisson.com\/fr-be","logo":{"@type":"ImageObject","inLanguage":"fr-BE","@id":"https:\/\/www.laboratoires-unisson.com\/fr-be#\/schema\/logo\/image\/","url":"https:\/\/www.laboratoires-unisson.com\/wp-content\/uploads\/2022\/01\/logo-unisson.svg","contentUrl":"https:\/\/www.laboratoires-unisson.com\/wp-content\/uploads\/2022\/01\/logo-unisson.svg","width":1,"height":1,"caption":"Laboratoires Unisson"},"image":{"@id":"https:\/\/www.laboratoires-unisson.com\/fr-be#\/schema\/logo\/image\/"}}]}},"_links":{"self":[{"href":"https:\/\/www.laboratoires-unisson.com\/fr-be\/wp-json\/wp\/v2\/product\/24064","targetHints":{"allow":["GET"]}}],"collection":[{"href":"https:\/\/www.laboratoires-unisson.com\/fr-be\/wp-json\/wp\/v2\/product"}],"about":[{"href":"https:\/\/www.laboratoires-unisson.com\/fr-be\/wp-json\/wp\/v2\/types\/product"}],"wp:featuredmedia":[{"embeddable":true,"href":"https:\/\/www.laboratoires-unisson.com\/fr-be\/wp-json\/wp\/v2\/media\/20828"}],"wp:attachment":[{"href":"https:\/\/www.laboratoires-unisson.com\/fr-be\/wp-json\/wp\/v2\/media?parent=24064"}],"wp:term":[{"taxonomy":"product_brand","embeddable":true,"href":"https:\/\/www.laboratoires-unisson.com\/fr-be\/wp-json\/wp\/v2\/product_brand?post=24064"},{"taxonomy":"product_cat","embeddable":true,"href":"https:\/\/www.laboratoires-unisson.com\/fr-be\/wp-json\/wp\/v2\/product_cat?post=24064"},{"taxonomy":"product_tag","embeddable":true,"href":"https:\/\/www.laboratoires-unisson.com\/fr-be\/wp-json\/wp\/v2\/product_tag?post=24064"}],"curies":[{"name":"wp","href":"https:\/\/api.w.org\/{rel}","templated":true}]}}