{"id":24065,"date":"2022-05-02T14:48:13","date_gmt":"2022-05-02T12:48:13","guid":{"rendered":"https:\/\/www.laboratoires-unisson.com\/produit\/hearlink-9010-minirite-312-t"},"modified":"2025-12-03T10:07:54","modified_gmt":"2025-12-03T09:07:54","slug":"hearlink-9010-minirite-312-t","status":"publish","type":"product","link":"https:\/\/www.laboratoires-unisson.com\/fr-be\/produit\/appareils-auditifs\/philips\/hearlink-9010-minirite-312-t","title":{"rendered":"HearLink 9010 miniRITE 312 T"},"content":{"rendered":"<p>Philips vous propose son appareil auditif de type <strong>contour d&#8217;oreille \u00e0 \u00e9couteur d\u00e9port\u00e9<\/strong>, le <strong>HearLink miniRITE T 9010<\/strong>. Cet appareil haut de gamme poss\u00e8de <strong>16 canaux de r\u00e9glages<\/strong> et reconna\u00eet<strong> 14 environnements d&#8217;\u00e9coute diff\u00e9rents<\/strong>.<\/p>\n<p>Il s&#8217;appuie sur 2 technologies : le <strong>SoundMap<\/strong>, permettant une compr\u00e9hension claire ainsi qu&#8217;une appr\u00e9ciation naturelle de l&#8217;environnement sonore et le <strong>SoundTie<\/strong> qui vous permet une connectivit\u00e9 sans limite avec d&#8217;autres appareils technologiques.<\/p>\n<p>Le HearLink miniRITE T 9010 fonctionne avec des<strong> piles 312 sans mercure,\u00a0<\/strong>ce qui vous offre une <strong>autonomie moyenne de 5 \u00e0 7 jours<\/strong> <em>(la dur\u00e9e de vie d&#8217;une pile d\u00e9pend de la perte du patient, de l&#8217;utilisation de l&#8217;aide auditive, de la connectivit\u00e9 Bluetooth&#8230;)<\/em>. Le Hearlink miniRITE 9010 T existe \u00e9galement en syst\u00e8me rechargeable.<\/p>\n<p>Cet appareil auditif est dot\u00e9 d&#8217;une <strong>bobine T<\/strong> qui permet de <strong>capter les boucles magn\u00e9tiques de certains lieux publics<\/strong> tels que le cin\u00e9ma ou le th\u00e9\u00e2tre. <strong>Vous pourrez recevoir le son directement dans vos aides auditives.<\/strong><\/p>\n<p><strong>Envie de tester l&#8217;appareil auditif Philips miniRITE T 9010 ? Prenez rendez-vous directement sur notre site.<\/strong>\u00a0Vous serez re\u00e7u par l&#8217;un de nos audioproth\u00e9sistes qui conseillera une solution adapt\u00e9e \u00e0 vos besoins et \u00e0 votre audition. Si vous avez d\u00e9j\u00e0 une prescription m\u00e9dicale, vous aurez la possibilit\u00e9 d&#8217;effectuer un essai gratuit d&#8217;un mois.<\/p>\n<p style=\"text-align: center;\"><a class=\"btn btn-default btn-xs bg-green\" href=\"https:\/\/www.laboratoires-unisson.com\/fr-be\/rdv\">Prendre un rendez-vous gratuit<\/a><\/p>\n<h4>Une qualit\u00e9 d&#8217;\u00e9coute sup\u00e9rieure<\/h4>\n<p>Le <strong>SoundMap<\/strong> permet une compr\u00e9hension et une discrimination claire de la parole gr\u00e2ce \u00e0 3 grands principes :<\/p>\n<ul>\n<li>la <strong>r\u00e9duction du bruit<\/strong> bas\u00e9e sur la directivit\u00e9 des microphones. L&#8217;appareil capte le son \u00e0 360\u00b0, il peut donc facilement faire \u00e9merger la parole du bruit ambiant<\/li>\n<li>l&#8217;<strong>amplification sonore<\/strong>. Une fois que l&#8217;appareil a su diff\u00e9rencier la parole du bruit, il amplifie de fa\u00e7on ma\u00eetris\u00e9e la parole et diminue ce qu&#8217;il consid\u00e8re comme n&#8217;en \u00e9tant pas<\/li>\n<li>la <strong>suppression du larsen<\/strong>. Le larsen est un ph\u00e9nom\u00e8ne de sifflement des aides auditives. Ce sifflement appara\u00eet lorsque le patient a besoin de beaucoup d&#8217;amplification. Gr\u00e2ce \u00e0 son anti-larsen puissant, l&#8217;audioproth\u00e9siste peut apporter la correction auditive n\u00e9cessaire avec un risque de sifflement tr\u00e8s faible.<\/li>\n<\/ul>\n<h4>Une connectivit\u00e9 avec le monde ext\u00e9rieur<\/h4>\n<p>Avec le <strong>SoundTie<\/strong>, vous restez connect\u00e9 au monde ext\u00e9rieur. Le HearLink miniRITE T 9010 est <strong>made for iPhone, iPad, iPod<\/strong>. Vous recevez donc vos appels t\u00e9l\u00e9phoniques directement dans les aides auditives gr\u00e2ce au <strong>Bluetooth<\/strong> Low Energy 2.4Ghz. Vous pouvez \u00e9galement \u00e9couter vos musiques et lire vos vid\u00e9os sur le m\u00eame principe.<\/p>\n<p>Avec l&#8217;<strong>application mobile Philips HearLink<\/strong>, vous contr\u00f4lez le volume et les diff\u00e9rents programmes de vos appareils auditifs. Vous pouvez \u00e9galement v\u00e9rifier l&#8217;\u00e9tat des piles. Cette application est disponible sur Google Play et Apple Store.<\/p>\n<p>Philips propose des accessoires intelligents pour faciliter le quotidien tels que :<\/p>\n<ul>\n<li>un <strong>adaptateur TV<\/strong> pour recevoir le son directement dans les appareils<\/li>\n<li>un <strong>kit main libre AudioClip<\/strong> pour recevoir la communication dans les aides auditives et am\u00e9liorer la qualit\u00e9 des conversations (fortement conseill\u00e9 pour les personnes ayant un smartphone Android)<\/li>\n<li>une t\u00e9l\u00e9commande pour piloter vos aides auditives (volume, programme&#8230;)<\/li>\n<\/ul>\n<h4>Fonctionnalit\u00e9s de l&#8217;appareil HearLink miniRITE T 9010<\/h4>\n<ul>\n<li>16 canaux de r\u00e9glages<\/li>\n<li>Plage de fr\u00e9quence s&#8217;\u00e9tendant \u00e0 10Khz<\/li>\n<li>Certifi\u00e9 IP68<\/li>\n<li>Renforcement des basses fr\u00e9quences<\/li>\n<li>2 niveaux de directivit\u00e9 multicanaux<\/li>\n<li>Captation 360\u00b0<\/li>\n<li>R\u00e9duction de bruits environnants<\/li>\n<li>R\u00e9duction du bruit de vent<\/li>\n<li>R\u00e9ductions de bruits impulsionnels<\/li>\n<li>Streaming direct<\/li>\n<li>Bluetooth low energy 2.4GHz<\/li>\n<li>14 environnements d&#8217;\u00e9coute<\/li>\n<li>Programme automatique<\/li>\n<li>Volume automatique<\/li>\n<li>Data logging<\/li>\n<li>Bobine T<\/li>\n<\/ul>\n","protected":false},"excerpt":{"rendered":"<p>Philips vous propose son appareil auditif de type contour d&#8217;oreille \u00e0 \u00e9couteur d\u00e9port\u00e9, le HearLink miniRITE T 9010. Cet appareil haut de gamme poss\u00e8de 16 canaux de r\u00e9glages et reconna\u00eet 14 environnements d&#8217;\u00e9coute diff\u00e9rents. Il s&#8217;appuie sur 2 technologies : le SoundMap, permettant une compr\u00e9hension claire ainsi qu&#8217;une appr\u00e9ciation naturelle de l&#8217;environnement sonore et le [&hellip;]<\/p>\n","protected":false},"featured_media":19200,"template":"","meta":{"_acf_changed":false},"product_brand":[],"product_cat":[3095],"product_tag":[],"class_list":{"0":"post-24065","1":"product","2":"type-product","3":"status-publish","4":"has-post-thumbnail","6":"product_cat-philips-fr-be","8":"first","9":"instock","10":"taxable","11":"shipping-taxable","12":"purchasable","13":"product-type-simple"},"acf":[],"yoast_head":"<!-- This site is optimized with the Yoast SEO plugin v27.1.1 - https:\/\/yoast.com\/product\/yoast-seo-wordpress\/ -->\n<title>Appareil auditif Philips HearLink 9010 miniRITE 312 T \u00e0 2100\u20ac - Unisson Belgique<\/title>\n<meta name=\"description\" content=\"Philips vous propose son appareil auditif de type contour d&#039;oreille \u00e0 \u00e9couteur d\u00e9port\u00e9, le HearLink miniRITE T 9010. Cet appareil haut de gamme poss\u00e8de 16\" \/>\n<meta name=\"robots\" content=\"index, follow, max-snippet:-1, max-image-preview:large, max-video-preview:-1\" \/>\n<link rel=\"canonical\" href=\"https:\/\/www.laboratoires-unisson.com\/fr-be\/wp-json\/wp\/v2\/product\/24065\" \/>\n<meta property=\"og:locale\" content=\"fr_FR\" \/>\n<meta property=\"og:type\" content=\"article\" \/>\n<meta property=\"og:title\" content=\"HearLink 9010 miniRITE 312 T - Laboratoires Unisson\" \/>\n<meta property=\"og:description\" content=\"Philips vous propose son appareil auditif de type contour d&#039;oreille \u00e0 \u00e9couteur d\u00e9port\u00e9, le HearLink miniRITE T 9010. Cet appareil haut de gamme poss\u00e8de 16\" \/>\n<meta property=\"og:url\" content=\"https:\/\/www.laboratoires-unisson.com\/fr-be\/produit\/appareils-auditifs\/philips\/hearlink-9010-minirite-312-t\" \/>\n<meta property=\"og:site_name\" content=\"Laboratoires Unisson\" \/>\n<meta property=\"article:modified_time\" content=\"2025-12-03T09:07:54+00:00\" \/>\n<meta property=\"og:image\" content=\"https:\/\/www.laboratoires-unisson.com\/wp-content\/uploads\/2022\/05\/hearlink-9010-minirite-312-t.png\" \/>\n\t<meta property=\"og:image:width\" content=\"450\" \/>\n\t<meta property=\"og:image:height\" content=\"500\" \/>\n\t<meta property=\"og:image:type\" content=\"image\/png\" \/>\n<meta name=\"twitter:card\" content=\"summary_large_image\" \/>\n<meta name=\"twitter:label1\" content=\"Est. reading time\" \/>\n\t<meta name=\"twitter:data1\" content=\"3 minutes\" \/>\n<script type=\"application\/ld+json\" class=\"yoast-schema-graph\">{\"@context\":\"https:\/\/schema.org\",\"@graph\":[{\"@type\":\"WebPage\",\"@id\":\"https:\/\/www.laboratoires-unisson.com\/fr-be\/produit\/appareils-auditifs\/philips\/hearlink-9010-minirite-312-t\",\"url\":\"https:\/\/www.laboratoires-unisson.com\/fr-be\/produit\/appareils-auditifs\/philips\/hearlink-9010-minirite-312-t\",\"name\":\"HearLink 9010 miniRITE 312 T - Laboratoires Unisson\",\"isPartOf\":{\"@id\":\"https:\/\/www.laboratoires-unisson.com\/fr-be#website\"},\"primaryImageOfPage\":{\"@id\":\"https:\/\/www.laboratoires-unisson.com\/fr-be\/produit\/appareils-auditifs\/philips\/hearlink-9010-minirite-312-t#primaryimage\"},\"image\":{\"@id\":\"https:\/\/www.laboratoires-unisson.com\/fr-be\/produit\/appareils-auditifs\/philips\/hearlink-9010-minirite-312-t#primaryimage\"},\"thumbnailUrl\":\"https:\/\/www.laboratoires-unisson.com\/wp-content\/uploads\/2022\/05\/hearlink-9010-minirite-312-t.png\",\"datePublished\":\"2022-05-02T12:48:13+00:00\",\"dateModified\":\"2025-12-03T09:07:54+00:00\",\"description\":\"Philips vous propose son appareil auditif de type contour d'oreille \u00e0 \u00e9couteur d\u00e9port\u00e9, le HearLink miniRITE T 9010. Cet appareil haut de gamme poss\u00e8de 16\",\"breadcrumb\":{\"@id\":\"https:\/\/www.laboratoires-unisson.com\/fr-be\/produit\/appareils-auditifs\/philips\/hearlink-9010-minirite-312-t#breadcrumb\"},\"inLanguage\":\"fr-BE\",\"potentialAction\":[{\"@type\":\"ReadAction\",\"target\":[\"https:\/\/www.laboratoires-unisson.com\/fr-be\/produit\/appareils-auditifs\/philips\/hearlink-9010-minirite-312-t\"]}]},{\"@type\":\"ImageObject\",\"inLanguage\":\"fr-BE\",\"@id\":\"https:\/\/www.laboratoires-unisson.com\/fr-be\/produit\/appareils-auditifs\/philips\/hearlink-9010-minirite-312-t#primaryimage\",\"url\":\"https:\/\/www.laboratoires-unisson.com\/wp-content\/uploads\/2022\/05\/hearlink-9010-minirite-312-t.png\",\"contentUrl\":\"https:\/\/www.laboratoires-unisson.com\/wp-content\/uploads\/2022\/05\/hearlink-9010-minirite-312-t.png\",\"width\":450,\"height\":500},{\"@type\":\"BreadcrumbList\",\"@id\":\"https:\/\/www.laboratoires-unisson.com\/fr-be\/produit\/appareils-auditifs\/philips\/hearlink-9010-minirite-312-t#breadcrumb\",\"itemListElement\":[{\"@type\":\"ListItem\",\"position\":1,\"name\":\"Shop\",\"item\":\"https:\/\/www.laboratoires-unisson.com\/fr-be\/shop\"},{\"@type\":\"ListItem\",\"position\":2,\"name\":\"HearLink 9010 miniRITE 312 T\"}]},{\"@type\":\"WebSite\",\"@id\":\"https:\/\/www.laboratoires-unisson.com\/fr-be#website\",\"url\":\"https:\/\/www.laboratoires-unisson.com\/fr-be\",\"name\":\"Laboratoires Unisson\",\"description\":\"Appareil auditif et proth\u00e8se auditive Moins Cher jusqu&#039;\u00e0 -40%\",\"publisher\":{\"@id\":\"https:\/\/www.laboratoires-unisson.com\/fr-be#organization\"},\"potentialAction\":[{\"@type\":\"SearchAction\",\"target\":{\"@type\":\"EntryPoint\",\"urlTemplate\":\"https:\/\/www.laboratoires-unisson.com\/fr-be?s={search_term_string}\"},\"query-input\":{\"@type\":\"PropertyValueSpecification\",\"valueRequired\":true,\"valueName\":\"search_term_string\"}}],\"inLanguage\":\"fr-BE\"},{\"@type\":\"Organization\",\"@id\":\"https:\/\/www.laboratoires-unisson.com\/fr-be#organization\",\"name\":\"Laboratoires Unisson\",\"url\":\"https:\/\/www.laboratoires-unisson.com\/fr-be\",\"logo\":{\"@type\":\"ImageObject\",\"inLanguage\":\"fr-BE\",\"@id\":\"https:\/\/www.laboratoires-unisson.com\/fr-be#\/schema\/logo\/image\/\",\"url\":\"https:\/\/www.laboratoires-unisson.com\/wp-content\/uploads\/2022\/01\/logo-unisson.svg\",\"contentUrl\":\"https:\/\/www.laboratoires-unisson.com\/wp-content\/uploads\/2022\/01\/logo-unisson.svg\",\"width\":1,\"height\":1,\"caption\":\"Laboratoires Unisson\"},\"image\":{\"@id\":\"https:\/\/www.laboratoires-unisson.com\/fr-be#\/schema\/logo\/image\/\"}}]}<\/script>\n<!-- \/ Yoast SEO plugin. -->","yoast_head_json":{"title":"Appareil auditif Philips HearLink 9010 miniRITE 312 T \u00e0 2100\u20ac - Unisson Belgique","description":"Philips vous propose son appareil auditif de type contour d'oreille \u00e0 \u00e9couteur d\u00e9port\u00e9, le HearLink miniRITE T 9010. Cet appareil haut de gamme poss\u00e8de 16","robots":{"index":"index","follow":"follow","max-snippet":"max-snippet:-1","max-image-preview":"max-image-preview:large","max-video-preview":"max-video-preview:-1"},"canonical":"https:\/\/www.laboratoires-unisson.com\/fr-be\/wp-json\/wp\/v2\/product\/24065","og_locale":"fr_FR","og_type":"article","og_title":"HearLink 9010 miniRITE 312 T - Laboratoires Unisson","og_description":"Philips vous propose son appareil auditif de type contour d'oreille \u00e0 \u00e9couteur d\u00e9port\u00e9, le HearLink miniRITE T 9010. Cet appareil haut de gamme poss\u00e8de 16","og_url":"https:\/\/www.laboratoires-unisson.com\/fr-be\/produit\/appareils-auditifs\/philips\/hearlink-9010-minirite-312-t","og_site_name":"Laboratoires Unisson","article_modified_time":"2025-12-03T09:07:54+00:00","og_image":[{"width":450,"height":500,"url":"https:\/\/www.laboratoires-unisson.com\/wp-content\/uploads\/2022\/05\/hearlink-9010-minirite-312-t.png","type":"image\/png"}],"twitter_card":"summary_large_image","twitter_misc":{"Est. reading time":"3 minutes"},"schema":{"@context":"https:\/\/schema.org","@graph":[{"@type":"WebPage","@id":"https:\/\/www.laboratoires-unisson.com\/fr-be\/produit\/appareils-auditifs\/philips\/hearlink-9010-minirite-312-t","url":"https:\/\/www.laboratoires-unisson.com\/fr-be\/produit\/appareils-auditifs\/philips\/hearlink-9010-minirite-312-t","name":"HearLink 9010 miniRITE 312 T - Laboratoires Unisson","isPartOf":{"@id":"https:\/\/www.laboratoires-unisson.com\/fr-be#website"},"primaryImageOfPage":{"@id":"https:\/\/www.laboratoires-unisson.com\/fr-be\/produit\/appareils-auditifs\/philips\/hearlink-9010-minirite-312-t#primaryimage"},"image":{"@id":"https:\/\/www.laboratoires-unisson.com\/fr-be\/produit\/appareils-auditifs\/philips\/hearlink-9010-minirite-312-t#primaryimage"},"thumbnailUrl":"https:\/\/www.laboratoires-unisson.com\/wp-content\/uploads\/2022\/05\/hearlink-9010-minirite-312-t.png","datePublished":"2022-05-02T12:48:13+00:00","dateModified":"2025-12-03T09:07:54+00:00","description":"Philips vous propose son appareil auditif de type contour d'oreille \u00e0 \u00e9couteur d\u00e9port\u00e9, le HearLink miniRITE T 9010. Cet appareil haut de gamme poss\u00e8de 16","breadcrumb":{"@id":"https:\/\/www.laboratoires-unisson.com\/fr-be\/produit\/appareils-auditifs\/philips\/hearlink-9010-minirite-312-t#breadcrumb"},"inLanguage":"fr-BE","potentialAction":[{"@type":"ReadAction","target":["https:\/\/www.laboratoires-unisson.com\/fr-be\/produit\/appareils-auditifs\/philips\/hearlink-9010-minirite-312-t"]}]},{"@type":"ImageObject","inLanguage":"fr-BE","@id":"https:\/\/www.laboratoires-unisson.com\/fr-be\/produit\/appareils-auditifs\/philips\/hearlink-9010-minirite-312-t#primaryimage","url":"https:\/\/www.laboratoires-unisson.com\/wp-content\/uploads\/2022\/05\/hearlink-9010-minirite-312-t.png","contentUrl":"https:\/\/www.laboratoires-unisson.com\/wp-content\/uploads\/2022\/05\/hearlink-9010-minirite-312-t.png","width":450,"height":500},{"@type":"BreadcrumbList","@id":"https:\/\/www.laboratoires-unisson.com\/fr-be\/produit\/appareils-auditifs\/philips\/hearlink-9010-minirite-312-t#breadcrumb","itemListElement":[{"@type":"ListItem","position":1,"name":"Shop","item":"https:\/\/www.laboratoires-unisson.com\/fr-be\/shop"},{"@type":"ListItem","position":2,"name":"HearLink 9010 miniRITE 312 T"}]},{"@type":"WebSite","@id":"https:\/\/www.laboratoires-unisson.com\/fr-be#website","url":"https:\/\/www.laboratoires-unisson.com\/fr-be","name":"Laboratoires Unisson","description":"Appareil auditif et proth\u00e8se auditive Moins Cher jusqu&#039;\u00e0 -40%","publisher":{"@id":"https:\/\/www.laboratoires-unisson.com\/fr-be#organization"},"potentialAction":[{"@type":"SearchAction","target":{"@type":"EntryPoint","urlTemplate":"https:\/\/www.laboratoires-unisson.com\/fr-be?s={search_term_string}"},"query-input":{"@type":"PropertyValueSpecification","valueRequired":true,"valueName":"search_term_string"}}],"inLanguage":"fr-BE"},{"@type":"Organization","@id":"https:\/\/www.laboratoires-unisson.com\/fr-be#organization","name":"Laboratoires Unisson","url":"https:\/\/www.laboratoires-unisson.com\/fr-be","logo":{"@type":"ImageObject","inLanguage":"fr-BE","@id":"https:\/\/www.laboratoires-unisson.com\/fr-be#\/schema\/logo\/image\/","url":"https:\/\/www.laboratoires-unisson.com\/wp-content\/uploads\/2022\/01\/logo-unisson.svg","contentUrl":"https:\/\/www.laboratoires-unisson.com\/wp-content\/uploads\/2022\/01\/logo-unisson.svg","width":1,"height":1,"caption":"Laboratoires Unisson"},"image":{"@id":"https:\/\/www.laboratoires-unisson.com\/fr-be#\/schema\/logo\/image\/"}}]}},"_links":{"self":[{"href":"https:\/\/www.laboratoires-unisson.com\/fr-be\/wp-json\/wp\/v2\/product\/24065","targetHints":{"allow":["GET"]}}],"collection":[{"href":"https:\/\/www.laboratoires-unisson.com\/fr-be\/wp-json\/wp\/v2\/product"}],"about":[{"href":"https:\/\/www.laboratoires-unisson.com\/fr-be\/wp-json\/wp\/v2\/types\/product"}],"wp:featuredmedia":[{"embeddable":true,"href":"https:\/\/www.laboratoires-unisson.com\/fr-be\/wp-json\/wp\/v2\/media\/19200"}],"wp:attachment":[{"href":"https:\/\/www.laboratoires-unisson.com\/fr-be\/wp-json\/wp\/v2\/media?parent=24065"}],"wp:term":[{"taxonomy":"product_brand","embeddable":true,"href":"https:\/\/www.laboratoires-unisson.com\/fr-be\/wp-json\/wp\/v2\/product_brand?post=24065"},{"taxonomy":"product_cat","embeddable":true,"href":"https:\/\/www.laboratoires-unisson.com\/fr-be\/wp-json\/wp\/v2\/product_cat?post=24065"},{"taxonomy":"product_tag","embeddable":true,"href":"https:\/\/www.laboratoires-unisson.com\/fr-be\/wp-json\/wp\/v2\/product_tag?post=24065"}],"curies":[{"name":"wp","href":"https:\/\/api.w.org\/{rel}","templated":true}]}}