{"id":24066,"date":"2022-05-02T14:48:10","date_gmt":"2022-05-02T12:48:10","guid":{"rendered":"https:\/\/www.laboratoires-unisson.com\/produit\/hearlink-9010-minirite-t-r"},"modified":"2025-12-03T10:07:55","modified_gmt":"2025-12-03T09:07:55","slug":"hearlink-9010-minirite-t-r","status":"publish","type":"product","link":"https:\/\/www.laboratoires-unisson.com\/fr-be\/produit\/appareils-auditifs\/philips\/hearlink-9010-minirite-t-r","title":{"rendered":"HearLink 9010 miniRITE T R"},"content":{"rendered":"<p><strong>Philips<\/strong> vous pr\u00e9sente le <strong>HearLink miniRITE 9010 T R, <\/strong>son premier <strong>contour d&#8217;oreille \u00e0 \u00e9couteur d\u00e9port\u00e9 rechargeable<\/strong>. Cet appareil haut de gamme est dot\u00e9 de 16 canaux de r\u00e9glages et sait reconna\u00eetre <strong>14 environnements<\/strong> d&#8217;\u00e9coute diff\u00e9rents.<\/p>\n<p>Il doit sa qualit\u00e9 sonore \u00e0 deux technologies de pointe : <strong>le SoundMap<\/strong>, qui permet une <strong>compr\u00e9hension claire de la parole<\/strong> et une <strong>appr\u00e9ciation naturelle<\/strong> <strong>de l\u2019environnement<\/strong>.\u00a0 Et le <strong>SoundTie<\/strong> qui permet aux utilisateurs de se connecter \u00e0 d&#8217;autres appareils tels que les t\u00e9l\u00e9phones ou la t\u00e9l\u00e9vision.<\/p>\n<p>L\u2019appareil auditif <strong>HearLink<\/strong> <strong>9010<\/strong> <strong>T<\/strong> <strong>R<\/strong> poss\u00e8de une <strong>bobine<\/strong> <strong>T<\/strong> (<strong>boucle<\/strong> <strong>magn\u00e9tique<\/strong>). Ce syst\u00e8me permet de <strong>retransmettre<\/strong> les informations sonores de certains lieux publics <strong>directement dans vos aides auditives<\/strong> (Gare, Th\u00e9\u00e2tre, cin\u00e9ma\u2026)<\/p>\n<p><strong>Envie de tester l&#8217;appareil auditif Philips miniRITE T R 9010 ? Prenez rendez-vous directement sur notre site.<\/strong>\u00a0Vous serez re\u00e7u par l&#8217;un de nos audioproth\u00e9sistes qui conseillera une solution adapt\u00e9e \u00e0 vos besoins et \u00e0 votre audition. Si vous avez d\u00e9j\u00e0 une prescription m\u00e9dicale, vous aurez la possibilit\u00e9 d&#8217;effectuer un essai gratuit d&#8217;un mois.<\/p>\n<p>&nbsp;<\/p>\n<h4><strong>Un appareil rechargeable <\/strong><\/h4>\n<p>Le <strong>HearLink<\/strong> <strong>miniRITE<\/strong> <strong>T<\/strong> <strong>R<\/strong> <strong>9010<\/strong> est un syst\u00e8me <strong>rechargeable<\/strong>. Grace \u00e0 sa <strong>batterie<\/strong> <strong>lithium<\/strong>&#8211;<strong>ion<\/strong>, il offre une <strong>charge<\/strong> <strong>rapide<\/strong> (100% de charge en seulement <strong>3h00<\/strong>) pour une journ\u00e9e compl\u00e8te d\u2019utilisation. (L\u2019autonomie de l\u2019appareil d\u00e9pend de la perte d\u2019audition du patient, du temps d\u2019utilisation, de la fr\u00e9quence de connectivit\u00e9 avec Bluetooth etc\u2026)<\/p>\n<h4><strong>Une qualit\u00e9 d&#8217;\u00e9coute sup\u00e9rieure<\/strong><\/h4>\n<p>Le <strong>SoundMap<\/strong> offre une <strong>compr\u00e9hension<\/strong> <strong>claire<\/strong> de la <strong>parole<\/strong> ainsi qu\u2019une <strong>excellente<\/strong> <strong>qualit\u00e9<\/strong> de <strong>l\u2019environnement<\/strong> gr\u00e2ce \u00e0 trois grands principes.<\/p>\n<p><strong>Les<\/strong> <strong>r\u00e9ducteurs<\/strong> <strong>de<\/strong> <strong>bruits<\/strong>. L\u2019appareil capte le <strong>son<\/strong> \u00e0\u00a0 <strong>360<\/strong>\u00b0 gr\u00e2ce aux <strong>micros<\/strong> <strong>directionnels<\/strong> et active les r\u00e9ducteurs de bruits lorsqu&#8217;il\u00a0analyse une <strong>situation<\/strong> <strong>bruyante<\/strong>.<\/p>\n<p><strong>L&#8217;amplification<\/strong> <strong>sonore<\/strong>. Une fois que l\u2019appareil a dissoci\u00e9 la parole du bruit, et que les <strong>r\u00e9ducteurs<\/strong> de <strong>bruits<\/strong> sont <strong>activ\u00e9s<\/strong>, il peut de <strong>fa\u00e7on<\/strong> <strong>ma\u00eetris\u00e9e<\/strong>, <strong>augmenter<\/strong> <strong>le<\/strong> <strong>signal<\/strong> <strong>de<\/strong> <strong>parole<\/strong>.<\/p>\n<p><strong>La<\/strong> <strong>suppression<\/strong> <strong>du<\/strong> <strong>larsen<\/strong>. Le larsen se d\u00e9fini comme un <strong>sifflement<\/strong> de l\u2019appareil auditif. Il appara\u00eet en autre,\u00a0 lorsque la perte auditive n\u00e9cessite une <strong>forte amplification.<\/strong> Avec <strong>son<\/strong> <strong>anti<\/strong>&#8211;<strong>larsen<\/strong> <strong>performant<\/strong>, l\u2019&#8217;audioproth\u00e9siste peut apporter une <strong>correction<\/strong> <strong>auditive<\/strong> <strong>suffisante<\/strong>, avec un risque de <strong>sifflement<\/strong> <strong>minime<\/strong>.<\/p>\n<h4><strong>Une connectivit\u00e9 avec le monde\u00a0<\/strong><strong>ext\u00e9rieur<\/strong><\/h4>\n<p><strong>La<\/strong> <strong>technologie<\/strong> <strong>SoundTie<\/strong> vous permet de rester connect\u00e9 au monde ext\u00e9rieur.<\/p>\n<p>Les appareils auditifs Philips HearLink miniRITE TR sont made for <strong>IPhone<\/strong>. Vous recevez donc vos <strong>communications t\u00e9l\u00e9phoniques<\/strong> dans les appareils auditifs gr\u00e2ce au <strong>Bluetooth<\/strong> <strong>Low<\/strong> <strong>Energy<\/strong> <strong>2.4<\/strong> <strong>Ghz<\/strong>, sans avoir besoin d\u2019accessoire relais. Cette connectivit\u00e9 permet aussi <strong>d\u2019appr\u00e9cier<\/strong> vos <strong>musiques<\/strong> ou de regarder une <strong>vid\u00e9o<\/strong> depuis votre appareil (t\u00e9l\u00e9phone, tablette\u00a0\u2026)<\/p>\n<p>L\u2019application smartphone <strong>Philips<\/strong> <strong>HearLink<\/strong> est disponible sur <strong>Google Play<\/strong> ou <strong>Apple Store.<\/strong> Elle vous permet de <strong>r\u00e9gler<\/strong> le <strong>volume<\/strong> de vos <strong>appareils<\/strong>, de <strong>changer<\/strong> de <strong>programmes<\/strong> et v\u00e9rifier le niveau des piles.<\/p>\n<h4><strong>Compatibilit\u00e9 accessoires<\/strong><\/h4>\n<p>Ses aides auditives sont <strong>compatibles<\/strong> avec trois <strong>accessoires<\/strong>\u00a0:<\/p>\n<ul>\n<li><strong>L\u2019adaptateur TV<\/strong> qui transmet le son de la t\u00e9l\u00e9vision dans les appareils<\/li>\n<li><strong>Le kit main libre AudioClip<\/strong> pour recevoir les communications t\u00e9l\u00e9phoniques dans vos aides auditives. Il permet aussi d&#8217;am\u00e9liorer la qualit\u00e9 du son\/ (ce kit main libre est conseill\u00e9 pour les utilisateurs Android)<\/li>\n<li><strong>Une t\u00e9l\u00e9commande<\/strong> qui pilote le volume et les diff\u00e9rents programmes de vos appareils auditifs<\/li>\n<\/ul>\n<h4><strong>Fonctionnalit\u00e9s de l&#8217;appareil HearLink miniRITE T R 9010<\/strong><\/h4>\n<ul>\n<li>6 canaux de r\u00e9glages<\/li>\n<li>Certifi\u00e9 IP68<\/li>\n<li>Plage de fr\u00e9quence s&#8217;\u00e9tendant \u00e0 10 Khz<\/li>\n<li>Renforcement des basses fr\u00e9quences&gt;<\/li>\n<li>2 niveaux de directivit\u00e9 multicanaux<\/li>\n<li>Captation 360\u00b0<\/li>\n<li>R\u00e9duction de bruits environnants<\/li>\n<li>R\u00e9duction du bruit de vent<\/li>\n<li>R\u00e9ductions de bruits impulsionnels<\/li>\n<li>Streaming direct<\/li>\n<li>Bluetooth L\u00f6w energy 2.4 GHz<\/li>\n<li>14 environnements d&#8217;\u00e9coute<\/li>\n<li>Programme automatique<\/li>\n<li>Volume automatique<\/li>\n<li>Data logging<\/li>\n<li>Bobine T<\/li>\n<\/ul>\n","protected":false},"excerpt":{"rendered":"<p>Philips vous pr\u00e9sente le HearLink miniRITE 9010 T R, son premier contour d&#8217;oreille \u00e0 \u00e9couteur d\u00e9port\u00e9 rechargeable. Cet appareil haut de gamme est dot\u00e9 de 16 canaux de r\u00e9glages et sait reconna\u00eetre 14 environnements d&#8217;\u00e9coute diff\u00e9rents. Il doit sa qualit\u00e9 sonore \u00e0 deux technologies de pointe : le SoundMap, qui permet une compr\u00e9hension claire de [&hellip;]<\/p>\n","protected":false},"featured_media":20825,"template":"","meta":{"_acf_changed":false},"product_brand":[],"product_cat":[3095],"product_tag":[],"class_list":{"0":"post-24066","1":"product","2":"type-product","3":"status-publish","4":"has-post-thumbnail","6":"product_cat-philips-fr-be","8":"first","9":"instock","10":"taxable","11":"shipping-taxable","12":"purchasable","13":"product-type-simple"},"acf":[],"yoast_head":"<!-- This site is optimized with the Yoast SEO plugin v27.1.1 - https:\/\/yoast.com\/product\/yoast-seo-wordpress\/ -->\n<title>Appareil auditif Philips HearLink 9010 miniRITE T R \u00e0 2100\u20ac - Unisson Belgique<\/title>\n<meta name=\"description\" content=\"Philips vous pr\u00e9sente le HearLink miniRITE 9010 T R, son premier contour d&#039;oreille \u00e0 \u00e9couteur d\u00e9port\u00e9 rechargeable. Cet appareil haut de gamme est dot\u00e9 de\" \/>\n<meta name=\"robots\" content=\"index, follow, max-snippet:-1, max-image-preview:large, max-video-preview:-1\" \/>\n<link rel=\"canonical\" href=\"https:\/\/www.laboratoires-unisson.com\/fr-be\/wp-json\/wp\/v2\/product\/24066\" \/>\n<meta property=\"og:locale\" content=\"fr_FR\" \/>\n<meta property=\"og:type\" content=\"article\" \/>\n<meta property=\"og:title\" content=\"HearLink 9010 miniRITE T R - Laboratoires Unisson\" \/>\n<meta property=\"og:description\" content=\"Philips vous pr\u00e9sente le HearLink miniRITE 9010 T R, son premier contour d&#039;oreille \u00e0 \u00e9couteur d\u00e9port\u00e9 rechargeable. Cet appareil haut de gamme est dot\u00e9 de\" \/>\n<meta property=\"og:url\" content=\"https:\/\/www.laboratoires-unisson.com\/fr-be\/produit\/appareils-auditifs\/philips\/hearlink-9010-minirite-t-r\" \/>\n<meta property=\"og:site_name\" content=\"Laboratoires Unisson\" \/>\n<meta property=\"article:modified_time\" content=\"2025-12-03T09:07:55+00:00\" \/>\n<meta property=\"og:image\" content=\"https:\/\/www.laboratoires-unisson.com\/wp-content\/uploads\/2022\/05\/Philips-HearLink-9010-miniRITE-T-R.png\" \/>\n\t<meta property=\"og:image:width\" content=\"450\" \/>\n\t<meta property=\"og:image:height\" content=\"500\" \/>\n\t<meta property=\"og:image:type\" content=\"image\/png\" \/>\n<meta name=\"twitter:card\" content=\"summary_large_image\" \/>\n<meta name=\"twitter:label1\" content=\"Est. reading time\" \/>\n\t<meta name=\"twitter:data1\" content=\"4 minutes\" \/>\n<script type=\"application\/ld+json\" class=\"yoast-schema-graph\">{\"@context\":\"https:\/\/schema.org\",\"@graph\":[{\"@type\":\"WebPage\",\"@id\":\"https:\/\/www.laboratoires-unisson.com\/fr-be\/produit\/appareils-auditifs\/philips\/hearlink-9010-minirite-t-r\",\"url\":\"https:\/\/www.laboratoires-unisson.com\/fr-be\/produit\/appareils-auditifs\/philips\/hearlink-9010-minirite-t-r\",\"name\":\"HearLink 9010 miniRITE T R - Laboratoires Unisson\",\"isPartOf\":{\"@id\":\"https:\/\/www.laboratoires-unisson.com\/fr-be#website\"},\"primaryImageOfPage\":{\"@id\":\"https:\/\/www.laboratoires-unisson.com\/fr-be\/produit\/appareils-auditifs\/philips\/hearlink-9010-minirite-t-r#primaryimage\"},\"image\":{\"@id\":\"https:\/\/www.laboratoires-unisson.com\/fr-be\/produit\/appareils-auditifs\/philips\/hearlink-9010-minirite-t-r#primaryimage\"},\"thumbnailUrl\":\"https:\/\/www.laboratoires-unisson.com\/wp-content\/uploads\/2022\/05\/Philips-HearLink-9010-miniRITE-T-R.png\",\"datePublished\":\"2022-05-02T12:48:10+00:00\",\"dateModified\":\"2025-12-03T09:07:55+00:00\",\"description\":\"Philips vous pr\u00e9sente le HearLink miniRITE 9010 T R, son premier contour d'oreille \u00e0 \u00e9couteur d\u00e9port\u00e9 rechargeable. Cet appareil haut de gamme est dot\u00e9 de\",\"breadcrumb\":{\"@id\":\"https:\/\/www.laboratoires-unisson.com\/fr-be\/produit\/appareils-auditifs\/philips\/hearlink-9010-minirite-t-r#breadcrumb\"},\"inLanguage\":\"fr-BE\",\"potentialAction\":[{\"@type\":\"ReadAction\",\"target\":[\"https:\/\/www.laboratoires-unisson.com\/fr-be\/produit\/appareils-auditifs\/philips\/hearlink-9010-minirite-t-r\"]}]},{\"@type\":\"ImageObject\",\"inLanguage\":\"fr-BE\",\"@id\":\"https:\/\/www.laboratoires-unisson.com\/fr-be\/produit\/appareils-auditifs\/philips\/hearlink-9010-minirite-t-r#primaryimage\",\"url\":\"https:\/\/www.laboratoires-unisson.com\/wp-content\/uploads\/2022\/05\/Philips-HearLink-9010-miniRITE-T-R.png\",\"contentUrl\":\"https:\/\/www.laboratoires-unisson.com\/wp-content\/uploads\/2022\/05\/Philips-HearLink-9010-miniRITE-T-R.png\",\"width\":450,\"height\":500},{\"@type\":\"BreadcrumbList\",\"@id\":\"https:\/\/www.laboratoires-unisson.com\/fr-be\/produit\/appareils-auditifs\/philips\/hearlink-9010-minirite-t-r#breadcrumb\",\"itemListElement\":[{\"@type\":\"ListItem\",\"position\":1,\"name\":\"Shop\",\"item\":\"https:\/\/www.laboratoires-unisson.com\/fr-be\/shop\"},{\"@type\":\"ListItem\",\"position\":2,\"name\":\"HearLink 9010 miniRITE T R\"}]},{\"@type\":\"WebSite\",\"@id\":\"https:\/\/www.laboratoires-unisson.com\/fr-be#website\",\"url\":\"https:\/\/www.laboratoires-unisson.com\/fr-be\",\"name\":\"Laboratoires Unisson\",\"description\":\"Appareil auditif et proth\u00e8se auditive Moins Cher jusqu&#039;\u00e0 -40%\",\"publisher\":{\"@id\":\"https:\/\/www.laboratoires-unisson.com\/fr-be#organization\"},\"potentialAction\":[{\"@type\":\"SearchAction\",\"target\":{\"@type\":\"EntryPoint\",\"urlTemplate\":\"https:\/\/www.laboratoires-unisson.com\/fr-be?s={search_term_string}\"},\"query-input\":{\"@type\":\"PropertyValueSpecification\",\"valueRequired\":true,\"valueName\":\"search_term_string\"}}],\"inLanguage\":\"fr-BE\"},{\"@type\":\"Organization\",\"@id\":\"https:\/\/www.laboratoires-unisson.com\/fr-be#organization\",\"name\":\"Laboratoires Unisson\",\"url\":\"https:\/\/www.laboratoires-unisson.com\/fr-be\",\"logo\":{\"@type\":\"ImageObject\",\"inLanguage\":\"fr-BE\",\"@id\":\"https:\/\/www.laboratoires-unisson.com\/fr-be#\/schema\/logo\/image\/\",\"url\":\"https:\/\/www.laboratoires-unisson.com\/wp-content\/uploads\/2022\/01\/logo-unisson.svg\",\"contentUrl\":\"https:\/\/www.laboratoires-unisson.com\/wp-content\/uploads\/2022\/01\/logo-unisson.svg\",\"width\":1,\"height\":1,\"caption\":\"Laboratoires Unisson\"},\"image\":{\"@id\":\"https:\/\/www.laboratoires-unisson.com\/fr-be#\/schema\/logo\/image\/\"}}]}<\/script>\n<!-- \/ Yoast SEO plugin. -->","yoast_head_json":{"title":"Appareil auditif Philips HearLink 9010 miniRITE T R \u00e0 2100\u20ac - Unisson Belgique","description":"Philips vous pr\u00e9sente le HearLink miniRITE 9010 T R, son premier contour d'oreille \u00e0 \u00e9couteur d\u00e9port\u00e9 rechargeable. Cet appareil haut de gamme est dot\u00e9 de","robots":{"index":"index","follow":"follow","max-snippet":"max-snippet:-1","max-image-preview":"max-image-preview:large","max-video-preview":"max-video-preview:-1"},"canonical":"https:\/\/www.laboratoires-unisson.com\/fr-be\/wp-json\/wp\/v2\/product\/24066","og_locale":"fr_FR","og_type":"article","og_title":"HearLink 9010 miniRITE T R - Laboratoires Unisson","og_description":"Philips vous pr\u00e9sente le HearLink miniRITE 9010 T R, son premier contour d'oreille \u00e0 \u00e9couteur d\u00e9port\u00e9 rechargeable. Cet appareil haut de gamme est dot\u00e9 de","og_url":"https:\/\/www.laboratoires-unisson.com\/fr-be\/produit\/appareils-auditifs\/philips\/hearlink-9010-minirite-t-r","og_site_name":"Laboratoires Unisson","article_modified_time":"2025-12-03T09:07:55+00:00","og_image":[{"width":450,"height":500,"url":"https:\/\/www.laboratoires-unisson.com\/wp-content\/uploads\/2022\/05\/Philips-HearLink-9010-miniRITE-T-R.png","type":"image\/png"}],"twitter_card":"summary_large_image","twitter_misc":{"Est. reading time":"4 minutes"},"schema":{"@context":"https:\/\/schema.org","@graph":[{"@type":"WebPage","@id":"https:\/\/www.laboratoires-unisson.com\/fr-be\/produit\/appareils-auditifs\/philips\/hearlink-9010-minirite-t-r","url":"https:\/\/www.laboratoires-unisson.com\/fr-be\/produit\/appareils-auditifs\/philips\/hearlink-9010-minirite-t-r","name":"HearLink 9010 miniRITE T R - Laboratoires Unisson","isPartOf":{"@id":"https:\/\/www.laboratoires-unisson.com\/fr-be#website"},"primaryImageOfPage":{"@id":"https:\/\/www.laboratoires-unisson.com\/fr-be\/produit\/appareils-auditifs\/philips\/hearlink-9010-minirite-t-r#primaryimage"},"image":{"@id":"https:\/\/www.laboratoires-unisson.com\/fr-be\/produit\/appareils-auditifs\/philips\/hearlink-9010-minirite-t-r#primaryimage"},"thumbnailUrl":"https:\/\/www.laboratoires-unisson.com\/wp-content\/uploads\/2022\/05\/Philips-HearLink-9010-miniRITE-T-R.png","datePublished":"2022-05-02T12:48:10+00:00","dateModified":"2025-12-03T09:07:55+00:00","description":"Philips vous pr\u00e9sente le HearLink miniRITE 9010 T R, son premier contour d'oreille \u00e0 \u00e9couteur d\u00e9port\u00e9 rechargeable. Cet appareil haut de gamme est dot\u00e9 de","breadcrumb":{"@id":"https:\/\/www.laboratoires-unisson.com\/fr-be\/produit\/appareils-auditifs\/philips\/hearlink-9010-minirite-t-r#breadcrumb"},"inLanguage":"fr-BE","potentialAction":[{"@type":"ReadAction","target":["https:\/\/www.laboratoires-unisson.com\/fr-be\/produit\/appareils-auditifs\/philips\/hearlink-9010-minirite-t-r"]}]},{"@type":"ImageObject","inLanguage":"fr-BE","@id":"https:\/\/www.laboratoires-unisson.com\/fr-be\/produit\/appareils-auditifs\/philips\/hearlink-9010-minirite-t-r#primaryimage","url":"https:\/\/www.laboratoires-unisson.com\/wp-content\/uploads\/2022\/05\/Philips-HearLink-9010-miniRITE-T-R.png","contentUrl":"https:\/\/www.laboratoires-unisson.com\/wp-content\/uploads\/2022\/05\/Philips-HearLink-9010-miniRITE-T-R.png","width":450,"height":500},{"@type":"BreadcrumbList","@id":"https:\/\/www.laboratoires-unisson.com\/fr-be\/produit\/appareils-auditifs\/philips\/hearlink-9010-minirite-t-r#breadcrumb","itemListElement":[{"@type":"ListItem","position":1,"name":"Shop","item":"https:\/\/www.laboratoires-unisson.com\/fr-be\/shop"},{"@type":"ListItem","position":2,"name":"HearLink 9010 miniRITE T R"}]},{"@type":"WebSite","@id":"https:\/\/www.laboratoires-unisson.com\/fr-be#website","url":"https:\/\/www.laboratoires-unisson.com\/fr-be","name":"Laboratoires Unisson","description":"Appareil auditif et proth\u00e8se auditive Moins Cher jusqu&#039;\u00e0 -40%","publisher":{"@id":"https:\/\/www.laboratoires-unisson.com\/fr-be#organization"},"potentialAction":[{"@type":"SearchAction","target":{"@type":"EntryPoint","urlTemplate":"https:\/\/www.laboratoires-unisson.com\/fr-be?s={search_term_string}"},"query-input":{"@type":"PropertyValueSpecification","valueRequired":true,"valueName":"search_term_string"}}],"inLanguage":"fr-BE"},{"@type":"Organization","@id":"https:\/\/www.laboratoires-unisson.com\/fr-be#organization","name":"Laboratoires Unisson","url":"https:\/\/www.laboratoires-unisson.com\/fr-be","logo":{"@type":"ImageObject","inLanguage":"fr-BE","@id":"https:\/\/www.laboratoires-unisson.com\/fr-be#\/schema\/logo\/image\/","url":"https:\/\/www.laboratoires-unisson.com\/wp-content\/uploads\/2022\/01\/logo-unisson.svg","contentUrl":"https:\/\/www.laboratoires-unisson.com\/wp-content\/uploads\/2022\/01\/logo-unisson.svg","width":1,"height":1,"caption":"Laboratoires Unisson"},"image":{"@id":"https:\/\/www.laboratoires-unisson.com\/fr-be#\/schema\/logo\/image\/"}}]}},"_links":{"self":[{"href":"https:\/\/www.laboratoires-unisson.com\/fr-be\/wp-json\/wp\/v2\/product\/24066","targetHints":{"allow":["GET"]}}],"collection":[{"href":"https:\/\/www.laboratoires-unisson.com\/fr-be\/wp-json\/wp\/v2\/product"}],"about":[{"href":"https:\/\/www.laboratoires-unisson.com\/fr-be\/wp-json\/wp\/v2\/types\/product"}],"wp:featuredmedia":[{"embeddable":true,"href":"https:\/\/www.laboratoires-unisson.com\/fr-be\/wp-json\/wp\/v2\/media\/20825"}],"wp:attachment":[{"href":"https:\/\/www.laboratoires-unisson.com\/fr-be\/wp-json\/wp\/v2\/media?parent=24066"}],"wp:term":[{"taxonomy":"product_brand","embeddable":true,"href":"https:\/\/www.laboratoires-unisson.com\/fr-be\/wp-json\/wp\/v2\/product_brand?post=24066"},{"taxonomy":"product_cat","embeddable":true,"href":"https:\/\/www.laboratoires-unisson.com\/fr-be\/wp-json\/wp\/v2\/product_cat?post=24066"},{"taxonomy":"product_tag","embeddable":true,"href":"https:\/\/www.laboratoires-unisson.com\/fr-be\/wp-json\/wp\/v2\/product_tag?post=24066"}],"curies":[{"name":"wp","href":"https:\/\/api.w.org\/{rel}","templated":true}]}}