{"id":24067,"date":"2022-05-02T14:48:27","date_gmt":"2022-05-02T12:48:27","guid":{"rendered":"https:\/\/www.laboratoires-unisson.com\/produit\/hearlink-9030-minibte-t"},"modified":"2025-12-03T10:07:55","modified_gmt":"2025-12-03T09:07:55","slug":"hearlink-9030-minibte-t","status":"publish","type":"product","link":"https:\/\/www.laboratoires-unisson.com\/fr-be\/produit\/appareils-auditifs\/philips\/hearlink-9030-minibte-t","title":{"rendered":"HearLink 9030 miniBTE T"},"content":{"rendered":"<p>L&#8217;appareil auditif Philips HearLink 9030 miniBTE 312 T est un <strong>mod\u00e8le haut de gamme en contour d&#8217;oreille classique<\/strong> (BTE) connect\u00e9, id\u00e9al pour une perte auditive l\u00e9g\u00e8re \u00e0 s\u00e9v\u00e8re.<\/p>\n<h3>Caract\u00e9ristiques du mod\u00e8le Philips HearLink 9030 miniBTE 312 T<\/h3>\n<ul>\n<li>24 bandes de r\u00e9glages<\/li>\n<li>4 programmes<\/li>\n<li>Bande passante \u00e9largie \u00e0 10 kHz<\/li>\n<li>Bobine \u00e0 induction T<\/li>\n<li>Double bouton poussoir<\/li>\n<li>Voyant lumineux LED<\/li>\n<li>Certification IP68<\/li>\n<li>Rev\u00eatement hydrophobe<\/li>\n<li>Compatible avec les \u00e9couteurs miniFIT<\/li>\n<li>Connexion Bluetooth<\/li>\n<li>Streaming audio direct<\/li>\n<li>Communication mains libres (uniquement pour certains mod\u00e8les d&#8217;iPhone)<\/li>\n<li>R\u00e9glages \u00e0 distance<\/li>\n<li>Application mobile<\/li>\n<\/ul>\n<h3>Technologies de la gamme Philips HearLink 9030<\/h3>\n<p>La nouvelle gamme d&#8217;appareils auditifs Philips HearLink 9030 int\u00e8gre une technologie h\u00e9rit\u00e9e de la g\u00e9n\u00e9ration pr\u00e9c\u00e9dente. On citera\u00a0notamment :<\/p>\n<ul>\n<li>La synchronisation binaurale du programme\/contr\u00f4le du volume,<\/li>\n<li>Des microphones directionnels multicanaux, automatiques et adaptatifs,<\/li>\n<li>La r\u00e9duction du bruit du vent et la r\u00e9duction du bruit transitoire<\/li>\n<li>etc.<\/li>\n<\/ul>\n<p>De plus, quelques nouveaut\u00e9s font leur apparition dans les aides auditives Philips :<\/p>\n<ul>\n<li>Nouvelles options de connectivit\u00e9 avec Apple et les nouvelles capacit\u00e9s de streaming Android<\/li>\n<li>Am\u00e9lioration de la r\u00e9duction du bruit via le SoundMap2<\/li>\n<li>Nouveaux d\u00f4mes redessin\u00e9s : le d\u00f4me OpenBass, le plus abouti du secteur, qui est sculpt\u00e9 avec des SoundTunnels<\/li>\n<\/ul>\n<h3>HearLink 9030 miniBTE 312 T, un appareil auditif connect\u00e9<\/h3>\n<p>Ce mod\u00e8le est \u00e9quip\u00e9 d&#8217;une <strong>connexion Bluetooth<\/strong> Low Energy 2,4 GHz et offre un streaming audio direct sur les smartphones iOS et Android \u00e0 l&#8217;aide du protocole ASHA.<\/p>\n<p>De nombreux accessoires sont disponibles pour enrichir votre exp\u00e9rience auditive :<\/p>\n<ul>\n<li>T\u00e9l\u00e9commande,<\/li>\n<li>Adaptateur TV,<\/li>\n<li>AudioClip,<\/li>\n<li>Application mobile Philips HearLink<\/li>\n<\/ul>\n","protected":false},"excerpt":{"rendered":"<p>L&#8217;appareil auditif Philips HearLink 9030 miniBTE 312 T est un mod\u00e8le haut de gamme en contour d&#8217;oreille classique (BTE) connect\u00e9, id\u00e9al pour une perte auditive l\u00e9g\u00e8re \u00e0 s\u00e9v\u00e8re. Caract\u00e9ristiques du mod\u00e8le Philips HearLink 9030 miniBTE 312 T 24 bandes de r\u00e9glages 4 programmes Bande passante \u00e9largie \u00e0 10 kHz Bobine \u00e0 induction T Double bouton [&hellip;]<\/p>\n","protected":false},"featured_media":20820,"template":"","meta":{"_acf_changed":false},"product_brand":[],"product_cat":[3095],"product_tag":[],"class_list":{"0":"post-24067","1":"product","2":"type-product","3":"status-publish","4":"has-post-thumbnail","6":"product_cat-philips-fr-be","8":"first","9":"instock","10":"taxable","11":"shipping-taxable","12":"purchasable","13":"product-type-simple"},"acf":[],"yoast_head":"<!-- This site is optimized with the Yoast SEO plugin v27.1.1 - https:\/\/yoast.com\/product\/yoast-seo-wordpress\/ -->\n<title>Appareil auditif Philips HearLink 9030 miniBTE T \u00e0 2100\u20ac - Unisson Belgique<\/title>\n<meta name=\"description\" content=\"L&#039;appareil auditif Philips HearLink 9030 miniBTE 312 T est un mod\u00e8le haut de gamme en contour d&#039;oreille classique (BTE) connect\u00e9, id\u00e9al pour une perte\" \/>\n<meta name=\"robots\" content=\"index, follow, max-snippet:-1, max-image-preview:large, max-video-preview:-1\" \/>\n<link rel=\"canonical\" href=\"https:\/\/www.laboratoires-unisson.com\/fr-be\/wp-json\/wp\/v2\/product\/24067\" \/>\n<meta property=\"og:locale\" content=\"fr_FR\" \/>\n<meta property=\"og:type\" content=\"article\" \/>\n<meta property=\"og:title\" content=\"HearLink 9030 miniBTE T - Laboratoires Unisson\" \/>\n<meta property=\"og:description\" content=\"L&#039;appareil auditif Philips HearLink 9030 miniBTE 312 T est un mod\u00e8le haut de gamme en contour d&#039;oreille classique (BTE) connect\u00e9, id\u00e9al pour une perte\" \/>\n<meta property=\"og:url\" content=\"https:\/\/www.laboratoires-unisson.com\/fr-be\/produit\/appareils-auditifs\/philips\/hearlink-9030-minibte-t\" \/>\n<meta property=\"og:site_name\" content=\"Laboratoires Unisson\" \/>\n<meta property=\"article:modified_time\" content=\"2025-12-03T09:07:55+00:00\" \/>\n<meta property=\"og:image\" content=\"https:\/\/www.laboratoires-unisson.com\/wp-content\/uploads\/2022\/05\/Philips-HearLink-9030-miniBTE-T.png\" \/>\n\t<meta property=\"og:image:width\" content=\"450\" \/>\n\t<meta property=\"og:image:height\" content=\"550\" \/>\n\t<meta property=\"og:image:type\" content=\"image\/png\" \/>\n<meta name=\"twitter:card\" content=\"summary_large_image\" \/>\n<meta name=\"twitter:label1\" content=\"Est. reading time\" \/>\n\t<meta name=\"twitter:data1\" content=\"2 minutes\" \/>\n<script type=\"application\/ld+json\" class=\"yoast-schema-graph\">{\"@context\":\"https:\/\/schema.org\",\"@graph\":[{\"@type\":\"WebPage\",\"@id\":\"https:\/\/www.laboratoires-unisson.com\/fr-be\/produit\/appareils-auditifs\/philips\/hearlink-9030-minibte-t\",\"url\":\"https:\/\/www.laboratoires-unisson.com\/fr-be\/produit\/appareils-auditifs\/philips\/hearlink-9030-minibte-t\",\"name\":\"HearLink 9030 miniBTE T - Laboratoires Unisson\",\"isPartOf\":{\"@id\":\"https:\/\/www.laboratoires-unisson.com\/fr-be#website\"},\"primaryImageOfPage\":{\"@id\":\"https:\/\/www.laboratoires-unisson.com\/fr-be\/produit\/appareils-auditifs\/philips\/hearlink-9030-minibte-t#primaryimage\"},\"image\":{\"@id\":\"https:\/\/www.laboratoires-unisson.com\/fr-be\/produit\/appareils-auditifs\/philips\/hearlink-9030-minibte-t#primaryimage\"},\"thumbnailUrl\":\"https:\/\/www.laboratoires-unisson.com\/wp-content\/uploads\/2022\/05\/Philips-HearLink-9030-miniBTE-T.png\",\"datePublished\":\"2022-05-02T12:48:27+00:00\",\"dateModified\":\"2025-12-03T09:07:55+00:00\",\"description\":\"L'appareil auditif Philips HearLink 9030 miniBTE 312 T est un mod\u00e8le haut de gamme en contour d'oreille classique (BTE) connect\u00e9, id\u00e9al pour une perte\",\"breadcrumb\":{\"@id\":\"https:\/\/www.laboratoires-unisson.com\/fr-be\/produit\/appareils-auditifs\/philips\/hearlink-9030-minibte-t#breadcrumb\"},\"inLanguage\":\"fr-BE\",\"potentialAction\":[{\"@type\":\"ReadAction\",\"target\":[\"https:\/\/www.laboratoires-unisson.com\/fr-be\/produit\/appareils-auditifs\/philips\/hearlink-9030-minibte-t\"]}]},{\"@type\":\"ImageObject\",\"inLanguage\":\"fr-BE\",\"@id\":\"https:\/\/www.laboratoires-unisson.com\/fr-be\/produit\/appareils-auditifs\/philips\/hearlink-9030-minibte-t#primaryimage\",\"url\":\"https:\/\/www.laboratoires-unisson.com\/wp-content\/uploads\/2022\/05\/Philips-HearLink-9030-miniBTE-T.png\",\"contentUrl\":\"https:\/\/www.laboratoires-unisson.com\/wp-content\/uploads\/2022\/05\/Philips-HearLink-9030-miniBTE-T.png\",\"width\":450,\"height\":550},{\"@type\":\"BreadcrumbList\",\"@id\":\"https:\/\/www.laboratoires-unisson.com\/fr-be\/produit\/appareils-auditifs\/philips\/hearlink-9030-minibte-t#breadcrumb\",\"itemListElement\":[{\"@type\":\"ListItem\",\"position\":1,\"name\":\"Shop\",\"item\":\"https:\/\/www.laboratoires-unisson.com\/fr-be\/shop\"},{\"@type\":\"ListItem\",\"position\":2,\"name\":\"HearLink 9030 miniBTE T\"}]},{\"@type\":\"WebSite\",\"@id\":\"https:\/\/www.laboratoires-unisson.com\/fr-be#website\",\"url\":\"https:\/\/www.laboratoires-unisson.com\/fr-be\",\"name\":\"Laboratoires Unisson\",\"description\":\"Appareil auditif et proth\u00e8se auditive Moins Cher jusqu&#039;\u00e0 -40%\",\"publisher\":{\"@id\":\"https:\/\/www.laboratoires-unisson.com\/fr-be#organization\"},\"potentialAction\":[{\"@type\":\"SearchAction\",\"target\":{\"@type\":\"EntryPoint\",\"urlTemplate\":\"https:\/\/www.laboratoires-unisson.com\/fr-be?s={search_term_string}\"},\"query-input\":{\"@type\":\"PropertyValueSpecification\",\"valueRequired\":true,\"valueName\":\"search_term_string\"}}],\"inLanguage\":\"fr-BE\"},{\"@type\":\"Organization\",\"@id\":\"https:\/\/www.laboratoires-unisson.com\/fr-be#organization\",\"name\":\"Laboratoires Unisson\",\"url\":\"https:\/\/www.laboratoires-unisson.com\/fr-be\",\"logo\":{\"@type\":\"ImageObject\",\"inLanguage\":\"fr-BE\",\"@id\":\"https:\/\/www.laboratoires-unisson.com\/fr-be#\/schema\/logo\/image\/\",\"url\":\"https:\/\/www.laboratoires-unisson.com\/wp-content\/uploads\/2022\/01\/logo-unisson.svg\",\"contentUrl\":\"https:\/\/www.laboratoires-unisson.com\/wp-content\/uploads\/2022\/01\/logo-unisson.svg\",\"width\":1,\"height\":1,\"caption\":\"Laboratoires Unisson\"},\"image\":{\"@id\":\"https:\/\/www.laboratoires-unisson.com\/fr-be#\/schema\/logo\/image\/\"}}]}<\/script>\n<!-- \/ Yoast SEO plugin. -->","yoast_head_json":{"title":"Appareil auditif Philips HearLink 9030 miniBTE T \u00e0 2100\u20ac - Unisson Belgique","description":"L'appareil auditif Philips HearLink 9030 miniBTE 312 T est un mod\u00e8le haut de gamme en contour d'oreille classique (BTE) connect\u00e9, id\u00e9al pour une perte","robots":{"index":"index","follow":"follow","max-snippet":"max-snippet:-1","max-image-preview":"max-image-preview:large","max-video-preview":"max-video-preview:-1"},"canonical":"https:\/\/www.laboratoires-unisson.com\/fr-be\/wp-json\/wp\/v2\/product\/24067","og_locale":"fr_FR","og_type":"article","og_title":"HearLink 9030 miniBTE T - Laboratoires Unisson","og_description":"L'appareil auditif Philips HearLink 9030 miniBTE 312 T est un mod\u00e8le haut de gamme en contour d'oreille classique (BTE) connect\u00e9, id\u00e9al pour une perte","og_url":"https:\/\/www.laboratoires-unisson.com\/fr-be\/produit\/appareils-auditifs\/philips\/hearlink-9030-minibte-t","og_site_name":"Laboratoires Unisson","article_modified_time":"2025-12-03T09:07:55+00:00","og_image":[{"width":450,"height":550,"url":"https:\/\/www.laboratoires-unisson.com\/wp-content\/uploads\/2022\/05\/Philips-HearLink-9030-miniBTE-T.png","type":"image\/png"}],"twitter_card":"summary_large_image","twitter_misc":{"Est. reading time":"2 minutes"},"schema":{"@context":"https:\/\/schema.org","@graph":[{"@type":"WebPage","@id":"https:\/\/www.laboratoires-unisson.com\/fr-be\/produit\/appareils-auditifs\/philips\/hearlink-9030-minibte-t","url":"https:\/\/www.laboratoires-unisson.com\/fr-be\/produit\/appareils-auditifs\/philips\/hearlink-9030-minibte-t","name":"HearLink 9030 miniBTE T - Laboratoires Unisson","isPartOf":{"@id":"https:\/\/www.laboratoires-unisson.com\/fr-be#website"},"primaryImageOfPage":{"@id":"https:\/\/www.laboratoires-unisson.com\/fr-be\/produit\/appareils-auditifs\/philips\/hearlink-9030-minibte-t#primaryimage"},"image":{"@id":"https:\/\/www.laboratoires-unisson.com\/fr-be\/produit\/appareils-auditifs\/philips\/hearlink-9030-minibte-t#primaryimage"},"thumbnailUrl":"https:\/\/www.laboratoires-unisson.com\/wp-content\/uploads\/2022\/05\/Philips-HearLink-9030-miniBTE-T.png","datePublished":"2022-05-02T12:48:27+00:00","dateModified":"2025-12-03T09:07:55+00:00","description":"L'appareil auditif Philips HearLink 9030 miniBTE 312 T est un mod\u00e8le haut de gamme en contour d'oreille classique (BTE) connect\u00e9, id\u00e9al pour une perte","breadcrumb":{"@id":"https:\/\/www.laboratoires-unisson.com\/fr-be\/produit\/appareils-auditifs\/philips\/hearlink-9030-minibte-t#breadcrumb"},"inLanguage":"fr-BE","potentialAction":[{"@type":"ReadAction","target":["https:\/\/www.laboratoires-unisson.com\/fr-be\/produit\/appareils-auditifs\/philips\/hearlink-9030-minibte-t"]}]},{"@type":"ImageObject","inLanguage":"fr-BE","@id":"https:\/\/www.laboratoires-unisson.com\/fr-be\/produit\/appareils-auditifs\/philips\/hearlink-9030-minibte-t#primaryimage","url":"https:\/\/www.laboratoires-unisson.com\/wp-content\/uploads\/2022\/05\/Philips-HearLink-9030-miniBTE-T.png","contentUrl":"https:\/\/www.laboratoires-unisson.com\/wp-content\/uploads\/2022\/05\/Philips-HearLink-9030-miniBTE-T.png","width":450,"height":550},{"@type":"BreadcrumbList","@id":"https:\/\/www.laboratoires-unisson.com\/fr-be\/produit\/appareils-auditifs\/philips\/hearlink-9030-minibte-t#breadcrumb","itemListElement":[{"@type":"ListItem","position":1,"name":"Shop","item":"https:\/\/www.laboratoires-unisson.com\/fr-be\/shop"},{"@type":"ListItem","position":2,"name":"HearLink 9030 miniBTE T"}]},{"@type":"WebSite","@id":"https:\/\/www.laboratoires-unisson.com\/fr-be#website","url":"https:\/\/www.laboratoires-unisson.com\/fr-be","name":"Laboratoires Unisson","description":"Appareil auditif et proth\u00e8se auditive Moins Cher jusqu&#039;\u00e0 -40%","publisher":{"@id":"https:\/\/www.laboratoires-unisson.com\/fr-be#organization"},"potentialAction":[{"@type":"SearchAction","target":{"@type":"EntryPoint","urlTemplate":"https:\/\/www.laboratoires-unisson.com\/fr-be?s={search_term_string}"},"query-input":{"@type":"PropertyValueSpecification","valueRequired":true,"valueName":"search_term_string"}}],"inLanguage":"fr-BE"},{"@type":"Organization","@id":"https:\/\/www.laboratoires-unisson.com\/fr-be#organization","name":"Laboratoires Unisson","url":"https:\/\/www.laboratoires-unisson.com\/fr-be","logo":{"@type":"ImageObject","inLanguage":"fr-BE","@id":"https:\/\/www.laboratoires-unisson.com\/fr-be#\/schema\/logo\/image\/","url":"https:\/\/www.laboratoires-unisson.com\/wp-content\/uploads\/2022\/01\/logo-unisson.svg","contentUrl":"https:\/\/www.laboratoires-unisson.com\/wp-content\/uploads\/2022\/01\/logo-unisson.svg","width":1,"height":1,"caption":"Laboratoires Unisson"},"image":{"@id":"https:\/\/www.laboratoires-unisson.com\/fr-be#\/schema\/logo\/image\/"}}]}},"_links":{"self":[{"href":"https:\/\/www.laboratoires-unisson.com\/fr-be\/wp-json\/wp\/v2\/product\/24067","targetHints":{"allow":["GET"]}}],"collection":[{"href":"https:\/\/www.laboratoires-unisson.com\/fr-be\/wp-json\/wp\/v2\/product"}],"about":[{"href":"https:\/\/www.laboratoires-unisson.com\/fr-be\/wp-json\/wp\/v2\/types\/product"}],"wp:featuredmedia":[{"embeddable":true,"href":"https:\/\/www.laboratoires-unisson.com\/fr-be\/wp-json\/wp\/v2\/media\/20820"}],"wp:attachment":[{"href":"https:\/\/www.laboratoires-unisson.com\/fr-be\/wp-json\/wp\/v2\/media?parent=24067"}],"wp:term":[{"taxonomy":"product_brand","embeddable":true,"href":"https:\/\/www.laboratoires-unisson.com\/fr-be\/wp-json\/wp\/v2\/product_brand?post=24067"},{"taxonomy":"product_cat","embeddable":true,"href":"https:\/\/www.laboratoires-unisson.com\/fr-be\/wp-json\/wp\/v2\/product_cat?post=24067"},{"taxonomy":"product_tag","embeddable":true,"href":"https:\/\/www.laboratoires-unisson.com\/fr-be\/wp-json\/wp\/v2\/product_tag?post=24067"}],"curies":[{"name":"wp","href":"https:\/\/api.w.org\/{rel}","templated":true}]}}