{"id":24068,"date":"2022-05-02T14:48:26","date_gmt":"2022-05-02T12:48:26","guid":{"rendered":"https:\/\/www.laboratoires-unisson.com\/produit\/hearlink-9030-minibte-t-r"},"modified":"2025-12-03T10:07:56","modified_gmt":"2025-12-03T09:07:56","slug":"hearlink-9030-minibte-t-r","status":"publish","type":"product","link":"https:\/\/www.laboratoires-unisson.com\/fr-be\/produit\/appareils-auditifs\/philips\/hearlink-9030-minibte-t-r","title":{"rendered":"HearLink 9030 miniBTE T R"},"content":{"rendered":"<p>L&#8217;aide auditive Philips HearLink 9030 miniBTE T R est un<strong> appareil haut de gamme BTE connect\u00e9 et rechargeable<\/strong>, id\u00e9al pour une perte auditive l\u00e9g\u00e8re \u00e0 s\u00e9v\u00e8re.<\/p>\n<p>Ce mod\u00e8le est dot\u00e9 d&#8217;une technologie sonore bas\u00e9e sur :<\/p>\n<ul>\n<li>L&#8217;intelligence artificielle pour rendre la parole plus claire dans le bruit,<\/li>\n<li>Le Speech Clarifier pour permettre \u00e0 la parole de mieux se d\u00e9marquer dans un environnement bruyant,<\/li>\n<li>Le d\u00f4me OpenBass, le plus abouti du secteur, sculpt\u00e9 avec des SoundTunnels<\/li>\n<\/ul>\n<h3>Les technologies de la gamme Philips HearLink 9030<\/h3>\n<h4>SoundMap 2<\/h4>\n<p>SoundMap 2 est le nom donn\u00e9 au syst\u00e8me de traitement du son de HearLink qui contient notamment une nouvelle fonction de r\u00e9duction du bruit bas\u00e9e sur l&#8217;intelligence artificielle (IA), une amplification multicanal et une annulation du larsen.<\/p>\n<h4>Speech Clarifier<\/h4>\n<p>Il s&#8217;agit d&#8217;une nouvelle fonctionnalit\u00e9 qui fait partie de SoundMap 2. Cette fonction permet d&#8217;augmenter l&#8217;amplification de la parole en parall\u00e8le des syst\u00e8mes de r\u00e9duction du bruit et directionnels qui diminueront l&#8217;amplification du bruit.<\/p>\n<h4>R\u00e9ducteur de bruit<\/h4>\n<p>SoundMap 2 comprend \u00e9galement un syst\u00e8me de r\u00e9duction de bruit am\u00e9lior\u00e9 utilisant l&#8217;IA. Cela signifie que le syst\u00e8me de r\u00e9duction du bruit apprend au fil du temps pour adapter la r\u00e9duction du bruit en fonction des environnements sonores.<\/p>\n<h3>Caract\u00e9ristiques du mod\u00e8le\u00a0HearLink 9030 miniBTE T R<\/h3>\n<p>L&#8217;appareil auditif Philips HearLink 9030 miniBTE T R comprend 24 bandes de r\u00e9glages, un double bouton poussoir avec voyant LED et une bobine \u00e0 induction T.<\/p>\n<p>Il est prot\u00e9g\u00e9 de l&#8217;eau, l&#8217;humidit\u00e9 et de la poussi\u00e8re gr\u00e2ce \u00e0 sa certification IP68 et son rev\u00eatement hydrophobe.<\/p>\n<p>Il est \u00e9quip\u00e9 d&#8217;une <strong>batterie rechargeable lithium ion<\/strong>, qui se recharge compl\u00e8tement en seulement 3h30.<\/p>\n<h3>Connectivit\u00e9 et Accessoires sans fil<\/h3>\n<p>Cet appareil est dot\u00e9 d&#8217;une <strong>connexion Bluetooth<\/strong> et offre un streaming audio direct pour les smartphones iOS et Android \u00e0 l&#8217;aide du protocole ASHA (Audio Streaming for Hearing Aids).<\/p>\n<p>Plusieurs <strong>accessoires sans fil<\/strong> sont disponibles pour les aides auditives Philips HearLink dont un adaptateur TV, une t\u00e9l\u00e9commande et un AudioClip. Ces accessoires am\u00e9liorent grandement la satisfaction globale \u00e0 l&#8217;\u00e9gard des aides auditives; par exemple, l&#8217;adaptateur TV aidera \u00e0 assurer une connexion stable et directe avec votre t\u00e9l\u00e9viseur et fournira une excellente exp\u00e9rience de qualit\u00e9 sonore \u00e0 partir de l&#8217;audio du t\u00e9l\u00e9vision. L&#8217;AudioClip vous permettra de passer vos appels en mode mains libres.<\/p>\n","protected":false},"excerpt":{"rendered":"<p>L&#8217;aide auditive Philips HearLink 9030 miniBTE T R est un appareil haut de gamme BTE connect\u00e9 et rechargeable, id\u00e9al pour une perte auditive l\u00e9g\u00e8re \u00e0 s\u00e9v\u00e8re. Ce mod\u00e8le est dot\u00e9 d&#8217;une technologie sonore bas\u00e9e sur : L&#8217;intelligence artificielle pour rendre la parole plus claire dans le bruit, Le Speech Clarifier pour permettre \u00e0 la parole [&hellip;]<\/p>\n","protected":false},"featured_media":20819,"template":"","meta":{"_acf_changed":false},"product_brand":[],"product_cat":[3095],"product_tag":[],"class_list":{"0":"post-24068","1":"product","2":"type-product","3":"status-publish","4":"has-post-thumbnail","6":"product_cat-philips-fr-be","8":"first","9":"instock","10":"taxable","11":"shipping-taxable","12":"purchasable","13":"product-type-simple"},"acf":[],"yoast_head":"<!-- This site is optimized with the Yoast SEO plugin v27.1.1 - https:\/\/yoast.com\/product\/yoast-seo-wordpress\/ -->\n<title>Appareil auditif Philips HearLink 9030 miniBTE T R \u00e0 2100\u20ac - Unisson Belgique<\/title>\n<meta name=\"description\" content=\"D\u00e9couvrez le Philips HearLink 9030 miniBTE T R chez Unisson Belgique. Technologie avanc\u00e9e pour une audition claire, \u00e0 un prix attractif.\" \/>\n<meta name=\"robots\" content=\"index, follow, max-snippet:-1, max-image-preview:large, max-video-preview:-1\" \/>\n<link rel=\"canonical\" href=\"https:\/\/www.laboratoires-unisson.com\/fr-be\/wp-json\/wp\/v2\/product\/24068\" \/>\n<meta property=\"og:locale\" content=\"fr_FR\" \/>\n<meta property=\"og:type\" content=\"article\" \/>\n<meta property=\"og:title\" content=\"HearLink 9030 miniBTE T R - Laboratoires Unisson\" \/>\n<meta property=\"og:description\" content=\"D\u00e9couvrez le Philips HearLink 9030 miniBTE T R chez Unisson Belgique. Technologie avanc\u00e9e pour une audition claire, \u00e0 un prix attractif.\" \/>\n<meta property=\"og:url\" content=\"https:\/\/www.laboratoires-unisson.com\/fr-be\/produit\/appareils-auditifs\/philips\/hearlink-9030-minibte-t-r\" \/>\n<meta property=\"og:site_name\" content=\"Laboratoires Unisson\" \/>\n<meta property=\"article:modified_time\" content=\"2025-12-03T09:07:56+00:00\" \/>\n<meta property=\"og:image\" content=\"https:\/\/www.laboratoires-unisson.com\/wp-content\/uploads\/2022\/05\/Philips-HearLink-9030-miniBTE-T-R.png\" \/>\n\t<meta property=\"og:image:width\" content=\"450\" \/>\n\t<meta property=\"og:image:height\" content=\"550\" \/>\n\t<meta property=\"og:image:type\" content=\"image\/png\" \/>\n<meta name=\"twitter:card\" content=\"summary_large_image\" \/>\n<meta name=\"twitter:label1\" content=\"Est. reading time\" \/>\n\t<meta name=\"twitter:data1\" content=\"3 minutes\" \/>\n<script type=\"application\/ld+json\" class=\"yoast-schema-graph\">{\"@context\":\"https:\/\/schema.org\",\"@graph\":[{\"@type\":\"WebPage\",\"@id\":\"https:\/\/www.laboratoires-unisson.com\/fr-be\/produit\/appareils-auditifs\/philips\/hearlink-9030-minibte-t-r\",\"url\":\"https:\/\/www.laboratoires-unisson.com\/fr-be\/produit\/appareils-auditifs\/philips\/hearlink-9030-minibte-t-r\",\"name\":\"HearLink 9030 miniBTE T R - Laboratoires Unisson\",\"isPartOf\":{\"@id\":\"https:\/\/www.laboratoires-unisson.com\/fr-be#website\"},\"primaryImageOfPage\":{\"@id\":\"https:\/\/www.laboratoires-unisson.com\/fr-be\/produit\/appareils-auditifs\/philips\/hearlink-9030-minibte-t-r#primaryimage\"},\"image\":{\"@id\":\"https:\/\/www.laboratoires-unisson.com\/fr-be\/produit\/appareils-auditifs\/philips\/hearlink-9030-minibte-t-r#primaryimage\"},\"thumbnailUrl\":\"https:\/\/www.laboratoires-unisson.com\/wp-content\/uploads\/2022\/05\/Philips-HearLink-9030-miniBTE-T-R.png\",\"datePublished\":\"2022-05-02T12:48:26+00:00\",\"dateModified\":\"2025-12-03T09:07:56+00:00\",\"description\":\"D\u00e9couvrez le Philips HearLink 9030 miniBTE T R chez Unisson Belgique. Technologie avanc\u00e9e pour une audition claire, \u00e0 un prix attractif.\",\"breadcrumb\":{\"@id\":\"https:\/\/www.laboratoires-unisson.com\/fr-be\/produit\/appareils-auditifs\/philips\/hearlink-9030-minibte-t-r#breadcrumb\"},\"inLanguage\":\"fr-BE\",\"potentialAction\":[{\"@type\":\"ReadAction\",\"target\":[\"https:\/\/www.laboratoires-unisson.com\/fr-be\/produit\/appareils-auditifs\/philips\/hearlink-9030-minibte-t-r\"]}]},{\"@type\":\"ImageObject\",\"inLanguage\":\"fr-BE\",\"@id\":\"https:\/\/www.laboratoires-unisson.com\/fr-be\/produit\/appareils-auditifs\/philips\/hearlink-9030-minibte-t-r#primaryimage\",\"url\":\"https:\/\/www.laboratoires-unisson.com\/wp-content\/uploads\/2022\/05\/Philips-HearLink-9030-miniBTE-T-R.png\",\"contentUrl\":\"https:\/\/www.laboratoires-unisson.com\/wp-content\/uploads\/2022\/05\/Philips-HearLink-9030-miniBTE-T-R.png\",\"width\":450,\"height\":550},{\"@type\":\"BreadcrumbList\",\"@id\":\"https:\/\/www.laboratoires-unisson.com\/fr-be\/produit\/appareils-auditifs\/philips\/hearlink-9030-minibte-t-r#breadcrumb\",\"itemListElement\":[{\"@type\":\"ListItem\",\"position\":1,\"name\":\"Shop\",\"item\":\"https:\/\/www.laboratoires-unisson.com\/fr-be\/shop\"},{\"@type\":\"ListItem\",\"position\":2,\"name\":\"HearLink 9030 miniBTE T R\"}]},{\"@type\":\"WebSite\",\"@id\":\"https:\/\/www.laboratoires-unisson.com\/fr-be#website\",\"url\":\"https:\/\/www.laboratoires-unisson.com\/fr-be\",\"name\":\"Laboratoires Unisson\",\"description\":\"Appareil auditif et proth\u00e8se auditive Moins Cher jusqu&#039;\u00e0 -40%\",\"publisher\":{\"@id\":\"https:\/\/www.laboratoires-unisson.com\/fr-be#organization\"},\"potentialAction\":[{\"@type\":\"SearchAction\",\"target\":{\"@type\":\"EntryPoint\",\"urlTemplate\":\"https:\/\/www.laboratoires-unisson.com\/fr-be?s={search_term_string}\"},\"query-input\":{\"@type\":\"PropertyValueSpecification\",\"valueRequired\":true,\"valueName\":\"search_term_string\"}}],\"inLanguage\":\"fr-BE\"},{\"@type\":\"Organization\",\"@id\":\"https:\/\/www.laboratoires-unisson.com\/fr-be#organization\",\"name\":\"Laboratoires Unisson\",\"url\":\"https:\/\/www.laboratoires-unisson.com\/fr-be\",\"logo\":{\"@type\":\"ImageObject\",\"inLanguage\":\"fr-BE\",\"@id\":\"https:\/\/www.laboratoires-unisson.com\/fr-be#\/schema\/logo\/image\/\",\"url\":\"https:\/\/www.laboratoires-unisson.com\/wp-content\/uploads\/2022\/01\/logo-unisson.svg\",\"contentUrl\":\"https:\/\/www.laboratoires-unisson.com\/wp-content\/uploads\/2022\/01\/logo-unisson.svg\",\"width\":1,\"height\":1,\"caption\":\"Laboratoires Unisson\"},\"image\":{\"@id\":\"https:\/\/www.laboratoires-unisson.com\/fr-be#\/schema\/logo\/image\/\"}}]}<\/script>\n<!-- \/ Yoast SEO plugin. -->","yoast_head_json":{"title":"Appareil auditif Philips HearLink 9030 miniBTE T R \u00e0 2100\u20ac - Unisson Belgique","description":"D\u00e9couvrez le Philips HearLink 9030 miniBTE T R chez Unisson Belgique. Technologie avanc\u00e9e pour une audition claire, \u00e0 un prix attractif.","robots":{"index":"index","follow":"follow","max-snippet":"max-snippet:-1","max-image-preview":"max-image-preview:large","max-video-preview":"max-video-preview:-1"},"canonical":"https:\/\/www.laboratoires-unisson.com\/fr-be\/wp-json\/wp\/v2\/product\/24068","og_locale":"fr_FR","og_type":"article","og_title":"HearLink 9030 miniBTE T R - Laboratoires Unisson","og_description":"D\u00e9couvrez le Philips HearLink 9030 miniBTE T R chez Unisson Belgique. Technologie avanc\u00e9e pour une audition claire, \u00e0 un prix attractif.","og_url":"https:\/\/www.laboratoires-unisson.com\/fr-be\/produit\/appareils-auditifs\/philips\/hearlink-9030-minibte-t-r","og_site_name":"Laboratoires Unisson","article_modified_time":"2025-12-03T09:07:56+00:00","og_image":[{"width":450,"height":550,"url":"https:\/\/www.laboratoires-unisson.com\/wp-content\/uploads\/2022\/05\/Philips-HearLink-9030-miniBTE-T-R.png","type":"image\/png"}],"twitter_card":"summary_large_image","twitter_misc":{"Est. reading time":"3 minutes"},"schema":{"@context":"https:\/\/schema.org","@graph":[{"@type":"WebPage","@id":"https:\/\/www.laboratoires-unisson.com\/fr-be\/produit\/appareils-auditifs\/philips\/hearlink-9030-minibte-t-r","url":"https:\/\/www.laboratoires-unisson.com\/fr-be\/produit\/appareils-auditifs\/philips\/hearlink-9030-minibte-t-r","name":"HearLink 9030 miniBTE T R - Laboratoires Unisson","isPartOf":{"@id":"https:\/\/www.laboratoires-unisson.com\/fr-be#website"},"primaryImageOfPage":{"@id":"https:\/\/www.laboratoires-unisson.com\/fr-be\/produit\/appareils-auditifs\/philips\/hearlink-9030-minibte-t-r#primaryimage"},"image":{"@id":"https:\/\/www.laboratoires-unisson.com\/fr-be\/produit\/appareils-auditifs\/philips\/hearlink-9030-minibte-t-r#primaryimage"},"thumbnailUrl":"https:\/\/www.laboratoires-unisson.com\/wp-content\/uploads\/2022\/05\/Philips-HearLink-9030-miniBTE-T-R.png","datePublished":"2022-05-02T12:48:26+00:00","dateModified":"2025-12-03T09:07:56+00:00","description":"D\u00e9couvrez le Philips HearLink 9030 miniBTE T R chez Unisson Belgique. Technologie avanc\u00e9e pour une audition claire, \u00e0 un prix attractif.","breadcrumb":{"@id":"https:\/\/www.laboratoires-unisson.com\/fr-be\/produit\/appareils-auditifs\/philips\/hearlink-9030-minibte-t-r#breadcrumb"},"inLanguage":"fr-BE","potentialAction":[{"@type":"ReadAction","target":["https:\/\/www.laboratoires-unisson.com\/fr-be\/produit\/appareils-auditifs\/philips\/hearlink-9030-minibte-t-r"]}]},{"@type":"ImageObject","inLanguage":"fr-BE","@id":"https:\/\/www.laboratoires-unisson.com\/fr-be\/produit\/appareils-auditifs\/philips\/hearlink-9030-minibte-t-r#primaryimage","url":"https:\/\/www.laboratoires-unisson.com\/wp-content\/uploads\/2022\/05\/Philips-HearLink-9030-miniBTE-T-R.png","contentUrl":"https:\/\/www.laboratoires-unisson.com\/wp-content\/uploads\/2022\/05\/Philips-HearLink-9030-miniBTE-T-R.png","width":450,"height":550},{"@type":"BreadcrumbList","@id":"https:\/\/www.laboratoires-unisson.com\/fr-be\/produit\/appareils-auditifs\/philips\/hearlink-9030-minibte-t-r#breadcrumb","itemListElement":[{"@type":"ListItem","position":1,"name":"Shop","item":"https:\/\/www.laboratoires-unisson.com\/fr-be\/shop"},{"@type":"ListItem","position":2,"name":"HearLink 9030 miniBTE T R"}]},{"@type":"WebSite","@id":"https:\/\/www.laboratoires-unisson.com\/fr-be#website","url":"https:\/\/www.laboratoires-unisson.com\/fr-be","name":"Laboratoires Unisson","description":"Appareil auditif et proth\u00e8se auditive Moins Cher jusqu&#039;\u00e0 -40%","publisher":{"@id":"https:\/\/www.laboratoires-unisson.com\/fr-be#organization"},"potentialAction":[{"@type":"SearchAction","target":{"@type":"EntryPoint","urlTemplate":"https:\/\/www.laboratoires-unisson.com\/fr-be?s={search_term_string}"},"query-input":{"@type":"PropertyValueSpecification","valueRequired":true,"valueName":"search_term_string"}}],"inLanguage":"fr-BE"},{"@type":"Organization","@id":"https:\/\/www.laboratoires-unisson.com\/fr-be#organization","name":"Laboratoires Unisson","url":"https:\/\/www.laboratoires-unisson.com\/fr-be","logo":{"@type":"ImageObject","inLanguage":"fr-BE","@id":"https:\/\/www.laboratoires-unisson.com\/fr-be#\/schema\/logo\/image\/","url":"https:\/\/www.laboratoires-unisson.com\/wp-content\/uploads\/2022\/01\/logo-unisson.svg","contentUrl":"https:\/\/www.laboratoires-unisson.com\/wp-content\/uploads\/2022\/01\/logo-unisson.svg","width":1,"height":1,"caption":"Laboratoires Unisson"},"image":{"@id":"https:\/\/www.laboratoires-unisson.com\/fr-be#\/schema\/logo\/image\/"}}]}},"_links":{"self":[{"href":"https:\/\/www.laboratoires-unisson.com\/fr-be\/wp-json\/wp\/v2\/product\/24068","targetHints":{"allow":["GET"]}}],"collection":[{"href":"https:\/\/www.laboratoires-unisson.com\/fr-be\/wp-json\/wp\/v2\/product"}],"about":[{"href":"https:\/\/www.laboratoires-unisson.com\/fr-be\/wp-json\/wp\/v2\/types\/product"}],"wp:featuredmedia":[{"embeddable":true,"href":"https:\/\/www.laboratoires-unisson.com\/fr-be\/wp-json\/wp\/v2\/media\/20819"}],"wp:attachment":[{"href":"https:\/\/www.laboratoires-unisson.com\/fr-be\/wp-json\/wp\/v2\/media?parent=24068"}],"wp:term":[{"taxonomy":"product_brand","embeddable":true,"href":"https:\/\/www.laboratoires-unisson.com\/fr-be\/wp-json\/wp\/v2\/product_brand?post=24068"},{"taxonomy":"product_cat","embeddable":true,"href":"https:\/\/www.laboratoires-unisson.com\/fr-be\/wp-json\/wp\/v2\/product_cat?post=24068"},{"taxonomy":"product_tag","embeddable":true,"href":"https:\/\/www.laboratoires-unisson.com\/fr-be\/wp-json\/wp\/v2\/product_tag?post=24068"}],"curies":[{"name":"wp","href":"https:\/\/api.w.org\/{rel}","templated":true}]}}