{"id":24091,"date":"2022-05-02T15:00:44","date_gmt":"2022-05-02T13:00:44","guid":{"rendered":"https:\/\/www.laboratoires-unisson.com\/produit\/insio-charge-go-3ax"},"modified":"2025-12-03T10:08:08","modified_gmt":"2025-12-03T09:08:08","slug":"insio-charge-go-3ax","status":"publish","type":"product","link":"https:\/\/www.laboratoires-unisson.com\/fr-be\/produit\/appareils-auditifs\/signia\/insio-charge-go-3ax","title":{"rendered":"Insio Charge &#038; Go 3AX"},"content":{"rendered":"<p>L\u2019appareil auditif Signia Insio Charge &amp; Go 3AX est un <strong>mod\u00e8le intra-auriculaire connect\u00e9 et rechargeable d\u2019entr\u00e9e de gamme<\/strong>. Id\u00e9al pour des pertes auditives l\u00e9g\u00e8res \u00e0 moyennes, cet intra-auriculaire est con\u00e7u sur-mesure pour un confort tout au long de la journ\u00e9e.<\/p>\n<h3>Des innovations technologiques premium<\/h3>\n<p>Ce mod\u00e8le int\u00e8gre les<strong> derni\u00e8res innovations de la <a href=\"https:\/\/www.laboratoires-unisson.com\/fr-be\/appareils-auditifs\/marques\/signia\/ax\">plateforme Augmented Xperience<\/a><\/strong> (AX) de Signia\u00a0:<\/p>\n<ul>\n<li>Technologie Augmented Focus\u00a0: le traitement des signaux se fait s\u00e9par\u00e9ment pour cr\u00e9er un contraste clair. Cette technologie les recombine ensuite pour offrir une clart\u00e9 de parole exceptionnelle dans tous les environnements sonores.<\/li>\n<li>Focus Sounds\u00a0: l\u2019accent est mis sur la clart\u00e9 et les d\u00e9tails de chaque son<\/li>\n<li>Surroundings\u00a0: les sons alentours sont isol\u00e9s pour que l\u2019utilisateur se concentre sur ce qu\u2019il souhaite \u00e9couter<\/li>\n<li>Plage dynamique d\u2019entr\u00e9e augment\u00e9e<\/li>\n<li>Capteur de mouvement<\/li>\n<li>TruEar 360 facilite la localisation des sources sonores<\/li>\n<\/ul>\n<h4>Fonctionnalit\u00e9 Augmented Focus<\/h4>\n<p>Cette technologie Signia (de la nouvelle plateforme Augmented Xperience) repose sur 2 processeurs pour traiter les signaux. L&#8217;un se concentre sur la compr\u00e9hension des sons cibl\u00e9s et l&#8217;autre vous donne acc\u00e8s \u00e0 votre environnement sonore complet. <strong>Vous obtiendrez ainsi une clart\u00e9 vocale exceptionnelle dans un paysage sonore enti\u00e8rement immersif.<\/strong><\/p>\n<p>De plus, la gamme d&#8217;aides auditives Signia Insio AX b\u00e9n\u00e9ficie d&#8217;un r\u00e9ducteur de bruit de fond et offre une exp\u00e9rience auditive optimale toute la journ\u00e9e.<\/p>\n<h3>Caract\u00e9ristiques de l\u2019appareil auditif Insio Charge &amp; Go 3AX<\/h3>\n<ul>\n<li>12 bandes d\u2019adaptation et 24 canaux de traitement<\/li>\n<li>Design moderne<\/li>\n<li>Bouton poussoir<\/li>\n<li>6 programmes d\u2019\u00e9coute<\/li>\n<li>Anti Larsen<\/li>\n<li>Anti Acouph\u00e8nes<\/li>\n<li>Connexion Bluetooth Android ASHA &amp; MFI <em>(Made for iPhone)<\/em><\/li>\n<li>Rechargeable <em>(batterie lithium ion)<\/em><\/li>\n<li>R\u00e9glages \u00e0 distance<\/li>\n<li>2 microphones<\/li>\n<li>Capteur de mouvement<\/li>\n<li>Streaming direct<\/li>\n<li>Application mobile Signia App<\/li>\n<li>Disponible en 6 couleurs<\/li>\n<\/ul>\n<p>C\u2019est un appareil rechargeable sans contact. Vous n\u2019aurez qu\u2019\u00e0 poser vos aides auditives dans le chargeur. Comptez une <strong>utilisation jusqu\u2019\u00e0 24h pour une charge<\/strong>.<\/p>\n<h3>Insio Charge &amp; Go 3AX, un mod\u00e8le connect\u00e9<\/h3>\n<p>L\u2019aide auditive Insio Charge &amp; Go 3AX est \u00e9quip\u00e9e d\u2019une<strong> connexion Bluetooth<\/strong>. Vous b\u00e9n\u00e9ficiez du streaming direct iPhone et Android. Acc\u00e9dez \u00e0 la liste des smartphones compatibles <a href=\"https:\/\/www.signia-pro.com\/fr-ch\/solutions-d'accompagnement\/compatibility\/\">ici<\/a>.<\/p>\n<p>Vos aides peuvent \u00e9galement se connecter avec diff\u00e9rentes <strong>accessoires sans-fil<\/strong> tels que la t\u00e9l\u00e9commande miniPocket, l\u2019adaptateur TV StreamLine TV ou le StreamLine Mic pour passer vos appels t\u00e9l\u00e9phoniques en kit mains libres<\/p>\n<h4>Fonctionnalit\u00e9s du Insio\u00a0Charge &amp; Go 3AX<\/h4>\n<ul>\n<li>Augmented Focus<span style=\"font-size: 11.0pt;\"><span style=\"line-height: 107%;\"><span style=\"color: black;\">\u2122<\/span><\/span><\/span><\/li>\n<li>12 canaux de r\u00e9glage du gain \/ 24 bandes de traitement du signal<\/li>\n<li>6 programmes manuels<\/li>\n<li>bande de fr\u00e9quence \u00e9largie<\/li>\n<li>EchoShield<\/li>\n<li>TruEar 360<\/li>\n<li>Plage dynamique d&#8217;entr\u00e9e augment\u00e9e<\/li>\n<li>eWindScreen : \u00e9limination des bruits du vent<\/li>\n<li>Speech and Noise &amp; Soundsmoothing pour la r\u00e9duction du bruit<\/li>\n<li>Anti Larsen<\/li>\n<li>Connectivit\u00e9 Bluetooth<\/li>\n<li>Streaming audio direct (iOS et Android)<\/li>\n<li>R\u00e9glages \u00e0 distance (Telecare)<\/li>\n<li>Application mobile Signia App<\/li>\n<li>Tinnitus pour th\u00e9rapie acouph\u00e8nes<\/li>\n<\/ul>\n","protected":false},"excerpt":{"rendered":"<p>L\u2019appareil auditif Signia Insio Charge &amp; Go 3AX est un mod\u00e8le intra-auriculaire connect\u00e9 et rechargeable d\u2019entr\u00e9e de gamme. Id\u00e9al pour des pertes auditives l\u00e9g\u00e8res \u00e0 moyennes, cet intra-auriculaire est con\u00e7u sur-mesure pour un confort tout au long de la journ\u00e9e. Des innovations technologiques premium Ce mod\u00e8le int\u00e8gre les derni\u00e8res innovations de la plateforme Augmented Xperience [&hellip;]<\/p>\n","protected":false},"featured_media":19239,"template":"","meta":{"_acf_changed":false},"product_brand":[],"product_cat":[2830],"product_tag":[],"class_list":{"0":"post-24091","1":"product","2":"type-product","3":"status-publish","4":"has-post-thumbnail","6":"product_cat-signia-fr-be","8":"first","9":"instock","10":"taxable","11":"shipping-taxable","12":"purchasable","13":"product-type-simple"},"acf":[],"yoast_head":"<!-- This site is optimized with the Yoast SEO plugin v27.1.1 - https:\/\/yoast.com\/product\/yoast-seo-wordpress\/ -->\n<title>Appareil auditif Signia Insio Charge &amp; Go 3AX \u00e0 1400\u20ac - Unisson Belgique<\/title>\n<meta name=\"description\" content=\"D\u00e9couvrez le Signia Insio Charge&amp;Go 3AX chez Unisson. Solution auditive discr\u00e8te et rechargeable, toujours au meilleur prix. Essayez-le maintenant.\" \/>\n<meta name=\"robots\" content=\"index, follow, max-snippet:-1, max-image-preview:large, max-video-preview:-1\" \/>\n<link rel=\"canonical\" href=\"https:\/\/www.laboratoires-unisson.com\/fr-be\/wp-json\/wp\/v2\/product\/24091\" \/>\n<meta property=\"og:locale\" content=\"fr_FR\" \/>\n<meta property=\"og:type\" content=\"article\" \/>\n<meta property=\"og:title\" content=\"Insio Charge &amp; Go 3AX - Laboratoires Unisson\" \/>\n<meta property=\"og:description\" content=\"D\u00e9couvrez le Signia Insio Charge&amp;Go 3AX chez Unisson. Solution auditive discr\u00e8te et rechargeable, toujours au meilleur prix. Essayez-le maintenant.\" \/>\n<meta property=\"og:url\" content=\"https:\/\/www.laboratoires-unisson.com\/fr-be\/produit\/appareils-auditifs\/signia\/insio-charge-go-3ax\" \/>\n<meta property=\"og:site_name\" content=\"Laboratoires Unisson\" \/>\n<meta property=\"article:modified_time\" content=\"2025-12-03T09:08:08+00:00\" \/>\n<meta property=\"og:image\" content=\"https:\/\/www.laboratoires-unisson.com\/wp-content\/uploads\/2022\/05\/insio-charge-go-3ax.jpg\" \/>\n\t<meta property=\"og:image:width\" content=\"450\" \/>\n\t<meta property=\"og:image:height\" content=\"500\" \/>\n\t<meta property=\"og:image:type\" content=\"image\/jpeg\" \/>\n<meta name=\"twitter:card\" content=\"summary_large_image\" \/>\n<meta name=\"twitter:label1\" content=\"Est. reading time\" \/>\n\t<meta name=\"twitter:data1\" content=\"3 minutes\" \/>\n<script type=\"application\/ld+json\" class=\"yoast-schema-graph\">{\"@context\":\"https:\/\/schema.org\",\"@graph\":[{\"@type\":\"WebPage\",\"@id\":\"https:\/\/www.laboratoires-unisson.com\/fr-be\/produit\/appareils-auditifs\/signia\/insio-charge-go-3ax\",\"url\":\"https:\/\/www.laboratoires-unisson.com\/fr-be\/produit\/appareils-auditifs\/signia\/insio-charge-go-3ax\",\"name\":\"Insio Charge & Go 3AX - Laboratoires Unisson\",\"isPartOf\":{\"@id\":\"https:\/\/www.laboratoires-unisson.com\/fr-be#website\"},\"primaryImageOfPage\":{\"@id\":\"https:\/\/www.laboratoires-unisson.com\/fr-be\/produit\/appareils-auditifs\/signia\/insio-charge-go-3ax#primaryimage\"},\"image\":{\"@id\":\"https:\/\/www.laboratoires-unisson.com\/fr-be\/produit\/appareils-auditifs\/signia\/insio-charge-go-3ax#primaryimage\"},\"thumbnailUrl\":\"https:\/\/www.laboratoires-unisson.com\/wp-content\/uploads\/2022\/05\/insio-charge-go-3ax.jpg\",\"datePublished\":\"2022-05-02T13:00:44+00:00\",\"dateModified\":\"2025-12-03T09:08:08+00:00\",\"description\":\"D\u00e9couvrez le Signia Insio Charge&Go 3AX chez Unisson. Solution auditive discr\u00e8te et rechargeable, toujours au meilleur prix. Essayez-le maintenant.\",\"breadcrumb\":{\"@id\":\"https:\/\/www.laboratoires-unisson.com\/fr-be\/produit\/appareils-auditifs\/signia\/insio-charge-go-3ax#breadcrumb\"},\"inLanguage\":\"fr-BE\",\"potentialAction\":[{\"@type\":\"ReadAction\",\"target\":[\"https:\/\/www.laboratoires-unisson.com\/fr-be\/produit\/appareils-auditifs\/signia\/insio-charge-go-3ax\"]}]},{\"@type\":\"ImageObject\",\"inLanguage\":\"fr-BE\",\"@id\":\"https:\/\/www.laboratoires-unisson.com\/fr-be\/produit\/appareils-auditifs\/signia\/insio-charge-go-3ax#primaryimage\",\"url\":\"https:\/\/www.laboratoires-unisson.com\/wp-content\/uploads\/2022\/05\/insio-charge-go-3ax.jpg\",\"contentUrl\":\"https:\/\/www.laboratoires-unisson.com\/wp-content\/uploads\/2022\/05\/insio-charge-go-3ax.jpg\",\"width\":450,\"height\":500},{\"@type\":\"BreadcrumbList\",\"@id\":\"https:\/\/www.laboratoires-unisson.com\/fr-be\/produit\/appareils-auditifs\/signia\/insio-charge-go-3ax#breadcrumb\",\"itemListElement\":[{\"@type\":\"ListItem\",\"position\":1,\"name\":\"Shop\",\"item\":\"https:\/\/www.laboratoires-unisson.com\/fr-be\/shop\"},{\"@type\":\"ListItem\",\"position\":2,\"name\":\"Insio Charge &#038; Go 3AX\"}]},{\"@type\":\"WebSite\",\"@id\":\"https:\/\/www.laboratoires-unisson.com\/fr-be#website\",\"url\":\"https:\/\/www.laboratoires-unisson.com\/fr-be\",\"name\":\"Laboratoires Unisson\",\"description\":\"Appareil auditif et proth\u00e8se auditive Moins Cher jusqu&#039;\u00e0 -40%\",\"publisher\":{\"@id\":\"https:\/\/www.laboratoires-unisson.com\/fr-be#organization\"},\"potentialAction\":[{\"@type\":\"SearchAction\",\"target\":{\"@type\":\"EntryPoint\",\"urlTemplate\":\"https:\/\/www.laboratoires-unisson.com\/fr-be?s={search_term_string}\"},\"query-input\":{\"@type\":\"PropertyValueSpecification\",\"valueRequired\":true,\"valueName\":\"search_term_string\"}}],\"inLanguage\":\"fr-BE\"},{\"@type\":\"Organization\",\"@id\":\"https:\/\/www.laboratoires-unisson.com\/fr-be#organization\",\"name\":\"Laboratoires Unisson\",\"url\":\"https:\/\/www.laboratoires-unisson.com\/fr-be\",\"logo\":{\"@type\":\"ImageObject\",\"inLanguage\":\"fr-BE\",\"@id\":\"https:\/\/www.laboratoires-unisson.com\/fr-be#\/schema\/logo\/image\/\",\"url\":\"https:\/\/www.laboratoires-unisson.com\/wp-content\/uploads\/2022\/01\/logo-unisson.svg\",\"contentUrl\":\"https:\/\/www.laboratoires-unisson.com\/wp-content\/uploads\/2022\/01\/logo-unisson.svg\",\"width\":1,\"height\":1,\"caption\":\"Laboratoires Unisson\"},\"image\":{\"@id\":\"https:\/\/www.laboratoires-unisson.com\/fr-be#\/schema\/logo\/image\/\"}}]}<\/script>\n<!-- \/ Yoast SEO plugin. -->","yoast_head_json":{"title":"Appareil auditif Signia Insio Charge & Go 3AX \u00e0 1400\u20ac - Unisson Belgique","description":"D\u00e9couvrez le Signia Insio Charge&Go 3AX chez Unisson. Solution auditive discr\u00e8te et rechargeable, toujours au meilleur prix. Essayez-le maintenant.","robots":{"index":"index","follow":"follow","max-snippet":"max-snippet:-1","max-image-preview":"max-image-preview:large","max-video-preview":"max-video-preview:-1"},"canonical":"https:\/\/www.laboratoires-unisson.com\/fr-be\/wp-json\/wp\/v2\/product\/24091","og_locale":"fr_FR","og_type":"article","og_title":"Insio Charge & Go 3AX - Laboratoires Unisson","og_description":"D\u00e9couvrez le Signia Insio Charge&Go 3AX chez Unisson. Solution auditive discr\u00e8te et rechargeable, toujours au meilleur prix. Essayez-le maintenant.","og_url":"https:\/\/www.laboratoires-unisson.com\/fr-be\/produit\/appareils-auditifs\/signia\/insio-charge-go-3ax","og_site_name":"Laboratoires Unisson","article_modified_time":"2025-12-03T09:08:08+00:00","og_image":[{"width":450,"height":500,"url":"https:\/\/www.laboratoires-unisson.com\/wp-content\/uploads\/2022\/05\/insio-charge-go-3ax.jpg","type":"image\/jpeg"}],"twitter_card":"summary_large_image","twitter_misc":{"Est. reading time":"3 minutes"},"schema":{"@context":"https:\/\/schema.org","@graph":[{"@type":"WebPage","@id":"https:\/\/www.laboratoires-unisson.com\/fr-be\/produit\/appareils-auditifs\/signia\/insio-charge-go-3ax","url":"https:\/\/www.laboratoires-unisson.com\/fr-be\/produit\/appareils-auditifs\/signia\/insio-charge-go-3ax","name":"Insio Charge & Go 3AX - Laboratoires Unisson","isPartOf":{"@id":"https:\/\/www.laboratoires-unisson.com\/fr-be#website"},"primaryImageOfPage":{"@id":"https:\/\/www.laboratoires-unisson.com\/fr-be\/produit\/appareils-auditifs\/signia\/insio-charge-go-3ax#primaryimage"},"image":{"@id":"https:\/\/www.laboratoires-unisson.com\/fr-be\/produit\/appareils-auditifs\/signia\/insio-charge-go-3ax#primaryimage"},"thumbnailUrl":"https:\/\/www.laboratoires-unisson.com\/wp-content\/uploads\/2022\/05\/insio-charge-go-3ax.jpg","datePublished":"2022-05-02T13:00:44+00:00","dateModified":"2025-12-03T09:08:08+00:00","description":"D\u00e9couvrez le Signia Insio Charge&Go 3AX chez Unisson. Solution auditive discr\u00e8te et rechargeable, toujours au meilleur prix. Essayez-le maintenant.","breadcrumb":{"@id":"https:\/\/www.laboratoires-unisson.com\/fr-be\/produit\/appareils-auditifs\/signia\/insio-charge-go-3ax#breadcrumb"},"inLanguage":"fr-BE","potentialAction":[{"@type":"ReadAction","target":["https:\/\/www.laboratoires-unisson.com\/fr-be\/produit\/appareils-auditifs\/signia\/insio-charge-go-3ax"]}]},{"@type":"ImageObject","inLanguage":"fr-BE","@id":"https:\/\/www.laboratoires-unisson.com\/fr-be\/produit\/appareils-auditifs\/signia\/insio-charge-go-3ax#primaryimage","url":"https:\/\/www.laboratoires-unisson.com\/wp-content\/uploads\/2022\/05\/insio-charge-go-3ax.jpg","contentUrl":"https:\/\/www.laboratoires-unisson.com\/wp-content\/uploads\/2022\/05\/insio-charge-go-3ax.jpg","width":450,"height":500},{"@type":"BreadcrumbList","@id":"https:\/\/www.laboratoires-unisson.com\/fr-be\/produit\/appareils-auditifs\/signia\/insio-charge-go-3ax#breadcrumb","itemListElement":[{"@type":"ListItem","position":1,"name":"Shop","item":"https:\/\/www.laboratoires-unisson.com\/fr-be\/shop"},{"@type":"ListItem","position":2,"name":"Insio Charge &#038; Go 3AX"}]},{"@type":"WebSite","@id":"https:\/\/www.laboratoires-unisson.com\/fr-be#website","url":"https:\/\/www.laboratoires-unisson.com\/fr-be","name":"Laboratoires Unisson","description":"Appareil auditif et proth\u00e8se auditive Moins Cher jusqu&#039;\u00e0 -40%","publisher":{"@id":"https:\/\/www.laboratoires-unisson.com\/fr-be#organization"},"potentialAction":[{"@type":"SearchAction","target":{"@type":"EntryPoint","urlTemplate":"https:\/\/www.laboratoires-unisson.com\/fr-be?s={search_term_string}"},"query-input":{"@type":"PropertyValueSpecification","valueRequired":true,"valueName":"search_term_string"}}],"inLanguage":"fr-BE"},{"@type":"Organization","@id":"https:\/\/www.laboratoires-unisson.com\/fr-be#organization","name":"Laboratoires Unisson","url":"https:\/\/www.laboratoires-unisson.com\/fr-be","logo":{"@type":"ImageObject","inLanguage":"fr-BE","@id":"https:\/\/www.laboratoires-unisson.com\/fr-be#\/schema\/logo\/image\/","url":"https:\/\/www.laboratoires-unisson.com\/wp-content\/uploads\/2022\/01\/logo-unisson.svg","contentUrl":"https:\/\/www.laboratoires-unisson.com\/wp-content\/uploads\/2022\/01\/logo-unisson.svg","width":1,"height":1,"caption":"Laboratoires Unisson"},"image":{"@id":"https:\/\/www.laboratoires-unisson.com\/fr-be#\/schema\/logo\/image\/"}}]}},"_links":{"self":[{"href":"https:\/\/www.laboratoires-unisson.com\/fr-be\/wp-json\/wp\/v2\/product\/24091","targetHints":{"allow":["GET"]}}],"collection":[{"href":"https:\/\/www.laboratoires-unisson.com\/fr-be\/wp-json\/wp\/v2\/product"}],"about":[{"href":"https:\/\/www.laboratoires-unisson.com\/fr-be\/wp-json\/wp\/v2\/types\/product"}],"wp:featuredmedia":[{"embeddable":true,"href":"https:\/\/www.laboratoires-unisson.com\/fr-be\/wp-json\/wp\/v2\/media\/19239"}],"wp:attachment":[{"href":"https:\/\/www.laboratoires-unisson.com\/fr-be\/wp-json\/wp\/v2\/media?parent=24091"}],"wp:term":[{"taxonomy":"product_brand","embeddable":true,"href":"https:\/\/www.laboratoires-unisson.com\/fr-be\/wp-json\/wp\/v2\/product_brand?post=24091"},{"taxonomy":"product_cat","embeddable":true,"href":"https:\/\/www.laboratoires-unisson.com\/fr-be\/wp-json\/wp\/v2\/product_cat?post=24091"},{"taxonomy":"product_tag","embeddable":true,"href":"https:\/\/www.laboratoires-unisson.com\/fr-be\/wp-json\/wp\/v2\/product_tag?post=24091"}],"curies":[{"name":"wp","href":"https:\/\/api.w.org\/{rel}","templated":true}]}}