{"id":24092,"date":"2022-05-02T15:01:11","date_gmt":"2022-05-02T13:01:11","guid":{"rendered":"https:\/\/www.laboratoires-unisson.com\/produit\/insio-charge-go-5ax"},"modified":"2025-12-03T10:08:08","modified_gmt":"2025-12-03T09:08:08","slug":"insio-charge-go-5ax","status":"publish","type":"product","link":"https:\/\/www.laboratoires-unisson.com\/fr-be\/produit\/appareils-auditifs\/signia\/insio-charge-go-5ax","title":{"rendered":"Insio Charge &#038; Go 5AX"},"content":{"rendered":"<p>L\u2019appareil auditif Signia Insio Charge &amp; Go 5AX appartient \u00e0 la nouvelle gamme <a href=\"https:\/\/www.laboratoires-unisson.com\/fr-be\/appareils-auditifs\/marques\/signia\/ax\">Signia AX<\/a> sortie en septembre 2021. Il s\u2019agit d\u2019un <strong>mod\u00e8le intra-auriculaire de milieu de gamme connect\u00e9 et rechargeable<\/strong>. Ce mod\u00e8le apporte une r\u00e9duction de l&#8217;effort d&#8217;\u00e9coute et une parole plus claire lors des conversations.<\/p>\n<p>Le mod\u00e8le Signia Insi Charge &amp; Go 5AX est une aide auditive rechargeable sur-mesure offrant \u00e0 la fois discr\u00e9tion et confort au quotidien. oIl est disponible en 2 mod\u00e8les\u00a0:<\/p>\n<ul>\n<li>ITE <em>(In The Ear)<\/em> qui se place \u00e0 l\u2019entr\u00e9e de votre conduit auditif pour un grand confort de port<\/li>\n<li>ITC <em>(In The Canal)<\/em>\u00a0plus invisible que le ITE. Il se place dans votre conduit auditif pour plus de discr\u00e9tion<\/li>\n<\/ul>\n<p>Gr\u00e2ce \u00e0 ses 16 bandes d\u2019adaptation et 32 canaux de traitement, ses 6 programmes d\u2019\u00e9coute et son anti larsen optimis\u00e9, <strong>cet intra-auriculaire sur-mesure rechargeable et connect\u00e9 vous offre une excellente clart\u00e9 sonore<\/strong>. Disponible en 6 couleurs, avec un design moderne (pas de tiroir pile) et \u00e9l\u00e9gant, ce mod\u00e8le saura vous satisfaire en tout point.<\/p>\n<h3>Des innovations technologiques de pointe<\/h3>\n<p>Les appareils auditifs Signia Insio\u00a05AX b\u00e9n\u00e9ficient des <strong>technologies de la plateforme Signia Augmented Xperience<\/strong> (AX). Ses b\u00e9n\u00e9fices\u00a0:<\/p>\n<ul>\n<li>Compr\u00e9hension claire de la parole, et ce m\u00eame dans les environnements bruyants<\/li>\n<li>Traitements distincts de la parole et des sons ambiants, cr\u00e9ant un contraste in\u00e9dit entre la parole et l\u2019environnement (technologie Augmented Focus)<\/li>\n<li>Capteur de mouvement<\/li>\n<li>2 microphones<\/li>\n<li>Plage dynamique d\u2019entr\u00e9e augment\u00e9e<\/li>\n<\/ul>\n<h4>Augmented Focus<\/h4>\n<p><strong>La technologie Augmented Focus de Signia repose sur 2 processeurs pour g\u00e9rer les traitements des diff\u00e9rents signaux<\/strong>. Le premier se concentre sur la compr\u00e9hension des sons cibl\u00e9s et le second sur l&#8217;environnement d&#8217;\u00e9coute.<\/p>\n<p>Il en r\u00e9sulte ainsi une compr\u00e9hension claire de la parole dans un paysage sonore immersif. Le bruit de fond est \u00e9galement r\u00e9duit au minimum, vous permettant de b\u00e9n\u00e9ficier d&#8217;une exp\u00e9rience auditive premium et d&#8217;un appareil qui s&#8217;ajuste \u00e0 vos besoins automatiquement tout au long de la journ\u00e9e.<\/p>\n<h3>Insio Charge &amp; Go AX, une gamme de produits rechargeable et connect\u00e9e<\/h3>\n<h4>Fonction de recharge pour les aides auditives Signia Insio Charge &amp; Go AX<\/h4>\n<p>Le mod\u00e8le Insio Charge &amp; Go 5AX est un <strong>appareil auditif rechargeable<\/strong>. En une seule charge, b\u00e9n\u00e9ficiez jusqu\u2019\u00e0 20h d\u2019utilisation \u2013 dont 5h de streaming \u2013 ou 24h sans streaming. La gamme Insio AX inclut la recharge sans contact. Tout ce que vous avez \u00e0 faire est de mettre vos aides auditives dans le chargeur et elles se rechargent automatiquement pendant que vous dormez par exemple.<\/p>\n<h4>Connectivit\u00e9 Bluetooth<\/h4>\n<p>Une <strong>connexion Bluetooth<\/strong> de derni\u00e8re g\u00e9n\u00e9ration (e2e wireless 4.0) compl\u00e8te ce mod\u00e8le. B\u00e9n\u00e9ficiez d\u2019un streaming direct iPhone et Android (consultez la liste des smartphones compatibles <a href=\"https:\/\/www.signia-pro.com\/fr-ch\/solutions-d'accompagnement\/compatibility\/\">ici<\/a>).<\/p>\n<p>Des accessoires sans fil sont disponibles pour enrichir votre exp\u00e9rience auditive\u00a0:<\/p>\n<ul>\n<li>Passez vos appels t\u00e9l\u00e9phoniques en mode mains libres gr\u00e2ce au StreamLine Mic<\/li>\n<li>Recevez le son de votre TV directement dans vos aides auditives Signia Insio avec la StreamLine TV<\/li>\n<li>Contr\u00f4lez vos appareils auditifs de mani\u00e8re discr\u00e8te gr\u00e2ce \u00e0 la t\u00e9l\u00e9commande miniPocket<\/li>\n<\/ul>\n<p>Vous pouvez \u00e9galement connecter votre appareil auditif Insio Charge &amp; Go 5AX \u00e0 l&#8217;<strong>application Signia pour les smartphones Apple et Android<\/strong>. Cette application vous aide \u00e0 optimiser les param\u00e8tres d&#8217;amplification de vos aides auditives pour diff\u00e9rents environnements d&#8217;\u00e9coute.<\/p>\n<h4>Fonctionnalit\u00e9s du Insio\u00a0Charge &amp; Go 5AX<\/h4>\n<ul>\n<li>16 canaux de r\u00e9glage du gain \/ 32 bandes de traitement du signal<\/li>\n<li>6 programmes manuels<\/li>\n<li>Augmented Focus<span style=\"font-size: 11.0pt;\"><span style=\"line-height: 107%;\"><span style=\"color: black;\">\u2122<\/span><\/span><\/span><\/li>\n<li>Bande de fr\u00e9quence \u00e9largie<\/li>\n<li>EchoShield<\/li>\n<li>Spatial SpeechFocus<\/li>\n<li>TruEar 360<\/li>\n<li>Plage dynamique d&#8217;entr\u00e9e augment\u00e9e<\/li>\n<li>eWindScreen : \u00e9limination des bruits du vent<\/li>\n<li>Speech and Noise &amp; Soundsmoothing pour la r\u00e9duction du bruit<\/li>\n<li>Anti Larsen<\/li>\n<li>Connectivit\u00e9 Bluetooth<\/li>\n<li>Streaming audio direct (iOS et Android)<\/li>\n<li>R\u00e9glages \u00e0 distance (Telecare)<\/li>\n<li>Application mobile Signia App<\/li>\n<li>Tinnitus pour th\u00e9rapie acouph\u00e8nes<\/li>\n<\/ul>\n","protected":false},"excerpt":{"rendered":"<p>L\u2019appareil auditif Signia Insio Charge &amp; Go 5AX appartient \u00e0 la nouvelle gamme Signia AX sortie en septembre 2021. Il s\u2019agit d\u2019un mod\u00e8le intra-auriculaire de milieu de gamme connect\u00e9 et rechargeable. Ce mod\u00e8le apporte une r\u00e9duction de l&#8217;effort d&#8217;\u00e9coute et une parole plus claire lors des conversations. Le mod\u00e8le Signia Insi Charge &amp; Go 5AX [&hellip;]<\/p>\n","protected":false},"featured_media":19252,"template":"","meta":{"_acf_changed":false},"product_brand":[],"product_cat":[2830],"product_tag":[],"class_list":{"0":"post-24092","1":"product","2":"type-product","3":"status-publish","4":"has-post-thumbnail","6":"product_cat-signia-fr-be","8":"first","9":"instock","10":"taxable","11":"shipping-taxable","12":"purchasable","13":"product-type-simple"},"acf":[],"yoast_head":"<!-- This site is optimized with the Yoast SEO plugin v27.1.1 - https:\/\/yoast.com\/product\/yoast-seo-wordpress\/ -->\n<title>Appareil auditif Signia Insio Charge &amp; Go 5AX \u00e0 1650\u20ac - Unisson Belgique<\/title>\n<meta name=\"description\" content=\"Le Signia Insio Charge&amp;Go 5AX combine discr\u00e9tion et performance. Profitez de cet appareil auditif rechargeable chez Unisson au meilleur prix.\" \/>\n<meta name=\"robots\" content=\"index, follow, max-snippet:-1, max-image-preview:large, max-video-preview:-1\" \/>\n<link rel=\"canonical\" href=\"https:\/\/www.laboratoires-unisson.com\/fr-be\/wp-json\/wp\/v2\/product\/24092\" \/>\n<meta property=\"og:locale\" content=\"fr_FR\" \/>\n<meta property=\"og:type\" content=\"article\" \/>\n<meta property=\"og:title\" content=\"Insio Charge &amp; Go 5AX - Laboratoires Unisson\" \/>\n<meta property=\"og:description\" content=\"Le Signia Insio Charge&amp;Go 5AX combine discr\u00e9tion et performance. Profitez de cet appareil auditif rechargeable chez Unisson au meilleur prix.\" \/>\n<meta property=\"og:url\" content=\"https:\/\/www.laboratoires-unisson.com\/fr-be\/produit\/appareils-auditifs\/signia\/insio-charge-go-5ax\" \/>\n<meta property=\"og:site_name\" content=\"Laboratoires Unisson\" \/>\n<meta property=\"article:modified_time\" content=\"2025-12-03T09:08:08+00:00\" \/>\n<meta property=\"og:image\" content=\"https:\/\/www.laboratoires-unisson.com\/wp-content\/uploads\/2022\/05\/insio-charge-go-5ax.jpg\" \/>\n\t<meta property=\"og:image:width\" content=\"450\" \/>\n\t<meta property=\"og:image:height\" content=\"500\" \/>\n\t<meta property=\"og:image:type\" content=\"image\/jpeg\" \/>\n<meta name=\"twitter:card\" content=\"summary_large_image\" \/>\n<meta name=\"twitter:label1\" content=\"Est. reading time\" \/>\n\t<meta name=\"twitter:data1\" content=\"4 minutes\" \/>\n<script type=\"application\/ld+json\" class=\"yoast-schema-graph\">{\"@context\":\"https:\/\/schema.org\",\"@graph\":[{\"@type\":\"WebPage\",\"@id\":\"https:\/\/www.laboratoires-unisson.com\/fr-be\/produit\/appareils-auditifs\/signia\/insio-charge-go-5ax\",\"url\":\"https:\/\/www.laboratoires-unisson.com\/fr-be\/produit\/appareils-auditifs\/signia\/insio-charge-go-5ax\",\"name\":\"Insio Charge & Go 5AX - Laboratoires Unisson\",\"isPartOf\":{\"@id\":\"https:\/\/www.laboratoires-unisson.com\/fr-be#website\"},\"primaryImageOfPage\":{\"@id\":\"https:\/\/www.laboratoires-unisson.com\/fr-be\/produit\/appareils-auditifs\/signia\/insio-charge-go-5ax#primaryimage\"},\"image\":{\"@id\":\"https:\/\/www.laboratoires-unisson.com\/fr-be\/produit\/appareils-auditifs\/signia\/insio-charge-go-5ax#primaryimage\"},\"thumbnailUrl\":\"https:\/\/www.laboratoires-unisson.com\/wp-content\/uploads\/2022\/05\/insio-charge-go-5ax.jpg\",\"datePublished\":\"2022-05-02T13:01:11+00:00\",\"dateModified\":\"2025-12-03T09:08:08+00:00\",\"description\":\"Le Signia Insio Charge&Go 5AX combine discr\u00e9tion et performance. Profitez de cet appareil auditif rechargeable chez Unisson au meilleur prix.\",\"breadcrumb\":{\"@id\":\"https:\/\/www.laboratoires-unisson.com\/fr-be\/produit\/appareils-auditifs\/signia\/insio-charge-go-5ax#breadcrumb\"},\"inLanguage\":\"fr-BE\",\"potentialAction\":[{\"@type\":\"ReadAction\",\"target\":[\"https:\/\/www.laboratoires-unisson.com\/fr-be\/produit\/appareils-auditifs\/signia\/insio-charge-go-5ax\"]}]},{\"@type\":\"ImageObject\",\"inLanguage\":\"fr-BE\",\"@id\":\"https:\/\/www.laboratoires-unisson.com\/fr-be\/produit\/appareils-auditifs\/signia\/insio-charge-go-5ax#primaryimage\",\"url\":\"https:\/\/www.laboratoires-unisson.com\/wp-content\/uploads\/2022\/05\/insio-charge-go-5ax.jpg\",\"contentUrl\":\"https:\/\/www.laboratoires-unisson.com\/wp-content\/uploads\/2022\/05\/insio-charge-go-5ax.jpg\",\"width\":450,\"height\":500},{\"@type\":\"BreadcrumbList\",\"@id\":\"https:\/\/www.laboratoires-unisson.com\/fr-be\/produit\/appareils-auditifs\/signia\/insio-charge-go-5ax#breadcrumb\",\"itemListElement\":[{\"@type\":\"ListItem\",\"position\":1,\"name\":\"Shop\",\"item\":\"https:\/\/www.laboratoires-unisson.com\/fr-be\/shop\"},{\"@type\":\"ListItem\",\"position\":2,\"name\":\"Insio Charge &#038; Go 5AX\"}]},{\"@type\":\"WebSite\",\"@id\":\"https:\/\/www.laboratoires-unisson.com\/fr-be#website\",\"url\":\"https:\/\/www.laboratoires-unisson.com\/fr-be\",\"name\":\"Laboratoires Unisson\",\"description\":\"Appareil auditif et proth\u00e8se auditive Moins Cher jusqu&#039;\u00e0 -40%\",\"publisher\":{\"@id\":\"https:\/\/www.laboratoires-unisson.com\/fr-be#organization\"},\"potentialAction\":[{\"@type\":\"SearchAction\",\"target\":{\"@type\":\"EntryPoint\",\"urlTemplate\":\"https:\/\/www.laboratoires-unisson.com\/fr-be?s={search_term_string}\"},\"query-input\":{\"@type\":\"PropertyValueSpecification\",\"valueRequired\":true,\"valueName\":\"search_term_string\"}}],\"inLanguage\":\"fr-BE\"},{\"@type\":\"Organization\",\"@id\":\"https:\/\/www.laboratoires-unisson.com\/fr-be#organization\",\"name\":\"Laboratoires Unisson\",\"url\":\"https:\/\/www.laboratoires-unisson.com\/fr-be\",\"logo\":{\"@type\":\"ImageObject\",\"inLanguage\":\"fr-BE\",\"@id\":\"https:\/\/www.laboratoires-unisson.com\/fr-be#\/schema\/logo\/image\/\",\"url\":\"https:\/\/www.laboratoires-unisson.com\/wp-content\/uploads\/2022\/01\/logo-unisson.svg\",\"contentUrl\":\"https:\/\/www.laboratoires-unisson.com\/wp-content\/uploads\/2022\/01\/logo-unisson.svg\",\"width\":1,\"height\":1,\"caption\":\"Laboratoires Unisson\"},\"image\":{\"@id\":\"https:\/\/www.laboratoires-unisson.com\/fr-be#\/schema\/logo\/image\/\"}}]}<\/script>\n<!-- \/ Yoast SEO plugin. -->","yoast_head_json":{"title":"Appareil auditif Signia Insio Charge & Go 5AX \u00e0 1650\u20ac - Unisson Belgique","description":"Le Signia Insio Charge&Go 5AX combine discr\u00e9tion et performance. Profitez de cet appareil auditif rechargeable chez Unisson au meilleur prix.","robots":{"index":"index","follow":"follow","max-snippet":"max-snippet:-1","max-image-preview":"max-image-preview:large","max-video-preview":"max-video-preview:-1"},"canonical":"https:\/\/www.laboratoires-unisson.com\/fr-be\/wp-json\/wp\/v2\/product\/24092","og_locale":"fr_FR","og_type":"article","og_title":"Insio Charge & Go 5AX - Laboratoires Unisson","og_description":"Le Signia Insio Charge&Go 5AX combine discr\u00e9tion et performance. Profitez de cet appareil auditif rechargeable chez Unisson au meilleur prix.","og_url":"https:\/\/www.laboratoires-unisson.com\/fr-be\/produit\/appareils-auditifs\/signia\/insio-charge-go-5ax","og_site_name":"Laboratoires Unisson","article_modified_time":"2025-12-03T09:08:08+00:00","og_image":[{"width":450,"height":500,"url":"https:\/\/www.laboratoires-unisson.com\/wp-content\/uploads\/2022\/05\/insio-charge-go-5ax.jpg","type":"image\/jpeg"}],"twitter_card":"summary_large_image","twitter_misc":{"Est. reading time":"4 minutes"},"schema":{"@context":"https:\/\/schema.org","@graph":[{"@type":"WebPage","@id":"https:\/\/www.laboratoires-unisson.com\/fr-be\/produit\/appareils-auditifs\/signia\/insio-charge-go-5ax","url":"https:\/\/www.laboratoires-unisson.com\/fr-be\/produit\/appareils-auditifs\/signia\/insio-charge-go-5ax","name":"Insio Charge & Go 5AX - Laboratoires Unisson","isPartOf":{"@id":"https:\/\/www.laboratoires-unisson.com\/fr-be#website"},"primaryImageOfPage":{"@id":"https:\/\/www.laboratoires-unisson.com\/fr-be\/produit\/appareils-auditifs\/signia\/insio-charge-go-5ax#primaryimage"},"image":{"@id":"https:\/\/www.laboratoires-unisson.com\/fr-be\/produit\/appareils-auditifs\/signia\/insio-charge-go-5ax#primaryimage"},"thumbnailUrl":"https:\/\/www.laboratoires-unisson.com\/wp-content\/uploads\/2022\/05\/insio-charge-go-5ax.jpg","datePublished":"2022-05-02T13:01:11+00:00","dateModified":"2025-12-03T09:08:08+00:00","description":"Le Signia Insio Charge&Go 5AX combine discr\u00e9tion et performance. Profitez de cet appareil auditif rechargeable chez Unisson au meilleur prix.","breadcrumb":{"@id":"https:\/\/www.laboratoires-unisson.com\/fr-be\/produit\/appareils-auditifs\/signia\/insio-charge-go-5ax#breadcrumb"},"inLanguage":"fr-BE","potentialAction":[{"@type":"ReadAction","target":["https:\/\/www.laboratoires-unisson.com\/fr-be\/produit\/appareils-auditifs\/signia\/insio-charge-go-5ax"]}]},{"@type":"ImageObject","inLanguage":"fr-BE","@id":"https:\/\/www.laboratoires-unisson.com\/fr-be\/produit\/appareils-auditifs\/signia\/insio-charge-go-5ax#primaryimage","url":"https:\/\/www.laboratoires-unisson.com\/wp-content\/uploads\/2022\/05\/insio-charge-go-5ax.jpg","contentUrl":"https:\/\/www.laboratoires-unisson.com\/wp-content\/uploads\/2022\/05\/insio-charge-go-5ax.jpg","width":450,"height":500},{"@type":"BreadcrumbList","@id":"https:\/\/www.laboratoires-unisson.com\/fr-be\/produit\/appareils-auditifs\/signia\/insio-charge-go-5ax#breadcrumb","itemListElement":[{"@type":"ListItem","position":1,"name":"Shop","item":"https:\/\/www.laboratoires-unisson.com\/fr-be\/shop"},{"@type":"ListItem","position":2,"name":"Insio Charge &#038; Go 5AX"}]},{"@type":"WebSite","@id":"https:\/\/www.laboratoires-unisson.com\/fr-be#website","url":"https:\/\/www.laboratoires-unisson.com\/fr-be","name":"Laboratoires Unisson","description":"Appareil auditif et proth\u00e8se auditive Moins Cher jusqu&#039;\u00e0 -40%","publisher":{"@id":"https:\/\/www.laboratoires-unisson.com\/fr-be#organization"},"potentialAction":[{"@type":"SearchAction","target":{"@type":"EntryPoint","urlTemplate":"https:\/\/www.laboratoires-unisson.com\/fr-be?s={search_term_string}"},"query-input":{"@type":"PropertyValueSpecification","valueRequired":true,"valueName":"search_term_string"}}],"inLanguage":"fr-BE"},{"@type":"Organization","@id":"https:\/\/www.laboratoires-unisson.com\/fr-be#organization","name":"Laboratoires Unisson","url":"https:\/\/www.laboratoires-unisson.com\/fr-be","logo":{"@type":"ImageObject","inLanguage":"fr-BE","@id":"https:\/\/www.laboratoires-unisson.com\/fr-be#\/schema\/logo\/image\/","url":"https:\/\/www.laboratoires-unisson.com\/wp-content\/uploads\/2022\/01\/logo-unisson.svg","contentUrl":"https:\/\/www.laboratoires-unisson.com\/wp-content\/uploads\/2022\/01\/logo-unisson.svg","width":1,"height":1,"caption":"Laboratoires Unisson"},"image":{"@id":"https:\/\/www.laboratoires-unisson.com\/fr-be#\/schema\/logo\/image\/"}}]}},"_links":{"self":[{"href":"https:\/\/www.laboratoires-unisson.com\/fr-be\/wp-json\/wp\/v2\/product\/24092","targetHints":{"allow":["GET"]}}],"collection":[{"href":"https:\/\/www.laboratoires-unisson.com\/fr-be\/wp-json\/wp\/v2\/product"}],"about":[{"href":"https:\/\/www.laboratoires-unisson.com\/fr-be\/wp-json\/wp\/v2\/types\/product"}],"wp:featuredmedia":[{"embeddable":true,"href":"https:\/\/www.laboratoires-unisson.com\/fr-be\/wp-json\/wp\/v2\/media\/19252"}],"wp:attachment":[{"href":"https:\/\/www.laboratoires-unisson.com\/fr-be\/wp-json\/wp\/v2\/media?parent=24092"}],"wp:term":[{"taxonomy":"product_brand","embeddable":true,"href":"https:\/\/www.laboratoires-unisson.com\/fr-be\/wp-json\/wp\/v2\/product_brand?post=24092"},{"taxonomy":"product_cat","embeddable":true,"href":"https:\/\/www.laboratoires-unisson.com\/fr-be\/wp-json\/wp\/v2\/product_cat?post=24092"},{"taxonomy":"product_tag","embeddable":true,"href":"https:\/\/www.laboratoires-unisson.com\/fr-be\/wp-json\/wp\/v2\/product_tag?post=24092"}],"curies":[{"name":"wp","href":"https:\/\/api.w.org\/{rel}","templated":true}]}}