{"id":24093,"date":"2022-05-02T15:02:29","date_gmt":"2022-05-02T13:02:29","guid":{"rendered":"https:\/\/www.laboratoires-unisson.com\/produit\/insio-charge-go-7ax"},"modified":"2025-12-03T10:08:09","modified_gmt":"2025-12-03T09:08:09","slug":"insio-charge-go-7ax","status":"publish","type":"product","link":"https:\/\/www.laboratoires-unisson.com\/fr-be\/produit\/appareils-auditifs\/signia\/insio-charge-go-7ax","title":{"rendered":"Insio Charge &#038; Go 7AX"},"content":{"rendered":"<p>Signia vient de d\u00e9cliner sa gamme <a href=\"https:\/\/www.laboratoires-unisson.com\/fr-be\/appareils-auditifs\/marques\/signia\/ax\">Signia AX<\/a> en mod\u00e8les intra-auriculaires. L\u2019appareil auditif Signia Insio Charge &amp; Go 7AX est un mod\u00e8le haut de gamme, adapt\u00e9 pour des pertes auditives l\u00e9g\u00e8res \u00e0 moyennes.<\/p>\n<p>Il s\u2019agit d\u2019un <strong>appareil intra-auriculaire sur-mesure rechargeable et connect\u00e9<\/strong> qui se diff\u00e9rencie de par son design novateur et d\u2019une faceplate moderne et \u00e9l\u00e9gante (pas de tiroir pile).<\/p>\n<p>Il s&#8217;agit de la premi\u00e8re aide auditive rechargeable sur-mesure avec \u00e0 la fois une connectivit\u00e9 Bluetooth et des capacit\u00e9s de charge sans contact.<\/p>\n<h3>Les innovations de la gamme Insio Charge &amp; Go<\/h3>\n<p>Les aides auditives Insio Charge &amp; Go sont issues de la nouvelle plateforme de Signia AX (Augmented Xperience) qui a \u00e9t\u00e9 introduite pour la premi\u00e8re fois dans la gamme Signia Pure Charge &amp; Go AX. Cette plateforme offre une exp\u00e9rience auditive in\u00e9dite. Il en r\u00e9sulte une r\u00e9duction de l&#8217;effort auditif et une parole plus claire dans la conversation, et ce dans n&#8217;importe quelle situation auditive.<\/p>\n<p>Gr\u00e2ce aux technologies Focus Sounds et Surroundings, l\u2019accent est mis sur la clart\u00e9 et les d\u00e9tails vous offrant un <strong>confort d\u2019\u00e9coute in\u00e9gal\u00e9 et naturel<\/strong>.<\/p>\n<p>Les appareils auditifs Signia Insio Charge &amp; Go 7AX int\u00e8grent \u00e9galement un capteur de mouvement pour adapter leur son de mani\u00e8re optimale \u00e0 l\u2019environnement de l\u2019utilisateur en d\u00e9tectant s\u2019il est en mouvement ou arr\u00eat\u00e9.<\/p>\n<p>D\u2019autres innovations agr\u00e9mentent la gamme Signia Insio Charge &amp; Go\u00a0:<\/p>\n<ul>\n<li>E2e wireless 4.0\u00a0: le nouveau syst\u00e8me ear-to-ear de Signia synchronise plus de donn\u00e9es sonores et la vitesse de transmission des donn\u00e9es est augment\u00e9e significativement. Votre exp\u00e9rience sonore en sortira plus fluide gr\u00e2ce \u00e0 une meilleure compr\u00e9hension de la parole et ce dans n\u2019importe quel environnement sonore.<\/li>\n<li>Connectivit\u00e9 Bluetooth Android &amp; iPhone<\/li>\n<li>Un design moderne, avec un bouton poussoir ergonomique<\/li>\n<li>Les 1\u00e8res aides auditives intra-auriculaires sur-mesure rechargeables sans contact avec son chargeur d\u00e9di\u00e9<\/li>\n<\/ul>\n<h3>Plateforme Signia Augmented Xperience (AX)<\/h3>\n<p>Traditionnellement, les aides auditives traitent tous les sons dans leur ensemble. Le probl\u00e8me avec un seul processeur est que tous les signaux sont en comp\u00e9tition les uns contre les autres. Si vous donnez la priorit\u00e9 \u00e0 un signal, un autre sera n\u00e9glig\u00e9.<\/p>\n<p><strong>Avec Augmented Xperience (AX) de Signia, deux processeurs traitent de mani\u00e8re optimale chaque signal<\/strong>. Les appareils auditifs \u00e9quip\u00e9s de la puce AX offrent ainsi une clart\u00e9 de parole exceptionnelle dans un paysage sonore enti\u00e8rement immersif.<\/p>\n<h3>Les caract\u00e9ristiques du mod\u00e8le Insio Charge &amp; Go 7AX<\/h3>\n<p>Le mod\u00e8le Signia Insio Charge &amp; Go 7AX\u00a0poss\u00e8de 20 bandes d\u2019adaptation et 48 canaux de traitement, un bouton poussoir, deux microphones, un capteur de mouvement et une connexion Bluetooth. Il est disponible en 6 couleurs (noir, marron fonc\u00e9, marron, mocha, brun clair et beige).<\/p>\n<p>Ces appareils auditifs intra-auriculaires sont <strong>con\u00e7us sur-mesure pour s\u2019adapter \u00e0 chaque oreille<\/strong>. Ce sont des dispositifs personnalis\u00e9s et plus petits vous offrant un confort tout au long de la journ\u00e9e.<\/p>\n<p>Il est disponible en 2 mod\u00e8les\u00a0:<\/p>\n<ul>\n<li>ITE (in the Ear) qui se place \u00e0 l\u2019entr\u00e9e de votre conduit auditif pour un grand confort de port<\/li>\n<li>ITC (in the canal) , plus invisible que le ITE. Il se place plus profond\u00e9ment dans le conduit pour une meilleure discr\u00e9tion<\/li>\n<\/ul>\n<h3>Fonction rechargeable des aides auditives Signia Insio Charge &amp; Go 7AX<\/h3>\n<p>Les aides auditives Signia Insio Charge &amp; Go AX sont des <strong>mod\u00e8les rechargeables<\/strong> et sont les premi\u00e8res aides auditives personnalis\u00e9es avec <strong>charge lithium-ion sans contact<\/strong> et offrant une connectivit\u00e9 Bluetooth innovante. Le syst\u00e8me de charge d&#8217;Insio n&#8217;a jamais \u00e9t\u00e9 aussi simple ! Vous mettez simplement les aides auditives dans le chargeur et elles se chargeront automatiquement.<\/p>\n<p>Chargez-les la nuit lorsque vous dormez et r\u00e9veillez-vous en sachant que vous disposez d&#8217;une autonomie de 20h &#8211; dont 5h de streaming &#8211; en une seule charge.<\/p>\n<h3>Insio Charge &amp; Go AX, une gamme connect\u00e9e<\/h3>\n<p>Gr\u00e2ce \u00e0 la <strong>connexion Bluetooth<\/strong>, tous les appareils Insio Charge &amp; Go de Signia b\u00e9n\u00e9ficient\u00a0:<\/p>\n<ul>\n<li>D\u2019un streaming direct iPhone et Android (consultez la liste des smartphones compatibles <a href=\"https:\/\/www.signia-pro.com\/fr-ch\/solutions-d'accompagnement\/compatibility\/\">ici<\/a>)<\/li>\n<li>De l\u2019application Signia App<\/li>\n<li>De Signia Assistant<\/li>\n<li>D\u2019accessoires sans fil\u00a0: StreamLine Mic, StreamLine TV, miniPocket<\/li>\n<\/ul>\n<h4>Fonctionnalit\u00e9s du Insio\u00a0Charge &amp; Go 7AX<\/h4>\n<ul>\n<li>20 canaux de r\u00e9glage du gain \/ 48 bandes de traitement du signal<\/li>\n<li>6 programmes manuels<\/li>\n<li>Bouton poussoir<\/li>\n<li>Augmented Focus<span style=\"font-size: 11.0pt;\"><span style=\"line-height: 107%;\"><span style=\"color: black;\">\u2122<\/span><\/span><\/span><\/li>\n<li>Bande de fr\u00e9quence \u00e9largie<\/li>\n<li>EchoShield<\/li>\n<li>Spatial SpeechFocus<\/li>\n<li>Clart\u00e9 de la parole am\u00e9lior\u00e9e<\/li>\n<li>TruEar 360 (capteurs de mouvement)<\/li>\n<li>Plage dynamique d&#8217;entr\u00e9e augment\u00e9e<\/li>\n<li>eWindScreen : \u00e9limination des bruits du vent<\/li>\n<li>Speech and Noise &amp; Soundsmoothing pour la r\u00e9duction du bruit<\/li>\n<li>Anti Larsen<\/li>\n<li>Tinnitus pour th\u00e9rapie acouph\u00e8nes<\/li>\n<li>Connectivit\u00e9 Bluetooth<\/li>\n<li>Streaming audio direct (iOS et Android)<\/li>\n<li>Rechargeable &#8211; 20h d&#8217;autonomie tout au long de la journ\u00e9e en une seule charge (en fonction du streaming)<\/li>\n<li>Compatible avec l&#8217;Assistance Signia, la t\u00e9l\u00e9assistance (TeleCare) et l&#8217;application mobile Signia<\/li>\n<li>Compatible avec les accessoires sans-fil (StreamLine Mic, mini Mic, StreamLine TV)<\/li>\n<\/ul>\n","protected":false},"excerpt":{"rendered":"<p>Signia vient de d\u00e9cliner sa gamme Signia AX en mod\u00e8les intra-auriculaires. L\u2019appareil auditif Signia Insio Charge &amp; Go 7AX est un mod\u00e8le haut de gamme, adapt\u00e9 pour des pertes auditives l\u00e9g\u00e8res \u00e0 moyennes. Il s\u2019agit d\u2019un appareil intra-auriculaire sur-mesure rechargeable et connect\u00e9 qui se diff\u00e9rencie de par son design novateur et d\u2019une faceplate moderne et [&hellip;]<\/p>\n","protected":false},"featured_media":20807,"template":"","meta":{"_acf_changed":false},"product_brand":[],"product_cat":[2684,2830],"product_tag":[],"class_list":{"0":"post-24093","1":"product","2":"type-product","3":"status-publish","4":"has-post-thumbnail","6":"product_cat-offre-premium-fr-be","7":"product_cat-signia-fr-be","9":"first","10":"instock","11":"taxable","12":"shipping-taxable","13":"purchasable","14":"product-type-simple"},"acf":[],"yoast_head":"<!-- This site is optimized with the Yoast SEO plugin v27.1.1 - https:\/\/yoast.com\/product\/yoast-seo-wordpress\/ -->\n<title>Appareil auditif Signia Insio Charge &amp; Go 7AX \u00e0 1900\u20ac - Unisson Belgique<\/title>\n<meta name=\"description\" content=\"Pourquoi choisir le Signia Insio Charge&amp;Go 7AX ? Profitez d&#039;une audition claire et d&#039;une technologie avanc\u00e9e chez Unisson Belgique \u00e0 un prix comp\u00e9titif.\" \/>\n<meta name=\"robots\" content=\"index, follow, max-snippet:-1, max-image-preview:large, max-video-preview:-1\" \/>\n<link rel=\"canonical\" href=\"https:\/\/www.laboratoires-unisson.com\/fr-be\/wp-json\/wp\/v2\/product\/24093\" \/>\n<meta property=\"og:locale\" content=\"fr_FR\" \/>\n<meta property=\"og:type\" content=\"article\" \/>\n<meta property=\"og:title\" content=\"Insio Charge &amp; Go 7AX - Laboratoires Unisson\" \/>\n<meta property=\"og:description\" content=\"Pourquoi choisir le Signia Insio Charge&amp;Go 7AX ? Profitez d&#039;une audition claire et d&#039;une technologie avanc\u00e9e chez Unisson Belgique \u00e0 un prix comp\u00e9titif.\" \/>\n<meta property=\"og:url\" content=\"https:\/\/www.laboratoires-unisson.com\/fr-be\/produit\/appareils-auditifs\/signia\/insio-charge-go-7ax\" \/>\n<meta property=\"og:site_name\" content=\"Laboratoires Unisson\" \/>\n<meta property=\"article:modified_time\" content=\"2025-12-03T09:08:09+00:00\" \/>\n<meta property=\"og:image\" content=\"https:\/\/www.laboratoires-unisson.com\/wp-content\/uploads\/2022\/05\/Signia-Insio-Charge-Go-7AX.png\" \/>\n\t<meta property=\"og:image:width\" content=\"450\" \/>\n\t<meta property=\"og:image:height\" content=\"500\" \/>\n\t<meta property=\"og:image:type\" content=\"image\/png\" \/>\n<meta name=\"twitter:card\" content=\"summary_large_image\" \/>\n<meta name=\"twitter:label1\" content=\"Est. reading time\" \/>\n\t<meta name=\"twitter:data1\" content=\"5 minutes\" \/>\n<script type=\"application\/ld+json\" class=\"yoast-schema-graph\">{\"@context\":\"https:\/\/schema.org\",\"@graph\":[{\"@type\":\"WebPage\",\"@id\":\"https:\/\/www.laboratoires-unisson.com\/fr-be\/produit\/appareils-auditifs\/signia\/insio-charge-go-7ax\",\"url\":\"https:\/\/www.laboratoires-unisson.com\/fr-be\/produit\/appareils-auditifs\/signia\/insio-charge-go-7ax\",\"name\":\"Insio Charge & Go 7AX - Laboratoires Unisson\",\"isPartOf\":{\"@id\":\"https:\/\/www.laboratoires-unisson.com\/fr-be#website\"},\"primaryImageOfPage\":{\"@id\":\"https:\/\/www.laboratoires-unisson.com\/fr-be\/produit\/appareils-auditifs\/signia\/insio-charge-go-7ax#primaryimage\"},\"image\":{\"@id\":\"https:\/\/www.laboratoires-unisson.com\/fr-be\/produit\/appareils-auditifs\/signia\/insio-charge-go-7ax#primaryimage\"},\"thumbnailUrl\":\"https:\/\/www.laboratoires-unisson.com\/wp-content\/uploads\/2022\/05\/Signia-Insio-Charge-Go-7AX.png\",\"datePublished\":\"2022-05-02T13:02:29+00:00\",\"dateModified\":\"2025-12-03T09:08:09+00:00\",\"description\":\"Pourquoi choisir le Signia Insio Charge&Go 7AX ? Profitez d'une audition claire et d'une technologie avanc\u00e9e chez Unisson Belgique \u00e0 un prix comp\u00e9titif.\",\"breadcrumb\":{\"@id\":\"https:\/\/www.laboratoires-unisson.com\/fr-be\/produit\/appareils-auditifs\/signia\/insio-charge-go-7ax#breadcrumb\"},\"inLanguage\":\"fr-BE\",\"potentialAction\":[{\"@type\":\"ReadAction\",\"target\":[\"https:\/\/www.laboratoires-unisson.com\/fr-be\/produit\/appareils-auditifs\/signia\/insio-charge-go-7ax\"]}]},{\"@type\":\"ImageObject\",\"inLanguage\":\"fr-BE\",\"@id\":\"https:\/\/www.laboratoires-unisson.com\/fr-be\/produit\/appareils-auditifs\/signia\/insio-charge-go-7ax#primaryimage\",\"url\":\"https:\/\/www.laboratoires-unisson.com\/wp-content\/uploads\/2022\/05\/Signia-Insio-Charge-Go-7AX.png\",\"contentUrl\":\"https:\/\/www.laboratoires-unisson.com\/wp-content\/uploads\/2022\/05\/Signia-Insio-Charge-Go-7AX.png\",\"width\":450,\"height\":500},{\"@type\":\"BreadcrumbList\",\"@id\":\"https:\/\/www.laboratoires-unisson.com\/fr-be\/produit\/appareils-auditifs\/signia\/insio-charge-go-7ax#breadcrumb\",\"itemListElement\":[{\"@type\":\"ListItem\",\"position\":1,\"name\":\"Shop\",\"item\":\"https:\/\/www.laboratoires-unisson.com\/fr-be\/shop\"},{\"@type\":\"ListItem\",\"position\":2,\"name\":\"Insio Charge &#038; Go 7AX\"}]},{\"@type\":\"WebSite\",\"@id\":\"https:\/\/www.laboratoires-unisson.com\/fr-be#website\",\"url\":\"https:\/\/www.laboratoires-unisson.com\/fr-be\",\"name\":\"Laboratoires Unisson\",\"description\":\"Appareil auditif et proth\u00e8se auditive Moins Cher jusqu&#039;\u00e0 -40%\",\"publisher\":{\"@id\":\"https:\/\/www.laboratoires-unisson.com\/fr-be#organization\"},\"potentialAction\":[{\"@type\":\"SearchAction\",\"target\":{\"@type\":\"EntryPoint\",\"urlTemplate\":\"https:\/\/www.laboratoires-unisson.com\/fr-be?s={search_term_string}\"},\"query-input\":{\"@type\":\"PropertyValueSpecification\",\"valueRequired\":true,\"valueName\":\"search_term_string\"}}],\"inLanguage\":\"fr-BE\"},{\"@type\":\"Organization\",\"@id\":\"https:\/\/www.laboratoires-unisson.com\/fr-be#organization\",\"name\":\"Laboratoires Unisson\",\"url\":\"https:\/\/www.laboratoires-unisson.com\/fr-be\",\"logo\":{\"@type\":\"ImageObject\",\"inLanguage\":\"fr-BE\",\"@id\":\"https:\/\/www.laboratoires-unisson.com\/fr-be#\/schema\/logo\/image\/\",\"url\":\"https:\/\/www.laboratoires-unisson.com\/wp-content\/uploads\/2022\/01\/logo-unisson.svg\",\"contentUrl\":\"https:\/\/www.laboratoires-unisson.com\/wp-content\/uploads\/2022\/01\/logo-unisson.svg\",\"width\":1,\"height\":1,\"caption\":\"Laboratoires Unisson\"},\"image\":{\"@id\":\"https:\/\/www.laboratoires-unisson.com\/fr-be#\/schema\/logo\/image\/\"}}]}<\/script>\n<!-- \/ Yoast SEO plugin. -->","yoast_head_json":{"title":"Appareil auditif Signia Insio Charge & Go 7AX \u00e0 1900\u20ac - Unisson Belgique","description":"Pourquoi choisir le Signia Insio Charge&Go 7AX ? Profitez d'une audition claire et d'une technologie avanc\u00e9e chez Unisson Belgique \u00e0 un prix comp\u00e9titif.","robots":{"index":"index","follow":"follow","max-snippet":"max-snippet:-1","max-image-preview":"max-image-preview:large","max-video-preview":"max-video-preview:-1"},"canonical":"https:\/\/www.laboratoires-unisson.com\/fr-be\/wp-json\/wp\/v2\/product\/24093","og_locale":"fr_FR","og_type":"article","og_title":"Insio Charge & Go 7AX - Laboratoires Unisson","og_description":"Pourquoi choisir le Signia Insio Charge&Go 7AX ? Profitez d'une audition claire et d'une technologie avanc\u00e9e chez Unisson Belgique \u00e0 un prix comp\u00e9titif.","og_url":"https:\/\/www.laboratoires-unisson.com\/fr-be\/produit\/appareils-auditifs\/signia\/insio-charge-go-7ax","og_site_name":"Laboratoires Unisson","article_modified_time":"2025-12-03T09:08:09+00:00","og_image":[{"width":450,"height":500,"url":"https:\/\/www.laboratoires-unisson.com\/wp-content\/uploads\/2022\/05\/Signia-Insio-Charge-Go-7AX.png","type":"image\/png"}],"twitter_card":"summary_large_image","twitter_misc":{"Est. reading time":"5 minutes"},"schema":{"@context":"https:\/\/schema.org","@graph":[{"@type":"WebPage","@id":"https:\/\/www.laboratoires-unisson.com\/fr-be\/produit\/appareils-auditifs\/signia\/insio-charge-go-7ax","url":"https:\/\/www.laboratoires-unisson.com\/fr-be\/produit\/appareils-auditifs\/signia\/insio-charge-go-7ax","name":"Insio Charge & Go 7AX - Laboratoires Unisson","isPartOf":{"@id":"https:\/\/www.laboratoires-unisson.com\/fr-be#website"},"primaryImageOfPage":{"@id":"https:\/\/www.laboratoires-unisson.com\/fr-be\/produit\/appareils-auditifs\/signia\/insio-charge-go-7ax#primaryimage"},"image":{"@id":"https:\/\/www.laboratoires-unisson.com\/fr-be\/produit\/appareils-auditifs\/signia\/insio-charge-go-7ax#primaryimage"},"thumbnailUrl":"https:\/\/www.laboratoires-unisson.com\/wp-content\/uploads\/2022\/05\/Signia-Insio-Charge-Go-7AX.png","datePublished":"2022-05-02T13:02:29+00:00","dateModified":"2025-12-03T09:08:09+00:00","description":"Pourquoi choisir le Signia Insio Charge&Go 7AX ? Profitez d'une audition claire et d'une technologie avanc\u00e9e chez Unisson Belgique \u00e0 un prix comp\u00e9titif.","breadcrumb":{"@id":"https:\/\/www.laboratoires-unisson.com\/fr-be\/produit\/appareils-auditifs\/signia\/insio-charge-go-7ax#breadcrumb"},"inLanguage":"fr-BE","potentialAction":[{"@type":"ReadAction","target":["https:\/\/www.laboratoires-unisson.com\/fr-be\/produit\/appareils-auditifs\/signia\/insio-charge-go-7ax"]}]},{"@type":"ImageObject","inLanguage":"fr-BE","@id":"https:\/\/www.laboratoires-unisson.com\/fr-be\/produit\/appareils-auditifs\/signia\/insio-charge-go-7ax#primaryimage","url":"https:\/\/www.laboratoires-unisson.com\/wp-content\/uploads\/2022\/05\/Signia-Insio-Charge-Go-7AX.png","contentUrl":"https:\/\/www.laboratoires-unisson.com\/wp-content\/uploads\/2022\/05\/Signia-Insio-Charge-Go-7AX.png","width":450,"height":500},{"@type":"BreadcrumbList","@id":"https:\/\/www.laboratoires-unisson.com\/fr-be\/produit\/appareils-auditifs\/signia\/insio-charge-go-7ax#breadcrumb","itemListElement":[{"@type":"ListItem","position":1,"name":"Shop","item":"https:\/\/www.laboratoires-unisson.com\/fr-be\/shop"},{"@type":"ListItem","position":2,"name":"Insio Charge &#038; Go 7AX"}]},{"@type":"WebSite","@id":"https:\/\/www.laboratoires-unisson.com\/fr-be#website","url":"https:\/\/www.laboratoires-unisson.com\/fr-be","name":"Laboratoires Unisson","description":"Appareil auditif et proth\u00e8se auditive Moins Cher jusqu&#039;\u00e0 -40%","publisher":{"@id":"https:\/\/www.laboratoires-unisson.com\/fr-be#organization"},"potentialAction":[{"@type":"SearchAction","target":{"@type":"EntryPoint","urlTemplate":"https:\/\/www.laboratoires-unisson.com\/fr-be?s={search_term_string}"},"query-input":{"@type":"PropertyValueSpecification","valueRequired":true,"valueName":"search_term_string"}}],"inLanguage":"fr-BE"},{"@type":"Organization","@id":"https:\/\/www.laboratoires-unisson.com\/fr-be#organization","name":"Laboratoires Unisson","url":"https:\/\/www.laboratoires-unisson.com\/fr-be","logo":{"@type":"ImageObject","inLanguage":"fr-BE","@id":"https:\/\/www.laboratoires-unisson.com\/fr-be#\/schema\/logo\/image\/","url":"https:\/\/www.laboratoires-unisson.com\/wp-content\/uploads\/2022\/01\/logo-unisson.svg","contentUrl":"https:\/\/www.laboratoires-unisson.com\/wp-content\/uploads\/2022\/01\/logo-unisson.svg","width":1,"height":1,"caption":"Laboratoires Unisson"},"image":{"@id":"https:\/\/www.laboratoires-unisson.com\/fr-be#\/schema\/logo\/image\/"}}]}},"_links":{"self":[{"href":"https:\/\/www.laboratoires-unisson.com\/fr-be\/wp-json\/wp\/v2\/product\/24093","targetHints":{"allow":["GET"]}}],"collection":[{"href":"https:\/\/www.laboratoires-unisson.com\/fr-be\/wp-json\/wp\/v2\/product"}],"about":[{"href":"https:\/\/www.laboratoires-unisson.com\/fr-be\/wp-json\/wp\/v2\/types\/product"}],"wp:featuredmedia":[{"embeddable":true,"href":"https:\/\/www.laboratoires-unisson.com\/fr-be\/wp-json\/wp\/v2\/media\/20807"}],"wp:attachment":[{"href":"https:\/\/www.laboratoires-unisson.com\/fr-be\/wp-json\/wp\/v2\/media?parent=24093"}],"wp:term":[{"taxonomy":"product_brand","embeddable":true,"href":"https:\/\/www.laboratoires-unisson.com\/fr-be\/wp-json\/wp\/v2\/product_brand?post=24093"},{"taxonomy":"product_cat","embeddable":true,"href":"https:\/\/www.laboratoires-unisson.com\/fr-be\/wp-json\/wp\/v2\/product_cat?post=24093"},{"taxonomy":"product_tag","embeddable":true,"href":"https:\/\/www.laboratoires-unisson.com\/fr-be\/wp-json\/wp\/v2\/product_tag?post=24093"}],"curies":[{"name":"wp","href":"https:\/\/api.w.org\/{rel}","templated":true}]}}