{"id":24094,"date":"2022-05-02T15:00:49","date_gmt":"2022-05-02T13:00:49","guid":{"rendered":"https:\/\/www.laboratoires-unisson.com\/produit\/insio-cic-3nx"},"modified":"2025-12-03T10:08:09","modified_gmt":"2025-12-03T09:08:09","slug":"insio-cic-3nx","status":"publish","type":"product","link":"https:\/\/www.laboratoires-unisson.com\/fr-be\/produit\/appareils-auditifs\/signia\/insio-cic-3nx","title":{"rendered":"Insio CIC 3Nx"},"content":{"rendered":"<p><strong>Signia Insio CIC 3Nx<\/strong> est un <a href=\"https:\/\/www.laboratoires-unisson.com\/fr-be\/appareils-auditifs\/types\/intra-cic\">intra-auriculaire CIC<\/a> moul\u00e9 sur mesure. Cet appareil auditif vous garantit une parfaite discr\u00e9tion \u00e0 d\u00e9faut de proposer les derni\u00e8res fonctionnalit\u00e9s de la puce Nx comme OVP\u2122.<\/p>\n<p>Le r\u00e9glage de l\u2019appareil s\u2019effectue sur <strong>12 canaux d\u2019adaptation<\/strong> du gain et le traitement du signal sur 24 bandes. En tout, 6 programmes d\u2019\u00e9coute personnalis\u00e9s peuvent \u00eatre programm\u00e9s par l\u2019audioproth\u00e9siste pour correspondre \u00e0 vos attentes.<\/p>\n<p>Cet appareil milieu de gamme propose l\u2019essentiel de la nouvelle <strong>puce Nx de Signia<\/strong> (solutions auditives Siemens), \u00e0 savoir\u00a0: une plage dynamique \u00e9tendue, un r\u00e9ducteur de bruit du vent, un r\u00e9ducteur de bruit (avec 4 programmes automatiques), un anti larsen, <strong>la directivit\u00e9 binaurale Signia OneMic (con\u00e7ue pour les intras)<\/strong>, une compression fr\u00e9quentielle ainsi qu\u2019un g\u00e9n\u00e9rateur de bruit blanc pour les acouph\u00e8nes.<\/p>\n","protected":false},"excerpt":{"rendered":"<p>Signia Insio CIC 3Nx est un intra-auriculaire CIC moul\u00e9 sur mesure. Cet appareil auditif vous garantit une parfaite discr\u00e9tion \u00e0 d\u00e9faut de proposer les derni\u00e8res fonctionnalit\u00e9s de la puce Nx comme OVP\u2122. Le r\u00e9glage de l\u2019appareil s\u2019effectue sur 12 canaux d\u2019adaptation du gain et le traitement du signal sur 24 bandes. En tout, 6 programmes [&hellip;]<\/p>\n","protected":false},"featured_media":19241,"template":"","meta":{"_acf_changed":false},"product_brand":[],"product_cat":[2830],"product_tag":[],"class_list":{"0":"post-24094","1":"product","2":"type-product","3":"status-publish","4":"has-post-thumbnail","6":"product_cat-signia-fr-be","8":"first","9":"instock","10":"taxable","11":"shipping-taxable","12":"purchasable","13":"product-type-simple"},"acf":[],"yoast_head":"<!-- This site is optimized with the Yoast SEO plugin v27.1.1 - https:\/\/yoast.com\/product\/yoast-seo-wordpress\/ -->\n<title>Appareil auditif Signia Insio CIC 3Nx \u00e0 1400\u20ac - Unisson Belgique<\/title>\n<meta name=\"description\" content=\"Signia Insio CIC 3Nx est un intra-auriculaire CIC moul\u00e9 sur mesure. Cet appareil auditif vous garantit une parfaite discr\u00e9tion \u00e0 d\u00e9faut de proposer les\" \/>\n<meta name=\"robots\" content=\"index, follow, max-snippet:-1, max-image-preview:large, max-video-preview:-1\" \/>\n<link rel=\"canonical\" href=\"https:\/\/www.laboratoires-unisson.com\/fr-be\/wp-json\/wp\/v2\/product\/24094\" \/>\n<meta property=\"og:locale\" content=\"fr_FR\" \/>\n<meta property=\"og:type\" content=\"article\" \/>\n<meta property=\"og:title\" content=\"Insio CIC 3Nx - Laboratoires Unisson\" \/>\n<meta property=\"og:description\" content=\"Signia Insio CIC 3Nx est un intra-auriculaire CIC moul\u00e9 sur mesure. Cet appareil auditif vous garantit une parfaite discr\u00e9tion \u00e0 d\u00e9faut de proposer les\" \/>\n<meta property=\"og:url\" content=\"https:\/\/www.laboratoires-unisson.com\/fr-be\/produit\/appareils-auditifs\/signia\/insio-cic-3nx\" \/>\n<meta property=\"og:site_name\" content=\"Laboratoires Unisson\" \/>\n<meta property=\"article:modified_time\" content=\"2025-12-03T09:08:09+00:00\" \/>\n<meta property=\"og:image\" content=\"https:\/\/www.laboratoires-unisson.com\/wp-content\/uploads\/2022\/05\/insio-cic-3nx.jpg\" \/>\n\t<meta property=\"og:image:width\" content=\"488\" \/>\n\t<meta property=\"og:image:height\" content=\"488\" \/>\n\t<meta property=\"og:image:type\" content=\"image\/jpeg\" \/>\n<meta name=\"twitter:card\" content=\"summary_large_image\" \/>\n<meta name=\"twitter:label1\" content=\"Est. reading time\" \/>\n\t<meta name=\"twitter:data1\" content=\"1 minute\" \/>\n<script type=\"application\/ld+json\" class=\"yoast-schema-graph\">{\"@context\":\"https:\/\/schema.org\",\"@graph\":[{\"@type\":\"WebPage\",\"@id\":\"https:\/\/www.laboratoires-unisson.com\/fr-be\/produit\/appareils-auditifs\/signia\/insio-cic-3nx\",\"url\":\"https:\/\/www.laboratoires-unisson.com\/fr-be\/produit\/appareils-auditifs\/signia\/insio-cic-3nx\",\"name\":\"Insio CIC 3Nx - Laboratoires Unisson\",\"isPartOf\":{\"@id\":\"https:\/\/www.laboratoires-unisson.com\/fr-be#website\"},\"primaryImageOfPage\":{\"@id\":\"https:\/\/www.laboratoires-unisson.com\/fr-be\/produit\/appareils-auditifs\/signia\/insio-cic-3nx#primaryimage\"},\"image\":{\"@id\":\"https:\/\/www.laboratoires-unisson.com\/fr-be\/produit\/appareils-auditifs\/signia\/insio-cic-3nx#primaryimage\"},\"thumbnailUrl\":\"https:\/\/www.laboratoires-unisson.com\/wp-content\/uploads\/2022\/05\/insio-cic-3nx.jpg\",\"datePublished\":\"2022-05-02T13:00:49+00:00\",\"dateModified\":\"2025-12-03T09:08:09+00:00\",\"description\":\"Signia Insio CIC 3Nx est un intra-auriculaire CIC moul\u00e9 sur mesure. Cet appareil auditif vous garantit une parfaite discr\u00e9tion \u00e0 d\u00e9faut de proposer les\",\"breadcrumb\":{\"@id\":\"https:\/\/www.laboratoires-unisson.com\/fr-be\/produit\/appareils-auditifs\/signia\/insio-cic-3nx#breadcrumb\"},\"inLanguage\":\"fr-BE\",\"potentialAction\":[{\"@type\":\"ReadAction\",\"target\":[\"https:\/\/www.laboratoires-unisson.com\/fr-be\/produit\/appareils-auditifs\/signia\/insio-cic-3nx\"]}]},{\"@type\":\"ImageObject\",\"inLanguage\":\"fr-BE\",\"@id\":\"https:\/\/www.laboratoires-unisson.com\/fr-be\/produit\/appareils-auditifs\/signia\/insio-cic-3nx#primaryimage\",\"url\":\"https:\/\/www.laboratoires-unisson.com\/wp-content\/uploads\/2022\/05\/insio-cic-3nx.jpg\",\"contentUrl\":\"https:\/\/www.laboratoires-unisson.com\/wp-content\/uploads\/2022\/05\/insio-cic-3nx.jpg\",\"width\":488,\"height\":488},{\"@type\":\"BreadcrumbList\",\"@id\":\"https:\/\/www.laboratoires-unisson.com\/fr-be\/produit\/appareils-auditifs\/signia\/insio-cic-3nx#breadcrumb\",\"itemListElement\":[{\"@type\":\"ListItem\",\"position\":1,\"name\":\"Shop\",\"item\":\"https:\/\/www.laboratoires-unisson.com\/fr-be\/shop\"},{\"@type\":\"ListItem\",\"position\":2,\"name\":\"Insio CIC 3Nx\"}]},{\"@type\":\"WebSite\",\"@id\":\"https:\/\/www.laboratoires-unisson.com\/fr-be#website\",\"url\":\"https:\/\/www.laboratoires-unisson.com\/fr-be\",\"name\":\"Laboratoires Unisson\",\"description\":\"Appareil auditif et proth\u00e8se auditive Moins Cher jusqu&#039;\u00e0 -40%\",\"publisher\":{\"@id\":\"https:\/\/www.laboratoires-unisson.com\/fr-be#organization\"},\"potentialAction\":[{\"@type\":\"SearchAction\",\"target\":{\"@type\":\"EntryPoint\",\"urlTemplate\":\"https:\/\/www.laboratoires-unisson.com\/fr-be?s={search_term_string}\"},\"query-input\":{\"@type\":\"PropertyValueSpecification\",\"valueRequired\":true,\"valueName\":\"search_term_string\"}}],\"inLanguage\":\"fr-BE\"},{\"@type\":\"Organization\",\"@id\":\"https:\/\/www.laboratoires-unisson.com\/fr-be#organization\",\"name\":\"Laboratoires Unisson\",\"url\":\"https:\/\/www.laboratoires-unisson.com\/fr-be\",\"logo\":{\"@type\":\"ImageObject\",\"inLanguage\":\"fr-BE\",\"@id\":\"https:\/\/www.laboratoires-unisson.com\/fr-be#\/schema\/logo\/image\/\",\"url\":\"https:\/\/www.laboratoires-unisson.com\/wp-content\/uploads\/2022\/01\/logo-unisson.svg\",\"contentUrl\":\"https:\/\/www.laboratoires-unisson.com\/wp-content\/uploads\/2022\/01\/logo-unisson.svg\",\"width\":1,\"height\":1,\"caption\":\"Laboratoires Unisson\"},\"image\":{\"@id\":\"https:\/\/www.laboratoires-unisson.com\/fr-be#\/schema\/logo\/image\/\"}}]}<\/script>\n<!-- \/ Yoast SEO plugin. -->","yoast_head_json":{"title":"Appareil auditif Signia Insio CIC 3Nx \u00e0 1400\u20ac - Unisson Belgique","description":"Signia Insio CIC 3Nx est un intra-auriculaire CIC moul\u00e9 sur mesure. Cet appareil auditif vous garantit une parfaite discr\u00e9tion \u00e0 d\u00e9faut de proposer les","robots":{"index":"index","follow":"follow","max-snippet":"max-snippet:-1","max-image-preview":"max-image-preview:large","max-video-preview":"max-video-preview:-1"},"canonical":"https:\/\/www.laboratoires-unisson.com\/fr-be\/wp-json\/wp\/v2\/product\/24094","og_locale":"fr_FR","og_type":"article","og_title":"Insio CIC 3Nx - Laboratoires Unisson","og_description":"Signia Insio CIC 3Nx est un intra-auriculaire CIC moul\u00e9 sur mesure. Cet appareil auditif vous garantit une parfaite discr\u00e9tion \u00e0 d\u00e9faut de proposer les","og_url":"https:\/\/www.laboratoires-unisson.com\/fr-be\/produit\/appareils-auditifs\/signia\/insio-cic-3nx","og_site_name":"Laboratoires Unisson","article_modified_time":"2025-12-03T09:08:09+00:00","og_image":[{"width":488,"height":488,"url":"https:\/\/www.laboratoires-unisson.com\/wp-content\/uploads\/2022\/05\/insio-cic-3nx.jpg","type":"image\/jpeg"}],"twitter_card":"summary_large_image","twitter_misc":{"Est. reading time":"1 minute"},"schema":{"@context":"https:\/\/schema.org","@graph":[{"@type":"WebPage","@id":"https:\/\/www.laboratoires-unisson.com\/fr-be\/produit\/appareils-auditifs\/signia\/insio-cic-3nx","url":"https:\/\/www.laboratoires-unisson.com\/fr-be\/produit\/appareils-auditifs\/signia\/insio-cic-3nx","name":"Insio CIC 3Nx - Laboratoires Unisson","isPartOf":{"@id":"https:\/\/www.laboratoires-unisson.com\/fr-be#website"},"primaryImageOfPage":{"@id":"https:\/\/www.laboratoires-unisson.com\/fr-be\/produit\/appareils-auditifs\/signia\/insio-cic-3nx#primaryimage"},"image":{"@id":"https:\/\/www.laboratoires-unisson.com\/fr-be\/produit\/appareils-auditifs\/signia\/insio-cic-3nx#primaryimage"},"thumbnailUrl":"https:\/\/www.laboratoires-unisson.com\/wp-content\/uploads\/2022\/05\/insio-cic-3nx.jpg","datePublished":"2022-05-02T13:00:49+00:00","dateModified":"2025-12-03T09:08:09+00:00","description":"Signia Insio CIC 3Nx est un intra-auriculaire CIC moul\u00e9 sur mesure. Cet appareil auditif vous garantit une parfaite discr\u00e9tion \u00e0 d\u00e9faut de proposer les","breadcrumb":{"@id":"https:\/\/www.laboratoires-unisson.com\/fr-be\/produit\/appareils-auditifs\/signia\/insio-cic-3nx#breadcrumb"},"inLanguage":"fr-BE","potentialAction":[{"@type":"ReadAction","target":["https:\/\/www.laboratoires-unisson.com\/fr-be\/produit\/appareils-auditifs\/signia\/insio-cic-3nx"]}]},{"@type":"ImageObject","inLanguage":"fr-BE","@id":"https:\/\/www.laboratoires-unisson.com\/fr-be\/produit\/appareils-auditifs\/signia\/insio-cic-3nx#primaryimage","url":"https:\/\/www.laboratoires-unisson.com\/wp-content\/uploads\/2022\/05\/insio-cic-3nx.jpg","contentUrl":"https:\/\/www.laboratoires-unisson.com\/wp-content\/uploads\/2022\/05\/insio-cic-3nx.jpg","width":488,"height":488},{"@type":"BreadcrumbList","@id":"https:\/\/www.laboratoires-unisson.com\/fr-be\/produit\/appareils-auditifs\/signia\/insio-cic-3nx#breadcrumb","itemListElement":[{"@type":"ListItem","position":1,"name":"Shop","item":"https:\/\/www.laboratoires-unisson.com\/fr-be\/shop"},{"@type":"ListItem","position":2,"name":"Insio CIC 3Nx"}]},{"@type":"WebSite","@id":"https:\/\/www.laboratoires-unisson.com\/fr-be#website","url":"https:\/\/www.laboratoires-unisson.com\/fr-be","name":"Laboratoires Unisson","description":"Appareil auditif et proth\u00e8se auditive Moins Cher jusqu&#039;\u00e0 -40%","publisher":{"@id":"https:\/\/www.laboratoires-unisson.com\/fr-be#organization"},"potentialAction":[{"@type":"SearchAction","target":{"@type":"EntryPoint","urlTemplate":"https:\/\/www.laboratoires-unisson.com\/fr-be?s={search_term_string}"},"query-input":{"@type":"PropertyValueSpecification","valueRequired":true,"valueName":"search_term_string"}}],"inLanguage":"fr-BE"},{"@type":"Organization","@id":"https:\/\/www.laboratoires-unisson.com\/fr-be#organization","name":"Laboratoires Unisson","url":"https:\/\/www.laboratoires-unisson.com\/fr-be","logo":{"@type":"ImageObject","inLanguage":"fr-BE","@id":"https:\/\/www.laboratoires-unisson.com\/fr-be#\/schema\/logo\/image\/","url":"https:\/\/www.laboratoires-unisson.com\/wp-content\/uploads\/2022\/01\/logo-unisson.svg","contentUrl":"https:\/\/www.laboratoires-unisson.com\/wp-content\/uploads\/2022\/01\/logo-unisson.svg","width":1,"height":1,"caption":"Laboratoires Unisson"},"image":{"@id":"https:\/\/www.laboratoires-unisson.com\/fr-be#\/schema\/logo\/image\/"}}]}},"_links":{"self":[{"href":"https:\/\/www.laboratoires-unisson.com\/fr-be\/wp-json\/wp\/v2\/product\/24094","targetHints":{"allow":["GET"]}}],"collection":[{"href":"https:\/\/www.laboratoires-unisson.com\/fr-be\/wp-json\/wp\/v2\/product"}],"about":[{"href":"https:\/\/www.laboratoires-unisson.com\/fr-be\/wp-json\/wp\/v2\/types\/product"}],"wp:featuredmedia":[{"embeddable":true,"href":"https:\/\/www.laboratoires-unisson.com\/fr-be\/wp-json\/wp\/v2\/media\/19241"}],"wp:attachment":[{"href":"https:\/\/www.laboratoires-unisson.com\/fr-be\/wp-json\/wp\/v2\/media?parent=24094"}],"wp:term":[{"taxonomy":"product_brand","embeddable":true,"href":"https:\/\/www.laboratoires-unisson.com\/fr-be\/wp-json\/wp\/v2\/product_brand?post=24094"},{"taxonomy":"product_cat","embeddable":true,"href":"https:\/\/www.laboratoires-unisson.com\/fr-be\/wp-json\/wp\/v2\/product_cat?post=24094"},{"taxonomy":"product_tag","embeddable":true,"href":"https:\/\/www.laboratoires-unisson.com\/fr-be\/wp-json\/wp\/v2\/product_tag?post=24094"}],"curies":[{"name":"wp","href":"https:\/\/api.w.org\/{rel}","templated":true}]}}