{"id":24095,"date":"2022-05-02T15:01:19","date_gmt":"2022-05-02T13:01:19","guid":{"rendered":"https:\/\/www.laboratoires-unisson.com\/produit\/insio-cic-5nx"},"modified":"2025-12-03T10:08:10","modified_gmt":"2025-12-03T09:08:10","slug":"insio-cic-5nx","status":"publish","type":"product","link":"https:\/\/www.laboratoires-unisson.com\/fr-be\/produit\/appareils-auditifs\/signia\/insio-cic-5nx","title":{"rendered":"Insio CIC 5Nx"},"content":{"rendered":"<p>Signia <strong>Insio CIC 5Nx<\/strong> est une aide auditive invisible moul\u00e9e sur mesure apr\u00e8s empreinte de vos conduits auditifs. Celle-ci fonctionne avec la derni\u00e8re puce de la marque (nomm\u00e9e Nx), sortie fin 2017. Cet intra-auriculaire ne propose pas en revanche les derni\u00e8res innovations de la plateforme Nx comme l\u2019algorithme OVP\u2122 ou la classification en temps r\u00e9el des environnements \u00ab\u00a03D Classifier\u00a0\u00bb. Ces derni\u00e8res disponibles uniquement sur les contours d\u2019oreille RIC et BTE.<\/p>\n<p>C\u00f4t\u00e9 adaptation, <strong>l\u2019appareil se r\u00e8gle sur 16 canaux et traite le signal sur 32 bandes<\/strong>. L\u2019audioproth\u00e9siste peu \u00e9galement programmer jusqu\u2019\u00e0 6 programmes personnalis\u00e9s, selon vos besoins.<\/p>\n<p>Cet appareil auditif propose les fonctionnalit\u00e9s essentielles de la gamme Nx pour une \u00e9coute confortable dans la plupart des environnements. Il ne propose pas de connectivit\u00e9 Bluetooth, ni le r\u00e9glage \u00e0 distance, fonctionnalit\u00e9s disponibles uniquement en contour d\u2019oreille (voir par exemple le mod\u00e8le Signia Pure 312 5Nx).<\/p>\n<p>A d\u00e9faut de proposer une connectivit\u00e9 sans-fil avec accessoires, vous pouvez utiliser l\u2019ancienne application TouchControl pour contr\u00f4ler vos appareils (volume, programmes etc.).<\/p>\n<p>Fonctionnalit\u00e9s de Insio CIC 5Nx<\/p>\n<ul>\n<li>16 canaux de r\u00e9glage<\/li>\n<li>32 bandes de traitement du signal<\/li>\n<li>Jusqu\u2019\u00e0 6 programmes d\u2019\u00e9coute personnalis\u00e9s<\/li>\n<li>Dynamique \u00e9tendue (permet de pousser l\u2019amplification sans d\u00e9t\u00e9riorer la qualit\u00e9 sonore ni le fonctionnement de l\u2019anti-larsen)<\/li>\n<li>HD Music\u00a0: programme automatique pour la musique (1 programme automatique)<\/li>\n<li>R\u00e9ducteur de bruit du vent eWindScreen<\/li>\n<li>R\u00e9ducteur de bruit (9 programmes automatiques)<\/li>\n<li>Anti-larsen<\/li>\n<li>Directivit\u00e9 binaurale OneMic (d\u00e9velopp\u00e9e sp\u00e9cialement pour les intra-auriculaires)<\/li>\n<li>CROSPhone\u2122\u00a0: \u00e9coute binaurale de vos appels t\u00e9l\u00e9phoniques (ex\u00a0: le t\u00e9l\u00e9phone est pos\u00e9 sur votre oreille droite, l\u2019appareil renvoi automatiquement le son du t\u00e9l\u00e9phone dans l\u2019oreille gauche)<\/li>\n<li>Compression fr\u00e9quentielle<\/li>\n<li>G\u00e9n\u00e9rateur de bruit blanc pour les acouph\u00e8nes<\/li>\n<\/ul>\n","protected":false},"excerpt":{"rendered":"<p>Signia Insio CIC 5Nx est une aide auditive invisible moul\u00e9e sur mesure apr\u00e8s empreinte de vos conduits auditifs. Celle-ci fonctionne avec la derni\u00e8re puce de la marque (nomm\u00e9e Nx), sortie fin 2017. Cet intra-auriculaire ne propose pas en revanche les derni\u00e8res innovations de la plateforme Nx comme l\u2019algorithme OVP\u2122 ou la classification en temps r\u00e9el [&hellip;]<\/p>\n","protected":false},"featured_media":19254,"template":"","meta":{"_acf_changed":false},"product_brand":[],"product_cat":[2830],"product_tag":[],"class_list":{"0":"post-24095","1":"product","2":"type-product","3":"status-publish","4":"has-post-thumbnail","6":"product_cat-signia-fr-be","8":"first","9":"instock","10":"taxable","11":"shipping-taxable","12":"purchasable","13":"product-type-simple"},"acf":[],"yoast_head":"<!-- This site is optimized with the Yoast SEO plugin v27.1.1 - https:\/\/yoast.com\/product\/yoast-seo-wordpress\/ -->\n<title>Appareil auditif Signia Insio CIC 5Nx \u00e0 1650\u20ac - Unisson Belgique<\/title>\n<meta name=\"description\" content=\"Signia Insio CIC 5Nx est une aide auditive invisible moul\u00e9e sur mesure apr\u00e8s empreinte de vos conduits auditifs. Celle-ci fonctionne avec la derni\u00e8re puce\" \/>\n<meta name=\"robots\" content=\"index, follow, max-snippet:-1, max-image-preview:large, max-video-preview:-1\" \/>\n<link rel=\"canonical\" href=\"https:\/\/www.laboratoires-unisson.com\/fr-be\/wp-json\/wp\/v2\/product\/24095\" \/>\n<meta property=\"og:locale\" content=\"fr_FR\" \/>\n<meta property=\"og:type\" content=\"article\" \/>\n<meta property=\"og:title\" content=\"Insio CIC 5Nx - Laboratoires Unisson\" \/>\n<meta property=\"og:description\" content=\"Signia Insio CIC 5Nx est une aide auditive invisible moul\u00e9e sur mesure apr\u00e8s empreinte de vos conduits auditifs. Celle-ci fonctionne avec la derni\u00e8re puce\" \/>\n<meta property=\"og:url\" content=\"https:\/\/www.laboratoires-unisson.com\/fr-be\/produit\/appareils-auditifs\/signia\/insio-cic-5nx\" \/>\n<meta property=\"og:site_name\" content=\"Laboratoires Unisson\" \/>\n<meta property=\"article:modified_time\" content=\"2025-12-03T09:08:10+00:00\" \/>\n<meta property=\"og:image\" content=\"https:\/\/www.laboratoires-unisson.com\/wp-content\/uploads\/2022\/05\/insio-cic-5nx.jpg\" \/>\n\t<meta property=\"og:image:width\" content=\"488\" \/>\n\t<meta property=\"og:image:height\" content=\"488\" \/>\n\t<meta property=\"og:image:type\" content=\"image\/jpeg\" \/>\n<meta name=\"twitter:card\" content=\"summary_large_image\" \/>\n<meta name=\"twitter:label1\" content=\"Est. reading time\" \/>\n\t<meta name=\"twitter:data1\" content=\"2 minutes\" \/>\n<script type=\"application\/ld+json\" class=\"yoast-schema-graph\">{\"@context\":\"https:\/\/schema.org\",\"@graph\":[{\"@type\":\"WebPage\",\"@id\":\"https:\/\/www.laboratoires-unisson.com\/fr-be\/produit\/appareils-auditifs\/signia\/insio-cic-5nx\",\"url\":\"https:\/\/www.laboratoires-unisson.com\/fr-be\/produit\/appareils-auditifs\/signia\/insio-cic-5nx\",\"name\":\"Insio CIC 5Nx - Laboratoires Unisson\",\"isPartOf\":{\"@id\":\"https:\/\/www.laboratoires-unisson.com\/fr-be#website\"},\"primaryImageOfPage\":{\"@id\":\"https:\/\/www.laboratoires-unisson.com\/fr-be\/produit\/appareils-auditifs\/signia\/insio-cic-5nx#primaryimage\"},\"image\":{\"@id\":\"https:\/\/www.laboratoires-unisson.com\/fr-be\/produit\/appareils-auditifs\/signia\/insio-cic-5nx#primaryimage\"},\"thumbnailUrl\":\"https:\/\/www.laboratoires-unisson.com\/wp-content\/uploads\/2022\/05\/insio-cic-5nx.jpg\",\"datePublished\":\"2022-05-02T13:01:19+00:00\",\"dateModified\":\"2025-12-03T09:08:10+00:00\",\"description\":\"Signia Insio CIC 5Nx est une aide auditive invisible moul\u00e9e sur mesure apr\u00e8s empreinte de vos conduits auditifs. Celle-ci fonctionne avec la derni\u00e8re puce\",\"breadcrumb\":{\"@id\":\"https:\/\/www.laboratoires-unisson.com\/fr-be\/produit\/appareils-auditifs\/signia\/insio-cic-5nx#breadcrumb\"},\"inLanguage\":\"fr-BE\",\"potentialAction\":[{\"@type\":\"ReadAction\",\"target\":[\"https:\/\/www.laboratoires-unisson.com\/fr-be\/produit\/appareils-auditifs\/signia\/insio-cic-5nx\"]}]},{\"@type\":\"ImageObject\",\"inLanguage\":\"fr-BE\",\"@id\":\"https:\/\/www.laboratoires-unisson.com\/fr-be\/produit\/appareils-auditifs\/signia\/insio-cic-5nx#primaryimage\",\"url\":\"https:\/\/www.laboratoires-unisson.com\/wp-content\/uploads\/2022\/05\/insio-cic-5nx.jpg\",\"contentUrl\":\"https:\/\/www.laboratoires-unisson.com\/wp-content\/uploads\/2022\/05\/insio-cic-5nx.jpg\",\"width\":488,\"height\":488},{\"@type\":\"BreadcrumbList\",\"@id\":\"https:\/\/www.laboratoires-unisson.com\/fr-be\/produit\/appareils-auditifs\/signia\/insio-cic-5nx#breadcrumb\",\"itemListElement\":[{\"@type\":\"ListItem\",\"position\":1,\"name\":\"Shop\",\"item\":\"https:\/\/www.laboratoires-unisson.com\/fr-be\/shop\"},{\"@type\":\"ListItem\",\"position\":2,\"name\":\"Insio CIC 5Nx\"}]},{\"@type\":\"WebSite\",\"@id\":\"https:\/\/www.laboratoires-unisson.com\/fr-be#website\",\"url\":\"https:\/\/www.laboratoires-unisson.com\/fr-be\",\"name\":\"Laboratoires Unisson\",\"description\":\"Appareil auditif et proth\u00e8se auditive Moins Cher jusqu&#039;\u00e0 -40%\",\"publisher\":{\"@id\":\"https:\/\/www.laboratoires-unisson.com\/fr-be#organization\"},\"potentialAction\":[{\"@type\":\"SearchAction\",\"target\":{\"@type\":\"EntryPoint\",\"urlTemplate\":\"https:\/\/www.laboratoires-unisson.com\/fr-be?s={search_term_string}\"},\"query-input\":{\"@type\":\"PropertyValueSpecification\",\"valueRequired\":true,\"valueName\":\"search_term_string\"}}],\"inLanguage\":\"fr-BE\"},{\"@type\":\"Organization\",\"@id\":\"https:\/\/www.laboratoires-unisson.com\/fr-be#organization\",\"name\":\"Laboratoires Unisson\",\"url\":\"https:\/\/www.laboratoires-unisson.com\/fr-be\",\"logo\":{\"@type\":\"ImageObject\",\"inLanguage\":\"fr-BE\",\"@id\":\"https:\/\/www.laboratoires-unisson.com\/fr-be#\/schema\/logo\/image\/\",\"url\":\"https:\/\/www.laboratoires-unisson.com\/wp-content\/uploads\/2022\/01\/logo-unisson.svg\",\"contentUrl\":\"https:\/\/www.laboratoires-unisson.com\/wp-content\/uploads\/2022\/01\/logo-unisson.svg\",\"width\":1,\"height\":1,\"caption\":\"Laboratoires Unisson\"},\"image\":{\"@id\":\"https:\/\/www.laboratoires-unisson.com\/fr-be#\/schema\/logo\/image\/\"}}]}<\/script>\n<!-- \/ Yoast SEO plugin. -->","yoast_head_json":{"title":"Appareil auditif Signia Insio CIC 5Nx \u00e0 1650\u20ac - Unisson Belgique","description":"Signia Insio CIC 5Nx est une aide auditive invisible moul\u00e9e sur mesure apr\u00e8s empreinte de vos conduits auditifs. Celle-ci fonctionne avec la derni\u00e8re puce","robots":{"index":"index","follow":"follow","max-snippet":"max-snippet:-1","max-image-preview":"max-image-preview:large","max-video-preview":"max-video-preview:-1"},"canonical":"https:\/\/www.laboratoires-unisson.com\/fr-be\/wp-json\/wp\/v2\/product\/24095","og_locale":"fr_FR","og_type":"article","og_title":"Insio CIC 5Nx - Laboratoires Unisson","og_description":"Signia Insio CIC 5Nx est une aide auditive invisible moul\u00e9e sur mesure apr\u00e8s empreinte de vos conduits auditifs. Celle-ci fonctionne avec la derni\u00e8re puce","og_url":"https:\/\/www.laboratoires-unisson.com\/fr-be\/produit\/appareils-auditifs\/signia\/insio-cic-5nx","og_site_name":"Laboratoires Unisson","article_modified_time":"2025-12-03T09:08:10+00:00","og_image":[{"width":488,"height":488,"url":"https:\/\/www.laboratoires-unisson.com\/wp-content\/uploads\/2022\/05\/insio-cic-5nx.jpg","type":"image\/jpeg"}],"twitter_card":"summary_large_image","twitter_misc":{"Est. reading time":"2 minutes"},"schema":{"@context":"https:\/\/schema.org","@graph":[{"@type":"WebPage","@id":"https:\/\/www.laboratoires-unisson.com\/fr-be\/produit\/appareils-auditifs\/signia\/insio-cic-5nx","url":"https:\/\/www.laboratoires-unisson.com\/fr-be\/produit\/appareils-auditifs\/signia\/insio-cic-5nx","name":"Insio CIC 5Nx - Laboratoires Unisson","isPartOf":{"@id":"https:\/\/www.laboratoires-unisson.com\/fr-be#website"},"primaryImageOfPage":{"@id":"https:\/\/www.laboratoires-unisson.com\/fr-be\/produit\/appareils-auditifs\/signia\/insio-cic-5nx#primaryimage"},"image":{"@id":"https:\/\/www.laboratoires-unisson.com\/fr-be\/produit\/appareils-auditifs\/signia\/insio-cic-5nx#primaryimage"},"thumbnailUrl":"https:\/\/www.laboratoires-unisson.com\/wp-content\/uploads\/2022\/05\/insio-cic-5nx.jpg","datePublished":"2022-05-02T13:01:19+00:00","dateModified":"2025-12-03T09:08:10+00:00","description":"Signia Insio CIC 5Nx est une aide auditive invisible moul\u00e9e sur mesure apr\u00e8s empreinte de vos conduits auditifs. Celle-ci fonctionne avec la derni\u00e8re puce","breadcrumb":{"@id":"https:\/\/www.laboratoires-unisson.com\/fr-be\/produit\/appareils-auditifs\/signia\/insio-cic-5nx#breadcrumb"},"inLanguage":"fr-BE","potentialAction":[{"@type":"ReadAction","target":["https:\/\/www.laboratoires-unisson.com\/fr-be\/produit\/appareils-auditifs\/signia\/insio-cic-5nx"]}]},{"@type":"ImageObject","inLanguage":"fr-BE","@id":"https:\/\/www.laboratoires-unisson.com\/fr-be\/produit\/appareils-auditifs\/signia\/insio-cic-5nx#primaryimage","url":"https:\/\/www.laboratoires-unisson.com\/wp-content\/uploads\/2022\/05\/insio-cic-5nx.jpg","contentUrl":"https:\/\/www.laboratoires-unisson.com\/wp-content\/uploads\/2022\/05\/insio-cic-5nx.jpg","width":488,"height":488},{"@type":"BreadcrumbList","@id":"https:\/\/www.laboratoires-unisson.com\/fr-be\/produit\/appareils-auditifs\/signia\/insio-cic-5nx#breadcrumb","itemListElement":[{"@type":"ListItem","position":1,"name":"Shop","item":"https:\/\/www.laboratoires-unisson.com\/fr-be\/shop"},{"@type":"ListItem","position":2,"name":"Insio CIC 5Nx"}]},{"@type":"WebSite","@id":"https:\/\/www.laboratoires-unisson.com\/fr-be#website","url":"https:\/\/www.laboratoires-unisson.com\/fr-be","name":"Laboratoires Unisson","description":"Appareil auditif et proth\u00e8se auditive Moins Cher jusqu&#039;\u00e0 -40%","publisher":{"@id":"https:\/\/www.laboratoires-unisson.com\/fr-be#organization"},"potentialAction":[{"@type":"SearchAction","target":{"@type":"EntryPoint","urlTemplate":"https:\/\/www.laboratoires-unisson.com\/fr-be?s={search_term_string}"},"query-input":{"@type":"PropertyValueSpecification","valueRequired":true,"valueName":"search_term_string"}}],"inLanguage":"fr-BE"},{"@type":"Organization","@id":"https:\/\/www.laboratoires-unisson.com\/fr-be#organization","name":"Laboratoires Unisson","url":"https:\/\/www.laboratoires-unisson.com\/fr-be","logo":{"@type":"ImageObject","inLanguage":"fr-BE","@id":"https:\/\/www.laboratoires-unisson.com\/fr-be#\/schema\/logo\/image\/","url":"https:\/\/www.laboratoires-unisson.com\/wp-content\/uploads\/2022\/01\/logo-unisson.svg","contentUrl":"https:\/\/www.laboratoires-unisson.com\/wp-content\/uploads\/2022\/01\/logo-unisson.svg","width":1,"height":1,"caption":"Laboratoires Unisson"},"image":{"@id":"https:\/\/www.laboratoires-unisson.com\/fr-be#\/schema\/logo\/image\/"}}]}},"_links":{"self":[{"href":"https:\/\/www.laboratoires-unisson.com\/fr-be\/wp-json\/wp\/v2\/product\/24095","targetHints":{"allow":["GET"]}}],"collection":[{"href":"https:\/\/www.laboratoires-unisson.com\/fr-be\/wp-json\/wp\/v2\/product"}],"about":[{"href":"https:\/\/www.laboratoires-unisson.com\/fr-be\/wp-json\/wp\/v2\/types\/product"}],"wp:featuredmedia":[{"embeddable":true,"href":"https:\/\/www.laboratoires-unisson.com\/fr-be\/wp-json\/wp\/v2\/media\/19254"}],"wp:attachment":[{"href":"https:\/\/www.laboratoires-unisson.com\/fr-be\/wp-json\/wp\/v2\/media?parent=24095"}],"wp:term":[{"taxonomy":"product_brand","embeddable":true,"href":"https:\/\/www.laboratoires-unisson.com\/fr-be\/wp-json\/wp\/v2\/product_brand?post=24095"},{"taxonomy":"product_cat","embeddable":true,"href":"https:\/\/www.laboratoires-unisson.com\/fr-be\/wp-json\/wp\/v2\/product_cat?post=24095"},{"taxonomy":"product_tag","embeddable":true,"href":"https:\/\/www.laboratoires-unisson.com\/fr-be\/wp-json\/wp\/v2\/product_tag?post=24095"}],"curies":[{"name":"wp","href":"https:\/\/api.w.org\/{rel}","templated":true}]}}