{"id":24096,"date":"2022-05-11T10:04:38","date_gmt":"2022-05-11T08:04:38","guid":{"rendered":"https:\/\/www.laboratoires-unisson.com\/produit\/insio-cic-7nx"},"modified":"2025-12-03T10:08:15","modified_gmt":"2025-12-03T09:08:15","slug":"insio-cic-7nx","status":"publish","type":"product","link":"https:\/\/www.laboratoires-unisson.com\/fr-be\/produit\/appareils-auditifs\/signia\/insio-cic-7nx","title":{"rendered":"Insio CIC 7Nx"},"content":{"rendered":"<p>Signia Insio CIC 7Nx est un <a href=\"https:\/\/www.laboratoires-unisson.com\/fr-be\/appareils-auditifs\/types\/intra-cic\">intra-auriculaire CIC<\/a> moul\u00e9 sur-mesure. Plac\u00e9 dans votre conduit auditif, il assure une remarquable discr\u00e9tion p ar rapport aux contours. En revanche, il ne propose pas les principales innovations fonctionnelles de la puce Nx comme \u00ab\u00a0OVP\u2122\u00a0\u00bb, \u00ab\u00a0HD Spatial\u00a0\u00bb et \u00ab\u00a03D Classifier\u00a0\u00bb (disponibles uniquement sur les contours d\u2019oreille).<\/p>\n<p>Insio CIC 7Nx se r\u00e8gle sur 20 canaux d\u2019adaptation du gain et traite le signal sur 48 bandes pour une pr\u00e9cision maximale. En tout, l\u2019audioproth\u00e9siste peut personnaliser <strong>jusqu\u2019\u00e0 6 programmes d\u2019\u00e9coute manuels<\/strong>, param\u00e9trables selon votre convenance.<\/p>\n<p>Le mod\u00e8le Insio CIC 7Nx dispose d\u2019une <strong>bande passante \u00e9largie \u00e0 12khz<\/strong> par rapport aux 5Nx et 3Nx, apportant un son plus clair et cristallin.<\/p>\n<h4>Fonctionnalit\u00e9s de Insio CIC 7Nx<\/h4>\n<ul>\n<li>20 canaux de r\u00e9glage<\/li>\n<li>48 bandes de traitement du signal<\/li>\n<li>Jusqu\u2019\u00e0 6 programmes d\u2019\u00e9coute personnalis\u00e9s<\/li>\n<li>Dynamique \u00e9tendue (permet de pousser l\u2019amplification sans d\u00e9t\u00e9riorer la qualit\u00e9 sonore ni le fonctionnement de l\u2019anti-larsen)<\/li>\n<li>Bande fr\u00e9quentielle \u00e9largie \u00e0 12khz pour une meilleure clart\u00e9 sonore.<\/li>\n<li>HD Music\u00a0: programme automatique pour la musique (3 programme automatique)<\/li>\n<li>R\u00e9ducteur de bruit du vent eWindScreen<\/li>\n<li>R\u00e9ducteur de bruit (11 programmes automatiques)<\/li>\n<li>Anti-larsen<\/li>\n<li>Directivit\u00e9 binaurale OneMic (d\u00e9velopp\u00e9e sp\u00e9cialement pour les intra-auriculaires)<\/li>\n<li>CROSPhone\u2122\u00a0: \u00e9coute binaurale de vos appels t\u00e9l\u00e9phoniques (ex\u00a0: le t\u00e9l\u00e9phone est pos\u00e9 sur votre oreille droite, l\u2019appareil renvoi automatiquement le son du t\u00e9l\u00e9phone dans l\u2019oreille gauche)<\/li>\n<li>Compression fr\u00e9quentielle<\/li>\n<li>G\u00e9n\u00e9rateur de bruit blanc pour les acouph\u00e8nes<\/li>\n<\/ul>\n","protected":false},"excerpt":{"rendered":"<p>Signia Insio CIC 7Nx est un intra-auriculaire CIC moul\u00e9 sur-mesure. Plac\u00e9 dans votre conduit auditif, il assure une remarquable discr\u00e9tion p ar rapport aux contours. En revanche, il ne propose pas les principales innovations fonctionnelles de la puce Nx comme \u00ab\u00a0OVP\u2122\u00a0\u00bb, \u00ab\u00a0HD Spatial\u00a0\u00bb et \u00ab\u00a03D Classifier\u00a0\u00bb (disponibles uniquement sur les contours d\u2019oreille). Insio CIC 7Nx [&hellip;]<\/p>\n","protected":false},"featured_media":19615,"template":"","meta":{"_acf_changed":false},"product_brand":[],"product_cat":[2684,2830],"product_tag":[],"class_list":{"0":"post-24096","1":"product","2":"type-product","3":"status-publish","4":"has-post-thumbnail","6":"product_cat-offre-premium-fr-be","7":"product_cat-signia-fr-be","9":"first","10":"instock","11":"taxable","12":"shipping-taxable","13":"purchasable","14":"product-type-simple"},"acf":[],"yoast_head":"<!-- This site is optimized with the Yoast SEO plugin v27.1.1 - https:\/\/yoast.com\/product\/yoast-seo-wordpress\/ -->\n<title>Appareil auditif Signia Insio CIC 7Nx \u00e0 1900\u20ac - Unisson Belgique<\/title>\n<meta name=\"description\" content=\"Signia Insio CIC 7Nx est un intra-auriculaire CIC moul\u00e9 sur-mesure. Plac\u00e9 dans votre conduit auditif, il assure une remarquable discr\u00e9tion p ar rapport\" \/>\n<meta name=\"robots\" content=\"index, follow, max-snippet:-1, max-image-preview:large, max-video-preview:-1\" \/>\n<link rel=\"canonical\" href=\"https:\/\/www.laboratoires-unisson.com\/fr-be\/wp-json\/wp\/v2\/product\/24096\" \/>\n<meta property=\"og:locale\" content=\"fr_FR\" \/>\n<meta property=\"og:type\" content=\"article\" \/>\n<meta property=\"og:title\" content=\"Insio CIC 7Nx - Laboratoires Unisson\" \/>\n<meta property=\"og:description\" content=\"Signia Insio CIC 7Nx est un intra-auriculaire CIC moul\u00e9 sur-mesure. Plac\u00e9 dans votre conduit auditif, il assure une remarquable discr\u00e9tion p ar rapport\" \/>\n<meta property=\"og:url\" content=\"https:\/\/www.laboratoires-unisson.com\/fr-be\/produit\/appareils-auditifs\/signia\/insio-cic-7nx\" \/>\n<meta property=\"og:site_name\" content=\"Laboratoires Unisson\" \/>\n<meta property=\"article:modified_time\" content=\"2025-12-03T09:08:15+00:00\" \/>\n<meta property=\"og:image\" content=\"https:\/\/www.laboratoires-unisson.com\/wp-content\/uploads\/2022\/05\/insio-cic-7nx.jpg\" \/>\n\t<meta property=\"og:image:width\" content=\"488\" \/>\n\t<meta property=\"og:image:height\" content=\"488\" \/>\n\t<meta property=\"og:image:type\" content=\"image\/jpeg\" \/>\n<meta name=\"twitter:card\" content=\"summary_large_image\" \/>\n<meta name=\"twitter:label1\" content=\"Est. reading time\" \/>\n\t<meta name=\"twitter:data1\" content=\"2 minutes\" \/>\n<script type=\"application\/ld+json\" class=\"yoast-schema-graph\">{\"@context\":\"https:\/\/schema.org\",\"@graph\":[{\"@type\":\"WebPage\",\"@id\":\"https:\/\/www.laboratoires-unisson.com\/fr-be\/produit\/appareils-auditifs\/signia\/insio-cic-7nx\",\"url\":\"https:\/\/www.laboratoires-unisson.com\/fr-be\/produit\/appareils-auditifs\/signia\/insio-cic-7nx\",\"name\":\"Insio CIC 7Nx - Laboratoires Unisson\",\"isPartOf\":{\"@id\":\"https:\/\/www.laboratoires-unisson.com\/fr-be#website\"},\"primaryImageOfPage\":{\"@id\":\"https:\/\/www.laboratoires-unisson.com\/fr-be\/produit\/appareils-auditifs\/signia\/insio-cic-7nx#primaryimage\"},\"image\":{\"@id\":\"https:\/\/www.laboratoires-unisson.com\/fr-be\/produit\/appareils-auditifs\/signia\/insio-cic-7nx#primaryimage\"},\"thumbnailUrl\":\"https:\/\/www.laboratoires-unisson.com\/wp-content\/uploads\/2022\/05\/insio-cic-7nx.jpg\",\"datePublished\":\"2022-05-11T08:04:38+00:00\",\"dateModified\":\"2025-12-03T09:08:15+00:00\",\"description\":\"Signia Insio CIC 7Nx est un intra-auriculaire CIC moul\u00e9 sur-mesure. Plac\u00e9 dans votre conduit auditif, il assure une remarquable discr\u00e9tion p ar rapport\",\"breadcrumb\":{\"@id\":\"https:\/\/www.laboratoires-unisson.com\/fr-be\/produit\/appareils-auditifs\/signia\/insio-cic-7nx#breadcrumb\"},\"inLanguage\":\"fr-BE\",\"potentialAction\":[{\"@type\":\"ReadAction\",\"target\":[\"https:\/\/www.laboratoires-unisson.com\/fr-be\/produit\/appareils-auditifs\/signia\/insio-cic-7nx\"]}]},{\"@type\":\"ImageObject\",\"inLanguage\":\"fr-BE\",\"@id\":\"https:\/\/www.laboratoires-unisson.com\/fr-be\/produit\/appareils-auditifs\/signia\/insio-cic-7nx#primaryimage\",\"url\":\"https:\/\/www.laboratoires-unisson.com\/wp-content\/uploads\/2022\/05\/insio-cic-7nx.jpg\",\"contentUrl\":\"https:\/\/www.laboratoires-unisson.com\/wp-content\/uploads\/2022\/05\/insio-cic-7nx.jpg\",\"width\":488,\"height\":488},{\"@type\":\"BreadcrumbList\",\"@id\":\"https:\/\/www.laboratoires-unisson.com\/fr-be\/produit\/appareils-auditifs\/signia\/insio-cic-7nx#breadcrumb\",\"itemListElement\":[{\"@type\":\"ListItem\",\"position\":1,\"name\":\"Shop\",\"item\":\"https:\/\/www.laboratoires-unisson.com\/fr-be\/shop\"},{\"@type\":\"ListItem\",\"position\":2,\"name\":\"Insio CIC 7Nx\"}]},{\"@type\":\"WebSite\",\"@id\":\"https:\/\/www.laboratoires-unisson.com\/fr-be#website\",\"url\":\"https:\/\/www.laboratoires-unisson.com\/fr-be\",\"name\":\"Laboratoires Unisson\",\"description\":\"Appareil auditif et proth\u00e8se auditive Moins Cher jusqu&#039;\u00e0 -40%\",\"publisher\":{\"@id\":\"https:\/\/www.laboratoires-unisson.com\/fr-be#organization\"},\"potentialAction\":[{\"@type\":\"SearchAction\",\"target\":{\"@type\":\"EntryPoint\",\"urlTemplate\":\"https:\/\/www.laboratoires-unisson.com\/fr-be?s={search_term_string}\"},\"query-input\":{\"@type\":\"PropertyValueSpecification\",\"valueRequired\":true,\"valueName\":\"search_term_string\"}}],\"inLanguage\":\"fr-BE\"},{\"@type\":\"Organization\",\"@id\":\"https:\/\/www.laboratoires-unisson.com\/fr-be#organization\",\"name\":\"Laboratoires Unisson\",\"url\":\"https:\/\/www.laboratoires-unisson.com\/fr-be\",\"logo\":{\"@type\":\"ImageObject\",\"inLanguage\":\"fr-BE\",\"@id\":\"https:\/\/www.laboratoires-unisson.com\/fr-be#\/schema\/logo\/image\/\",\"url\":\"https:\/\/www.laboratoires-unisson.com\/wp-content\/uploads\/2022\/01\/logo-unisson.svg\",\"contentUrl\":\"https:\/\/www.laboratoires-unisson.com\/wp-content\/uploads\/2022\/01\/logo-unisson.svg\",\"width\":1,\"height\":1,\"caption\":\"Laboratoires Unisson\"},\"image\":{\"@id\":\"https:\/\/www.laboratoires-unisson.com\/fr-be#\/schema\/logo\/image\/\"}}]}<\/script>\n<!-- \/ Yoast SEO plugin. -->","yoast_head_json":{"title":"Appareil auditif Signia Insio CIC 7Nx \u00e0 1900\u20ac - Unisson Belgique","description":"Signia Insio CIC 7Nx est un intra-auriculaire CIC moul\u00e9 sur-mesure. Plac\u00e9 dans votre conduit auditif, il assure une remarquable discr\u00e9tion p ar rapport","robots":{"index":"index","follow":"follow","max-snippet":"max-snippet:-1","max-image-preview":"max-image-preview:large","max-video-preview":"max-video-preview:-1"},"canonical":"https:\/\/www.laboratoires-unisson.com\/fr-be\/wp-json\/wp\/v2\/product\/24096","og_locale":"fr_FR","og_type":"article","og_title":"Insio CIC 7Nx - Laboratoires Unisson","og_description":"Signia Insio CIC 7Nx est un intra-auriculaire CIC moul\u00e9 sur-mesure. Plac\u00e9 dans votre conduit auditif, il assure une remarquable discr\u00e9tion p ar rapport","og_url":"https:\/\/www.laboratoires-unisson.com\/fr-be\/produit\/appareils-auditifs\/signia\/insio-cic-7nx","og_site_name":"Laboratoires Unisson","article_modified_time":"2025-12-03T09:08:15+00:00","og_image":[{"width":488,"height":488,"url":"https:\/\/www.laboratoires-unisson.com\/wp-content\/uploads\/2022\/05\/insio-cic-7nx.jpg","type":"image\/jpeg"}],"twitter_card":"summary_large_image","twitter_misc":{"Est. reading time":"2 minutes"},"schema":{"@context":"https:\/\/schema.org","@graph":[{"@type":"WebPage","@id":"https:\/\/www.laboratoires-unisson.com\/fr-be\/produit\/appareils-auditifs\/signia\/insio-cic-7nx","url":"https:\/\/www.laboratoires-unisson.com\/fr-be\/produit\/appareils-auditifs\/signia\/insio-cic-7nx","name":"Insio CIC 7Nx - Laboratoires Unisson","isPartOf":{"@id":"https:\/\/www.laboratoires-unisson.com\/fr-be#website"},"primaryImageOfPage":{"@id":"https:\/\/www.laboratoires-unisson.com\/fr-be\/produit\/appareils-auditifs\/signia\/insio-cic-7nx#primaryimage"},"image":{"@id":"https:\/\/www.laboratoires-unisson.com\/fr-be\/produit\/appareils-auditifs\/signia\/insio-cic-7nx#primaryimage"},"thumbnailUrl":"https:\/\/www.laboratoires-unisson.com\/wp-content\/uploads\/2022\/05\/insio-cic-7nx.jpg","datePublished":"2022-05-11T08:04:38+00:00","dateModified":"2025-12-03T09:08:15+00:00","description":"Signia Insio CIC 7Nx est un intra-auriculaire CIC moul\u00e9 sur-mesure. Plac\u00e9 dans votre conduit auditif, il assure une remarquable discr\u00e9tion p ar rapport","breadcrumb":{"@id":"https:\/\/www.laboratoires-unisson.com\/fr-be\/produit\/appareils-auditifs\/signia\/insio-cic-7nx#breadcrumb"},"inLanguage":"fr-BE","potentialAction":[{"@type":"ReadAction","target":["https:\/\/www.laboratoires-unisson.com\/fr-be\/produit\/appareils-auditifs\/signia\/insio-cic-7nx"]}]},{"@type":"ImageObject","inLanguage":"fr-BE","@id":"https:\/\/www.laboratoires-unisson.com\/fr-be\/produit\/appareils-auditifs\/signia\/insio-cic-7nx#primaryimage","url":"https:\/\/www.laboratoires-unisson.com\/wp-content\/uploads\/2022\/05\/insio-cic-7nx.jpg","contentUrl":"https:\/\/www.laboratoires-unisson.com\/wp-content\/uploads\/2022\/05\/insio-cic-7nx.jpg","width":488,"height":488},{"@type":"BreadcrumbList","@id":"https:\/\/www.laboratoires-unisson.com\/fr-be\/produit\/appareils-auditifs\/signia\/insio-cic-7nx#breadcrumb","itemListElement":[{"@type":"ListItem","position":1,"name":"Shop","item":"https:\/\/www.laboratoires-unisson.com\/fr-be\/shop"},{"@type":"ListItem","position":2,"name":"Insio CIC 7Nx"}]},{"@type":"WebSite","@id":"https:\/\/www.laboratoires-unisson.com\/fr-be#website","url":"https:\/\/www.laboratoires-unisson.com\/fr-be","name":"Laboratoires Unisson","description":"Appareil auditif et proth\u00e8se auditive Moins Cher jusqu&#039;\u00e0 -40%","publisher":{"@id":"https:\/\/www.laboratoires-unisson.com\/fr-be#organization"},"potentialAction":[{"@type":"SearchAction","target":{"@type":"EntryPoint","urlTemplate":"https:\/\/www.laboratoires-unisson.com\/fr-be?s={search_term_string}"},"query-input":{"@type":"PropertyValueSpecification","valueRequired":true,"valueName":"search_term_string"}}],"inLanguage":"fr-BE"},{"@type":"Organization","@id":"https:\/\/www.laboratoires-unisson.com\/fr-be#organization","name":"Laboratoires Unisson","url":"https:\/\/www.laboratoires-unisson.com\/fr-be","logo":{"@type":"ImageObject","inLanguage":"fr-BE","@id":"https:\/\/www.laboratoires-unisson.com\/fr-be#\/schema\/logo\/image\/","url":"https:\/\/www.laboratoires-unisson.com\/wp-content\/uploads\/2022\/01\/logo-unisson.svg","contentUrl":"https:\/\/www.laboratoires-unisson.com\/wp-content\/uploads\/2022\/01\/logo-unisson.svg","width":1,"height":1,"caption":"Laboratoires Unisson"},"image":{"@id":"https:\/\/www.laboratoires-unisson.com\/fr-be#\/schema\/logo\/image\/"}}]}},"_links":{"self":[{"href":"https:\/\/www.laboratoires-unisson.com\/fr-be\/wp-json\/wp\/v2\/product\/24096","targetHints":{"allow":["GET"]}}],"collection":[{"href":"https:\/\/www.laboratoires-unisson.com\/fr-be\/wp-json\/wp\/v2\/product"}],"about":[{"href":"https:\/\/www.laboratoires-unisson.com\/fr-be\/wp-json\/wp\/v2\/types\/product"}],"wp:featuredmedia":[{"embeddable":true,"href":"https:\/\/www.laboratoires-unisson.com\/fr-be\/wp-json\/wp\/v2\/media\/19615"}],"wp:attachment":[{"href":"https:\/\/www.laboratoires-unisson.com\/fr-be\/wp-json\/wp\/v2\/media?parent=24096"}],"wp:term":[{"taxonomy":"product_brand","embeddable":true,"href":"https:\/\/www.laboratoires-unisson.com\/fr-be\/wp-json\/wp\/v2\/product_brand?post=24096"},{"taxonomy":"product_cat","embeddable":true,"href":"https:\/\/www.laboratoires-unisson.com\/fr-be\/wp-json\/wp\/v2\/product_cat?post=24096"},{"taxonomy":"product_tag","embeddable":true,"href":"https:\/\/www.laboratoires-unisson.com\/fr-be\/wp-json\/wp\/v2\/product_tag?post=24096"}],"curies":[{"name":"wp","href":"https:\/\/api.w.org\/{rel}","templated":true}]}}