{"id":24145,"date":"2022-06-09T18:10:55","date_gmt":"2022-06-09T16:10:55","guid":{"rendered":"https:\/\/www.laboratoires-unisson.com\/produit\/linx-quattro-re9-cic-w"},"modified":"2025-12-03T10:08:23","modified_gmt":"2025-12-03T09:08:23","slug":"linx-quattro-re9-cic-w","status":"publish","type":"product","link":"https:\/\/www.laboratoires-unisson.com\/fr-be\/produit\/appareils-auditifs\/resound\/linx-quattro-re9-cic-w","title":{"rendered":"Linx Quattro RE9 CIC W"},"content":{"rendered":"<p>Ce mod\u00e8le est un appareil de type\u00a0<strong>intra-auriculaire CIC connect\u00e9<\/strong>. Aliment\u00e9 par une nouvelle plateforme de puce, il offre \u00e0 la fois une qualit\u00e9 sonore am\u00e9lior\u00e9e, une connectivit\u00e9 Bluetooth directe et un r\u00e9glage fin \u00e0 distance.<\/p>\n<h4>Caract\u00e9ristiques de l&#8217;aide auditive\u00a0Linx Quattro RE9 CIC W<\/h4>\n<p>Cet appareil est \u00e9quip\u00e9 de\u00a0<strong>17 canaux<\/strong>\u00a0et propose une\u00a0<strong>bande passante \u00e9tendue jusqu&#8217;\u00e0 9,5 kHz<\/strong>\u00a0ainsi qu&#8217;une dynamique d&#8217;entr\u00e9e de 116 dB SPL. Cet intra-auriculaire est discret et con\u00e7u pour s&#8217;adapter \u00e0 l&#8217;anatomie de votre oreille et r\u00e9pond \u00e0 toutes vos exigences auditives. Il est prot\u00e9g\u00e9 contre l&#8217;humidit\u00e9 et la poussi\u00e8re gr\u00e2ce \u00e0 iSolate nanotech et sa\u00a0<strong>certification IP58<\/strong>.<\/p>\n<p>Il fonctionne avec une\u00a0<strong>pile auditive 10<\/strong>.<\/p>\n<h4>Linx Quattro de Resound, une gamme connect\u00e9e<\/h4>\n<p>Les aides auditives Linx Quattro sont \u00e9quip\u00e9es de la technologie\u00a0<strong>Bluetooth<\/strong>\u00a0et offrent une compatibilit\u00e9\u00a0<strong>Made for iPhone<\/strong>\u00a0ainsi qu&#8217;une diffusion audio sans fil directe via les appareils\u00a0<strong>Android<\/strong>.<\/p>\n<p>Le mod\u00e8le ReSound Linx Quattro\u00a0RE9 CIC W est \u00e9galement compatible avec la gamme d&#8217;<strong>accessoires sans fil<\/strong>\u00a0Resound. On y retrouve notamment le microphone \u00e0 distance et l&#8217;adapteur TV.<\/p>\n<h4>Fonctionnalit\u00e9s du\u00a0Linx Quattro RE9 CIC W<\/h4>\n<ul>\n<li>Directivit\u00e9 binaurale<\/li>\n<li>Ajustement automatique du r\u00e9ducteur de bruit et du gain selon l&#8217;environnement<\/li>\n<li>Ajustement automatique du gain selon l&#8217;environnement<\/li>\n<li>R\u00e9ducteur de bruit<\/li>\n<li>R\u00e9ducteur de bruit faible<\/li>\n<li>R\u00e9ducteur de bruit impulsionnel<\/li>\n<li>R\u00e9ducteur de bruit de vent<\/li>\n<li>Compression fr\u00e9quentielle<\/li>\n<li>Anti larsen<\/li>\n<li>Adaptation progressive des gains<\/li>\n<li>Connexion Bluetooth directe<\/li>\n<li>Accessoires sans fil<\/li>\n<li>Application mobile<\/li>\n<li>R\u00e9glages \u00e0 distance<\/li>\n<\/ul>\n","protected":false},"excerpt":{"rendered":"<p>Ce mod\u00e8le est un appareil de type\u00a0intra-auriculaire CIC connect\u00e9. Aliment\u00e9 par une nouvelle plateforme de puce, il offre \u00e0 la fois une qualit\u00e9 sonore am\u00e9lior\u00e9e, une connectivit\u00e9 Bluetooth directe et un r\u00e9glage fin \u00e0 distance. Caract\u00e9ristiques de l&#8217;aide auditive\u00a0Linx Quattro RE9 CIC W Cet appareil est \u00e9quip\u00e9 de\u00a017 canaux\u00a0et propose une\u00a0bande passante \u00e9tendue jusqu&#8217;\u00e0 9,5 [&hellip;]<\/p>\n","protected":false},"featured_media":20859,"template":"","meta":{"_acf_changed":false},"product_brand":[],"product_cat":[2684,2685],"product_tag":[],"class_list":{"0":"post-24145","1":"product","2":"type-product","3":"status-publish","4":"has-post-thumbnail","6":"product_cat-offre-premium-fr-be","7":"product_cat-resound-fr-be","9":"first","10":"instock","11":"taxable","12":"shipping-taxable","13":"purchasable","14":"product-type-simple"},"acf":[],"yoast_head":"<!-- This site is optimized with the Yoast SEO plugin v27.1.1 - https:\/\/yoast.com\/product\/yoast-seo-wordpress\/ -->\n<title>Appareil auditif Resound Linx Quattro RE9 CIC W \u00e0 2100\u20ac - Unisson Belgique<\/title>\n<meta name=\"description\" content=\"Ce mod\u00e8le est un appareil de type\u00a0intra-auriculaire CIC connect\u00e9. Aliment\u00e9 par une nouvelle plateforme de puce, il offre \u00e0 la fois une qualit\u00e9 sonore\" \/>\n<meta name=\"robots\" content=\"index, follow, max-snippet:-1, max-image-preview:large, max-video-preview:-1\" \/>\n<link rel=\"canonical\" href=\"https:\/\/www.laboratoires-unisson.com\/fr-be\/wp-json\/wp\/v2\/product\/24145\" \/>\n<meta property=\"og:locale\" content=\"fr_FR\" \/>\n<meta property=\"og:type\" content=\"article\" \/>\n<meta property=\"og:title\" content=\"Linx Quattro RE9 CIC W - Laboratoires Unisson\" \/>\n<meta property=\"og:description\" content=\"Ce mod\u00e8le est un appareil de type\u00a0intra-auriculaire CIC connect\u00e9. Aliment\u00e9 par une nouvelle plateforme de puce, il offre \u00e0 la fois une qualit\u00e9 sonore\" \/>\n<meta property=\"og:url\" content=\"https:\/\/www.laboratoires-unisson.com\/fr-be\/produit\/appareils-auditifs\/resound\/linx-quattro-re9-cic-w\" \/>\n<meta property=\"og:site_name\" content=\"Laboratoires Unisson\" \/>\n<meta property=\"article:modified_time\" content=\"2025-12-03T09:08:23+00:00\" \/>\n<meta property=\"og:image\" content=\"https:\/\/www.laboratoires-unisson.com\/wp-content\/uploads\/2022\/06\/Resound-Linx-Quattro-RE9-CIC-W.png\" \/>\n\t<meta property=\"og:image:width\" content=\"300\" \/>\n\t<meta property=\"og:image:height\" content=\"300\" \/>\n\t<meta property=\"og:image:type\" content=\"image\/png\" \/>\n<meta name=\"twitter:card\" content=\"summary_large_image\" \/>\n<meta name=\"twitter:label1\" content=\"Est. reading time\" \/>\n\t<meta name=\"twitter:data1\" content=\"2 minutes\" \/>\n<script type=\"application\/ld+json\" class=\"yoast-schema-graph\">{\"@context\":\"https:\/\/schema.org\",\"@graph\":[{\"@type\":\"WebPage\",\"@id\":\"https:\/\/www.laboratoires-unisson.com\/fr-be\/produit\/appareils-auditifs\/resound\/linx-quattro-re9-cic-w\",\"url\":\"https:\/\/www.laboratoires-unisson.com\/fr-be\/produit\/appareils-auditifs\/resound\/linx-quattro-re9-cic-w\",\"name\":\"Linx Quattro RE9 CIC W - Laboratoires Unisson\",\"isPartOf\":{\"@id\":\"https:\/\/www.laboratoires-unisson.com\/fr-be#website\"},\"primaryImageOfPage\":{\"@id\":\"https:\/\/www.laboratoires-unisson.com\/fr-be\/produit\/appareils-auditifs\/resound\/linx-quattro-re9-cic-w#primaryimage\"},\"image\":{\"@id\":\"https:\/\/www.laboratoires-unisson.com\/fr-be\/produit\/appareils-auditifs\/resound\/linx-quattro-re9-cic-w#primaryimage\"},\"thumbnailUrl\":\"https:\/\/www.laboratoires-unisson.com\/wp-content\/uploads\/2022\/06\/Resound-Linx-Quattro-RE9-CIC-W.png\",\"datePublished\":\"2022-06-09T16:10:55+00:00\",\"dateModified\":\"2025-12-03T09:08:23+00:00\",\"description\":\"Ce mod\u00e8le est un appareil de type\u00a0intra-auriculaire CIC connect\u00e9. Aliment\u00e9 par une nouvelle plateforme de puce, il offre \u00e0 la fois une qualit\u00e9 sonore\",\"breadcrumb\":{\"@id\":\"https:\/\/www.laboratoires-unisson.com\/fr-be\/produit\/appareils-auditifs\/resound\/linx-quattro-re9-cic-w#breadcrumb\"},\"inLanguage\":\"fr-BE\",\"potentialAction\":[{\"@type\":\"ReadAction\",\"target\":[\"https:\/\/www.laboratoires-unisson.com\/fr-be\/produit\/appareils-auditifs\/resound\/linx-quattro-re9-cic-w\"]}]},{\"@type\":\"ImageObject\",\"inLanguage\":\"fr-BE\",\"@id\":\"https:\/\/www.laboratoires-unisson.com\/fr-be\/produit\/appareils-auditifs\/resound\/linx-quattro-re9-cic-w#primaryimage\",\"url\":\"https:\/\/www.laboratoires-unisson.com\/wp-content\/uploads\/2022\/06\/Resound-Linx-Quattro-RE9-CIC-W.png\",\"contentUrl\":\"https:\/\/www.laboratoires-unisson.com\/wp-content\/uploads\/2022\/06\/Resound-Linx-Quattro-RE9-CIC-W.png\",\"width\":300,\"height\":300},{\"@type\":\"BreadcrumbList\",\"@id\":\"https:\/\/www.laboratoires-unisson.com\/fr-be\/produit\/appareils-auditifs\/resound\/linx-quattro-re9-cic-w#breadcrumb\",\"itemListElement\":[{\"@type\":\"ListItem\",\"position\":1,\"name\":\"Shop\",\"item\":\"https:\/\/www.laboratoires-unisson.com\/fr-be\/shop\"},{\"@type\":\"ListItem\",\"position\":2,\"name\":\"Linx Quattro RE9 CIC W\"}]},{\"@type\":\"WebSite\",\"@id\":\"https:\/\/www.laboratoires-unisson.com\/fr-be#website\",\"url\":\"https:\/\/www.laboratoires-unisson.com\/fr-be\",\"name\":\"Laboratoires Unisson\",\"description\":\"Appareil auditif et proth\u00e8se auditive Moins Cher jusqu&#039;\u00e0 -40%\",\"publisher\":{\"@id\":\"https:\/\/www.laboratoires-unisson.com\/fr-be#organization\"},\"potentialAction\":[{\"@type\":\"SearchAction\",\"target\":{\"@type\":\"EntryPoint\",\"urlTemplate\":\"https:\/\/www.laboratoires-unisson.com\/fr-be?s={search_term_string}\"},\"query-input\":{\"@type\":\"PropertyValueSpecification\",\"valueRequired\":true,\"valueName\":\"search_term_string\"}}],\"inLanguage\":\"fr-BE\"},{\"@type\":\"Organization\",\"@id\":\"https:\/\/www.laboratoires-unisson.com\/fr-be#organization\",\"name\":\"Laboratoires Unisson\",\"url\":\"https:\/\/www.laboratoires-unisson.com\/fr-be\",\"logo\":{\"@type\":\"ImageObject\",\"inLanguage\":\"fr-BE\",\"@id\":\"https:\/\/www.laboratoires-unisson.com\/fr-be#\/schema\/logo\/image\/\",\"url\":\"https:\/\/www.laboratoires-unisson.com\/wp-content\/uploads\/2022\/01\/logo-unisson.svg\",\"contentUrl\":\"https:\/\/www.laboratoires-unisson.com\/wp-content\/uploads\/2022\/01\/logo-unisson.svg\",\"width\":1,\"height\":1,\"caption\":\"Laboratoires Unisson\"},\"image\":{\"@id\":\"https:\/\/www.laboratoires-unisson.com\/fr-be#\/schema\/logo\/image\/\"}}]}<\/script>\n<!-- \/ Yoast SEO plugin. -->","yoast_head_json":{"title":"Appareil auditif Resound Linx Quattro RE9 CIC W \u00e0 2100\u20ac - Unisson Belgique","description":"Ce mod\u00e8le est un appareil de type\u00a0intra-auriculaire CIC connect\u00e9. Aliment\u00e9 par une nouvelle plateforme de puce, il offre \u00e0 la fois une qualit\u00e9 sonore","robots":{"index":"index","follow":"follow","max-snippet":"max-snippet:-1","max-image-preview":"max-image-preview:large","max-video-preview":"max-video-preview:-1"},"canonical":"https:\/\/www.laboratoires-unisson.com\/fr-be\/wp-json\/wp\/v2\/product\/24145","og_locale":"fr_FR","og_type":"article","og_title":"Linx Quattro RE9 CIC W - Laboratoires Unisson","og_description":"Ce mod\u00e8le est un appareil de type\u00a0intra-auriculaire CIC connect\u00e9. Aliment\u00e9 par une nouvelle plateforme de puce, il offre \u00e0 la fois une qualit\u00e9 sonore","og_url":"https:\/\/www.laboratoires-unisson.com\/fr-be\/produit\/appareils-auditifs\/resound\/linx-quattro-re9-cic-w","og_site_name":"Laboratoires Unisson","article_modified_time":"2025-12-03T09:08:23+00:00","og_image":[{"width":300,"height":300,"url":"https:\/\/www.laboratoires-unisson.com\/wp-content\/uploads\/2022\/06\/Resound-Linx-Quattro-RE9-CIC-W.png","type":"image\/png"}],"twitter_card":"summary_large_image","twitter_misc":{"Est. reading time":"2 minutes"},"schema":{"@context":"https:\/\/schema.org","@graph":[{"@type":"WebPage","@id":"https:\/\/www.laboratoires-unisson.com\/fr-be\/produit\/appareils-auditifs\/resound\/linx-quattro-re9-cic-w","url":"https:\/\/www.laboratoires-unisson.com\/fr-be\/produit\/appareils-auditifs\/resound\/linx-quattro-re9-cic-w","name":"Linx Quattro RE9 CIC W - Laboratoires Unisson","isPartOf":{"@id":"https:\/\/www.laboratoires-unisson.com\/fr-be#website"},"primaryImageOfPage":{"@id":"https:\/\/www.laboratoires-unisson.com\/fr-be\/produit\/appareils-auditifs\/resound\/linx-quattro-re9-cic-w#primaryimage"},"image":{"@id":"https:\/\/www.laboratoires-unisson.com\/fr-be\/produit\/appareils-auditifs\/resound\/linx-quattro-re9-cic-w#primaryimage"},"thumbnailUrl":"https:\/\/www.laboratoires-unisson.com\/wp-content\/uploads\/2022\/06\/Resound-Linx-Quattro-RE9-CIC-W.png","datePublished":"2022-06-09T16:10:55+00:00","dateModified":"2025-12-03T09:08:23+00:00","description":"Ce mod\u00e8le est un appareil de type\u00a0intra-auriculaire CIC connect\u00e9. Aliment\u00e9 par une nouvelle plateforme de puce, il offre \u00e0 la fois une qualit\u00e9 sonore","breadcrumb":{"@id":"https:\/\/www.laboratoires-unisson.com\/fr-be\/produit\/appareils-auditifs\/resound\/linx-quattro-re9-cic-w#breadcrumb"},"inLanguage":"fr-BE","potentialAction":[{"@type":"ReadAction","target":["https:\/\/www.laboratoires-unisson.com\/fr-be\/produit\/appareils-auditifs\/resound\/linx-quattro-re9-cic-w"]}]},{"@type":"ImageObject","inLanguage":"fr-BE","@id":"https:\/\/www.laboratoires-unisson.com\/fr-be\/produit\/appareils-auditifs\/resound\/linx-quattro-re9-cic-w#primaryimage","url":"https:\/\/www.laboratoires-unisson.com\/wp-content\/uploads\/2022\/06\/Resound-Linx-Quattro-RE9-CIC-W.png","contentUrl":"https:\/\/www.laboratoires-unisson.com\/wp-content\/uploads\/2022\/06\/Resound-Linx-Quattro-RE9-CIC-W.png","width":300,"height":300},{"@type":"BreadcrumbList","@id":"https:\/\/www.laboratoires-unisson.com\/fr-be\/produit\/appareils-auditifs\/resound\/linx-quattro-re9-cic-w#breadcrumb","itemListElement":[{"@type":"ListItem","position":1,"name":"Shop","item":"https:\/\/www.laboratoires-unisson.com\/fr-be\/shop"},{"@type":"ListItem","position":2,"name":"Linx Quattro RE9 CIC W"}]},{"@type":"WebSite","@id":"https:\/\/www.laboratoires-unisson.com\/fr-be#website","url":"https:\/\/www.laboratoires-unisson.com\/fr-be","name":"Laboratoires Unisson","description":"Appareil auditif et proth\u00e8se auditive Moins Cher jusqu&#039;\u00e0 -40%","publisher":{"@id":"https:\/\/www.laboratoires-unisson.com\/fr-be#organization"},"potentialAction":[{"@type":"SearchAction","target":{"@type":"EntryPoint","urlTemplate":"https:\/\/www.laboratoires-unisson.com\/fr-be?s={search_term_string}"},"query-input":{"@type":"PropertyValueSpecification","valueRequired":true,"valueName":"search_term_string"}}],"inLanguage":"fr-BE"},{"@type":"Organization","@id":"https:\/\/www.laboratoires-unisson.com\/fr-be#organization","name":"Laboratoires Unisson","url":"https:\/\/www.laboratoires-unisson.com\/fr-be","logo":{"@type":"ImageObject","inLanguage":"fr-BE","@id":"https:\/\/www.laboratoires-unisson.com\/fr-be#\/schema\/logo\/image\/","url":"https:\/\/www.laboratoires-unisson.com\/wp-content\/uploads\/2022\/01\/logo-unisson.svg","contentUrl":"https:\/\/www.laboratoires-unisson.com\/wp-content\/uploads\/2022\/01\/logo-unisson.svg","width":1,"height":1,"caption":"Laboratoires Unisson"},"image":{"@id":"https:\/\/www.laboratoires-unisson.com\/fr-be#\/schema\/logo\/image\/"}}]}},"_links":{"self":[{"href":"https:\/\/www.laboratoires-unisson.com\/fr-be\/wp-json\/wp\/v2\/product\/24145","targetHints":{"allow":["GET"]}}],"collection":[{"href":"https:\/\/www.laboratoires-unisson.com\/fr-be\/wp-json\/wp\/v2\/product"}],"about":[{"href":"https:\/\/www.laboratoires-unisson.com\/fr-be\/wp-json\/wp\/v2\/types\/product"}],"wp:featuredmedia":[{"embeddable":true,"href":"https:\/\/www.laboratoires-unisson.com\/fr-be\/wp-json\/wp\/v2\/media\/20859"}],"wp:attachment":[{"href":"https:\/\/www.laboratoires-unisson.com\/fr-be\/wp-json\/wp\/v2\/media?parent=24145"}],"wp:term":[{"taxonomy":"product_brand","embeddable":true,"href":"https:\/\/www.laboratoires-unisson.com\/fr-be\/wp-json\/wp\/v2\/product_brand?post=24145"},{"taxonomy":"product_cat","embeddable":true,"href":"https:\/\/www.laboratoires-unisson.com\/fr-be\/wp-json\/wp\/v2\/product_cat?post=24145"},{"taxonomy":"product_tag","embeddable":true,"href":"https:\/\/www.laboratoires-unisson.com\/fr-be\/wp-json\/wp\/v2\/product_tag?post=24145"}],"curies":[{"name":"wp","href":"https:\/\/api.w.org\/{rel}","templated":true}]}}