{"id":24146,"date":"2022-05-02T15:06:50","date_gmt":"2022-05-02T13:06:50","guid":{"rendered":"https:\/\/www.laboratoires-unisson.com\/produit\/livio-1600-bte-r"},"modified":"2025-12-03T10:08:24","modified_gmt":"2025-12-03T09:08:24","slug":"livio-1600-bte-r","status":"publish","type":"product","link":"https:\/\/www.laboratoires-unisson.com\/fr-be\/produit\/appareils-auditifs\/starkey\/livio-1600-bte-r","title":{"rendered":"Livio 1600 BTE R"},"content":{"rendered":"<p>L&#8217;aide auditive Livio\u00a0AI 1600 BTE R\u00a0est un appareil en <strong>contour d&#8217;oreille BTE entr\u00e9e de gamme rechargeable et connect\u00e9<\/strong> car \u00e9quip\u00e9 d&#8217;une connexion Bluetooth.<\/p>\n<h3>Avantages de Starkey Livio Ai 1600 BTE R<\/h3>\n<p>Cet appareil auditif dispose de 16 canaux de r\u00e9glages qui vous garantit une bonne exp\u00e9rience auditive dans diff\u00e9rentes situations comme le travail, la maison, l\u2019ext\u00e9rieur et les restaurants.<\/p>\n<p>Gr\u00e2ce aux microphones directionnels, vous aurez plus de facilit\u00e9s \u00e0 entendre clairement la parole dans des environnements difficiles. La bande passante \u00e9tendue de ces aides auditives, ainsi que l\u2019optimisation de la musique augmenteront la qualit\u00e9 sonore.<\/p>\n<p>Les appareils auditifs Livio Ai int\u00e8grent l\u2019<strong>intelligence artificielle<\/strong> et offrent ainsi des fonctionnalit\u00e9s avanc\u00e9es :<\/p>\n<ul>\n<li>Qualit\u00e9 sonore avanc\u00e9e, clart\u00e9 d\u2019\u00e9coute et exp\u00e9rience auditive naturelle<\/li>\n<li>Amplification des sons importants pour une meilleure compr\u00e9hension de la parole lors des conversations<\/li>\n<li>Diffusion des appels t\u00e9l\u00e9phoniques, musique et messages directement de votre t\u00e9l\u00e9phone vers vos aides auditives Starkey Livio<\/li>\n<li>Suivi de l\u2019activit\u00e9 physique et c\u00e9r\u00e9brale<\/li>\n<li>R\u00e9glages \u00e0 distance<\/li>\n<\/ul>\n<h3>Caract\u00e9ristiques du mod\u00e8le Livio Ai 1600 BTE R<\/h3>\n<ul>\n<li>16 canaux et 16 bandes de r\u00e9glages<\/li>\n<li>Protection IP68<\/li>\n<li>Bobine \u00e0 induction<\/li>\n<li>Connexion Bluetooth<\/li>\n<li>Batterie lithium ion<\/li>\n<li>Bouton multifonction (volume et programme)<\/li>\n<li>Streaming audio direct<\/li>\n<li>Programmes personnalis\u00e9s<\/li>\n<li>Auto on\/off<\/li>\n<li>Intelligence artificielle<\/li>\n<li>Contr\u00f4le tactile<\/li>\n<li>R\u00e9ducteur de bruit<\/li>\n<li>Anti larsen<\/li>\n<li>Anti acouph\u00e8nes<\/li>\n<li>Microphones directionnels<\/li>\n<li>Accessoires sans fil<\/li>\n<\/ul>\n<h3>Accessoires sans fil<\/h3>\n<p>Les appareils Livio Ai sont compatibles avec de nombreux accessoires sans fil Starkey :<\/p>\n<ul>\n<li><strong>Emetteur TV<\/strong> : diffusez le son de votre TV directement dans vos aides auditives<\/li>\n<li><strong>T\u00e9l\u00e9commande<\/strong> : changez le programme ou le volume de vos aides auditives en toute discr\u00e9tion<\/li>\n<li><strong>Microphone +<\/strong> : vous permet la transmission d&#8217;une vari\u00e9t\u00e9 de sources audio en toute facilit\u00e9<\/li>\n<li><strong>Mini Microphone<\/strong> : id\u00e9al pour les conversations en t\u00eate-\u00e0-t\u00eate dans les environnements bruyants, la voix de votre interlocuteur est directement transmis \u00e0 vos aides<\/li>\n<li><strong>Microphone de table<\/strong> : m\u00eame fonctionnement que le mini microphone mais pour des environnements tr\u00e8s bruyants<\/li>\n<\/ul>\n","protected":false},"excerpt":{"rendered":"<p>L&#8217;aide auditive Livio\u00a0AI 1600 BTE R\u00a0est un appareil en contour d&#8217;oreille BTE entr\u00e9e de gamme rechargeable et connect\u00e9 car \u00e9quip\u00e9 d&#8217;une connexion Bluetooth. Avantages de Starkey Livio Ai 1600 BTE R Cet appareil auditif dispose de 16 canaux de r\u00e9glages qui vous garantit une bonne exp\u00e9rience auditive dans diff\u00e9rentes situations comme le travail, la maison, [&hellip;]<\/p>\n","protected":false},"featured_media":19286,"template":"","meta":{"_acf_changed":false},"product_brand":[],"product_cat":[2643],"product_tag":[],"class_list":{"0":"post-24146","1":"product","2":"type-product","3":"status-publish","4":"has-post-thumbnail","6":"product_cat-starkey-fr-be","8":"first","9":"instock","10":"taxable","11":"shipping-taxable","12":"purchasable","13":"product-type-simple"},"acf":[],"yoast_head":"<!-- This site is optimized with the Yoast SEO plugin v27.1.1 - https:\/\/yoast.com\/product\/yoast-seo-wordpress\/ -->\n<title>Appareil auditif Starkey Livio 1600 BTE R \u00e0 1650\u20ac - Unisson Belgique<\/title>\n<meta name=\"description\" content=\"Am\u00e9liorez votre audition avec le Starkey Livio 1600 BTE R. D\u00e9couvrez cet appareil auditif performant \u00e0 un prix comp\u00e9titif chez Unisson.\" \/>\n<meta name=\"robots\" content=\"index, follow, max-snippet:-1, max-image-preview:large, max-video-preview:-1\" \/>\n<link rel=\"canonical\" href=\"https:\/\/www.laboratoires-unisson.com\/fr-be\/wp-json\/wp\/v2\/product\/24146\" \/>\n<meta property=\"og:locale\" content=\"fr_FR\" \/>\n<meta property=\"og:type\" content=\"article\" \/>\n<meta property=\"og:title\" content=\"Livio 1600 BTE R - Laboratoires Unisson\" \/>\n<meta property=\"og:description\" content=\"Am\u00e9liorez votre audition avec le Starkey Livio 1600 BTE R. D\u00e9couvrez cet appareil auditif performant \u00e0 un prix comp\u00e9titif chez Unisson.\" \/>\n<meta property=\"og:url\" content=\"https:\/\/www.laboratoires-unisson.com\/fr-be\/produit\/appareils-auditifs\/starkey\/livio-1600-bte-r\" \/>\n<meta property=\"og:site_name\" content=\"Laboratoires Unisson\" \/>\n<meta property=\"article:modified_time\" content=\"2025-12-03T09:08:24+00:00\" \/>\n<meta property=\"og:image\" content=\"https:\/\/www.laboratoires-unisson.com\/wp-content\/uploads\/2022\/05\/livio-1600-bte-r.jpg\" \/>\n\t<meta property=\"og:image:width\" content=\"560\" \/>\n\t<meta property=\"og:image:height\" content=\"560\" \/>\n\t<meta property=\"og:image:type\" content=\"image\/jpeg\" \/>\n<meta name=\"twitter:card\" content=\"summary_large_image\" \/>\n<meta name=\"twitter:label1\" content=\"Est. reading time\" \/>\n\t<meta name=\"twitter:data1\" content=\"2 minutes\" \/>\n<script type=\"application\/ld+json\" class=\"yoast-schema-graph\">{\"@context\":\"https:\/\/schema.org\",\"@graph\":[{\"@type\":\"WebPage\",\"@id\":\"https:\/\/www.laboratoires-unisson.com\/fr-be\/produit\/appareils-auditifs\/starkey\/livio-1600-bte-r\",\"url\":\"https:\/\/www.laboratoires-unisson.com\/fr-be\/produit\/appareils-auditifs\/starkey\/livio-1600-bte-r\",\"name\":\"Livio 1600 BTE R - Laboratoires Unisson\",\"isPartOf\":{\"@id\":\"https:\/\/www.laboratoires-unisson.com\/fr-be#website\"},\"primaryImageOfPage\":{\"@id\":\"https:\/\/www.laboratoires-unisson.com\/fr-be\/produit\/appareils-auditifs\/starkey\/livio-1600-bte-r#primaryimage\"},\"image\":{\"@id\":\"https:\/\/www.laboratoires-unisson.com\/fr-be\/produit\/appareils-auditifs\/starkey\/livio-1600-bte-r#primaryimage\"},\"thumbnailUrl\":\"https:\/\/www.laboratoires-unisson.com\/wp-content\/uploads\/2022\/05\/livio-1600-bte-r.jpg\",\"datePublished\":\"2022-05-02T13:06:50+00:00\",\"dateModified\":\"2025-12-03T09:08:24+00:00\",\"description\":\"Am\u00e9liorez votre audition avec le Starkey Livio 1600 BTE R. D\u00e9couvrez cet appareil auditif performant \u00e0 un prix comp\u00e9titif chez Unisson.\",\"breadcrumb\":{\"@id\":\"https:\/\/www.laboratoires-unisson.com\/fr-be\/produit\/appareils-auditifs\/starkey\/livio-1600-bte-r#breadcrumb\"},\"inLanguage\":\"fr-BE\",\"potentialAction\":[{\"@type\":\"ReadAction\",\"target\":[\"https:\/\/www.laboratoires-unisson.com\/fr-be\/produit\/appareils-auditifs\/starkey\/livio-1600-bte-r\"]}]},{\"@type\":\"ImageObject\",\"inLanguage\":\"fr-BE\",\"@id\":\"https:\/\/www.laboratoires-unisson.com\/fr-be\/produit\/appareils-auditifs\/starkey\/livio-1600-bte-r#primaryimage\",\"url\":\"https:\/\/www.laboratoires-unisson.com\/wp-content\/uploads\/2022\/05\/livio-1600-bte-r.jpg\",\"contentUrl\":\"https:\/\/www.laboratoires-unisson.com\/wp-content\/uploads\/2022\/05\/livio-1600-bte-r.jpg\",\"width\":560,\"height\":560},{\"@type\":\"BreadcrumbList\",\"@id\":\"https:\/\/www.laboratoires-unisson.com\/fr-be\/produit\/appareils-auditifs\/starkey\/livio-1600-bte-r#breadcrumb\",\"itemListElement\":[{\"@type\":\"ListItem\",\"position\":1,\"name\":\"Shop\",\"item\":\"https:\/\/www.laboratoires-unisson.com\/fr-be\/shop\"},{\"@type\":\"ListItem\",\"position\":2,\"name\":\"Livio 1600 BTE R\"}]},{\"@type\":\"WebSite\",\"@id\":\"https:\/\/www.laboratoires-unisson.com\/fr-be#website\",\"url\":\"https:\/\/www.laboratoires-unisson.com\/fr-be\",\"name\":\"Laboratoires Unisson\",\"description\":\"Appareil auditif et proth\u00e8se auditive Moins Cher jusqu&#039;\u00e0 -40%\",\"publisher\":{\"@id\":\"https:\/\/www.laboratoires-unisson.com\/fr-be#organization\"},\"potentialAction\":[{\"@type\":\"SearchAction\",\"target\":{\"@type\":\"EntryPoint\",\"urlTemplate\":\"https:\/\/www.laboratoires-unisson.com\/fr-be?s={search_term_string}\"},\"query-input\":{\"@type\":\"PropertyValueSpecification\",\"valueRequired\":true,\"valueName\":\"search_term_string\"}}],\"inLanguage\":\"fr-BE\"},{\"@type\":\"Organization\",\"@id\":\"https:\/\/www.laboratoires-unisson.com\/fr-be#organization\",\"name\":\"Laboratoires Unisson\",\"url\":\"https:\/\/www.laboratoires-unisson.com\/fr-be\",\"logo\":{\"@type\":\"ImageObject\",\"inLanguage\":\"fr-BE\",\"@id\":\"https:\/\/www.laboratoires-unisson.com\/fr-be#\/schema\/logo\/image\/\",\"url\":\"https:\/\/www.laboratoires-unisson.com\/wp-content\/uploads\/2022\/01\/logo-unisson.svg\",\"contentUrl\":\"https:\/\/www.laboratoires-unisson.com\/wp-content\/uploads\/2022\/01\/logo-unisson.svg\",\"width\":1,\"height\":1,\"caption\":\"Laboratoires Unisson\"},\"image\":{\"@id\":\"https:\/\/www.laboratoires-unisson.com\/fr-be#\/schema\/logo\/image\/\"}}]}<\/script>\n<!-- \/ Yoast SEO plugin. -->","yoast_head_json":{"title":"Appareil auditif Starkey Livio 1600 BTE R \u00e0 1650\u20ac - Unisson Belgique","description":"Am\u00e9liorez votre audition avec le Starkey Livio 1600 BTE R. D\u00e9couvrez cet appareil auditif performant \u00e0 un prix comp\u00e9titif chez Unisson.","robots":{"index":"index","follow":"follow","max-snippet":"max-snippet:-1","max-image-preview":"max-image-preview:large","max-video-preview":"max-video-preview:-1"},"canonical":"https:\/\/www.laboratoires-unisson.com\/fr-be\/wp-json\/wp\/v2\/product\/24146","og_locale":"fr_FR","og_type":"article","og_title":"Livio 1600 BTE R - Laboratoires Unisson","og_description":"Am\u00e9liorez votre audition avec le Starkey Livio 1600 BTE R. D\u00e9couvrez cet appareil auditif performant \u00e0 un prix comp\u00e9titif chez Unisson.","og_url":"https:\/\/www.laboratoires-unisson.com\/fr-be\/produit\/appareils-auditifs\/starkey\/livio-1600-bte-r","og_site_name":"Laboratoires Unisson","article_modified_time":"2025-12-03T09:08:24+00:00","og_image":[{"width":560,"height":560,"url":"https:\/\/www.laboratoires-unisson.com\/wp-content\/uploads\/2022\/05\/livio-1600-bte-r.jpg","type":"image\/jpeg"}],"twitter_card":"summary_large_image","twitter_misc":{"Est. reading time":"2 minutes"},"schema":{"@context":"https:\/\/schema.org","@graph":[{"@type":"WebPage","@id":"https:\/\/www.laboratoires-unisson.com\/fr-be\/produit\/appareils-auditifs\/starkey\/livio-1600-bte-r","url":"https:\/\/www.laboratoires-unisson.com\/fr-be\/produit\/appareils-auditifs\/starkey\/livio-1600-bte-r","name":"Livio 1600 BTE R - Laboratoires Unisson","isPartOf":{"@id":"https:\/\/www.laboratoires-unisson.com\/fr-be#website"},"primaryImageOfPage":{"@id":"https:\/\/www.laboratoires-unisson.com\/fr-be\/produit\/appareils-auditifs\/starkey\/livio-1600-bte-r#primaryimage"},"image":{"@id":"https:\/\/www.laboratoires-unisson.com\/fr-be\/produit\/appareils-auditifs\/starkey\/livio-1600-bte-r#primaryimage"},"thumbnailUrl":"https:\/\/www.laboratoires-unisson.com\/wp-content\/uploads\/2022\/05\/livio-1600-bte-r.jpg","datePublished":"2022-05-02T13:06:50+00:00","dateModified":"2025-12-03T09:08:24+00:00","description":"Am\u00e9liorez votre audition avec le Starkey Livio 1600 BTE R. D\u00e9couvrez cet appareil auditif performant \u00e0 un prix comp\u00e9titif chez Unisson.","breadcrumb":{"@id":"https:\/\/www.laboratoires-unisson.com\/fr-be\/produit\/appareils-auditifs\/starkey\/livio-1600-bte-r#breadcrumb"},"inLanguage":"fr-BE","potentialAction":[{"@type":"ReadAction","target":["https:\/\/www.laboratoires-unisson.com\/fr-be\/produit\/appareils-auditifs\/starkey\/livio-1600-bte-r"]}]},{"@type":"ImageObject","inLanguage":"fr-BE","@id":"https:\/\/www.laboratoires-unisson.com\/fr-be\/produit\/appareils-auditifs\/starkey\/livio-1600-bte-r#primaryimage","url":"https:\/\/www.laboratoires-unisson.com\/wp-content\/uploads\/2022\/05\/livio-1600-bte-r.jpg","contentUrl":"https:\/\/www.laboratoires-unisson.com\/wp-content\/uploads\/2022\/05\/livio-1600-bte-r.jpg","width":560,"height":560},{"@type":"BreadcrumbList","@id":"https:\/\/www.laboratoires-unisson.com\/fr-be\/produit\/appareils-auditifs\/starkey\/livio-1600-bte-r#breadcrumb","itemListElement":[{"@type":"ListItem","position":1,"name":"Shop","item":"https:\/\/www.laboratoires-unisson.com\/fr-be\/shop"},{"@type":"ListItem","position":2,"name":"Livio 1600 BTE R"}]},{"@type":"WebSite","@id":"https:\/\/www.laboratoires-unisson.com\/fr-be#website","url":"https:\/\/www.laboratoires-unisson.com\/fr-be","name":"Laboratoires Unisson","description":"Appareil auditif et proth\u00e8se auditive Moins Cher jusqu&#039;\u00e0 -40%","publisher":{"@id":"https:\/\/www.laboratoires-unisson.com\/fr-be#organization"},"potentialAction":[{"@type":"SearchAction","target":{"@type":"EntryPoint","urlTemplate":"https:\/\/www.laboratoires-unisson.com\/fr-be?s={search_term_string}"},"query-input":{"@type":"PropertyValueSpecification","valueRequired":true,"valueName":"search_term_string"}}],"inLanguage":"fr-BE"},{"@type":"Organization","@id":"https:\/\/www.laboratoires-unisson.com\/fr-be#organization","name":"Laboratoires Unisson","url":"https:\/\/www.laboratoires-unisson.com\/fr-be","logo":{"@type":"ImageObject","inLanguage":"fr-BE","@id":"https:\/\/www.laboratoires-unisson.com\/fr-be#\/schema\/logo\/image\/","url":"https:\/\/www.laboratoires-unisson.com\/wp-content\/uploads\/2022\/01\/logo-unisson.svg","contentUrl":"https:\/\/www.laboratoires-unisson.com\/wp-content\/uploads\/2022\/01\/logo-unisson.svg","width":1,"height":1,"caption":"Laboratoires Unisson"},"image":{"@id":"https:\/\/www.laboratoires-unisson.com\/fr-be#\/schema\/logo\/image\/"}}]}},"_links":{"self":[{"href":"https:\/\/www.laboratoires-unisson.com\/fr-be\/wp-json\/wp\/v2\/product\/24146","targetHints":{"allow":["GET"]}}],"collection":[{"href":"https:\/\/www.laboratoires-unisson.com\/fr-be\/wp-json\/wp\/v2\/product"}],"about":[{"href":"https:\/\/www.laboratoires-unisson.com\/fr-be\/wp-json\/wp\/v2\/types\/product"}],"wp:featuredmedia":[{"embeddable":true,"href":"https:\/\/www.laboratoires-unisson.com\/fr-be\/wp-json\/wp\/v2\/media\/19286"}],"wp:attachment":[{"href":"https:\/\/www.laboratoires-unisson.com\/fr-be\/wp-json\/wp\/v2\/media?parent=24146"}],"wp:term":[{"taxonomy":"product_brand","embeddable":true,"href":"https:\/\/www.laboratoires-unisson.com\/fr-be\/wp-json\/wp\/v2\/product_brand?post=24146"},{"taxonomy":"product_cat","embeddable":true,"href":"https:\/\/www.laboratoires-unisson.com\/fr-be\/wp-json\/wp\/v2\/product_cat?post=24146"},{"taxonomy":"product_tag","embeddable":true,"href":"https:\/\/www.laboratoires-unisson.com\/fr-be\/wp-json\/wp\/v2\/product_tag?post=24146"}],"curies":[{"name":"wp","href":"https:\/\/api.w.org\/{rel}","templated":true}]}}