{"id":24148,"date":"2022-05-02T15:10:06","date_gmt":"2022-05-02T13:10:06","guid":{"rendered":"https:\/\/www.laboratoires-unisson.com\/produit\/livio-1600-ric-312"},"modified":"2025-12-03T10:08:29","modified_gmt":"2025-12-03T09:08:29","slug":"livio-1600-ric-312","status":"publish","type":"product","link":"https:\/\/www.laboratoires-unisson.com\/fr-be\/produit\/appareils-auditifs\/starkey\/livio-1600-ric-312","title":{"rendered":"Livio 1600 RIC 312"},"content":{"rendered":"<p>L&#8217;aide auditive <strong>Livio 1600 RIC 312<\/strong> est un mod\u00e8le de type <strong>micro contour d&#8217;oreille \u00e0 \u00e9couteur d\u00e9port\u00e9<\/strong> de type RIC sortie en 2019 par le leader am\u00e9ricain Starkey.<\/p>\n<h4><strong>Pr\u00e9sentation de l&#8217;aide auditive Starkey Livio 1600 RIC 312<\/strong><\/h4>\n<p>Cette aide auditive poss\u00e8de un <strong>bouton poussoir multi-programme<\/strong>, fonctionne avec des <strong>piles 312<\/strong> <em>(environ 70h d&#8217;autonomie) <\/em>et offre une <strong>bonne qualit\u00e9 auditive dans les environnements bruyants<\/strong> gr\u00e2ce \u00e0 la derni\u00e8re technologie de Starkey, <strong>Hearing Reality<\/strong>.<\/p>\n<p>L&#8217;appareil auditif Livio 1600 dispose de <strong>16 canaux de r\u00e9glages<\/strong> et est <strong>certifi\u00e9 IP 58<\/strong>. \u00c9quip\u00e9 de la <strong>technologie Bluetooth<\/strong>, vos r\u00e9glages se feront en toute discr\u00e9tion et vous restez connect\u00e9 \u00e0 tous les appareils compatibles sans-fil.<\/p>\n<h4><strong>La technologie Hearing Reality<\/strong><\/h4>\n<p>Int\u00e9gr\u00e9e \u00e0 la gamme Livio 1600, cette nouvelle technologie rend l&#8217;aide auditive Livio 1600 efficace dans les environnements bruyants, confortable en pr\u00e9sence de bruit et silencieuse en l\u2019absence de bruit gr\u00e2ce \u00e0 un nouvel algorithme de traitement de signal.<\/p>\n<h4><strong>Connectivit\u00e9 et accessoires Starkey hearint Technologies<\/strong><\/h4>\n<p>L&#8217;appareil auditif Livio 1600 312 est compatible avec ces accessoires :<\/p>\n<ul>\n<li><strong>\u00c9metteur TV<\/strong> : recevez vos programmes directement dans vos aides auditives Livio 1600<\/li>\n<li><strong>Microphone +<\/strong> : vous permet de recevoir les diff\u00e9rentes sources audio directement dans vos aides auditives<\/li>\n<li><strong>Mini Microphone<\/strong> : transmet les conversations en t\u00eate-\u00e0-t\u00eate dans les environnements bruyants<\/li>\n<li><strong>T\u00e9l\u00e9commande<\/strong> : pilotez vos appareils auditifs en toute discr\u00e9tion <em>(changement de programme, volume etc&#8230;)<\/em><\/li>\n<\/ul>\n<p>La proth\u00e8se auditive Livio 1600 est compatible avec l&#8217;<strong>application mobile Thrive<\/strong>, disponible sur Android et iOS. Elle permet d&#8217;am\u00e9liorer la parole, r\u00e9duire les bruits de fonds ou cr\u00e9er des programmes personnalis\u00e9s.<\/p>\n<h4><strong>Fonctionnalit\u00e9s du Livio 1600 RIC 312<\/strong><\/h4>\n<ul>\n<li>Technologie Hearing Reality<\/li>\n<li>Technologie Ear-to-Ear<\/li>\n<li>Technologie Tinnitus Multiflex <em>(syst\u00e8me anti acouph\u00e8ne)<\/em><\/li>\n<li>Syst\u00e8me CROS<\/li>\n<li>Anti-Larsen<\/li>\n<li>R\u00e9ducteur des bruits impulsionnels et des bruits de vent<\/li>\n<li>16 canaux de r\u00e9glages<\/li>\n<li>Certifi\u00e9 IP 58<\/li>\n<li>Connectivit\u00e9 Bluetooth<\/li>\n<li>Application mobile Thrive<\/li>\n<\/ul>\n","protected":false},"excerpt":{"rendered":"<p>L&#8217;aide auditive Livio 1600 RIC 312 est un mod\u00e8le de type micro contour d&#8217;oreille \u00e0 \u00e9couteur d\u00e9port\u00e9 de type RIC sortie en 2019 par le leader am\u00e9ricain Starkey. Pr\u00e9sentation de l&#8217;aide auditive Starkey Livio 1600 RIC 312 Cette aide auditive poss\u00e8de un bouton poussoir multi-programme, fonctionne avec des piles 312 (environ 70h d&#8217;autonomie) et offre [&hellip;]<\/p>\n","protected":false},"featured_media":19299,"template":"","meta":{"_acf_changed":false},"product_brand":[],"product_cat":[2643],"product_tag":[],"class_list":{"0":"post-24148","1":"product","2":"type-product","3":"status-publish","4":"has-post-thumbnail","6":"product_cat-starkey-fr-be","8":"first","9":"instock","10":"taxable","11":"shipping-taxable","12":"purchasable","13":"product-type-simple"},"acf":[],"yoast_head":"<!-- This site is optimized with the Yoast SEO plugin v27.1.1 - https:\/\/yoast.com\/product\/yoast-seo-wordpress\/ -->\n<title>Appareil auditif Starkey Livio 1600 RIC 312 \u00e0 1650\u20ac - Unisson Belgique<\/title>\n<meta name=\"description\" content=\"L&#039;aide auditive Livio 1600 RIC 312 est un mod\u00e8le de type micro contour d&#039;oreille \u00e0 \u00e9couteur d\u00e9port\u00e9 de type RIC sortie en 2019 par le leader am\u00e9ricain\" \/>\n<meta name=\"robots\" content=\"index, follow, max-snippet:-1, max-image-preview:large, max-video-preview:-1\" \/>\n<link rel=\"canonical\" href=\"https:\/\/www.laboratoires-unisson.com\/fr-be\/wp-json\/wp\/v2\/product\/24148\" \/>\n<meta property=\"og:locale\" content=\"fr_FR\" \/>\n<meta property=\"og:type\" content=\"article\" \/>\n<meta property=\"og:title\" content=\"Livio 1600 RIC 312 - Laboratoires Unisson\" \/>\n<meta property=\"og:description\" content=\"L&#039;aide auditive Livio 1600 RIC 312 est un mod\u00e8le de type micro contour d&#039;oreille \u00e0 \u00e9couteur d\u00e9port\u00e9 de type RIC sortie en 2019 par le leader am\u00e9ricain\" \/>\n<meta property=\"og:url\" content=\"https:\/\/www.laboratoires-unisson.com\/fr-be\/produit\/appareils-auditifs\/starkey\/livio-1600-ric-312\" \/>\n<meta property=\"og:site_name\" content=\"Laboratoires Unisson\" \/>\n<meta property=\"article:modified_time\" content=\"2025-12-03T09:08:29+00:00\" \/>\n<meta property=\"og:image\" content=\"https:\/\/www.laboratoires-unisson.com\/wp-content\/uploads\/2022\/05\/livio-1600-ric-312.jpg\" \/>\n\t<meta property=\"og:image:width\" content=\"450\" \/>\n\t<meta property=\"og:image:height\" content=\"500\" \/>\n\t<meta property=\"og:image:type\" content=\"image\/jpeg\" \/>\n<meta name=\"twitter:card\" content=\"summary_large_image\" \/>\n<meta name=\"twitter:label1\" content=\"Est. reading time\" \/>\n\t<meta name=\"twitter:data1\" content=\"2 minutes\" \/>\n<script type=\"application\/ld+json\" class=\"yoast-schema-graph\">{\"@context\":\"https:\/\/schema.org\",\"@graph\":[{\"@type\":\"WebPage\",\"@id\":\"https:\/\/www.laboratoires-unisson.com\/fr-be\/produit\/appareils-auditifs\/starkey\/livio-1600-ric-312\",\"url\":\"https:\/\/www.laboratoires-unisson.com\/fr-be\/produit\/appareils-auditifs\/starkey\/livio-1600-ric-312\",\"name\":\"Livio 1600 RIC 312 - Laboratoires Unisson\",\"isPartOf\":{\"@id\":\"https:\/\/www.laboratoires-unisson.com\/fr-be#website\"},\"primaryImageOfPage\":{\"@id\":\"https:\/\/www.laboratoires-unisson.com\/fr-be\/produit\/appareils-auditifs\/starkey\/livio-1600-ric-312#primaryimage\"},\"image\":{\"@id\":\"https:\/\/www.laboratoires-unisson.com\/fr-be\/produit\/appareils-auditifs\/starkey\/livio-1600-ric-312#primaryimage\"},\"thumbnailUrl\":\"https:\/\/www.laboratoires-unisson.com\/wp-content\/uploads\/2022\/05\/livio-1600-ric-312.jpg\",\"datePublished\":\"2022-05-02T13:10:06+00:00\",\"dateModified\":\"2025-12-03T09:08:29+00:00\",\"description\":\"L'aide auditive Livio 1600 RIC 312 est un mod\u00e8le de type micro contour d'oreille \u00e0 \u00e9couteur d\u00e9port\u00e9 de type RIC sortie en 2019 par le leader am\u00e9ricain\",\"breadcrumb\":{\"@id\":\"https:\/\/www.laboratoires-unisson.com\/fr-be\/produit\/appareils-auditifs\/starkey\/livio-1600-ric-312#breadcrumb\"},\"inLanguage\":\"fr-BE\",\"potentialAction\":[{\"@type\":\"ReadAction\",\"target\":[\"https:\/\/www.laboratoires-unisson.com\/fr-be\/produit\/appareils-auditifs\/starkey\/livio-1600-ric-312\"]}]},{\"@type\":\"ImageObject\",\"inLanguage\":\"fr-BE\",\"@id\":\"https:\/\/www.laboratoires-unisson.com\/fr-be\/produit\/appareils-auditifs\/starkey\/livio-1600-ric-312#primaryimage\",\"url\":\"https:\/\/www.laboratoires-unisson.com\/wp-content\/uploads\/2022\/05\/livio-1600-ric-312.jpg\",\"contentUrl\":\"https:\/\/www.laboratoires-unisson.com\/wp-content\/uploads\/2022\/05\/livio-1600-ric-312.jpg\",\"width\":450,\"height\":500},{\"@type\":\"BreadcrumbList\",\"@id\":\"https:\/\/www.laboratoires-unisson.com\/fr-be\/produit\/appareils-auditifs\/starkey\/livio-1600-ric-312#breadcrumb\",\"itemListElement\":[{\"@type\":\"ListItem\",\"position\":1,\"name\":\"Shop\",\"item\":\"https:\/\/www.laboratoires-unisson.com\/fr-be\/shop\"},{\"@type\":\"ListItem\",\"position\":2,\"name\":\"Livio 1600 RIC 312\"}]},{\"@type\":\"WebSite\",\"@id\":\"https:\/\/www.laboratoires-unisson.com\/fr-be#website\",\"url\":\"https:\/\/www.laboratoires-unisson.com\/fr-be\",\"name\":\"Laboratoires Unisson\",\"description\":\"Appareil auditif et proth\u00e8se auditive Moins Cher jusqu&#039;\u00e0 -40%\",\"publisher\":{\"@id\":\"https:\/\/www.laboratoires-unisson.com\/fr-be#organization\"},\"potentialAction\":[{\"@type\":\"SearchAction\",\"target\":{\"@type\":\"EntryPoint\",\"urlTemplate\":\"https:\/\/www.laboratoires-unisson.com\/fr-be?s={search_term_string}\"},\"query-input\":{\"@type\":\"PropertyValueSpecification\",\"valueRequired\":true,\"valueName\":\"search_term_string\"}}],\"inLanguage\":\"fr-BE\"},{\"@type\":\"Organization\",\"@id\":\"https:\/\/www.laboratoires-unisson.com\/fr-be#organization\",\"name\":\"Laboratoires Unisson\",\"url\":\"https:\/\/www.laboratoires-unisson.com\/fr-be\",\"logo\":{\"@type\":\"ImageObject\",\"inLanguage\":\"fr-BE\",\"@id\":\"https:\/\/www.laboratoires-unisson.com\/fr-be#\/schema\/logo\/image\/\",\"url\":\"https:\/\/www.laboratoires-unisson.com\/wp-content\/uploads\/2022\/01\/logo-unisson.svg\",\"contentUrl\":\"https:\/\/www.laboratoires-unisson.com\/wp-content\/uploads\/2022\/01\/logo-unisson.svg\",\"width\":1,\"height\":1,\"caption\":\"Laboratoires Unisson\"},\"image\":{\"@id\":\"https:\/\/www.laboratoires-unisson.com\/fr-be#\/schema\/logo\/image\/\"}}]}<\/script>\n<!-- \/ Yoast SEO plugin. -->","yoast_head_json":{"title":"Appareil auditif Starkey Livio 1600 RIC 312 \u00e0 1650\u20ac - Unisson Belgique","description":"L'aide auditive Livio 1600 RIC 312 est un mod\u00e8le de type micro contour d'oreille \u00e0 \u00e9couteur d\u00e9port\u00e9 de type RIC sortie en 2019 par le leader am\u00e9ricain","robots":{"index":"index","follow":"follow","max-snippet":"max-snippet:-1","max-image-preview":"max-image-preview:large","max-video-preview":"max-video-preview:-1"},"canonical":"https:\/\/www.laboratoires-unisson.com\/fr-be\/wp-json\/wp\/v2\/product\/24148","og_locale":"fr_FR","og_type":"article","og_title":"Livio 1600 RIC 312 - Laboratoires Unisson","og_description":"L'aide auditive Livio 1600 RIC 312 est un mod\u00e8le de type micro contour d'oreille \u00e0 \u00e9couteur d\u00e9port\u00e9 de type RIC sortie en 2019 par le leader am\u00e9ricain","og_url":"https:\/\/www.laboratoires-unisson.com\/fr-be\/produit\/appareils-auditifs\/starkey\/livio-1600-ric-312","og_site_name":"Laboratoires Unisson","article_modified_time":"2025-12-03T09:08:29+00:00","og_image":[{"width":450,"height":500,"url":"https:\/\/www.laboratoires-unisson.com\/wp-content\/uploads\/2022\/05\/livio-1600-ric-312.jpg","type":"image\/jpeg"}],"twitter_card":"summary_large_image","twitter_misc":{"Est. reading time":"2 minutes"},"schema":{"@context":"https:\/\/schema.org","@graph":[{"@type":"WebPage","@id":"https:\/\/www.laboratoires-unisson.com\/fr-be\/produit\/appareils-auditifs\/starkey\/livio-1600-ric-312","url":"https:\/\/www.laboratoires-unisson.com\/fr-be\/produit\/appareils-auditifs\/starkey\/livio-1600-ric-312","name":"Livio 1600 RIC 312 - Laboratoires Unisson","isPartOf":{"@id":"https:\/\/www.laboratoires-unisson.com\/fr-be#website"},"primaryImageOfPage":{"@id":"https:\/\/www.laboratoires-unisson.com\/fr-be\/produit\/appareils-auditifs\/starkey\/livio-1600-ric-312#primaryimage"},"image":{"@id":"https:\/\/www.laboratoires-unisson.com\/fr-be\/produit\/appareils-auditifs\/starkey\/livio-1600-ric-312#primaryimage"},"thumbnailUrl":"https:\/\/www.laboratoires-unisson.com\/wp-content\/uploads\/2022\/05\/livio-1600-ric-312.jpg","datePublished":"2022-05-02T13:10:06+00:00","dateModified":"2025-12-03T09:08:29+00:00","description":"L'aide auditive Livio 1600 RIC 312 est un mod\u00e8le de type micro contour d'oreille \u00e0 \u00e9couteur d\u00e9port\u00e9 de type RIC sortie en 2019 par le leader am\u00e9ricain","breadcrumb":{"@id":"https:\/\/www.laboratoires-unisson.com\/fr-be\/produit\/appareils-auditifs\/starkey\/livio-1600-ric-312#breadcrumb"},"inLanguage":"fr-BE","potentialAction":[{"@type":"ReadAction","target":["https:\/\/www.laboratoires-unisson.com\/fr-be\/produit\/appareils-auditifs\/starkey\/livio-1600-ric-312"]}]},{"@type":"ImageObject","inLanguage":"fr-BE","@id":"https:\/\/www.laboratoires-unisson.com\/fr-be\/produit\/appareils-auditifs\/starkey\/livio-1600-ric-312#primaryimage","url":"https:\/\/www.laboratoires-unisson.com\/wp-content\/uploads\/2022\/05\/livio-1600-ric-312.jpg","contentUrl":"https:\/\/www.laboratoires-unisson.com\/wp-content\/uploads\/2022\/05\/livio-1600-ric-312.jpg","width":450,"height":500},{"@type":"BreadcrumbList","@id":"https:\/\/www.laboratoires-unisson.com\/fr-be\/produit\/appareils-auditifs\/starkey\/livio-1600-ric-312#breadcrumb","itemListElement":[{"@type":"ListItem","position":1,"name":"Shop","item":"https:\/\/www.laboratoires-unisson.com\/fr-be\/shop"},{"@type":"ListItem","position":2,"name":"Livio 1600 RIC 312"}]},{"@type":"WebSite","@id":"https:\/\/www.laboratoires-unisson.com\/fr-be#website","url":"https:\/\/www.laboratoires-unisson.com\/fr-be","name":"Laboratoires Unisson","description":"Appareil auditif et proth\u00e8se auditive Moins Cher jusqu&#039;\u00e0 -40%","publisher":{"@id":"https:\/\/www.laboratoires-unisson.com\/fr-be#organization"},"potentialAction":[{"@type":"SearchAction","target":{"@type":"EntryPoint","urlTemplate":"https:\/\/www.laboratoires-unisson.com\/fr-be?s={search_term_string}"},"query-input":{"@type":"PropertyValueSpecification","valueRequired":true,"valueName":"search_term_string"}}],"inLanguage":"fr-BE"},{"@type":"Organization","@id":"https:\/\/www.laboratoires-unisson.com\/fr-be#organization","name":"Laboratoires Unisson","url":"https:\/\/www.laboratoires-unisson.com\/fr-be","logo":{"@type":"ImageObject","inLanguage":"fr-BE","@id":"https:\/\/www.laboratoires-unisson.com\/fr-be#\/schema\/logo\/image\/","url":"https:\/\/www.laboratoires-unisson.com\/wp-content\/uploads\/2022\/01\/logo-unisson.svg","contentUrl":"https:\/\/www.laboratoires-unisson.com\/wp-content\/uploads\/2022\/01\/logo-unisson.svg","width":1,"height":1,"caption":"Laboratoires Unisson"},"image":{"@id":"https:\/\/www.laboratoires-unisson.com\/fr-be#\/schema\/logo\/image\/"}}]}},"_links":{"self":[{"href":"https:\/\/www.laboratoires-unisson.com\/fr-be\/wp-json\/wp\/v2\/product\/24148","targetHints":{"allow":["GET"]}}],"collection":[{"href":"https:\/\/www.laboratoires-unisson.com\/fr-be\/wp-json\/wp\/v2\/product"}],"about":[{"href":"https:\/\/www.laboratoires-unisson.com\/fr-be\/wp-json\/wp\/v2\/types\/product"}],"wp:featuredmedia":[{"embeddable":true,"href":"https:\/\/www.laboratoires-unisson.com\/fr-be\/wp-json\/wp\/v2\/media\/19299"}],"wp:attachment":[{"href":"https:\/\/www.laboratoires-unisson.com\/fr-be\/wp-json\/wp\/v2\/media?parent=24148"}],"wp:term":[{"taxonomy":"product_brand","embeddable":true,"href":"https:\/\/www.laboratoires-unisson.com\/fr-be\/wp-json\/wp\/v2\/product_brand?post=24148"},{"taxonomy":"product_cat","embeddable":true,"href":"https:\/\/www.laboratoires-unisson.com\/fr-be\/wp-json\/wp\/v2\/product_cat?post=24148"},{"taxonomy":"product_tag","embeddable":true,"href":"https:\/\/www.laboratoires-unisson.com\/fr-be\/wp-json\/wp\/v2\/product_tag?post=24148"}],"curies":[{"name":"wp","href":"https:\/\/api.w.org\/{rel}","templated":true}]}}