{"id":24149,"date":"2022-05-02T15:10:49","date_gmt":"2022-05-02T13:10:49","guid":{"rendered":"https:\/\/www.laboratoires-unisson.com\/produit\/livio-2000-mric-312"},"modified":"2025-12-03T10:08:29","modified_gmt":"2025-12-03T09:08:29","slug":"livio-2000-mric-312","status":"publish","type":"product","link":"https:\/\/www.laboratoires-unisson.com\/fr-be\/produit\/appareils-auditifs\/starkey\/livio-2000-mric-312","title":{"rendered":"Livio 2000 mRIC 312"},"content":{"rendered":"<p>Grace au\u00a0<strong>LIVIO<\/strong>, Starkey marque le d\u00e9but d&#8217;une nouvelle g\u00e9n\u00e9ration d&#8217;appareil auditif qui d\u00e9passe la simple correction auditive.<\/p>\n<p>Actuellement, le boitier du\u00a0<strong>Livio microRIC\u00a0<\/strong>est l\u2019un des plus petits appareils en\u00a0 pile 312 propos\u00e9s sur le march\u00e9 : Widex, Unitron et Siemens proposent des mod\u00e8les plus petits mais dans une pile n\u00b010 dont l&#8217;autonomie est nettement inf\u00e9rieure, c\u2019est \u00e0 dire environ 3 \u00e0 4 jours, contre 6 \u00e0 8 jours pour le Livio. L\u2019autonomie d\u00e9pend n\u00e9anmoins de l\u2019utilisation en streaming, du Bluetooth, de la correction auditive et du nombre d\u2019heure de port de l\u2019appareil.<\/p>\n<p>Un nouveau traitement de signal avec Hearing Reality<\/p>\n<p>La puce\u00a0<strong>Livio<\/strong>\u00a0vous propose une qualit\u00e9 d\u2019\u00e9coute sup\u00e9rieure gr\u00e2ce \u00e0 sa bande passante \u00e9largie \u00e0\u00a0<strong>10khz. <\/strong>Le signal est trait\u00e9 sur 20 carneaux fr\u00e9quentiels, ce qui permet \u00e0 l\u2019audioproth\u00e9siste de r\u00e9aliser des r\u00e9glages plus fins.<\/p>\n<p>Grace \u00e0 sa capacit\u00e9 de traitement 3 fois plus importante,\u00a0<strong>Hearing r\u00e9alit\u00e9\u00a0<\/strong>analyse les sons jusqu\u2019\u00e0\u00a0<strong>167<\/strong>\u00a0<strong>fois par secondes<\/strong>, pour vous offrir un son clair, net, proche d\u2019une oreille r\u00e9elle.<\/p>\n<p>Vous observerez une meilleure appr\u00e9ciation des sources sonores et une meilleure localisation de la parole, gr\u00e2ce \u00e0 la <strong>directivit\u00e9 des microphones<\/strong> et \u00e0 la <strong>communication constante<\/strong> des aides auditives entre elles <strong>(fonction binaurale e2e).<\/strong><\/p>\n<p>Le <strong>Livio<\/strong> utilise des filtres d\u00e9bruiteurs plus performants. Pour une r\u00e9duction de\u00a0<strong>50% du bruit non-statique, et une meilleure \u00e9mergence de la parole en environnement bruyant.<\/strong><\/p>\n<p>&nbsp;<\/p>\n<p>Streaming direct avec Smartphone IOS et ANDROID<\/p>\n<p>Les appareils sont compatibles avec Iphone et la plus part des Smartphone Android. Grace au Bluetooth vous pouvez appr\u00e9cier vos musiques et vid\u00e9os stock\u00e9s sur votre t\u00e9l\u00e9phone, et recevoir vos appels directement dans vos aides auditives. (Il faudra attendra la sortir d\u2019Android 10 pour b\u00e9n\u00e9ficier d\u2019un streaming)<\/p>\n<p>&nbsp;<\/p>\n<p>Thrive, l\u2019application la plus compl\u00e8te du march\u00e9<\/p>\n<p>&#8211; Vous pouvez pilotez vos aides auditives gr\u00e2ce \u00e0\u00a0<strong>la fonction t\u00e9l\u00e9commande<\/strong>\u00a0et b\u00e9n\u00e9ficier de\u00a0<strong>r\u00e9glages \u00e0 distance<\/strong>\u00a0avec\u00a0<strong>Hearing care Anywhere.<\/strong><\/p>\n<p>&#8211; Avec la fonction \u00ab\u00a0localisation\u00a0\u00bb, vous\u00a0<strong>g\u00e9o-localisez<\/strong>\u00a0vos appareils en cas de perte<\/p>\n<p>&#8211; Vous pouvez\u00a0<strong>poser des questions\u00a0<\/strong>\u00e0 vos aides auditives du type \u00ab\u00a0qui est Roger Federer\u00a0?\u00a0\u00bb ou \u00ab\u00a0Quel temps va-t-il faire demain\u00a0?\u00a0\u00bb<\/p>\n<p>&nbsp;<\/p>\n<p>&nbsp;<\/p>\n<p>Accessoires compatibles<\/p>\n<p>&#8211; Emetteur TV<\/p>\n<p>&#8211; Microphone+<\/p>\n<p>&#8211; Mini microphone<\/p>\n<p>&#8211; T\u00e9l\u00e9commande<\/p>\n<p>&nbsp;<\/p>\n<p>Autres fonctionnalit\u00e9s<\/p>\n<p>&#8211; Solution anti acouph\u00e8ne avec la technologie Tinnitus Th\u00e9rapie<\/p>\n<p>&#8211; Augmentation progressive du volume<\/p>\n<p>&#8211; 6 programmes manuels<\/p>\n<p>&#8211; Bobine T\u00e9l\u00e9phonique<\/p>\n<p>&#8211; Anti larsen puissant<\/p>\n<p>&#8211; Directionnalit\u00e9 adaptative<\/p>\n<p>&#8211; R\u00e9duction des bruits de l\u2019appareil dans le silence<\/p>\n<p>&#8211; Optimisation de la musique<\/p>\n<p>&#8211; Duplication fr\u00e9quentielle<\/p>\n<p>&#8211; Possibilit\u00e9 d\u2019appareillage en CROS<\/p>\n","protected":false},"excerpt":{"rendered":"<p>Grace au\u00a0LIVIO, Starkey marque le d\u00e9but d&#8217;une nouvelle g\u00e9n\u00e9ration d&#8217;appareil auditif qui d\u00e9passe la simple correction auditive. Actuellement, le boitier du\u00a0Livio microRIC\u00a0est l\u2019un des plus petits appareils en\u00a0 pile 312 propos\u00e9s sur le march\u00e9 : Widex, Unitron et Siemens proposent des mod\u00e8les plus petits mais dans une pile n\u00b010 dont l&#8217;autonomie est nettement inf\u00e9rieure, c\u2019est [&hellip;]<\/p>\n","protected":false},"featured_media":19302,"template":"","meta":{"_acf_changed":false},"product_brand":[],"product_cat":[2643],"product_tag":[],"class_list":{"0":"post-24149","1":"product","2":"type-product","3":"status-publish","4":"has-post-thumbnail","6":"product_cat-starkey-fr-be","8":"first","9":"instock","10":"taxable","11":"shipping-taxable","12":"purchasable","13":"product-type-simple"},"acf":[],"yoast_head":"<!-- This site is optimized with the Yoast SEO plugin v27.1.1 - https:\/\/yoast.com\/product\/yoast-seo-wordpress\/ -->\n<title>Appareil auditif Starkey Livio 2000 mRIC 312 \u00e0 1900\u20ac - Unisson Belgique<\/title>\n<meta name=\"description\" content=\"Grace au\u00a0LIVIO, Starkey marque le d\u00e9but d&#039;une nouvelle g\u00e9n\u00e9ration d&#039;appareil auditif qui d\u00e9passe la simple correction auditive. Actuellement, le boitier\" \/>\n<meta name=\"robots\" content=\"index, follow, max-snippet:-1, max-image-preview:large, max-video-preview:-1\" \/>\n<link rel=\"canonical\" href=\"https:\/\/www.laboratoires-unisson.com\/fr-be\/wp-json\/wp\/v2\/product\/24149\" \/>\n<meta property=\"og:locale\" content=\"fr_FR\" \/>\n<meta property=\"og:type\" content=\"article\" \/>\n<meta property=\"og:title\" content=\"Livio 2000 mRIC 312 - Laboratoires Unisson\" \/>\n<meta property=\"og:description\" content=\"Grace au\u00a0LIVIO, Starkey marque le d\u00e9but d&#039;une nouvelle g\u00e9n\u00e9ration d&#039;appareil auditif qui d\u00e9passe la simple correction auditive. Actuellement, le boitier\" \/>\n<meta property=\"og:url\" content=\"https:\/\/www.laboratoires-unisson.com\/fr-be\/produit\/appareils-auditifs\/starkey\/livio-2000-mric-312\" \/>\n<meta property=\"og:site_name\" content=\"Laboratoires Unisson\" \/>\n<meta property=\"article:modified_time\" content=\"2025-12-03T09:08:29+00:00\" \/>\n<meta property=\"og:image\" content=\"https:\/\/www.laboratoires-unisson.com\/wp-content\/uploads\/2022\/05\/livio-2000-mric-312.jpg\" \/>\n\t<meta property=\"og:image:width\" content=\"298\" \/>\n\t<meta property=\"og:image:height\" content=\"380\" \/>\n\t<meta property=\"og:image:type\" content=\"image\/jpeg\" \/>\n<meta name=\"twitter:card\" content=\"summary_large_image\" \/>\n<meta name=\"twitter:label1\" content=\"Est. reading time\" \/>\n\t<meta name=\"twitter:data1\" content=\"3 minutes\" \/>\n<script type=\"application\/ld+json\" class=\"yoast-schema-graph\">{\"@context\":\"https:\/\/schema.org\",\"@graph\":[{\"@type\":\"WebPage\",\"@id\":\"https:\/\/www.laboratoires-unisson.com\/fr-be\/produit\/appareils-auditifs\/starkey\/livio-2000-mric-312\",\"url\":\"https:\/\/www.laboratoires-unisson.com\/fr-be\/produit\/appareils-auditifs\/starkey\/livio-2000-mric-312\",\"name\":\"Livio 2000 mRIC 312 - Laboratoires Unisson\",\"isPartOf\":{\"@id\":\"https:\/\/www.laboratoires-unisson.com\/fr-be#website\"},\"primaryImageOfPage\":{\"@id\":\"https:\/\/www.laboratoires-unisson.com\/fr-be\/produit\/appareils-auditifs\/starkey\/livio-2000-mric-312#primaryimage\"},\"image\":{\"@id\":\"https:\/\/www.laboratoires-unisson.com\/fr-be\/produit\/appareils-auditifs\/starkey\/livio-2000-mric-312#primaryimage\"},\"thumbnailUrl\":\"https:\/\/www.laboratoires-unisson.com\/wp-content\/uploads\/2022\/05\/livio-2000-mric-312.jpg\",\"datePublished\":\"2022-05-02T13:10:49+00:00\",\"dateModified\":\"2025-12-03T09:08:29+00:00\",\"description\":\"Grace au\u00a0LIVIO, Starkey marque le d\u00e9but d'une nouvelle g\u00e9n\u00e9ration d'appareil auditif qui d\u00e9passe la simple correction auditive. Actuellement, le boitier\",\"breadcrumb\":{\"@id\":\"https:\/\/www.laboratoires-unisson.com\/fr-be\/produit\/appareils-auditifs\/starkey\/livio-2000-mric-312#breadcrumb\"},\"inLanguage\":\"fr-BE\",\"potentialAction\":[{\"@type\":\"ReadAction\",\"target\":[\"https:\/\/www.laboratoires-unisson.com\/fr-be\/produit\/appareils-auditifs\/starkey\/livio-2000-mric-312\"]}]},{\"@type\":\"ImageObject\",\"inLanguage\":\"fr-BE\",\"@id\":\"https:\/\/www.laboratoires-unisson.com\/fr-be\/produit\/appareils-auditifs\/starkey\/livio-2000-mric-312#primaryimage\",\"url\":\"https:\/\/www.laboratoires-unisson.com\/wp-content\/uploads\/2022\/05\/livio-2000-mric-312.jpg\",\"contentUrl\":\"https:\/\/www.laboratoires-unisson.com\/wp-content\/uploads\/2022\/05\/livio-2000-mric-312.jpg\",\"width\":298,\"height\":380},{\"@type\":\"BreadcrumbList\",\"@id\":\"https:\/\/www.laboratoires-unisson.com\/fr-be\/produit\/appareils-auditifs\/starkey\/livio-2000-mric-312#breadcrumb\",\"itemListElement\":[{\"@type\":\"ListItem\",\"position\":1,\"name\":\"Shop\",\"item\":\"https:\/\/www.laboratoires-unisson.com\/fr-be\/shop\"},{\"@type\":\"ListItem\",\"position\":2,\"name\":\"Livio 2000 mRIC 312\"}]},{\"@type\":\"WebSite\",\"@id\":\"https:\/\/www.laboratoires-unisson.com\/fr-be#website\",\"url\":\"https:\/\/www.laboratoires-unisson.com\/fr-be\",\"name\":\"Laboratoires Unisson\",\"description\":\"Appareil auditif et proth\u00e8se auditive Moins Cher jusqu&#039;\u00e0 -40%\",\"publisher\":{\"@id\":\"https:\/\/www.laboratoires-unisson.com\/fr-be#organization\"},\"potentialAction\":[{\"@type\":\"SearchAction\",\"target\":{\"@type\":\"EntryPoint\",\"urlTemplate\":\"https:\/\/www.laboratoires-unisson.com\/fr-be?s={search_term_string}\"},\"query-input\":{\"@type\":\"PropertyValueSpecification\",\"valueRequired\":true,\"valueName\":\"search_term_string\"}}],\"inLanguage\":\"fr-BE\"},{\"@type\":\"Organization\",\"@id\":\"https:\/\/www.laboratoires-unisson.com\/fr-be#organization\",\"name\":\"Laboratoires Unisson\",\"url\":\"https:\/\/www.laboratoires-unisson.com\/fr-be\",\"logo\":{\"@type\":\"ImageObject\",\"inLanguage\":\"fr-BE\",\"@id\":\"https:\/\/www.laboratoires-unisson.com\/fr-be#\/schema\/logo\/image\/\",\"url\":\"https:\/\/www.laboratoires-unisson.com\/wp-content\/uploads\/2022\/01\/logo-unisson.svg\",\"contentUrl\":\"https:\/\/www.laboratoires-unisson.com\/wp-content\/uploads\/2022\/01\/logo-unisson.svg\",\"width\":1,\"height\":1,\"caption\":\"Laboratoires Unisson\"},\"image\":{\"@id\":\"https:\/\/www.laboratoires-unisson.com\/fr-be#\/schema\/logo\/image\/\"}}]}<\/script>\n<!-- \/ Yoast SEO plugin. -->","yoast_head_json":{"title":"Appareil auditif Starkey Livio 2000 mRIC 312 \u00e0 1900\u20ac - Unisson Belgique","description":"Grace au\u00a0LIVIO, Starkey marque le d\u00e9but d'une nouvelle g\u00e9n\u00e9ration d'appareil auditif qui d\u00e9passe la simple correction auditive. Actuellement, le boitier","robots":{"index":"index","follow":"follow","max-snippet":"max-snippet:-1","max-image-preview":"max-image-preview:large","max-video-preview":"max-video-preview:-1"},"canonical":"https:\/\/www.laboratoires-unisson.com\/fr-be\/wp-json\/wp\/v2\/product\/24149","og_locale":"fr_FR","og_type":"article","og_title":"Livio 2000 mRIC 312 - Laboratoires Unisson","og_description":"Grace au\u00a0LIVIO, Starkey marque le d\u00e9but d'une nouvelle g\u00e9n\u00e9ration d'appareil auditif qui d\u00e9passe la simple correction auditive. Actuellement, le boitier","og_url":"https:\/\/www.laboratoires-unisson.com\/fr-be\/produit\/appareils-auditifs\/starkey\/livio-2000-mric-312","og_site_name":"Laboratoires Unisson","article_modified_time":"2025-12-03T09:08:29+00:00","og_image":[{"width":298,"height":380,"url":"https:\/\/www.laboratoires-unisson.com\/wp-content\/uploads\/2022\/05\/livio-2000-mric-312.jpg","type":"image\/jpeg"}],"twitter_card":"summary_large_image","twitter_misc":{"Est. reading time":"3 minutes"},"schema":{"@context":"https:\/\/schema.org","@graph":[{"@type":"WebPage","@id":"https:\/\/www.laboratoires-unisson.com\/fr-be\/produit\/appareils-auditifs\/starkey\/livio-2000-mric-312","url":"https:\/\/www.laboratoires-unisson.com\/fr-be\/produit\/appareils-auditifs\/starkey\/livio-2000-mric-312","name":"Livio 2000 mRIC 312 - Laboratoires Unisson","isPartOf":{"@id":"https:\/\/www.laboratoires-unisson.com\/fr-be#website"},"primaryImageOfPage":{"@id":"https:\/\/www.laboratoires-unisson.com\/fr-be\/produit\/appareils-auditifs\/starkey\/livio-2000-mric-312#primaryimage"},"image":{"@id":"https:\/\/www.laboratoires-unisson.com\/fr-be\/produit\/appareils-auditifs\/starkey\/livio-2000-mric-312#primaryimage"},"thumbnailUrl":"https:\/\/www.laboratoires-unisson.com\/wp-content\/uploads\/2022\/05\/livio-2000-mric-312.jpg","datePublished":"2022-05-02T13:10:49+00:00","dateModified":"2025-12-03T09:08:29+00:00","description":"Grace au\u00a0LIVIO, Starkey marque le d\u00e9but d'une nouvelle g\u00e9n\u00e9ration d'appareil auditif qui d\u00e9passe la simple correction auditive. Actuellement, le boitier","breadcrumb":{"@id":"https:\/\/www.laboratoires-unisson.com\/fr-be\/produit\/appareils-auditifs\/starkey\/livio-2000-mric-312#breadcrumb"},"inLanguage":"fr-BE","potentialAction":[{"@type":"ReadAction","target":["https:\/\/www.laboratoires-unisson.com\/fr-be\/produit\/appareils-auditifs\/starkey\/livio-2000-mric-312"]}]},{"@type":"ImageObject","inLanguage":"fr-BE","@id":"https:\/\/www.laboratoires-unisson.com\/fr-be\/produit\/appareils-auditifs\/starkey\/livio-2000-mric-312#primaryimage","url":"https:\/\/www.laboratoires-unisson.com\/wp-content\/uploads\/2022\/05\/livio-2000-mric-312.jpg","contentUrl":"https:\/\/www.laboratoires-unisson.com\/wp-content\/uploads\/2022\/05\/livio-2000-mric-312.jpg","width":298,"height":380},{"@type":"BreadcrumbList","@id":"https:\/\/www.laboratoires-unisson.com\/fr-be\/produit\/appareils-auditifs\/starkey\/livio-2000-mric-312#breadcrumb","itemListElement":[{"@type":"ListItem","position":1,"name":"Shop","item":"https:\/\/www.laboratoires-unisson.com\/fr-be\/shop"},{"@type":"ListItem","position":2,"name":"Livio 2000 mRIC 312"}]},{"@type":"WebSite","@id":"https:\/\/www.laboratoires-unisson.com\/fr-be#website","url":"https:\/\/www.laboratoires-unisson.com\/fr-be","name":"Laboratoires Unisson","description":"Appareil auditif et proth\u00e8se auditive Moins Cher jusqu&#039;\u00e0 -40%","publisher":{"@id":"https:\/\/www.laboratoires-unisson.com\/fr-be#organization"},"potentialAction":[{"@type":"SearchAction","target":{"@type":"EntryPoint","urlTemplate":"https:\/\/www.laboratoires-unisson.com\/fr-be?s={search_term_string}"},"query-input":{"@type":"PropertyValueSpecification","valueRequired":true,"valueName":"search_term_string"}}],"inLanguage":"fr-BE"},{"@type":"Organization","@id":"https:\/\/www.laboratoires-unisson.com\/fr-be#organization","name":"Laboratoires Unisson","url":"https:\/\/www.laboratoires-unisson.com\/fr-be","logo":{"@type":"ImageObject","inLanguage":"fr-BE","@id":"https:\/\/www.laboratoires-unisson.com\/fr-be#\/schema\/logo\/image\/","url":"https:\/\/www.laboratoires-unisson.com\/wp-content\/uploads\/2022\/01\/logo-unisson.svg","contentUrl":"https:\/\/www.laboratoires-unisson.com\/wp-content\/uploads\/2022\/01\/logo-unisson.svg","width":1,"height":1,"caption":"Laboratoires Unisson"},"image":{"@id":"https:\/\/www.laboratoires-unisson.com\/fr-be#\/schema\/logo\/image\/"}}]}},"_links":{"self":[{"href":"https:\/\/www.laboratoires-unisson.com\/fr-be\/wp-json\/wp\/v2\/product\/24149","targetHints":{"allow":["GET"]}}],"collection":[{"href":"https:\/\/www.laboratoires-unisson.com\/fr-be\/wp-json\/wp\/v2\/product"}],"about":[{"href":"https:\/\/www.laboratoires-unisson.com\/fr-be\/wp-json\/wp\/v2\/types\/product"}],"wp:featuredmedia":[{"embeddable":true,"href":"https:\/\/www.laboratoires-unisson.com\/fr-be\/wp-json\/wp\/v2\/media\/19302"}],"wp:attachment":[{"href":"https:\/\/www.laboratoires-unisson.com\/fr-be\/wp-json\/wp\/v2\/media?parent=24149"}],"wp:term":[{"taxonomy":"product_brand","embeddable":true,"href":"https:\/\/www.laboratoires-unisson.com\/fr-be\/wp-json\/wp\/v2\/product_brand?post=24149"},{"taxonomy":"product_cat","embeddable":true,"href":"https:\/\/www.laboratoires-unisson.com\/fr-be\/wp-json\/wp\/v2\/product_cat?post=24149"},{"taxonomy":"product_tag","embeddable":true,"href":"https:\/\/www.laboratoires-unisson.com\/fr-be\/wp-json\/wp\/v2\/product_tag?post=24149"}],"curies":[{"name":"wp","href":"https:\/\/api.w.org\/{rel}","templated":true}]}}