{"id":24151,"date":"2022-05-02T15:10:15","date_gmt":"2022-05-02T13:10:15","guid":{"rendered":"https:\/\/www.laboratoires-unisson.com\/produit\/livio-2000-ric-r"},"modified":"2025-12-03T10:08:29","modified_gmt":"2025-12-03T09:08:29","slug":"livio-2000-ric-r","status":"publish","type":"product","link":"https:\/\/www.laboratoires-unisson.com\/fr-be\/produit\/appareils-auditifs\/starkey\/livio-2000-ric-r","title":{"rendered":"Livio 2000 RIC R"},"content":{"rendered":"<p>Grace au LIVIO, Starkey marque le d\u00e9but d&#8217;une nouvelle g\u00e9n\u00e9ration d&#8217;appareil auditif qui d\u00e9passe la simple correction auditive.<\/p>\n<p>Le mod\u00e8le Livio RIC R poss\u00e8de une batterie rechargeable lithium-ion qui lui conf\u00e8re plus de 25 heures d&#8217;autonomie. La recharge s&#8217;effectue avec l&#8217;un des deux chargeurs propos\u00e9s par Starkey en seulement 5 heures.<\/p>\n<p>&nbsp;<\/p>\n<p><strong>Un nouveau traitement de signal avec Hearing Reality <\/strong><\/p>\n<p>La puce Livio vous propose une qualit\u00e9 d\u2019\u00e9coute sup\u00e9rieure gr\u00e2ce \u00e0 sa bande passante \u00e9largie \u00e0 10khz. Le signal est trait\u00e9 sur 20 carneaux fr\u00e9quentiels, ce qui permet \u00e0 l\u2019audioproth\u00e9siste de r\u00e9aliser des r\u00e9glages plus fins.<\/p>\n<p>Grace \u00e0 sa capacit\u00e9 de traitement 3 fois plus importante, Hearing r\u00e9alit\u00e9 analyse les sons jusqu\u2019\u00e0 167 fois par secondes, pour vous offrir un son clair, net, proche d\u2019une oreille r\u00e9elle.<\/p>\n<p>Vous observerez une meilleure appr\u00e9ciation des sources sonores et une meilleure localisation de la parole, gr\u00e2ce \u00e0 la directivit\u00e9 des microphones et \u00e0 la communication constante des aides auditives entre elles (fonction binaurale e2e).<\/p>\n<p>Le Livio utilise des filtres d\u00e9bruiteurs plus performants. Pour une r\u00e9duction de 50% du bruit non-statique, et une meilleure \u00e9mergence de la parole en environnement bruyant.<\/p>\n<p>&nbsp;<\/p>\n<p><strong>Streaming direct avec Smartphone IOS et ANDROID <\/strong><\/p>\n<p>Les appareils sont compatibles avec Iphone et la plus part des Smartphone Android. Grace au Bluetooth vous pouvez appr\u00e9cier vos musiques et vid\u00e9os stock\u00e9s sur votre t\u00e9l\u00e9phone, et recevoir vos appels directement dans vos aides auditives. (Il faudra attendra la sortir d\u2019Android 10 pour b\u00e9n\u00e9ficier d\u2019un streaming)<\/p>\n<p>&nbsp;<\/p>\n<p><strong>Thrive, l\u2019application la plus compl\u00e8te du march\u00e9 <\/strong><\/p>\n<p>&#8211; Vous pouvez pilotez vos aides auditives gr\u00e2ce \u00e0 la fonction t\u00e9l\u00e9commande et b\u00e9n\u00e9ficier de r\u00e9glages \u00e0 distance avec Hearing care Anywhere.<\/p>\n<p>&#8211; Avec la fonction \u00ab localisation \u00bb, vous g\u00e9o-localisez vos appareils en cas de perte<\/p>\n<p>&#8211; Vous pouvez poser des questions \u00e0 vos aides auditives du type \u00ab qui est Roger Federer ? \u00bb ou \u00ab Quel temps va-t-il faire demain ? \u00bb<\/p>\n<p>&nbsp;<\/p>\n<p><strong>Un appareil rechargeable : <\/strong><\/p>\n<p>B\u00e9n\u00e9ficiez de 25h00 d&#8217;autonomie *de vos aides auditives.<\/p>\n<p>Les aides auditives sont compatibles avec le chargeur TOUT-EN-UN Hearing Thechnologie, qui s\u00e8che et d\u00e9sinfecte vos appareils en m\u00eame temps qu\u2019il les recharge, et le Mini Turbo Chargeur, qui vous propose 3h30 d\u2019autonomie en seulement 15 min de charge.<\/p>\n<p>Les deux chargeurs ont une batterie int\u00e9gr\u00e9e. Une fois cette batterie charg\u00e9e, vous pourrez recharger vos aides auditives, sans \u00eatre branch\u00e9 \u00e0 une prise secteur.<\/p>\n<p>*La dur\u00e9e de charge des appareils varie en fonction de leur utilisation<\/p>\n<p>&nbsp;<\/p>\n<p><strong>Accessoires compatibles <\/strong><\/p>\n<p>&#8211; Emetteur TV<\/p>\n<p>&#8211; Microphone+<\/p>\n<p>&#8211; Mini microphone<\/p>\n<p>&#8211; T\u00e9l\u00e9commande<\/p>\n<p>&nbsp;<\/p>\n<p><strong>Autres fonctionnalit\u00e9s <\/strong><\/p>\n<p>&#8211; Solution anti acouph\u00e8ne avec la technologie Tinnitus Th\u00e9rapie<\/p>\n<p>&#8211; Augmentation progressive du volume<\/p>\n<p>&#8211; 6 programmes manuels<\/p>\n<p>&#8211; Bobine T\u00e9l\u00e9phonique<\/p>\n<p>&#8211; Anti larsen puissant<\/p>\n<p>&#8211; Directionnalit\u00e9 adaptative<\/p>\n<p>&#8211; R\u00e9duction des bruits de l\u2019appareil dans le silence<\/p>\n<p>&#8211; Optimisation de la musique<\/p>\n<p>&#8211; Duplication fr\u00e9quentielle<\/p>\n<p>&#8211; Possibilit\u00e9 d\u2019appareillage en CROS<\/p>\n","protected":false},"excerpt":{"rendered":"<p>Grace au LIVIO, Starkey marque le d\u00e9but d&#8217;une nouvelle g\u00e9n\u00e9ration d&#8217;appareil auditif qui d\u00e9passe la simple correction auditive. Le mod\u00e8le Livio RIC R poss\u00e8de une batterie rechargeable lithium-ion qui lui conf\u00e8re plus de 25 heures d&#8217;autonomie. La recharge s&#8217;effectue avec l&#8217;un des deux chargeurs propos\u00e9s par Starkey en seulement 5 heures. &nbsp; Un nouveau traitement [&hellip;]<\/p>\n","protected":false},"featured_media":19300,"template":"","meta":{"_acf_changed":false},"product_brand":[],"product_cat":[2643],"product_tag":[],"class_list":{"0":"post-24151","1":"product","2":"type-product","3":"status-publish","4":"has-post-thumbnail","6":"product_cat-starkey-fr-be","8":"first","9":"instock","10":"taxable","11":"shipping-taxable","12":"purchasable","13":"product-type-simple"},"acf":[],"yoast_head":"<!-- This site is optimized with the Yoast SEO plugin v27.1.1 - https:\/\/yoast.com\/product\/yoast-seo-wordpress\/ -->\n<title>Appareil auditif Starkey Livio 2000 RIC R \u00e0 1900\u20ac - Unisson Belgique<\/title>\n<meta name=\"description\" content=\"D\u00e9couvrez le Starkey Livio 2000 RIC R. Qualit\u00e9 sonore exceptionnelle et performance fiable \u00e0 un prix comp\u00e9titif chez Unisson. Obtenez-le d\u00e8s maintenant.\" \/>\n<meta name=\"robots\" content=\"index, follow, max-snippet:-1, max-image-preview:large, max-video-preview:-1\" \/>\n<link rel=\"canonical\" href=\"https:\/\/www.laboratoires-unisson.com\/fr-be\/wp-json\/wp\/v2\/product\/24151\" \/>\n<meta property=\"og:locale\" content=\"fr_FR\" \/>\n<meta property=\"og:type\" content=\"article\" \/>\n<meta property=\"og:title\" content=\"Livio 2000 RIC R - Laboratoires Unisson\" \/>\n<meta property=\"og:description\" content=\"D\u00e9couvrez le Starkey Livio 2000 RIC R. Qualit\u00e9 sonore exceptionnelle et performance fiable \u00e0 un prix comp\u00e9titif chez Unisson. Obtenez-le d\u00e8s maintenant.\" \/>\n<meta property=\"og:url\" content=\"https:\/\/www.laboratoires-unisson.com\/fr-be\/produit\/appareils-auditifs\/starkey\/livio-2000-ric-r\" \/>\n<meta property=\"og:site_name\" content=\"Laboratoires Unisson\" \/>\n<meta property=\"article:modified_time\" content=\"2025-12-03T09:08:29+00:00\" \/>\n<meta property=\"og:image\" content=\"https:\/\/www.laboratoires-unisson.com\/wp-content\/uploads\/2022\/05\/livio-2000-ric-r.jpg\" \/>\n\t<meta property=\"og:image:width\" content=\"450\" \/>\n\t<meta property=\"og:image:height\" content=\"500\" \/>\n\t<meta property=\"og:image:type\" content=\"image\/jpeg\" \/>\n<meta name=\"twitter:card\" content=\"summary_large_image\" \/>\n<meta name=\"twitter:label1\" content=\"Est. reading time\" \/>\n\t<meta name=\"twitter:data1\" content=\"3 minutes\" \/>\n<script type=\"application\/ld+json\" class=\"yoast-schema-graph\">{\"@context\":\"https:\/\/schema.org\",\"@graph\":[{\"@type\":\"WebPage\",\"@id\":\"https:\/\/www.laboratoires-unisson.com\/fr-be\/produit\/appareils-auditifs\/starkey\/livio-2000-ric-r\",\"url\":\"https:\/\/www.laboratoires-unisson.com\/fr-be\/produit\/appareils-auditifs\/starkey\/livio-2000-ric-r\",\"name\":\"Livio 2000 RIC R - Laboratoires Unisson\",\"isPartOf\":{\"@id\":\"https:\/\/www.laboratoires-unisson.com\/fr-be#website\"},\"primaryImageOfPage\":{\"@id\":\"https:\/\/www.laboratoires-unisson.com\/fr-be\/produit\/appareils-auditifs\/starkey\/livio-2000-ric-r#primaryimage\"},\"image\":{\"@id\":\"https:\/\/www.laboratoires-unisson.com\/fr-be\/produit\/appareils-auditifs\/starkey\/livio-2000-ric-r#primaryimage\"},\"thumbnailUrl\":\"https:\/\/www.laboratoires-unisson.com\/wp-content\/uploads\/2022\/05\/livio-2000-ric-r.jpg\",\"datePublished\":\"2022-05-02T13:10:15+00:00\",\"dateModified\":\"2025-12-03T09:08:29+00:00\",\"description\":\"D\u00e9couvrez le Starkey Livio 2000 RIC R. Qualit\u00e9 sonore exceptionnelle et performance fiable \u00e0 un prix comp\u00e9titif chez Unisson. Obtenez-le d\u00e8s maintenant.\",\"breadcrumb\":{\"@id\":\"https:\/\/www.laboratoires-unisson.com\/fr-be\/produit\/appareils-auditifs\/starkey\/livio-2000-ric-r#breadcrumb\"},\"inLanguage\":\"fr-BE\",\"potentialAction\":[{\"@type\":\"ReadAction\",\"target\":[\"https:\/\/www.laboratoires-unisson.com\/fr-be\/produit\/appareils-auditifs\/starkey\/livio-2000-ric-r\"]}]},{\"@type\":\"ImageObject\",\"inLanguage\":\"fr-BE\",\"@id\":\"https:\/\/www.laboratoires-unisson.com\/fr-be\/produit\/appareils-auditifs\/starkey\/livio-2000-ric-r#primaryimage\",\"url\":\"https:\/\/www.laboratoires-unisson.com\/wp-content\/uploads\/2022\/05\/livio-2000-ric-r.jpg\",\"contentUrl\":\"https:\/\/www.laboratoires-unisson.com\/wp-content\/uploads\/2022\/05\/livio-2000-ric-r.jpg\",\"width\":450,\"height\":500},{\"@type\":\"BreadcrumbList\",\"@id\":\"https:\/\/www.laboratoires-unisson.com\/fr-be\/produit\/appareils-auditifs\/starkey\/livio-2000-ric-r#breadcrumb\",\"itemListElement\":[{\"@type\":\"ListItem\",\"position\":1,\"name\":\"Shop\",\"item\":\"https:\/\/www.laboratoires-unisson.com\/fr-be\/shop\"},{\"@type\":\"ListItem\",\"position\":2,\"name\":\"Livio 2000 RIC R\"}]},{\"@type\":\"WebSite\",\"@id\":\"https:\/\/www.laboratoires-unisson.com\/fr-be#website\",\"url\":\"https:\/\/www.laboratoires-unisson.com\/fr-be\",\"name\":\"Laboratoires Unisson\",\"description\":\"Appareil auditif et proth\u00e8se auditive Moins Cher jusqu&#039;\u00e0 -40%\",\"publisher\":{\"@id\":\"https:\/\/www.laboratoires-unisson.com\/fr-be#organization\"},\"potentialAction\":[{\"@type\":\"SearchAction\",\"target\":{\"@type\":\"EntryPoint\",\"urlTemplate\":\"https:\/\/www.laboratoires-unisson.com\/fr-be?s={search_term_string}\"},\"query-input\":{\"@type\":\"PropertyValueSpecification\",\"valueRequired\":true,\"valueName\":\"search_term_string\"}}],\"inLanguage\":\"fr-BE\"},{\"@type\":\"Organization\",\"@id\":\"https:\/\/www.laboratoires-unisson.com\/fr-be#organization\",\"name\":\"Laboratoires Unisson\",\"url\":\"https:\/\/www.laboratoires-unisson.com\/fr-be\",\"logo\":{\"@type\":\"ImageObject\",\"inLanguage\":\"fr-BE\",\"@id\":\"https:\/\/www.laboratoires-unisson.com\/fr-be#\/schema\/logo\/image\/\",\"url\":\"https:\/\/www.laboratoires-unisson.com\/wp-content\/uploads\/2022\/01\/logo-unisson.svg\",\"contentUrl\":\"https:\/\/www.laboratoires-unisson.com\/wp-content\/uploads\/2022\/01\/logo-unisson.svg\",\"width\":1,\"height\":1,\"caption\":\"Laboratoires Unisson\"},\"image\":{\"@id\":\"https:\/\/www.laboratoires-unisson.com\/fr-be#\/schema\/logo\/image\/\"}}]}<\/script>\n<!-- \/ Yoast SEO plugin. -->","yoast_head_json":{"title":"Appareil auditif Starkey Livio 2000 RIC R \u00e0 1900\u20ac - Unisson Belgique","description":"D\u00e9couvrez le Starkey Livio 2000 RIC R. Qualit\u00e9 sonore exceptionnelle et performance fiable \u00e0 un prix comp\u00e9titif chez Unisson. Obtenez-le d\u00e8s maintenant.","robots":{"index":"index","follow":"follow","max-snippet":"max-snippet:-1","max-image-preview":"max-image-preview:large","max-video-preview":"max-video-preview:-1"},"canonical":"https:\/\/www.laboratoires-unisson.com\/fr-be\/wp-json\/wp\/v2\/product\/24151","og_locale":"fr_FR","og_type":"article","og_title":"Livio 2000 RIC R - Laboratoires Unisson","og_description":"D\u00e9couvrez le Starkey Livio 2000 RIC R. Qualit\u00e9 sonore exceptionnelle et performance fiable \u00e0 un prix comp\u00e9titif chez Unisson. Obtenez-le d\u00e8s maintenant.","og_url":"https:\/\/www.laboratoires-unisson.com\/fr-be\/produit\/appareils-auditifs\/starkey\/livio-2000-ric-r","og_site_name":"Laboratoires Unisson","article_modified_time":"2025-12-03T09:08:29+00:00","og_image":[{"width":450,"height":500,"url":"https:\/\/www.laboratoires-unisson.com\/wp-content\/uploads\/2022\/05\/livio-2000-ric-r.jpg","type":"image\/jpeg"}],"twitter_card":"summary_large_image","twitter_misc":{"Est. reading time":"3 minutes"},"schema":{"@context":"https:\/\/schema.org","@graph":[{"@type":"WebPage","@id":"https:\/\/www.laboratoires-unisson.com\/fr-be\/produit\/appareils-auditifs\/starkey\/livio-2000-ric-r","url":"https:\/\/www.laboratoires-unisson.com\/fr-be\/produit\/appareils-auditifs\/starkey\/livio-2000-ric-r","name":"Livio 2000 RIC R - Laboratoires Unisson","isPartOf":{"@id":"https:\/\/www.laboratoires-unisson.com\/fr-be#website"},"primaryImageOfPage":{"@id":"https:\/\/www.laboratoires-unisson.com\/fr-be\/produit\/appareils-auditifs\/starkey\/livio-2000-ric-r#primaryimage"},"image":{"@id":"https:\/\/www.laboratoires-unisson.com\/fr-be\/produit\/appareils-auditifs\/starkey\/livio-2000-ric-r#primaryimage"},"thumbnailUrl":"https:\/\/www.laboratoires-unisson.com\/wp-content\/uploads\/2022\/05\/livio-2000-ric-r.jpg","datePublished":"2022-05-02T13:10:15+00:00","dateModified":"2025-12-03T09:08:29+00:00","description":"D\u00e9couvrez le Starkey Livio 2000 RIC R. Qualit\u00e9 sonore exceptionnelle et performance fiable \u00e0 un prix comp\u00e9titif chez Unisson. Obtenez-le d\u00e8s maintenant.","breadcrumb":{"@id":"https:\/\/www.laboratoires-unisson.com\/fr-be\/produit\/appareils-auditifs\/starkey\/livio-2000-ric-r#breadcrumb"},"inLanguage":"fr-BE","potentialAction":[{"@type":"ReadAction","target":["https:\/\/www.laboratoires-unisson.com\/fr-be\/produit\/appareils-auditifs\/starkey\/livio-2000-ric-r"]}]},{"@type":"ImageObject","inLanguage":"fr-BE","@id":"https:\/\/www.laboratoires-unisson.com\/fr-be\/produit\/appareils-auditifs\/starkey\/livio-2000-ric-r#primaryimage","url":"https:\/\/www.laboratoires-unisson.com\/wp-content\/uploads\/2022\/05\/livio-2000-ric-r.jpg","contentUrl":"https:\/\/www.laboratoires-unisson.com\/wp-content\/uploads\/2022\/05\/livio-2000-ric-r.jpg","width":450,"height":500},{"@type":"BreadcrumbList","@id":"https:\/\/www.laboratoires-unisson.com\/fr-be\/produit\/appareils-auditifs\/starkey\/livio-2000-ric-r#breadcrumb","itemListElement":[{"@type":"ListItem","position":1,"name":"Shop","item":"https:\/\/www.laboratoires-unisson.com\/fr-be\/shop"},{"@type":"ListItem","position":2,"name":"Livio 2000 RIC R"}]},{"@type":"WebSite","@id":"https:\/\/www.laboratoires-unisson.com\/fr-be#website","url":"https:\/\/www.laboratoires-unisson.com\/fr-be","name":"Laboratoires Unisson","description":"Appareil auditif et proth\u00e8se auditive Moins Cher jusqu&#039;\u00e0 -40%","publisher":{"@id":"https:\/\/www.laboratoires-unisson.com\/fr-be#organization"},"potentialAction":[{"@type":"SearchAction","target":{"@type":"EntryPoint","urlTemplate":"https:\/\/www.laboratoires-unisson.com\/fr-be?s={search_term_string}"},"query-input":{"@type":"PropertyValueSpecification","valueRequired":true,"valueName":"search_term_string"}}],"inLanguage":"fr-BE"},{"@type":"Organization","@id":"https:\/\/www.laboratoires-unisson.com\/fr-be#organization","name":"Laboratoires Unisson","url":"https:\/\/www.laboratoires-unisson.com\/fr-be","logo":{"@type":"ImageObject","inLanguage":"fr-BE","@id":"https:\/\/www.laboratoires-unisson.com\/fr-be#\/schema\/logo\/image\/","url":"https:\/\/www.laboratoires-unisson.com\/wp-content\/uploads\/2022\/01\/logo-unisson.svg","contentUrl":"https:\/\/www.laboratoires-unisson.com\/wp-content\/uploads\/2022\/01\/logo-unisson.svg","width":1,"height":1,"caption":"Laboratoires Unisson"},"image":{"@id":"https:\/\/www.laboratoires-unisson.com\/fr-be#\/schema\/logo\/image\/"}}]}},"_links":{"self":[{"href":"https:\/\/www.laboratoires-unisson.com\/fr-be\/wp-json\/wp\/v2\/product\/24151","targetHints":{"allow":["GET"]}}],"collection":[{"href":"https:\/\/www.laboratoires-unisson.com\/fr-be\/wp-json\/wp\/v2\/product"}],"about":[{"href":"https:\/\/www.laboratoires-unisson.com\/fr-be\/wp-json\/wp\/v2\/types\/product"}],"wp:featuredmedia":[{"embeddable":true,"href":"https:\/\/www.laboratoires-unisson.com\/fr-be\/wp-json\/wp\/v2\/media\/19300"}],"wp:attachment":[{"href":"https:\/\/www.laboratoires-unisson.com\/fr-be\/wp-json\/wp\/v2\/media?parent=24151"}],"wp:term":[{"taxonomy":"product_brand","embeddable":true,"href":"https:\/\/www.laboratoires-unisson.com\/fr-be\/wp-json\/wp\/v2\/product_brand?post=24151"},{"taxonomy":"product_cat","embeddable":true,"href":"https:\/\/www.laboratoires-unisson.com\/fr-be\/wp-json\/wp\/v2\/product_cat?post=24151"},{"taxonomy":"product_tag","embeddable":true,"href":"https:\/\/www.laboratoires-unisson.com\/fr-be\/wp-json\/wp\/v2\/product_tag?post=24151"}],"curies":[{"name":"wp","href":"https:\/\/api.w.org\/{rel}","templated":true}]}}