{"id":24158,"date":"2022-05-02T15:08:21","date_gmt":"2022-05-02T13:08:21","guid":{"rendered":"https:\/\/www.laboratoires-unisson.com\/produit\/livio-ai-1600-ric-r"},"modified":"2026-03-06T16:41:03","modified_gmt":"2026-03-06T15:41:03","slug":"livio-ai-1600-ric-r","status":"publish","type":"product","link":"https:\/\/www.laboratoires-unisson.com\/fr-be\/produit\/appareils-auditifs\/starkey\/livio-ai-1600-ric-r","title":{"rendered":"Livio Ai 1600 RIC R"},"content":{"rendered":"<p>L&#8217;aide auditive Livio Ai\u00a01600 RIC R est un appareil en <strong>contour d&#8217;oreille RIC entr\u00e9e de gamme rechargeable et connect\u00e9<\/strong> car \u00e9quip\u00e9 d&#8217;une connexion Bluetooth. Il convient parfaitement \u00e0 tout degr\u00e9 de perte auditive.<\/p>\n<h3>Caract\u00e9ristiques du mod\u00e8le Livio Ai 1600 RIC R<\/h3>\n<ul>\n<li>16 canaux de r\u00e9glages<\/li>\n<li>Bouton multifonctions (volume &amp; programme)<\/li>\n<li>Bobine \u00e0 induction<\/li>\n<li>Indice de protection IP68<\/li>\n<li>Batterie rechargeable lithium-ion<\/li>\n<li>Connexion Bluetooth<\/li>\n<li>R\u00e9ducteur de bruit<\/li>\n<li>R\u00e9ducteur de bruits impulsionnels<\/li>\n<li>Anti larsen<\/li>\n<li>G\u00e9n\u00e9rateur de bruit blanc anti-acouph\u00e8nes<\/li>\n<li>Syst\u00e8me CROS<\/li>\n<li>Technologie Healthable : suivi de l&#8217;activit\u00e9 physique, c\u00e9r\u00e9brale et d\u00e9tection et alertes de chute<\/li>\n<li>Assistant intelligent Thrive<\/li>\n<li>Application mobile Thrive<\/li>\n<\/ul>\n<p><strong>Starkey a r\u00e9invent\u00e9 l&#8217;aide auditive avec l&#8217;intelligence artificielle pour vous offrir de nouvelles fonctionnalit\u00e9s et performances sonores qui vous facilitent la vie<\/strong>. Gr\u00e2ce aux nouveaux appareils auditifs Starkey Livio Ai, vous :<\/p>\n<ul>\n<li>\u00c9coutez confortablement la parole m\u00eame dans des environnements tr\u00e8s bruyants, tout en supprimant les bruits ind\u00e9sirables,<\/li>\n<li>Obtenez une qualit\u00e9 sonore sup\u00e9rieure ainsi qu&#8217;une audition plus naturelle avec un effort r\u00e9duit,<\/li>\n<li>Restez connectez avec tout appareil Bluetooth gr\u00e2ce \u00e0 la connectivit\u00e9 Bluetooth made for iPhone.<\/li>\n<\/ul>\n<h3>Livio Ai 1600 RIC R, un appareil auditif rechargeable<\/h3>\n<p><strong>Les appareils Livio Ai\u00a0RIC R sont rechargeables<\/strong> et le nouveau chargeur Starkey fournit jusqu&#8217;\u00e0 24h d&#8217;autonomie. Celui-ci dispose d&#8217;une batterie interne permettant d&#8217;effectuer 2 cycles de charge suppl\u00e9mentaires de fa\u00e7on nomade.<\/p>\n<h3>Accessoires sans-fil Bluetooth<\/h3>\n<p>Les derniers accessoires pour aides auditives de Starkey sont tous \u00e9quip\u00e9s d&#8217;une <strong>connectivit\u00e9 sans-fil<\/strong>. Diffusez facilement le son de votre t\u00e9l\u00e9vision ou toute autre source audio directement dans vos appareils auditifs Starkey.<\/p>\n<p>Nous vous recommandons entre\u00a0autres l&#8217;\u00e9metteur TV, la t\u00e9l\u00e9commande, le microphone +, le mini microphone et le microphone de table.<\/p>\n<h3>Assistant Intelligent Thrive<\/h3>\n<p>Dot\u00e9 de capteurs int\u00e9gr\u00e9s et de l&#8217;intelligence artificielle, <strong>cette aide auditive permet de suivre votre activit\u00e9 physique et c\u00e9r\u00e9brale<\/strong>. De plus, de nouvelles fonctionnalit\u00e9s sont disponibles dans la gamme Starkey Livio Ai afin d&#8217;optimiser votre exp\u00e9rience auditive :<\/p>\n<ul>\n<li>Localisation du t\u00e9l\u00e9phone<\/li>\n<li>Contr\u00f4le tactile (couper le son d&#8217;un accessoire sans-fil en tapotant 2 fois sur votre oreille)<\/li>\n<li>Self Check (test diagnostic des aides auditives)<\/li>\n<li>Rappels vocaux<\/li>\n<li>T\u00e9l\u00e9r\u00e9glages<\/li>\n<\/ul>\n","protected":false},"excerpt":{"rendered":"<p>L&#8217;aide auditive Livio Ai\u00a01600 RIC R est un appareil en contour d&#8217;oreille RIC entr\u00e9e de gamme rechargeable et connect\u00e9 car \u00e9quip\u00e9 d&#8217;une connexion Bluetooth. Il convient parfaitement \u00e0 tout degr\u00e9 de perte auditive. Caract\u00e9ristiques du mod\u00e8le Livio Ai 1600 RIC R 16 canaux de r\u00e9glages Bouton multifonctions (volume &amp; programme) Bobine \u00e0 induction Indice de [&hellip;]<\/p>\n","protected":false},"featured_media":19290,"template":"","meta":{"_acf_changed":false},"product_brand":[],"product_cat":[2643],"product_tag":[],"class_list":{"0":"post-24158","1":"product","2":"type-product","3":"status-publish","4":"has-post-thumbnail","6":"product_cat-starkey-fr-be","8":"first","9":"instock","10":"taxable","11":"shipping-taxable","12":"purchasable","13":"product-type-simple"},"acf":[],"yoast_head":"<!-- This site is optimized with the Yoast SEO plugin v27.1.1 - https:\/\/yoast.com\/product\/yoast-seo-wordpress\/ -->\n<title>Appareil auditif Starkey Livio Ai 1600 RIC R \u00e0 1650\u20ac - Unisson Belgique<\/title>\n<meta name=\"description\" content=\"Comment am\u00e9liorer votre audition avec Starkey Livio AI 1600 RIC R ? D\u00e9couvrez cet appareil auditif intelligent pour une exp\u00e9rience sonore optimale.\" \/>\n<meta name=\"robots\" content=\"index, follow, max-snippet:-1, max-image-preview:large, max-video-preview:-1\" \/>\n<link rel=\"canonical\" href=\"https:\/\/www.laboratoires-unisson.com\/fr-be\/wp-json\/wp\/v2\/product\/24158\" \/>\n<meta property=\"og:locale\" content=\"fr_FR\" \/>\n<meta property=\"og:type\" content=\"article\" \/>\n<meta property=\"og:title\" content=\"Livio Ai 1600 RIC R - Laboratoires Unisson\" \/>\n<meta property=\"og:description\" content=\"Comment am\u00e9liorer votre audition avec Starkey Livio AI 1600 RIC R ? D\u00e9couvrez cet appareil auditif intelligent pour une exp\u00e9rience sonore optimale.\" \/>\n<meta property=\"og:url\" content=\"https:\/\/www.laboratoires-unisson.com\/fr-be\/produit\/appareils-auditifs\/starkey\/livio-ai-1600-ric-r\" \/>\n<meta property=\"og:site_name\" content=\"Laboratoires Unisson\" \/>\n<meta property=\"article:modified_time\" content=\"2026-03-06T15:41:03+00:00\" \/>\n<meta property=\"og:image\" content=\"https:\/\/www.laboratoires-unisson.com\/wp-content\/uploads\/2022\/05\/livio-ai-1600-ric-r.jpg\" \/>\n\t<meta property=\"og:image:width\" content=\"560\" \/>\n\t<meta property=\"og:image:height\" content=\"560\" \/>\n\t<meta property=\"og:image:type\" content=\"image\/jpeg\" \/>\n<meta name=\"twitter:card\" content=\"summary_large_image\" \/>\n<meta name=\"twitter:label1\" content=\"Est. reading time\" \/>\n\t<meta name=\"twitter:data1\" content=\"2 minutes\" \/>\n<script type=\"application\/ld+json\" class=\"yoast-schema-graph\">{\"@context\":\"https:\/\/schema.org\",\"@graph\":[{\"@type\":\"WebPage\",\"@id\":\"https:\/\/www.laboratoires-unisson.com\/fr-be\/produit\/appareils-auditifs\/starkey\/livio-ai-1600-ric-r\",\"url\":\"https:\/\/www.laboratoires-unisson.com\/fr-be\/produit\/appareils-auditifs\/starkey\/livio-ai-1600-ric-r\",\"name\":\"Livio Ai 1600 RIC R - Laboratoires Unisson\",\"isPartOf\":{\"@id\":\"https:\/\/www.laboratoires-unisson.com\/fr-be#website\"},\"primaryImageOfPage\":{\"@id\":\"https:\/\/www.laboratoires-unisson.com\/fr-be\/produit\/appareils-auditifs\/starkey\/livio-ai-1600-ric-r#primaryimage\"},\"image\":{\"@id\":\"https:\/\/www.laboratoires-unisson.com\/fr-be\/produit\/appareils-auditifs\/starkey\/livio-ai-1600-ric-r#primaryimage\"},\"thumbnailUrl\":\"https:\/\/www.laboratoires-unisson.com\/wp-content\/uploads\/2022\/05\/livio-ai-1600-ric-r.jpg\",\"datePublished\":\"2022-05-02T13:08:21+00:00\",\"dateModified\":\"2026-03-06T15:41:03+00:00\",\"description\":\"Comment am\u00e9liorer votre audition avec Starkey Livio AI 1600 RIC R ? D\u00e9couvrez cet appareil auditif intelligent pour une exp\u00e9rience sonore optimale.\",\"breadcrumb\":{\"@id\":\"https:\/\/www.laboratoires-unisson.com\/fr-be\/produit\/appareils-auditifs\/starkey\/livio-ai-1600-ric-r#breadcrumb\"},\"inLanguage\":\"fr-BE\",\"potentialAction\":[{\"@type\":\"ReadAction\",\"target\":[\"https:\/\/www.laboratoires-unisson.com\/fr-be\/produit\/appareils-auditifs\/starkey\/livio-ai-1600-ric-r\"]}]},{\"@type\":\"ImageObject\",\"inLanguage\":\"fr-BE\",\"@id\":\"https:\/\/www.laboratoires-unisson.com\/fr-be\/produit\/appareils-auditifs\/starkey\/livio-ai-1600-ric-r#primaryimage\",\"url\":\"https:\/\/www.laboratoires-unisson.com\/wp-content\/uploads\/2022\/05\/livio-ai-1600-ric-r.jpg\",\"contentUrl\":\"https:\/\/www.laboratoires-unisson.com\/wp-content\/uploads\/2022\/05\/livio-ai-1600-ric-r.jpg\",\"width\":560,\"height\":560},{\"@type\":\"BreadcrumbList\",\"@id\":\"https:\/\/www.laboratoires-unisson.com\/fr-be\/produit\/appareils-auditifs\/starkey\/livio-ai-1600-ric-r#breadcrumb\",\"itemListElement\":[{\"@type\":\"ListItem\",\"position\":1,\"name\":\"Shop\",\"item\":\"https:\/\/www.laboratoires-unisson.com\/fr-be\/shop\"},{\"@type\":\"ListItem\",\"position\":2,\"name\":\"Livio Ai 1600 RIC R\"}]},{\"@type\":\"WebSite\",\"@id\":\"https:\/\/www.laboratoires-unisson.com\/fr-be#website\",\"url\":\"https:\/\/www.laboratoires-unisson.com\/fr-be\",\"name\":\"Laboratoires Unisson\",\"description\":\"Appareil auditif et proth\u00e8se auditive Moins Cher jusqu&#039;\u00e0 -40%\",\"publisher\":{\"@id\":\"https:\/\/www.laboratoires-unisson.com\/fr-be#organization\"},\"potentialAction\":[{\"@type\":\"SearchAction\",\"target\":{\"@type\":\"EntryPoint\",\"urlTemplate\":\"https:\/\/www.laboratoires-unisson.com\/fr-be?s={search_term_string}\"},\"query-input\":{\"@type\":\"PropertyValueSpecification\",\"valueRequired\":true,\"valueName\":\"search_term_string\"}}],\"inLanguage\":\"fr-BE\"},{\"@type\":\"Organization\",\"@id\":\"https:\/\/www.laboratoires-unisson.com\/fr-be#organization\",\"name\":\"Laboratoires Unisson\",\"url\":\"https:\/\/www.laboratoires-unisson.com\/fr-be\",\"logo\":{\"@type\":\"ImageObject\",\"inLanguage\":\"fr-BE\",\"@id\":\"https:\/\/www.laboratoires-unisson.com\/fr-be#\/schema\/logo\/image\/\",\"url\":\"https:\/\/www.laboratoires-unisson.com\/wp-content\/uploads\/2022\/01\/logo-unisson.svg\",\"contentUrl\":\"https:\/\/www.laboratoires-unisson.com\/wp-content\/uploads\/2022\/01\/logo-unisson.svg\",\"width\":1,\"height\":1,\"caption\":\"Laboratoires Unisson\"},\"image\":{\"@id\":\"https:\/\/www.laboratoires-unisson.com\/fr-be#\/schema\/logo\/image\/\"}}]}<\/script>\n<!-- \/ Yoast SEO plugin. -->","yoast_head_json":{"title":"Appareil auditif Starkey Livio Ai 1600 RIC R \u00e0 1650\u20ac - Unisson Belgique","description":"Comment am\u00e9liorer votre audition avec Starkey Livio AI 1600 RIC R ? D\u00e9couvrez cet appareil auditif intelligent pour une exp\u00e9rience sonore optimale.","robots":{"index":"index","follow":"follow","max-snippet":"max-snippet:-1","max-image-preview":"max-image-preview:large","max-video-preview":"max-video-preview:-1"},"canonical":"https:\/\/www.laboratoires-unisson.com\/fr-be\/wp-json\/wp\/v2\/product\/24158","og_locale":"fr_FR","og_type":"article","og_title":"Livio Ai 1600 RIC R - Laboratoires Unisson","og_description":"Comment am\u00e9liorer votre audition avec Starkey Livio AI 1600 RIC R ? D\u00e9couvrez cet appareil auditif intelligent pour une exp\u00e9rience sonore optimale.","og_url":"https:\/\/www.laboratoires-unisson.com\/fr-be\/produit\/appareils-auditifs\/starkey\/livio-ai-1600-ric-r","og_site_name":"Laboratoires Unisson","article_modified_time":"2026-03-06T15:41:03+00:00","og_image":[{"width":560,"height":560,"url":"https:\/\/www.laboratoires-unisson.com\/wp-content\/uploads\/2022\/05\/livio-ai-1600-ric-r.jpg","type":"image\/jpeg"}],"twitter_card":"summary_large_image","twitter_misc":{"Est. reading time":"2 minutes"},"schema":{"@context":"https:\/\/schema.org","@graph":[{"@type":"WebPage","@id":"https:\/\/www.laboratoires-unisson.com\/fr-be\/produit\/appareils-auditifs\/starkey\/livio-ai-1600-ric-r","url":"https:\/\/www.laboratoires-unisson.com\/fr-be\/produit\/appareils-auditifs\/starkey\/livio-ai-1600-ric-r","name":"Livio Ai 1600 RIC R - Laboratoires Unisson","isPartOf":{"@id":"https:\/\/www.laboratoires-unisson.com\/fr-be#website"},"primaryImageOfPage":{"@id":"https:\/\/www.laboratoires-unisson.com\/fr-be\/produit\/appareils-auditifs\/starkey\/livio-ai-1600-ric-r#primaryimage"},"image":{"@id":"https:\/\/www.laboratoires-unisson.com\/fr-be\/produit\/appareils-auditifs\/starkey\/livio-ai-1600-ric-r#primaryimage"},"thumbnailUrl":"https:\/\/www.laboratoires-unisson.com\/wp-content\/uploads\/2022\/05\/livio-ai-1600-ric-r.jpg","datePublished":"2022-05-02T13:08:21+00:00","dateModified":"2026-03-06T15:41:03+00:00","description":"Comment am\u00e9liorer votre audition avec Starkey Livio AI 1600 RIC R ? D\u00e9couvrez cet appareil auditif intelligent pour une exp\u00e9rience sonore optimale.","breadcrumb":{"@id":"https:\/\/www.laboratoires-unisson.com\/fr-be\/produit\/appareils-auditifs\/starkey\/livio-ai-1600-ric-r#breadcrumb"},"inLanguage":"fr-BE","potentialAction":[{"@type":"ReadAction","target":["https:\/\/www.laboratoires-unisson.com\/fr-be\/produit\/appareils-auditifs\/starkey\/livio-ai-1600-ric-r"]}]},{"@type":"ImageObject","inLanguage":"fr-BE","@id":"https:\/\/www.laboratoires-unisson.com\/fr-be\/produit\/appareils-auditifs\/starkey\/livio-ai-1600-ric-r#primaryimage","url":"https:\/\/www.laboratoires-unisson.com\/wp-content\/uploads\/2022\/05\/livio-ai-1600-ric-r.jpg","contentUrl":"https:\/\/www.laboratoires-unisson.com\/wp-content\/uploads\/2022\/05\/livio-ai-1600-ric-r.jpg","width":560,"height":560},{"@type":"BreadcrumbList","@id":"https:\/\/www.laboratoires-unisson.com\/fr-be\/produit\/appareils-auditifs\/starkey\/livio-ai-1600-ric-r#breadcrumb","itemListElement":[{"@type":"ListItem","position":1,"name":"Shop","item":"https:\/\/www.laboratoires-unisson.com\/fr-be\/shop"},{"@type":"ListItem","position":2,"name":"Livio Ai 1600 RIC R"}]},{"@type":"WebSite","@id":"https:\/\/www.laboratoires-unisson.com\/fr-be#website","url":"https:\/\/www.laboratoires-unisson.com\/fr-be","name":"Laboratoires Unisson","description":"Appareil auditif et proth\u00e8se auditive Moins Cher jusqu&#039;\u00e0 -40%","publisher":{"@id":"https:\/\/www.laboratoires-unisson.com\/fr-be#organization"},"potentialAction":[{"@type":"SearchAction","target":{"@type":"EntryPoint","urlTemplate":"https:\/\/www.laboratoires-unisson.com\/fr-be?s={search_term_string}"},"query-input":{"@type":"PropertyValueSpecification","valueRequired":true,"valueName":"search_term_string"}}],"inLanguage":"fr-BE"},{"@type":"Organization","@id":"https:\/\/www.laboratoires-unisson.com\/fr-be#organization","name":"Laboratoires Unisson","url":"https:\/\/www.laboratoires-unisson.com\/fr-be","logo":{"@type":"ImageObject","inLanguage":"fr-BE","@id":"https:\/\/www.laboratoires-unisson.com\/fr-be#\/schema\/logo\/image\/","url":"https:\/\/www.laboratoires-unisson.com\/wp-content\/uploads\/2022\/01\/logo-unisson.svg","contentUrl":"https:\/\/www.laboratoires-unisson.com\/wp-content\/uploads\/2022\/01\/logo-unisson.svg","width":1,"height":1,"caption":"Laboratoires Unisson"},"image":{"@id":"https:\/\/www.laboratoires-unisson.com\/fr-be#\/schema\/logo\/image\/"}}]}},"_links":{"self":[{"href":"https:\/\/www.laboratoires-unisson.com\/fr-be\/wp-json\/wp\/v2\/product\/24158","targetHints":{"allow":["GET"]}}],"collection":[{"href":"https:\/\/www.laboratoires-unisson.com\/fr-be\/wp-json\/wp\/v2\/product"}],"about":[{"href":"https:\/\/www.laboratoires-unisson.com\/fr-be\/wp-json\/wp\/v2\/types\/product"}],"wp:featuredmedia":[{"embeddable":true,"href":"https:\/\/www.laboratoires-unisson.com\/fr-be\/wp-json\/wp\/v2\/media\/19290"}],"wp:attachment":[{"href":"https:\/\/www.laboratoires-unisson.com\/fr-be\/wp-json\/wp\/v2\/media?parent=24158"}],"wp:term":[{"taxonomy":"product_brand","embeddable":true,"href":"https:\/\/www.laboratoires-unisson.com\/fr-be\/wp-json\/wp\/v2\/product_brand?post=24158"},{"taxonomy":"product_cat","embeddable":true,"href":"https:\/\/www.laboratoires-unisson.com\/fr-be\/wp-json\/wp\/v2\/product_cat?post=24158"},{"taxonomy":"product_tag","embeddable":true,"href":"https:\/\/www.laboratoires-unisson.com\/fr-be\/wp-json\/wp\/v2\/product_tag?post=24158"}],"curies":[{"name":"wp","href":"https:\/\/api.w.org\/{rel}","templated":true}]}}