{"id":24209,"date":"2022-05-02T15:17:59","date_gmt":"2022-05-02T13:17:59","guid":{"rendered":"https:\/\/www.laboratoires-unisson.com\/produit\/moment-220-bte-rd"},"modified":"2025-12-03T10:08:33","modified_gmt":"2025-12-03T09:08:33","slug":"moment-220-bte-rd","status":"publish","type":"product","link":"https:\/\/www.laboratoires-unisson.com\/fr-be\/produit\/appareils-auditifs\/widex\/moment-220-bte-rd","title":{"rendered":"Moment 220 BTE RD"},"content":{"rendered":"<p>L&#8217;aide auditive Widex Moment 220 BTE RD est un appareil auditif d&#8217;entr\u00e9e de gamme. Il s&#8217;agit d&#8217;un mod\u00e8le en contour d&#8217;oreille (BTE), id\u00e9al pour une perte auditive s\u00e9v\u00e8re \u00e0 profonde.<\/p>\n<h3>Caract\u00e9ristiques du mod\u00e8le Moment 220 BTE RD<\/h3>\n<ul>\n<li>10 canaux de r\u00e9glages<\/li>\n<li>Bouton poussoir<\/li>\n<li>Bobine \u00e0 induction<\/li>\n<li>Certification IP68<\/li>\n<li>Indicateur LED<\/li>\n<li>Connexion Bluetooth ASHA<\/li>\n<li>3 programmes d&#8217;\u00e9coute manuels<\/li>\n<li>Batterie lithium ion<\/li>\n<li>Technologie PureSound &amp; ZeroDelay<\/li>\n<li>R\u00e9ducteur de bruit<\/li>\n<li>R\u00e9ducteur de bruit de niveau faible<\/li>\n<\/ul>\n<h3>Connectivit\u00e9 &amp; streaming<\/h3>\n<p>Cet appareil auditif est dot\u00e9 d&#8217;une <strong>connexion Bluetooth ASHA<\/strong>. Vous pouvez ainsi diffuser directement, \u00e0 la fois pour les appareils Apple et Android, le son de toutes sources Bluetooth.<\/p>\n<h3>Batterie rechargeable<\/h3>\n<p>La gamme d&#8217;appareils Moment BTE RD a \u00e9t\u00e9 sp\u00e9cialement d\u00e9velopp\u00e9e pour r\u00e9pondre aux besoins des porteurs d&#8217;aides auditives les plus exigeants car ils offrent une autonomie vraiment exceptionnelle. Ces aides auditives peuvent offrir <strong>jusqu&#8217;\u00e0 37h d&#8217;autonomie<\/strong> (sans utiliser la fonctionnalit\u00e9 de streaming), soit environ 24h d&#8217;autonomie en les utilisant avec le streaming.<\/p>\n<h3>Technologies PureSound &amp; ZeroDelay<\/h3>\n<p>Tous les appareils auditifs de la gamme Widex Moment utilisent les <strong>technologies PureSond et ZeroDelay<\/strong> pour raccourcir le traitement de l&#8217;aide auditive sur toutes les fr\u00e9quences. Les sons sont mieux trait\u00e9s par votre aide auditive Widex et la compr\u00e9hension de la parole est am\u00e9lior\u00e9e. <strong>Le son est plus naturel !<\/strong><\/p>\n","protected":false},"excerpt":{"rendered":"<p>L&#8217;aide auditive Widex Moment 220 BTE RD est un appareil auditif d&#8217;entr\u00e9e de gamme. Il s&#8217;agit d&#8217;un mod\u00e8le en contour d&#8217;oreille (BTE), id\u00e9al pour une perte auditive s\u00e9v\u00e8re \u00e0 profonde. Caract\u00e9ristiques du mod\u00e8le Moment 220 BTE RD 10 canaux de r\u00e9glages Bouton poussoir Bobine \u00e0 induction Certification IP68 Indicateur LED Connexion Bluetooth ASHA 3 programmes [&hellip;]<\/p>\n","protected":false},"featured_media":19339,"template":"","meta":{"_acf_changed":false},"product_brand":[],"product_cat":[2729],"product_tag":[],"class_list":{"0":"post-24209","1":"product","2":"type-product","3":"status-publish","4":"has-post-thumbnail","6":"product_cat-widex-fr-be","8":"first","9":"instock","10":"taxable","11":"shipping-taxable","12":"purchasable","13":"product-type-simple"},"acf":[],"yoast_head":"<!-- This site is optimized with the Yoast SEO plugin v27.1.1 - https:\/\/yoast.com\/product\/yoast-seo-wordpress\/ -->\n<title>Appareil auditif Widex Moment 220 BTE RD \u00e0 1650\u20ac - Unisson Belgique<\/title>\n<meta name=\"description\" content=\"L&#039;aide auditive Widex Moment 220 BTE RD est un appareil auditif d&#039;entr\u00e9e de gamme. Il s&#039;agit d&#039;un mod\u00e8le en contour d&#039;oreille (BTE), id\u00e9al pour une perte\" \/>\n<meta name=\"robots\" content=\"index, follow, max-snippet:-1, max-image-preview:large, max-video-preview:-1\" \/>\n<link rel=\"canonical\" href=\"https:\/\/www.laboratoires-unisson.com\/fr-be\/wp-json\/wp\/v2\/product\/24209\" \/>\n<meta property=\"og:locale\" content=\"fr_FR\" \/>\n<meta property=\"og:type\" content=\"article\" \/>\n<meta property=\"og:title\" content=\"Moment 220 BTE RD - Laboratoires Unisson\" \/>\n<meta property=\"og:description\" content=\"L&#039;aide auditive Widex Moment 220 BTE RD est un appareil auditif d&#039;entr\u00e9e de gamme. Il s&#039;agit d&#039;un mod\u00e8le en contour d&#039;oreille (BTE), id\u00e9al pour une perte\" \/>\n<meta property=\"og:url\" content=\"https:\/\/www.laboratoires-unisson.com\/fr-be\/produit\/appareils-auditifs\/widex\/moment-220-bte-rd\" \/>\n<meta property=\"og:site_name\" content=\"Laboratoires Unisson\" \/>\n<meta property=\"article:modified_time\" content=\"2025-12-03T09:08:33+00:00\" \/>\n<meta property=\"og:image\" content=\"https:\/\/www.laboratoires-unisson.com\/wp-content\/uploads\/2022\/05\/moment-220-bte-rd.jpg\" \/>\n\t<meta property=\"og:image:width\" content=\"450\" \/>\n\t<meta property=\"og:image:height\" content=\"500\" \/>\n\t<meta property=\"og:image:type\" content=\"image\/jpeg\" \/>\n<meta name=\"twitter:card\" content=\"summary_large_image\" \/>\n<meta name=\"twitter:label1\" content=\"Est. reading time\" \/>\n\t<meta name=\"twitter:data1\" content=\"2 minutes\" \/>\n<script type=\"application\/ld+json\" class=\"yoast-schema-graph\">{\"@context\":\"https:\/\/schema.org\",\"@graph\":[{\"@type\":\"WebPage\",\"@id\":\"https:\/\/www.laboratoires-unisson.com\/fr-be\/produit\/appareils-auditifs\/widex\/moment-220-bte-rd\",\"url\":\"https:\/\/www.laboratoires-unisson.com\/fr-be\/produit\/appareils-auditifs\/widex\/moment-220-bte-rd\",\"name\":\"Moment 220 BTE RD - Laboratoires Unisson\",\"isPartOf\":{\"@id\":\"https:\/\/www.laboratoires-unisson.com\/fr-be#website\"},\"primaryImageOfPage\":{\"@id\":\"https:\/\/www.laboratoires-unisson.com\/fr-be\/produit\/appareils-auditifs\/widex\/moment-220-bte-rd#primaryimage\"},\"image\":{\"@id\":\"https:\/\/www.laboratoires-unisson.com\/fr-be\/produit\/appareils-auditifs\/widex\/moment-220-bte-rd#primaryimage\"},\"thumbnailUrl\":\"https:\/\/www.laboratoires-unisson.com\/wp-content\/uploads\/2022\/05\/moment-220-bte-rd.jpg\",\"datePublished\":\"2022-05-02T13:17:59+00:00\",\"dateModified\":\"2025-12-03T09:08:33+00:00\",\"description\":\"L'aide auditive Widex Moment 220 BTE RD est un appareil auditif d'entr\u00e9e de gamme. Il s'agit d'un mod\u00e8le en contour d'oreille (BTE), id\u00e9al pour une perte\",\"breadcrumb\":{\"@id\":\"https:\/\/www.laboratoires-unisson.com\/fr-be\/produit\/appareils-auditifs\/widex\/moment-220-bte-rd#breadcrumb\"},\"inLanguage\":\"fr-BE\",\"potentialAction\":[{\"@type\":\"ReadAction\",\"target\":[\"https:\/\/www.laboratoires-unisson.com\/fr-be\/produit\/appareils-auditifs\/widex\/moment-220-bte-rd\"]}]},{\"@type\":\"ImageObject\",\"inLanguage\":\"fr-BE\",\"@id\":\"https:\/\/www.laboratoires-unisson.com\/fr-be\/produit\/appareils-auditifs\/widex\/moment-220-bte-rd#primaryimage\",\"url\":\"https:\/\/www.laboratoires-unisson.com\/wp-content\/uploads\/2022\/05\/moment-220-bte-rd.jpg\",\"contentUrl\":\"https:\/\/www.laboratoires-unisson.com\/wp-content\/uploads\/2022\/05\/moment-220-bte-rd.jpg\",\"width\":450,\"height\":500},{\"@type\":\"BreadcrumbList\",\"@id\":\"https:\/\/www.laboratoires-unisson.com\/fr-be\/produit\/appareils-auditifs\/widex\/moment-220-bte-rd#breadcrumb\",\"itemListElement\":[{\"@type\":\"ListItem\",\"position\":1,\"name\":\"Shop\",\"item\":\"https:\/\/www.laboratoires-unisson.com\/fr-be\/shop\"},{\"@type\":\"ListItem\",\"position\":2,\"name\":\"Moment 220 BTE RD\"}]},{\"@type\":\"WebSite\",\"@id\":\"https:\/\/www.laboratoires-unisson.com\/fr-be#website\",\"url\":\"https:\/\/www.laboratoires-unisson.com\/fr-be\",\"name\":\"Laboratoires Unisson\",\"description\":\"Appareil auditif et proth\u00e8se auditive Moins Cher jusqu&#039;\u00e0 -40%\",\"publisher\":{\"@id\":\"https:\/\/www.laboratoires-unisson.com\/fr-be#organization\"},\"potentialAction\":[{\"@type\":\"SearchAction\",\"target\":{\"@type\":\"EntryPoint\",\"urlTemplate\":\"https:\/\/www.laboratoires-unisson.com\/fr-be?s={search_term_string}\"},\"query-input\":{\"@type\":\"PropertyValueSpecification\",\"valueRequired\":true,\"valueName\":\"search_term_string\"}}],\"inLanguage\":\"fr-BE\"},{\"@type\":\"Organization\",\"@id\":\"https:\/\/www.laboratoires-unisson.com\/fr-be#organization\",\"name\":\"Laboratoires Unisson\",\"url\":\"https:\/\/www.laboratoires-unisson.com\/fr-be\",\"logo\":{\"@type\":\"ImageObject\",\"inLanguage\":\"fr-BE\",\"@id\":\"https:\/\/www.laboratoires-unisson.com\/fr-be#\/schema\/logo\/image\/\",\"url\":\"https:\/\/www.laboratoires-unisson.com\/wp-content\/uploads\/2022\/01\/logo-unisson.svg\",\"contentUrl\":\"https:\/\/www.laboratoires-unisson.com\/wp-content\/uploads\/2022\/01\/logo-unisson.svg\",\"width\":1,\"height\":1,\"caption\":\"Laboratoires Unisson\"},\"image\":{\"@id\":\"https:\/\/www.laboratoires-unisson.com\/fr-be#\/schema\/logo\/image\/\"}}]}<\/script>\n<!-- \/ Yoast SEO plugin. -->","yoast_head_json":{"title":"Appareil auditif Widex Moment 220 BTE RD \u00e0 1650\u20ac - Unisson Belgique","description":"L'aide auditive Widex Moment 220 BTE RD est un appareil auditif d'entr\u00e9e de gamme. Il s'agit d'un mod\u00e8le en contour d'oreille (BTE), id\u00e9al pour une perte","robots":{"index":"index","follow":"follow","max-snippet":"max-snippet:-1","max-image-preview":"max-image-preview:large","max-video-preview":"max-video-preview:-1"},"canonical":"https:\/\/www.laboratoires-unisson.com\/fr-be\/wp-json\/wp\/v2\/product\/24209","og_locale":"fr_FR","og_type":"article","og_title":"Moment 220 BTE RD - Laboratoires Unisson","og_description":"L'aide auditive Widex Moment 220 BTE RD est un appareil auditif d'entr\u00e9e de gamme. Il s'agit d'un mod\u00e8le en contour d'oreille (BTE), id\u00e9al pour une perte","og_url":"https:\/\/www.laboratoires-unisson.com\/fr-be\/produit\/appareils-auditifs\/widex\/moment-220-bte-rd","og_site_name":"Laboratoires Unisson","article_modified_time":"2025-12-03T09:08:33+00:00","og_image":[{"width":450,"height":500,"url":"https:\/\/www.laboratoires-unisson.com\/wp-content\/uploads\/2022\/05\/moment-220-bte-rd.jpg","type":"image\/jpeg"}],"twitter_card":"summary_large_image","twitter_misc":{"Est. reading time":"2 minutes"},"schema":{"@context":"https:\/\/schema.org","@graph":[{"@type":"WebPage","@id":"https:\/\/www.laboratoires-unisson.com\/fr-be\/produit\/appareils-auditifs\/widex\/moment-220-bte-rd","url":"https:\/\/www.laboratoires-unisson.com\/fr-be\/produit\/appareils-auditifs\/widex\/moment-220-bte-rd","name":"Moment 220 BTE RD - Laboratoires Unisson","isPartOf":{"@id":"https:\/\/www.laboratoires-unisson.com\/fr-be#website"},"primaryImageOfPage":{"@id":"https:\/\/www.laboratoires-unisson.com\/fr-be\/produit\/appareils-auditifs\/widex\/moment-220-bte-rd#primaryimage"},"image":{"@id":"https:\/\/www.laboratoires-unisson.com\/fr-be\/produit\/appareils-auditifs\/widex\/moment-220-bte-rd#primaryimage"},"thumbnailUrl":"https:\/\/www.laboratoires-unisson.com\/wp-content\/uploads\/2022\/05\/moment-220-bte-rd.jpg","datePublished":"2022-05-02T13:17:59+00:00","dateModified":"2025-12-03T09:08:33+00:00","description":"L'aide auditive Widex Moment 220 BTE RD est un appareil auditif d'entr\u00e9e de gamme. Il s'agit d'un mod\u00e8le en contour d'oreille (BTE), id\u00e9al pour une perte","breadcrumb":{"@id":"https:\/\/www.laboratoires-unisson.com\/fr-be\/produit\/appareils-auditifs\/widex\/moment-220-bte-rd#breadcrumb"},"inLanguage":"fr-BE","potentialAction":[{"@type":"ReadAction","target":["https:\/\/www.laboratoires-unisson.com\/fr-be\/produit\/appareils-auditifs\/widex\/moment-220-bte-rd"]}]},{"@type":"ImageObject","inLanguage":"fr-BE","@id":"https:\/\/www.laboratoires-unisson.com\/fr-be\/produit\/appareils-auditifs\/widex\/moment-220-bte-rd#primaryimage","url":"https:\/\/www.laboratoires-unisson.com\/wp-content\/uploads\/2022\/05\/moment-220-bte-rd.jpg","contentUrl":"https:\/\/www.laboratoires-unisson.com\/wp-content\/uploads\/2022\/05\/moment-220-bte-rd.jpg","width":450,"height":500},{"@type":"BreadcrumbList","@id":"https:\/\/www.laboratoires-unisson.com\/fr-be\/produit\/appareils-auditifs\/widex\/moment-220-bte-rd#breadcrumb","itemListElement":[{"@type":"ListItem","position":1,"name":"Shop","item":"https:\/\/www.laboratoires-unisson.com\/fr-be\/shop"},{"@type":"ListItem","position":2,"name":"Moment 220 BTE RD"}]},{"@type":"WebSite","@id":"https:\/\/www.laboratoires-unisson.com\/fr-be#website","url":"https:\/\/www.laboratoires-unisson.com\/fr-be","name":"Laboratoires Unisson","description":"Appareil auditif et proth\u00e8se auditive Moins Cher jusqu&#039;\u00e0 -40%","publisher":{"@id":"https:\/\/www.laboratoires-unisson.com\/fr-be#organization"},"potentialAction":[{"@type":"SearchAction","target":{"@type":"EntryPoint","urlTemplate":"https:\/\/www.laboratoires-unisson.com\/fr-be?s={search_term_string}"},"query-input":{"@type":"PropertyValueSpecification","valueRequired":true,"valueName":"search_term_string"}}],"inLanguage":"fr-BE"},{"@type":"Organization","@id":"https:\/\/www.laboratoires-unisson.com\/fr-be#organization","name":"Laboratoires Unisson","url":"https:\/\/www.laboratoires-unisson.com\/fr-be","logo":{"@type":"ImageObject","inLanguage":"fr-BE","@id":"https:\/\/www.laboratoires-unisson.com\/fr-be#\/schema\/logo\/image\/","url":"https:\/\/www.laboratoires-unisson.com\/wp-content\/uploads\/2022\/01\/logo-unisson.svg","contentUrl":"https:\/\/www.laboratoires-unisson.com\/wp-content\/uploads\/2022\/01\/logo-unisson.svg","width":1,"height":1,"caption":"Laboratoires Unisson"},"image":{"@id":"https:\/\/www.laboratoires-unisson.com\/fr-be#\/schema\/logo\/image\/"}}]}},"_links":{"self":[{"href":"https:\/\/www.laboratoires-unisson.com\/fr-be\/wp-json\/wp\/v2\/product\/24209","targetHints":{"allow":["GET"]}}],"collection":[{"href":"https:\/\/www.laboratoires-unisson.com\/fr-be\/wp-json\/wp\/v2\/product"}],"about":[{"href":"https:\/\/www.laboratoires-unisson.com\/fr-be\/wp-json\/wp\/v2\/types\/product"}],"wp:featuredmedia":[{"embeddable":true,"href":"https:\/\/www.laboratoires-unisson.com\/fr-be\/wp-json\/wp\/v2\/media\/19339"}],"wp:attachment":[{"href":"https:\/\/www.laboratoires-unisson.com\/fr-be\/wp-json\/wp\/v2\/media?parent=24209"}],"wp:term":[{"taxonomy":"product_brand","embeddable":true,"href":"https:\/\/www.laboratoires-unisson.com\/fr-be\/wp-json\/wp\/v2\/product_brand?post=24209"},{"taxonomy":"product_cat","embeddable":true,"href":"https:\/\/www.laboratoires-unisson.com\/fr-be\/wp-json\/wp\/v2\/product_cat?post=24209"},{"taxonomy":"product_tag","embeddable":true,"href":"https:\/\/www.laboratoires-unisson.com\/fr-be\/wp-json\/wp\/v2\/product_tag?post=24209"}],"curies":[{"name":"wp","href":"https:\/\/api.w.org\/{rel}","templated":true}]}}