{"id":24214,"date":"2022-08-09T12:33:54","date_gmt":"2022-08-09T10:33:54","guid":{"rendered":"https:\/\/www.laboratoires-unisson.com\/produit\/virto-paradise-p90-312"},"modified":"2025-12-03T10:08:35","modified_gmt":"2025-12-03T09:08:35","slug":"virto-paradise-p90-312","status":"publish","type":"product","link":"https:\/\/www.laboratoires-unisson.com\/fr-be\/produit\/appareils-auditifs\/phonak\/virto-paradise-p90-312","title":{"rendered":"Virto Paradise P90 312"},"content":{"rendered":"<p><span style=\"font-weight: 400;\">Au printemps 2022, Phonak a sorti ses <a href=\"https:\/\/www.laboratoires-unisson.com\/fr-be\/appareils-auditifs\/types\/intra-cic\">aides auditives intra-auriculaires<\/a>, Virto Paradise P 312. Ces aides auditives r\u00e9alis\u00e9es sur-mesure conviennent pour des pertes auditives l\u00e9g\u00e8res \u00e0 s\u00e9v\u00e8res.<\/span><\/p>\n<p><span style=\"font-weight: 400;\">Le mod\u00e8le Virto P90 312 est l\u2019appareil intra-auriculaire haut de gamme de la famille Virto. <strong>Il inclut toutes les technologies premium de la puce Paradise<\/strong>.<\/span><\/p>\n<h3><strong>Pr\u00e9sentation de l\u2019aide auditive Phonak Virto P90 312<\/strong><\/h3>\n<p><span style=\"font-weight: 400;\">L\u2019appareil auditif Virto P90 312 est une aide auditive sur-mesure esth\u00e9tiquement attrayante. Elle poss\u00e8de 20 canaux de r\u00e9glages et 64 bandes de filtrage. Elle est aliment\u00e9e par une pile auditive 312 qui offre un excellent compromis entre performances, autonomie et discr\u00e9tion.\u00a0<\/span><\/p>\n<p><span style=\"font-weight: 400;\">Elle dispose de toutes les meilleures technologies de la gamme Paradise et des applications intelligentes :<\/span><\/p>\n<ul>\n<li style=\"font-weight: 400;\" aria-level=\"1\"><span style=\"font-weight: 400;\">AutoSense OS 4.0<\/span><\/li>\n<li style=\"font-weight: 400;\" aria-level=\"1\"><span style=\"font-weight: 400;\">suppression dynamique du bruit<\/span><\/li>\n<li style=\"font-weight: 400;\" aria-level=\"1\"><span style=\"font-weight: 400;\">Gestion du vent<\/span><\/li>\n<li style=\"font-weight: 400;\" aria-level=\"1\"><span style=\"font-weight: 400;\">renforcement de la parole<\/span><\/li>\n<li style=\"font-weight: 400;\" aria-level=\"1\"><span style=\"font-weight: 400;\">r\u00e9ducteur de bruit<\/span><\/li>\n<li style=\"font-weight: 400;\" aria-level=\"1\"><span style=\"font-weight: 400;\">r\u00e9ducteur de bruit d\u2019impact<\/span><\/li>\n<li style=\"font-weight: 400;\" aria-level=\"1\"><span style=\"font-weight: 400;\">localisation du bruit<\/span><\/li>\n<li style=\"font-weight: 400;\" aria-level=\"1\"><span style=\"font-weight: 400;\">traitement binaurale<\/span><\/li>\n<li style=\"font-weight: 400;\" aria-level=\"1\"><span style=\"font-weight: 400;\">r\u00e9glages \u00e0 distance<\/span><\/li>\n<li style=\"font-weight: 400;\" aria-level=\"1\"><span style=\"font-weight: 400;\">gestionnaire d\u2019acouph\u00e8nes<\/span><\/li>\n<li style=\"font-weight: 400;\" aria-level=\"1\"><span style=\"font-weight: 400;\">etc.<\/span><\/li>\n<\/ul>\n<p><span style=\"font-weight: 400;\">Il existe 6 coloris diff\u00e9rents pour ce mod\u00e8le.<\/span><\/p>\n<h3><strong>Connectivit\u00e9 et accessoires des appareils auditifs Phonak Virto Paradise P90 312<\/strong><\/h3>\n<p><span style=\"font-weight: 400;\">Ces audioproth\u00e8ses disposent d\u2019une connexion Bluetooth qui permet de relier vos appareils auditifs \u00e0 votre smartphone, tablette, ordinateur et t\u00e9l\u00e9vision.<\/span><\/p>\n<p><span style=\"font-weight: 400;\">Elles offrent une connectivit\u00e9 universelle vous permettant de vous connecter aussi bien sur iPhone que Android.<\/span><\/p>\n<p><span style=\"font-weight: 400;\">Gr\u00e2ce aux appareils auditifs Virto Paradise P90 312 vous pourrez passer vos appels en mode mains libres.<\/span><\/p>\n<p><span style=\"font-weight: 400;\">Pour enrichir votre exp\u00e9rience auditive, des accessoires sont compatibles avec ces audioproth\u00e8ses :<\/span><\/p>\n<ul>\n<li style=\"font-weight: 400;\" aria-level=\"1\"><span style=\"font-weight: 400;\">PartnerMic<\/span><\/li>\n<li style=\"font-weight: 400;\" aria-level=\"1\"><span style=\"font-weight: 400;\">Roger Table Mic<\/span><\/li>\n<li style=\"font-weight: 400;\" aria-level=\"1\"><span style=\"font-weight: 400;\">Roger On,\u00a0<\/span><\/li>\n<li style=\"font-weight: 400;\" aria-level=\"1\"><span style=\"font-weight: 400;\">Roger Select<\/span><\/li>\n<li style=\"font-weight: 400;\" aria-level=\"1\"><span style=\"font-weight: 400;\">Roger TouchScreen<\/span><\/li>\n<li style=\"font-weight: 400;\" aria-level=\"1\"><span style=\"font-weight: 400;\">TV Connector<\/span><\/li>\n<li style=\"font-weight: 400;\" aria-level=\"1\"><span style=\"font-weight: 400;\">Remote Control<\/span><\/li>\n<\/ul>\n<h3><strong>Prix de l\u2019aide auditive Phonak Virto P90 312<\/strong><\/h3>\n<p><span style=\"font-weight: 400;\">Le <a href=\"https:\/\/www.laboratoires-unisson.com\/fr-be\/appareils-auditifs\/prix\">prix de nos appareils auditifs est le moins cher<\/a> de France. Unisson milite pour que chacun d\u2019entre vous puisse avoir acc\u00e8s au meilleur de la technologie auditive sans vous ruiner.<\/span><\/p>\n<p><span style=\"font-weight: 400;\">Avant d\u2019opter pour ce mod\u00e8le, nous vous proposons gratuitement et sans engagement un essai de 30 jours. Pour b\u00e9n\u00e9ficier de cet essai, <a href=\"https:\/\/www.laboratoires-unisson.com\/fr-be\/rdv\">prenez rendez-vous<\/a> d\u00e8s maintenant.<\/span><\/p>\n","protected":false},"excerpt":{"rendered":"<p>Au printemps 2022, Phonak a sorti ses aides auditives intra-auriculaires, Virto Paradise P 312. Ces aides auditives r\u00e9alis\u00e9es sur-mesure conviennent pour des pertes auditives l\u00e9g\u00e8res \u00e0 s\u00e9v\u00e8res. Le mod\u00e8le Virto P90 312 est l\u2019appareil intra-auriculaire haut de gamme de la famille Virto. Il inclut toutes les technologies premium de la puce Paradise. Pr\u00e9sentation de l\u2019aide [&hellip;]<\/p>\n","protected":false},"featured_media":20247,"template":"","meta":{"_acf_changed":false},"product_brand":[],"product_cat":[2574],"product_tag":[],"class_list":{"0":"post-24214","1":"product","2":"type-product","3":"status-publish","4":"has-post-thumbnail","6":"product_cat-phonak-fr-be","8":"first","9":"instock","10":"taxable","11":"shipping-taxable","12":"purchasable","13":"product-type-simple"},"acf":[],"yoast_head":"<!-- This site is optimized with the Yoast SEO plugin v27.1.1 - https:\/\/yoast.com\/product\/yoast-seo-wordpress\/ -->\n<title>Appareil auditif Phonak Virto Paradise P90 312 \u00e0 2100\u20ac - Unisson Belgique<\/title>\n<meta name=\"description\" content=\"Au printemps 2022, Phonak a sorti ses aides auditives intra-auriculaires, Virto Paradise P 312. Ces aides auditives r\u00e9alis\u00e9es sur-mesure conviennent pour\" \/>\n<meta name=\"robots\" content=\"index, follow, max-snippet:-1, max-image-preview:large, max-video-preview:-1\" \/>\n<link rel=\"canonical\" href=\"https:\/\/www.laboratoires-unisson.com\/fr-be\/wp-json\/wp\/v2\/product\/24214\" \/>\n<meta property=\"og:locale\" content=\"fr_FR\" \/>\n<meta property=\"og:type\" content=\"article\" \/>\n<meta property=\"og:title\" content=\"Appareil auditif Phonak Virto Paradise P90 312 \u00e0 2100\u20ac - Unisson\" \/>\n<meta property=\"og:description\" content=\"Au printemps 2022, Phonak a sorti ses aides auditives intra-auriculaires, Virto Paradise P 312. Ces aides auditives r\u00e9alis\u00e9es sur-mesure conviennent pour\" \/>\n<meta property=\"og:url\" content=\"https:\/\/www.laboratoires-unisson.com\/fr-be\/produit\/appareils-auditifs\/phonak\/virto-paradise-p90-312\" \/>\n<meta property=\"og:site_name\" content=\"Laboratoires Unisson\" \/>\n<meta property=\"article:modified_time\" content=\"2025-12-03T09:08:35+00:00\" \/>\n<meta property=\"og:image\" content=\"https:\/\/www.laboratoires-unisson.com\/wp-content\/uploads\/2022\/08\/phonak-virto-paradise-p90-312.webp\" \/>\n\t<meta property=\"og:image:width\" content=\"600\" \/>\n\t<meta property=\"og:image:height\" content=\"600\" \/>\n\t<meta property=\"og:image:type\" content=\"image\/webp\" \/>\n<meta name=\"twitter:card\" content=\"summary_large_image\" \/>\n<meta name=\"twitter:label1\" content=\"Est. reading time\" \/>\n\t<meta name=\"twitter:data1\" content=\"2 minutes\" \/>\n<script type=\"application\/ld+json\" class=\"yoast-schema-graph\">{\"@context\":\"https:\/\/schema.org\",\"@graph\":[{\"@type\":\"WebPage\",\"@id\":\"https:\/\/www.laboratoires-unisson.com\/fr-be\/produit\/appareils-auditifs\/phonak\/virto-paradise-p90-312\",\"url\":\"https:\/\/www.laboratoires-unisson.com\/fr-be\/produit\/appareils-auditifs\/phonak\/virto-paradise-p90-312\",\"name\":\"Appareil auditif Phonak Virto Paradise P90 312 \u00e0 2100\u20ac - Unisson\",\"isPartOf\":{\"@id\":\"https:\/\/www.laboratoires-unisson.com\/fr-be#website\"},\"primaryImageOfPage\":{\"@id\":\"https:\/\/www.laboratoires-unisson.com\/fr-be\/produit\/appareils-auditifs\/phonak\/virto-paradise-p90-312#primaryimage\"},\"image\":{\"@id\":\"https:\/\/www.laboratoires-unisson.com\/fr-be\/produit\/appareils-auditifs\/phonak\/virto-paradise-p90-312#primaryimage\"},\"thumbnailUrl\":\"https:\/\/www.laboratoires-unisson.com\/wp-content\/uploads\/2022\/08\/phonak-virto-paradise-p90-312.webp\",\"datePublished\":\"2022-08-09T10:33:54+00:00\",\"dateModified\":\"2025-12-03T09:08:35+00:00\",\"description\":\"Au printemps 2022, Phonak a sorti ses aides auditives intra-auriculaires, Virto Paradise P 312. Ces aides auditives r\u00e9alis\u00e9es sur-mesure conviennent pour\",\"breadcrumb\":{\"@id\":\"https:\/\/www.laboratoires-unisson.com\/fr-be\/produit\/appareils-auditifs\/phonak\/virto-paradise-p90-312#breadcrumb\"},\"inLanguage\":\"fr-BE\",\"potentialAction\":[{\"@type\":\"ReadAction\",\"target\":[\"https:\/\/www.laboratoires-unisson.com\/fr-be\/produit\/appareils-auditifs\/phonak\/virto-paradise-p90-312\"]}]},{\"@type\":\"ImageObject\",\"inLanguage\":\"fr-BE\",\"@id\":\"https:\/\/www.laboratoires-unisson.com\/fr-be\/produit\/appareils-auditifs\/phonak\/virto-paradise-p90-312#primaryimage\",\"url\":\"https:\/\/www.laboratoires-unisson.com\/wp-content\/uploads\/2022\/08\/phonak-virto-paradise-p90-312.webp\",\"contentUrl\":\"https:\/\/www.laboratoires-unisson.com\/wp-content\/uploads\/2022\/08\/phonak-virto-paradise-p90-312.webp\",\"width\":600,\"height\":600},{\"@type\":\"BreadcrumbList\",\"@id\":\"https:\/\/www.laboratoires-unisson.com\/fr-be\/produit\/appareils-auditifs\/phonak\/virto-paradise-p90-312#breadcrumb\",\"itemListElement\":[{\"@type\":\"ListItem\",\"position\":1,\"name\":\"Shop\",\"item\":\"https:\/\/www.laboratoires-unisson.com\/fr-be\/shop\"},{\"@type\":\"ListItem\",\"position\":2,\"name\":\"Virto Paradise P90 312\"}]},{\"@type\":\"WebSite\",\"@id\":\"https:\/\/www.laboratoires-unisson.com\/fr-be#website\",\"url\":\"https:\/\/www.laboratoires-unisson.com\/fr-be\",\"name\":\"Laboratoires Unisson\",\"description\":\"Appareil auditif et proth\u00e8se auditive Moins Cher jusqu&#039;\u00e0 -40%\",\"publisher\":{\"@id\":\"https:\/\/www.laboratoires-unisson.com\/fr-be#organization\"},\"potentialAction\":[{\"@type\":\"SearchAction\",\"target\":{\"@type\":\"EntryPoint\",\"urlTemplate\":\"https:\/\/www.laboratoires-unisson.com\/fr-be?s={search_term_string}\"},\"query-input\":{\"@type\":\"PropertyValueSpecification\",\"valueRequired\":true,\"valueName\":\"search_term_string\"}}],\"inLanguage\":\"fr-BE\"},{\"@type\":\"Organization\",\"@id\":\"https:\/\/www.laboratoires-unisson.com\/fr-be#organization\",\"name\":\"Laboratoires Unisson\",\"url\":\"https:\/\/www.laboratoires-unisson.com\/fr-be\",\"logo\":{\"@type\":\"ImageObject\",\"inLanguage\":\"fr-BE\",\"@id\":\"https:\/\/www.laboratoires-unisson.com\/fr-be#\/schema\/logo\/image\/\",\"url\":\"https:\/\/www.laboratoires-unisson.com\/wp-content\/uploads\/2022\/01\/logo-unisson.svg\",\"contentUrl\":\"https:\/\/www.laboratoires-unisson.com\/wp-content\/uploads\/2022\/01\/logo-unisson.svg\",\"width\":1,\"height\":1,\"caption\":\"Laboratoires Unisson\"},\"image\":{\"@id\":\"https:\/\/www.laboratoires-unisson.com\/fr-be#\/schema\/logo\/image\/\"}}]}<\/script>\n<!-- \/ Yoast SEO plugin. -->","yoast_head_json":{"title":"Appareil auditif Phonak Virto Paradise P90 312 \u00e0 2100\u20ac - Unisson Belgique","description":"Au printemps 2022, Phonak a sorti ses aides auditives intra-auriculaires, Virto Paradise P 312. Ces aides auditives r\u00e9alis\u00e9es sur-mesure conviennent pour","robots":{"index":"index","follow":"follow","max-snippet":"max-snippet:-1","max-image-preview":"max-image-preview:large","max-video-preview":"max-video-preview:-1"},"canonical":"https:\/\/www.laboratoires-unisson.com\/fr-be\/wp-json\/wp\/v2\/product\/24214","og_locale":"fr_FR","og_type":"article","og_title":"Appareil auditif Phonak Virto Paradise P90 312 \u00e0 2100\u20ac - Unisson","og_description":"Au printemps 2022, Phonak a sorti ses aides auditives intra-auriculaires, Virto Paradise P 312. Ces aides auditives r\u00e9alis\u00e9es sur-mesure conviennent pour","og_url":"https:\/\/www.laboratoires-unisson.com\/fr-be\/produit\/appareils-auditifs\/phonak\/virto-paradise-p90-312","og_site_name":"Laboratoires Unisson","article_modified_time":"2025-12-03T09:08:35+00:00","og_image":[{"width":600,"height":600,"url":"https:\/\/www.laboratoires-unisson.com\/wp-content\/uploads\/2022\/08\/phonak-virto-paradise-p90-312.webp","type":"image\/webp"}],"twitter_card":"summary_large_image","twitter_misc":{"Est. reading time":"2 minutes"},"schema":{"@context":"https:\/\/schema.org","@graph":[{"@type":"WebPage","@id":"https:\/\/www.laboratoires-unisson.com\/fr-be\/produit\/appareils-auditifs\/phonak\/virto-paradise-p90-312","url":"https:\/\/www.laboratoires-unisson.com\/fr-be\/produit\/appareils-auditifs\/phonak\/virto-paradise-p90-312","name":"Appareil auditif Phonak Virto Paradise P90 312 \u00e0 2100\u20ac - Unisson","isPartOf":{"@id":"https:\/\/www.laboratoires-unisson.com\/fr-be#website"},"primaryImageOfPage":{"@id":"https:\/\/www.laboratoires-unisson.com\/fr-be\/produit\/appareils-auditifs\/phonak\/virto-paradise-p90-312#primaryimage"},"image":{"@id":"https:\/\/www.laboratoires-unisson.com\/fr-be\/produit\/appareils-auditifs\/phonak\/virto-paradise-p90-312#primaryimage"},"thumbnailUrl":"https:\/\/www.laboratoires-unisson.com\/wp-content\/uploads\/2022\/08\/phonak-virto-paradise-p90-312.webp","datePublished":"2022-08-09T10:33:54+00:00","dateModified":"2025-12-03T09:08:35+00:00","description":"Au printemps 2022, Phonak a sorti ses aides auditives intra-auriculaires, Virto Paradise P 312. Ces aides auditives r\u00e9alis\u00e9es sur-mesure conviennent pour","breadcrumb":{"@id":"https:\/\/www.laboratoires-unisson.com\/fr-be\/produit\/appareils-auditifs\/phonak\/virto-paradise-p90-312#breadcrumb"},"inLanguage":"fr-BE","potentialAction":[{"@type":"ReadAction","target":["https:\/\/www.laboratoires-unisson.com\/fr-be\/produit\/appareils-auditifs\/phonak\/virto-paradise-p90-312"]}]},{"@type":"ImageObject","inLanguage":"fr-BE","@id":"https:\/\/www.laboratoires-unisson.com\/fr-be\/produit\/appareils-auditifs\/phonak\/virto-paradise-p90-312#primaryimage","url":"https:\/\/www.laboratoires-unisson.com\/wp-content\/uploads\/2022\/08\/phonak-virto-paradise-p90-312.webp","contentUrl":"https:\/\/www.laboratoires-unisson.com\/wp-content\/uploads\/2022\/08\/phonak-virto-paradise-p90-312.webp","width":600,"height":600},{"@type":"BreadcrumbList","@id":"https:\/\/www.laboratoires-unisson.com\/fr-be\/produit\/appareils-auditifs\/phonak\/virto-paradise-p90-312#breadcrumb","itemListElement":[{"@type":"ListItem","position":1,"name":"Shop","item":"https:\/\/www.laboratoires-unisson.com\/fr-be\/shop"},{"@type":"ListItem","position":2,"name":"Virto Paradise P90 312"}]},{"@type":"WebSite","@id":"https:\/\/www.laboratoires-unisson.com\/fr-be#website","url":"https:\/\/www.laboratoires-unisson.com\/fr-be","name":"Laboratoires Unisson","description":"Appareil auditif et proth\u00e8se auditive Moins Cher jusqu&#039;\u00e0 -40%","publisher":{"@id":"https:\/\/www.laboratoires-unisson.com\/fr-be#organization"},"potentialAction":[{"@type":"SearchAction","target":{"@type":"EntryPoint","urlTemplate":"https:\/\/www.laboratoires-unisson.com\/fr-be?s={search_term_string}"},"query-input":{"@type":"PropertyValueSpecification","valueRequired":true,"valueName":"search_term_string"}}],"inLanguage":"fr-BE"},{"@type":"Organization","@id":"https:\/\/www.laboratoires-unisson.com\/fr-be#organization","name":"Laboratoires Unisson","url":"https:\/\/www.laboratoires-unisson.com\/fr-be","logo":{"@type":"ImageObject","inLanguage":"fr-BE","@id":"https:\/\/www.laboratoires-unisson.com\/fr-be#\/schema\/logo\/image\/","url":"https:\/\/www.laboratoires-unisson.com\/wp-content\/uploads\/2022\/01\/logo-unisson.svg","contentUrl":"https:\/\/www.laboratoires-unisson.com\/wp-content\/uploads\/2022\/01\/logo-unisson.svg","width":1,"height":1,"caption":"Laboratoires Unisson"},"image":{"@id":"https:\/\/www.laboratoires-unisson.com\/fr-be#\/schema\/logo\/image\/"}}]}},"_links":{"self":[{"href":"https:\/\/www.laboratoires-unisson.com\/fr-be\/wp-json\/wp\/v2\/product\/24214","targetHints":{"allow":["GET"]}}],"collection":[{"href":"https:\/\/www.laboratoires-unisson.com\/fr-be\/wp-json\/wp\/v2\/product"}],"about":[{"href":"https:\/\/www.laboratoires-unisson.com\/fr-be\/wp-json\/wp\/v2\/types\/product"}],"wp:featuredmedia":[{"embeddable":true,"href":"https:\/\/www.laboratoires-unisson.com\/fr-be\/wp-json\/wp\/v2\/media\/20247"}],"wp:attachment":[{"href":"https:\/\/www.laboratoires-unisson.com\/fr-be\/wp-json\/wp\/v2\/media?parent=24214"}],"wp:term":[{"taxonomy":"product_brand","embeddable":true,"href":"https:\/\/www.laboratoires-unisson.com\/fr-be\/wp-json\/wp\/v2\/product_brand?post=24214"},{"taxonomy":"product_cat","embeddable":true,"href":"https:\/\/www.laboratoires-unisson.com\/fr-be\/wp-json\/wp\/v2\/product_cat?post=24214"},{"taxonomy":"product_tag","embeddable":true,"href":"https:\/\/www.laboratoires-unisson.com\/fr-be\/wp-json\/wp\/v2\/product_tag?post=24214"}],"curies":[{"name":"wp","href":"https:\/\/api.w.org\/{rel}","templated":true}]}}