{"id":24228,"date":"2022-05-10T09:27:37","date_gmt":"2022-05-10T07:27:37","guid":{"rendered":"https:\/\/www.laboratoires-unisson.com\/produit\/pure-7x"},"modified":"2025-12-03T10:08:40","modified_gmt":"2025-12-03T09:08:40","slug":"pure-7x","status":"publish","type":"product","link":"https:\/\/www.laboratoires-unisson.com\/fr-be\/produit\/appareils-auditifs\/signia\/pure-7x","title":{"rendered":"Pure 7X"},"content":{"rendered":"<p>Signia (solutions auditives de la marque Siemens) marque cette fin d&#8217;ann\u00e9e 2019 avec son n<strong>ouveau contour d&#8217;oreille, le Pure 7X 312<\/strong>. Avec ses <strong>48 canaux fr\u00e9quentiels<\/strong> et ces <strong>6 programmes personnalisables<\/strong>, l&#8217;aide auditive\u00a0Pure 7X 312 vous promet une \u00e9coute la plus fid\u00e8le possible de votre environnement sonore.<\/p>\n<h4>Pr\u00e9sentation de l&#8217;aide auditive Pure 7X 312 de\u00a0Signia<\/h4>\n<p>Cette aide auditive fonctionne avec des <strong>piles 312<\/strong> et offre 70h d&#8217;autonomie <em>(environ 6 jours)<\/em>. <strong>Son design est plus discret et son boitier est certifi\u00e9 IP68<\/strong>. Il est \u00e9galement \u00e9quip\u00e9 d&#8217;une <strong>bobine T<\/strong> <em>(capteur de boucle magn\u00e9tique)<\/em> pour un confort suppl\u00e9mentaire dans les espaces publics.<\/p>\n<h4>Les technologies du Pure 7X 312<\/h4>\n<p><u><strong>La nouvelle puce Xp\u00e9rience<\/strong><\/u><\/p>\n<p><strong>Avec la puce Xp\u00e9rience,\u00a0Signia s&#8217;engage \u00e0 ne pas faire de compromis entre la personne qui se trouve en face de l&#8217;utilisateur et le bruit environnant.<\/strong> Le but \u00e9tant que ces deux signaux soient entendus par le patient mais intensifi\u00e9s de fa\u00e7on diff\u00e9rente. Pour se faire, Signia met en place des <strong>algorithmes qui reconnaissent le bruit<\/strong> <strong>pour le diminuer plus efficacement<\/strong>. Cela met en avant l&#8217;importance de traiter le bruit avec pertinence. De plus, l&#8217;appareil auditif\u00a0Pure 7 X 312 poss\u00e8de <strong>deux microphones<\/strong> <strong>pour une captation du son \u00e0 360\u00b0<\/strong>.<\/p>\n<p><u><strong>La technologie YourSound<\/strong><\/u><\/p>\n<p><strong>La technologie YourSound analyse les fr\u00e9quences de la parole en m\u00eame temps qu&#8217;elle analyse le bruit de fond<\/strong>. Cela permet de parfaitement comprendre les personnes qui parlent dans un environnement sonore &#8220;intelligemment&#8221; diminu\u00e9. Le Pure 7 X 312 int\u00e8gre des <strong>capteurs de mouvements acoustiques<\/strong> qui d\u00e9tectent si l&#8217;utilisateur est en mouvement ou pas. De plus, l&#8217;aide auditive Pure 7X 312 a sept fois plus de m\u00e9moire pour pouvoir ajouter <strong>127 sc\u00e9narios de situations d&#8217;\u00e9coutes<\/strong> <strong>diff\u00e9rentes<\/strong>. Par exemple, cette aide auditive sera diff\u00e9rencier un bruit de restaurant d&#8217;un bruit de rue (par exemple). En ce sens, il pourra apporter\u00a0de fa\u00e7on personnalis\u00e9e en fonction de l&#8217;environnement dans lequel vous vous trouvez, le gain dont vous aurez besoin.<\/p>\n<h4>Connectivit\u00e9 et accessoires<\/h4>\n<p>L&#8217;appareil auditif Pure 7X 312 est compatible avec 3 accessoires :<\/p>\n<ul>\n<li>le <strong>Streamline TV<\/strong> : recevez vos programmes directement dans vos appareils avec le boitier TV<\/li>\n<li>le <strong>Streamline MIC<\/strong> : il s&#8217;agit d&#8217;un microphone permettant de recevoir le son de votre interlocuteur ou du t\u00e9l\u00e9phone directement vos aides auditives<\/li>\n<li>la <strong>Minipocket<\/strong> : cette t\u00e9l\u00e9commande vous permet de piloter vos appareils auditifs (volume, changement de programmes etc&#8230;)<\/li>\n<\/ul>\n<p>Les appareils auditifs 7X 312 sont <strong>Made for Iphone<\/strong>. Vous entendez le son de vos conversations t\u00e9l\u00e9phoniques et multim\u00e9dias directement dans vos aides auditives. Elles sont \u00e9galement compatibles avec l&#8217;<strong>application Signia App<\/strong>, disponible sur Android et Apple Store. Elle permet, comme une t\u00e9l\u00e9commande, de g\u00e9rer le volume, la balance grave\/aigu\u00eb, et l&#8217;orientation des microphones de vos appareils.<\/p>\n<p>Disponible en 10 couleurs.<\/p>\n<p><strong>Envie de tester l&#8217;appareil auditif Signia Pure 312 7X\u00a0? Prenez rendez-vous directement sur notre site.<\/strong>\u00a0Vous serez re\u00e7u par l&#8217;un de nos audioproth\u00e9sistes qui conseillera une solution adapt\u00e9e \u00e0 vos besoins et \u00e0 votre audition. Si vous avez d\u00e9j\u00e0 une prescription m\u00e9dicale, vous aurez la possibilit\u00e9 d&#8217;effectuer un essai gratuit d&#8217;un mois.<\/p>\n<p style=\"text-align: center;\"><a class=\"btn btn-default btn-xs bg-green\" href=\"https:\/\/www.laboratoires-unisson.com\/fr-be\/rdv\">Prendre un rendez-vous gratuit<\/a><\/p>\n<h4>Fonctionnalit\u00e9s du Pure 7X 312<\/h4>\n<ul>\n<li>YourSound : capteurs de mouvements int\u00e9gr\u00e9s<\/li>\n<li>OVP\u2122 (Own Voice Processing) : reconnaissance en temps r\u00e9el de la voix de l\u2019utilisateur pour d\u00e9livrer une perception naturelle de sa propre voix<\/li>\n<li>20 canaux de r\u00e9glage du gain \/ 48 bandes de traitement du signal<\/li>\n<li>6 programmes manuels<\/li>\n<li>Bande de fr\u00e9quence \u00e9largie \u00e0 12kHZ<\/li>\n<li>EchoShield : r\u00e9ducteur de bruit pour situation avec r\u00e9verb\u00e9ration<\/li>\n<li>eWindScreen : \u00e9limination des bruits du vent<\/li>\n<li>Speech and Noise &amp; Soundsmoothing pour la r\u00e9duction du bruit<\/li>\n<li>Programme t\u00e9l\u00e9phone binaural (Twinphone)<\/li>\n<li>SpeechFocus<\/li>\n<li>Spatial SpeechFocus<\/li>\n<li>Connectivit\u00e9 Bluetooth<\/li>\n<li>Certifi\u00e9 IP68 <em>(\u00e9tanch\u00e9it\u00e9)<\/em><\/li>\n<li>Streaming audio direct (iPhone)<\/li>\n<li>R\u00e9glages \u00e0 distance (Telecare)<\/li>\n<li>Application mobile Signia App<\/li>\n<li>Tinnitus pour la th\u00e9rapie des acouph\u00e8nes<\/li>\n<li>Bobine T<\/li>\n<\/ul>\n","protected":false},"excerpt":{"rendered":"<p>Signia (solutions auditives de la marque Siemens) marque cette fin d&#8217;ann\u00e9e 2019 avec son nouveau contour d&#8217;oreille, le Pure 7X 312. Avec ses 48 canaux fr\u00e9quentiels et ces 6 programmes personnalisables, l&#8217;aide auditive\u00a0Pure 7X 312 vous promet une \u00e9coute la plus fid\u00e8le possible de votre environnement sonore. Pr\u00e9sentation de l&#8217;aide auditive Pure 7X 312 de\u00a0Signia [&hellip;]<\/p>\n","protected":false},"featured_media":20836,"template":"","meta":{"_acf_changed":false},"product_brand":[],"product_cat":[2684,2830],"product_tag":[],"class_list":{"0":"post-24228","1":"product","2":"type-product","3":"status-publish","4":"has-post-thumbnail","6":"product_cat-offre-premium-fr-be","7":"product_cat-signia-fr-be","9":"first","10":"instock","11":"taxable","12":"shipping-taxable","13":"purchasable","14":"product-type-simple"},"acf":[],"yoast_head":"<!-- This site is optimized with the Yoast SEO plugin v27.1.1 - https:\/\/yoast.com\/product\/yoast-seo-wordpress\/ -->\n<title>Appareil auditif Signia Pure 7X \u00e0 1900\u20ac - Unisson Belgique<\/title>\n<meta name=\"description\" content=\"Signia (solutions auditives de la marque Siemens) marque cette fin d&#039;ann\u00e9e 2019 avec son nouveau contour d&#039;oreille, le Pure 7X 312. Avec ses 48 canaux\" \/>\n<meta name=\"robots\" content=\"index, follow, max-snippet:-1, max-image-preview:large, max-video-preview:-1\" \/>\n<link rel=\"canonical\" href=\"https:\/\/www.laboratoires-unisson.com\/fr-be\/wp-json\/wp\/v2\/product\/24228\" \/>\n<meta property=\"og:locale\" content=\"fr_FR\" \/>\n<meta property=\"og:type\" content=\"article\" \/>\n<meta property=\"og:title\" content=\"Pure 7X - Laboratoires Unisson\" \/>\n<meta property=\"og:description\" content=\"Signia (solutions auditives de la marque Siemens) marque cette fin d&#039;ann\u00e9e 2019 avec son nouveau contour d&#039;oreille, le Pure 7X 312. Avec ses 48 canaux\" \/>\n<meta property=\"og:url\" content=\"https:\/\/www.laboratoires-unisson.com\/fr-be\/produit\/appareils-auditifs\/signia\/pure-7x\" \/>\n<meta property=\"og:site_name\" content=\"Laboratoires Unisson\" \/>\n<meta property=\"article:modified_time\" content=\"2025-12-03T09:08:40+00:00\" \/>\n<meta property=\"og:image\" content=\"https:\/\/www.laboratoires-unisson.com\/wp-content\/uploads\/2022\/05\/Signia-Pure-7X.png\" \/>\n\t<meta property=\"og:image:width\" content=\"450\" \/>\n\t<meta property=\"og:image:height\" content=\"500\" \/>\n\t<meta property=\"og:image:type\" content=\"image\/png\" \/>\n<meta name=\"twitter:card\" content=\"summary_large_image\" \/>\n<meta name=\"twitter:label1\" content=\"Est. reading time\" \/>\n\t<meta name=\"twitter:data1\" content=\"4 minutes\" \/>\n<script type=\"application\/ld+json\" class=\"yoast-schema-graph\">{\"@context\":\"https:\/\/schema.org\",\"@graph\":[{\"@type\":\"WebPage\",\"@id\":\"https:\/\/www.laboratoires-unisson.com\/fr-be\/produit\/appareils-auditifs\/signia\/pure-7x\",\"url\":\"https:\/\/www.laboratoires-unisson.com\/fr-be\/produit\/appareils-auditifs\/signia\/pure-7x\",\"name\":\"Pure 7X - Laboratoires Unisson\",\"isPartOf\":{\"@id\":\"https:\/\/www.laboratoires-unisson.com\/fr-be#website\"},\"primaryImageOfPage\":{\"@id\":\"https:\/\/www.laboratoires-unisson.com\/fr-be\/produit\/appareils-auditifs\/signia\/pure-7x#primaryimage\"},\"image\":{\"@id\":\"https:\/\/www.laboratoires-unisson.com\/fr-be\/produit\/appareils-auditifs\/signia\/pure-7x#primaryimage\"},\"thumbnailUrl\":\"https:\/\/www.laboratoires-unisson.com\/wp-content\/uploads\/2022\/05\/Signia-Pure-7X.png\",\"datePublished\":\"2022-05-10T07:27:37+00:00\",\"dateModified\":\"2025-12-03T09:08:40+00:00\",\"description\":\"Signia (solutions auditives de la marque Siemens) marque cette fin d'ann\u00e9e 2019 avec son nouveau contour d'oreille, le Pure 7X 312. Avec ses 48 canaux\",\"breadcrumb\":{\"@id\":\"https:\/\/www.laboratoires-unisson.com\/fr-be\/produit\/appareils-auditifs\/signia\/pure-7x#breadcrumb\"},\"inLanguage\":\"fr-BE\",\"potentialAction\":[{\"@type\":\"ReadAction\",\"target\":[\"https:\/\/www.laboratoires-unisson.com\/fr-be\/produit\/appareils-auditifs\/signia\/pure-7x\"]}]},{\"@type\":\"ImageObject\",\"inLanguage\":\"fr-BE\",\"@id\":\"https:\/\/www.laboratoires-unisson.com\/fr-be\/produit\/appareils-auditifs\/signia\/pure-7x#primaryimage\",\"url\":\"https:\/\/www.laboratoires-unisson.com\/wp-content\/uploads\/2022\/05\/Signia-Pure-7X.png\",\"contentUrl\":\"https:\/\/www.laboratoires-unisson.com\/wp-content\/uploads\/2022\/05\/Signia-Pure-7X.png\",\"width\":450,\"height\":500},{\"@type\":\"BreadcrumbList\",\"@id\":\"https:\/\/www.laboratoires-unisson.com\/fr-be\/produit\/appareils-auditifs\/signia\/pure-7x#breadcrumb\",\"itemListElement\":[{\"@type\":\"ListItem\",\"position\":1,\"name\":\"Shop\",\"item\":\"https:\/\/www.laboratoires-unisson.com\/fr-be\/shop\"},{\"@type\":\"ListItem\",\"position\":2,\"name\":\"Pure 7X\"}]},{\"@type\":\"WebSite\",\"@id\":\"https:\/\/www.laboratoires-unisson.com\/fr-be#website\",\"url\":\"https:\/\/www.laboratoires-unisson.com\/fr-be\",\"name\":\"Laboratoires Unisson\",\"description\":\"Appareil auditif et proth\u00e8se auditive Moins Cher jusqu&#039;\u00e0 -40%\",\"publisher\":{\"@id\":\"https:\/\/www.laboratoires-unisson.com\/fr-be#organization\"},\"potentialAction\":[{\"@type\":\"SearchAction\",\"target\":{\"@type\":\"EntryPoint\",\"urlTemplate\":\"https:\/\/www.laboratoires-unisson.com\/fr-be?s={search_term_string}\"},\"query-input\":{\"@type\":\"PropertyValueSpecification\",\"valueRequired\":true,\"valueName\":\"search_term_string\"}}],\"inLanguage\":\"fr-BE\"},{\"@type\":\"Organization\",\"@id\":\"https:\/\/www.laboratoires-unisson.com\/fr-be#organization\",\"name\":\"Laboratoires Unisson\",\"url\":\"https:\/\/www.laboratoires-unisson.com\/fr-be\",\"logo\":{\"@type\":\"ImageObject\",\"inLanguage\":\"fr-BE\",\"@id\":\"https:\/\/www.laboratoires-unisson.com\/fr-be#\/schema\/logo\/image\/\",\"url\":\"https:\/\/www.laboratoires-unisson.com\/wp-content\/uploads\/2022\/01\/logo-unisson.svg\",\"contentUrl\":\"https:\/\/www.laboratoires-unisson.com\/wp-content\/uploads\/2022\/01\/logo-unisson.svg\",\"width\":1,\"height\":1,\"caption\":\"Laboratoires Unisson\"},\"image\":{\"@id\":\"https:\/\/www.laboratoires-unisson.com\/fr-be#\/schema\/logo\/image\/\"}}]}<\/script>\n<!-- \/ Yoast SEO plugin. -->","yoast_head_json":{"title":"Appareil auditif Signia Pure 7X \u00e0 1900\u20ac - Unisson Belgique","description":"Signia (solutions auditives de la marque Siemens) marque cette fin d'ann\u00e9e 2019 avec son nouveau contour d'oreille, le Pure 7X 312. Avec ses 48 canaux","robots":{"index":"index","follow":"follow","max-snippet":"max-snippet:-1","max-image-preview":"max-image-preview:large","max-video-preview":"max-video-preview:-1"},"canonical":"https:\/\/www.laboratoires-unisson.com\/fr-be\/wp-json\/wp\/v2\/product\/24228","og_locale":"fr_FR","og_type":"article","og_title":"Pure 7X - Laboratoires Unisson","og_description":"Signia (solutions auditives de la marque Siemens) marque cette fin d'ann\u00e9e 2019 avec son nouveau contour d'oreille, le Pure 7X 312. Avec ses 48 canaux","og_url":"https:\/\/www.laboratoires-unisson.com\/fr-be\/produit\/appareils-auditifs\/signia\/pure-7x","og_site_name":"Laboratoires Unisson","article_modified_time":"2025-12-03T09:08:40+00:00","og_image":[{"width":450,"height":500,"url":"https:\/\/www.laboratoires-unisson.com\/wp-content\/uploads\/2022\/05\/Signia-Pure-7X.png","type":"image\/png"}],"twitter_card":"summary_large_image","twitter_misc":{"Est. reading time":"4 minutes"},"schema":{"@context":"https:\/\/schema.org","@graph":[{"@type":"WebPage","@id":"https:\/\/www.laboratoires-unisson.com\/fr-be\/produit\/appareils-auditifs\/signia\/pure-7x","url":"https:\/\/www.laboratoires-unisson.com\/fr-be\/produit\/appareils-auditifs\/signia\/pure-7x","name":"Pure 7X - Laboratoires Unisson","isPartOf":{"@id":"https:\/\/www.laboratoires-unisson.com\/fr-be#website"},"primaryImageOfPage":{"@id":"https:\/\/www.laboratoires-unisson.com\/fr-be\/produit\/appareils-auditifs\/signia\/pure-7x#primaryimage"},"image":{"@id":"https:\/\/www.laboratoires-unisson.com\/fr-be\/produit\/appareils-auditifs\/signia\/pure-7x#primaryimage"},"thumbnailUrl":"https:\/\/www.laboratoires-unisson.com\/wp-content\/uploads\/2022\/05\/Signia-Pure-7X.png","datePublished":"2022-05-10T07:27:37+00:00","dateModified":"2025-12-03T09:08:40+00:00","description":"Signia (solutions auditives de la marque Siemens) marque cette fin d'ann\u00e9e 2019 avec son nouveau contour d'oreille, le Pure 7X 312. Avec ses 48 canaux","breadcrumb":{"@id":"https:\/\/www.laboratoires-unisson.com\/fr-be\/produit\/appareils-auditifs\/signia\/pure-7x#breadcrumb"},"inLanguage":"fr-BE","potentialAction":[{"@type":"ReadAction","target":["https:\/\/www.laboratoires-unisson.com\/fr-be\/produit\/appareils-auditifs\/signia\/pure-7x"]}]},{"@type":"ImageObject","inLanguage":"fr-BE","@id":"https:\/\/www.laboratoires-unisson.com\/fr-be\/produit\/appareils-auditifs\/signia\/pure-7x#primaryimage","url":"https:\/\/www.laboratoires-unisson.com\/wp-content\/uploads\/2022\/05\/Signia-Pure-7X.png","contentUrl":"https:\/\/www.laboratoires-unisson.com\/wp-content\/uploads\/2022\/05\/Signia-Pure-7X.png","width":450,"height":500},{"@type":"BreadcrumbList","@id":"https:\/\/www.laboratoires-unisson.com\/fr-be\/produit\/appareils-auditifs\/signia\/pure-7x#breadcrumb","itemListElement":[{"@type":"ListItem","position":1,"name":"Shop","item":"https:\/\/www.laboratoires-unisson.com\/fr-be\/shop"},{"@type":"ListItem","position":2,"name":"Pure 7X"}]},{"@type":"WebSite","@id":"https:\/\/www.laboratoires-unisson.com\/fr-be#website","url":"https:\/\/www.laboratoires-unisson.com\/fr-be","name":"Laboratoires Unisson","description":"Appareil auditif et proth\u00e8se auditive Moins Cher jusqu&#039;\u00e0 -40%","publisher":{"@id":"https:\/\/www.laboratoires-unisson.com\/fr-be#organization"},"potentialAction":[{"@type":"SearchAction","target":{"@type":"EntryPoint","urlTemplate":"https:\/\/www.laboratoires-unisson.com\/fr-be?s={search_term_string}"},"query-input":{"@type":"PropertyValueSpecification","valueRequired":true,"valueName":"search_term_string"}}],"inLanguage":"fr-BE"},{"@type":"Organization","@id":"https:\/\/www.laboratoires-unisson.com\/fr-be#organization","name":"Laboratoires Unisson","url":"https:\/\/www.laboratoires-unisson.com\/fr-be","logo":{"@type":"ImageObject","inLanguage":"fr-BE","@id":"https:\/\/www.laboratoires-unisson.com\/fr-be#\/schema\/logo\/image\/","url":"https:\/\/www.laboratoires-unisson.com\/wp-content\/uploads\/2022\/01\/logo-unisson.svg","contentUrl":"https:\/\/www.laboratoires-unisson.com\/wp-content\/uploads\/2022\/01\/logo-unisson.svg","width":1,"height":1,"caption":"Laboratoires Unisson"},"image":{"@id":"https:\/\/www.laboratoires-unisson.com\/fr-be#\/schema\/logo\/image\/"}}]}},"_links":{"self":[{"href":"https:\/\/www.laboratoires-unisson.com\/fr-be\/wp-json\/wp\/v2\/product\/24228","targetHints":{"allow":["GET"]}}],"collection":[{"href":"https:\/\/www.laboratoires-unisson.com\/fr-be\/wp-json\/wp\/v2\/product"}],"about":[{"href":"https:\/\/www.laboratoires-unisson.com\/fr-be\/wp-json\/wp\/v2\/types\/product"}],"wp:featuredmedia":[{"embeddable":true,"href":"https:\/\/www.laboratoires-unisson.com\/fr-be\/wp-json\/wp\/v2\/media\/20836"}],"wp:attachment":[{"href":"https:\/\/www.laboratoires-unisson.com\/fr-be\/wp-json\/wp\/v2\/media?parent=24228"}],"wp:term":[{"taxonomy":"product_brand","embeddable":true,"href":"https:\/\/www.laboratoires-unisson.com\/fr-be\/wp-json\/wp\/v2\/product_brand?post=24228"},{"taxonomy":"product_cat","embeddable":true,"href":"https:\/\/www.laboratoires-unisson.com\/fr-be\/wp-json\/wp\/v2\/product_cat?post=24228"},{"taxonomy":"product_tag","embeddable":true,"href":"https:\/\/www.laboratoires-unisson.com\/fr-be\/wp-json\/wp\/v2\/product_tag?post=24228"}],"curies":[{"name":"wp","href":"https:\/\/api.w.org\/{rel}","templated":true}]}}