{"id":24229,"date":"2022-05-10T09:27:24","date_gmt":"2022-05-10T07:27:24","guid":{"rendered":"https:\/\/www.laboratoires-unisson.com\/produit\/pure-5x"},"modified":"2025-12-03T10:08:41","modified_gmt":"2025-12-03T09:08:41","slug":"pure-5x","status":"publish","type":"product","link":"https:\/\/www.laboratoires-unisson.com\/fr-be\/produit\/appareils-auditifs\/signia\/pure-5x","title":{"rendered":"Pure 5X"},"content":{"rendered":"<p>Signia (solutions auditives de la marque Siemens) cl\u00f4ture l&#8217;ann\u00e9e avec la sortie de la proth\u00e8se auditive <strong>Pure 5X 312<\/strong>, v\u00e9ritable innovation technologique en termes de compr\u00e9hension de la parole et ceux dans les environnements les plus difficiles. Cela est possible gr\u00e2ce \u00e0 la <strong>nouvelle puce Xp\u00e9rience<\/strong> et aux deux microphones qui permettent de capter les <strong>sons \u00e0 360\u00b0<\/strong>.<\/p>\n<h4>Pr\u00e9sentation du Pure 5X 312<\/h4>\n<p>Le Pure 5X est un appareil \u00e0 <strong>piles<\/strong> (312), dont l&#8217;<strong>autonomie<\/strong> est d&#8217;environ <strong>6 jours<\/strong> (70h).\u00a0Il est dot\u00e9 d&#8217;un <strong>bouton multifonctions<\/strong> pour modifier le volume et le programme des appareils. Son design plus fin est 16% plus petit que son pr\u00e9d\u00e9cesseur, le 5 Nx. Ces appareils sont <strong>r\u00e9sistants \u00e0 l&#8217;humidit\u00e9 et \u00e0 la poussi\u00e8re<\/strong> (IP68). De plus, il est possible de b\u00e9n\u00e9ficier d&#8217;une meilleure compr\u00e9hension dans les lieux publics dot\u00e9s d&#8217;une <strong>boucle magn\u00e9tique<\/strong> gr\u00e2ce \u00e0 la <strong>position T<\/strong>.<\/p>\n<h4>Les technologies du Pure Charge &amp; Go 5X 312<\/h4>\n<p><u><strong>La nouvelle puce Xp\u00e9rience<\/strong><\/u><\/p>\n<p><strong>La puce Xp\u00e9rience<\/strong> int\u00e8gre une technologie pointue d&#8217;analyse sonore. Elle traite en temps r\u00e9el les fr\u00e9quences conversationnelles mais aussi les fr\u00e9quences du bruit. Pour restituer une <strong>compr\u00e9hension intacte et naturelle<\/strong>\u00a0tout en appr\u00e9ciant l&#8217;environnement sonore dans lequel vous \u00eates.<\/p>\n<p><u><strong>La technologie YourSound<\/strong><\/u><\/p>\n<p>La technologie <strong>YourSound<\/strong> vous promet une clart\u00e9 d&#8217;\u00e9coute notamment gr\u00e2ce \u00e0 :<\/p>\n<ul>\n<li><strong>des capteurs de mouvement<\/strong> qui permettent de savoir comment vous \u00e9voluez dans votre environnement<\/li>\n<li><strong>deux microphones<\/strong> sur les appareils, pour capter les sons tout autour de vous et m\u00eame ceux qui sont derri\u00e8re<\/li>\n<li>une m\u00e9moire 7 fois plus importante qui permet d&#8217;enregistrer <strong>127 sc\u00e9narios d&#8217;\u00e9coute diff\u00e9rents<\/strong><\/li>\n<\/ul>\n<p>Avec des d\u00e9bruiteurs de derni\u00e8re pointe et une analyse exceptionnelle de l&#8217;environnement, vous ne ferez plus de compromis entre la voix qui se trouve en face de vous et les autres sons importants.<\/p>\n<h4>Connectivit\u00e9 et accessoires<\/h4>\n<p>L&#8217;aide auditive Pure 5X 312 est compatible avec :<\/p>\n<ul>\n<li>la <strong>Streamline TV<\/strong> : un boitier TV pour retransmettre vos \u00e9missions directement dans les appareils<\/li>\n<li>le <strong>StreamilineMIC<\/strong> : un microphone qui redirige vos conversations t\u00e9l\u00e9phoniques ou la voix de votre interlocuteur directement dans vos aides auditives<\/li>\n<li>la <strong>Minipocket<\/strong> : une t\u00e9l\u00e9commande qui g\u00e8re le volume et les diff\u00e9rents programmes en toute discr\u00e9tion<\/li>\n<\/ul>\n<p>Ces appareils sont <strong>made for Iphone<\/strong>. Vous pourrez donc \u00e9couter vos musiques pr\u00e9f\u00e9r\u00e9es et vos conversations t\u00e9l\u00e9phoniques dans vos appareils gr\u00e2ce au <strong>Bluetooth<\/strong>. L&#8217;application Signia App est disponible sur Android et Apple Store.<\/p>\n<p><strong>Envie de tester l&#8217;appareil auditif Signia Pure 312 5X\u00a0? Prenez rendez-vous directement sur notre site.<\/strong>\u00a0Vous serez re\u00e7u par l&#8217;un de nos audioproth\u00e9sistes qui conseillera une solution adapt\u00e9e \u00e0 vos besoins et \u00e0 votre audition. Si vous avez d\u00e9j\u00e0 une prescription m\u00e9dicale, vous aurez la possibilit\u00e9 d&#8217;effectuer un essai gratuit d&#8217;un mois.<\/p>\n<h4><strong>Fonctionnalit\u00e9s du Pure 312 5X<\/strong><\/h4>\n<ul>\n<li>YourSound : capteurs de mouvements int\u00e9gr\u00e9s<\/li>\n<li>OVP\u2122 (Own Voice Processing) : reconnaissance en temps r\u00e9el de la voix de l\u2019utilisateur pour d\u00e9livrer une perception naturelle de sa propre voix<\/li>\n<li>16 canaux de r\u00e9glage du gain \/ 32 bandes de traitement du signal<\/li>\n<li>6 programmes manuels<\/li>\n<li>Bande de fr\u00e9quence \u00e9largie \u00e0 12kHZ<\/li>\n<li>EchoShield : r\u00e9ducteur de bruit pour les situations avec r\u00e9verb\u00e9ration<\/li>\n<li>eWindScreen : \u00e9limination des bruits du vent<\/li>\n<li>Speech and Noise &amp; Soundsmoothing pour la r\u00e9duction du bruit<\/li>\n<li>Programme t\u00e9l\u00e9phone binaural (Twinphone)<\/li>\n<li>SpeechFocus<\/li>\n<li>Spatial SpeechFocus<\/li>\n<li>Connectivit\u00e9 Bluetooth<\/li>\n<li>Boitier certifi\u00e9 IP68 <em>(\u00e9tanch\u00e9it\u00e9)<\/em><\/li>\n<li>Tinnitus pour th\u00e9rapie acouph\u00e8nes<\/li>\n<li>Bobine T<\/li>\n<li>Streaming audio direct (iPhone)<\/li>\n<li>R\u00e9glages \u00e0 distance (Telecare)<\/li>\n<li>Application mobile Signia App<\/li>\n<\/ul>\n","protected":false},"excerpt":{"rendered":"<p>Signia (solutions auditives de la marque Siemens) cl\u00f4ture l&#8217;ann\u00e9e avec la sortie de la proth\u00e8se auditive Pure 5X 312, v\u00e9ritable innovation technologique en termes de compr\u00e9hension de la parole et ceux dans les environnements les plus difficiles. Cela est possible gr\u00e2ce \u00e0 la nouvelle puce Xp\u00e9rience et aux deux microphones qui permettent de capter les [&hellip;]<\/p>\n","protected":false},"featured_media":19605,"template":"","meta":{"_acf_changed":false},"product_brand":[],"product_cat":[2830],"product_tag":[],"class_list":{"0":"post-24229","1":"product","2":"type-product","3":"status-publish","4":"has-post-thumbnail","6":"product_cat-signia-fr-be","8":"first","9":"instock","10":"taxable","11":"shipping-taxable","12":"purchasable","13":"product-type-simple"},"acf":[],"yoast_head":"<!-- This site is optimized with the Yoast SEO plugin v27.1.1 - https:\/\/yoast.com\/product\/yoast-seo-wordpress\/ -->\n<title>Appareil auditif Signia Pure 5X \u00e0 1650\u20ac - Unisson Belgique<\/title>\n<meta name=\"description\" content=\"Signia (solutions auditives de la marque Siemens) cl\u00f4ture l&#039;ann\u00e9e avec la sortie de la proth\u00e8se auditive Pure 5X 312, v\u00e9ritable innovation technologique\" \/>\n<meta name=\"robots\" content=\"index, follow, max-snippet:-1, max-image-preview:large, max-video-preview:-1\" \/>\n<link rel=\"canonical\" href=\"https:\/\/www.laboratoires-unisson.com\/fr-be\/wp-json\/wp\/v2\/product\/24229\" \/>\n<meta property=\"og:locale\" content=\"fr_FR\" \/>\n<meta property=\"og:type\" content=\"article\" \/>\n<meta property=\"og:title\" content=\"Pure 5X - Laboratoires Unisson\" \/>\n<meta property=\"og:description\" content=\"Signia (solutions auditives de la marque Siemens) cl\u00f4ture l&#039;ann\u00e9e avec la sortie de la proth\u00e8se auditive Pure 5X 312, v\u00e9ritable innovation technologique\" \/>\n<meta property=\"og:url\" content=\"https:\/\/www.laboratoires-unisson.com\/fr-be\/produit\/appareils-auditifs\/signia\/pure-5x\" \/>\n<meta property=\"og:site_name\" content=\"Laboratoires Unisson\" \/>\n<meta property=\"article:modified_time\" content=\"2025-12-03T09:08:41+00:00\" \/>\n<meta property=\"og:image\" content=\"https:\/\/www.laboratoires-unisson.com\/wp-content\/uploads\/2022\/05\/pure-5x.jpeg\" \/>\n\t<meta property=\"og:image:width\" content=\"450\" \/>\n\t<meta property=\"og:image:height\" content=\"500\" \/>\n\t<meta property=\"og:image:type\" content=\"image\/jpeg\" \/>\n<meta name=\"twitter:card\" content=\"summary_large_image\" \/>\n<meta name=\"twitter:label1\" content=\"Est. reading time\" \/>\n\t<meta name=\"twitter:data1\" content=\"3 minutes\" \/>\n<script type=\"application\/ld+json\" class=\"yoast-schema-graph\">{\"@context\":\"https:\/\/schema.org\",\"@graph\":[{\"@type\":\"WebPage\",\"@id\":\"https:\/\/www.laboratoires-unisson.com\/fr-be\/produit\/appareils-auditifs\/signia\/pure-5x\",\"url\":\"https:\/\/www.laboratoires-unisson.com\/fr-be\/produit\/appareils-auditifs\/signia\/pure-5x\",\"name\":\"Pure 5X - Laboratoires Unisson\",\"isPartOf\":{\"@id\":\"https:\/\/www.laboratoires-unisson.com\/fr-be#website\"},\"primaryImageOfPage\":{\"@id\":\"https:\/\/www.laboratoires-unisson.com\/fr-be\/produit\/appareils-auditifs\/signia\/pure-5x#primaryimage\"},\"image\":{\"@id\":\"https:\/\/www.laboratoires-unisson.com\/fr-be\/produit\/appareils-auditifs\/signia\/pure-5x#primaryimage\"},\"thumbnailUrl\":\"https:\/\/www.laboratoires-unisson.com\/wp-content\/uploads\/2022\/05\/pure-5x.jpeg\",\"datePublished\":\"2022-05-10T07:27:24+00:00\",\"dateModified\":\"2025-12-03T09:08:41+00:00\",\"description\":\"Signia (solutions auditives de la marque Siemens) cl\u00f4ture l'ann\u00e9e avec la sortie de la proth\u00e8se auditive Pure 5X 312, v\u00e9ritable innovation technologique\",\"breadcrumb\":{\"@id\":\"https:\/\/www.laboratoires-unisson.com\/fr-be\/produit\/appareils-auditifs\/signia\/pure-5x#breadcrumb\"},\"inLanguage\":\"fr-BE\",\"potentialAction\":[{\"@type\":\"ReadAction\",\"target\":[\"https:\/\/www.laboratoires-unisson.com\/fr-be\/produit\/appareils-auditifs\/signia\/pure-5x\"]}]},{\"@type\":\"ImageObject\",\"inLanguage\":\"fr-BE\",\"@id\":\"https:\/\/www.laboratoires-unisson.com\/fr-be\/produit\/appareils-auditifs\/signia\/pure-5x#primaryimage\",\"url\":\"https:\/\/www.laboratoires-unisson.com\/wp-content\/uploads\/2022\/05\/pure-5x.jpeg\",\"contentUrl\":\"https:\/\/www.laboratoires-unisson.com\/wp-content\/uploads\/2022\/05\/pure-5x.jpeg\",\"width\":450,\"height\":500},{\"@type\":\"BreadcrumbList\",\"@id\":\"https:\/\/www.laboratoires-unisson.com\/fr-be\/produit\/appareils-auditifs\/signia\/pure-5x#breadcrumb\",\"itemListElement\":[{\"@type\":\"ListItem\",\"position\":1,\"name\":\"Shop\",\"item\":\"https:\/\/www.laboratoires-unisson.com\/fr-be\/shop\"},{\"@type\":\"ListItem\",\"position\":2,\"name\":\"Pure 5X\"}]},{\"@type\":\"WebSite\",\"@id\":\"https:\/\/www.laboratoires-unisson.com\/fr-be#website\",\"url\":\"https:\/\/www.laboratoires-unisson.com\/fr-be\",\"name\":\"Laboratoires Unisson\",\"description\":\"Appareil auditif et proth\u00e8se auditive Moins Cher jusqu&#039;\u00e0 -40%\",\"publisher\":{\"@id\":\"https:\/\/www.laboratoires-unisson.com\/fr-be#organization\"},\"potentialAction\":[{\"@type\":\"SearchAction\",\"target\":{\"@type\":\"EntryPoint\",\"urlTemplate\":\"https:\/\/www.laboratoires-unisson.com\/fr-be?s={search_term_string}\"},\"query-input\":{\"@type\":\"PropertyValueSpecification\",\"valueRequired\":true,\"valueName\":\"search_term_string\"}}],\"inLanguage\":\"fr-BE\"},{\"@type\":\"Organization\",\"@id\":\"https:\/\/www.laboratoires-unisson.com\/fr-be#organization\",\"name\":\"Laboratoires Unisson\",\"url\":\"https:\/\/www.laboratoires-unisson.com\/fr-be\",\"logo\":{\"@type\":\"ImageObject\",\"inLanguage\":\"fr-BE\",\"@id\":\"https:\/\/www.laboratoires-unisson.com\/fr-be#\/schema\/logo\/image\/\",\"url\":\"https:\/\/www.laboratoires-unisson.com\/wp-content\/uploads\/2022\/01\/logo-unisson.svg\",\"contentUrl\":\"https:\/\/www.laboratoires-unisson.com\/wp-content\/uploads\/2022\/01\/logo-unisson.svg\",\"width\":1,\"height\":1,\"caption\":\"Laboratoires Unisson\"},\"image\":{\"@id\":\"https:\/\/www.laboratoires-unisson.com\/fr-be#\/schema\/logo\/image\/\"}}]}<\/script>\n<!-- \/ Yoast SEO plugin. -->","yoast_head_json":{"title":"Appareil auditif Signia Pure 5X \u00e0 1650\u20ac - Unisson Belgique","description":"Signia (solutions auditives de la marque Siemens) cl\u00f4ture l'ann\u00e9e avec la sortie de la proth\u00e8se auditive Pure 5X 312, v\u00e9ritable innovation technologique","robots":{"index":"index","follow":"follow","max-snippet":"max-snippet:-1","max-image-preview":"max-image-preview:large","max-video-preview":"max-video-preview:-1"},"canonical":"https:\/\/www.laboratoires-unisson.com\/fr-be\/wp-json\/wp\/v2\/product\/24229","og_locale":"fr_FR","og_type":"article","og_title":"Pure 5X - Laboratoires Unisson","og_description":"Signia (solutions auditives de la marque Siemens) cl\u00f4ture l'ann\u00e9e avec la sortie de la proth\u00e8se auditive Pure 5X 312, v\u00e9ritable innovation technologique","og_url":"https:\/\/www.laboratoires-unisson.com\/fr-be\/produit\/appareils-auditifs\/signia\/pure-5x","og_site_name":"Laboratoires Unisson","article_modified_time":"2025-12-03T09:08:41+00:00","og_image":[{"width":450,"height":500,"url":"https:\/\/www.laboratoires-unisson.com\/wp-content\/uploads\/2022\/05\/pure-5x.jpeg","type":"image\/jpeg"}],"twitter_card":"summary_large_image","twitter_misc":{"Est. reading time":"3 minutes"},"schema":{"@context":"https:\/\/schema.org","@graph":[{"@type":"WebPage","@id":"https:\/\/www.laboratoires-unisson.com\/fr-be\/produit\/appareils-auditifs\/signia\/pure-5x","url":"https:\/\/www.laboratoires-unisson.com\/fr-be\/produit\/appareils-auditifs\/signia\/pure-5x","name":"Pure 5X - Laboratoires Unisson","isPartOf":{"@id":"https:\/\/www.laboratoires-unisson.com\/fr-be#website"},"primaryImageOfPage":{"@id":"https:\/\/www.laboratoires-unisson.com\/fr-be\/produit\/appareils-auditifs\/signia\/pure-5x#primaryimage"},"image":{"@id":"https:\/\/www.laboratoires-unisson.com\/fr-be\/produit\/appareils-auditifs\/signia\/pure-5x#primaryimage"},"thumbnailUrl":"https:\/\/www.laboratoires-unisson.com\/wp-content\/uploads\/2022\/05\/pure-5x.jpeg","datePublished":"2022-05-10T07:27:24+00:00","dateModified":"2025-12-03T09:08:41+00:00","description":"Signia (solutions auditives de la marque Siemens) cl\u00f4ture l'ann\u00e9e avec la sortie de la proth\u00e8se auditive Pure 5X 312, v\u00e9ritable innovation technologique","breadcrumb":{"@id":"https:\/\/www.laboratoires-unisson.com\/fr-be\/produit\/appareils-auditifs\/signia\/pure-5x#breadcrumb"},"inLanguage":"fr-BE","potentialAction":[{"@type":"ReadAction","target":["https:\/\/www.laboratoires-unisson.com\/fr-be\/produit\/appareils-auditifs\/signia\/pure-5x"]}]},{"@type":"ImageObject","inLanguage":"fr-BE","@id":"https:\/\/www.laboratoires-unisson.com\/fr-be\/produit\/appareils-auditifs\/signia\/pure-5x#primaryimage","url":"https:\/\/www.laboratoires-unisson.com\/wp-content\/uploads\/2022\/05\/pure-5x.jpeg","contentUrl":"https:\/\/www.laboratoires-unisson.com\/wp-content\/uploads\/2022\/05\/pure-5x.jpeg","width":450,"height":500},{"@type":"BreadcrumbList","@id":"https:\/\/www.laboratoires-unisson.com\/fr-be\/produit\/appareils-auditifs\/signia\/pure-5x#breadcrumb","itemListElement":[{"@type":"ListItem","position":1,"name":"Shop","item":"https:\/\/www.laboratoires-unisson.com\/fr-be\/shop"},{"@type":"ListItem","position":2,"name":"Pure 5X"}]},{"@type":"WebSite","@id":"https:\/\/www.laboratoires-unisson.com\/fr-be#website","url":"https:\/\/www.laboratoires-unisson.com\/fr-be","name":"Laboratoires Unisson","description":"Appareil auditif et proth\u00e8se auditive Moins Cher jusqu&#039;\u00e0 -40%","publisher":{"@id":"https:\/\/www.laboratoires-unisson.com\/fr-be#organization"},"potentialAction":[{"@type":"SearchAction","target":{"@type":"EntryPoint","urlTemplate":"https:\/\/www.laboratoires-unisson.com\/fr-be?s={search_term_string}"},"query-input":{"@type":"PropertyValueSpecification","valueRequired":true,"valueName":"search_term_string"}}],"inLanguage":"fr-BE"},{"@type":"Organization","@id":"https:\/\/www.laboratoires-unisson.com\/fr-be#organization","name":"Laboratoires Unisson","url":"https:\/\/www.laboratoires-unisson.com\/fr-be","logo":{"@type":"ImageObject","inLanguage":"fr-BE","@id":"https:\/\/www.laboratoires-unisson.com\/fr-be#\/schema\/logo\/image\/","url":"https:\/\/www.laboratoires-unisson.com\/wp-content\/uploads\/2022\/01\/logo-unisson.svg","contentUrl":"https:\/\/www.laboratoires-unisson.com\/wp-content\/uploads\/2022\/01\/logo-unisson.svg","width":1,"height":1,"caption":"Laboratoires Unisson"},"image":{"@id":"https:\/\/www.laboratoires-unisson.com\/fr-be#\/schema\/logo\/image\/"}}]}},"_links":{"self":[{"href":"https:\/\/www.laboratoires-unisson.com\/fr-be\/wp-json\/wp\/v2\/product\/24229","targetHints":{"allow":["GET"]}}],"collection":[{"href":"https:\/\/www.laboratoires-unisson.com\/fr-be\/wp-json\/wp\/v2\/product"}],"about":[{"href":"https:\/\/www.laboratoires-unisson.com\/fr-be\/wp-json\/wp\/v2\/types\/product"}],"wp:featuredmedia":[{"embeddable":true,"href":"https:\/\/www.laboratoires-unisson.com\/fr-be\/wp-json\/wp\/v2\/media\/19605"}],"wp:attachment":[{"href":"https:\/\/www.laboratoires-unisson.com\/fr-be\/wp-json\/wp\/v2\/media?parent=24229"}],"wp:term":[{"taxonomy":"product_brand","embeddable":true,"href":"https:\/\/www.laboratoires-unisson.com\/fr-be\/wp-json\/wp\/v2\/product_brand?post=24229"},{"taxonomy":"product_cat","embeddable":true,"href":"https:\/\/www.laboratoires-unisson.com\/fr-be\/wp-json\/wp\/v2\/product_cat?post=24229"},{"taxonomy":"product_tag","embeddable":true,"href":"https:\/\/www.laboratoires-unisson.com\/fr-be\/wp-json\/wp\/v2\/product_tag?post=24229"}],"curies":[{"name":"wp","href":"https:\/\/api.w.org\/{rel}","templated":true}]}}