{"id":24646,"date":"2022-05-02T15:20:02","date_gmt":"2022-05-02T13:20:02","guid":{"rendered":"https:\/\/www.laboratoires-unisson.com\/produit\/moment-440-bte-d-13"},"modified":"2025-12-03T10:08:54","modified_gmt":"2025-12-03T09:08:54","slug":"moment-440-bte-d-13","status":"publish","type":"product","link":"https:\/\/www.laboratoires-unisson.com\/fr-be\/produit\/appareils-auditifs\/widex\/moment-440-bte-d-13","title":{"rendered":"Moment 440 BTE D 13"},"content":{"rendered":"<p>L&#8217;aide auditive Widex Moment 440 BTE\u00a0D 13 est un appareil auditif en <strong>contour d&#8217;oreille BTE<\/strong>\u00a0<strong>haut de gamme de classe II<\/strong> fonctionnant avec des <strong>piles auditives 13<\/strong>\u00a0<em>(autonomie moyenne de 150h)<\/em> pour des <strong>pertes auditives l\u00e9g\u00e8res \u00e0 s\u00e9v\u00e8res<\/strong>.<\/p>\n<p>Il poss\u00e8de 15 canaux de r\u00e9glages, un bouton poussoir, une bobine \u00e0 induction T et une certification IP68. Cette aide auditive int\u00e8gre la <strong>plateforme MOMENT\u2122<\/strong> de Widex, qui fournit un <strong>son exceptionnel pur et naturel<\/strong>.<\/p>\n<p>Ce mod\u00e8le est \u00e9quip\u00e9 d&#8217;une <strong>connexion Bluetooth<\/strong>, compatible sur iOS (Made for Iphone).\u00a0La derni\u00e8re mise \u00e0 jour des appareils (d\u00e9but novembre 2021) int\u00e8gre la compatibilit\u00e9 ASHA (Android). Vous entendez le son de vos conversations t\u00e9l\u00e9phoniques et multim\u00e9dias directement dans vos aides auditives.<\/p>\n<p>Pour enrichir votre exp\u00e9rience auditive, nous vous proposons\u00a0le RC-DEX, une t\u00e9l\u00e9commande discr\u00e8te vous permettant de changer de programme et le volume ainsi que le TV-DEX, un bo\u00eetier qui fonctionne comme un casque TV; vous pourrez entendre le son de votre TV directement dans vos aides auditives.<\/p>\n<p>Les appareils auditifs Widex Moment BTE D 13\u00a0sont disponibles en 13 couleurs. Ils sont \u00e9l\u00e9gants, puissants et faciles \u00e0 utiliser.<\/p>\n<h4>Les fonctionnalit\u00e9s de l&#8217;aide auditive Widex Moment 440 BTE D 13<\/h4>\n<ul>\n<li>ZeroDelay\u2122<\/li>\n<li>True Acoustic<\/li>\n<li>Fluid Sound Analyser et ses classes sonores (11)<\/li>\n<li>Widex PureSound\u2122<\/li>\n<li>R\u00e9ducteurs de bruit et de bruits impulsionnels<\/li>\n<li>R\u00e9ducteurs de bruit du vent<\/li>\n<li>Compression \u00e0 vitesse variable<\/li>\n<li>Anti-larsen<\/li>\n<li>Connexion Bluetooth<\/li>\n<li>15 canaux de r\u00e9glages<\/li>\n<li>Certifi\u00e9 IP68<\/li>\n<li>Bouton poussoir<\/li>\n<li>Pile auditive 13<\/li>\n<li>Application TONELINK<\/li>\n<li>R\u00e9glages \u00e0 distance<\/li>\n<\/ul>\n","protected":false},"excerpt":{"rendered":"<p>L&#8217;aide auditive Widex Moment 440 BTE\u00a0D 13 est un appareil auditif en contour d&#8217;oreille BTE\u00a0haut de gamme de classe II fonctionnant avec des piles auditives 13\u00a0(autonomie moyenne de 150h) pour des pertes auditives l\u00e9g\u00e8res \u00e0 s\u00e9v\u00e8res. Il poss\u00e8de 15 canaux de r\u00e9glages, un bouton poussoir, une bobine \u00e0 induction T et une certification IP68. Cette [&hellip;]<\/p>\n","protected":false},"featured_media":19355,"template":"","meta":{"_acf_changed":false},"product_brand":[],"product_cat":[2684,2729],"product_tag":[],"class_list":{"0":"post-24646","1":"product","2":"type-product","3":"status-publish","4":"has-post-thumbnail","6":"product_cat-offre-premium-fr-be","7":"product_cat-widex-fr-be","9":"first","10":"instock","11":"taxable","12":"shipping-taxable","13":"purchasable","14":"product-type-simple"},"acf":[],"yoast_head":"<!-- This site is optimized with the Yoast SEO plugin v27.1.1 - https:\/\/yoast.com\/product\/yoast-seo-wordpress\/ -->\n<title>Appareil auditif Widex Moment 440 BTE D 13 \u00e0 2100\u20ac - Unisson Belgique<\/title>\n<meta name=\"description\" content=\"Profitez de la technologie avanc\u00e9e du Widex Moment 440 BTE D 13 chez Unisson Belgique. Une audition claire et naturelle, \u00e0 un prix comp\u00e9titif.\" \/>\n<meta name=\"robots\" content=\"index, follow, max-snippet:-1, max-image-preview:large, max-video-preview:-1\" \/>\n<link rel=\"canonical\" href=\"https:\/\/www.laboratoires-unisson.com\/fr-be\/wp-json\/wp\/v2\/product\/24646\" \/>\n<meta property=\"og:locale\" content=\"fr_FR\" \/>\n<meta property=\"og:type\" content=\"article\" \/>\n<meta property=\"og:title\" content=\"Moment 440 BTE D 13 - Laboratoires Unisson\" \/>\n<meta property=\"og:description\" content=\"Profitez de la technologie avanc\u00e9e du Widex Moment 440 BTE D 13 chez Unisson Belgique. Une audition claire et naturelle, \u00e0 un prix comp\u00e9titif.\" \/>\n<meta property=\"og:url\" content=\"https:\/\/www.laboratoires-unisson.com\/fr-be\/produit\/appareils-auditifs\/widex\/moment-440-bte-d-13\" \/>\n<meta property=\"og:site_name\" content=\"Laboratoires Unisson\" \/>\n<meta property=\"article:modified_time\" content=\"2025-12-03T09:08:54+00:00\" \/>\n<meta property=\"og:image\" content=\"https:\/\/www.laboratoires-unisson.com\/wp-content\/uploads\/2022\/05\/moment-440-bte-d-13.jpg\" \/>\n\t<meta property=\"og:image:width\" content=\"450\" \/>\n\t<meta property=\"og:image:height\" content=\"496\" \/>\n\t<meta property=\"og:image:type\" content=\"image\/jpeg\" \/>\n<meta name=\"twitter:card\" content=\"summary_large_image\" \/>\n<meta name=\"twitter:label1\" content=\"Est. reading time\" \/>\n\t<meta name=\"twitter:data1\" content=\"2 minutes\" \/>\n<script type=\"application\/ld+json\" class=\"yoast-schema-graph\">{\"@context\":\"https:\/\/schema.org\",\"@graph\":[{\"@type\":\"WebPage\",\"@id\":\"https:\/\/www.laboratoires-unisson.com\/fr-be\/produit\/appareils-auditifs\/widex\/moment-440-bte-d-13\",\"url\":\"https:\/\/www.laboratoires-unisson.com\/fr-be\/produit\/appareils-auditifs\/widex\/moment-440-bte-d-13\",\"name\":\"Moment 440 BTE D 13 - Laboratoires Unisson\",\"isPartOf\":{\"@id\":\"https:\/\/www.laboratoires-unisson.com\/fr-be#website\"},\"primaryImageOfPage\":{\"@id\":\"https:\/\/www.laboratoires-unisson.com\/fr-be\/produit\/appareils-auditifs\/widex\/moment-440-bte-d-13#primaryimage\"},\"image\":{\"@id\":\"https:\/\/www.laboratoires-unisson.com\/fr-be\/produit\/appareils-auditifs\/widex\/moment-440-bte-d-13#primaryimage\"},\"thumbnailUrl\":\"https:\/\/www.laboratoires-unisson.com\/wp-content\/uploads\/2022\/05\/moment-440-bte-d-13.jpg\",\"datePublished\":\"2022-05-02T13:20:02+00:00\",\"dateModified\":\"2025-12-03T09:08:54+00:00\",\"description\":\"Profitez de la technologie avanc\u00e9e du Widex Moment 440 BTE D 13 chez Unisson Belgique. Une audition claire et naturelle, \u00e0 un prix comp\u00e9titif.\",\"breadcrumb\":{\"@id\":\"https:\/\/www.laboratoires-unisson.com\/fr-be\/produit\/appareils-auditifs\/widex\/moment-440-bte-d-13#breadcrumb\"},\"inLanguage\":\"fr-BE\",\"potentialAction\":[{\"@type\":\"ReadAction\",\"target\":[\"https:\/\/www.laboratoires-unisson.com\/fr-be\/produit\/appareils-auditifs\/widex\/moment-440-bte-d-13\"]}]},{\"@type\":\"ImageObject\",\"inLanguage\":\"fr-BE\",\"@id\":\"https:\/\/www.laboratoires-unisson.com\/fr-be\/produit\/appareils-auditifs\/widex\/moment-440-bte-d-13#primaryimage\",\"url\":\"https:\/\/www.laboratoires-unisson.com\/wp-content\/uploads\/2022\/05\/moment-440-bte-d-13.jpg\",\"contentUrl\":\"https:\/\/www.laboratoires-unisson.com\/wp-content\/uploads\/2022\/05\/moment-440-bte-d-13.jpg\",\"width\":450,\"height\":496},{\"@type\":\"BreadcrumbList\",\"@id\":\"https:\/\/www.laboratoires-unisson.com\/fr-be\/produit\/appareils-auditifs\/widex\/moment-440-bte-d-13#breadcrumb\",\"itemListElement\":[{\"@type\":\"ListItem\",\"position\":1,\"name\":\"Shop\",\"item\":\"https:\/\/www.laboratoires-unisson.com\/fr-be\/shop\"},{\"@type\":\"ListItem\",\"position\":2,\"name\":\"Moment 440 BTE D 13\"}]},{\"@type\":\"WebSite\",\"@id\":\"https:\/\/www.laboratoires-unisson.com\/fr-be#website\",\"url\":\"https:\/\/www.laboratoires-unisson.com\/fr-be\",\"name\":\"Laboratoires Unisson\",\"description\":\"Appareil auditif et proth\u00e8se auditive Moins Cher jusqu&#039;\u00e0 -40%\",\"publisher\":{\"@id\":\"https:\/\/www.laboratoires-unisson.com\/fr-be#organization\"},\"potentialAction\":[{\"@type\":\"SearchAction\",\"target\":{\"@type\":\"EntryPoint\",\"urlTemplate\":\"https:\/\/www.laboratoires-unisson.com\/fr-be?s={search_term_string}\"},\"query-input\":{\"@type\":\"PropertyValueSpecification\",\"valueRequired\":true,\"valueName\":\"search_term_string\"}}],\"inLanguage\":\"fr-BE\"},{\"@type\":\"Organization\",\"@id\":\"https:\/\/www.laboratoires-unisson.com\/fr-be#organization\",\"name\":\"Laboratoires Unisson\",\"url\":\"https:\/\/www.laboratoires-unisson.com\/fr-be\",\"logo\":{\"@type\":\"ImageObject\",\"inLanguage\":\"fr-BE\",\"@id\":\"https:\/\/www.laboratoires-unisson.com\/fr-be#\/schema\/logo\/image\/\",\"url\":\"https:\/\/www.laboratoires-unisson.com\/wp-content\/uploads\/2022\/01\/logo-unisson.svg\",\"contentUrl\":\"https:\/\/www.laboratoires-unisson.com\/wp-content\/uploads\/2022\/01\/logo-unisson.svg\",\"width\":1,\"height\":1,\"caption\":\"Laboratoires Unisson\"},\"image\":{\"@id\":\"https:\/\/www.laboratoires-unisson.com\/fr-be#\/schema\/logo\/image\/\"}}]}<\/script>\n<!-- \/ Yoast SEO plugin. -->","yoast_head_json":{"title":"Appareil auditif Widex Moment 440 BTE D 13 \u00e0 2100\u20ac - Unisson Belgique","description":"Profitez de la technologie avanc\u00e9e du Widex Moment 440 BTE D 13 chez Unisson Belgique. Une audition claire et naturelle, \u00e0 un prix comp\u00e9titif.","robots":{"index":"index","follow":"follow","max-snippet":"max-snippet:-1","max-image-preview":"max-image-preview:large","max-video-preview":"max-video-preview:-1"},"canonical":"https:\/\/www.laboratoires-unisson.com\/fr-be\/wp-json\/wp\/v2\/product\/24646","og_locale":"fr_FR","og_type":"article","og_title":"Moment 440 BTE D 13 - Laboratoires Unisson","og_description":"Profitez de la technologie avanc\u00e9e du Widex Moment 440 BTE D 13 chez Unisson Belgique. Une audition claire et naturelle, \u00e0 un prix comp\u00e9titif.","og_url":"https:\/\/www.laboratoires-unisson.com\/fr-be\/produit\/appareils-auditifs\/widex\/moment-440-bte-d-13","og_site_name":"Laboratoires Unisson","article_modified_time":"2025-12-03T09:08:54+00:00","og_image":[{"width":450,"height":496,"url":"https:\/\/www.laboratoires-unisson.com\/wp-content\/uploads\/2022\/05\/moment-440-bte-d-13.jpg","type":"image\/jpeg"}],"twitter_card":"summary_large_image","twitter_misc":{"Est. reading time":"2 minutes"},"schema":{"@context":"https:\/\/schema.org","@graph":[{"@type":"WebPage","@id":"https:\/\/www.laboratoires-unisson.com\/fr-be\/produit\/appareils-auditifs\/widex\/moment-440-bte-d-13","url":"https:\/\/www.laboratoires-unisson.com\/fr-be\/produit\/appareils-auditifs\/widex\/moment-440-bte-d-13","name":"Moment 440 BTE D 13 - Laboratoires Unisson","isPartOf":{"@id":"https:\/\/www.laboratoires-unisson.com\/fr-be#website"},"primaryImageOfPage":{"@id":"https:\/\/www.laboratoires-unisson.com\/fr-be\/produit\/appareils-auditifs\/widex\/moment-440-bte-d-13#primaryimage"},"image":{"@id":"https:\/\/www.laboratoires-unisson.com\/fr-be\/produit\/appareils-auditifs\/widex\/moment-440-bte-d-13#primaryimage"},"thumbnailUrl":"https:\/\/www.laboratoires-unisson.com\/wp-content\/uploads\/2022\/05\/moment-440-bte-d-13.jpg","datePublished":"2022-05-02T13:20:02+00:00","dateModified":"2025-12-03T09:08:54+00:00","description":"Profitez de la technologie avanc\u00e9e du Widex Moment 440 BTE D 13 chez Unisson Belgique. Une audition claire et naturelle, \u00e0 un prix comp\u00e9titif.","breadcrumb":{"@id":"https:\/\/www.laboratoires-unisson.com\/fr-be\/produit\/appareils-auditifs\/widex\/moment-440-bte-d-13#breadcrumb"},"inLanguage":"fr-BE","potentialAction":[{"@type":"ReadAction","target":["https:\/\/www.laboratoires-unisson.com\/fr-be\/produit\/appareils-auditifs\/widex\/moment-440-bte-d-13"]}]},{"@type":"ImageObject","inLanguage":"fr-BE","@id":"https:\/\/www.laboratoires-unisson.com\/fr-be\/produit\/appareils-auditifs\/widex\/moment-440-bte-d-13#primaryimage","url":"https:\/\/www.laboratoires-unisson.com\/wp-content\/uploads\/2022\/05\/moment-440-bte-d-13.jpg","contentUrl":"https:\/\/www.laboratoires-unisson.com\/wp-content\/uploads\/2022\/05\/moment-440-bte-d-13.jpg","width":450,"height":496},{"@type":"BreadcrumbList","@id":"https:\/\/www.laboratoires-unisson.com\/fr-be\/produit\/appareils-auditifs\/widex\/moment-440-bte-d-13#breadcrumb","itemListElement":[{"@type":"ListItem","position":1,"name":"Shop","item":"https:\/\/www.laboratoires-unisson.com\/fr-be\/shop"},{"@type":"ListItem","position":2,"name":"Moment 440 BTE D 13"}]},{"@type":"WebSite","@id":"https:\/\/www.laboratoires-unisson.com\/fr-be#website","url":"https:\/\/www.laboratoires-unisson.com\/fr-be","name":"Laboratoires Unisson","description":"Appareil auditif et proth\u00e8se auditive Moins Cher jusqu&#039;\u00e0 -40%","publisher":{"@id":"https:\/\/www.laboratoires-unisson.com\/fr-be#organization"},"potentialAction":[{"@type":"SearchAction","target":{"@type":"EntryPoint","urlTemplate":"https:\/\/www.laboratoires-unisson.com\/fr-be?s={search_term_string}"},"query-input":{"@type":"PropertyValueSpecification","valueRequired":true,"valueName":"search_term_string"}}],"inLanguage":"fr-BE"},{"@type":"Organization","@id":"https:\/\/www.laboratoires-unisson.com\/fr-be#organization","name":"Laboratoires Unisson","url":"https:\/\/www.laboratoires-unisson.com\/fr-be","logo":{"@type":"ImageObject","inLanguage":"fr-BE","@id":"https:\/\/www.laboratoires-unisson.com\/fr-be#\/schema\/logo\/image\/","url":"https:\/\/www.laboratoires-unisson.com\/wp-content\/uploads\/2022\/01\/logo-unisson.svg","contentUrl":"https:\/\/www.laboratoires-unisson.com\/wp-content\/uploads\/2022\/01\/logo-unisson.svg","width":1,"height":1,"caption":"Laboratoires Unisson"},"image":{"@id":"https:\/\/www.laboratoires-unisson.com\/fr-be#\/schema\/logo\/image\/"}}]}},"_links":{"self":[{"href":"https:\/\/www.laboratoires-unisson.com\/fr-be\/wp-json\/wp\/v2\/product\/24646","targetHints":{"allow":["GET"]}}],"collection":[{"href":"https:\/\/www.laboratoires-unisson.com\/fr-be\/wp-json\/wp\/v2\/product"}],"about":[{"href":"https:\/\/www.laboratoires-unisson.com\/fr-be\/wp-json\/wp\/v2\/types\/product"}],"wp:featuredmedia":[{"embeddable":true,"href":"https:\/\/www.laboratoires-unisson.com\/fr-be\/wp-json\/wp\/v2\/media\/19355"}],"wp:attachment":[{"href":"https:\/\/www.laboratoires-unisson.com\/fr-be\/wp-json\/wp\/v2\/media?parent=24646"}],"wp:term":[{"taxonomy":"product_brand","embeddable":true,"href":"https:\/\/www.laboratoires-unisson.com\/fr-be\/wp-json\/wp\/v2\/product_brand?post=24646"},{"taxonomy":"product_cat","embeddable":true,"href":"https:\/\/www.laboratoires-unisson.com\/fr-be\/wp-json\/wp\/v2\/product_cat?post=24646"},{"taxonomy":"product_tag","embeddable":true,"href":"https:\/\/www.laboratoires-unisson.com\/fr-be\/wp-json\/wp\/v2\/product_tag?post=24646"}],"curies":[{"name":"wp","href":"https:\/\/api.w.org\/{rel}","templated":true}]}}