{"id":24647,"date":"2022-05-02T15:20:00","date_gmt":"2022-05-02T13:20:00","guid":{"rendered":"https:\/\/www.laboratoires-unisson.com\/produit\/moment-440-ric-312"},"modified":"2025-12-03T10:08:54","modified_gmt":"2025-12-03T09:08:54","slug":"moment-440-ric-312","status":"publish","type":"product","link":"https:\/\/www.laboratoires-unisson.com\/fr-be\/produit\/appareils-auditifs\/widex\/moment-440-ric-312","title":{"rendered":"Moment 440 RIC 312"},"content":{"rendered":"<p>L&#8217;appareil auditif Widex Moment 440 RIC 312 est de type <strong>contour d&#8217;oreille \u00e0 \u00e9couteur d\u00e9port\u00e9 connect\u00e9. <\/strong>Il int\u00e8gre la nouvelle plateforme MOMENT <strong>offrant le son plus pur et le plus naturel de tous les temps<\/strong>.<\/p>\n<h4>Pr\u00e9sentation de l&#8217;aide auditive Moment 440 RIC 312<\/h4>\n<p>La proth\u00e8se auditive Moment 440 RIC 312 est un <strong>mod\u00e8le discret<\/strong> poss\u00e9dant\u00a01<strong>5 canaux de r\u00e9glages<\/strong> et appartient \u00e0 la classe II. Elle poss\u00e8de un <strong>nano rev\u00eatement de pointe<\/strong> augmentant la r\u00e9sistance \u00e0 l&#8217;eau afin de diminuer tout dommage et poss\u00e8de la <strong>certification IP68<\/strong>. Elle fonctionne avec des <strong>piles 312<\/strong> sans mercure <em>(autonomie d&#8217;environ 100h)<\/em>.<\/p>\n<p>Ce mod\u00e8le est disponible sous plusieurs coloris et existe \u00e9galement en <a href=\"https:\/\/www.laboratoires-unisson.com\/produit\/appareils-auditifs\/widex\/moment-440-mric-r\" target=\"_blank\" rel=\"noopener\">mod\u00e8le rechargeable<\/a>.<\/p>\n<h4>Les technologies du Widex Moment 440 RIC 312<\/h4>\n<p>L&#8217;appareil auditif Moment 440 RIC 312 est une r\u00e9volution sur le march\u00e9. Gr\u00e2ce \u00e0 sa <strong>technologie ZeroDelay<\/strong>, les bruits m\u00e9talliques sont supprim\u00e9s, le traitement du signal est plus rapide permettant une suppression des bruits ind\u00e9sirables et vous ressentirez moins d&#8217;\u00e9cho et de r\u00e9sonance. <strong>Les nouveaux appareils auditifs MOMENT se pr\u00e9sentent comme des aides auditives qui n&#8217;ont plus le son d&#8217;une aide auditive<\/strong>.<\/p>\n<h4>Connectivit\u00e9 et accessoires<\/h4>\n<p>L&#8217;appareil auditif Moment 440 RIC 312 est un<strong> appareil connect\u00e9, \u00e9quip\u00e9 du Bluetooth<\/strong>. Gr\u00e2ce \u00e0 cette connectivit\u00e9, vous profiterez du streaming audio direct sans accessoire pour\u00a0les utilisateurs iOS (iPhone).\u00a0La derni\u00e8re mise \u00e0 jour des appareils (d\u00e9but novembre 2021) int\u00e8gre la compatibilit\u00e9 ASHA (Android).<\/p>\n<p>Pour am\u00e9liorer votre quotidien, vous pouvez \u00e9galement opter pour des accessoires suppl\u00e9mentaires sans-fil, tel que l&#8217;adaptateur TV PLAY.<\/p>\n<p style=\"text-align: center;\"><a class=\"btn btn-default btn-xs bg-green\" href=\"https:\/\/www.laboratoires-unisson.com\/fr-be\/rdv\">Prendre un rendez-vous gratuit <\/a><\/p>\n<h4>Fonctionnalit\u00e9s du\u00a0Widex Moment 440 RIC 312<\/h4>\n<ul>\n<li>Widex ZeroDelay\u2122<\/li>\n<li>True Acoustic<\/li>\n<li>Widex PureSound\u2122<\/li>\n<li>R\u00e9ducteurs de bruit et de bruits impulsionnels<\/li>\n<li>R\u00e9ducteurs de bruit de vent<\/li>\n<li>Compression \u00e0 vitesse variable<\/li>\n<li>Syst\u00e8me de suppression de Larsen<\/li>\n<li>Zoom directionnel<\/li>\n<li>15 canaux de r\u00e9glages<\/li>\n<li>Certifi\u00e9 IP68<\/li>\n<li>Application mobile SoundSense Learn<\/li>\n<li>R\u00e9glages \u00e0 distance<\/li>\n<\/ul>\n","protected":false},"excerpt":{"rendered":"<p>L&#8217;appareil auditif Widex Moment 440 RIC 312 est de type contour d&#8217;oreille \u00e0 \u00e9couteur d\u00e9port\u00e9 connect\u00e9. Il int\u00e8gre la nouvelle plateforme MOMENT offrant le son plus pur et le plus naturel de tous les temps. Pr\u00e9sentation de l&#8217;aide auditive Moment 440 RIC 312 La proth\u00e8se auditive Moment 440 RIC 312 est un mod\u00e8le discret poss\u00e9dant\u00a015 [&hellip;]<\/p>\n","protected":false},"featured_media":20830,"template":"","meta":{"_acf_changed":false},"product_brand":[],"product_cat":[2684,2729],"product_tag":[],"class_list":{"0":"post-24647","1":"product","2":"type-product","3":"status-publish","4":"has-post-thumbnail","6":"product_cat-offre-premium-fr-be","7":"product_cat-widex-fr-be","9":"first","10":"instock","11":"taxable","12":"shipping-taxable","13":"purchasable","14":"product-type-simple"},"acf":[],"yoast_head":"<!-- This site is optimized with the Yoast SEO plugin v27.1.1 - https:\/\/yoast.com\/product\/yoast-seo-wordpress\/ -->\n<title>Appareil auditif Widex Moment 440 RIC 312 \u00e0 2100\u20ac - Unisson Belgique<\/title>\n<meta name=\"description\" content=\"L&#039;appareil auditif Widex Moment 440 RIC 312 est de type contour d&#039;oreille \u00e0 \u00e9couteur d\u00e9port\u00e9 connect\u00e9. Il int\u00e8gre la nouvelle plateforme MOMENT offrant le\" \/>\n<meta name=\"robots\" content=\"index, follow, max-snippet:-1, max-image-preview:large, max-video-preview:-1\" \/>\n<link rel=\"canonical\" href=\"https:\/\/www.laboratoires-unisson.com\/fr-be\/wp-json\/wp\/v2\/product\/24647\" \/>\n<meta property=\"og:locale\" content=\"fr_FR\" \/>\n<meta property=\"og:type\" content=\"article\" \/>\n<meta property=\"og:title\" content=\"Moment 440 RIC 312 - Laboratoires Unisson\" \/>\n<meta property=\"og:description\" content=\"L&#039;appareil auditif Widex Moment 440 RIC 312 est de type contour d&#039;oreille \u00e0 \u00e9couteur d\u00e9port\u00e9 connect\u00e9. Il int\u00e8gre la nouvelle plateforme MOMENT offrant le\" \/>\n<meta property=\"og:url\" content=\"https:\/\/www.laboratoires-unisson.com\/fr-be\/produit\/appareils-auditifs\/widex\/moment-440-ric-312\" \/>\n<meta property=\"og:site_name\" content=\"Laboratoires Unisson\" \/>\n<meta property=\"article:modified_time\" content=\"2025-12-03T09:08:54+00:00\" \/>\n<meta property=\"og:image\" content=\"https:\/\/www.laboratoires-unisson.com\/wp-content\/uploads\/2022\/05\/Widex-Moment-440-RIC-312.png\" \/>\n\t<meta property=\"og:image:width\" content=\"450\" \/>\n\t<meta property=\"og:image:height\" content=\"328\" \/>\n\t<meta property=\"og:image:type\" content=\"image\/png\" \/>\n<meta name=\"twitter:card\" content=\"summary_large_image\" \/>\n<meta name=\"twitter:label1\" content=\"Est. reading time\" \/>\n\t<meta name=\"twitter:data1\" content=\"2 minutes\" \/>\n<script type=\"application\/ld+json\" class=\"yoast-schema-graph\">{\"@context\":\"https:\/\/schema.org\",\"@graph\":[{\"@type\":\"WebPage\",\"@id\":\"https:\/\/www.laboratoires-unisson.com\/fr-be\/produit\/appareils-auditifs\/widex\/moment-440-ric-312\",\"url\":\"https:\/\/www.laboratoires-unisson.com\/fr-be\/produit\/appareils-auditifs\/widex\/moment-440-ric-312\",\"name\":\"Moment 440 RIC 312 - Laboratoires Unisson\",\"isPartOf\":{\"@id\":\"https:\/\/www.laboratoires-unisson.com\/fr-be#website\"},\"primaryImageOfPage\":{\"@id\":\"https:\/\/www.laboratoires-unisson.com\/fr-be\/produit\/appareils-auditifs\/widex\/moment-440-ric-312#primaryimage\"},\"image\":{\"@id\":\"https:\/\/www.laboratoires-unisson.com\/fr-be\/produit\/appareils-auditifs\/widex\/moment-440-ric-312#primaryimage\"},\"thumbnailUrl\":\"https:\/\/www.laboratoires-unisson.com\/wp-content\/uploads\/2022\/05\/Widex-Moment-440-RIC-312.png\",\"datePublished\":\"2022-05-02T13:20:00+00:00\",\"dateModified\":\"2025-12-03T09:08:54+00:00\",\"description\":\"L'appareil auditif Widex Moment 440 RIC 312 est de type contour d'oreille \u00e0 \u00e9couteur d\u00e9port\u00e9 connect\u00e9. Il int\u00e8gre la nouvelle plateforme MOMENT offrant le\",\"breadcrumb\":{\"@id\":\"https:\/\/www.laboratoires-unisson.com\/fr-be\/produit\/appareils-auditifs\/widex\/moment-440-ric-312#breadcrumb\"},\"inLanguage\":\"fr-BE\",\"potentialAction\":[{\"@type\":\"ReadAction\",\"target\":[\"https:\/\/www.laboratoires-unisson.com\/fr-be\/produit\/appareils-auditifs\/widex\/moment-440-ric-312\"]}]},{\"@type\":\"ImageObject\",\"inLanguage\":\"fr-BE\",\"@id\":\"https:\/\/www.laboratoires-unisson.com\/fr-be\/produit\/appareils-auditifs\/widex\/moment-440-ric-312#primaryimage\",\"url\":\"https:\/\/www.laboratoires-unisson.com\/wp-content\/uploads\/2022\/05\/Widex-Moment-440-RIC-312.png\",\"contentUrl\":\"https:\/\/www.laboratoires-unisson.com\/wp-content\/uploads\/2022\/05\/Widex-Moment-440-RIC-312.png\",\"width\":450,\"height\":328},{\"@type\":\"BreadcrumbList\",\"@id\":\"https:\/\/www.laboratoires-unisson.com\/fr-be\/produit\/appareils-auditifs\/widex\/moment-440-ric-312#breadcrumb\",\"itemListElement\":[{\"@type\":\"ListItem\",\"position\":1,\"name\":\"Shop\",\"item\":\"https:\/\/www.laboratoires-unisson.com\/fr-be\/shop\"},{\"@type\":\"ListItem\",\"position\":2,\"name\":\"Moment 440 RIC 312\"}]},{\"@type\":\"WebSite\",\"@id\":\"https:\/\/www.laboratoires-unisson.com\/fr-be#website\",\"url\":\"https:\/\/www.laboratoires-unisson.com\/fr-be\",\"name\":\"Laboratoires Unisson\",\"description\":\"Appareil auditif et proth\u00e8se auditive Moins Cher jusqu&#039;\u00e0 -40%\",\"publisher\":{\"@id\":\"https:\/\/www.laboratoires-unisson.com\/fr-be#organization\"},\"potentialAction\":[{\"@type\":\"SearchAction\",\"target\":{\"@type\":\"EntryPoint\",\"urlTemplate\":\"https:\/\/www.laboratoires-unisson.com\/fr-be?s={search_term_string}\"},\"query-input\":{\"@type\":\"PropertyValueSpecification\",\"valueRequired\":true,\"valueName\":\"search_term_string\"}}],\"inLanguage\":\"fr-BE\"},{\"@type\":\"Organization\",\"@id\":\"https:\/\/www.laboratoires-unisson.com\/fr-be#organization\",\"name\":\"Laboratoires Unisson\",\"url\":\"https:\/\/www.laboratoires-unisson.com\/fr-be\",\"logo\":{\"@type\":\"ImageObject\",\"inLanguage\":\"fr-BE\",\"@id\":\"https:\/\/www.laboratoires-unisson.com\/fr-be#\/schema\/logo\/image\/\",\"url\":\"https:\/\/www.laboratoires-unisson.com\/wp-content\/uploads\/2022\/01\/logo-unisson.svg\",\"contentUrl\":\"https:\/\/www.laboratoires-unisson.com\/wp-content\/uploads\/2022\/01\/logo-unisson.svg\",\"width\":1,\"height\":1,\"caption\":\"Laboratoires Unisson\"},\"image\":{\"@id\":\"https:\/\/www.laboratoires-unisson.com\/fr-be#\/schema\/logo\/image\/\"}}]}<\/script>\n<!-- \/ Yoast SEO plugin. -->","yoast_head_json":{"title":"Appareil auditif Widex Moment 440 RIC 312 \u00e0 2100\u20ac - Unisson Belgique","description":"L'appareil auditif Widex Moment 440 RIC 312 est de type contour d'oreille \u00e0 \u00e9couteur d\u00e9port\u00e9 connect\u00e9. Il int\u00e8gre la nouvelle plateforme MOMENT offrant le","robots":{"index":"index","follow":"follow","max-snippet":"max-snippet:-1","max-image-preview":"max-image-preview:large","max-video-preview":"max-video-preview:-1"},"canonical":"https:\/\/www.laboratoires-unisson.com\/fr-be\/wp-json\/wp\/v2\/product\/24647","og_locale":"fr_FR","og_type":"article","og_title":"Moment 440 RIC 312 - Laboratoires Unisson","og_description":"L'appareil auditif Widex Moment 440 RIC 312 est de type contour d'oreille \u00e0 \u00e9couteur d\u00e9port\u00e9 connect\u00e9. Il int\u00e8gre la nouvelle plateforme MOMENT offrant le","og_url":"https:\/\/www.laboratoires-unisson.com\/fr-be\/produit\/appareils-auditifs\/widex\/moment-440-ric-312","og_site_name":"Laboratoires Unisson","article_modified_time":"2025-12-03T09:08:54+00:00","og_image":[{"width":450,"height":328,"url":"https:\/\/www.laboratoires-unisson.com\/wp-content\/uploads\/2022\/05\/Widex-Moment-440-RIC-312.png","type":"image\/png"}],"twitter_card":"summary_large_image","twitter_misc":{"Est. reading time":"2 minutes"},"schema":{"@context":"https:\/\/schema.org","@graph":[{"@type":"WebPage","@id":"https:\/\/www.laboratoires-unisson.com\/fr-be\/produit\/appareils-auditifs\/widex\/moment-440-ric-312","url":"https:\/\/www.laboratoires-unisson.com\/fr-be\/produit\/appareils-auditifs\/widex\/moment-440-ric-312","name":"Moment 440 RIC 312 - Laboratoires Unisson","isPartOf":{"@id":"https:\/\/www.laboratoires-unisson.com\/fr-be#website"},"primaryImageOfPage":{"@id":"https:\/\/www.laboratoires-unisson.com\/fr-be\/produit\/appareils-auditifs\/widex\/moment-440-ric-312#primaryimage"},"image":{"@id":"https:\/\/www.laboratoires-unisson.com\/fr-be\/produit\/appareils-auditifs\/widex\/moment-440-ric-312#primaryimage"},"thumbnailUrl":"https:\/\/www.laboratoires-unisson.com\/wp-content\/uploads\/2022\/05\/Widex-Moment-440-RIC-312.png","datePublished":"2022-05-02T13:20:00+00:00","dateModified":"2025-12-03T09:08:54+00:00","description":"L'appareil auditif Widex Moment 440 RIC 312 est de type contour d'oreille \u00e0 \u00e9couteur d\u00e9port\u00e9 connect\u00e9. Il int\u00e8gre la nouvelle plateforme MOMENT offrant le","breadcrumb":{"@id":"https:\/\/www.laboratoires-unisson.com\/fr-be\/produit\/appareils-auditifs\/widex\/moment-440-ric-312#breadcrumb"},"inLanguage":"fr-BE","potentialAction":[{"@type":"ReadAction","target":["https:\/\/www.laboratoires-unisson.com\/fr-be\/produit\/appareils-auditifs\/widex\/moment-440-ric-312"]}]},{"@type":"ImageObject","inLanguage":"fr-BE","@id":"https:\/\/www.laboratoires-unisson.com\/fr-be\/produit\/appareils-auditifs\/widex\/moment-440-ric-312#primaryimage","url":"https:\/\/www.laboratoires-unisson.com\/wp-content\/uploads\/2022\/05\/Widex-Moment-440-RIC-312.png","contentUrl":"https:\/\/www.laboratoires-unisson.com\/wp-content\/uploads\/2022\/05\/Widex-Moment-440-RIC-312.png","width":450,"height":328},{"@type":"BreadcrumbList","@id":"https:\/\/www.laboratoires-unisson.com\/fr-be\/produit\/appareils-auditifs\/widex\/moment-440-ric-312#breadcrumb","itemListElement":[{"@type":"ListItem","position":1,"name":"Shop","item":"https:\/\/www.laboratoires-unisson.com\/fr-be\/shop"},{"@type":"ListItem","position":2,"name":"Moment 440 RIC 312"}]},{"@type":"WebSite","@id":"https:\/\/www.laboratoires-unisson.com\/fr-be#website","url":"https:\/\/www.laboratoires-unisson.com\/fr-be","name":"Laboratoires Unisson","description":"Appareil auditif et proth\u00e8se auditive Moins Cher jusqu&#039;\u00e0 -40%","publisher":{"@id":"https:\/\/www.laboratoires-unisson.com\/fr-be#organization"},"potentialAction":[{"@type":"SearchAction","target":{"@type":"EntryPoint","urlTemplate":"https:\/\/www.laboratoires-unisson.com\/fr-be?s={search_term_string}"},"query-input":{"@type":"PropertyValueSpecification","valueRequired":true,"valueName":"search_term_string"}}],"inLanguage":"fr-BE"},{"@type":"Organization","@id":"https:\/\/www.laboratoires-unisson.com\/fr-be#organization","name":"Laboratoires Unisson","url":"https:\/\/www.laboratoires-unisson.com\/fr-be","logo":{"@type":"ImageObject","inLanguage":"fr-BE","@id":"https:\/\/www.laboratoires-unisson.com\/fr-be#\/schema\/logo\/image\/","url":"https:\/\/www.laboratoires-unisson.com\/wp-content\/uploads\/2022\/01\/logo-unisson.svg","contentUrl":"https:\/\/www.laboratoires-unisson.com\/wp-content\/uploads\/2022\/01\/logo-unisson.svg","width":1,"height":1,"caption":"Laboratoires Unisson"},"image":{"@id":"https:\/\/www.laboratoires-unisson.com\/fr-be#\/schema\/logo\/image\/"}}]}},"_links":{"self":[{"href":"https:\/\/www.laboratoires-unisson.com\/fr-be\/wp-json\/wp\/v2\/product\/24647","targetHints":{"allow":["GET"]}}],"collection":[{"href":"https:\/\/www.laboratoires-unisson.com\/fr-be\/wp-json\/wp\/v2\/product"}],"about":[{"href":"https:\/\/www.laboratoires-unisson.com\/fr-be\/wp-json\/wp\/v2\/types\/product"}],"wp:featuredmedia":[{"embeddable":true,"href":"https:\/\/www.laboratoires-unisson.com\/fr-be\/wp-json\/wp\/v2\/media\/20830"}],"wp:attachment":[{"href":"https:\/\/www.laboratoires-unisson.com\/fr-be\/wp-json\/wp\/v2\/media?parent=24647"}],"wp:term":[{"taxonomy":"product_brand","embeddable":true,"href":"https:\/\/www.laboratoires-unisson.com\/fr-be\/wp-json\/wp\/v2\/product_brand?post=24647"},{"taxonomy":"product_cat","embeddable":true,"href":"https:\/\/www.laboratoires-unisson.com\/fr-be\/wp-json\/wp\/v2\/product_cat?post=24647"},{"taxonomy":"product_tag","embeddable":true,"href":"https:\/\/www.laboratoires-unisson.com\/fr-be\/wp-json\/wp\/v2\/product_tag?post=24647"}],"curies":[{"name":"wp","href":"https:\/\/api.w.org\/{rel}","templated":true}]}}