{"id":24651,"date":"2022-05-02T15:19:30","date_gmt":"2022-05-02T13:19:30","guid":{"rendered":"https:\/\/www.laboratoires-unisson.com\/produit\/moment-440-ric-10"},"modified":"2025-12-03T10:08:56","modified_gmt":"2025-12-03T09:08:56","slug":"moment-440-ric-10","status":"publish","type":"product","link":"https:\/\/www.laboratoires-unisson.com\/fr-be\/produit\/appareils-auditifs\/widex\/moment-440-ric-10","title":{"rendered":"Moment 440 RIC 10"},"content":{"rendered":"<p>L&#8217;appareil auditif Widex Moment 440 RIC 10 est un mod\u00e8le de type <strong>contour d&#8217;oreille \u00e0 \u00e9couteur d\u00e9port\u00e9<\/strong> proposant un <strong>son pur et naturel<\/strong>, \u00e9liminant ainsi le son m\u00e9tallique, artificiel et d\u00e9synchronis\u00e9 des appareils auditifs.<\/p>\n<h4>Pr\u00e9sentation de l&#8217;aide auditive Widex Moment 440 RIC 10<\/h4>\n<p>Il s&#8217;agit d&#8217;une <strong>aide auditive discr\u00e8te au design \u00e9pur\u00e9<\/strong> et dot\u00e9e d&#8217;une<strong> pile longue dur\u00e9e puissante<\/strong>. Elle poss\u00e8de <strong>15 canaux de r\u00e9glages<\/strong>, du <strong>multi-programmes<\/strong> et est certifi\u00e9e <strong>IP68<\/strong>. La proth\u00e8se auditive Moment 440 RIC 10 fonctionne \u00e0 <strong>piles 10<\/strong> <em>(autonomie moyenne 70h)<\/em>. Si vous pr\u00e9f\u00e9rez les mod\u00e8les rechargeables, cette proth\u00e8se existe \u00e9galement : mod\u00e8le Moment 440 mRIC R.<\/p>\n<h4>Les technologies du Widex Moment 440 RIC 10<\/h4>\n<p>Gr\u00e2ce \u00e0 la technologie <strong>ZeroDelay<\/strong>, l<strong>e d\u00e9lai de traitement entre le microphone et le r\u00e9cepteur est consid\u00e9rablement r\u00e9duit<\/strong>; les 2 signaux arrivant quasi simultan\u00e9ment au tympan. Toute impression de son d\u00e9synchronis\u00e9 est alors \u00e9limin\u00e9e.<\/p>\n<h4>Connectivit\u00e9 et accessoires<\/h4>\n<p>L&#8217;appareil auditif Moment 440 RIC 10 n&#8217;int\u00e8gre pas le Bluetooth. Afin d&#8217;en b\u00e9n\u00e9ficier, vous pouvez acqu\u00e9rir l&#8217;accessoire COM-DEX : un <strong>kit main libre<\/strong> pour diffuser le son dans vos aides auditives Widex.<\/p>\n<p>Si vous souhaitez un mod\u00e8le avec Bluetooth int\u00e9gr\u00e9, vous pouvez optez pour le mod\u00e8le rechargeable ou le mod\u00e8le fonctionnant \u00e0 piles 312.<\/p>\n<p>Compl\u00e9tez vos envies avec le RC-DEX Widex, une t\u00e9l\u00e9commande vous permettant de changer de programme et de r\u00e9gler le volume de vos proth\u00e8ses auditives en toute discr\u00e9tion.<\/p>\n<p style=\"text-align: center;\"><a class=\"btn btn-default btn-xs bg-green\" href=\"https:\/\/www.laboratoires-unisson.com\/fr-be\/rdv\">Prendre un rendez-vous gratuit <\/a><\/p>\n<h4>Fonctionnalit\u00e9s du Widex Moment 440 RIC 10<\/h4>\n<ul>\n<li>ZeroDelay\u2122<\/li>\n<li>True Acoustic<\/li>\n<li>Fluid Sound Analyzer et ses classes sonores<\/li>\n<li>SoundSense Learn<\/li>\n<li>R\u00e9ducteurs de bruits<\/li>\n<li>R\u00e9ducteurs de bruit du vent<\/li>\n<li>Compression \u00e0 vitesse variable<\/li>\n<li>Anti-larsen<\/li>\n<li>15 canaux de r\u00e9glages<\/li>\n<li>Certifi\u00e9 IP68<\/li>\n<li>Piles auditives 10<\/li>\n<li>Application mobile SoundSense Learn<\/li>\n<\/ul>\n","protected":false},"excerpt":{"rendered":"<p>L&#8217;appareil auditif Widex Moment 440 RIC 10 est un mod\u00e8le de type contour d&#8217;oreille \u00e0 \u00e9couteur d\u00e9port\u00e9 proposant un son pur et naturel, \u00e9liminant ainsi le son m\u00e9tallique, artificiel et d\u00e9synchronis\u00e9 des appareils auditifs. Pr\u00e9sentation de l&#8217;aide auditive Widex Moment 440 RIC 10 Il s&#8217;agit d&#8217;une aide auditive discr\u00e8te au design \u00e9pur\u00e9 et dot\u00e9e d&#8217;une [&hellip;]<\/p>\n","protected":false},"featured_media":19350,"template":"","meta":{"_acf_changed":false},"product_brand":[],"product_cat":[2684,2729],"product_tag":[],"class_list":{"0":"post-24651","1":"product","2":"type-product","3":"status-publish","4":"has-post-thumbnail","6":"product_cat-offre-premium-fr-be","7":"product_cat-widex-fr-be","9":"first","10":"instock","11":"taxable","12":"shipping-taxable","13":"purchasable","14":"product-type-simple"},"acf":[],"yoast_head":"<!-- This site is optimized with the Yoast SEO plugin v27.1.1 - https:\/\/yoast.com\/product\/yoast-seo-wordpress\/ -->\n<title>Appareil auditif Widex Moment 440 RIC 10 \u00e0 2100\u20ac - Unisson Belgique<\/title>\n<meta name=\"description\" content=\"L&#039;appareil auditif Widex Moment 440 RIC 10 est un mod\u00e8le de type contour d&#039;oreille \u00e0 \u00e9couteur d\u00e9port\u00e9 proposant un son pur et naturel, \u00e9liminant ainsi le\" \/>\n<meta name=\"robots\" content=\"index, follow, max-snippet:-1, max-image-preview:large, max-video-preview:-1\" \/>\n<link rel=\"canonical\" href=\"https:\/\/www.laboratoires-unisson.com\/fr-be\/wp-json\/wp\/v2\/product\/24651\" \/>\n<meta property=\"og:locale\" content=\"fr_FR\" \/>\n<meta property=\"og:type\" content=\"article\" \/>\n<meta property=\"og:title\" content=\"Moment 440 RIC 10 - Laboratoires Unisson\" \/>\n<meta property=\"og:description\" content=\"L&#039;appareil auditif Widex Moment 440 RIC 10 est un mod\u00e8le de type contour d&#039;oreille \u00e0 \u00e9couteur d\u00e9port\u00e9 proposant un son pur et naturel, \u00e9liminant ainsi le\" \/>\n<meta property=\"og:url\" content=\"https:\/\/www.laboratoires-unisson.com\/fr-be\/produit\/appareils-auditifs\/widex\/moment-440-ric-10\" \/>\n<meta property=\"og:site_name\" content=\"Laboratoires Unisson\" \/>\n<meta property=\"article:modified_time\" content=\"2025-12-03T09:08:56+00:00\" \/>\n<meta property=\"og:image\" content=\"https:\/\/www.laboratoires-unisson.com\/wp-content\/uploads\/2022\/05\/moment-440-ric-10.jpg\" \/>\n\t<meta property=\"og:image:width\" content=\"450\" \/>\n\t<meta property=\"og:image:height\" content=\"500\" \/>\n\t<meta property=\"og:image:type\" content=\"image\/jpeg\" \/>\n<meta name=\"twitter:card\" content=\"summary_large_image\" \/>\n<meta name=\"twitter:label1\" content=\"Est. reading time\" \/>\n\t<meta name=\"twitter:data1\" content=\"2 minutes\" \/>\n<script type=\"application\/ld+json\" class=\"yoast-schema-graph\">{\"@context\":\"https:\/\/schema.org\",\"@graph\":[{\"@type\":\"WebPage\",\"@id\":\"https:\/\/www.laboratoires-unisson.com\/fr-be\/produit\/appareils-auditifs\/widex\/moment-440-ric-10\",\"url\":\"https:\/\/www.laboratoires-unisson.com\/fr-be\/produit\/appareils-auditifs\/widex\/moment-440-ric-10\",\"name\":\"Moment 440 RIC 10 - Laboratoires Unisson\",\"isPartOf\":{\"@id\":\"https:\/\/www.laboratoires-unisson.com\/fr-be#website\"},\"primaryImageOfPage\":{\"@id\":\"https:\/\/www.laboratoires-unisson.com\/fr-be\/produit\/appareils-auditifs\/widex\/moment-440-ric-10#primaryimage\"},\"image\":{\"@id\":\"https:\/\/www.laboratoires-unisson.com\/fr-be\/produit\/appareils-auditifs\/widex\/moment-440-ric-10#primaryimage\"},\"thumbnailUrl\":\"https:\/\/www.laboratoires-unisson.com\/wp-content\/uploads\/2022\/05\/moment-440-ric-10.jpg\",\"datePublished\":\"2022-05-02T13:19:30+00:00\",\"dateModified\":\"2025-12-03T09:08:56+00:00\",\"description\":\"L'appareil auditif Widex Moment 440 RIC 10 est un mod\u00e8le de type contour d'oreille \u00e0 \u00e9couteur d\u00e9port\u00e9 proposant un son pur et naturel, \u00e9liminant ainsi le\",\"breadcrumb\":{\"@id\":\"https:\/\/www.laboratoires-unisson.com\/fr-be\/produit\/appareils-auditifs\/widex\/moment-440-ric-10#breadcrumb\"},\"inLanguage\":\"fr-BE\",\"potentialAction\":[{\"@type\":\"ReadAction\",\"target\":[\"https:\/\/www.laboratoires-unisson.com\/fr-be\/produit\/appareils-auditifs\/widex\/moment-440-ric-10\"]}]},{\"@type\":\"ImageObject\",\"inLanguage\":\"fr-BE\",\"@id\":\"https:\/\/www.laboratoires-unisson.com\/fr-be\/produit\/appareils-auditifs\/widex\/moment-440-ric-10#primaryimage\",\"url\":\"https:\/\/www.laboratoires-unisson.com\/wp-content\/uploads\/2022\/05\/moment-440-ric-10.jpg\",\"contentUrl\":\"https:\/\/www.laboratoires-unisson.com\/wp-content\/uploads\/2022\/05\/moment-440-ric-10.jpg\",\"width\":450,\"height\":500},{\"@type\":\"BreadcrumbList\",\"@id\":\"https:\/\/www.laboratoires-unisson.com\/fr-be\/produit\/appareils-auditifs\/widex\/moment-440-ric-10#breadcrumb\",\"itemListElement\":[{\"@type\":\"ListItem\",\"position\":1,\"name\":\"Shop\",\"item\":\"https:\/\/www.laboratoires-unisson.com\/fr-be\/shop\"},{\"@type\":\"ListItem\",\"position\":2,\"name\":\"Moment 440 RIC 10\"}]},{\"@type\":\"WebSite\",\"@id\":\"https:\/\/www.laboratoires-unisson.com\/fr-be#website\",\"url\":\"https:\/\/www.laboratoires-unisson.com\/fr-be\",\"name\":\"Laboratoires Unisson\",\"description\":\"Appareil auditif et proth\u00e8se auditive Moins Cher jusqu&#039;\u00e0 -40%\",\"publisher\":{\"@id\":\"https:\/\/www.laboratoires-unisson.com\/fr-be#organization\"},\"potentialAction\":[{\"@type\":\"SearchAction\",\"target\":{\"@type\":\"EntryPoint\",\"urlTemplate\":\"https:\/\/www.laboratoires-unisson.com\/fr-be?s={search_term_string}\"},\"query-input\":{\"@type\":\"PropertyValueSpecification\",\"valueRequired\":true,\"valueName\":\"search_term_string\"}}],\"inLanguage\":\"fr-BE\"},{\"@type\":\"Organization\",\"@id\":\"https:\/\/www.laboratoires-unisson.com\/fr-be#organization\",\"name\":\"Laboratoires Unisson\",\"url\":\"https:\/\/www.laboratoires-unisson.com\/fr-be\",\"logo\":{\"@type\":\"ImageObject\",\"inLanguage\":\"fr-BE\",\"@id\":\"https:\/\/www.laboratoires-unisson.com\/fr-be#\/schema\/logo\/image\/\",\"url\":\"https:\/\/www.laboratoires-unisson.com\/wp-content\/uploads\/2022\/01\/logo-unisson.svg\",\"contentUrl\":\"https:\/\/www.laboratoires-unisson.com\/wp-content\/uploads\/2022\/01\/logo-unisson.svg\",\"width\":1,\"height\":1,\"caption\":\"Laboratoires Unisson\"},\"image\":{\"@id\":\"https:\/\/www.laboratoires-unisson.com\/fr-be#\/schema\/logo\/image\/\"}}]}<\/script>\n<!-- \/ Yoast SEO plugin. -->","yoast_head_json":{"title":"Appareil auditif Widex Moment 440 RIC 10 \u00e0 2100\u20ac - Unisson Belgique","description":"L'appareil auditif Widex Moment 440 RIC 10 est un mod\u00e8le de type contour d'oreille \u00e0 \u00e9couteur d\u00e9port\u00e9 proposant un son pur et naturel, \u00e9liminant ainsi le","robots":{"index":"index","follow":"follow","max-snippet":"max-snippet:-1","max-image-preview":"max-image-preview:large","max-video-preview":"max-video-preview:-1"},"canonical":"https:\/\/www.laboratoires-unisson.com\/fr-be\/wp-json\/wp\/v2\/product\/24651","og_locale":"fr_FR","og_type":"article","og_title":"Moment 440 RIC 10 - Laboratoires Unisson","og_description":"L'appareil auditif Widex Moment 440 RIC 10 est un mod\u00e8le de type contour d'oreille \u00e0 \u00e9couteur d\u00e9port\u00e9 proposant un son pur et naturel, \u00e9liminant ainsi le","og_url":"https:\/\/www.laboratoires-unisson.com\/fr-be\/produit\/appareils-auditifs\/widex\/moment-440-ric-10","og_site_name":"Laboratoires Unisson","article_modified_time":"2025-12-03T09:08:56+00:00","og_image":[{"width":450,"height":500,"url":"https:\/\/www.laboratoires-unisson.com\/wp-content\/uploads\/2022\/05\/moment-440-ric-10.jpg","type":"image\/jpeg"}],"twitter_card":"summary_large_image","twitter_misc":{"Est. reading time":"2 minutes"},"schema":{"@context":"https:\/\/schema.org","@graph":[{"@type":"WebPage","@id":"https:\/\/www.laboratoires-unisson.com\/fr-be\/produit\/appareils-auditifs\/widex\/moment-440-ric-10","url":"https:\/\/www.laboratoires-unisson.com\/fr-be\/produit\/appareils-auditifs\/widex\/moment-440-ric-10","name":"Moment 440 RIC 10 - Laboratoires Unisson","isPartOf":{"@id":"https:\/\/www.laboratoires-unisson.com\/fr-be#website"},"primaryImageOfPage":{"@id":"https:\/\/www.laboratoires-unisson.com\/fr-be\/produit\/appareils-auditifs\/widex\/moment-440-ric-10#primaryimage"},"image":{"@id":"https:\/\/www.laboratoires-unisson.com\/fr-be\/produit\/appareils-auditifs\/widex\/moment-440-ric-10#primaryimage"},"thumbnailUrl":"https:\/\/www.laboratoires-unisson.com\/wp-content\/uploads\/2022\/05\/moment-440-ric-10.jpg","datePublished":"2022-05-02T13:19:30+00:00","dateModified":"2025-12-03T09:08:56+00:00","description":"L'appareil auditif Widex Moment 440 RIC 10 est un mod\u00e8le de type contour d'oreille \u00e0 \u00e9couteur d\u00e9port\u00e9 proposant un son pur et naturel, \u00e9liminant ainsi le","breadcrumb":{"@id":"https:\/\/www.laboratoires-unisson.com\/fr-be\/produit\/appareils-auditifs\/widex\/moment-440-ric-10#breadcrumb"},"inLanguage":"fr-BE","potentialAction":[{"@type":"ReadAction","target":["https:\/\/www.laboratoires-unisson.com\/fr-be\/produit\/appareils-auditifs\/widex\/moment-440-ric-10"]}]},{"@type":"ImageObject","inLanguage":"fr-BE","@id":"https:\/\/www.laboratoires-unisson.com\/fr-be\/produit\/appareils-auditifs\/widex\/moment-440-ric-10#primaryimage","url":"https:\/\/www.laboratoires-unisson.com\/wp-content\/uploads\/2022\/05\/moment-440-ric-10.jpg","contentUrl":"https:\/\/www.laboratoires-unisson.com\/wp-content\/uploads\/2022\/05\/moment-440-ric-10.jpg","width":450,"height":500},{"@type":"BreadcrumbList","@id":"https:\/\/www.laboratoires-unisson.com\/fr-be\/produit\/appareils-auditifs\/widex\/moment-440-ric-10#breadcrumb","itemListElement":[{"@type":"ListItem","position":1,"name":"Shop","item":"https:\/\/www.laboratoires-unisson.com\/fr-be\/shop"},{"@type":"ListItem","position":2,"name":"Moment 440 RIC 10"}]},{"@type":"WebSite","@id":"https:\/\/www.laboratoires-unisson.com\/fr-be#website","url":"https:\/\/www.laboratoires-unisson.com\/fr-be","name":"Laboratoires Unisson","description":"Appareil auditif et proth\u00e8se auditive Moins Cher jusqu&#039;\u00e0 -40%","publisher":{"@id":"https:\/\/www.laboratoires-unisson.com\/fr-be#organization"},"potentialAction":[{"@type":"SearchAction","target":{"@type":"EntryPoint","urlTemplate":"https:\/\/www.laboratoires-unisson.com\/fr-be?s={search_term_string}"},"query-input":{"@type":"PropertyValueSpecification","valueRequired":true,"valueName":"search_term_string"}}],"inLanguage":"fr-BE"},{"@type":"Organization","@id":"https:\/\/www.laboratoires-unisson.com\/fr-be#organization","name":"Laboratoires Unisson","url":"https:\/\/www.laboratoires-unisson.com\/fr-be","logo":{"@type":"ImageObject","inLanguage":"fr-BE","@id":"https:\/\/www.laboratoires-unisson.com\/fr-be#\/schema\/logo\/image\/","url":"https:\/\/www.laboratoires-unisson.com\/wp-content\/uploads\/2022\/01\/logo-unisson.svg","contentUrl":"https:\/\/www.laboratoires-unisson.com\/wp-content\/uploads\/2022\/01\/logo-unisson.svg","width":1,"height":1,"caption":"Laboratoires Unisson"},"image":{"@id":"https:\/\/www.laboratoires-unisson.com\/fr-be#\/schema\/logo\/image\/"}}]}},"_links":{"self":[{"href":"https:\/\/www.laboratoires-unisson.com\/fr-be\/wp-json\/wp\/v2\/product\/24651","targetHints":{"allow":["GET"]}}],"collection":[{"href":"https:\/\/www.laboratoires-unisson.com\/fr-be\/wp-json\/wp\/v2\/product"}],"about":[{"href":"https:\/\/www.laboratoires-unisson.com\/fr-be\/wp-json\/wp\/v2\/types\/product"}],"wp:featuredmedia":[{"embeddable":true,"href":"https:\/\/www.laboratoires-unisson.com\/fr-be\/wp-json\/wp\/v2\/media\/19350"}],"wp:attachment":[{"href":"https:\/\/www.laboratoires-unisson.com\/fr-be\/wp-json\/wp\/v2\/media?parent=24651"}],"wp:term":[{"taxonomy":"product_brand","embeddable":true,"href":"https:\/\/www.laboratoires-unisson.com\/fr-be\/wp-json\/wp\/v2\/product_brand?post=24651"},{"taxonomy":"product_cat","embeddable":true,"href":"https:\/\/www.laboratoires-unisson.com\/fr-be\/wp-json\/wp\/v2\/product_cat?post=24651"},{"taxonomy":"product_tag","embeddable":true,"href":"https:\/\/www.laboratoires-unisson.com\/fr-be\/wp-json\/wp\/v2\/product_tag?post=24651"}],"curies":[{"name":"wp","href":"https:\/\/api.w.org\/{rel}","templated":true}]}}