{"id":24652,"date":"2022-05-02T15:18:58","date_gmt":"2022-05-02T13:18:58","guid":{"rendered":"https:\/\/www.laboratoires-unisson.com\/produit\/moment-440-cic-micro-10"},"modified":"2025-12-03T10:08:57","modified_gmt":"2025-12-03T09:08:57","slug":"moment-440-cic-micro-10","status":"publish","type":"product","link":"https:\/\/www.laboratoires-unisson.com\/fr-be\/produit\/appareils-auditifs\/widex\/moment-440-cic-micro-10","title":{"rendered":"Moment 440 CIC Micro 10"},"content":{"rendered":"<p>L&#8217;appareil auditif Widex Moment 440 CIC Micro 10 est de type <strong>intra-auriculaire tr\u00e8s discret de classe II haut de gamme<\/strong>. Il int\u00e8gre la nouvelle puce MOMENT vous offrant une <strong>exp\u00e9rience sonore vraiment naturelle<\/strong>, une 1\u00e8re au monde ! C&#8217;est un appareil intraprofond (il se loge dans votre conduit auditif) qui est 20% plus petit que le CIC Moment 440 standard.<\/p>\n<h4>Pr\u00e9sentation de l&#8217;aide auditive Widex Moment 440 CIC Micro 10<\/h4>\n<p>La proth\u00e8se auditive Widex Moment 440 CIC 10 poss\u00e8de <strong>15 canaux de r\u00e9glages<\/strong> et est <strong>certifi\u00e9e IP68<\/strong> <em>(\u00e9tanch\u00e9it\u00e9)<\/em>. Elle fonctionne avec des <strong>piles auditives 10<\/strong>, qui sont sans mercure et poss\u00e8dent une autonomie d&#8217;environ 70h. La coque de cet appareil intra-auriculaire est disponible en bleu et rouge pour faciliter l&#8217;utilisation.<\/p>\n<h4>Les technologies du Widex Moment 440 CIC Micro 10<\/h4>\n<p>Int\u00e9grant la nouvelle plateforme <strong>Widex MOMENT\u2122<\/strong>, le son vous para\u00eetra beaucoup plus r\u00e9aliste, <strong>\u00e9liminant ainsi toute impression de son d\u00e9synchronis\u00e9<\/strong>. Ce r\u00e9sultat est d\u00fb \u00e0 l&#8217;association du traitement du signal classique et de la nouvelle <strong>technologie ZeroDelay<\/strong> r\u00e9duisant le d\u00e9lai de traitement entre le microphone et le r\u00e9cepteur \u00e0 moins de 0,5 milliseconde. <strong>Les 2 signaux arrivent alors pratiquement simultan\u00e9ment au tympan<\/strong>. Vous vivrez alors une nouvelle exp\u00e9rience sonore, baptis\u00e9e Widex PureSound\u2122.<\/p>\n<h4>Connectivit\u00e9 et accessoires<\/h4>\n<p>L&#8217;appareil auditif ne poss\u00e8de pas de connexion Bluetooth. Il faudra alors vous \u00e9quiper d&#8217;un accessoire suppl\u00e9mentaire pour en b\u00e9n\u00e9ficier : la solution <strong>COM-DEX<\/strong> qui est un <strong>kit main libre vous permettant de diffuser du son de haute qualit\u00e9 vers vos aides auditives Widex en bluetooth<\/strong>. Si vous souhaitez b\u00e9n\u00e9ficier d&#8217;une connexion Bluetooth et du streaming direct, Unisson vous recommande le <a href=\"https:\/\/www.laboratoires-unisson.com\/produit\/appareils-auditifs\/widex\/moment-440-mric-r\" target=\"_blank\" rel=\"noopener\">mod\u00e8le contour d&#8217;oreille \u00e0 \u00e9couteur d\u00e9port\u00e9<\/a>.<\/p>\n<p>D&#8217;autres accessoires sont disponibles :<\/p>\n<p>&#8211; <strong>FM-DEX Widex<\/strong>, fonctionnant comme une bobine d&#8217;induction vous permettant de recevoir des signaux FM,<\/p>\n<p>&#8211; <strong>RC-DEX Widex<\/strong>, t\u00e9l\u00e9commande tr\u00e8s discr\u00e8te vous permettant de changer de programme et r\u00e9gler le volume de votre appareil auditif<\/p>\n<h4>Fonctionnalit\u00e9s du Widex Moment 440 CIC Micro 10<\/h4>\n<ul>\n<li>ZeroDelay\u2122<\/li>\n<li>True Acoustic<\/li>\n<li>Fluid Sound Analyzer et ses classes sonores<\/li>\n<li>SoundSense Learn<\/li>\n<li>R\u00e9ducteurs de bruits<\/li>\n<li>R\u00e9ducteurs de bruit du vent<\/li>\n<li>Compression \u00e0 vitesse variable<\/li>\n<li>Anti-larsen<\/li>\n<li>15 canaux de r\u00e9glages<\/li>\n<li>Bouton poussoir<\/li>\n<li>Certifi\u00e9 IP68<\/li>\n<li>Piles auditives 10<\/li>\n<li>Changement de programme via l&#8217;application TONELINK<\/li>\n<li>R\u00e9glages \u00e0 distance<\/li>\n<\/ul>\n","protected":false},"excerpt":{"rendered":"<p>L&#8217;appareil auditif Widex Moment 440 CIC Micro 10 est de type intra-auriculaire tr\u00e8s discret de classe II haut de gamme. Il int\u00e8gre la nouvelle puce MOMENT vous offrant une exp\u00e9rience sonore vraiment naturelle, une 1\u00e8re au monde ! C&#8217;est un appareil intraprofond (il se loge dans votre conduit auditif) qui est 20% plus petit que [&hellip;]<\/p>\n","protected":false},"featured_media":20846,"template":"","meta":{"_acf_changed":false},"product_brand":[],"product_cat":[2684,2729],"product_tag":[],"class_list":{"0":"post-24652","1":"product","2":"type-product","3":"status-publish","4":"has-post-thumbnail","6":"product_cat-offre-premium-fr-be","7":"product_cat-widex-fr-be","9":"first","10":"instock","11":"taxable","12":"shipping-taxable","13":"purchasable","14":"product-type-simple"},"acf":[],"yoast_head":"<!-- This site is optimized with the Yoast SEO plugin v27.1.1 - https:\/\/yoast.com\/product\/yoast-seo-wordpress\/ -->\n<title>Appareil auditif Widex Moment 440 CIC Micro 10 \u00e0 2100\u20ac - Unisson Belgique<\/title>\n<meta name=\"description\" content=\"L&#039;appareil auditif Widex Moment 440 CIC Micro 10 est de type intra-auriculaire tr\u00e8s discret de classe II haut de gamme. Il int\u00e8gre la nouvelle puce MOMENT\" \/>\n<meta name=\"robots\" content=\"index, follow, max-snippet:-1, max-image-preview:large, max-video-preview:-1\" \/>\n<link rel=\"canonical\" href=\"https:\/\/www.laboratoires-unisson.com\/fr-be\/wp-json\/wp\/v2\/product\/24652\" \/>\n<meta property=\"og:locale\" content=\"fr_FR\" \/>\n<meta property=\"og:type\" content=\"article\" \/>\n<meta property=\"og:title\" content=\"Moment 440 CIC Micro 10 - Laboratoires Unisson\" \/>\n<meta property=\"og:description\" content=\"L&#039;appareil auditif Widex Moment 440 CIC Micro 10 est de type intra-auriculaire tr\u00e8s discret de classe II haut de gamme. Il int\u00e8gre la nouvelle puce MOMENT\" \/>\n<meta property=\"og:url\" content=\"https:\/\/www.laboratoires-unisson.com\/fr-be\/produit\/appareils-auditifs\/widex\/moment-440-cic-micro-10\" \/>\n<meta property=\"og:site_name\" content=\"Laboratoires Unisson\" \/>\n<meta property=\"article:modified_time\" content=\"2025-12-03T09:08:57+00:00\" \/>\n<meta property=\"og:image\" content=\"https:\/\/www.laboratoires-unisson.com\/wp-content\/uploads\/2022\/05\/Widex-Moment-440-CIC-Micro-10.png\" \/>\n\t<meta property=\"og:image:width\" content=\"450\" \/>\n\t<meta property=\"og:image:height\" content=\"500\" \/>\n\t<meta property=\"og:image:type\" content=\"image\/png\" \/>\n<meta name=\"twitter:card\" content=\"summary_large_image\" \/>\n<meta name=\"twitter:label1\" content=\"Est. reading time\" \/>\n\t<meta name=\"twitter:data1\" content=\"3 minutes\" \/>\n<script type=\"application\/ld+json\" class=\"yoast-schema-graph\">{\"@context\":\"https:\/\/schema.org\",\"@graph\":[{\"@type\":\"WebPage\",\"@id\":\"https:\/\/www.laboratoires-unisson.com\/fr-be\/produit\/appareils-auditifs\/widex\/moment-440-cic-micro-10\",\"url\":\"https:\/\/www.laboratoires-unisson.com\/fr-be\/produit\/appareils-auditifs\/widex\/moment-440-cic-micro-10\",\"name\":\"Moment 440 CIC Micro 10 - Laboratoires Unisson\",\"isPartOf\":{\"@id\":\"https:\/\/www.laboratoires-unisson.com\/fr-be#website\"},\"primaryImageOfPage\":{\"@id\":\"https:\/\/www.laboratoires-unisson.com\/fr-be\/produit\/appareils-auditifs\/widex\/moment-440-cic-micro-10#primaryimage\"},\"image\":{\"@id\":\"https:\/\/www.laboratoires-unisson.com\/fr-be\/produit\/appareils-auditifs\/widex\/moment-440-cic-micro-10#primaryimage\"},\"thumbnailUrl\":\"https:\/\/www.laboratoires-unisson.com\/wp-content\/uploads\/2022\/05\/Widex-Moment-440-CIC-Micro-10.png\",\"datePublished\":\"2022-05-02T13:18:58+00:00\",\"dateModified\":\"2025-12-03T09:08:57+00:00\",\"description\":\"L'appareil auditif Widex Moment 440 CIC Micro 10 est de type intra-auriculaire tr\u00e8s discret de classe II haut de gamme. Il int\u00e8gre la nouvelle puce MOMENT\",\"breadcrumb\":{\"@id\":\"https:\/\/www.laboratoires-unisson.com\/fr-be\/produit\/appareils-auditifs\/widex\/moment-440-cic-micro-10#breadcrumb\"},\"inLanguage\":\"fr-BE\",\"potentialAction\":[{\"@type\":\"ReadAction\",\"target\":[\"https:\/\/www.laboratoires-unisson.com\/fr-be\/produit\/appareils-auditifs\/widex\/moment-440-cic-micro-10\"]}]},{\"@type\":\"ImageObject\",\"inLanguage\":\"fr-BE\",\"@id\":\"https:\/\/www.laboratoires-unisson.com\/fr-be\/produit\/appareils-auditifs\/widex\/moment-440-cic-micro-10#primaryimage\",\"url\":\"https:\/\/www.laboratoires-unisson.com\/wp-content\/uploads\/2022\/05\/Widex-Moment-440-CIC-Micro-10.png\",\"contentUrl\":\"https:\/\/www.laboratoires-unisson.com\/wp-content\/uploads\/2022\/05\/Widex-Moment-440-CIC-Micro-10.png\",\"width\":450,\"height\":500},{\"@type\":\"BreadcrumbList\",\"@id\":\"https:\/\/www.laboratoires-unisson.com\/fr-be\/produit\/appareils-auditifs\/widex\/moment-440-cic-micro-10#breadcrumb\",\"itemListElement\":[{\"@type\":\"ListItem\",\"position\":1,\"name\":\"Shop\",\"item\":\"https:\/\/www.laboratoires-unisson.com\/fr-be\/shop\"},{\"@type\":\"ListItem\",\"position\":2,\"name\":\"Moment 440 CIC Micro 10\"}]},{\"@type\":\"WebSite\",\"@id\":\"https:\/\/www.laboratoires-unisson.com\/fr-be#website\",\"url\":\"https:\/\/www.laboratoires-unisson.com\/fr-be\",\"name\":\"Laboratoires Unisson\",\"description\":\"Appareil auditif et proth\u00e8se auditive Moins Cher jusqu&#039;\u00e0 -40%\",\"publisher\":{\"@id\":\"https:\/\/www.laboratoires-unisson.com\/fr-be#organization\"},\"potentialAction\":[{\"@type\":\"SearchAction\",\"target\":{\"@type\":\"EntryPoint\",\"urlTemplate\":\"https:\/\/www.laboratoires-unisson.com\/fr-be?s={search_term_string}\"},\"query-input\":{\"@type\":\"PropertyValueSpecification\",\"valueRequired\":true,\"valueName\":\"search_term_string\"}}],\"inLanguage\":\"fr-BE\"},{\"@type\":\"Organization\",\"@id\":\"https:\/\/www.laboratoires-unisson.com\/fr-be#organization\",\"name\":\"Laboratoires Unisson\",\"url\":\"https:\/\/www.laboratoires-unisson.com\/fr-be\",\"logo\":{\"@type\":\"ImageObject\",\"inLanguage\":\"fr-BE\",\"@id\":\"https:\/\/www.laboratoires-unisson.com\/fr-be#\/schema\/logo\/image\/\",\"url\":\"https:\/\/www.laboratoires-unisson.com\/wp-content\/uploads\/2022\/01\/logo-unisson.svg\",\"contentUrl\":\"https:\/\/www.laboratoires-unisson.com\/wp-content\/uploads\/2022\/01\/logo-unisson.svg\",\"width\":1,\"height\":1,\"caption\":\"Laboratoires Unisson\"},\"image\":{\"@id\":\"https:\/\/www.laboratoires-unisson.com\/fr-be#\/schema\/logo\/image\/\"}}]}<\/script>\n<!-- \/ Yoast SEO plugin. -->","yoast_head_json":{"title":"Appareil auditif Widex Moment 440 CIC Micro 10 \u00e0 2100\u20ac - Unisson Belgique","description":"L'appareil auditif Widex Moment 440 CIC Micro 10 est de type intra-auriculaire tr\u00e8s discret de classe II haut de gamme. Il int\u00e8gre la nouvelle puce MOMENT","robots":{"index":"index","follow":"follow","max-snippet":"max-snippet:-1","max-image-preview":"max-image-preview:large","max-video-preview":"max-video-preview:-1"},"canonical":"https:\/\/www.laboratoires-unisson.com\/fr-be\/wp-json\/wp\/v2\/product\/24652","og_locale":"fr_FR","og_type":"article","og_title":"Moment 440 CIC Micro 10 - Laboratoires Unisson","og_description":"L'appareil auditif Widex Moment 440 CIC Micro 10 est de type intra-auriculaire tr\u00e8s discret de classe II haut de gamme. Il int\u00e8gre la nouvelle puce MOMENT","og_url":"https:\/\/www.laboratoires-unisson.com\/fr-be\/produit\/appareils-auditifs\/widex\/moment-440-cic-micro-10","og_site_name":"Laboratoires Unisson","article_modified_time":"2025-12-03T09:08:57+00:00","og_image":[{"width":450,"height":500,"url":"https:\/\/www.laboratoires-unisson.com\/wp-content\/uploads\/2022\/05\/Widex-Moment-440-CIC-Micro-10.png","type":"image\/png"}],"twitter_card":"summary_large_image","twitter_misc":{"Est. reading time":"3 minutes"},"schema":{"@context":"https:\/\/schema.org","@graph":[{"@type":"WebPage","@id":"https:\/\/www.laboratoires-unisson.com\/fr-be\/produit\/appareils-auditifs\/widex\/moment-440-cic-micro-10","url":"https:\/\/www.laboratoires-unisson.com\/fr-be\/produit\/appareils-auditifs\/widex\/moment-440-cic-micro-10","name":"Moment 440 CIC Micro 10 - Laboratoires Unisson","isPartOf":{"@id":"https:\/\/www.laboratoires-unisson.com\/fr-be#website"},"primaryImageOfPage":{"@id":"https:\/\/www.laboratoires-unisson.com\/fr-be\/produit\/appareils-auditifs\/widex\/moment-440-cic-micro-10#primaryimage"},"image":{"@id":"https:\/\/www.laboratoires-unisson.com\/fr-be\/produit\/appareils-auditifs\/widex\/moment-440-cic-micro-10#primaryimage"},"thumbnailUrl":"https:\/\/www.laboratoires-unisson.com\/wp-content\/uploads\/2022\/05\/Widex-Moment-440-CIC-Micro-10.png","datePublished":"2022-05-02T13:18:58+00:00","dateModified":"2025-12-03T09:08:57+00:00","description":"L'appareil auditif Widex Moment 440 CIC Micro 10 est de type intra-auriculaire tr\u00e8s discret de classe II haut de gamme. Il int\u00e8gre la nouvelle puce MOMENT","breadcrumb":{"@id":"https:\/\/www.laboratoires-unisson.com\/fr-be\/produit\/appareils-auditifs\/widex\/moment-440-cic-micro-10#breadcrumb"},"inLanguage":"fr-BE","potentialAction":[{"@type":"ReadAction","target":["https:\/\/www.laboratoires-unisson.com\/fr-be\/produit\/appareils-auditifs\/widex\/moment-440-cic-micro-10"]}]},{"@type":"ImageObject","inLanguage":"fr-BE","@id":"https:\/\/www.laboratoires-unisson.com\/fr-be\/produit\/appareils-auditifs\/widex\/moment-440-cic-micro-10#primaryimage","url":"https:\/\/www.laboratoires-unisson.com\/wp-content\/uploads\/2022\/05\/Widex-Moment-440-CIC-Micro-10.png","contentUrl":"https:\/\/www.laboratoires-unisson.com\/wp-content\/uploads\/2022\/05\/Widex-Moment-440-CIC-Micro-10.png","width":450,"height":500},{"@type":"BreadcrumbList","@id":"https:\/\/www.laboratoires-unisson.com\/fr-be\/produit\/appareils-auditifs\/widex\/moment-440-cic-micro-10#breadcrumb","itemListElement":[{"@type":"ListItem","position":1,"name":"Shop","item":"https:\/\/www.laboratoires-unisson.com\/fr-be\/shop"},{"@type":"ListItem","position":2,"name":"Moment 440 CIC Micro 10"}]},{"@type":"WebSite","@id":"https:\/\/www.laboratoires-unisson.com\/fr-be#website","url":"https:\/\/www.laboratoires-unisson.com\/fr-be","name":"Laboratoires Unisson","description":"Appareil auditif et proth\u00e8se auditive Moins Cher jusqu&#039;\u00e0 -40%","publisher":{"@id":"https:\/\/www.laboratoires-unisson.com\/fr-be#organization"},"potentialAction":[{"@type":"SearchAction","target":{"@type":"EntryPoint","urlTemplate":"https:\/\/www.laboratoires-unisson.com\/fr-be?s={search_term_string}"},"query-input":{"@type":"PropertyValueSpecification","valueRequired":true,"valueName":"search_term_string"}}],"inLanguage":"fr-BE"},{"@type":"Organization","@id":"https:\/\/www.laboratoires-unisson.com\/fr-be#organization","name":"Laboratoires Unisson","url":"https:\/\/www.laboratoires-unisson.com\/fr-be","logo":{"@type":"ImageObject","inLanguage":"fr-BE","@id":"https:\/\/www.laboratoires-unisson.com\/fr-be#\/schema\/logo\/image\/","url":"https:\/\/www.laboratoires-unisson.com\/wp-content\/uploads\/2022\/01\/logo-unisson.svg","contentUrl":"https:\/\/www.laboratoires-unisson.com\/wp-content\/uploads\/2022\/01\/logo-unisson.svg","width":1,"height":1,"caption":"Laboratoires Unisson"},"image":{"@id":"https:\/\/www.laboratoires-unisson.com\/fr-be#\/schema\/logo\/image\/"}}]}},"_links":{"self":[{"href":"https:\/\/www.laboratoires-unisson.com\/fr-be\/wp-json\/wp\/v2\/product\/24652","targetHints":{"allow":["GET"]}}],"collection":[{"href":"https:\/\/www.laboratoires-unisson.com\/fr-be\/wp-json\/wp\/v2\/product"}],"about":[{"href":"https:\/\/www.laboratoires-unisson.com\/fr-be\/wp-json\/wp\/v2\/types\/product"}],"wp:featuredmedia":[{"embeddable":true,"href":"https:\/\/www.laboratoires-unisson.com\/fr-be\/wp-json\/wp\/v2\/media\/20846"}],"wp:attachment":[{"href":"https:\/\/www.laboratoires-unisson.com\/fr-be\/wp-json\/wp\/v2\/media?parent=24652"}],"wp:term":[{"taxonomy":"product_brand","embeddable":true,"href":"https:\/\/www.laboratoires-unisson.com\/fr-be\/wp-json\/wp\/v2\/product_brand?post=24652"},{"taxonomy":"product_cat","embeddable":true,"href":"https:\/\/www.laboratoires-unisson.com\/fr-be\/wp-json\/wp\/v2\/product_cat?post=24652"},{"taxonomy":"product_tag","embeddable":true,"href":"https:\/\/www.laboratoires-unisson.com\/fr-be\/wp-json\/wp\/v2\/product_tag?post=24652"}],"curies":[{"name":"wp","href":"https:\/\/api.w.org\/{rel}","templated":true}]}}