{"id":24654,"date":"2022-05-02T15:18:47","date_gmt":"2022-05-02T13:18:47","guid":{"rendered":"https:\/\/www.laboratoires-unisson.com\/produit\/moment-330-bte-rd"},"modified":"2025-12-03T10:08:58","modified_gmt":"2025-12-03T09:08:58","slug":"moment-330-bte-rd","status":"publish","type":"product","link":"https:\/\/www.laboratoires-unisson.com\/fr-be\/produit\/appareils-auditifs\/widex\/moment-330-bte-rd","title":{"rendered":"Moment 330 BTE RD"},"content":{"rendered":"<p>L&#8217;appareil auditif Widex Moment 330 BTE RD est un mod\u00e8le<strong> contour d&#8217;oreille rechargeable<\/strong>, aliment\u00e9 par la technologie innovante PureSound pour un <strong>traitement du son plus rapide et meilleur sans distorsion<\/strong>. Ce mod\u00e8le est un milieu de gamme qui s&#8217;adresse \u00e0 des patients ayant une perte auditive s\u00e9v\u00e8re \u00e0 profonde.<\/p>\n<h3>Technologies Premium pour la gamme Moment BTE RD<\/h3>\n<h4>PureSound &amp; ZeroDelay<\/h4>\n<p>La technologie PureSound d\u00e9velopp\u00e9e par Widex est unique et r\u00e9volutionnaire. Les appareils qui en sont \u00e9quip\u00e9s, d\u00e9livrent un <strong>son pur, non d\u00e9form\u00e9 et naturel<\/strong>, sans aucun retard du son gr\u00e2ce au traitement sonore ZeroDelay. Cet appareil auditif am\u00e9liore la perception sonore, vous permettant de mieux vous connecter avec votre environnement.<\/p>\n<p>Notez que la plupart des aides auditives standards ont g\u00e9n\u00e9ralement leur son trait\u00e9 atteignant le tympan de l&#8217;utilisateur plus tard que le son serait normalement entendu directement. Ainsi, chaque fois que ces deux signaux &#8220;d\u00e9synchronis\u00e9s&#8221; se m\u00e9langent, vous obtenez un son artificiel.<\/p>\n<p>Cependant, la technologie PureSound utilis\u00e9e sur les appareils Moment BTE RD permet finalement \u00e0 ces aides auditives de traiter tous les sons \u00e0 une vitesse fulgurante gr\u00e2ce \u00e0 leur traitement sonore ZeroDelay.<\/p>\n<h4>Batterie rechargeable<\/h4>\n<p>Le mod\u00e8le Moment 330 BTE RD est aliment\u00e9 par une<strong> batterie rechargeable lithium ion<\/strong>. Comptez 24h d&#8217;autonomie pour 8h de streaming et jusqu&#8217;\u00e0 37h d&#8217;autonomie en une seule charge (sans utiliser le streaming) !<\/p>\n<h4>Connexion Bluetooth ASHA<\/h4>\n<p>Cette aide auditive offre une <strong>diffusion directe<\/strong> sur les appareils Android et Apple, ainsi que sur les appareils Widex TV Play et WidexLink. Elle utilise la norme Android Audio Streaming for Hearing Aids (ASHA).<\/p>\n<h3>Caract\u00e9ristiques du mod\u00e8le Moment 330 BTE RD<\/h3>\n<ul>\n<li>12 canaux de r\u00e9glages<\/li>\n<li>Bouton poussoir<\/li>\n<li>Bobine \u00e0 induction<\/li>\n<li>Certification IP68<\/li>\n<li>Indicateur LED<\/li>\n<li>Connexion Bluetooth ASHA<\/li>\n<li>4 programmes d&#8217;\u00e9coute manuels<\/li>\n<li>Batterie lithium ion<\/li>\n<li>Technologies PureSound &amp; ZeroDelay<\/li>\n<\/ul>\n","protected":false},"excerpt":{"rendered":"<p>L&#8217;appareil auditif Widex Moment 330 BTE RD est un mod\u00e8le contour d&#8217;oreille rechargeable, aliment\u00e9 par la technologie innovante PureSound pour un traitement du son plus rapide et meilleur sans distorsion. Ce mod\u00e8le est un milieu de gamme qui s&#8217;adresse \u00e0 des patients ayant une perte auditive s\u00e9v\u00e8re \u00e0 profonde. Technologies Premium pour la gamme Moment [&hellip;]<\/p>\n","protected":false},"featured_media":19347,"template":"","meta":{"_acf_changed":false},"product_brand":[],"product_cat":[2729],"product_tag":[],"class_list":{"0":"post-24654","1":"product","2":"type-product","3":"status-publish","4":"has-post-thumbnail","6":"product_cat-widex-fr-be","8":"first","9":"instock","10":"taxable","11":"shipping-taxable","12":"purchasable","13":"product-type-simple"},"acf":[],"yoast_head":"<!-- This site is optimized with the Yoast SEO plugin v27.1.1 - https:\/\/yoast.com\/product\/yoast-seo-wordpress\/ -->\n<title>Appareil auditif Widex Moment 330 BTE RD \u00e0 1900\u20ac - Unisson Belgique<\/title>\n<meta name=\"description\" content=\"Am\u00e9liorez votre audition avec le Widex Moment 330 BTE RD. Disponible chez Unisson, offrant une qualit\u00e9 sonore sup\u00e9rieure \u00e0 un prix comp\u00e9titif.\" \/>\n<meta name=\"robots\" content=\"index, follow, max-snippet:-1, max-image-preview:large, max-video-preview:-1\" \/>\n<link rel=\"canonical\" href=\"https:\/\/www.laboratoires-unisson.com\/fr-be\/wp-json\/wp\/v2\/product\/24654\" \/>\n<meta property=\"og:locale\" content=\"fr_FR\" \/>\n<meta property=\"og:type\" content=\"article\" \/>\n<meta property=\"og:title\" content=\"Moment 330 BTE RD - Laboratoires Unisson\" \/>\n<meta property=\"og:description\" content=\"Am\u00e9liorez votre audition avec le Widex Moment 330 BTE RD. Disponible chez Unisson, offrant une qualit\u00e9 sonore sup\u00e9rieure \u00e0 un prix comp\u00e9titif.\" \/>\n<meta property=\"og:url\" content=\"https:\/\/www.laboratoires-unisson.com\/fr-be\/produit\/appareils-auditifs\/widex\/moment-330-bte-rd\" \/>\n<meta property=\"og:site_name\" content=\"Laboratoires Unisson\" \/>\n<meta property=\"article:modified_time\" content=\"2025-12-03T09:08:58+00:00\" \/>\n<meta property=\"og:image\" content=\"https:\/\/www.laboratoires-unisson.com\/wp-content\/uploads\/2022\/05\/moment-330-bte-rd.jpg\" \/>\n\t<meta property=\"og:image:width\" content=\"450\" \/>\n\t<meta property=\"og:image:height\" content=\"500\" \/>\n\t<meta property=\"og:image:type\" content=\"image\/jpeg\" \/>\n<meta name=\"twitter:card\" content=\"summary_large_image\" \/>\n<meta name=\"twitter:label1\" content=\"Est. reading time\" \/>\n\t<meta name=\"twitter:data1\" content=\"2 minutes\" \/>\n<script type=\"application\/ld+json\" class=\"yoast-schema-graph\">{\"@context\":\"https:\/\/schema.org\",\"@graph\":[{\"@type\":\"WebPage\",\"@id\":\"https:\/\/www.laboratoires-unisson.com\/fr-be\/produit\/appareils-auditifs\/widex\/moment-330-bte-rd\",\"url\":\"https:\/\/www.laboratoires-unisson.com\/fr-be\/produit\/appareils-auditifs\/widex\/moment-330-bte-rd\",\"name\":\"Moment 330 BTE RD - Laboratoires Unisson\",\"isPartOf\":{\"@id\":\"https:\/\/www.laboratoires-unisson.com\/fr-be#website\"},\"primaryImageOfPage\":{\"@id\":\"https:\/\/www.laboratoires-unisson.com\/fr-be\/produit\/appareils-auditifs\/widex\/moment-330-bte-rd#primaryimage\"},\"image\":{\"@id\":\"https:\/\/www.laboratoires-unisson.com\/fr-be\/produit\/appareils-auditifs\/widex\/moment-330-bte-rd#primaryimage\"},\"thumbnailUrl\":\"https:\/\/www.laboratoires-unisson.com\/wp-content\/uploads\/2022\/05\/moment-330-bte-rd.jpg\",\"datePublished\":\"2022-05-02T13:18:47+00:00\",\"dateModified\":\"2025-12-03T09:08:58+00:00\",\"description\":\"Am\u00e9liorez votre audition avec le Widex Moment 330 BTE RD. Disponible chez Unisson, offrant une qualit\u00e9 sonore sup\u00e9rieure \u00e0 un prix comp\u00e9titif.\",\"breadcrumb\":{\"@id\":\"https:\/\/www.laboratoires-unisson.com\/fr-be\/produit\/appareils-auditifs\/widex\/moment-330-bte-rd#breadcrumb\"},\"inLanguage\":\"fr-BE\",\"potentialAction\":[{\"@type\":\"ReadAction\",\"target\":[\"https:\/\/www.laboratoires-unisson.com\/fr-be\/produit\/appareils-auditifs\/widex\/moment-330-bte-rd\"]}]},{\"@type\":\"ImageObject\",\"inLanguage\":\"fr-BE\",\"@id\":\"https:\/\/www.laboratoires-unisson.com\/fr-be\/produit\/appareils-auditifs\/widex\/moment-330-bte-rd#primaryimage\",\"url\":\"https:\/\/www.laboratoires-unisson.com\/wp-content\/uploads\/2022\/05\/moment-330-bte-rd.jpg\",\"contentUrl\":\"https:\/\/www.laboratoires-unisson.com\/wp-content\/uploads\/2022\/05\/moment-330-bte-rd.jpg\",\"width\":450,\"height\":500},{\"@type\":\"BreadcrumbList\",\"@id\":\"https:\/\/www.laboratoires-unisson.com\/fr-be\/produit\/appareils-auditifs\/widex\/moment-330-bte-rd#breadcrumb\",\"itemListElement\":[{\"@type\":\"ListItem\",\"position\":1,\"name\":\"Shop\",\"item\":\"https:\/\/www.laboratoires-unisson.com\/fr-be\/shop\"},{\"@type\":\"ListItem\",\"position\":2,\"name\":\"Moment 330 BTE RD\"}]},{\"@type\":\"WebSite\",\"@id\":\"https:\/\/www.laboratoires-unisson.com\/fr-be#website\",\"url\":\"https:\/\/www.laboratoires-unisson.com\/fr-be\",\"name\":\"Laboratoires Unisson\",\"description\":\"Appareil auditif et proth\u00e8se auditive Moins Cher jusqu&#039;\u00e0 -40%\",\"publisher\":{\"@id\":\"https:\/\/www.laboratoires-unisson.com\/fr-be#organization\"},\"potentialAction\":[{\"@type\":\"SearchAction\",\"target\":{\"@type\":\"EntryPoint\",\"urlTemplate\":\"https:\/\/www.laboratoires-unisson.com\/fr-be?s={search_term_string}\"},\"query-input\":{\"@type\":\"PropertyValueSpecification\",\"valueRequired\":true,\"valueName\":\"search_term_string\"}}],\"inLanguage\":\"fr-BE\"},{\"@type\":\"Organization\",\"@id\":\"https:\/\/www.laboratoires-unisson.com\/fr-be#organization\",\"name\":\"Laboratoires Unisson\",\"url\":\"https:\/\/www.laboratoires-unisson.com\/fr-be\",\"logo\":{\"@type\":\"ImageObject\",\"inLanguage\":\"fr-BE\",\"@id\":\"https:\/\/www.laboratoires-unisson.com\/fr-be#\/schema\/logo\/image\/\",\"url\":\"https:\/\/www.laboratoires-unisson.com\/wp-content\/uploads\/2022\/01\/logo-unisson.svg\",\"contentUrl\":\"https:\/\/www.laboratoires-unisson.com\/wp-content\/uploads\/2022\/01\/logo-unisson.svg\",\"width\":1,\"height\":1,\"caption\":\"Laboratoires Unisson\"},\"image\":{\"@id\":\"https:\/\/www.laboratoires-unisson.com\/fr-be#\/schema\/logo\/image\/\"}}]}<\/script>\n<!-- \/ Yoast SEO plugin. -->","yoast_head_json":{"title":"Appareil auditif Widex Moment 330 BTE RD \u00e0 1900\u20ac - Unisson Belgique","description":"Am\u00e9liorez votre audition avec le Widex Moment 330 BTE RD. Disponible chez Unisson, offrant une qualit\u00e9 sonore sup\u00e9rieure \u00e0 un prix comp\u00e9titif.","robots":{"index":"index","follow":"follow","max-snippet":"max-snippet:-1","max-image-preview":"max-image-preview:large","max-video-preview":"max-video-preview:-1"},"canonical":"https:\/\/www.laboratoires-unisson.com\/fr-be\/wp-json\/wp\/v2\/product\/24654","og_locale":"fr_FR","og_type":"article","og_title":"Moment 330 BTE RD - Laboratoires Unisson","og_description":"Am\u00e9liorez votre audition avec le Widex Moment 330 BTE RD. Disponible chez Unisson, offrant une qualit\u00e9 sonore sup\u00e9rieure \u00e0 un prix comp\u00e9titif.","og_url":"https:\/\/www.laboratoires-unisson.com\/fr-be\/produit\/appareils-auditifs\/widex\/moment-330-bte-rd","og_site_name":"Laboratoires Unisson","article_modified_time":"2025-12-03T09:08:58+00:00","og_image":[{"width":450,"height":500,"url":"https:\/\/www.laboratoires-unisson.com\/wp-content\/uploads\/2022\/05\/moment-330-bte-rd.jpg","type":"image\/jpeg"}],"twitter_card":"summary_large_image","twitter_misc":{"Est. reading time":"2 minutes"},"schema":{"@context":"https:\/\/schema.org","@graph":[{"@type":"WebPage","@id":"https:\/\/www.laboratoires-unisson.com\/fr-be\/produit\/appareils-auditifs\/widex\/moment-330-bte-rd","url":"https:\/\/www.laboratoires-unisson.com\/fr-be\/produit\/appareils-auditifs\/widex\/moment-330-bte-rd","name":"Moment 330 BTE RD - Laboratoires Unisson","isPartOf":{"@id":"https:\/\/www.laboratoires-unisson.com\/fr-be#website"},"primaryImageOfPage":{"@id":"https:\/\/www.laboratoires-unisson.com\/fr-be\/produit\/appareils-auditifs\/widex\/moment-330-bte-rd#primaryimage"},"image":{"@id":"https:\/\/www.laboratoires-unisson.com\/fr-be\/produit\/appareils-auditifs\/widex\/moment-330-bte-rd#primaryimage"},"thumbnailUrl":"https:\/\/www.laboratoires-unisson.com\/wp-content\/uploads\/2022\/05\/moment-330-bte-rd.jpg","datePublished":"2022-05-02T13:18:47+00:00","dateModified":"2025-12-03T09:08:58+00:00","description":"Am\u00e9liorez votre audition avec le Widex Moment 330 BTE RD. Disponible chez Unisson, offrant une qualit\u00e9 sonore sup\u00e9rieure \u00e0 un prix comp\u00e9titif.","breadcrumb":{"@id":"https:\/\/www.laboratoires-unisson.com\/fr-be\/produit\/appareils-auditifs\/widex\/moment-330-bte-rd#breadcrumb"},"inLanguage":"fr-BE","potentialAction":[{"@type":"ReadAction","target":["https:\/\/www.laboratoires-unisson.com\/fr-be\/produit\/appareils-auditifs\/widex\/moment-330-bte-rd"]}]},{"@type":"ImageObject","inLanguage":"fr-BE","@id":"https:\/\/www.laboratoires-unisson.com\/fr-be\/produit\/appareils-auditifs\/widex\/moment-330-bte-rd#primaryimage","url":"https:\/\/www.laboratoires-unisson.com\/wp-content\/uploads\/2022\/05\/moment-330-bte-rd.jpg","contentUrl":"https:\/\/www.laboratoires-unisson.com\/wp-content\/uploads\/2022\/05\/moment-330-bte-rd.jpg","width":450,"height":500},{"@type":"BreadcrumbList","@id":"https:\/\/www.laboratoires-unisson.com\/fr-be\/produit\/appareils-auditifs\/widex\/moment-330-bte-rd#breadcrumb","itemListElement":[{"@type":"ListItem","position":1,"name":"Shop","item":"https:\/\/www.laboratoires-unisson.com\/fr-be\/shop"},{"@type":"ListItem","position":2,"name":"Moment 330 BTE RD"}]},{"@type":"WebSite","@id":"https:\/\/www.laboratoires-unisson.com\/fr-be#website","url":"https:\/\/www.laboratoires-unisson.com\/fr-be","name":"Laboratoires Unisson","description":"Appareil auditif et proth\u00e8se auditive Moins Cher jusqu&#039;\u00e0 -40%","publisher":{"@id":"https:\/\/www.laboratoires-unisson.com\/fr-be#organization"},"potentialAction":[{"@type":"SearchAction","target":{"@type":"EntryPoint","urlTemplate":"https:\/\/www.laboratoires-unisson.com\/fr-be?s={search_term_string}"},"query-input":{"@type":"PropertyValueSpecification","valueRequired":true,"valueName":"search_term_string"}}],"inLanguage":"fr-BE"},{"@type":"Organization","@id":"https:\/\/www.laboratoires-unisson.com\/fr-be#organization","name":"Laboratoires Unisson","url":"https:\/\/www.laboratoires-unisson.com\/fr-be","logo":{"@type":"ImageObject","inLanguage":"fr-BE","@id":"https:\/\/www.laboratoires-unisson.com\/fr-be#\/schema\/logo\/image\/","url":"https:\/\/www.laboratoires-unisson.com\/wp-content\/uploads\/2022\/01\/logo-unisson.svg","contentUrl":"https:\/\/www.laboratoires-unisson.com\/wp-content\/uploads\/2022\/01\/logo-unisson.svg","width":1,"height":1,"caption":"Laboratoires Unisson"},"image":{"@id":"https:\/\/www.laboratoires-unisson.com\/fr-be#\/schema\/logo\/image\/"}}]}},"_links":{"self":[{"href":"https:\/\/www.laboratoires-unisson.com\/fr-be\/wp-json\/wp\/v2\/product\/24654","targetHints":{"allow":["GET"]}}],"collection":[{"href":"https:\/\/www.laboratoires-unisson.com\/fr-be\/wp-json\/wp\/v2\/product"}],"about":[{"href":"https:\/\/www.laboratoires-unisson.com\/fr-be\/wp-json\/wp\/v2\/types\/product"}],"wp:featuredmedia":[{"embeddable":true,"href":"https:\/\/www.laboratoires-unisson.com\/fr-be\/wp-json\/wp\/v2\/media\/19347"}],"wp:attachment":[{"href":"https:\/\/www.laboratoires-unisson.com\/fr-be\/wp-json\/wp\/v2\/media?parent=24654"}],"wp:term":[{"taxonomy":"product_brand","embeddable":true,"href":"https:\/\/www.laboratoires-unisson.com\/fr-be\/wp-json\/wp\/v2\/product_brand?post=24654"},{"taxonomy":"product_cat","embeddable":true,"href":"https:\/\/www.laboratoires-unisson.com\/fr-be\/wp-json\/wp\/v2\/product_cat?post=24654"},{"taxonomy":"product_tag","embeddable":true,"href":"https:\/\/www.laboratoires-unisson.com\/fr-be\/wp-json\/wp\/v2\/product_tag?post=24654"}],"curies":[{"name":"wp","href":"https:\/\/api.w.org\/{rel}","templated":true}]}}