{"id":24657,"date":"2022-05-02T15:18:11","date_gmt":"2022-05-02T13:18:11","guid":{"rendered":"https:\/\/www.laboratoires-unisson.com\/produit\/moment-330-cic-10"},"modified":"2025-12-03T10:08:59","modified_gmt":"2025-12-03T09:08:59","slug":"moment-330-cic-10","status":"publish","type":"product","link":"https:\/\/www.laboratoires-unisson.com\/fr-be\/produit\/appareils-auditifs\/widex\/moment-330-cic-10","title":{"rendered":"Moment 330 CIC 10"},"content":{"rendered":"<p>L&#8217;appareil auditif Widex Moment 330 CIC 10 est de type <strong>intra-auriculaire tr\u00e8s discret<\/strong>.<\/p>\n<h4>Pr\u00e9sentation de l&#8217;aide auditive Widex Moment 330 CIC 10<\/h4>\n<p>La proth\u00e8se auditive Widex Moment 330 CIC 10 poss\u00e8de <strong>12 canaux de r\u00e9glages, un bouton poussoir<\/strong>\u00a0et est <strong>certifi\u00e9e IP68<\/strong> <em>(\u00e9tanch\u00e9it\u00e9)<\/em>. Elle fonctionne avec des <strong>piles auditives 10 <\/strong><em>(autonomie moyenne de 70h)<\/em><\/p>\n<h4>Connectivit\u00e9 et accessoires<\/h4>\n<p>L&#8217;appareil auditif ne poss\u00e8de pas de connexion Bluetooth. Il faudra alors vous \u00e9quiper d&#8217;un accessoire suppl\u00e9mentaire pour en b\u00e9n\u00e9ficier : la solution <strong>COM-DEX<\/strong> qui est un <strong>kit main libre vous permettant de diffuser du son de haute qualit\u00e9 vers vos aides auditives Widex en bluetooth<\/strong>. Si vous souhaitez b\u00e9n\u00e9ficier d&#8217;une connexion Bluetooth et du streaming direct, Unisson vous recommande le mod\u00e8le contour d&#8217;oreille \u00e0 \u00e9couteur d\u00e9port\u00e9.<\/p>\n<p>D&#8217;autres accessoires sont disponibles :<\/p>\n<p>&#8211; <strong>FM-DEX Widex<\/strong>, fonctionnant comme une bobine d&#8217;induction vous permettant de recevoir des signaux FM,<\/p>\n<p>&#8211; <strong>RC-DEX Widex<\/strong>, t\u00e9l\u00e9commande tr\u00e8s discr\u00e8te vous permettant de changer de programme et r\u00e9gler le volume de votre appareil auditif<\/p>\n<h4>Fonctionnalit\u00e9s du Widex Moment 330 CIC 10<\/h4>\n<ul>\n<li>Widex ZeroDelay\u2122<\/li>\n<li>True Acoustic<\/li>\n<li>Widex PureSound\u2122<\/li>\n<li>Fluid Sound Analyzer et ses classes sonores<\/li>\n<li>SoundSense Learn<\/li>\n<li>Zoom directionnel<\/li>\n<li>R\u00e9ducteurs de bruit<\/li>\n<li>R\u00e9ducteurs de bruit de vent<\/li>\n<li>Compression \u00e0 vitesse variable<\/li>\n<li>Syst\u00e8me de suppression de Larsen<\/li>\n<li>12 canaux de r\u00e9glages<\/li>\n<li>Bouton poussoir<\/li>\n<li>Certifi\u00e9 IP68<\/li>\n<li>Pile auditive 10<\/li>\n<li>Application mobile SoundSense Learn<\/li>\n<\/ul>\n","protected":false},"excerpt":{"rendered":"<p>L&#8217;appareil auditif Widex Moment 330 CIC 10 est de type intra-auriculaire tr\u00e8s discret. Pr\u00e9sentation de l&#8217;aide auditive Widex Moment 330 CIC 10 La proth\u00e8se auditive Widex Moment 330 CIC 10 poss\u00e8de 12 canaux de r\u00e9glages, un bouton poussoir\u00a0et est certifi\u00e9e IP68 (\u00e9tanch\u00e9it\u00e9). Elle fonctionne avec des piles auditives 10 (autonomie moyenne de 70h) Connectivit\u00e9 et [&hellip;]<\/p>\n","protected":false},"featured_media":19344,"template":"","meta":{"_acf_changed":false},"product_brand":[],"product_cat":[2729],"product_tag":[],"class_list":{"0":"post-24657","1":"product","2":"type-product","3":"status-publish","4":"has-post-thumbnail","6":"product_cat-widex-fr-be","8":"first","9":"instock","10":"taxable","11":"shipping-taxable","12":"purchasable","13":"product-type-simple"},"acf":[],"yoast_head":"<!-- This site is optimized with the Yoast SEO plugin v27.1.1 - https:\/\/yoast.com\/product\/yoast-seo-wordpress\/ -->\n<title>Appareil auditif Widex Moment 330 CIC 10 \u00e0 1900\u20ac - Unisson Belgique<\/title>\n<meta name=\"description\" content=\"L&#039;appareil auditif Widex Moment 330 CIC 10 est de type intra-auriculaire tr\u00e8s discret. Pr\u00e9sentation de l&#039;aide auditive Widex Moment 330 CIC 10 La proth\u00e8se\" \/>\n<meta name=\"robots\" content=\"index, follow, max-snippet:-1, max-image-preview:large, max-video-preview:-1\" \/>\n<link rel=\"canonical\" href=\"https:\/\/www.laboratoires-unisson.com\/fr-be\/wp-json\/wp\/v2\/product\/24657\" \/>\n<meta property=\"og:locale\" content=\"fr_FR\" \/>\n<meta property=\"og:type\" content=\"article\" \/>\n<meta property=\"og:title\" content=\"Moment 330 CIC 10 - Laboratoires Unisson\" \/>\n<meta property=\"og:description\" content=\"L&#039;appareil auditif Widex Moment 330 CIC 10 est de type intra-auriculaire tr\u00e8s discret. Pr\u00e9sentation de l&#039;aide auditive Widex Moment 330 CIC 10 La proth\u00e8se\" \/>\n<meta property=\"og:url\" content=\"https:\/\/www.laboratoires-unisson.com\/fr-be\/produit\/appareils-auditifs\/widex\/moment-330-cic-10\" \/>\n<meta property=\"og:site_name\" content=\"Laboratoires Unisson\" \/>\n<meta property=\"article:modified_time\" content=\"2025-12-03T09:08:59+00:00\" \/>\n<meta property=\"og:image\" content=\"https:\/\/www.laboratoires-unisson.com\/wp-content\/uploads\/2022\/05\/moment-330-cic-10.jpg\" \/>\n\t<meta property=\"og:image:width\" content=\"450\" \/>\n\t<meta property=\"og:image:height\" content=\"500\" \/>\n\t<meta property=\"og:image:type\" content=\"image\/jpeg\" \/>\n<meta name=\"twitter:card\" content=\"summary_large_image\" \/>\n<meta name=\"twitter:label1\" content=\"Est. reading time\" \/>\n\t<meta name=\"twitter:data1\" content=\"2 minutes\" \/>\n<script type=\"application\/ld+json\" class=\"yoast-schema-graph\">{\"@context\":\"https:\/\/schema.org\",\"@graph\":[{\"@type\":\"WebPage\",\"@id\":\"https:\/\/www.laboratoires-unisson.com\/fr-be\/produit\/appareils-auditifs\/widex\/moment-330-cic-10\",\"url\":\"https:\/\/www.laboratoires-unisson.com\/fr-be\/produit\/appareils-auditifs\/widex\/moment-330-cic-10\",\"name\":\"Moment 330 CIC 10 - Laboratoires Unisson\",\"isPartOf\":{\"@id\":\"https:\/\/www.laboratoires-unisson.com\/fr-be#website\"},\"primaryImageOfPage\":{\"@id\":\"https:\/\/www.laboratoires-unisson.com\/fr-be\/produit\/appareils-auditifs\/widex\/moment-330-cic-10#primaryimage\"},\"image\":{\"@id\":\"https:\/\/www.laboratoires-unisson.com\/fr-be\/produit\/appareils-auditifs\/widex\/moment-330-cic-10#primaryimage\"},\"thumbnailUrl\":\"https:\/\/www.laboratoires-unisson.com\/wp-content\/uploads\/2022\/05\/moment-330-cic-10.jpg\",\"datePublished\":\"2022-05-02T13:18:11+00:00\",\"dateModified\":\"2025-12-03T09:08:59+00:00\",\"description\":\"L'appareil auditif Widex Moment 330 CIC 10 est de type intra-auriculaire tr\u00e8s discret. Pr\u00e9sentation de l'aide auditive Widex Moment 330 CIC 10 La proth\u00e8se\",\"breadcrumb\":{\"@id\":\"https:\/\/www.laboratoires-unisson.com\/fr-be\/produit\/appareils-auditifs\/widex\/moment-330-cic-10#breadcrumb\"},\"inLanguage\":\"fr-BE\",\"potentialAction\":[{\"@type\":\"ReadAction\",\"target\":[\"https:\/\/www.laboratoires-unisson.com\/fr-be\/produit\/appareils-auditifs\/widex\/moment-330-cic-10\"]}]},{\"@type\":\"ImageObject\",\"inLanguage\":\"fr-BE\",\"@id\":\"https:\/\/www.laboratoires-unisson.com\/fr-be\/produit\/appareils-auditifs\/widex\/moment-330-cic-10#primaryimage\",\"url\":\"https:\/\/www.laboratoires-unisson.com\/wp-content\/uploads\/2022\/05\/moment-330-cic-10.jpg\",\"contentUrl\":\"https:\/\/www.laboratoires-unisson.com\/wp-content\/uploads\/2022\/05\/moment-330-cic-10.jpg\",\"width\":450,\"height\":500},{\"@type\":\"BreadcrumbList\",\"@id\":\"https:\/\/www.laboratoires-unisson.com\/fr-be\/produit\/appareils-auditifs\/widex\/moment-330-cic-10#breadcrumb\",\"itemListElement\":[{\"@type\":\"ListItem\",\"position\":1,\"name\":\"Shop\",\"item\":\"https:\/\/www.laboratoires-unisson.com\/fr-be\/shop\"},{\"@type\":\"ListItem\",\"position\":2,\"name\":\"Moment 330 CIC 10\"}]},{\"@type\":\"WebSite\",\"@id\":\"https:\/\/www.laboratoires-unisson.com\/fr-be#website\",\"url\":\"https:\/\/www.laboratoires-unisson.com\/fr-be\",\"name\":\"Laboratoires Unisson\",\"description\":\"Appareil auditif et proth\u00e8se auditive Moins Cher jusqu&#039;\u00e0 -40%\",\"publisher\":{\"@id\":\"https:\/\/www.laboratoires-unisson.com\/fr-be#organization\"},\"potentialAction\":[{\"@type\":\"SearchAction\",\"target\":{\"@type\":\"EntryPoint\",\"urlTemplate\":\"https:\/\/www.laboratoires-unisson.com\/fr-be?s={search_term_string}\"},\"query-input\":{\"@type\":\"PropertyValueSpecification\",\"valueRequired\":true,\"valueName\":\"search_term_string\"}}],\"inLanguage\":\"fr-BE\"},{\"@type\":\"Organization\",\"@id\":\"https:\/\/www.laboratoires-unisson.com\/fr-be#organization\",\"name\":\"Laboratoires Unisson\",\"url\":\"https:\/\/www.laboratoires-unisson.com\/fr-be\",\"logo\":{\"@type\":\"ImageObject\",\"inLanguage\":\"fr-BE\",\"@id\":\"https:\/\/www.laboratoires-unisson.com\/fr-be#\/schema\/logo\/image\/\",\"url\":\"https:\/\/www.laboratoires-unisson.com\/wp-content\/uploads\/2022\/01\/logo-unisson.svg\",\"contentUrl\":\"https:\/\/www.laboratoires-unisson.com\/wp-content\/uploads\/2022\/01\/logo-unisson.svg\",\"width\":1,\"height\":1,\"caption\":\"Laboratoires Unisson\"},\"image\":{\"@id\":\"https:\/\/www.laboratoires-unisson.com\/fr-be#\/schema\/logo\/image\/\"}}]}<\/script>\n<!-- \/ Yoast SEO plugin. -->","yoast_head_json":{"title":"Appareil auditif Widex Moment 330 CIC 10 \u00e0 1900\u20ac - Unisson Belgique","description":"L'appareil auditif Widex Moment 330 CIC 10 est de type intra-auriculaire tr\u00e8s discret. Pr\u00e9sentation de l'aide auditive Widex Moment 330 CIC 10 La proth\u00e8se","robots":{"index":"index","follow":"follow","max-snippet":"max-snippet:-1","max-image-preview":"max-image-preview:large","max-video-preview":"max-video-preview:-1"},"canonical":"https:\/\/www.laboratoires-unisson.com\/fr-be\/wp-json\/wp\/v2\/product\/24657","og_locale":"fr_FR","og_type":"article","og_title":"Moment 330 CIC 10 - Laboratoires Unisson","og_description":"L'appareil auditif Widex Moment 330 CIC 10 est de type intra-auriculaire tr\u00e8s discret. Pr\u00e9sentation de l'aide auditive Widex Moment 330 CIC 10 La proth\u00e8se","og_url":"https:\/\/www.laboratoires-unisson.com\/fr-be\/produit\/appareils-auditifs\/widex\/moment-330-cic-10","og_site_name":"Laboratoires Unisson","article_modified_time":"2025-12-03T09:08:59+00:00","og_image":[{"width":450,"height":500,"url":"https:\/\/www.laboratoires-unisson.com\/wp-content\/uploads\/2022\/05\/moment-330-cic-10.jpg","type":"image\/jpeg"}],"twitter_card":"summary_large_image","twitter_misc":{"Est. reading time":"2 minutes"},"schema":{"@context":"https:\/\/schema.org","@graph":[{"@type":"WebPage","@id":"https:\/\/www.laboratoires-unisson.com\/fr-be\/produit\/appareils-auditifs\/widex\/moment-330-cic-10","url":"https:\/\/www.laboratoires-unisson.com\/fr-be\/produit\/appareils-auditifs\/widex\/moment-330-cic-10","name":"Moment 330 CIC 10 - Laboratoires Unisson","isPartOf":{"@id":"https:\/\/www.laboratoires-unisson.com\/fr-be#website"},"primaryImageOfPage":{"@id":"https:\/\/www.laboratoires-unisson.com\/fr-be\/produit\/appareils-auditifs\/widex\/moment-330-cic-10#primaryimage"},"image":{"@id":"https:\/\/www.laboratoires-unisson.com\/fr-be\/produit\/appareils-auditifs\/widex\/moment-330-cic-10#primaryimage"},"thumbnailUrl":"https:\/\/www.laboratoires-unisson.com\/wp-content\/uploads\/2022\/05\/moment-330-cic-10.jpg","datePublished":"2022-05-02T13:18:11+00:00","dateModified":"2025-12-03T09:08:59+00:00","description":"L'appareil auditif Widex Moment 330 CIC 10 est de type intra-auriculaire tr\u00e8s discret. Pr\u00e9sentation de l'aide auditive Widex Moment 330 CIC 10 La proth\u00e8se","breadcrumb":{"@id":"https:\/\/www.laboratoires-unisson.com\/fr-be\/produit\/appareils-auditifs\/widex\/moment-330-cic-10#breadcrumb"},"inLanguage":"fr-BE","potentialAction":[{"@type":"ReadAction","target":["https:\/\/www.laboratoires-unisson.com\/fr-be\/produit\/appareils-auditifs\/widex\/moment-330-cic-10"]}]},{"@type":"ImageObject","inLanguage":"fr-BE","@id":"https:\/\/www.laboratoires-unisson.com\/fr-be\/produit\/appareils-auditifs\/widex\/moment-330-cic-10#primaryimage","url":"https:\/\/www.laboratoires-unisson.com\/wp-content\/uploads\/2022\/05\/moment-330-cic-10.jpg","contentUrl":"https:\/\/www.laboratoires-unisson.com\/wp-content\/uploads\/2022\/05\/moment-330-cic-10.jpg","width":450,"height":500},{"@type":"BreadcrumbList","@id":"https:\/\/www.laboratoires-unisson.com\/fr-be\/produit\/appareils-auditifs\/widex\/moment-330-cic-10#breadcrumb","itemListElement":[{"@type":"ListItem","position":1,"name":"Shop","item":"https:\/\/www.laboratoires-unisson.com\/fr-be\/shop"},{"@type":"ListItem","position":2,"name":"Moment 330 CIC 10"}]},{"@type":"WebSite","@id":"https:\/\/www.laboratoires-unisson.com\/fr-be#website","url":"https:\/\/www.laboratoires-unisson.com\/fr-be","name":"Laboratoires Unisson","description":"Appareil auditif et proth\u00e8se auditive Moins Cher jusqu&#039;\u00e0 -40%","publisher":{"@id":"https:\/\/www.laboratoires-unisson.com\/fr-be#organization"},"potentialAction":[{"@type":"SearchAction","target":{"@type":"EntryPoint","urlTemplate":"https:\/\/www.laboratoires-unisson.com\/fr-be?s={search_term_string}"},"query-input":{"@type":"PropertyValueSpecification","valueRequired":true,"valueName":"search_term_string"}}],"inLanguage":"fr-BE"},{"@type":"Organization","@id":"https:\/\/www.laboratoires-unisson.com\/fr-be#organization","name":"Laboratoires Unisson","url":"https:\/\/www.laboratoires-unisson.com\/fr-be","logo":{"@type":"ImageObject","inLanguage":"fr-BE","@id":"https:\/\/www.laboratoires-unisson.com\/fr-be#\/schema\/logo\/image\/","url":"https:\/\/www.laboratoires-unisson.com\/wp-content\/uploads\/2022\/01\/logo-unisson.svg","contentUrl":"https:\/\/www.laboratoires-unisson.com\/wp-content\/uploads\/2022\/01\/logo-unisson.svg","width":1,"height":1,"caption":"Laboratoires Unisson"},"image":{"@id":"https:\/\/www.laboratoires-unisson.com\/fr-be#\/schema\/logo\/image\/"}}]}},"_links":{"self":[{"href":"https:\/\/www.laboratoires-unisson.com\/fr-be\/wp-json\/wp\/v2\/product\/24657","targetHints":{"allow":["GET"]}}],"collection":[{"href":"https:\/\/www.laboratoires-unisson.com\/fr-be\/wp-json\/wp\/v2\/product"}],"about":[{"href":"https:\/\/www.laboratoires-unisson.com\/fr-be\/wp-json\/wp\/v2\/types\/product"}],"wp:featuredmedia":[{"embeddable":true,"href":"https:\/\/www.laboratoires-unisson.com\/fr-be\/wp-json\/wp\/v2\/media\/19344"}],"wp:attachment":[{"href":"https:\/\/www.laboratoires-unisson.com\/fr-be\/wp-json\/wp\/v2\/media?parent=24657"}],"wp:term":[{"taxonomy":"product_brand","embeddable":true,"href":"https:\/\/www.laboratoires-unisson.com\/fr-be\/wp-json\/wp\/v2\/product_brand?post=24657"},{"taxonomy":"product_cat","embeddable":true,"href":"https:\/\/www.laboratoires-unisson.com\/fr-be\/wp-json\/wp\/v2\/product_cat?post=24657"},{"taxonomy":"product_tag","embeddable":true,"href":"https:\/\/www.laboratoires-unisson.com\/fr-be\/wp-json\/wp\/v2\/product_tag?post=24657"}],"curies":[{"name":"wp","href":"https:\/\/api.w.org\/{rel}","templated":true}]}}