{"id":24660,"date":"2022-05-02T15:18:01","date_gmt":"2022-05-02T13:18:01","guid":{"rendered":"https:\/\/www.laboratoires-unisson.com\/produit\/moment-330-cic-micro-10"},"modified":"2025-12-03T10:09:01","modified_gmt":"2025-12-03T09:09:01","slug":"moment-330-cic-micro-10","status":"publish","type":"product","link":"https:\/\/www.laboratoires-unisson.com\/fr-be\/produit\/appareils-auditifs\/widex\/moment-330-cic-micro-10","title":{"rendered":"Moment 330 CIC Micro 10"},"content":{"rendered":"<p>L&#8217;aide auditive Widex Moment 330 CIC Micro 10 est un <strong>mod\u00e8le intra-auriculaire<\/strong> (invisible) qui s&#8217;adapte pour des pertes auditives l\u00e9g\u00e8res \u00e0 moyennes.<\/p>\n<p>Ce mod\u00e8le est 20% plus petit que\u00a0le CIC Moment 330 standard. Il est moul\u00e9 sur-mesure apr\u00e8s empreinte de votre conduit auditif, vous assurant une <strong>tr\u00e8s grande discr\u00e9tion<\/strong>.<\/p>\n<p>Cet appareil int\u00e8gre les <strong>nouvelles technologies de la plateforme Widex Moment <\/strong>: PureSound et son traitement du signal ZeroDelay, micros MEMS, la personnalisation avec le SoundSense\u00a0 Learn, l&#8217;int\u00e9gration de 8000 donn\u00e9es suppl\u00e9mentaires qui am\u00e9liorent consid\u00e9rablement Compass GPS 4.2 et TueAcoustics etc..<\/p>\n<p>Le son qui arrive \u00e0 vos aides auditives Widex Moment est plus naturel et moins m\u00e9tallique.<\/p>\n<h3>Caract\u00e9ristiques g\u00e9n\u00e9rales de l&#8217;appareil auditif\u00a0Widex Moment 330 CIC Micro 10<\/h3>\n<ul>\n<li>12 canaux de r\u00e9glages<\/li>\n<li>IP68<\/li>\n<li>pile 10<\/li>\n<li>gestion des acouph\u00e8nes<\/li>\n<li>compatible avec l&#8217;application mobile ToneLink (changement de programme et de volume de vos aides auditives)<\/li>\n<li>compatible avec les accessoires DEX<\/li>\n<li>disponible en 3 couleurs :\u00a0Brun Argile \/ Brun Fonc\u00e9 \/ Beige<\/li>\n<\/ul>\n<p>Ce mod\u00e8le de poss\u00e8de pas de connexion Bluetooth. Si vous souhaitez b\u00e9n\u00e9ficier du streaming direct, Unisson vous recommande le mod\u00e8le contour d&#8217;oreille \u00e0 \u00e9couteur d\u00e9port\u00e9.<\/p>\n<h4>Fonctionnalit\u00e9s du Widex Moment 330 CIC\u00a0 Micro 10<\/h4>\n<ul>\n<li>Widex ZeroDelay\u2122<\/li>\n<li>True Acoustic<\/li>\n<li>Widex PureSound\u2122<\/li>\n<li>Fluid Sound Analyzer et ses classes sonores<\/li>\n<li>SoundSense Learn<\/li>\n<li>Zoom directionnel<\/li>\n<li>R\u00e9ducteurs de bruit<\/li>\n<li>R\u00e9ducteurs de bruit de vent<\/li>\n<li>Compression \u00e0 vitesse variable<\/li>\n<li>Syst\u00e8me de suppression de Larsen<\/li>\n<li>12 canaux de r\u00e9glages<\/li>\n<li>Certifi\u00e9 IP68<\/li>\n<li>Pile auditive 10<\/li>\n<li>Changement de programme via l&#8217;application TONELINK<\/li>\n<li>R\u00e9glages \u00e0 distance<\/li>\n<\/ul>\n","protected":false},"excerpt":{"rendered":"<p>L&#8217;aide auditive Widex Moment 330 CIC Micro 10 est un mod\u00e8le intra-auriculaire (invisible) qui s&#8217;adapte pour des pertes auditives l\u00e9g\u00e8res \u00e0 moyennes. Ce mod\u00e8le est 20% plus petit que\u00a0le CIC Moment 330 standard. Il est moul\u00e9 sur-mesure apr\u00e8s empreinte de votre conduit auditif, vous assurant une tr\u00e8s grande discr\u00e9tion. Cet appareil int\u00e8gre les nouvelles technologies [&hellip;]<\/p>\n","protected":false},"featured_media":19341,"template":"","meta":{"_acf_changed":false},"product_brand":[],"product_cat":[2729],"product_tag":[],"class_list":{"0":"post-24660","1":"product","2":"type-product","3":"status-publish","4":"has-post-thumbnail","6":"product_cat-widex-fr-be","8":"first","9":"instock","10":"taxable","11":"shipping-taxable","12":"purchasable","13":"product-type-simple"},"acf":[],"yoast_head":"<!-- This site is optimized with the Yoast SEO plugin v27.1.1 - https:\/\/yoast.com\/product\/yoast-seo-wordpress\/ -->\n<title>Appareil auditif Widex Moment 330 CIC Micro 10 \u00e0 1900\u20ac - Unisson Belgique<\/title>\n<meta name=\"description\" content=\"L&#039;aide auditive Widex Moment 330 CIC Micro 10 est un mod\u00e8le intra-auriculaire (invisible) qui s&#039;adapte pour des pertes auditives l\u00e9g\u00e8res \u00e0 moyennes. Ce\" \/>\n<meta name=\"robots\" content=\"index, follow, max-snippet:-1, max-image-preview:large, max-video-preview:-1\" \/>\n<link rel=\"canonical\" href=\"https:\/\/www.laboratoires-unisson.com\/fr-be\/wp-json\/wp\/v2\/product\/24660\" \/>\n<meta property=\"og:locale\" content=\"fr_FR\" \/>\n<meta property=\"og:type\" content=\"article\" \/>\n<meta property=\"og:title\" content=\"Moment 330 CIC Micro 10 - Laboratoires Unisson\" \/>\n<meta property=\"og:description\" content=\"L&#039;aide auditive Widex Moment 330 CIC Micro 10 est un mod\u00e8le intra-auriculaire (invisible) qui s&#039;adapte pour des pertes auditives l\u00e9g\u00e8res \u00e0 moyennes. Ce\" \/>\n<meta property=\"og:url\" content=\"https:\/\/www.laboratoires-unisson.com\/fr-be\/produit\/appareils-auditifs\/widex\/moment-330-cic-micro-10\" \/>\n<meta property=\"og:site_name\" content=\"Laboratoires Unisson\" \/>\n<meta property=\"article:modified_time\" content=\"2025-12-03T09:09:01+00:00\" \/>\n<meta property=\"og:image\" content=\"https:\/\/www.laboratoires-unisson.com\/wp-content\/uploads\/2022\/05\/moment-330-cic-micro-10.jpg\" \/>\n\t<meta property=\"og:image:width\" content=\"450\" \/>\n\t<meta property=\"og:image:height\" content=\"500\" \/>\n\t<meta property=\"og:image:type\" content=\"image\/jpeg\" \/>\n<meta name=\"twitter:card\" content=\"summary_large_image\" \/>\n<meta name=\"twitter:label1\" content=\"Est. reading time\" \/>\n\t<meta name=\"twitter:data1\" content=\"2 minutes\" \/>\n<script type=\"application\/ld+json\" class=\"yoast-schema-graph\">{\"@context\":\"https:\/\/schema.org\",\"@graph\":[{\"@type\":\"WebPage\",\"@id\":\"https:\/\/www.laboratoires-unisson.com\/fr-be\/produit\/appareils-auditifs\/widex\/moment-330-cic-micro-10\",\"url\":\"https:\/\/www.laboratoires-unisson.com\/fr-be\/produit\/appareils-auditifs\/widex\/moment-330-cic-micro-10\",\"name\":\"Moment 330 CIC Micro 10 - Laboratoires Unisson\",\"isPartOf\":{\"@id\":\"https:\/\/www.laboratoires-unisson.com\/fr-be#website\"},\"primaryImageOfPage\":{\"@id\":\"https:\/\/www.laboratoires-unisson.com\/fr-be\/produit\/appareils-auditifs\/widex\/moment-330-cic-micro-10#primaryimage\"},\"image\":{\"@id\":\"https:\/\/www.laboratoires-unisson.com\/fr-be\/produit\/appareils-auditifs\/widex\/moment-330-cic-micro-10#primaryimage\"},\"thumbnailUrl\":\"https:\/\/www.laboratoires-unisson.com\/wp-content\/uploads\/2022\/05\/moment-330-cic-micro-10.jpg\",\"datePublished\":\"2022-05-02T13:18:01+00:00\",\"dateModified\":\"2025-12-03T09:09:01+00:00\",\"description\":\"L'aide auditive Widex Moment 330 CIC Micro 10 est un mod\u00e8le intra-auriculaire (invisible) qui s'adapte pour des pertes auditives l\u00e9g\u00e8res \u00e0 moyennes. Ce\",\"breadcrumb\":{\"@id\":\"https:\/\/www.laboratoires-unisson.com\/fr-be\/produit\/appareils-auditifs\/widex\/moment-330-cic-micro-10#breadcrumb\"},\"inLanguage\":\"fr-BE\",\"potentialAction\":[{\"@type\":\"ReadAction\",\"target\":[\"https:\/\/www.laboratoires-unisson.com\/fr-be\/produit\/appareils-auditifs\/widex\/moment-330-cic-micro-10\"]}]},{\"@type\":\"ImageObject\",\"inLanguage\":\"fr-BE\",\"@id\":\"https:\/\/www.laboratoires-unisson.com\/fr-be\/produit\/appareils-auditifs\/widex\/moment-330-cic-micro-10#primaryimage\",\"url\":\"https:\/\/www.laboratoires-unisson.com\/wp-content\/uploads\/2022\/05\/moment-330-cic-micro-10.jpg\",\"contentUrl\":\"https:\/\/www.laboratoires-unisson.com\/wp-content\/uploads\/2022\/05\/moment-330-cic-micro-10.jpg\",\"width\":450,\"height\":500},{\"@type\":\"BreadcrumbList\",\"@id\":\"https:\/\/www.laboratoires-unisson.com\/fr-be\/produit\/appareils-auditifs\/widex\/moment-330-cic-micro-10#breadcrumb\",\"itemListElement\":[{\"@type\":\"ListItem\",\"position\":1,\"name\":\"Shop\",\"item\":\"https:\/\/www.laboratoires-unisson.com\/fr-be\/shop\"},{\"@type\":\"ListItem\",\"position\":2,\"name\":\"Moment 330 CIC Micro 10\"}]},{\"@type\":\"WebSite\",\"@id\":\"https:\/\/www.laboratoires-unisson.com\/fr-be#website\",\"url\":\"https:\/\/www.laboratoires-unisson.com\/fr-be\",\"name\":\"Laboratoires Unisson\",\"description\":\"Appareil auditif et proth\u00e8se auditive Moins Cher jusqu&#039;\u00e0 -40%\",\"publisher\":{\"@id\":\"https:\/\/www.laboratoires-unisson.com\/fr-be#organization\"},\"potentialAction\":[{\"@type\":\"SearchAction\",\"target\":{\"@type\":\"EntryPoint\",\"urlTemplate\":\"https:\/\/www.laboratoires-unisson.com\/fr-be?s={search_term_string}\"},\"query-input\":{\"@type\":\"PropertyValueSpecification\",\"valueRequired\":true,\"valueName\":\"search_term_string\"}}],\"inLanguage\":\"fr-BE\"},{\"@type\":\"Organization\",\"@id\":\"https:\/\/www.laboratoires-unisson.com\/fr-be#organization\",\"name\":\"Laboratoires Unisson\",\"url\":\"https:\/\/www.laboratoires-unisson.com\/fr-be\",\"logo\":{\"@type\":\"ImageObject\",\"inLanguage\":\"fr-BE\",\"@id\":\"https:\/\/www.laboratoires-unisson.com\/fr-be#\/schema\/logo\/image\/\",\"url\":\"https:\/\/www.laboratoires-unisson.com\/wp-content\/uploads\/2022\/01\/logo-unisson.svg\",\"contentUrl\":\"https:\/\/www.laboratoires-unisson.com\/wp-content\/uploads\/2022\/01\/logo-unisson.svg\",\"width\":1,\"height\":1,\"caption\":\"Laboratoires Unisson\"},\"image\":{\"@id\":\"https:\/\/www.laboratoires-unisson.com\/fr-be#\/schema\/logo\/image\/\"}}]}<\/script>\n<!-- \/ Yoast SEO plugin. -->","yoast_head_json":{"title":"Appareil auditif Widex Moment 330 CIC Micro 10 \u00e0 1900\u20ac - Unisson Belgique","description":"L'aide auditive Widex Moment 330 CIC Micro 10 est un mod\u00e8le intra-auriculaire (invisible) qui s'adapte pour des pertes auditives l\u00e9g\u00e8res \u00e0 moyennes. Ce","robots":{"index":"index","follow":"follow","max-snippet":"max-snippet:-1","max-image-preview":"max-image-preview:large","max-video-preview":"max-video-preview:-1"},"canonical":"https:\/\/www.laboratoires-unisson.com\/fr-be\/wp-json\/wp\/v2\/product\/24660","og_locale":"fr_FR","og_type":"article","og_title":"Moment 330 CIC Micro 10 - Laboratoires Unisson","og_description":"L'aide auditive Widex Moment 330 CIC Micro 10 est un mod\u00e8le intra-auriculaire (invisible) qui s'adapte pour des pertes auditives l\u00e9g\u00e8res \u00e0 moyennes. Ce","og_url":"https:\/\/www.laboratoires-unisson.com\/fr-be\/produit\/appareils-auditifs\/widex\/moment-330-cic-micro-10","og_site_name":"Laboratoires Unisson","article_modified_time":"2025-12-03T09:09:01+00:00","og_image":[{"width":450,"height":500,"url":"https:\/\/www.laboratoires-unisson.com\/wp-content\/uploads\/2022\/05\/moment-330-cic-micro-10.jpg","type":"image\/jpeg"}],"twitter_card":"summary_large_image","twitter_misc":{"Est. reading time":"2 minutes"},"schema":{"@context":"https:\/\/schema.org","@graph":[{"@type":"WebPage","@id":"https:\/\/www.laboratoires-unisson.com\/fr-be\/produit\/appareils-auditifs\/widex\/moment-330-cic-micro-10","url":"https:\/\/www.laboratoires-unisson.com\/fr-be\/produit\/appareils-auditifs\/widex\/moment-330-cic-micro-10","name":"Moment 330 CIC Micro 10 - Laboratoires Unisson","isPartOf":{"@id":"https:\/\/www.laboratoires-unisson.com\/fr-be#website"},"primaryImageOfPage":{"@id":"https:\/\/www.laboratoires-unisson.com\/fr-be\/produit\/appareils-auditifs\/widex\/moment-330-cic-micro-10#primaryimage"},"image":{"@id":"https:\/\/www.laboratoires-unisson.com\/fr-be\/produit\/appareils-auditifs\/widex\/moment-330-cic-micro-10#primaryimage"},"thumbnailUrl":"https:\/\/www.laboratoires-unisson.com\/wp-content\/uploads\/2022\/05\/moment-330-cic-micro-10.jpg","datePublished":"2022-05-02T13:18:01+00:00","dateModified":"2025-12-03T09:09:01+00:00","description":"L'aide auditive Widex Moment 330 CIC Micro 10 est un mod\u00e8le intra-auriculaire (invisible) qui s'adapte pour des pertes auditives l\u00e9g\u00e8res \u00e0 moyennes. Ce","breadcrumb":{"@id":"https:\/\/www.laboratoires-unisson.com\/fr-be\/produit\/appareils-auditifs\/widex\/moment-330-cic-micro-10#breadcrumb"},"inLanguage":"fr-BE","potentialAction":[{"@type":"ReadAction","target":["https:\/\/www.laboratoires-unisson.com\/fr-be\/produit\/appareils-auditifs\/widex\/moment-330-cic-micro-10"]}]},{"@type":"ImageObject","inLanguage":"fr-BE","@id":"https:\/\/www.laboratoires-unisson.com\/fr-be\/produit\/appareils-auditifs\/widex\/moment-330-cic-micro-10#primaryimage","url":"https:\/\/www.laboratoires-unisson.com\/wp-content\/uploads\/2022\/05\/moment-330-cic-micro-10.jpg","contentUrl":"https:\/\/www.laboratoires-unisson.com\/wp-content\/uploads\/2022\/05\/moment-330-cic-micro-10.jpg","width":450,"height":500},{"@type":"BreadcrumbList","@id":"https:\/\/www.laboratoires-unisson.com\/fr-be\/produit\/appareils-auditifs\/widex\/moment-330-cic-micro-10#breadcrumb","itemListElement":[{"@type":"ListItem","position":1,"name":"Shop","item":"https:\/\/www.laboratoires-unisson.com\/fr-be\/shop"},{"@type":"ListItem","position":2,"name":"Moment 330 CIC Micro 10"}]},{"@type":"WebSite","@id":"https:\/\/www.laboratoires-unisson.com\/fr-be#website","url":"https:\/\/www.laboratoires-unisson.com\/fr-be","name":"Laboratoires Unisson","description":"Appareil auditif et proth\u00e8se auditive Moins Cher jusqu&#039;\u00e0 -40%","publisher":{"@id":"https:\/\/www.laboratoires-unisson.com\/fr-be#organization"},"potentialAction":[{"@type":"SearchAction","target":{"@type":"EntryPoint","urlTemplate":"https:\/\/www.laboratoires-unisson.com\/fr-be?s={search_term_string}"},"query-input":{"@type":"PropertyValueSpecification","valueRequired":true,"valueName":"search_term_string"}}],"inLanguage":"fr-BE"},{"@type":"Organization","@id":"https:\/\/www.laboratoires-unisson.com\/fr-be#organization","name":"Laboratoires Unisson","url":"https:\/\/www.laboratoires-unisson.com\/fr-be","logo":{"@type":"ImageObject","inLanguage":"fr-BE","@id":"https:\/\/www.laboratoires-unisson.com\/fr-be#\/schema\/logo\/image\/","url":"https:\/\/www.laboratoires-unisson.com\/wp-content\/uploads\/2022\/01\/logo-unisson.svg","contentUrl":"https:\/\/www.laboratoires-unisson.com\/wp-content\/uploads\/2022\/01\/logo-unisson.svg","width":1,"height":1,"caption":"Laboratoires Unisson"},"image":{"@id":"https:\/\/www.laboratoires-unisson.com\/fr-be#\/schema\/logo\/image\/"}}]}},"_links":{"self":[{"href":"https:\/\/www.laboratoires-unisson.com\/fr-be\/wp-json\/wp\/v2\/product\/24660","targetHints":{"allow":["GET"]}}],"collection":[{"href":"https:\/\/www.laboratoires-unisson.com\/fr-be\/wp-json\/wp\/v2\/product"}],"about":[{"href":"https:\/\/www.laboratoires-unisson.com\/fr-be\/wp-json\/wp\/v2\/types\/product"}],"wp:featuredmedia":[{"embeddable":true,"href":"https:\/\/www.laboratoires-unisson.com\/fr-be\/wp-json\/wp\/v2\/media\/19341"}],"wp:attachment":[{"href":"https:\/\/www.laboratoires-unisson.com\/fr-be\/wp-json\/wp\/v2\/media?parent=24660"}],"wp:term":[{"taxonomy":"product_brand","embeddable":true,"href":"https:\/\/www.laboratoires-unisson.com\/fr-be\/wp-json\/wp\/v2\/product_brand?post=24660"},{"taxonomy":"product_cat","embeddable":true,"href":"https:\/\/www.laboratoires-unisson.com\/fr-be\/wp-json\/wp\/v2\/product_cat?post=24660"},{"taxonomy":"product_tag","embeddable":true,"href":"https:\/\/www.laboratoires-unisson.com\/fr-be\/wp-json\/wp\/v2\/product_tag?post=24660"}],"curies":[{"name":"wp","href":"https:\/\/api.w.org\/{rel}","templated":true}]}}