{"id":24661,"date":"2022-05-02T15:17:56","date_gmt":"2022-05-02T13:17:56","guid":{"rendered":"https:\/\/www.laboratoires-unisson.com\/produit\/moment-220-ric-312"},"modified":"2025-12-03T10:09:01","modified_gmt":"2025-12-03T09:09:01","slug":"moment-220-ric-312","status":"publish","type":"product","link":"https:\/\/www.laboratoires-unisson.com\/fr-be\/produit\/appareils-auditifs\/widex\/moment-220-ric-312","title":{"rendered":"Moment 220 RIC 312"},"content":{"rendered":"<p>L&#8217;aide auditive Widex Moment 220 RIC 312 est un appareil auditif en <strong>contour d&#8217;oreille \u00e0 \u00e9couteur d\u00e9port\u00e9 RIC<\/strong>\u00a0<strong>entr\u00e9e de gamme<\/strong>\u00a0fonctionnant avec des <strong>piles auditives 312<\/strong>\u00a0<em>(autonomie moyenne de 100h)<\/em> pour des <strong>pertes auditives l\u00e9g\u00e8res \u00e0 s\u00e9v\u00e8res<\/strong>.<\/p>\n<p>Il poss\u00e8de 10 canaux de r\u00e9glages, un bouton poussoir, une bobine \u00e0 induction T et une certification IP68. Cette aide auditive int\u00e8gre la <strong>plateforme MOMENT\u2122<\/strong> de Widex, qui fournit un <strong>son exceptionnel pur et naturel<\/strong>.<\/p>\n<p>Ce mod\u00e8le est \u00e9quip\u00e9 d&#8217;une\u00a0<strong>connexion Bluetooth<\/strong>, compatible avec avec les smartphones sous iOS (iPhone).\u00a0La derni\u00e8re mise \u00e0 jour des appareils (d\u00e9but novembre 2021) int\u00e8gre la compatibilit\u00e9 ASHA (Android).<\/p>\n<p>Pour enrichir votre exp\u00e9rience auditive, nous vous proposons\u00a0le RC-DEX, une t\u00e9l\u00e9commande discr\u00e8te vous permettant de changer de programme et le volume ainsi que le TV-DEX, un bo\u00eetier qui fonctionne comme un casque TV; vous pourrez entendre le son de votre TV directement dans vos aides auditives.<\/p>\n<h4>Les fonctionnalit\u00e9s de l&#8217;aide auditive Widex Moment 220 RIC 312<\/h4>\n<ul>\n<li>ZeroDelay\u2122<\/li>\n<li>True Acoustic<\/li>\n<li>Fluid Sound Analyser et ses classes sonores (4)<\/li>\n<li>Widex PureSound\u2122<\/li>\n<li>R\u00e9ducteurs de bruit et de bruits impulsionnels<\/li>\n<li>R\u00e9ducteurs de bruit du vent<\/li>\n<li>Compression \u00e0 vitesse variable<\/li>\n<li>Anti-larsen<\/li>\n<li>Connexion Bluetooth<\/li>\n<li>10 canaux de r\u00e9glages<\/li>\n<li>Certifi\u00e9 IP68<\/li>\n<li>Bouton poussoir<\/li>\n<li>Pile auditive 312<\/li>\n<li>Application mobile SoundSense Learn<\/li>\n<li>R\u00e9glages \u00e0 distance<\/li>\n<\/ul>\n","protected":false},"excerpt":{"rendered":"<p>L&#8217;aide auditive Widex Moment 220 RIC 312 est un appareil auditif en contour d&#8217;oreille \u00e0 \u00e9couteur d\u00e9port\u00e9 RIC\u00a0entr\u00e9e de gamme\u00a0fonctionnant avec des piles auditives 312\u00a0(autonomie moyenne de 100h) pour des pertes auditives l\u00e9g\u00e8res \u00e0 s\u00e9v\u00e8res. Il poss\u00e8de 10 canaux de r\u00e9glages, un bouton poussoir, une bobine \u00e0 induction T et une certification IP68. Cette aide [&hellip;]<\/p>\n","protected":false},"featured_media":20293,"template":"","meta":{"_acf_changed":false},"product_brand":[],"product_cat":[2729],"product_tag":[],"class_list":{"0":"post-24661","1":"product","2":"type-product","3":"status-publish","4":"has-post-thumbnail","6":"product_cat-widex-fr-be","8":"first","9":"instock","10":"taxable","11":"shipping-taxable","12":"purchasable","13":"product-type-simple"},"acf":[],"yoast_head":"<!-- This site is optimized with the Yoast SEO plugin v27.1.1 - https:\/\/yoast.com\/product\/yoast-seo-wordpress\/ -->\n<title>Appareil auditif Widex Moment 220 RIC 312 \u00e0 1650\u20ac - Unisson Belgique<\/title>\n<meta name=\"description\" content=\"L&#039;aide auditive Widex Moment 220 RIC 312 est un appareil auditif en contour d&#039;oreille \u00e0 \u00e9couteur d\u00e9port\u00e9 RIC\u00a0entr\u00e9e de gamme\u00a0fonctionnant avec des piles\" \/>\n<meta name=\"robots\" content=\"index, follow, max-snippet:-1, max-image-preview:large, max-video-preview:-1\" \/>\n<link rel=\"canonical\" href=\"https:\/\/www.laboratoires-unisson.com\/fr-be\/wp-json\/wp\/v2\/product\/24661\" \/>\n<meta property=\"og:locale\" content=\"fr_FR\" \/>\n<meta property=\"og:type\" content=\"article\" \/>\n<meta property=\"og:title\" content=\"Moment 220 RIC 312 - Laboratoires Unisson\" \/>\n<meta property=\"og:description\" content=\"L&#039;aide auditive Widex Moment 220 RIC 312 est un appareil auditif en contour d&#039;oreille \u00e0 \u00e9couteur d\u00e9port\u00e9 RIC\u00a0entr\u00e9e de gamme\u00a0fonctionnant avec des piles\" \/>\n<meta property=\"og:url\" content=\"https:\/\/www.laboratoires-unisson.com\/fr-be\/produit\/appareils-auditifs\/widex\/moment-220-ric-312\" \/>\n<meta property=\"og:site_name\" content=\"Laboratoires Unisson\" \/>\n<meta property=\"article:modified_time\" content=\"2025-12-03T09:09:01+00:00\" \/>\n<meta property=\"og:image\" content=\"https:\/\/www.laboratoires-unisson.com\/wp-content\/uploads\/2022\/05\/widex-220-ric-312-3-5.jpg\" \/>\n\t<meta property=\"og:image:width\" content=\"450\" \/>\n\t<meta property=\"og:image:height\" content=\"328\" \/>\n\t<meta property=\"og:image:type\" content=\"image\/jpeg\" \/>\n<meta name=\"twitter:card\" content=\"summary_large_image\" \/>\n<meta name=\"twitter:label1\" content=\"Est. reading time\" \/>\n\t<meta name=\"twitter:data1\" content=\"2 minutes\" \/>\n<script type=\"application\/ld+json\" class=\"yoast-schema-graph\">{\"@context\":\"https:\/\/schema.org\",\"@graph\":[{\"@type\":\"WebPage\",\"@id\":\"https:\/\/www.laboratoires-unisson.com\/fr-be\/produit\/appareils-auditifs\/widex\/moment-220-ric-312\",\"url\":\"https:\/\/www.laboratoires-unisson.com\/fr-be\/produit\/appareils-auditifs\/widex\/moment-220-ric-312\",\"name\":\"Moment 220 RIC 312 - Laboratoires Unisson\",\"isPartOf\":{\"@id\":\"https:\/\/www.laboratoires-unisson.com\/fr-be#website\"},\"primaryImageOfPage\":{\"@id\":\"https:\/\/www.laboratoires-unisson.com\/fr-be\/produit\/appareils-auditifs\/widex\/moment-220-ric-312#primaryimage\"},\"image\":{\"@id\":\"https:\/\/www.laboratoires-unisson.com\/fr-be\/produit\/appareils-auditifs\/widex\/moment-220-ric-312#primaryimage\"},\"thumbnailUrl\":\"https:\/\/www.laboratoires-unisson.com\/wp-content\/uploads\/2022\/05\/widex-220-ric-312-3-5.jpg\",\"datePublished\":\"2022-05-02T13:17:56+00:00\",\"dateModified\":\"2025-12-03T09:09:01+00:00\",\"description\":\"L'aide auditive Widex Moment 220 RIC 312 est un appareil auditif en contour d'oreille \u00e0 \u00e9couteur d\u00e9port\u00e9 RIC\u00a0entr\u00e9e de gamme\u00a0fonctionnant avec des piles\",\"breadcrumb\":{\"@id\":\"https:\/\/www.laboratoires-unisson.com\/fr-be\/produit\/appareils-auditifs\/widex\/moment-220-ric-312#breadcrumb\"},\"inLanguage\":\"fr-BE\",\"potentialAction\":[{\"@type\":\"ReadAction\",\"target\":[\"https:\/\/www.laboratoires-unisson.com\/fr-be\/produit\/appareils-auditifs\/widex\/moment-220-ric-312\"]}]},{\"@type\":\"ImageObject\",\"inLanguage\":\"fr-BE\",\"@id\":\"https:\/\/www.laboratoires-unisson.com\/fr-be\/produit\/appareils-auditifs\/widex\/moment-220-ric-312#primaryimage\",\"url\":\"https:\/\/www.laboratoires-unisson.com\/wp-content\/uploads\/2022\/05\/widex-220-ric-312-3-5.jpg\",\"contentUrl\":\"https:\/\/www.laboratoires-unisson.com\/wp-content\/uploads\/2022\/05\/widex-220-ric-312-3-5.jpg\",\"width\":450,\"height\":328},{\"@type\":\"BreadcrumbList\",\"@id\":\"https:\/\/www.laboratoires-unisson.com\/fr-be\/produit\/appareils-auditifs\/widex\/moment-220-ric-312#breadcrumb\",\"itemListElement\":[{\"@type\":\"ListItem\",\"position\":1,\"name\":\"Shop\",\"item\":\"https:\/\/www.laboratoires-unisson.com\/fr-be\/shop\"},{\"@type\":\"ListItem\",\"position\":2,\"name\":\"Moment 220 RIC 312\"}]},{\"@type\":\"WebSite\",\"@id\":\"https:\/\/www.laboratoires-unisson.com\/fr-be#website\",\"url\":\"https:\/\/www.laboratoires-unisson.com\/fr-be\",\"name\":\"Laboratoires Unisson\",\"description\":\"Appareil auditif et proth\u00e8se auditive Moins Cher jusqu&#039;\u00e0 -40%\",\"publisher\":{\"@id\":\"https:\/\/www.laboratoires-unisson.com\/fr-be#organization\"},\"potentialAction\":[{\"@type\":\"SearchAction\",\"target\":{\"@type\":\"EntryPoint\",\"urlTemplate\":\"https:\/\/www.laboratoires-unisson.com\/fr-be?s={search_term_string}\"},\"query-input\":{\"@type\":\"PropertyValueSpecification\",\"valueRequired\":true,\"valueName\":\"search_term_string\"}}],\"inLanguage\":\"fr-BE\"},{\"@type\":\"Organization\",\"@id\":\"https:\/\/www.laboratoires-unisson.com\/fr-be#organization\",\"name\":\"Laboratoires Unisson\",\"url\":\"https:\/\/www.laboratoires-unisson.com\/fr-be\",\"logo\":{\"@type\":\"ImageObject\",\"inLanguage\":\"fr-BE\",\"@id\":\"https:\/\/www.laboratoires-unisson.com\/fr-be#\/schema\/logo\/image\/\",\"url\":\"https:\/\/www.laboratoires-unisson.com\/wp-content\/uploads\/2022\/01\/logo-unisson.svg\",\"contentUrl\":\"https:\/\/www.laboratoires-unisson.com\/wp-content\/uploads\/2022\/01\/logo-unisson.svg\",\"width\":1,\"height\":1,\"caption\":\"Laboratoires Unisson\"},\"image\":{\"@id\":\"https:\/\/www.laboratoires-unisson.com\/fr-be#\/schema\/logo\/image\/\"}}]}<\/script>\n<!-- \/ Yoast SEO plugin. -->","yoast_head_json":{"title":"Appareil auditif Widex Moment 220 RIC 312 \u00e0 1650\u20ac - Unisson Belgique","description":"L'aide auditive Widex Moment 220 RIC 312 est un appareil auditif en contour d'oreille \u00e0 \u00e9couteur d\u00e9port\u00e9 RIC\u00a0entr\u00e9e de gamme\u00a0fonctionnant avec des piles","robots":{"index":"index","follow":"follow","max-snippet":"max-snippet:-1","max-image-preview":"max-image-preview:large","max-video-preview":"max-video-preview:-1"},"canonical":"https:\/\/www.laboratoires-unisson.com\/fr-be\/wp-json\/wp\/v2\/product\/24661","og_locale":"fr_FR","og_type":"article","og_title":"Moment 220 RIC 312 - Laboratoires Unisson","og_description":"L'aide auditive Widex Moment 220 RIC 312 est un appareil auditif en contour d'oreille \u00e0 \u00e9couteur d\u00e9port\u00e9 RIC\u00a0entr\u00e9e de gamme\u00a0fonctionnant avec des piles","og_url":"https:\/\/www.laboratoires-unisson.com\/fr-be\/produit\/appareils-auditifs\/widex\/moment-220-ric-312","og_site_name":"Laboratoires Unisson","article_modified_time":"2025-12-03T09:09:01+00:00","og_image":[{"width":450,"height":328,"url":"https:\/\/www.laboratoires-unisson.com\/wp-content\/uploads\/2022\/05\/widex-220-ric-312-3-5.jpg","type":"image\/jpeg"}],"twitter_card":"summary_large_image","twitter_misc":{"Est. reading time":"2 minutes"},"schema":{"@context":"https:\/\/schema.org","@graph":[{"@type":"WebPage","@id":"https:\/\/www.laboratoires-unisson.com\/fr-be\/produit\/appareils-auditifs\/widex\/moment-220-ric-312","url":"https:\/\/www.laboratoires-unisson.com\/fr-be\/produit\/appareils-auditifs\/widex\/moment-220-ric-312","name":"Moment 220 RIC 312 - Laboratoires Unisson","isPartOf":{"@id":"https:\/\/www.laboratoires-unisson.com\/fr-be#website"},"primaryImageOfPage":{"@id":"https:\/\/www.laboratoires-unisson.com\/fr-be\/produit\/appareils-auditifs\/widex\/moment-220-ric-312#primaryimage"},"image":{"@id":"https:\/\/www.laboratoires-unisson.com\/fr-be\/produit\/appareils-auditifs\/widex\/moment-220-ric-312#primaryimage"},"thumbnailUrl":"https:\/\/www.laboratoires-unisson.com\/wp-content\/uploads\/2022\/05\/widex-220-ric-312-3-5.jpg","datePublished":"2022-05-02T13:17:56+00:00","dateModified":"2025-12-03T09:09:01+00:00","description":"L'aide auditive Widex Moment 220 RIC 312 est un appareil auditif en contour d'oreille \u00e0 \u00e9couteur d\u00e9port\u00e9 RIC\u00a0entr\u00e9e de gamme\u00a0fonctionnant avec des piles","breadcrumb":{"@id":"https:\/\/www.laboratoires-unisson.com\/fr-be\/produit\/appareils-auditifs\/widex\/moment-220-ric-312#breadcrumb"},"inLanguage":"fr-BE","potentialAction":[{"@type":"ReadAction","target":["https:\/\/www.laboratoires-unisson.com\/fr-be\/produit\/appareils-auditifs\/widex\/moment-220-ric-312"]}]},{"@type":"ImageObject","inLanguage":"fr-BE","@id":"https:\/\/www.laboratoires-unisson.com\/fr-be\/produit\/appareils-auditifs\/widex\/moment-220-ric-312#primaryimage","url":"https:\/\/www.laboratoires-unisson.com\/wp-content\/uploads\/2022\/05\/widex-220-ric-312-3-5.jpg","contentUrl":"https:\/\/www.laboratoires-unisson.com\/wp-content\/uploads\/2022\/05\/widex-220-ric-312-3-5.jpg","width":450,"height":328},{"@type":"BreadcrumbList","@id":"https:\/\/www.laboratoires-unisson.com\/fr-be\/produit\/appareils-auditifs\/widex\/moment-220-ric-312#breadcrumb","itemListElement":[{"@type":"ListItem","position":1,"name":"Shop","item":"https:\/\/www.laboratoires-unisson.com\/fr-be\/shop"},{"@type":"ListItem","position":2,"name":"Moment 220 RIC 312"}]},{"@type":"WebSite","@id":"https:\/\/www.laboratoires-unisson.com\/fr-be#website","url":"https:\/\/www.laboratoires-unisson.com\/fr-be","name":"Laboratoires Unisson","description":"Appareil auditif et proth\u00e8se auditive Moins Cher jusqu&#039;\u00e0 -40%","publisher":{"@id":"https:\/\/www.laboratoires-unisson.com\/fr-be#organization"},"potentialAction":[{"@type":"SearchAction","target":{"@type":"EntryPoint","urlTemplate":"https:\/\/www.laboratoires-unisson.com\/fr-be?s={search_term_string}"},"query-input":{"@type":"PropertyValueSpecification","valueRequired":true,"valueName":"search_term_string"}}],"inLanguage":"fr-BE"},{"@type":"Organization","@id":"https:\/\/www.laboratoires-unisson.com\/fr-be#organization","name":"Laboratoires Unisson","url":"https:\/\/www.laboratoires-unisson.com\/fr-be","logo":{"@type":"ImageObject","inLanguage":"fr-BE","@id":"https:\/\/www.laboratoires-unisson.com\/fr-be#\/schema\/logo\/image\/","url":"https:\/\/www.laboratoires-unisson.com\/wp-content\/uploads\/2022\/01\/logo-unisson.svg","contentUrl":"https:\/\/www.laboratoires-unisson.com\/wp-content\/uploads\/2022\/01\/logo-unisson.svg","width":1,"height":1,"caption":"Laboratoires Unisson"},"image":{"@id":"https:\/\/www.laboratoires-unisson.com\/fr-be#\/schema\/logo\/image\/"}}]}},"_links":{"self":[{"href":"https:\/\/www.laboratoires-unisson.com\/fr-be\/wp-json\/wp\/v2\/product\/24661","targetHints":{"allow":["GET"]}}],"collection":[{"href":"https:\/\/www.laboratoires-unisson.com\/fr-be\/wp-json\/wp\/v2\/product"}],"about":[{"href":"https:\/\/www.laboratoires-unisson.com\/fr-be\/wp-json\/wp\/v2\/types\/product"}],"wp:featuredmedia":[{"embeddable":true,"href":"https:\/\/www.laboratoires-unisson.com\/fr-be\/wp-json\/wp\/v2\/media\/20293"}],"wp:attachment":[{"href":"https:\/\/www.laboratoires-unisson.com\/fr-be\/wp-json\/wp\/v2\/media?parent=24661"}],"wp:term":[{"taxonomy":"product_brand","embeddable":true,"href":"https:\/\/www.laboratoires-unisson.com\/fr-be\/wp-json\/wp\/v2\/product_brand?post=24661"},{"taxonomy":"product_cat","embeddable":true,"href":"https:\/\/www.laboratoires-unisson.com\/fr-be\/wp-json\/wp\/v2\/product_cat?post=24661"},{"taxonomy":"product_tag","embeddable":true,"href":"https:\/\/www.laboratoires-unisson.com\/fr-be\/wp-json\/wp\/v2\/product_tag?post=24661"}],"curies":[{"name":"wp","href":"https:\/\/api.w.org\/{rel}","templated":true}]}}