{"id":24668,"date":"2022-05-02T15:15:53","date_gmt":"2022-05-02T13:15:53","guid":{"rendered":"https:\/\/www.laboratoires-unisson.com\/produit\/stride-b9-up"},"modified":"2025-12-03T10:09:07","modified_gmt":"2025-12-03T09:09:07","slug":"stride-b9-up","status":"publish","type":"product","link":"https:\/\/www.laboratoires-unisson.com\/fr-be\/produit\/appareils-auditifs\/unitron\/stride-b9-up","title":{"rendered":"Stride B9 UP"},"content":{"rendered":"<p>L&#8217;appareil auditif Stride B9 UP appartient \u00e0 la <a href=\"https:\/\/www.laboratoires-unisson.com\/fr-be\/appareils-auditifs\/marques\/unitron\/blu\">gamme Blu d&#8217;Unitron<\/a>, sortie en avril 2021. Il s&#8217;agit d&#8217;un mod\u00e8le en <strong>contour d&#8217;oreille BTE haut de gamme<\/strong>, id\u00e9al pour une <strong>perte auditive moyenne \u00e0 profonde<\/strong>. C&#8217;est le premier appareil Ultra Power d&#8217;Unitron \u00e0 offrir une connectivit\u00e9 directe Made For All.<\/p>\n<p>Avec son <strong>design plus petit et plus \u00e9l\u00e9gant<\/strong> que son pr\u00e9d\u00e9cesseur, ce nouvel appareil auditif saura r\u00e9pondre \u00e0 toutes vos attentes. Gr\u00e2ce \u00e0 ses 20 canaux de r\u00e9glages, ses 7 programmes automatiques, 3 programmes manuels et sa fonctionnalit\u00e9 Bluetooth Made For All, le mod\u00e8le Stride B9 UP vous offrira une <strong>qualit\u00e9 d&#8217;\u00e9coute optimale<\/strong>.<\/p>\n<h3>La plateforme Blu d&#8217;Unitron<\/h3>\n<p>L&#8217;aide auditive Stride B9 UP est \u00e9quip\u00e9e de la plateforme Blu. Gr\u00e2ce \u00e0 la nouvelle puce PRISM et du syst\u00e8me de traitement du son haute performance Integra OS, vous \u00eates assur\u00e9 d&#8217;avoir un<strong> appareil performant, efficace et fiable<\/strong>.<\/p>\n<h4>Fonctionnalit\u00e9 AutoFocus 360<\/h4>\n<p>Cette fonction permet de localiser automatiquement la provenance de la voix et ce m\u00eame dans des environnements les plus complexes. Les appareils auditifs B9 sont les seuls \u00e0 en \u00eatre \u00e9quip\u00e9s vous offrant ainsi une performance de la parole dans toutes les situations.<\/p>\n<h4>Un son personnalis\u00e9<\/h4>\n<p>Vous pouvez am\u00e9liorer automatiquement votre clart\u00e9 auditive et votre confort d&#8217;\u00e9coute avec l&#8217;appareil Stride B9 UP et l&#8217;application mobile Remote Plus. Avec les 6 programmes pr\u00e9d\u00e9finis, vous pouvez ajuster et am\u00e9liorer la parole, la directionnalit\u00e9 et\u00a0la r\u00e9duction du bruit. Vous aurez ainsi tout contr\u00f4le de ce sur quoi vous vous concentrez et de la fa\u00e7on dont vous voulez entendre.<\/p>\n<h3>Le Stride B9 UP, une aide auditive ultra connect\u00e9e<\/h3>\n<p>L&#8217;aide auditive d&#8217;Unitron, Stride B9 UP, est dot\u00e9e d&#8217;une <strong>connectivit\u00e9 directe<\/strong> gr\u00e2ce \u00e0 son <strong>Bluetooth dit &#8216;Made For All&#8217;<\/strong>. Vous pourrez connecter vos appareils auditifs \u00e0 n&#8217;importe quel t\u00e9l\u00e9phone (iOS et Android), ainsi qu&#8217;\u00e0 votre t\u00e9l\u00e9vision ou toutes autres sources num\u00e9riques \u00e9quip\u00e9es d&#8217;une connexion Bluetooth.<\/p>\n<p>La nouvelle fonction de contr\u00f4le tactile d&#8217;Unitron vous permet d&#8217;acc\u00e9der aux services d&#8217;assistance virtuelle, d&#8217;accepter et de mettre fin aux appels et de mettre en pause\/lecture vos audios &#8211; d&#8217;un simple toucher de votre oreille.<\/p>\n<h3>Accessoires compatibles avec le Stride B9 UP<\/h3>\n<p>Pour enrichir votre exp\u00e9rience auditive, nous vous conseillons ces quelques accessoires :<\/p>\n<ul>\n<li>Emetteur TV Connector : recevez le son de votre t\u00e9l\u00e9viseur directement dans vos aides auditives Unitron<\/li>\n<li>Remote Control : petite t\u00e9l\u00e9commande qui vous permet de changer les programmes et le volume sonore en toute discr\u00e9tion<\/li>\n<li>Micro Cravate : transmet la voix de votre interlocuteur directement dans vos proth\u00e8ses. Id\u00e9al pour les conversations \u00e0 2 dans des environnements bruyants<\/li>\n<\/ul>\n<h3>Fonctionnalit\u00e9s du Stride B9 UP<\/h3>\n<ul>\n<li>20 canaux de r\u00e9glages<\/li>\n<li>Bouton poussoir<\/li>\n<li>Bobine \u00e0 induction<\/li>\n<li>Pile auditive 675<\/li>\n<li>IP68<\/li>\n<li>Bluetooth avec connectivit\u00e9 directe<\/li>\n<li>7 programmes automatiques<\/li>\n<li>3 programmes manuels<\/li>\n<li>AutoFocus 360<\/li>\n<li>R\u00e9ducteur de bruit<\/li>\n<li>R\u00e9ducteur de bruits impulsionnels<\/li>\n<li>Masqueur d&#8217;acouph\u00e8nes<\/li>\n<li>R\u00e9ducteur de bruit de vent<\/li>\n<li>Anti Larsen performant<\/li>\n<li>Application mobile Remote Plus<\/li>\n<\/ul>\n","protected":false},"excerpt":{"rendered":"<p>L&#8217;appareil auditif Stride B9 UP appartient \u00e0 la gamme Blu d&#8217;Unitron, sortie en avril 2021. Il s&#8217;agit d&#8217;un mod\u00e8le en contour d&#8217;oreille BTE haut de gamme, id\u00e9al pour une perte auditive moyenne \u00e0 profonde. C&#8217;est le premier appareil Ultra Power d&#8217;Unitron \u00e0 offrir une connectivit\u00e9 directe Made For All. Avec son design plus petit et [&hellip;]<\/p>\n","protected":false},"featured_media":20855,"template":"","meta":{"_acf_changed":false},"product_brand":[],"product_cat":[2890],"product_tag":[],"class_list":{"0":"post-24668","1":"product","2":"type-product","3":"status-publish","4":"has-post-thumbnail","6":"product_cat-unitron-fr-be","8":"first","9":"instock","10":"taxable","11":"shipping-taxable","12":"purchasable","13":"product-type-simple"},"acf":[],"yoast_head":"<!-- This site is optimized with the Yoast SEO plugin v27.1.1 - https:\/\/yoast.com\/product\/yoast-seo-wordpress\/ -->\n<title>Appareil auditif Unitron Stride B9 UP \u00e0 2100\u20ac - Unisson Belgique<\/title>\n<meta name=\"description\" content=\"L&#039;appareil auditif Stride B9 UP appartient \u00e0 la gamme Blu d&#039;Unitron, sortie en avril 2021. Il s&#039;agit d&#039;un mod\u00e8le en contour d&#039;oreille BTE haut de gamme,\" \/>\n<meta name=\"robots\" content=\"index, follow, max-snippet:-1, max-image-preview:large, max-video-preview:-1\" \/>\n<link rel=\"canonical\" href=\"https:\/\/www.laboratoires-unisson.com\/fr-be\/wp-json\/wp\/v2\/product\/24668\" \/>\n<meta property=\"og:locale\" content=\"fr_FR\" \/>\n<meta property=\"og:type\" content=\"article\" \/>\n<meta property=\"og:title\" content=\"Stride B9 UP - Laboratoires Unisson\" \/>\n<meta property=\"og:description\" content=\"L&#039;appareil auditif Stride B9 UP appartient \u00e0 la gamme Blu d&#039;Unitron, sortie en avril 2021. Il s&#039;agit d&#039;un mod\u00e8le en contour d&#039;oreille BTE haut de gamme,\" \/>\n<meta property=\"og:url\" content=\"https:\/\/www.laboratoires-unisson.com\/fr-be\/produit\/appareils-auditifs\/unitron\/stride-b9-up\" \/>\n<meta property=\"og:site_name\" content=\"Laboratoires Unisson\" \/>\n<meta property=\"article:modified_time\" content=\"2025-12-03T09:09:07+00:00\" \/>\n<meta property=\"og:image\" content=\"https:\/\/www.laboratoires-unisson.com\/wp-content\/uploads\/2022\/05\/Unitron-Stride-B9-UP.png\" \/>\n\t<meta property=\"og:image:width\" content=\"450\" \/>\n\t<meta property=\"og:image:height\" content=\"500\" \/>\n\t<meta property=\"og:image:type\" content=\"image\/png\" \/>\n<meta name=\"twitter:card\" content=\"summary_large_image\" \/>\n<meta name=\"twitter:label1\" content=\"Est. reading time\" \/>\n\t<meta name=\"twitter:data1\" content=\"3 minutes\" \/>\n<script type=\"application\/ld+json\" class=\"yoast-schema-graph\">{\"@context\":\"https:\/\/schema.org\",\"@graph\":[{\"@type\":\"WebPage\",\"@id\":\"https:\/\/www.laboratoires-unisson.com\/fr-be\/produit\/appareils-auditifs\/unitron\/stride-b9-up\",\"url\":\"https:\/\/www.laboratoires-unisson.com\/fr-be\/produit\/appareils-auditifs\/unitron\/stride-b9-up\",\"name\":\"Stride B9 UP - Laboratoires Unisson\",\"isPartOf\":{\"@id\":\"https:\/\/www.laboratoires-unisson.com\/fr-be#website\"},\"primaryImageOfPage\":{\"@id\":\"https:\/\/www.laboratoires-unisson.com\/fr-be\/produit\/appareils-auditifs\/unitron\/stride-b9-up#primaryimage\"},\"image\":{\"@id\":\"https:\/\/www.laboratoires-unisson.com\/fr-be\/produit\/appareils-auditifs\/unitron\/stride-b9-up#primaryimage\"},\"thumbnailUrl\":\"https:\/\/www.laboratoires-unisson.com\/wp-content\/uploads\/2022\/05\/Unitron-Stride-B9-UP.png\",\"datePublished\":\"2022-05-02T13:15:53+00:00\",\"dateModified\":\"2025-12-03T09:09:07+00:00\",\"description\":\"L'appareil auditif Stride B9 UP appartient \u00e0 la gamme Blu d'Unitron, sortie en avril 2021. Il s'agit d'un mod\u00e8le en contour d'oreille BTE haut de gamme,\",\"breadcrumb\":{\"@id\":\"https:\/\/www.laboratoires-unisson.com\/fr-be\/produit\/appareils-auditifs\/unitron\/stride-b9-up#breadcrumb\"},\"inLanguage\":\"fr-BE\",\"potentialAction\":[{\"@type\":\"ReadAction\",\"target\":[\"https:\/\/www.laboratoires-unisson.com\/fr-be\/produit\/appareils-auditifs\/unitron\/stride-b9-up\"]}]},{\"@type\":\"ImageObject\",\"inLanguage\":\"fr-BE\",\"@id\":\"https:\/\/www.laboratoires-unisson.com\/fr-be\/produit\/appareils-auditifs\/unitron\/stride-b9-up#primaryimage\",\"url\":\"https:\/\/www.laboratoires-unisson.com\/wp-content\/uploads\/2022\/05\/Unitron-Stride-B9-UP.png\",\"contentUrl\":\"https:\/\/www.laboratoires-unisson.com\/wp-content\/uploads\/2022\/05\/Unitron-Stride-B9-UP.png\",\"width\":450,\"height\":500},{\"@type\":\"BreadcrumbList\",\"@id\":\"https:\/\/www.laboratoires-unisson.com\/fr-be\/produit\/appareils-auditifs\/unitron\/stride-b9-up#breadcrumb\",\"itemListElement\":[{\"@type\":\"ListItem\",\"position\":1,\"name\":\"Shop\",\"item\":\"https:\/\/www.laboratoires-unisson.com\/fr-be\/shop\"},{\"@type\":\"ListItem\",\"position\":2,\"name\":\"Stride B9 UP\"}]},{\"@type\":\"WebSite\",\"@id\":\"https:\/\/www.laboratoires-unisson.com\/fr-be#website\",\"url\":\"https:\/\/www.laboratoires-unisson.com\/fr-be\",\"name\":\"Laboratoires Unisson\",\"description\":\"Appareil auditif et proth\u00e8se auditive Moins Cher jusqu&#039;\u00e0 -40%\",\"publisher\":{\"@id\":\"https:\/\/www.laboratoires-unisson.com\/fr-be#organization\"},\"potentialAction\":[{\"@type\":\"SearchAction\",\"target\":{\"@type\":\"EntryPoint\",\"urlTemplate\":\"https:\/\/www.laboratoires-unisson.com\/fr-be?s={search_term_string}\"},\"query-input\":{\"@type\":\"PropertyValueSpecification\",\"valueRequired\":true,\"valueName\":\"search_term_string\"}}],\"inLanguage\":\"fr-BE\"},{\"@type\":\"Organization\",\"@id\":\"https:\/\/www.laboratoires-unisson.com\/fr-be#organization\",\"name\":\"Laboratoires Unisson\",\"url\":\"https:\/\/www.laboratoires-unisson.com\/fr-be\",\"logo\":{\"@type\":\"ImageObject\",\"inLanguage\":\"fr-BE\",\"@id\":\"https:\/\/www.laboratoires-unisson.com\/fr-be#\/schema\/logo\/image\/\",\"url\":\"https:\/\/www.laboratoires-unisson.com\/wp-content\/uploads\/2022\/01\/logo-unisson.svg\",\"contentUrl\":\"https:\/\/www.laboratoires-unisson.com\/wp-content\/uploads\/2022\/01\/logo-unisson.svg\",\"width\":1,\"height\":1,\"caption\":\"Laboratoires Unisson\"},\"image\":{\"@id\":\"https:\/\/www.laboratoires-unisson.com\/fr-be#\/schema\/logo\/image\/\"}}]}<\/script>\n<!-- \/ Yoast SEO plugin. -->","yoast_head_json":{"title":"Appareil auditif Unitron Stride B9 UP \u00e0 2100\u20ac - Unisson Belgique","description":"L'appareil auditif Stride B9 UP appartient \u00e0 la gamme Blu d'Unitron, sortie en avril 2021. Il s'agit d'un mod\u00e8le en contour d'oreille BTE haut de gamme,","robots":{"index":"index","follow":"follow","max-snippet":"max-snippet:-1","max-image-preview":"max-image-preview:large","max-video-preview":"max-video-preview:-1"},"canonical":"https:\/\/www.laboratoires-unisson.com\/fr-be\/wp-json\/wp\/v2\/product\/24668","og_locale":"fr_FR","og_type":"article","og_title":"Stride B9 UP - Laboratoires Unisson","og_description":"L'appareil auditif Stride B9 UP appartient \u00e0 la gamme Blu d'Unitron, sortie en avril 2021. Il s'agit d'un mod\u00e8le en contour d'oreille BTE haut de gamme,","og_url":"https:\/\/www.laboratoires-unisson.com\/fr-be\/produit\/appareils-auditifs\/unitron\/stride-b9-up","og_site_name":"Laboratoires Unisson","article_modified_time":"2025-12-03T09:09:07+00:00","og_image":[{"width":450,"height":500,"url":"https:\/\/www.laboratoires-unisson.com\/wp-content\/uploads\/2022\/05\/Unitron-Stride-B9-UP.png","type":"image\/png"}],"twitter_card":"summary_large_image","twitter_misc":{"Est. reading time":"3 minutes"},"schema":{"@context":"https:\/\/schema.org","@graph":[{"@type":"WebPage","@id":"https:\/\/www.laboratoires-unisson.com\/fr-be\/produit\/appareils-auditifs\/unitron\/stride-b9-up","url":"https:\/\/www.laboratoires-unisson.com\/fr-be\/produit\/appareils-auditifs\/unitron\/stride-b9-up","name":"Stride B9 UP - Laboratoires Unisson","isPartOf":{"@id":"https:\/\/www.laboratoires-unisson.com\/fr-be#website"},"primaryImageOfPage":{"@id":"https:\/\/www.laboratoires-unisson.com\/fr-be\/produit\/appareils-auditifs\/unitron\/stride-b9-up#primaryimage"},"image":{"@id":"https:\/\/www.laboratoires-unisson.com\/fr-be\/produit\/appareils-auditifs\/unitron\/stride-b9-up#primaryimage"},"thumbnailUrl":"https:\/\/www.laboratoires-unisson.com\/wp-content\/uploads\/2022\/05\/Unitron-Stride-B9-UP.png","datePublished":"2022-05-02T13:15:53+00:00","dateModified":"2025-12-03T09:09:07+00:00","description":"L'appareil auditif Stride B9 UP appartient \u00e0 la gamme Blu d'Unitron, sortie en avril 2021. Il s'agit d'un mod\u00e8le en contour d'oreille BTE haut de gamme,","breadcrumb":{"@id":"https:\/\/www.laboratoires-unisson.com\/fr-be\/produit\/appareils-auditifs\/unitron\/stride-b9-up#breadcrumb"},"inLanguage":"fr-BE","potentialAction":[{"@type":"ReadAction","target":["https:\/\/www.laboratoires-unisson.com\/fr-be\/produit\/appareils-auditifs\/unitron\/stride-b9-up"]}]},{"@type":"ImageObject","inLanguage":"fr-BE","@id":"https:\/\/www.laboratoires-unisson.com\/fr-be\/produit\/appareils-auditifs\/unitron\/stride-b9-up#primaryimage","url":"https:\/\/www.laboratoires-unisson.com\/wp-content\/uploads\/2022\/05\/Unitron-Stride-B9-UP.png","contentUrl":"https:\/\/www.laboratoires-unisson.com\/wp-content\/uploads\/2022\/05\/Unitron-Stride-B9-UP.png","width":450,"height":500},{"@type":"BreadcrumbList","@id":"https:\/\/www.laboratoires-unisson.com\/fr-be\/produit\/appareils-auditifs\/unitron\/stride-b9-up#breadcrumb","itemListElement":[{"@type":"ListItem","position":1,"name":"Shop","item":"https:\/\/www.laboratoires-unisson.com\/fr-be\/shop"},{"@type":"ListItem","position":2,"name":"Stride B9 UP"}]},{"@type":"WebSite","@id":"https:\/\/www.laboratoires-unisson.com\/fr-be#website","url":"https:\/\/www.laboratoires-unisson.com\/fr-be","name":"Laboratoires Unisson","description":"Appareil auditif et proth\u00e8se auditive Moins Cher jusqu&#039;\u00e0 -40%","publisher":{"@id":"https:\/\/www.laboratoires-unisson.com\/fr-be#organization"},"potentialAction":[{"@type":"SearchAction","target":{"@type":"EntryPoint","urlTemplate":"https:\/\/www.laboratoires-unisson.com\/fr-be?s={search_term_string}"},"query-input":{"@type":"PropertyValueSpecification","valueRequired":true,"valueName":"search_term_string"}}],"inLanguage":"fr-BE"},{"@type":"Organization","@id":"https:\/\/www.laboratoires-unisson.com\/fr-be#organization","name":"Laboratoires Unisson","url":"https:\/\/www.laboratoires-unisson.com\/fr-be","logo":{"@type":"ImageObject","inLanguage":"fr-BE","@id":"https:\/\/www.laboratoires-unisson.com\/fr-be#\/schema\/logo\/image\/","url":"https:\/\/www.laboratoires-unisson.com\/wp-content\/uploads\/2022\/01\/logo-unisson.svg","contentUrl":"https:\/\/www.laboratoires-unisson.com\/wp-content\/uploads\/2022\/01\/logo-unisson.svg","width":1,"height":1,"caption":"Laboratoires Unisson"},"image":{"@id":"https:\/\/www.laboratoires-unisson.com\/fr-be#\/schema\/logo\/image\/"}}]}},"_links":{"self":[{"href":"https:\/\/www.laboratoires-unisson.com\/fr-be\/wp-json\/wp\/v2\/product\/24668","targetHints":{"allow":["GET"]}}],"collection":[{"href":"https:\/\/www.laboratoires-unisson.com\/fr-be\/wp-json\/wp\/v2\/product"}],"about":[{"href":"https:\/\/www.laboratoires-unisson.com\/fr-be\/wp-json\/wp\/v2\/types\/product"}],"wp:featuredmedia":[{"embeddable":true,"href":"https:\/\/www.laboratoires-unisson.com\/fr-be\/wp-json\/wp\/v2\/media\/20855"}],"wp:attachment":[{"href":"https:\/\/www.laboratoires-unisson.com\/fr-be\/wp-json\/wp\/v2\/media?parent=24668"}],"wp:term":[{"taxonomy":"product_brand","embeddable":true,"href":"https:\/\/www.laboratoires-unisson.com\/fr-be\/wp-json\/wp\/v2\/product_brand?post=24668"},{"taxonomy":"product_cat","embeddable":true,"href":"https:\/\/www.laboratoires-unisson.com\/fr-be\/wp-json\/wp\/v2\/product_cat?post=24668"},{"taxonomy":"product_tag","embeddable":true,"href":"https:\/\/www.laboratoires-unisson.com\/fr-be\/wp-json\/wp\/v2\/product_tag?post=24668"}],"curies":[{"name":"wp","href":"https:\/\/api.w.org\/{rel}","templated":true}]}}