{"id":24669,"date":"2022-05-02T15:15:31","date_gmt":"2022-05-02T13:15:31","guid":{"rendered":"https:\/\/www.laboratoires-unisson.com\/produit\/stride-b9-pr"},"modified":"2025-12-03T10:09:08","modified_gmt":"2025-12-03T09:09:08","slug":"stride-b9-pr","status":"publish","type":"product","link":"https:\/\/www.laboratoires-unisson.com\/fr-be\/produit\/appareils-auditifs\/unitron\/stride-b9-pr","title":{"rendered":"Stride B9 PR"},"content":{"rendered":"<p>L&#8217;appareil auditif Unitron Stride B9 PR est un mod\u00e8le <strong>BTE contour d&#8217;oreille haut de gamme<\/strong>. Il couvre tous les degr\u00e9s de perte auditive, de l\u00e9ger \u00e0 s\u00e9v\u00e8re. C&#8217;est un mod\u00e8le rechargeable \u00e9quip\u00e9 d&#8217;une connexion Bluetooth.<\/p>\n<h3>Avec la gamme Blu, pr\u00e9parez vous \u00e0 adorer l&#8217;exp\u00e9rience<\/h3>\n<p>La gamme Blu d&#8217;Unitron offre aux patients des <strong>performances sonores nouvelle g\u00e9n\u00e9ration<\/strong>. La puce PRISM (Processing Real-Time Intelligent Sound Management) qui \u00e9quipe tous les appareils auditifs Blu, offre deux fois plus de m\u00e9moire que la derni\u00e8re puce et une meilleure personnalisation.<\/p>\n<p>Avec l&#8217;aide auditive Stride B9 PR, offrez vous une<strong> exp\u00e9rience sonore claire et fiable tout au long de la journ\u00e9e<\/strong>. Votre appareil s&#8217;adapte \u00e0 votre paysage sonore m\u00eame dans les moments auditifs complexes. Dans les environnements difficiles, utilisez \u00e9galement l&#8217;application mobile Remote Plus afin d&#8217;am\u00e9liorer la clart\u00e9 et le confort de votre audition gr\u00e2ce \u00e0 la programmation automatique. Pour exemple, la gamme Blu poss\u00e8de jusqu&#8217;\u00e0 6 programmes pr\u00e9r\u00e9gl\u00e9s.<\/p>\n<p>L&#8217;application Remote Plus vous donne la possibilit\u00e9 d&#8217;am\u00e9liorer la parole et de r\u00e9duire le bruit. Gr\u00e2ce \u00e0 la personnalisation en temps r\u00e9el, vous pouvez entendre comme vous voulez et quand vous voulez.<\/p>\n<h3>Caract\u00e9ristiques du mod\u00e8le Unitron Stride B9 PR<\/h3>\n<p>Cet appareil poss\u00e8de 20 canaux de r\u00e9glages, un bouton poussoir coupl\u00e9 \u00e0 un contr\u00f4le tactile ainsi qu&#8217;une certification IP68.<\/p>\n<h4>Stride B9 PR, un appareil auditif rechargeable<\/h4>\n<p>Plus besoin de piles auditives ! <strong>Ce mod\u00e8le est rechargeable et fonctionne avec des batteries lithium ion<\/strong>. Comptez une autonomie de 20h pour une charge compl\u00e8te gr\u00e2ce au chargeur Unitron Stride PR. Sa batterie externe vous permettra de recharger vos aides auditives quand vous le souhaitez (voiture, avion etc.)<\/p>\n<h4>Stride B9 PR, une aide auditive connect\u00e9e<\/h4>\n<p>Equip\u00e9 d&#8217;une <strong>connexion Bluetooth Made For All<\/strong>, l&#8217;appareil Stride B9 PR se connectera avec n&#8217;importe quel t\u00e9l\u00e9phone (Android et Apple\/iOS). Avec les aides auditives Blu, vous pouvez vous connecter simultan\u00e9ment \u00e0 2 appareils et en coupler jusqu&#8217;\u00e0 8 en m\u00eame temps.<\/p>\n<p>La nouvelle fonction de <strong>contr\u00f4le tactile<\/strong> d&#8217;<a href=\"https:\/\/www.laboratoires-unisson.com\/fr-be\/appareils-auditifs\/marques\/unitron\">Unitron<\/a> vous permet d&#8217;acc\u00e9der aux services d&#8217;assistance virtuelle, d&#8217;accepter et de mettre fin aux appels, de mettre en pause et de lire vos audios &#8211; d&#8217;un simple toucher de votre oreille.<\/p>\n<p>Pour rendre votre exp\u00e9rience auditive encore meilleure, Unitron a con\u00e7u des accessoires compatibles avec vos appareils auditifs Blu :<\/p>\n<ul>\n<li>T\u00e9l\u00e9commande Remote Control : r\u00e9glez discr\u00e8tement le volume et changez de programme \u00e0 votre convenance<\/li>\n<li>TV Connector : regardez vos programmes t\u00e9l\u00e9vis\u00e9s et vos films pr\u00e9f\u00e9r\u00e9s avec un son st\u00e9r\u00e9o de haute qualit\u00e9 en connectant sans fil vos aides auditives<\/li>\n<li>Micro-Cravate Partner Mic : microphone id\u00e9al pour les conversations en t\u00eate-\u00e0-t\u00eate dans des environnements bruyants en diffusant la parole directement dans vos aides auditives<\/li>\n<\/ul>\n","protected":false},"excerpt":{"rendered":"<p>L&#8217;appareil auditif Unitron Stride B9 PR est un mod\u00e8le BTE contour d&#8217;oreille haut de gamme. Il couvre tous les degr\u00e9s de perte auditive, de l\u00e9ger \u00e0 s\u00e9v\u00e8re. C&#8217;est un mod\u00e8le rechargeable \u00e9quip\u00e9 d&#8217;une connexion Bluetooth. Avec la gamme Blu, pr\u00e9parez vous \u00e0 adorer l&#8217;exp\u00e9rience La gamme Blu d&#8217;Unitron offre aux patients des performances sonores nouvelle [&hellip;]<\/p>\n","protected":false},"featured_media":20849,"template":"","meta":{"_acf_changed":false},"product_brand":[],"product_cat":[2890],"product_tag":[],"class_list":{"0":"post-24669","1":"product","2":"type-product","3":"status-publish","4":"has-post-thumbnail","6":"product_cat-unitron-fr-be","8":"first","9":"instock","10":"taxable","11":"shipping-taxable","12":"purchasable","13":"product-type-simple"},"acf":[],"yoast_head":"<!-- This site is optimized with the Yoast SEO plugin v27.1.1 - https:\/\/yoast.com\/product\/yoast-seo-wordpress\/ -->\n<title>Appareil auditif Unitron Stride B9 PR \u00e0 2100\u20ac - Unisson Belgique<\/title>\n<meta name=\"description\" content=\"L&#039;appareil auditif Unitron Stride B9 PR est un mod\u00e8le BTE contour d&#039;oreille haut de gamme. Il couvre tous les degr\u00e9s de perte auditive, de l\u00e9ger \u00e0 s\u00e9v\u00e8re.\" \/>\n<meta name=\"robots\" content=\"index, follow, max-snippet:-1, max-image-preview:large, max-video-preview:-1\" \/>\n<link rel=\"canonical\" href=\"https:\/\/www.laboratoires-unisson.com\/fr-be\/wp-json\/wp\/v2\/product\/24669\" \/>\n<meta property=\"og:locale\" content=\"fr_FR\" \/>\n<meta property=\"og:type\" content=\"article\" \/>\n<meta property=\"og:title\" content=\"Stride B9 PR - Laboratoires Unisson\" \/>\n<meta property=\"og:description\" content=\"L&#039;appareil auditif Unitron Stride B9 PR est un mod\u00e8le BTE contour d&#039;oreille haut de gamme. Il couvre tous les degr\u00e9s de perte auditive, de l\u00e9ger \u00e0 s\u00e9v\u00e8re.\" \/>\n<meta property=\"og:url\" content=\"https:\/\/www.laboratoires-unisson.com\/fr-be\/produit\/appareils-auditifs\/unitron\/stride-b9-pr\" \/>\n<meta property=\"og:site_name\" content=\"Laboratoires Unisson\" \/>\n<meta property=\"article:modified_time\" content=\"2025-12-03T09:09:08+00:00\" \/>\n<meta property=\"og:image\" content=\"https:\/\/www.laboratoires-unisson.com\/wp-content\/uploads\/2022\/05\/Unitron-Stride-B9-PR.png\" \/>\n\t<meta property=\"og:image:width\" content=\"450\" \/>\n\t<meta property=\"og:image:height\" content=\"500\" \/>\n\t<meta property=\"og:image:type\" content=\"image\/png\" \/>\n<meta name=\"twitter:card\" content=\"summary_large_image\" \/>\n<meta name=\"twitter:label1\" content=\"Est. reading time\" \/>\n\t<meta name=\"twitter:data1\" content=\"3 minutes\" \/>\n<script type=\"application\/ld+json\" class=\"yoast-schema-graph\">{\"@context\":\"https:\/\/schema.org\",\"@graph\":[{\"@type\":\"WebPage\",\"@id\":\"https:\/\/www.laboratoires-unisson.com\/fr-be\/produit\/appareils-auditifs\/unitron\/stride-b9-pr\",\"url\":\"https:\/\/www.laboratoires-unisson.com\/fr-be\/produit\/appareils-auditifs\/unitron\/stride-b9-pr\",\"name\":\"Stride B9 PR - Laboratoires Unisson\",\"isPartOf\":{\"@id\":\"https:\/\/www.laboratoires-unisson.com\/fr-be#website\"},\"primaryImageOfPage\":{\"@id\":\"https:\/\/www.laboratoires-unisson.com\/fr-be\/produit\/appareils-auditifs\/unitron\/stride-b9-pr#primaryimage\"},\"image\":{\"@id\":\"https:\/\/www.laboratoires-unisson.com\/fr-be\/produit\/appareils-auditifs\/unitron\/stride-b9-pr#primaryimage\"},\"thumbnailUrl\":\"https:\/\/www.laboratoires-unisson.com\/wp-content\/uploads\/2022\/05\/Unitron-Stride-B9-PR.png\",\"datePublished\":\"2022-05-02T13:15:31+00:00\",\"dateModified\":\"2025-12-03T09:09:08+00:00\",\"description\":\"L'appareil auditif Unitron Stride B9 PR est un mod\u00e8le BTE contour d'oreille haut de gamme. Il couvre tous les degr\u00e9s de perte auditive, de l\u00e9ger \u00e0 s\u00e9v\u00e8re.\",\"breadcrumb\":{\"@id\":\"https:\/\/www.laboratoires-unisson.com\/fr-be\/produit\/appareils-auditifs\/unitron\/stride-b9-pr#breadcrumb\"},\"inLanguage\":\"fr-BE\",\"potentialAction\":[{\"@type\":\"ReadAction\",\"target\":[\"https:\/\/www.laboratoires-unisson.com\/fr-be\/produit\/appareils-auditifs\/unitron\/stride-b9-pr\"]}]},{\"@type\":\"ImageObject\",\"inLanguage\":\"fr-BE\",\"@id\":\"https:\/\/www.laboratoires-unisson.com\/fr-be\/produit\/appareils-auditifs\/unitron\/stride-b9-pr#primaryimage\",\"url\":\"https:\/\/www.laboratoires-unisson.com\/wp-content\/uploads\/2022\/05\/Unitron-Stride-B9-PR.png\",\"contentUrl\":\"https:\/\/www.laboratoires-unisson.com\/wp-content\/uploads\/2022\/05\/Unitron-Stride-B9-PR.png\",\"width\":450,\"height\":500},{\"@type\":\"BreadcrumbList\",\"@id\":\"https:\/\/www.laboratoires-unisson.com\/fr-be\/produit\/appareils-auditifs\/unitron\/stride-b9-pr#breadcrumb\",\"itemListElement\":[{\"@type\":\"ListItem\",\"position\":1,\"name\":\"Shop\",\"item\":\"https:\/\/www.laboratoires-unisson.com\/fr-be\/shop\"},{\"@type\":\"ListItem\",\"position\":2,\"name\":\"Stride B9 PR\"}]},{\"@type\":\"WebSite\",\"@id\":\"https:\/\/www.laboratoires-unisson.com\/fr-be#website\",\"url\":\"https:\/\/www.laboratoires-unisson.com\/fr-be\",\"name\":\"Laboratoires Unisson\",\"description\":\"Appareil auditif et proth\u00e8se auditive Moins Cher jusqu&#039;\u00e0 -40%\",\"publisher\":{\"@id\":\"https:\/\/www.laboratoires-unisson.com\/fr-be#organization\"},\"potentialAction\":[{\"@type\":\"SearchAction\",\"target\":{\"@type\":\"EntryPoint\",\"urlTemplate\":\"https:\/\/www.laboratoires-unisson.com\/fr-be?s={search_term_string}\"},\"query-input\":{\"@type\":\"PropertyValueSpecification\",\"valueRequired\":true,\"valueName\":\"search_term_string\"}}],\"inLanguage\":\"fr-BE\"},{\"@type\":\"Organization\",\"@id\":\"https:\/\/www.laboratoires-unisson.com\/fr-be#organization\",\"name\":\"Laboratoires Unisson\",\"url\":\"https:\/\/www.laboratoires-unisson.com\/fr-be\",\"logo\":{\"@type\":\"ImageObject\",\"inLanguage\":\"fr-BE\",\"@id\":\"https:\/\/www.laboratoires-unisson.com\/fr-be#\/schema\/logo\/image\/\",\"url\":\"https:\/\/www.laboratoires-unisson.com\/wp-content\/uploads\/2022\/01\/logo-unisson.svg\",\"contentUrl\":\"https:\/\/www.laboratoires-unisson.com\/wp-content\/uploads\/2022\/01\/logo-unisson.svg\",\"width\":1,\"height\":1,\"caption\":\"Laboratoires Unisson\"},\"image\":{\"@id\":\"https:\/\/www.laboratoires-unisson.com\/fr-be#\/schema\/logo\/image\/\"}}]}<\/script>\n<!-- \/ Yoast SEO plugin. -->","yoast_head_json":{"title":"Appareil auditif Unitron Stride B9 PR \u00e0 2100\u20ac - Unisson Belgique","description":"L'appareil auditif Unitron Stride B9 PR est un mod\u00e8le BTE contour d'oreille haut de gamme. Il couvre tous les degr\u00e9s de perte auditive, de l\u00e9ger \u00e0 s\u00e9v\u00e8re.","robots":{"index":"index","follow":"follow","max-snippet":"max-snippet:-1","max-image-preview":"max-image-preview:large","max-video-preview":"max-video-preview:-1"},"canonical":"https:\/\/www.laboratoires-unisson.com\/fr-be\/wp-json\/wp\/v2\/product\/24669","og_locale":"fr_FR","og_type":"article","og_title":"Stride B9 PR - Laboratoires Unisson","og_description":"L'appareil auditif Unitron Stride B9 PR est un mod\u00e8le BTE contour d'oreille haut de gamme. Il couvre tous les degr\u00e9s de perte auditive, de l\u00e9ger \u00e0 s\u00e9v\u00e8re.","og_url":"https:\/\/www.laboratoires-unisson.com\/fr-be\/produit\/appareils-auditifs\/unitron\/stride-b9-pr","og_site_name":"Laboratoires Unisson","article_modified_time":"2025-12-03T09:09:08+00:00","og_image":[{"width":450,"height":500,"url":"https:\/\/www.laboratoires-unisson.com\/wp-content\/uploads\/2022\/05\/Unitron-Stride-B9-PR.png","type":"image\/png"}],"twitter_card":"summary_large_image","twitter_misc":{"Est. reading time":"3 minutes"},"schema":{"@context":"https:\/\/schema.org","@graph":[{"@type":"WebPage","@id":"https:\/\/www.laboratoires-unisson.com\/fr-be\/produit\/appareils-auditifs\/unitron\/stride-b9-pr","url":"https:\/\/www.laboratoires-unisson.com\/fr-be\/produit\/appareils-auditifs\/unitron\/stride-b9-pr","name":"Stride B9 PR - Laboratoires Unisson","isPartOf":{"@id":"https:\/\/www.laboratoires-unisson.com\/fr-be#website"},"primaryImageOfPage":{"@id":"https:\/\/www.laboratoires-unisson.com\/fr-be\/produit\/appareils-auditifs\/unitron\/stride-b9-pr#primaryimage"},"image":{"@id":"https:\/\/www.laboratoires-unisson.com\/fr-be\/produit\/appareils-auditifs\/unitron\/stride-b9-pr#primaryimage"},"thumbnailUrl":"https:\/\/www.laboratoires-unisson.com\/wp-content\/uploads\/2022\/05\/Unitron-Stride-B9-PR.png","datePublished":"2022-05-02T13:15:31+00:00","dateModified":"2025-12-03T09:09:08+00:00","description":"L'appareil auditif Unitron Stride B9 PR est un mod\u00e8le BTE contour d'oreille haut de gamme. Il couvre tous les degr\u00e9s de perte auditive, de l\u00e9ger \u00e0 s\u00e9v\u00e8re.","breadcrumb":{"@id":"https:\/\/www.laboratoires-unisson.com\/fr-be\/produit\/appareils-auditifs\/unitron\/stride-b9-pr#breadcrumb"},"inLanguage":"fr-BE","potentialAction":[{"@type":"ReadAction","target":["https:\/\/www.laboratoires-unisson.com\/fr-be\/produit\/appareils-auditifs\/unitron\/stride-b9-pr"]}]},{"@type":"ImageObject","inLanguage":"fr-BE","@id":"https:\/\/www.laboratoires-unisson.com\/fr-be\/produit\/appareils-auditifs\/unitron\/stride-b9-pr#primaryimage","url":"https:\/\/www.laboratoires-unisson.com\/wp-content\/uploads\/2022\/05\/Unitron-Stride-B9-PR.png","contentUrl":"https:\/\/www.laboratoires-unisson.com\/wp-content\/uploads\/2022\/05\/Unitron-Stride-B9-PR.png","width":450,"height":500},{"@type":"BreadcrumbList","@id":"https:\/\/www.laboratoires-unisson.com\/fr-be\/produit\/appareils-auditifs\/unitron\/stride-b9-pr#breadcrumb","itemListElement":[{"@type":"ListItem","position":1,"name":"Shop","item":"https:\/\/www.laboratoires-unisson.com\/fr-be\/shop"},{"@type":"ListItem","position":2,"name":"Stride B9 PR"}]},{"@type":"WebSite","@id":"https:\/\/www.laboratoires-unisson.com\/fr-be#website","url":"https:\/\/www.laboratoires-unisson.com\/fr-be","name":"Laboratoires Unisson","description":"Appareil auditif et proth\u00e8se auditive Moins Cher jusqu&#039;\u00e0 -40%","publisher":{"@id":"https:\/\/www.laboratoires-unisson.com\/fr-be#organization"},"potentialAction":[{"@type":"SearchAction","target":{"@type":"EntryPoint","urlTemplate":"https:\/\/www.laboratoires-unisson.com\/fr-be?s={search_term_string}"},"query-input":{"@type":"PropertyValueSpecification","valueRequired":true,"valueName":"search_term_string"}}],"inLanguage":"fr-BE"},{"@type":"Organization","@id":"https:\/\/www.laboratoires-unisson.com\/fr-be#organization","name":"Laboratoires Unisson","url":"https:\/\/www.laboratoires-unisson.com\/fr-be","logo":{"@type":"ImageObject","inLanguage":"fr-BE","@id":"https:\/\/www.laboratoires-unisson.com\/fr-be#\/schema\/logo\/image\/","url":"https:\/\/www.laboratoires-unisson.com\/wp-content\/uploads\/2022\/01\/logo-unisson.svg","contentUrl":"https:\/\/www.laboratoires-unisson.com\/wp-content\/uploads\/2022\/01\/logo-unisson.svg","width":1,"height":1,"caption":"Laboratoires Unisson"},"image":{"@id":"https:\/\/www.laboratoires-unisson.com\/fr-be#\/schema\/logo\/image\/"}}]}},"_links":{"self":[{"href":"https:\/\/www.laboratoires-unisson.com\/fr-be\/wp-json\/wp\/v2\/product\/24669","targetHints":{"allow":["GET"]}}],"collection":[{"href":"https:\/\/www.laboratoires-unisson.com\/fr-be\/wp-json\/wp\/v2\/product"}],"about":[{"href":"https:\/\/www.laboratoires-unisson.com\/fr-be\/wp-json\/wp\/v2\/types\/product"}],"wp:featuredmedia":[{"embeddable":true,"href":"https:\/\/www.laboratoires-unisson.com\/fr-be\/wp-json\/wp\/v2\/media\/20849"}],"wp:attachment":[{"href":"https:\/\/www.laboratoires-unisson.com\/fr-be\/wp-json\/wp\/v2\/media?parent=24669"}],"wp:term":[{"taxonomy":"product_brand","embeddable":true,"href":"https:\/\/www.laboratoires-unisson.com\/fr-be\/wp-json\/wp\/v2\/product_brand?post=24669"},{"taxonomy":"product_cat","embeddable":true,"href":"https:\/\/www.laboratoires-unisson.com\/fr-be\/wp-json\/wp\/v2\/product_cat?post=24669"},{"taxonomy":"product_tag","embeddable":true,"href":"https:\/\/www.laboratoires-unisson.com\/fr-be\/wp-json\/wp\/v2\/product_tag?post=24669"}],"curies":[{"name":"wp","href":"https:\/\/api.w.org\/{rel}","templated":true}]}}