{"id":24670,"date":"2022-05-02T15:13:41","date_gmt":"2022-05-02T13:13:41","guid":{"rendered":"https:\/\/www.laboratoires-unisson.com\/produit\/stride-b7-up"},"modified":"2025-12-03T10:09:08","modified_gmt":"2025-12-03T09:09:08","slug":"stride-b7-up","status":"publish","type":"product","link":"https:\/\/www.laboratoires-unisson.com\/fr-be\/produit\/appareils-auditifs\/unitron\/stride-b7-up","title":{"rendered":"Stride B7 UP"},"content":{"rendered":"<p>L&#8217;appareil auditif Unitron B7 UP est un <strong>mod\u00e8le BTE<\/strong> (contour d&#8217;oreille) ultra puissant de milieu de gamme. Il convient parfaitement pour une <strong>perte auditive moyenne \u00e0 profonde<\/strong>.<\/p>\n<p>Les 3 mod\u00e8les Stride B UP sont les premiers appareils auditifs Ultra Power d&#8217;<a href=\"https:\/\/www.laboratoires-unisson.com\/fr-be\/appareils-auditifs\/marques\/unitron\">Unitron<\/a> \u00e0 offrir une <strong>connectivit\u00e9 directe Made For All<\/strong>.<\/p>\n<h3>Caract\u00e9ristiques du mod\u00e8le Unitron Stride B7 UP<\/h3>\n<p>L&#8217;aide auditive Stride B7 UP est \u00e9quip\u00e9e de 20 canaux de r\u00e9glages, 6 programmes automatiques et 3 manuels. Elle dispose d&#8217;un bouton multifonction pour une gestion plus facile et d&#8217;une bobine \u00e0 induction. Cette aide est \u00e9tanche \u00e0 l&#8217;eau et \u00e0 la poussi\u00e8re car elle poss\u00e8de la certification IP68.<\/p>\n<p>Elle fonctionne avec une pile auditive 675. Comptez une autonomie de 200h par pile. Son design est plus petit et \u00e9l\u00e9gant que son pr\u00e9d\u00e9cesseur.<\/p>\n<p>Gr\u00e2ce \u00e0\u00a0un confort combin\u00e9 \u00e0 une technologie auditive puissante, les appareils auditifs Stride B UP offrent une<strong> personnalisation et des performances pour vous aider dans la vie quotidienne<\/strong>. Samson Berhan, Product Manager chez Unitron explique &#8220;les contours BTE Stride Blu permettent aux utilisateurs de capitaliser sur un design qui s&#8217;adapte au mieux \u00e0 leurs besoins auditifs et caract\u00e9ristiques physiques, tout en b\u00e9n\u00e9ficiant de la possibilit\u00e9 de faire les r\u00e9glages dont ils ont besoin pour vivre pleinement leur vie.&#8221;<\/p>\n<h3>Stride B7 UP, un appareil auditif connect\u00e9<\/h3>\n<p>Ce mod\u00e8le est \u00e9quip\u00e9 d&#8217;une <strong>connexion Bluetooth Made For All<\/strong>. Ce qui signifie une connectivit\u00e9 \u00e0 n&#8217;importe quel smartphone (iOS, Android). Vous pourrez connecter 2 appareils Bluetooth simultan\u00e9ment et 8 \u00e0 appairer en m\u00eame temps.<\/p>\n<h4>Application Remote Plus<\/h4>\n<p>Gr\u00e2ce \u00e0 l&#8217;application mobile Remote Plus, vous pourrez maximiser votre exp\u00e9rience auditive. Elle vous permet de :<\/p>\n<ul>\n<li>Contr\u00f4ler le volume<\/li>\n<li>Changer les programmes<\/li>\n<li>Ajuster le masqueur d&#8217;acouph\u00e8nes<\/li>\n<li>Personnaliser les programmes manuels<\/li>\n<li>Recevoir les r\u00e9glages \u00e0 distance envoy\u00e9s par votre audioproth\u00e9siste Unisson<\/li>\n<\/ul>\n<h3>Les technologies de la gamme Unitron Blu<\/h3>\n<p>La <a href=\"https:\/\/www.laboratoires-unisson.com\/fr-be\/appareils-auditifs\/marques\/unitron\/blu\">gamme Blu<\/a>, dont l&#8217;appareil auditif Stride B7 UP en fait partie, est aliment\u00e9e par la puce PRISM, qu&#8217;elle partage avec la gamme Paradise de Phonak. Cette puce propose un nouveau syst\u00e8me de traitement du son (Integra OS). Gr\u00e2ce \u00e0 ce nouveau traitement du son, vous b\u00e9n\u00e9ficiez ainsi d&#8217;une exp\u00e9rience d&#8217;\u00e9coute naturelle.<\/p>\n<p>Le mod\u00e8le Stride B7 UP comporte entre autres ces fonctionnalit\u00e9s :<\/p>\n<ul>\n<li>Am\u00e9lioration de la parole<\/li>\n<li>Am\u00e9lioration des voix douces<\/li>\n<li>R\u00e9ducteur de bruit<\/li>\n<li>R\u00e9ducteur de bruit impulsionnels<\/li>\n<li>R\u00e9ducteur de bruit de vent<\/li>\n<li>Masqueur d&#8217;acouph\u00e8nes<\/li>\n<li>Contr\u00f4le tactile<\/li>\n<li>R\u00e9glages \u00e0 distance<\/li>\n<\/ul>\n<p>En optant pour ce mod\u00e8le, vous aurez un environnement d&#8217;\u00e9coute de moins que le mod\u00e8le Stride B9 UP. De plus, le Stride B7 UP utilise la fonction AutoFocus d&#8217;origine et non le nouveau AutoFocus 360. AutoFocus 360 est utilis\u00e9 pour am\u00e9liorer la parole dans toutes les directions, m\u00eame dans des environnements bruyants.<\/p>\n","protected":false},"excerpt":{"rendered":"<p>L&#8217;appareil auditif Unitron B7 UP est un mod\u00e8le BTE (contour d&#8217;oreille) ultra puissant de milieu de gamme. Il convient parfaitement pour une perte auditive moyenne \u00e0 profonde. Les 3 mod\u00e8les Stride B UP sont les premiers appareils auditifs Ultra Power d&#8217;Unitron \u00e0 offrir une connectivit\u00e9 directe Made For All. Caract\u00e9ristiques du mod\u00e8le Unitron Stride B7 [&hellip;]<\/p>\n","protected":false},"featured_media":19311,"template":"","meta":{"_acf_changed":false},"product_brand":[],"product_cat":[2890],"product_tag":[],"class_list":{"0":"post-24670","1":"product","2":"type-product","3":"status-publish","4":"has-post-thumbnail","6":"product_cat-unitron-fr-be","8":"first","9":"instock","10":"taxable","11":"shipping-taxable","12":"purchasable","13":"product-type-simple"},"acf":[],"yoast_head":"<!-- This site is optimized with the Yoast SEO plugin v27.1.1 - https:\/\/yoast.com\/product\/yoast-seo-wordpress\/ -->\n<title>Appareil auditif Unitron Stride B7 UP \u00e0 1900\u20ac - Unisson Belgique<\/title>\n<meta name=\"description\" content=\"L&#039;appareil auditif Unitron B7 UP est un mod\u00e8le BTE (contour d&#039;oreille) ultra puissant de milieu de gamme. Il convient parfaitement pour une perte auditive\" \/>\n<meta name=\"robots\" content=\"index, follow, max-snippet:-1, max-image-preview:large, max-video-preview:-1\" \/>\n<link rel=\"canonical\" href=\"https:\/\/www.laboratoires-unisson.com\/fr-be\/wp-json\/wp\/v2\/product\/24670\" \/>\n<meta property=\"og:locale\" content=\"fr_FR\" \/>\n<meta property=\"og:type\" content=\"article\" \/>\n<meta property=\"og:title\" content=\"Stride B7 UP - Laboratoires Unisson\" \/>\n<meta property=\"og:description\" content=\"L&#039;appareil auditif Unitron B7 UP est un mod\u00e8le BTE (contour d&#039;oreille) ultra puissant de milieu de gamme. Il convient parfaitement pour une perte auditive\" \/>\n<meta property=\"og:url\" content=\"https:\/\/www.laboratoires-unisson.com\/fr-be\/produit\/appareils-auditifs\/unitron\/stride-b7-up\" \/>\n<meta property=\"og:site_name\" content=\"Laboratoires Unisson\" \/>\n<meta property=\"article:modified_time\" content=\"2025-12-03T09:09:08+00:00\" \/>\n<meta property=\"og:image\" content=\"https:\/\/www.laboratoires-unisson.com\/wp-content\/uploads\/2022\/05\/stride-b7-up.jpg\" \/>\n\t<meta property=\"og:image:width\" content=\"450\" \/>\n\t<meta property=\"og:image:height\" content=\"500\" \/>\n\t<meta property=\"og:image:type\" content=\"image\/jpeg\" \/>\n<meta name=\"twitter:card\" content=\"summary_large_image\" \/>\n<meta name=\"twitter:label1\" content=\"Est. reading time\" \/>\n\t<meta name=\"twitter:data1\" content=\"3 minutes\" \/>\n<script type=\"application\/ld+json\" class=\"yoast-schema-graph\">{\"@context\":\"https:\/\/schema.org\",\"@graph\":[{\"@type\":\"WebPage\",\"@id\":\"https:\/\/www.laboratoires-unisson.com\/fr-be\/produit\/appareils-auditifs\/unitron\/stride-b7-up\",\"url\":\"https:\/\/www.laboratoires-unisson.com\/fr-be\/produit\/appareils-auditifs\/unitron\/stride-b7-up\",\"name\":\"Stride B7 UP - Laboratoires Unisson\",\"isPartOf\":{\"@id\":\"https:\/\/www.laboratoires-unisson.com\/fr-be#website\"},\"primaryImageOfPage\":{\"@id\":\"https:\/\/www.laboratoires-unisson.com\/fr-be\/produit\/appareils-auditifs\/unitron\/stride-b7-up#primaryimage\"},\"image\":{\"@id\":\"https:\/\/www.laboratoires-unisson.com\/fr-be\/produit\/appareils-auditifs\/unitron\/stride-b7-up#primaryimage\"},\"thumbnailUrl\":\"https:\/\/www.laboratoires-unisson.com\/wp-content\/uploads\/2022\/05\/stride-b7-up.jpg\",\"datePublished\":\"2022-05-02T13:13:41+00:00\",\"dateModified\":\"2025-12-03T09:09:08+00:00\",\"description\":\"L'appareil auditif Unitron B7 UP est un mod\u00e8le BTE (contour d'oreille) ultra puissant de milieu de gamme. Il convient parfaitement pour une perte auditive\",\"breadcrumb\":{\"@id\":\"https:\/\/www.laboratoires-unisson.com\/fr-be\/produit\/appareils-auditifs\/unitron\/stride-b7-up#breadcrumb\"},\"inLanguage\":\"fr-BE\",\"potentialAction\":[{\"@type\":\"ReadAction\",\"target\":[\"https:\/\/www.laboratoires-unisson.com\/fr-be\/produit\/appareils-auditifs\/unitron\/stride-b7-up\"]}]},{\"@type\":\"ImageObject\",\"inLanguage\":\"fr-BE\",\"@id\":\"https:\/\/www.laboratoires-unisson.com\/fr-be\/produit\/appareils-auditifs\/unitron\/stride-b7-up#primaryimage\",\"url\":\"https:\/\/www.laboratoires-unisson.com\/wp-content\/uploads\/2022\/05\/stride-b7-up.jpg\",\"contentUrl\":\"https:\/\/www.laboratoires-unisson.com\/wp-content\/uploads\/2022\/05\/stride-b7-up.jpg\",\"width\":450,\"height\":500},{\"@type\":\"BreadcrumbList\",\"@id\":\"https:\/\/www.laboratoires-unisson.com\/fr-be\/produit\/appareils-auditifs\/unitron\/stride-b7-up#breadcrumb\",\"itemListElement\":[{\"@type\":\"ListItem\",\"position\":1,\"name\":\"Shop\",\"item\":\"https:\/\/www.laboratoires-unisson.com\/fr-be\/shop\"},{\"@type\":\"ListItem\",\"position\":2,\"name\":\"Stride B7 UP\"}]},{\"@type\":\"WebSite\",\"@id\":\"https:\/\/www.laboratoires-unisson.com\/fr-be#website\",\"url\":\"https:\/\/www.laboratoires-unisson.com\/fr-be\",\"name\":\"Laboratoires Unisson\",\"description\":\"Appareil auditif et proth\u00e8se auditive Moins Cher jusqu&#039;\u00e0 -40%\",\"publisher\":{\"@id\":\"https:\/\/www.laboratoires-unisson.com\/fr-be#organization\"},\"potentialAction\":[{\"@type\":\"SearchAction\",\"target\":{\"@type\":\"EntryPoint\",\"urlTemplate\":\"https:\/\/www.laboratoires-unisson.com\/fr-be?s={search_term_string}\"},\"query-input\":{\"@type\":\"PropertyValueSpecification\",\"valueRequired\":true,\"valueName\":\"search_term_string\"}}],\"inLanguage\":\"fr-BE\"},{\"@type\":\"Organization\",\"@id\":\"https:\/\/www.laboratoires-unisson.com\/fr-be#organization\",\"name\":\"Laboratoires Unisson\",\"url\":\"https:\/\/www.laboratoires-unisson.com\/fr-be\",\"logo\":{\"@type\":\"ImageObject\",\"inLanguage\":\"fr-BE\",\"@id\":\"https:\/\/www.laboratoires-unisson.com\/fr-be#\/schema\/logo\/image\/\",\"url\":\"https:\/\/www.laboratoires-unisson.com\/wp-content\/uploads\/2022\/01\/logo-unisson.svg\",\"contentUrl\":\"https:\/\/www.laboratoires-unisson.com\/wp-content\/uploads\/2022\/01\/logo-unisson.svg\",\"width\":1,\"height\":1,\"caption\":\"Laboratoires Unisson\"},\"image\":{\"@id\":\"https:\/\/www.laboratoires-unisson.com\/fr-be#\/schema\/logo\/image\/\"}}]}<\/script>\n<!-- \/ Yoast SEO plugin. -->","yoast_head_json":{"title":"Appareil auditif Unitron Stride B7 UP \u00e0 1900\u20ac - Unisson Belgique","description":"L'appareil auditif Unitron B7 UP est un mod\u00e8le BTE (contour d'oreille) ultra puissant de milieu de gamme. Il convient parfaitement pour une perte auditive","robots":{"index":"index","follow":"follow","max-snippet":"max-snippet:-1","max-image-preview":"max-image-preview:large","max-video-preview":"max-video-preview:-1"},"canonical":"https:\/\/www.laboratoires-unisson.com\/fr-be\/wp-json\/wp\/v2\/product\/24670","og_locale":"fr_FR","og_type":"article","og_title":"Stride B7 UP - Laboratoires Unisson","og_description":"L'appareil auditif Unitron B7 UP est un mod\u00e8le BTE (contour d'oreille) ultra puissant de milieu de gamme. Il convient parfaitement pour une perte auditive","og_url":"https:\/\/www.laboratoires-unisson.com\/fr-be\/produit\/appareils-auditifs\/unitron\/stride-b7-up","og_site_name":"Laboratoires Unisson","article_modified_time":"2025-12-03T09:09:08+00:00","og_image":[{"width":450,"height":500,"url":"https:\/\/www.laboratoires-unisson.com\/wp-content\/uploads\/2022\/05\/stride-b7-up.jpg","type":"image\/jpeg"}],"twitter_card":"summary_large_image","twitter_misc":{"Est. reading time":"3 minutes"},"schema":{"@context":"https:\/\/schema.org","@graph":[{"@type":"WebPage","@id":"https:\/\/www.laboratoires-unisson.com\/fr-be\/produit\/appareils-auditifs\/unitron\/stride-b7-up","url":"https:\/\/www.laboratoires-unisson.com\/fr-be\/produit\/appareils-auditifs\/unitron\/stride-b7-up","name":"Stride B7 UP - Laboratoires Unisson","isPartOf":{"@id":"https:\/\/www.laboratoires-unisson.com\/fr-be#website"},"primaryImageOfPage":{"@id":"https:\/\/www.laboratoires-unisson.com\/fr-be\/produit\/appareils-auditifs\/unitron\/stride-b7-up#primaryimage"},"image":{"@id":"https:\/\/www.laboratoires-unisson.com\/fr-be\/produit\/appareils-auditifs\/unitron\/stride-b7-up#primaryimage"},"thumbnailUrl":"https:\/\/www.laboratoires-unisson.com\/wp-content\/uploads\/2022\/05\/stride-b7-up.jpg","datePublished":"2022-05-02T13:13:41+00:00","dateModified":"2025-12-03T09:09:08+00:00","description":"L'appareil auditif Unitron B7 UP est un mod\u00e8le BTE (contour d'oreille) ultra puissant de milieu de gamme. Il convient parfaitement pour une perte auditive","breadcrumb":{"@id":"https:\/\/www.laboratoires-unisson.com\/fr-be\/produit\/appareils-auditifs\/unitron\/stride-b7-up#breadcrumb"},"inLanguage":"fr-BE","potentialAction":[{"@type":"ReadAction","target":["https:\/\/www.laboratoires-unisson.com\/fr-be\/produit\/appareils-auditifs\/unitron\/stride-b7-up"]}]},{"@type":"ImageObject","inLanguage":"fr-BE","@id":"https:\/\/www.laboratoires-unisson.com\/fr-be\/produit\/appareils-auditifs\/unitron\/stride-b7-up#primaryimage","url":"https:\/\/www.laboratoires-unisson.com\/wp-content\/uploads\/2022\/05\/stride-b7-up.jpg","contentUrl":"https:\/\/www.laboratoires-unisson.com\/wp-content\/uploads\/2022\/05\/stride-b7-up.jpg","width":450,"height":500},{"@type":"BreadcrumbList","@id":"https:\/\/www.laboratoires-unisson.com\/fr-be\/produit\/appareils-auditifs\/unitron\/stride-b7-up#breadcrumb","itemListElement":[{"@type":"ListItem","position":1,"name":"Shop","item":"https:\/\/www.laboratoires-unisson.com\/fr-be\/shop"},{"@type":"ListItem","position":2,"name":"Stride B7 UP"}]},{"@type":"WebSite","@id":"https:\/\/www.laboratoires-unisson.com\/fr-be#website","url":"https:\/\/www.laboratoires-unisson.com\/fr-be","name":"Laboratoires Unisson","description":"Appareil auditif et proth\u00e8se auditive Moins Cher jusqu&#039;\u00e0 -40%","publisher":{"@id":"https:\/\/www.laboratoires-unisson.com\/fr-be#organization"},"potentialAction":[{"@type":"SearchAction","target":{"@type":"EntryPoint","urlTemplate":"https:\/\/www.laboratoires-unisson.com\/fr-be?s={search_term_string}"},"query-input":{"@type":"PropertyValueSpecification","valueRequired":true,"valueName":"search_term_string"}}],"inLanguage":"fr-BE"},{"@type":"Organization","@id":"https:\/\/www.laboratoires-unisson.com\/fr-be#organization","name":"Laboratoires Unisson","url":"https:\/\/www.laboratoires-unisson.com\/fr-be","logo":{"@type":"ImageObject","inLanguage":"fr-BE","@id":"https:\/\/www.laboratoires-unisson.com\/fr-be#\/schema\/logo\/image\/","url":"https:\/\/www.laboratoires-unisson.com\/wp-content\/uploads\/2022\/01\/logo-unisson.svg","contentUrl":"https:\/\/www.laboratoires-unisson.com\/wp-content\/uploads\/2022\/01\/logo-unisson.svg","width":1,"height":1,"caption":"Laboratoires Unisson"},"image":{"@id":"https:\/\/www.laboratoires-unisson.com\/fr-be#\/schema\/logo\/image\/"}}]}},"_links":{"self":[{"href":"https:\/\/www.laboratoires-unisson.com\/fr-be\/wp-json\/wp\/v2\/product\/24670","targetHints":{"allow":["GET"]}}],"collection":[{"href":"https:\/\/www.laboratoires-unisson.com\/fr-be\/wp-json\/wp\/v2\/product"}],"about":[{"href":"https:\/\/www.laboratoires-unisson.com\/fr-be\/wp-json\/wp\/v2\/types\/product"}],"wp:featuredmedia":[{"embeddable":true,"href":"https:\/\/www.laboratoires-unisson.com\/fr-be\/wp-json\/wp\/v2\/media\/19311"}],"wp:attachment":[{"href":"https:\/\/www.laboratoires-unisson.com\/fr-be\/wp-json\/wp\/v2\/media?parent=24670"}],"wp:term":[{"taxonomy":"product_brand","embeddable":true,"href":"https:\/\/www.laboratoires-unisson.com\/fr-be\/wp-json\/wp\/v2\/product_brand?post=24670"},{"taxonomy":"product_cat","embeddable":true,"href":"https:\/\/www.laboratoires-unisson.com\/fr-be\/wp-json\/wp\/v2\/product_cat?post=24670"},{"taxonomy":"product_tag","embeddable":true,"href":"https:\/\/www.laboratoires-unisson.com\/fr-be\/wp-json\/wp\/v2\/product_tag?post=24670"}],"curies":[{"name":"wp","href":"https:\/\/api.w.org\/{rel}","templated":true}]}}