{"id":24671,"date":"2022-05-02T15:13:39","date_gmt":"2022-05-02T13:13:39","guid":{"rendered":"https:\/\/www.laboratoires-unisson.com\/produit\/stride-b7-pr"},"modified":"2025-12-03T10:09:09","modified_gmt":"2025-12-03T09:09:09","slug":"stride-b7-pr","status":"publish","type":"product","link":"https:\/\/www.laboratoires-unisson.com\/fr-be\/produit\/appareils-auditifs\/unitron\/stride-b7-pr","title":{"rendered":"Stride B7 PR"},"content":{"rendered":"<p>L&#8217;appareil auditif Unitron B7 PR est un <strong>contour d&#8217;oreille BTE\u00a0rechargeable<\/strong>. Le chiffre 7 correspond au milieu de gamme de la marque. Cet appareil corrige des pertes d&#8217;audition allant de l\u00e9g\u00e8res \u00e0 s\u00e9v\u00e8res.<\/p>\n<p>Ce mod\u00e8le est dot\u00e9 d&#8217;un <strong>Bluetooth Made For All<\/strong>. Il permet \u00e0 ses utilisateurs une <strong>connectivit\u00e9 directe<\/strong> entre les appareils auditifs et leur t\u00e9l\u00e9phone portable (iOS et Android).<\/p>\n<h3>Caract\u00e9ristiques du mod\u00e8le Unitron Stride B7 PR<\/h3>\n<p>L&#8217;aide auditive Stride B7 PR poss\u00e8de <strong>20 canaux de r\u00e9glages<\/strong> pour ajuster la correction auditive avec plus de pr\u00e9cision. Ses 6 environnements d&#8217;\u00e9coute lui permettent de s&#8217;adapter automatiquement en fonction du milieu sonore o\u00f9 l&#8217;utilisateur se trouve.<\/p>\n<p>Elle dispose d&#8217;un <strong>bouton multifonction<\/strong> pour une gestion plus facile. Cette aide auditive est certifi\u00e9e <strong>IP68<\/strong>, c&#8217;est \u00e0 dire qu&#8217;elle est r\u00e9sistante \u00e0 une immersion dans l&#8217;eau et est totalement prot\u00e9g\u00e9e contre la poussi\u00e8re.<\/p>\n<p>Son syst\u00e8me de chargement offre une <strong>autonomie de 20h<\/strong> <em>(qui peut l\u00e9g\u00e8rement varier en fonction du temps d&#8217;utilisation avec le streaming<\/em>).De plus, le chargeur lui m\u00eame est nomade. Gr\u00e2ce \u00e0 sa batterie externe, vous pourrez l&#8217;emporter avec vous et recharger vos aides auditives dans n&#8217;importe quelle situation (avion, voiture etc.).<\/p>\n<h3>Stride B7 PR, un appareil auditif connect\u00e9<\/h3>\n<p>Gr\u00e2ce \u00e0 sa connexion Bluetooth Made For All, ce mod\u00e8le permet un <strong>streaming direct <\/strong>entre les aides auditives et le smartphone de l&#8217;utilisateur (iOS et Android). C&#8217;est-\u00e0-dire qu&#8217;il re\u00e7oit le son des conversations t\u00e9l\u00e9phoniques, mais aussi la musique, les vid\u00e9os et le son de toutes les applications directement dans ses aides auditives. Il est \u00e9galement possible de connecter deux appareils simultan\u00e9ment en Bluetooth. Par exemple, un smartphone et une tablette.<\/p>\n<h3>Application Remote Plus<\/h3>\n<p>Bien que l&#8217;appareil soit automatique, vous disposez n\u00e9anmoins d&#8217;une <strong>application mobile Remote Plus<\/strong>. Elle vous permet entre autres de modifier le volume et le programme de vos aides auditive si cela est n\u00e9cessaire. Par exemple, vous pourrez cr\u00e9er avec votre audioproth\u00e9siste un programme plus doux pour les transports en commun, et passer sur ce programme gr\u00e2ce \u00e0 l&#8217;application.<\/p>\n<p>L&#8217;application permet \u00e9galement de :<\/p>\n<ul>\n<li>Ajuster le masqueur d&#8217;acouph\u00e8nes<\/li>\n<li>Personnaliser les programmes manuels<\/li>\n<li>Recevoir les r\u00e9glages \u00e0 distance envoy\u00e9s par votre audioproth\u00e9siste Unisson<\/li>\n<\/ul>\n<h3>Fonctionnalit\u00e9s de l&#8217;aide auditive Stride B7 PR<\/h3>\n<ul>\n<li>Am\u00e9lioration de la parole<\/li>\n<li>Am\u00e9lioration des voix douces<\/li>\n<li>R\u00e9ducteur de bruit<\/li>\n<li>R\u00e9ducteur de bruits impulsionnels<\/li>\n<li>Masqueur d&#8217;acouph\u00e8nes<\/li>\n<li>R\u00e9ducteur de bruit de vent<\/li>\n<li>AutoFocus<\/li>\n<li>Soft Speech Lift<\/li>\n<li>Spatial Awareness<\/li>\n<li>Effet Pavillon<\/li>\n<li>Contr\u00f4le tactile<\/li>\n<li>Bluetooth<\/li>\n<li>Connectivit\u00e9 directe<\/li>\n<li>Rechargeable (lithium ion)<\/li>\n<li>Accessoires compatibles (TV Connector, Remote Control, Micro-Cravate, RogerDirect)<\/li>\n<li>Application mobile<\/li>\n<\/ul>\n","protected":false},"excerpt":{"rendered":"<p>L&#8217;appareil auditif Unitron B7 PR est un contour d&#8217;oreille BTE\u00a0rechargeable. Le chiffre 7 correspond au milieu de gamme de la marque. Cet appareil corrige des pertes d&#8217;audition allant de l\u00e9g\u00e8res \u00e0 s\u00e9v\u00e8res. Ce mod\u00e8le est dot\u00e9 d&#8217;un Bluetooth Made For All. Il permet \u00e0 ses utilisateurs une connectivit\u00e9 directe entre les appareils auditifs et leur [&hellip;]<\/p>\n","protected":false},"featured_media":19310,"template":"","meta":{"_acf_changed":false},"product_brand":[],"product_cat":[2890],"product_tag":[],"class_list":{"0":"post-24671","1":"product","2":"type-product","3":"status-publish","4":"has-post-thumbnail","6":"product_cat-unitron-fr-be","8":"first","9":"instock","10":"taxable","11":"shipping-taxable","12":"purchasable","13":"product-type-simple"},"acf":[],"yoast_head":"<!-- This site is optimized with the Yoast SEO plugin v27.1.1 - https:\/\/yoast.com\/product\/yoast-seo-wordpress\/ -->\n<title>Appareil auditif Unitron Stride B7 PR \u00e0 1900\u20ac - Unisson Belgique<\/title>\n<meta name=\"description\" content=\"L&#039;appareil auditif Unitron B7 PR est un contour d&#039;oreille BTE\u00a0rechargeable. Le chiffre 7 correspond au milieu de gamme de la marque. Cet appareil corrige\" \/>\n<meta name=\"robots\" content=\"index, follow, max-snippet:-1, max-image-preview:large, max-video-preview:-1\" \/>\n<link rel=\"canonical\" href=\"https:\/\/www.laboratoires-unisson.com\/fr-be\/wp-json\/wp\/v2\/product\/24671\" \/>\n<meta property=\"og:locale\" content=\"fr_FR\" \/>\n<meta property=\"og:type\" content=\"article\" \/>\n<meta property=\"og:title\" content=\"Stride B7 PR - Laboratoires Unisson\" \/>\n<meta property=\"og:description\" content=\"L&#039;appareil auditif Unitron B7 PR est un contour d&#039;oreille BTE\u00a0rechargeable. Le chiffre 7 correspond au milieu de gamme de la marque. Cet appareil corrige\" \/>\n<meta property=\"og:url\" content=\"https:\/\/www.laboratoires-unisson.com\/fr-be\/produit\/appareils-auditifs\/unitron\/stride-b7-pr\" \/>\n<meta property=\"og:site_name\" content=\"Laboratoires Unisson\" \/>\n<meta property=\"article:modified_time\" content=\"2025-12-03T09:09:09+00:00\" \/>\n<meta property=\"og:image\" content=\"https:\/\/www.laboratoires-unisson.com\/wp-content\/uploads\/2022\/05\/stride-b7-pr.jpg\" \/>\n\t<meta property=\"og:image:width\" content=\"450\" \/>\n\t<meta property=\"og:image:height\" content=\"500\" \/>\n\t<meta property=\"og:image:type\" content=\"image\/jpeg\" \/>\n<meta name=\"twitter:card\" content=\"summary_large_image\" \/>\n<meta name=\"twitter:label1\" content=\"Est. reading time\" \/>\n\t<meta name=\"twitter:data1\" content=\"3 minutes\" \/>\n<script type=\"application\/ld+json\" class=\"yoast-schema-graph\">{\"@context\":\"https:\/\/schema.org\",\"@graph\":[{\"@type\":\"WebPage\",\"@id\":\"https:\/\/www.laboratoires-unisson.com\/fr-be\/produit\/appareils-auditifs\/unitron\/stride-b7-pr\",\"url\":\"https:\/\/www.laboratoires-unisson.com\/fr-be\/produit\/appareils-auditifs\/unitron\/stride-b7-pr\",\"name\":\"Stride B7 PR - Laboratoires Unisson\",\"isPartOf\":{\"@id\":\"https:\/\/www.laboratoires-unisson.com\/fr-be#website\"},\"primaryImageOfPage\":{\"@id\":\"https:\/\/www.laboratoires-unisson.com\/fr-be\/produit\/appareils-auditifs\/unitron\/stride-b7-pr#primaryimage\"},\"image\":{\"@id\":\"https:\/\/www.laboratoires-unisson.com\/fr-be\/produit\/appareils-auditifs\/unitron\/stride-b7-pr#primaryimage\"},\"thumbnailUrl\":\"https:\/\/www.laboratoires-unisson.com\/wp-content\/uploads\/2022\/05\/stride-b7-pr.jpg\",\"datePublished\":\"2022-05-02T13:13:39+00:00\",\"dateModified\":\"2025-12-03T09:09:09+00:00\",\"description\":\"L'appareil auditif Unitron B7 PR est un contour d'oreille BTE\u00a0rechargeable. Le chiffre 7 correspond au milieu de gamme de la marque. Cet appareil corrige\",\"breadcrumb\":{\"@id\":\"https:\/\/www.laboratoires-unisson.com\/fr-be\/produit\/appareils-auditifs\/unitron\/stride-b7-pr#breadcrumb\"},\"inLanguage\":\"fr-BE\",\"potentialAction\":[{\"@type\":\"ReadAction\",\"target\":[\"https:\/\/www.laboratoires-unisson.com\/fr-be\/produit\/appareils-auditifs\/unitron\/stride-b7-pr\"]}]},{\"@type\":\"ImageObject\",\"inLanguage\":\"fr-BE\",\"@id\":\"https:\/\/www.laboratoires-unisson.com\/fr-be\/produit\/appareils-auditifs\/unitron\/stride-b7-pr#primaryimage\",\"url\":\"https:\/\/www.laboratoires-unisson.com\/wp-content\/uploads\/2022\/05\/stride-b7-pr.jpg\",\"contentUrl\":\"https:\/\/www.laboratoires-unisson.com\/wp-content\/uploads\/2022\/05\/stride-b7-pr.jpg\",\"width\":450,\"height\":500},{\"@type\":\"BreadcrumbList\",\"@id\":\"https:\/\/www.laboratoires-unisson.com\/fr-be\/produit\/appareils-auditifs\/unitron\/stride-b7-pr#breadcrumb\",\"itemListElement\":[{\"@type\":\"ListItem\",\"position\":1,\"name\":\"Shop\",\"item\":\"https:\/\/www.laboratoires-unisson.com\/fr-be\/shop\"},{\"@type\":\"ListItem\",\"position\":2,\"name\":\"Stride B7 PR\"}]},{\"@type\":\"WebSite\",\"@id\":\"https:\/\/www.laboratoires-unisson.com\/fr-be#website\",\"url\":\"https:\/\/www.laboratoires-unisson.com\/fr-be\",\"name\":\"Laboratoires Unisson\",\"description\":\"Appareil auditif et proth\u00e8se auditive Moins Cher jusqu&#039;\u00e0 -40%\",\"publisher\":{\"@id\":\"https:\/\/www.laboratoires-unisson.com\/fr-be#organization\"},\"potentialAction\":[{\"@type\":\"SearchAction\",\"target\":{\"@type\":\"EntryPoint\",\"urlTemplate\":\"https:\/\/www.laboratoires-unisson.com\/fr-be?s={search_term_string}\"},\"query-input\":{\"@type\":\"PropertyValueSpecification\",\"valueRequired\":true,\"valueName\":\"search_term_string\"}}],\"inLanguage\":\"fr-BE\"},{\"@type\":\"Organization\",\"@id\":\"https:\/\/www.laboratoires-unisson.com\/fr-be#organization\",\"name\":\"Laboratoires Unisson\",\"url\":\"https:\/\/www.laboratoires-unisson.com\/fr-be\",\"logo\":{\"@type\":\"ImageObject\",\"inLanguage\":\"fr-BE\",\"@id\":\"https:\/\/www.laboratoires-unisson.com\/fr-be#\/schema\/logo\/image\/\",\"url\":\"https:\/\/www.laboratoires-unisson.com\/wp-content\/uploads\/2022\/01\/logo-unisson.svg\",\"contentUrl\":\"https:\/\/www.laboratoires-unisson.com\/wp-content\/uploads\/2022\/01\/logo-unisson.svg\",\"width\":1,\"height\":1,\"caption\":\"Laboratoires Unisson\"},\"image\":{\"@id\":\"https:\/\/www.laboratoires-unisson.com\/fr-be#\/schema\/logo\/image\/\"}}]}<\/script>\n<!-- \/ Yoast SEO plugin. -->","yoast_head_json":{"title":"Appareil auditif Unitron Stride B7 PR \u00e0 1900\u20ac - Unisson Belgique","description":"L'appareil auditif Unitron B7 PR est un contour d'oreille BTE\u00a0rechargeable. Le chiffre 7 correspond au milieu de gamme de la marque. Cet appareil corrige","robots":{"index":"index","follow":"follow","max-snippet":"max-snippet:-1","max-image-preview":"max-image-preview:large","max-video-preview":"max-video-preview:-1"},"canonical":"https:\/\/www.laboratoires-unisson.com\/fr-be\/wp-json\/wp\/v2\/product\/24671","og_locale":"fr_FR","og_type":"article","og_title":"Stride B7 PR - Laboratoires Unisson","og_description":"L'appareil auditif Unitron B7 PR est un contour d'oreille BTE\u00a0rechargeable. Le chiffre 7 correspond au milieu de gamme de la marque. Cet appareil corrige","og_url":"https:\/\/www.laboratoires-unisson.com\/fr-be\/produit\/appareils-auditifs\/unitron\/stride-b7-pr","og_site_name":"Laboratoires Unisson","article_modified_time":"2025-12-03T09:09:09+00:00","og_image":[{"width":450,"height":500,"url":"https:\/\/www.laboratoires-unisson.com\/wp-content\/uploads\/2022\/05\/stride-b7-pr.jpg","type":"image\/jpeg"}],"twitter_card":"summary_large_image","twitter_misc":{"Est. reading time":"3 minutes"},"schema":{"@context":"https:\/\/schema.org","@graph":[{"@type":"WebPage","@id":"https:\/\/www.laboratoires-unisson.com\/fr-be\/produit\/appareils-auditifs\/unitron\/stride-b7-pr","url":"https:\/\/www.laboratoires-unisson.com\/fr-be\/produit\/appareils-auditifs\/unitron\/stride-b7-pr","name":"Stride B7 PR - Laboratoires Unisson","isPartOf":{"@id":"https:\/\/www.laboratoires-unisson.com\/fr-be#website"},"primaryImageOfPage":{"@id":"https:\/\/www.laboratoires-unisson.com\/fr-be\/produit\/appareils-auditifs\/unitron\/stride-b7-pr#primaryimage"},"image":{"@id":"https:\/\/www.laboratoires-unisson.com\/fr-be\/produit\/appareils-auditifs\/unitron\/stride-b7-pr#primaryimage"},"thumbnailUrl":"https:\/\/www.laboratoires-unisson.com\/wp-content\/uploads\/2022\/05\/stride-b7-pr.jpg","datePublished":"2022-05-02T13:13:39+00:00","dateModified":"2025-12-03T09:09:09+00:00","description":"L'appareil auditif Unitron B7 PR est un contour d'oreille BTE\u00a0rechargeable. Le chiffre 7 correspond au milieu de gamme de la marque. Cet appareil corrige","breadcrumb":{"@id":"https:\/\/www.laboratoires-unisson.com\/fr-be\/produit\/appareils-auditifs\/unitron\/stride-b7-pr#breadcrumb"},"inLanguage":"fr-BE","potentialAction":[{"@type":"ReadAction","target":["https:\/\/www.laboratoires-unisson.com\/fr-be\/produit\/appareils-auditifs\/unitron\/stride-b7-pr"]}]},{"@type":"ImageObject","inLanguage":"fr-BE","@id":"https:\/\/www.laboratoires-unisson.com\/fr-be\/produit\/appareils-auditifs\/unitron\/stride-b7-pr#primaryimage","url":"https:\/\/www.laboratoires-unisson.com\/wp-content\/uploads\/2022\/05\/stride-b7-pr.jpg","contentUrl":"https:\/\/www.laboratoires-unisson.com\/wp-content\/uploads\/2022\/05\/stride-b7-pr.jpg","width":450,"height":500},{"@type":"BreadcrumbList","@id":"https:\/\/www.laboratoires-unisson.com\/fr-be\/produit\/appareils-auditifs\/unitron\/stride-b7-pr#breadcrumb","itemListElement":[{"@type":"ListItem","position":1,"name":"Shop","item":"https:\/\/www.laboratoires-unisson.com\/fr-be\/shop"},{"@type":"ListItem","position":2,"name":"Stride B7 PR"}]},{"@type":"WebSite","@id":"https:\/\/www.laboratoires-unisson.com\/fr-be#website","url":"https:\/\/www.laboratoires-unisson.com\/fr-be","name":"Laboratoires Unisson","description":"Appareil auditif et proth\u00e8se auditive Moins Cher jusqu&#039;\u00e0 -40%","publisher":{"@id":"https:\/\/www.laboratoires-unisson.com\/fr-be#organization"},"potentialAction":[{"@type":"SearchAction","target":{"@type":"EntryPoint","urlTemplate":"https:\/\/www.laboratoires-unisson.com\/fr-be?s={search_term_string}"},"query-input":{"@type":"PropertyValueSpecification","valueRequired":true,"valueName":"search_term_string"}}],"inLanguage":"fr-BE"},{"@type":"Organization","@id":"https:\/\/www.laboratoires-unisson.com\/fr-be#organization","name":"Laboratoires Unisson","url":"https:\/\/www.laboratoires-unisson.com\/fr-be","logo":{"@type":"ImageObject","inLanguage":"fr-BE","@id":"https:\/\/www.laboratoires-unisson.com\/fr-be#\/schema\/logo\/image\/","url":"https:\/\/www.laboratoires-unisson.com\/wp-content\/uploads\/2022\/01\/logo-unisson.svg","contentUrl":"https:\/\/www.laboratoires-unisson.com\/wp-content\/uploads\/2022\/01\/logo-unisson.svg","width":1,"height":1,"caption":"Laboratoires Unisson"},"image":{"@id":"https:\/\/www.laboratoires-unisson.com\/fr-be#\/schema\/logo\/image\/"}}]}},"_links":{"self":[{"href":"https:\/\/www.laboratoires-unisson.com\/fr-be\/wp-json\/wp\/v2\/product\/24671","targetHints":{"allow":["GET"]}}],"collection":[{"href":"https:\/\/www.laboratoires-unisson.com\/fr-be\/wp-json\/wp\/v2\/product"}],"about":[{"href":"https:\/\/www.laboratoires-unisson.com\/fr-be\/wp-json\/wp\/v2\/types\/product"}],"wp:featuredmedia":[{"embeddable":true,"href":"https:\/\/www.laboratoires-unisson.com\/fr-be\/wp-json\/wp\/v2\/media\/19310"}],"wp:attachment":[{"href":"https:\/\/www.laboratoires-unisson.com\/fr-be\/wp-json\/wp\/v2\/media?parent=24671"}],"wp:term":[{"taxonomy":"product_brand","embeddable":true,"href":"https:\/\/www.laboratoires-unisson.com\/fr-be\/wp-json\/wp\/v2\/product_brand?post=24671"},{"taxonomy":"product_cat","embeddable":true,"href":"https:\/\/www.laboratoires-unisson.com\/fr-be\/wp-json\/wp\/v2\/product_cat?post=24671"},{"taxonomy":"product_tag","embeddable":true,"href":"https:\/\/www.laboratoires-unisson.com\/fr-be\/wp-json\/wp\/v2\/product_tag?post=24671"}],"curies":[{"name":"wp","href":"https:\/\/api.w.org\/{rel}","templated":true}]}}