{"id":24672,"date":"2022-05-02T15:11:28","date_gmt":"2022-05-02T13:11:28","guid":{"rendered":"https:\/\/www.laboratoires-unisson.com\/produit\/stride-b5-up"},"modified":"2025-12-03T10:09:09","modified_gmt":"2025-12-03T09:09:09","slug":"stride-b5-up","status":"publish","type":"product","link":"https:\/\/www.laboratoires-unisson.com\/fr-be\/produit\/appareils-auditifs\/unitron\/stride-b5-up","title":{"rendered":"Stride B5 UP"},"content":{"rendered":"<p>L&#8217;appareil auditif Unitron Stride B5 UP est un mod\u00e8le <strong>contour d&#8217;oreille (BTE) connect\u00e9 d&#8217;entr\u00e9e de gamme<\/strong>. Il s&#8217;adresse \u00e0 des patients ayant une perte auditive moyenne \u00e0 profonde.<\/p>\n<p>Le mod\u00e8le Stride B-UP est la 1\u00e8re <strong>aide auditive ultra-puissante connect\u00e9e et Made For All\u00a0<\/strong>(MFA) de la marque Unitron.<\/p>\n<h3>Innovations de la gamme Unitron\u00a0Blu<\/h3>\n<h4>Puce PRISM<\/h4>\n<p>Le mod\u00e8le Stride B5 UP inclut la <strong>puissante puce PRISM<\/strong> <em>(Processing Real-Time Intelligent Sound Management)<\/em> de Sonova et le nouveau <strong>syst\u00e8me de traitement du signal Integra OS<\/strong>.<\/p>\n<h4>L&#8217;adaptabilit\u00e9<\/h4>\n<p>Am\u00e9liorez votre confort d&#8217;\u00e9coute et votre clart\u00e9 avec cette gamme d&#8217;aides auditives. Choisissez parmi 6 programmes pour ajuter et am\u00e9liorer davantage votre parole et modifier la r\u00e9duction du bruit. Par ailleurs, Unitron a ajout\u00e9 de nouvelles fonctionnalit\u00e9s \u00e0 sa solution de r\u00e9glages \u00e0 distance Remote Ajust. En plus du gain et de la compression, les audioproth\u00e9sistes Unisson peuvent d\u00e9sormais ajuster la directionnalit\u00e9, l&#8217;anti larsen et l&#8217;am\u00e9lioration de la parole.<\/p>\n<h4>La connectivit\u00e9<\/h4>\n<p>Les appareils auditifs Unitron Blu ont \u00e9t\u00e9 con\u00e7us pour fonctionner avec n&#8217;importe quel t\u00e9l\u00e9phone. Ce qui signifie qu&#8217;il est <strong>compatible avec les smartphones iOS et Android<\/strong>. Connectez-vous et interagissez avec 2 appareils simultan\u00e9s. La nouvelle fonction de contr\u00f4le du toucher vous donne \u00e9galement plus de libert\u00e9 pour acc\u00e9der aux services d&#8217;assistant virtuel, prendre des appels mains libres et mettre en pause\/lecture l&#8217;audio d&#8217;un simple toucher.<\/p>\n<h3>Caract\u00e9ristiques du mod\u00e8le Unitron Stride B5 UP<\/h3>\n<ul>\n<li>16 canaux de r\u00e9glages<\/li>\n<li>4 programmes automatiques<\/li>\n<li>3 programmes manuels<\/li>\n<li>pile auditive 675<\/li>\n<li>bouton poussoir<\/li>\n<li>bobine t\u00e9l\u00e9phonique<\/li>\n<li>connexion Bluetooth MFA<\/li>\n<li>IP68<\/li>\n<\/ul>\n<p>L&#8217;aide auditive Stride B5 UP est id\u00e9al pour des environnements de type conversation dans le calme, conversation en petit groupe et dans le calme. Par rapport au mod\u00e8le Stride B9 UP (haut de gamme), vous perdez 3 environnements d&#8217;\u00e9coute et vous n&#8217;aurez pas acc\u00e8s \u00e0 la fonction AutoFocus 360, qui est utilis\u00e9e pour am\u00e9liorer la parole dans toutes les directions, m\u00eame dans les paysages sonores les plus difficiles.<\/p>\n","protected":false},"excerpt":{"rendered":"<p>L&#8217;appareil auditif Unitron Stride B5 UP est un mod\u00e8le contour d&#8217;oreille (BTE) connect\u00e9 d&#8217;entr\u00e9e de gamme. Il s&#8217;adresse \u00e0 des patients ayant une perte auditive moyenne \u00e0 profonde. Le mod\u00e8le Stride B-UP est la 1\u00e8re aide auditive ultra-puissante connect\u00e9e et Made For All\u00a0(MFA) de la marque Unitron. Innovations de la gamme Unitron\u00a0Blu Puce PRISM Le [&hellip;]<\/p>\n","protected":false},"featured_media":19306,"template":"","meta":{"_acf_changed":false},"product_brand":[],"product_cat":[2890],"product_tag":[],"class_list":{"0":"post-24672","1":"product","2":"type-product","3":"status-publish","4":"has-post-thumbnail","6":"product_cat-unitron-fr-be","8":"first","9":"instock","10":"taxable","11":"shipping-taxable","12":"purchasable","13":"product-type-simple"},"acf":[],"yoast_head":"<!-- This site is optimized with the Yoast SEO plugin v27.1.1 - https:\/\/yoast.com\/product\/yoast-seo-wordpress\/ -->\n<title>Appareil auditif Unitron Stride B5 UP \u00e0 1650\u20ac - Unisson Belgique<\/title>\n<meta name=\"description\" content=\"Pourquoi choisir le Unitron Stride B5 UP ? Profitez d&#039;une performance auditive exceptionnelle chez Unisson, au meilleur prix. Obtenez-le d\u00e8s maintenant.\" \/>\n<meta name=\"robots\" content=\"index, follow, max-snippet:-1, max-image-preview:large, max-video-preview:-1\" \/>\n<link rel=\"canonical\" href=\"https:\/\/www.laboratoires-unisson.com\/fr-be\/wp-json\/wp\/v2\/product\/24672\" \/>\n<meta property=\"og:locale\" content=\"fr_FR\" \/>\n<meta property=\"og:type\" content=\"article\" \/>\n<meta property=\"og:title\" content=\"Stride B5 UP - Laboratoires Unisson\" \/>\n<meta property=\"og:description\" content=\"Pourquoi choisir le Unitron Stride B5 UP ? Profitez d&#039;une performance auditive exceptionnelle chez Unisson, au meilleur prix. Obtenez-le d\u00e8s maintenant.\" \/>\n<meta property=\"og:url\" content=\"https:\/\/www.laboratoires-unisson.com\/fr-be\/produit\/appareils-auditifs\/unitron\/stride-b5-up\" \/>\n<meta property=\"og:site_name\" content=\"Laboratoires Unisson\" \/>\n<meta property=\"article:modified_time\" content=\"2025-12-03T09:09:09+00:00\" \/>\n<meta property=\"og:image\" content=\"https:\/\/www.laboratoires-unisson.com\/wp-content\/uploads\/2022\/05\/stride-b5-up.jpg\" \/>\n\t<meta property=\"og:image:width\" content=\"450\" \/>\n\t<meta property=\"og:image:height\" content=\"500\" \/>\n\t<meta property=\"og:image:type\" content=\"image\/jpeg\" \/>\n<meta name=\"twitter:card\" content=\"summary_large_image\" \/>\n<meta name=\"twitter:label1\" content=\"Est. reading time\" \/>\n\t<meta name=\"twitter:data1\" content=\"2 minutes\" \/>\n<script type=\"application\/ld+json\" class=\"yoast-schema-graph\">{\"@context\":\"https:\/\/schema.org\",\"@graph\":[{\"@type\":\"WebPage\",\"@id\":\"https:\/\/www.laboratoires-unisson.com\/fr-be\/produit\/appareils-auditifs\/unitron\/stride-b5-up\",\"url\":\"https:\/\/www.laboratoires-unisson.com\/fr-be\/produit\/appareils-auditifs\/unitron\/stride-b5-up\",\"name\":\"Stride B5 UP - Laboratoires Unisson\",\"isPartOf\":{\"@id\":\"https:\/\/www.laboratoires-unisson.com\/fr-be#website\"},\"primaryImageOfPage\":{\"@id\":\"https:\/\/www.laboratoires-unisson.com\/fr-be\/produit\/appareils-auditifs\/unitron\/stride-b5-up#primaryimage\"},\"image\":{\"@id\":\"https:\/\/www.laboratoires-unisson.com\/fr-be\/produit\/appareils-auditifs\/unitron\/stride-b5-up#primaryimage\"},\"thumbnailUrl\":\"https:\/\/www.laboratoires-unisson.com\/wp-content\/uploads\/2022\/05\/stride-b5-up.jpg\",\"datePublished\":\"2022-05-02T13:11:28+00:00\",\"dateModified\":\"2025-12-03T09:09:09+00:00\",\"description\":\"Pourquoi choisir le Unitron Stride B5 UP ? Profitez d'une performance auditive exceptionnelle chez Unisson, au meilleur prix. Obtenez-le d\u00e8s maintenant.\",\"breadcrumb\":{\"@id\":\"https:\/\/www.laboratoires-unisson.com\/fr-be\/produit\/appareils-auditifs\/unitron\/stride-b5-up#breadcrumb\"},\"inLanguage\":\"fr-BE\",\"potentialAction\":[{\"@type\":\"ReadAction\",\"target\":[\"https:\/\/www.laboratoires-unisson.com\/fr-be\/produit\/appareils-auditifs\/unitron\/stride-b5-up\"]}]},{\"@type\":\"ImageObject\",\"inLanguage\":\"fr-BE\",\"@id\":\"https:\/\/www.laboratoires-unisson.com\/fr-be\/produit\/appareils-auditifs\/unitron\/stride-b5-up#primaryimage\",\"url\":\"https:\/\/www.laboratoires-unisson.com\/wp-content\/uploads\/2022\/05\/stride-b5-up.jpg\",\"contentUrl\":\"https:\/\/www.laboratoires-unisson.com\/wp-content\/uploads\/2022\/05\/stride-b5-up.jpg\",\"width\":450,\"height\":500},{\"@type\":\"BreadcrumbList\",\"@id\":\"https:\/\/www.laboratoires-unisson.com\/fr-be\/produit\/appareils-auditifs\/unitron\/stride-b5-up#breadcrumb\",\"itemListElement\":[{\"@type\":\"ListItem\",\"position\":1,\"name\":\"Shop\",\"item\":\"https:\/\/www.laboratoires-unisson.com\/fr-be\/shop\"},{\"@type\":\"ListItem\",\"position\":2,\"name\":\"Stride B5 UP\"}]},{\"@type\":\"WebSite\",\"@id\":\"https:\/\/www.laboratoires-unisson.com\/fr-be#website\",\"url\":\"https:\/\/www.laboratoires-unisson.com\/fr-be\",\"name\":\"Laboratoires Unisson\",\"description\":\"Appareil auditif et proth\u00e8se auditive Moins Cher jusqu&#039;\u00e0 -40%\",\"publisher\":{\"@id\":\"https:\/\/www.laboratoires-unisson.com\/fr-be#organization\"},\"potentialAction\":[{\"@type\":\"SearchAction\",\"target\":{\"@type\":\"EntryPoint\",\"urlTemplate\":\"https:\/\/www.laboratoires-unisson.com\/fr-be?s={search_term_string}\"},\"query-input\":{\"@type\":\"PropertyValueSpecification\",\"valueRequired\":true,\"valueName\":\"search_term_string\"}}],\"inLanguage\":\"fr-BE\"},{\"@type\":\"Organization\",\"@id\":\"https:\/\/www.laboratoires-unisson.com\/fr-be#organization\",\"name\":\"Laboratoires Unisson\",\"url\":\"https:\/\/www.laboratoires-unisson.com\/fr-be\",\"logo\":{\"@type\":\"ImageObject\",\"inLanguage\":\"fr-BE\",\"@id\":\"https:\/\/www.laboratoires-unisson.com\/fr-be#\/schema\/logo\/image\/\",\"url\":\"https:\/\/www.laboratoires-unisson.com\/wp-content\/uploads\/2022\/01\/logo-unisson.svg\",\"contentUrl\":\"https:\/\/www.laboratoires-unisson.com\/wp-content\/uploads\/2022\/01\/logo-unisson.svg\",\"width\":1,\"height\":1,\"caption\":\"Laboratoires Unisson\"},\"image\":{\"@id\":\"https:\/\/www.laboratoires-unisson.com\/fr-be#\/schema\/logo\/image\/\"}}]}<\/script>\n<!-- \/ Yoast SEO plugin. -->","yoast_head_json":{"title":"Appareil auditif Unitron Stride B5 UP \u00e0 1650\u20ac - Unisson Belgique","description":"Pourquoi choisir le Unitron Stride B5 UP ? Profitez d'une performance auditive exceptionnelle chez Unisson, au meilleur prix. Obtenez-le d\u00e8s maintenant.","robots":{"index":"index","follow":"follow","max-snippet":"max-snippet:-1","max-image-preview":"max-image-preview:large","max-video-preview":"max-video-preview:-1"},"canonical":"https:\/\/www.laboratoires-unisson.com\/fr-be\/wp-json\/wp\/v2\/product\/24672","og_locale":"fr_FR","og_type":"article","og_title":"Stride B5 UP - Laboratoires Unisson","og_description":"Pourquoi choisir le Unitron Stride B5 UP ? Profitez d'une performance auditive exceptionnelle chez Unisson, au meilleur prix. Obtenez-le d\u00e8s maintenant.","og_url":"https:\/\/www.laboratoires-unisson.com\/fr-be\/produit\/appareils-auditifs\/unitron\/stride-b5-up","og_site_name":"Laboratoires Unisson","article_modified_time":"2025-12-03T09:09:09+00:00","og_image":[{"width":450,"height":500,"url":"https:\/\/www.laboratoires-unisson.com\/wp-content\/uploads\/2022\/05\/stride-b5-up.jpg","type":"image\/jpeg"}],"twitter_card":"summary_large_image","twitter_misc":{"Est. reading time":"2 minutes"},"schema":{"@context":"https:\/\/schema.org","@graph":[{"@type":"WebPage","@id":"https:\/\/www.laboratoires-unisson.com\/fr-be\/produit\/appareils-auditifs\/unitron\/stride-b5-up","url":"https:\/\/www.laboratoires-unisson.com\/fr-be\/produit\/appareils-auditifs\/unitron\/stride-b5-up","name":"Stride B5 UP - Laboratoires Unisson","isPartOf":{"@id":"https:\/\/www.laboratoires-unisson.com\/fr-be#website"},"primaryImageOfPage":{"@id":"https:\/\/www.laboratoires-unisson.com\/fr-be\/produit\/appareils-auditifs\/unitron\/stride-b5-up#primaryimage"},"image":{"@id":"https:\/\/www.laboratoires-unisson.com\/fr-be\/produit\/appareils-auditifs\/unitron\/stride-b5-up#primaryimage"},"thumbnailUrl":"https:\/\/www.laboratoires-unisson.com\/wp-content\/uploads\/2022\/05\/stride-b5-up.jpg","datePublished":"2022-05-02T13:11:28+00:00","dateModified":"2025-12-03T09:09:09+00:00","description":"Pourquoi choisir le Unitron Stride B5 UP ? Profitez d'une performance auditive exceptionnelle chez Unisson, au meilleur prix. Obtenez-le d\u00e8s maintenant.","breadcrumb":{"@id":"https:\/\/www.laboratoires-unisson.com\/fr-be\/produit\/appareils-auditifs\/unitron\/stride-b5-up#breadcrumb"},"inLanguage":"fr-BE","potentialAction":[{"@type":"ReadAction","target":["https:\/\/www.laboratoires-unisson.com\/fr-be\/produit\/appareils-auditifs\/unitron\/stride-b5-up"]}]},{"@type":"ImageObject","inLanguage":"fr-BE","@id":"https:\/\/www.laboratoires-unisson.com\/fr-be\/produit\/appareils-auditifs\/unitron\/stride-b5-up#primaryimage","url":"https:\/\/www.laboratoires-unisson.com\/wp-content\/uploads\/2022\/05\/stride-b5-up.jpg","contentUrl":"https:\/\/www.laboratoires-unisson.com\/wp-content\/uploads\/2022\/05\/stride-b5-up.jpg","width":450,"height":500},{"@type":"BreadcrumbList","@id":"https:\/\/www.laboratoires-unisson.com\/fr-be\/produit\/appareils-auditifs\/unitron\/stride-b5-up#breadcrumb","itemListElement":[{"@type":"ListItem","position":1,"name":"Shop","item":"https:\/\/www.laboratoires-unisson.com\/fr-be\/shop"},{"@type":"ListItem","position":2,"name":"Stride B5 UP"}]},{"@type":"WebSite","@id":"https:\/\/www.laboratoires-unisson.com\/fr-be#website","url":"https:\/\/www.laboratoires-unisson.com\/fr-be","name":"Laboratoires Unisson","description":"Appareil auditif et proth\u00e8se auditive Moins Cher jusqu&#039;\u00e0 -40%","publisher":{"@id":"https:\/\/www.laboratoires-unisson.com\/fr-be#organization"},"potentialAction":[{"@type":"SearchAction","target":{"@type":"EntryPoint","urlTemplate":"https:\/\/www.laboratoires-unisson.com\/fr-be?s={search_term_string}"},"query-input":{"@type":"PropertyValueSpecification","valueRequired":true,"valueName":"search_term_string"}}],"inLanguage":"fr-BE"},{"@type":"Organization","@id":"https:\/\/www.laboratoires-unisson.com\/fr-be#organization","name":"Laboratoires Unisson","url":"https:\/\/www.laboratoires-unisson.com\/fr-be","logo":{"@type":"ImageObject","inLanguage":"fr-BE","@id":"https:\/\/www.laboratoires-unisson.com\/fr-be#\/schema\/logo\/image\/","url":"https:\/\/www.laboratoires-unisson.com\/wp-content\/uploads\/2022\/01\/logo-unisson.svg","contentUrl":"https:\/\/www.laboratoires-unisson.com\/wp-content\/uploads\/2022\/01\/logo-unisson.svg","width":1,"height":1,"caption":"Laboratoires Unisson"},"image":{"@id":"https:\/\/www.laboratoires-unisson.com\/fr-be#\/schema\/logo\/image\/"}}]}},"_links":{"self":[{"href":"https:\/\/www.laboratoires-unisson.com\/fr-be\/wp-json\/wp\/v2\/product\/24672","targetHints":{"allow":["GET"]}}],"collection":[{"href":"https:\/\/www.laboratoires-unisson.com\/fr-be\/wp-json\/wp\/v2\/product"}],"about":[{"href":"https:\/\/www.laboratoires-unisson.com\/fr-be\/wp-json\/wp\/v2\/types\/product"}],"wp:featuredmedia":[{"embeddable":true,"href":"https:\/\/www.laboratoires-unisson.com\/fr-be\/wp-json\/wp\/v2\/media\/19306"}],"wp:attachment":[{"href":"https:\/\/www.laboratoires-unisson.com\/fr-be\/wp-json\/wp\/v2\/media?parent=24672"}],"wp:term":[{"taxonomy":"product_brand","embeddable":true,"href":"https:\/\/www.laboratoires-unisson.com\/fr-be\/wp-json\/wp\/v2\/product_brand?post=24672"},{"taxonomy":"product_cat","embeddable":true,"href":"https:\/\/www.laboratoires-unisson.com\/fr-be\/wp-json\/wp\/v2\/product_cat?post=24672"},{"taxonomy":"product_tag","embeddable":true,"href":"https:\/\/www.laboratoires-unisson.com\/fr-be\/wp-json\/wp\/v2\/product_tag?post=24672"}],"curies":[{"name":"wp","href":"https:\/\/api.w.org\/{rel}","templated":true}]}}