{"id":24673,"date":"2022-05-02T15:11:26","date_gmt":"2022-05-02T13:11:26","guid":{"rendered":"https:\/\/www.laboratoires-unisson.com\/produit\/stride-b5-pr"},"modified":"2025-12-03T10:09:10","modified_gmt":"2025-12-03T09:09:10","slug":"stride-b5-pr","status":"publish","type":"product","link":"https:\/\/www.laboratoires-unisson.com\/fr-be\/produit\/appareils-auditifs\/unitron\/stride-b5-pr","title":{"rendered":"Stride B5 PR"},"content":{"rendered":"<p>L&#8217;appareil auditif Unitron Stride B5 PR est un mod\u00e8le <strong>contour d&#8217;oreille BTE rechargeable et connect\u00e9 d&#8217;entr\u00e9e de gamme<\/strong>. Il r\u00e9pond aux porteurs ayant une perte auditive l\u00e9g\u00e8re \u00e0 s\u00e9v\u00e8re.<\/p>\n<h3>Caract\u00e9ristiques du mod\u00e8le Unitron Stride B5 PR<\/h3>\n<ul>\n<li>16 canaux de r\u00e9glages<\/li>\n<li>Bouton poussoir<\/li>\n<li>Contr\u00f4le tactile<\/li>\n<li>IP68<\/li>\n<li>Appareil auditif rechargeable lithium ion<\/li>\n<li>Bluetooth<\/li>\n<li>Connectivit\u00e9 universelle (Made For All)<\/li>\n<li>Appels t\u00e9l\u00e9phoniques 100% mains libres<\/li>\n<li>Application mobile Remote Plus<\/li>\n<li>R\u00e9glages \u00e0 distance<\/li>\n<li>Plateforme Blu (puce PRISM)<\/li>\n<\/ul>\n<p>Le mod\u00e8le Unitron Stride B5 PR est le niveau de performance le plus bas de la gamme; vous n&#8217;aurez donc pas acc\u00e8s \u00e0 toutes les fonctionnalit\u00e9s disponibles sur les mod\u00e8les plus performants tels que le Stride B9 PR (moins d&#8217;environnements d&#8217;\u00e9coute, pas d&#8217;AutoFocus 360 pour une meilleure intelligibilit\u00e9 de la parole dans les environnements bruyants etc&#8230;)<\/p>\n<h3>Les avantages des aides auditives Unitron Blu 5<\/h3>\n<h4>La technologie<\/h4>\n<p>Avec la puce PRISM et le traitement du signal Integra OS, votre <strong>exp\u00e9rience d&#8217;\u00e9coute sera optimis\u00e9e<\/strong> \u00e0 chaque situation (environnements calmes comme bruyants)<\/p>\n<h4>La personnalisation<\/h4>\n<p>Vous pouvez am\u00e9liorer facilement votre clart\u00e9 et votre confort d&#8217;\u00e9coute gr\u00e2ce \u00e0 Blu et l&#8217;application Remote Plus<\/p>\n<h4>La connectivit\u00e9<\/h4>\n<p>Vos aides auditives Unitron Stride ont \u00e9t\u00e9 con\u00e7ues pour <strong>fonctionner avec n&#8217;importe quel t\u00e9l\u00e9phone<\/strong> (iOS, Android)<\/p>\n<h4>La fonctionnalit\u00e9 rechargeable<\/h4>\n<p><strong>Plus besoin de piles auditives<\/strong> ! Profitez d&#8217;une autonomie moyenne de 20h avec vos aides auditives Stride B5 PR gr\u00e2ce au chargeur Unitron Stride<\/p>\n<h3>Accessoires compatibles avec les appareils auditifs Unitron Stride<\/h3>\n<p>L&#8217;aide auditive Stride B5 PR est compatible avec de nombreux accessoires :<\/p>\n<ul>\n<li>Connexion TV et multim\u00e9dia avec le TV Connector<\/li>\n<li>T\u00e9l\u00e9commande Remote Control pour contr\u00f4ler vos aides auditives discr\u00e8tement<\/li>\n<li>Micro-cravate, id\u00e9al pour un t\u00eate-\u00e0-t\u00eate en environnement complexe<\/li>\n<li>Chargeur<\/li>\n<\/ul>\n","protected":false},"excerpt":{"rendered":"<p>L&#8217;appareil auditif Unitron Stride B5 PR est un mod\u00e8le contour d&#8217;oreille BTE rechargeable et connect\u00e9 d&#8217;entr\u00e9e de gamme. Il r\u00e9pond aux porteurs ayant une perte auditive l\u00e9g\u00e8re \u00e0 s\u00e9v\u00e8re. Caract\u00e9ristiques du mod\u00e8le Unitron Stride B5 PR 16 canaux de r\u00e9glages Bouton poussoir Contr\u00f4le tactile IP68 Appareil auditif rechargeable lithium ion Bluetooth Connectivit\u00e9 universelle (Made For [&hellip;]<\/p>\n","protected":false},"featured_media":19305,"template":"","meta":{"_acf_changed":false},"product_brand":[],"product_cat":[2890],"product_tag":[],"class_list":{"0":"post-24673","1":"product","2":"type-product","3":"status-publish","4":"has-post-thumbnail","6":"product_cat-unitron-fr-be","8":"first","9":"instock","10":"taxable","11":"shipping-taxable","12":"purchasable","13":"product-type-simple"},"acf":[],"yoast_head":"<!-- This site is optimized with the Yoast SEO plugin v27.1.1 - https:\/\/yoast.com\/product\/yoast-seo-wordpress\/ -->\n<title>Appareil auditif Unitron Stride B5 PR \u00e0 1650\u20ac - Unisson Belgique<\/title>\n<meta name=\"description\" content=\"L&#039;appareil auditif Unitron Stride B5 PR est un mod\u00e8le contour d&#039;oreille BTE rechargeable et connect\u00e9 d&#039;entr\u00e9e de gamme. Il r\u00e9pond aux porteurs ayant une\" \/>\n<meta name=\"robots\" content=\"index, follow, max-snippet:-1, max-image-preview:large, max-video-preview:-1\" \/>\n<link rel=\"canonical\" href=\"https:\/\/www.laboratoires-unisson.com\/fr-be\/wp-json\/wp\/v2\/product\/24673\" \/>\n<meta property=\"og:locale\" content=\"fr_FR\" \/>\n<meta property=\"og:type\" content=\"article\" \/>\n<meta property=\"og:title\" content=\"Stride B5 PR - Laboratoires Unisson\" \/>\n<meta property=\"og:description\" content=\"L&#039;appareil auditif Unitron Stride B5 PR est un mod\u00e8le contour d&#039;oreille BTE rechargeable et connect\u00e9 d&#039;entr\u00e9e de gamme. Il r\u00e9pond aux porteurs ayant une\" \/>\n<meta property=\"og:url\" content=\"https:\/\/www.laboratoires-unisson.com\/fr-be\/produit\/appareils-auditifs\/unitron\/stride-b5-pr\" \/>\n<meta property=\"og:site_name\" content=\"Laboratoires Unisson\" \/>\n<meta property=\"article:modified_time\" content=\"2025-12-03T09:09:10+00:00\" \/>\n<meta property=\"og:image\" content=\"https:\/\/www.laboratoires-unisson.com\/wp-content\/uploads\/2022\/05\/stride-b5-pr.jpg\" \/>\n\t<meta property=\"og:image:width\" content=\"450\" \/>\n\t<meta property=\"og:image:height\" content=\"500\" \/>\n\t<meta property=\"og:image:type\" content=\"image\/jpeg\" \/>\n<meta name=\"twitter:card\" content=\"summary_large_image\" \/>\n<meta name=\"twitter:label1\" content=\"Est. reading time\" \/>\n\t<meta name=\"twitter:data1\" content=\"2 minutes\" \/>\n<script type=\"application\/ld+json\" class=\"yoast-schema-graph\">{\"@context\":\"https:\/\/schema.org\",\"@graph\":[{\"@type\":\"WebPage\",\"@id\":\"https:\/\/www.laboratoires-unisson.com\/fr-be\/produit\/appareils-auditifs\/unitron\/stride-b5-pr\",\"url\":\"https:\/\/www.laboratoires-unisson.com\/fr-be\/produit\/appareils-auditifs\/unitron\/stride-b5-pr\",\"name\":\"Stride B5 PR - Laboratoires Unisson\",\"isPartOf\":{\"@id\":\"https:\/\/www.laboratoires-unisson.com\/fr-be#website\"},\"primaryImageOfPage\":{\"@id\":\"https:\/\/www.laboratoires-unisson.com\/fr-be\/produit\/appareils-auditifs\/unitron\/stride-b5-pr#primaryimage\"},\"image\":{\"@id\":\"https:\/\/www.laboratoires-unisson.com\/fr-be\/produit\/appareils-auditifs\/unitron\/stride-b5-pr#primaryimage\"},\"thumbnailUrl\":\"https:\/\/www.laboratoires-unisson.com\/wp-content\/uploads\/2022\/05\/stride-b5-pr.jpg\",\"datePublished\":\"2022-05-02T13:11:26+00:00\",\"dateModified\":\"2025-12-03T09:09:10+00:00\",\"description\":\"L'appareil auditif Unitron Stride B5 PR est un mod\u00e8le contour d'oreille BTE rechargeable et connect\u00e9 d'entr\u00e9e de gamme. Il r\u00e9pond aux porteurs ayant une\",\"breadcrumb\":{\"@id\":\"https:\/\/www.laboratoires-unisson.com\/fr-be\/produit\/appareils-auditifs\/unitron\/stride-b5-pr#breadcrumb\"},\"inLanguage\":\"fr-BE\",\"potentialAction\":[{\"@type\":\"ReadAction\",\"target\":[\"https:\/\/www.laboratoires-unisson.com\/fr-be\/produit\/appareils-auditifs\/unitron\/stride-b5-pr\"]}]},{\"@type\":\"ImageObject\",\"inLanguage\":\"fr-BE\",\"@id\":\"https:\/\/www.laboratoires-unisson.com\/fr-be\/produit\/appareils-auditifs\/unitron\/stride-b5-pr#primaryimage\",\"url\":\"https:\/\/www.laboratoires-unisson.com\/wp-content\/uploads\/2022\/05\/stride-b5-pr.jpg\",\"contentUrl\":\"https:\/\/www.laboratoires-unisson.com\/wp-content\/uploads\/2022\/05\/stride-b5-pr.jpg\",\"width\":450,\"height\":500},{\"@type\":\"BreadcrumbList\",\"@id\":\"https:\/\/www.laboratoires-unisson.com\/fr-be\/produit\/appareils-auditifs\/unitron\/stride-b5-pr#breadcrumb\",\"itemListElement\":[{\"@type\":\"ListItem\",\"position\":1,\"name\":\"Shop\",\"item\":\"https:\/\/www.laboratoires-unisson.com\/fr-be\/shop\"},{\"@type\":\"ListItem\",\"position\":2,\"name\":\"Stride B5 PR\"}]},{\"@type\":\"WebSite\",\"@id\":\"https:\/\/www.laboratoires-unisson.com\/fr-be#website\",\"url\":\"https:\/\/www.laboratoires-unisson.com\/fr-be\",\"name\":\"Laboratoires Unisson\",\"description\":\"Appareil auditif et proth\u00e8se auditive Moins Cher jusqu&#039;\u00e0 -40%\",\"publisher\":{\"@id\":\"https:\/\/www.laboratoires-unisson.com\/fr-be#organization\"},\"potentialAction\":[{\"@type\":\"SearchAction\",\"target\":{\"@type\":\"EntryPoint\",\"urlTemplate\":\"https:\/\/www.laboratoires-unisson.com\/fr-be?s={search_term_string}\"},\"query-input\":{\"@type\":\"PropertyValueSpecification\",\"valueRequired\":true,\"valueName\":\"search_term_string\"}}],\"inLanguage\":\"fr-BE\"},{\"@type\":\"Organization\",\"@id\":\"https:\/\/www.laboratoires-unisson.com\/fr-be#organization\",\"name\":\"Laboratoires Unisson\",\"url\":\"https:\/\/www.laboratoires-unisson.com\/fr-be\",\"logo\":{\"@type\":\"ImageObject\",\"inLanguage\":\"fr-BE\",\"@id\":\"https:\/\/www.laboratoires-unisson.com\/fr-be#\/schema\/logo\/image\/\",\"url\":\"https:\/\/www.laboratoires-unisson.com\/wp-content\/uploads\/2022\/01\/logo-unisson.svg\",\"contentUrl\":\"https:\/\/www.laboratoires-unisson.com\/wp-content\/uploads\/2022\/01\/logo-unisson.svg\",\"width\":1,\"height\":1,\"caption\":\"Laboratoires Unisson\"},\"image\":{\"@id\":\"https:\/\/www.laboratoires-unisson.com\/fr-be#\/schema\/logo\/image\/\"}}]}<\/script>\n<!-- \/ Yoast SEO plugin. -->","yoast_head_json":{"title":"Appareil auditif Unitron Stride B5 PR \u00e0 1650\u20ac - Unisson Belgique","description":"L'appareil auditif Unitron Stride B5 PR est un mod\u00e8le contour d'oreille BTE rechargeable et connect\u00e9 d'entr\u00e9e de gamme. Il r\u00e9pond aux porteurs ayant une","robots":{"index":"index","follow":"follow","max-snippet":"max-snippet:-1","max-image-preview":"max-image-preview:large","max-video-preview":"max-video-preview:-1"},"canonical":"https:\/\/www.laboratoires-unisson.com\/fr-be\/wp-json\/wp\/v2\/product\/24673","og_locale":"fr_FR","og_type":"article","og_title":"Stride B5 PR - Laboratoires Unisson","og_description":"L'appareil auditif Unitron Stride B5 PR est un mod\u00e8le contour d'oreille BTE rechargeable et connect\u00e9 d'entr\u00e9e de gamme. Il r\u00e9pond aux porteurs ayant une","og_url":"https:\/\/www.laboratoires-unisson.com\/fr-be\/produit\/appareils-auditifs\/unitron\/stride-b5-pr","og_site_name":"Laboratoires Unisson","article_modified_time":"2025-12-03T09:09:10+00:00","og_image":[{"width":450,"height":500,"url":"https:\/\/www.laboratoires-unisson.com\/wp-content\/uploads\/2022\/05\/stride-b5-pr.jpg","type":"image\/jpeg"}],"twitter_card":"summary_large_image","twitter_misc":{"Est. reading time":"2 minutes"},"schema":{"@context":"https:\/\/schema.org","@graph":[{"@type":"WebPage","@id":"https:\/\/www.laboratoires-unisson.com\/fr-be\/produit\/appareils-auditifs\/unitron\/stride-b5-pr","url":"https:\/\/www.laboratoires-unisson.com\/fr-be\/produit\/appareils-auditifs\/unitron\/stride-b5-pr","name":"Stride B5 PR - Laboratoires Unisson","isPartOf":{"@id":"https:\/\/www.laboratoires-unisson.com\/fr-be#website"},"primaryImageOfPage":{"@id":"https:\/\/www.laboratoires-unisson.com\/fr-be\/produit\/appareils-auditifs\/unitron\/stride-b5-pr#primaryimage"},"image":{"@id":"https:\/\/www.laboratoires-unisson.com\/fr-be\/produit\/appareils-auditifs\/unitron\/stride-b5-pr#primaryimage"},"thumbnailUrl":"https:\/\/www.laboratoires-unisson.com\/wp-content\/uploads\/2022\/05\/stride-b5-pr.jpg","datePublished":"2022-05-02T13:11:26+00:00","dateModified":"2025-12-03T09:09:10+00:00","description":"L'appareil auditif Unitron Stride B5 PR est un mod\u00e8le contour d'oreille BTE rechargeable et connect\u00e9 d'entr\u00e9e de gamme. Il r\u00e9pond aux porteurs ayant une","breadcrumb":{"@id":"https:\/\/www.laboratoires-unisson.com\/fr-be\/produit\/appareils-auditifs\/unitron\/stride-b5-pr#breadcrumb"},"inLanguage":"fr-BE","potentialAction":[{"@type":"ReadAction","target":["https:\/\/www.laboratoires-unisson.com\/fr-be\/produit\/appareils-auditifs\/unitron\/stride-b5-pr"]}]},{"@type":"ImageObject","inLanguage":"fr-BE","@id":"https:\/\/www.laboratoires-unisson.com\/fr-be\/produit\/appareils-auditifs\/unitron\/stride-b5-pr#primaryimage","url":"https:\/\/www.laboratoires-unisson.com\/wp-content\/uploads\/2022\/05\/stride-b5-pr.jpg","contentUrl":"https:\/\/www.laboratoires-unisson.com\/wp-content\/uploads\/2022\/05\/stride-b5-pr.jpg","width":450,"height":500},{"@type":"BreadcrumbList","@id":"https:\/\/www.laboratoires-unisson.com\/fr-be\/produit\/appareils-auditifs\/unitron\/stride-b5-pr#breadcrumb","itemListElement":[{"@type":"ListItem","position":1,"name":"Shop","item":"https:\/\/www.laboratoires-unisson.com\/fr-be\/shop"},{"@type":"ListItem","position":2,"name":"Stride B5 PR"}]},{"@type":"WebSite","@id":"https:\/\/www.laboratoires-unisson.com\/fr-be#website","url":"https:\/\/www.laboratoires-unisson.com\/fr-be","name":"Laboratoires Unisson","description":"Appareil auditif et proth\u00e8se auditive Moins Cher jusqu&#039;\u00e0 -40%","publisher":{"@id":"https:\/\/www.laboratoires-unisson.com\/fr-be#organization"},"potentialAction":[{"@type":"SearchAction","target":{"@type":"EntryPoint","urlTemplate":"https:\/\/www.laboratoires-unisson.com\/fr-be?s={search_term_string}"},"query-input":{"@type":"PropertyValueSpecification","valueRequired":true,"valueName":"search_term_string"}}],"inLanguage":"fr-BE"},{"@type":"Organization","@id":"https:\/\/www.laboratoires-unisson.com\/fr-be#organization","name":"Laboratoires Unisson","url":"https:\/\/www.laboratoires-unisson.com\/fr-be","logo":{"@type":"ImageObject","inLanguage":"fr-BE","@id":"https:\/\/www.laboratoires-unisson.com\/fr-be#\/schema\/logo\/image\/","url":"https:\/\/www.laboratoires-unisson.com\/wp-content\/uploads\/2022\/01\/logo-unisson.svg","contentUrl":"https:\/\/www.laboratoires-unisson.com\/wp-content\/uploads\/2022\/01\/logo-unisson.svg","width":1,"height":1,"caption":"Laboratoires Unisson"},"image":{"@id":"https:\/\/www.laboratoires-unisson.com\/fr-be#\/schema\/logo\/image\/"}}]}},"_links":{"self":[{"href":"https:\/\/www.laboratoires-unisson.com\/fr-be\/wp-json\/wp\/v2\/product\/24673","targetHints":{"allow":["GET"]}}],"collection":[{"href":"https:\/\/www.laboratoires-unisson.com\/fr-be\/wp-json\/wp\/v2\/product"}],"about":[{"href":"https:\/\/www.laboratoires-unisson.com\/fr-be\/wp-json\/wp\/v2\/types\/product"}],"wp:featuredmedia":[{"embeddable":true,"href":"https:\/\/www.laboratoires-unisson.com\/fr-be\/wp-json\/wp\/v2\/media\/19305"}],"wp:attachment":[{"href":"https:\/\/www.laboratoires-unisson.com\/fr-be\/wp-json\/wp\/v2\/media?parent=24673"}],"wp:term":[{"taxonomy":"product_brand","embeddable":true,"href":"https:\/\/www.laboratoires-unisson.com\/fr-be\/wp-json\/wp\/v2\/product_brand?post=24673"},{"taxonomy":"product_cat","embeddable":true,"href":"https:\/\/www.laboratoires-unisson.com\/fr-be\/wp-json\/wp\/v2\/product_cat?post=24673"},{"taxonomy":"product_tag","embeddable":true,"href":"https:\/\/www.laboratoires-unisson.com\/fr-be\/wp-json\/wp\/v2\/product_tag?post=24673"}],"curies":[{"name":"wp","href":"https:\/\/api.w.org\/{rel}","templated":true}]}}