{"id":24677,"date":"2022-05-02T15:05:24","date_gmt":"2022-05-02T13:05:24","guid":{"rendered":"https:\/\/www.laboratoires-unisson.com\/produit\/silk-7x"},"modified":"2025-12-03T10:09:12","modified_gmt":"2025-12-03T09:09:12","slug":"silk-7x","status":"publish","type":"product","link":"https:\/\/www.laboratoires-unisson.com\/fr-be\/produit\/appareils-auditifs\/signia\/silk-7x","title":{"rendered":"Silk 7X"},"content":{"rendered":"<p><a href=\"https:\/\/www.laboratoires-unisson.com\/fr-be\/appareils-auditifs\/marques\/signia\">Signia <\/a>(la\u00a0 nouvelle marque Siemens Audiologie) a lanc\u00e9 en 2020 son mod\u00e8le <strong>Silk X, un <a href=\"https:\/\/www.laboratoires-unisson.com\/fr-be\/appareils-auditifs\/types\/invisibles\">appareil auditif intra-auriculaire invisible<\/a> \u00e0 adaptation imm\u00e9diate<\/strong>. La prouesse de ce mod\u00e8le intra-auriculaire est qu&#8217;il ne n\u00e9cessite pas de prise d&#8217;empreinte de votre conduit auditif, contrairement aux intra-auriculaires classiques qui sont moul\u00e9s sur mesure.<\/p>\n<p>Outre le fait que vous pouvez repartir avec votre appareil d\u00e8s le premier rendez-vous, le principal avantage de cette technologie &#8220;sans empreinte&#8221; est le <strong>gain en confort que procure une coque qui ne bouche pas l&#8217;oreille<\/strong>. En effet, l&#8217;appareil est miniaturis\u00e9 \u00e0 l&#8217;extr\u00eame, il laisse ainsi passer un maximum d&#8217;air sur les c\u00f4t\u00e9s de la coque. Cette a\u00e9ration supprime l&#8217;effet d\u00e9sagr\u00e9able d&#8217;oreille bouch\u00e9e que l&#8217;on ressent sur les mod\u00e8les moul\u00e9s dont la coque est coll\u00e9e \u00e0 la peau de votre conduit. Seul un embout en silicone ultra souple assure le maintien de l&#8217;appareil dans le conduit.<strong> N&#8217;h\u00e9sitez pas \u00e0 venir tester cette nouvelle g\u00e9n\u00e9ration d&#8217;intra-auriculaire qui procure une exp\u00e9rience auditive r\u00e9ellement exceptionnelle<\/strong>. Seul b\u00e9mol, ce type d&#8217;appareil ne conviendra qu&#8217;aux pertes l\u00e9g\u00e8res \u00e0 moyennes, en effet, les pertes plus importantes n\u00e9cessitent un niveau d&#8217;\u00e9tanch\u00e9it\u00e9 sup\u00e9rieure que l&#8217;on ne peut justement atteindre qu&#8217;avec des coques sur-mesure. Il faut \u00e9galement que l&#8217;audioproth\u00e9siste v\u00e9rifie que la taille de votre conduit auditif est suffisante pour accueillir l&#8217;appareil. Ce mod\u00e8le n&#8217;est par compatible Bluetooth direct mais il est possible d&#8217;<strong>utiliser une fonction t\u00e9l\u00e9commande via l&#8217;application Signia App<\/strong>, compatible avec la plupart des appareils sous Android (Android 5.0 et post\u00e9rieur) et sous iOS (iOS 9.3 et post\u00e9rieur).<\/p>\n<h4>Pr\u00e9sentation de l&#8217;aide auditive Silk 7X CIC de Signia<\/h4>\n<p>L&#8217;aide auditive Silk 7X est un appareil auditif haut de gamme intra-auriculaire proposant <strong>48 canaux fr\u00e9quentiels<\/strong> et <strong>6 programmes d&#8217;\u00e9coute<\/strong>. Elle fonctionne avec des <strong>piles auditives 10<\/strong> <em>(autonomie moyenne de 70h)<\/em>. Cet appareil auditif propose une coque qui s&#8217;adapte \u00e0 la plupart des anatomies et des besoins auditifs.<\/p>\n<h4>Les technologies du Silk 7X CIC<\/h4>\n<p>Les appareils Silk X offrent \u00e0 l&#8217;utilisateur une <strong>exp\u00e9rience auditive exceptionnelle<\/strong>. La nouvelle <strong>directivit\u00e9 Binaurale OneMic <\/strong>BOMD 2.0 permet une meilleure intelligibilit\u00e9 dans le bruit d\u00e9livr\u00e9e par un appareil avec un seul micro gr\u00e2ce \u00e0 l&#8217;\u00e9coute directionnelle. De plus, la <strong>personnalisation des diff\u00e9rents sc\u00e9narios acoustiques<\/strong> offre une perception du son plus naturelle, dans toute situation et m\u00eame en mouvement.<\/p>\n<p>Gr\u00e2ce au <strong>syst\u00e8me CROS\/BiCROS<\/strong>, le traitement binaural du signal permet l&#8217;\u00e9change de donn\u00e9es en continu d&#8217;une oreille \u00e0 l&#8217;autre.<\/p>\n<p>L&#8217;aide auditive Silk 7X int\u00e8gre \u00e9galement un <strong>anti-larsen<\/strong> et un <strong>g\u00e9n\u00e9rateur de bruits anti-acouph\u00e8nes<\/strong>.<\/p>\n<h4>Connectivit\u00e9 et accessoires des appareils auditifs Silk 7X CIC Signia<\/h4>\n<p>Gr\u00e2ce \u00e0 l&#8217;application Signia App, vous pourrez contr\u00f4ler \u00e0 distance vos aides auditives :<\/p>\n<ul>\n<li>ajustement du volume<\/li>\n<li>personnalisation des programmes d&#8217;\u00e9coute<\/li>\n<li>personnalisation de la directivit\u00e9 microphonique<\/li>\n<li>TeleCare<\/li>\n<\/ul>\n<p>Si vous ne souhaitez pas passer par votre smartphone pour r\u00e9gler vos aides auditives, vous pouvez utiliser la t\u00e9l\u00e9commande MiniPocket qui vous permettra \u00e9galement de le faire en toute discr\u00e9tion.<\/p>\n<p style=\"text-align: center;\"><a class=\"btn btn-default btn-xs bg-green\" href=\"https:\/\/www.laboratoires-unisson.com\/fr-be\/rdv\">Prendre un rendez-vous gratuit <\/a><\/p>\n<h4>Fonctionnalit\u00e9s du Silk 7X CIC<\/h4>\n<ul>\n<li>Directivit\u00e9 binaurale OneMic<\/li>\n<li>Syst\u00e8me CROS\/BiCROS<\/li>\n<li>Echo Shield<\/li>\n<li>Anti Larsen<\/li>\n<li>Anti Acouph\u00e8nes<\/li>\n<li>EWindScreen<\/li>\n<li>48 canaux fr\u00e9quentiels<\/li>\n<li>6 programmes d&#8217;\u00e9coute<\/li>\n<li>Piles auditives 10<\/li>\n<li>Application mobile Signia App<\/li>\n<li>TeleCare<\/li>\n<\/ul>\n","protected":false},"excerpt":{"rendered":"<p>Signia (la\u00a0 nouvelle marque Siemens Audiologie) a lanc\u00e9 en 2020 son mod\u00e8le Silk X, un appareil auditif intra-auriculaire invisible \u00e0 adaptation imm\u00e9diate. La prouesse de ce mod\u00e8le intra-auriculaire est qu&#8217;il ne n\u00e9cessite pas de prise d&#8217;empreinte de votre conduit auditif, contrairement aux intra-auriculaires classiques qui sont moul\u00e9s sur mesure. Outre le fait que vous pouvez [&hellip;]<\/p>\n","protected":false},"featured_media":20837,"template":"","meta":{"_acf_changed":false},"product_brand":[],"product_cat":[2684,2830],"product_tag":[],"class_list":{"0":"post-24677","1":"product","2":"type-product","3":"status-publish","4":"has-post-thumbnail","6":"product_cat-offre-premium-fr-be","7":"product_cat-signia-fr-be","9":"first","10":"instock","11":"taxable","12":"shipping-taxable","13":"purchasable","14":"product-type-simple"},"acf":[],"yoast_head":"<!-- This site is optimized with the Yoast SEO plugin v27.1.1 - https:\/\/yoast.com\/product\/yoast-seo-wordpress\/ -->\n<title>Appareil auditif Signia Silk 7X \u00e0 1900\u20ac - Unisson Belgique<\/title>\n<meta name=\"description\" content=\"Signia (la\u00a0 nouvelle marque Siemens Audiologie) a lanc\u00e9 en 2020 son mod\u00e8le Silk X, un appareil auditif intra-auriculaire invisible \u00e0 adaptation imm\u00e9diate.\" \/>\n<meta name=\"robots\" content=\"index, follow, max-snippet:-1, max-image-preview:large, max-video-preview:-1\" \/>\n<link rel=\"canonical\" href=\"https:\/\/www.laboratoires-unisson.com\/fr-be\/wp-json\/wp\/v2\/product\/24677\" \/>\n<meta property=\"og:locale\" content=\"fr_FR\" \/>\n<meta property=\"og:type\" content=\"article\" \/>\n<meta property=\"og:title\" content=\"Silk 7X - Laboratoires Unisson\" \/>\n<meta property=\"og:description\" content=\"Signia (la\u00a0 nouvelle marque Siemens Audiologie) a lanc\u00e9 en 2020 son mod\u00e8le Silk X, un appareil auditif intra-auriculaire invisible \u00e0 adaptation imm\u00e9diate.\" \/>\n<meta property=\"og:url\" content=\"https:\/\/www.laboratoires-unisson.com\/fr-be\/produit\/appareils-auditifs\/signia\/silk-7x\" \/>\n<meta property=\"og:site_name\" content=\"Laboratoires Unisson\" \/>\n<meta property=\"article:modified_time\" content=\"2025-12-03T09:09:12+00:00\" \/>\n<meta property=\"og:image\" content=\"https:\/\/www.laboratoires-unisson.com\/wp-content\/uploads\/2022\/05\/Signia-Silk-7X.png\" \/>\n\t<meta property=\"og:image:width\" content=\"500\" \/>\n\t<meta property=\"og:image:height\" content=\"500\" \/>\n\t<meta property=\"og:image:type\" content=\"image\/png\" \/>\n<meta name=\"twitter:card\" content=\"summary_large_image\" \/>\n<meta name=\"twitter:label1\" content=\"Est. reading time\" \/>\n\t<meta name=\"twitter:data1\" content=\"3 minutes\" \/>\n<script type=\"application\/ld+json\" class=\"yoast-schema-graph\">{\"@context\":\"https:\/\/schema.org\",\"@graph\":[{\"@type\":\"WebPage\",\"@id\":\"https:\/\/www.laboratoires-unisson.com\/fr-be\/produit\/appareils-auditifs\/signia\/silk-7x\",\"url\":\"https:\/\/www.laboratoires-unisson.com\/fr-be\/produit\/appareils-auditifs\/signia\/silk-7x\",\"name\":\"Silk 7X - Laboratoires Unisson\",\"isPartOf\":{\"@id\":\"https:\/\/www.laboratoires-unisson.com\/fr-be#website\"},\"primaryImageOfPage\":{\"@id\":\"https:\/\/www.laboratoires-unisson.com\/fr-be\/produit\/appareils-auditifs\/signia\/silk-7x#primaryimage\"},\"image\":{\"@id\":\"https:\/\/www.laboratoires-unisson.com\/fr-be\/produit\/appareils-auditifs\/signia\/silk-7x#primaryimage\"},\"thumbnailUrl\":\"https:\/\/www.laboratoires-unisson.com\/wp-content\/uploads\/2022\/05\/Signia-Silk-7X.png\",\"datePublished\":\"2022-05-02T13:05:24+00:00\",\"dateModified\":\"2025-12-03T09:09:12+00:00\",\"description\":\"Signia (la\u00a0 nouvelle marque Siemens Audiologie) a lanc\u00e9 en 2020 son mod\u00e8le Silk X, un appareil auditif intra-auriculaire invisible \u00e0 adaptation imm\u00e9diate.\",\"breadcrumb\":{\"@id\":\"https:\/\/www.laboratoires-unisson.com\/fr-be\/produit\/appareils-auditifs\/signia\/silk-7x#breadcrumb\"},\"inLanguage\":\"fr-BE\",\"potentialAction\":[{\"@type\":\"ReadAction\",\"target\":[\"https:\/\/www.laboratoires-unisson.com\/fr-be\/produit\/appareils-auditifs\/signia\/silk-7x\"]}]},{\"@type\":\"ImageObject\",\"inLanguage\":\"fr-BE\",\"@id\":\"https:\/\/www.laboratoires-unisson.com\/fr-be\/produit\/appareils-auditifs\/signia\/silk-7x#primaryimage\",\"url\":\"https:\/\/www.laboratoires-unisson.com\/wp-content\/uploads\/2022\/05\/Signia-Silk-7X.png\",\"contentUrl\":\"https:\/\/www.laboratoires-unisson.com\/wp-content\/uploads\/2022\/05\/Signia-Silk-7X.png\",\"width\":500,\"height\":500},{\"@type\":\"BreadcrumbList\",\"@id\":\"https:\/\/www.laboratoires-unisson.com\/fr-be\/produit\/appareils-auditifs\/signia\/silk-7x#breadcrumb\",\"itemListElement\":[{\"@type\":\"ListItem\",\"position\":1,\"name\":\"Shop\",\"item\":\"https:\/\/www.laboratoires-unisson.com\/fr-be\/shop\"},{\"@type\":\"ListItem\",\"position\":2,\"name\":\"Silk 7X\"}]},{\"@type\":\"WebSite\",\"@id\":\"https:\/\/www.laboratoires-unisson.com\/fr-be#website\",\"url\":\"https:\/\/www.laboratoires-unisson.com\/fr-be\",\"name\":\"Laboratoires Unisson\",\"description\":\"Appareil auditif et proth\u00e8se auditive Moins Cher jusqu&#039;\u00e0 -40%\",\"publisher\":{\"@id\":\"https:\/\/www.laboratoires-unisson.com\/fr-be#organization\"},\"potentialAction\":[{\"@type\":\"SearchAction\",\"target\":{\"@type\":\"EntryPoint\",\"urlTemplate\":\"https:\/\/www.laboratoires-unisson.com\/fr-be?s={search_term_string}\"},\"query-input\":{\"@type\":\"PropertyValueSpecification\",\"valueRequired\":true,\"valueName\":\"search_term_string\"}}],\"inLanguage\":\"fr-BE\"},{\"@type\":\"Organization\",\"@id\":\"https:\/\/www.laboratoires-unisson.com\/fr-be#organization\",\"name\":\"Laboratoires Unisson\",\"url\":\"https:\/\/www.laboratoires-unisson.com\/fr-be\",\"logo\":{\"@type\":\"ImageObject\",\"inLanguage\":\"fr-BE\",\"@id\":\"https:\/\/www.laboratoires-unisson.com\/fr-be#\/schema\/logo\/image\/\",\"url\":\"https:\/\/www.laboratoires-unisson.com\/wp-content\/uploads\/2022\/01\/logo-unisson.svg\",\"contentUrl\":\"https:\/\/www.laboratoires-unisson.com\/wp-content\/uploads\/2022\/01\/logo-unisson.svg\",\"width\":1,\"height\":1,\"caption\":\"Laboratoires Unisson\"},\"image\":{\"@id\":\"https:\/\/www.laboratoires-unisson.com\/fr-be#\/schema\/logo\/image\/\"}}]}<\/script>\n<!-- \/ Yoast SEO plugin. -->","yoast_head_json":{"title":"Appareil auditif Signia Silk 7X \u00e0 1900\u20ac - Unisson Belgique","description":"Signia (la\u00a0 nouvelle marque Siemens Audiologie) a lanc\u00e9 en 2020 son mod\u00e8le Silk X, un appareil auditif intra-auriculaire invisible \u00e0 adaptation imm\u00e9diate.","robots":{"index":"index","follow":"follow","max-snippet":"max-snippet:-1","max-image-preview":"max-image-preview:large","max-video-preview":"max-video-preview:-1"},"canonical":"https:\/\/www.laboratoires-unisson.com\/fr-be\/wp-json\/wp\/v2\/product\/24677","og_locale":"fr_FR","og_type":"article","og_title":"Silk 7X - Laboratoires Unisson","og_description":"Signia (la\u00a0 nouvelle marque Siemens Audiologie) a lanc\u00e9 en 2020 son mod\u00e8le Silk X, un appareil auditif intra-auriculaire invisible \u00e0 adaptation imm\u00e9diate.","og_url":"https:\/\/www.laboratoires-unisson.com\/fr-be\/produit\/appareils-auditifs\/signia\/silk-7x","og_site_name":"Laboratoires Unisson","article_modified_time":"2025-12-03T09:09:12+00:00","og_image":[{"width":500,"height":500,"url":"https:\/\/www.laboratoires-unisson.com\/wp-content\/uploads\/2022\/05\/Signia-Silk-7X.png","type":"image\/png"}],"twitter_card":"summary_large_image","twitter_misc":{"Est. reading time":"3 minutes"},"schema":{"@context":"https:\/\/schema.org","@graph":[{"@type":"WebPage","@id":"https:\/\/www.laboratoires-unisson.com\/fr-be\/produit\/appareils-auditifs\/signia\/silk-7x","url":"https:\/\/www.laboratoires-unisson.com\/fr-be\/produit\/appareils-auditifs\/signia\/silk-7x","name":"Silk 7X - Laboratoires Unisson","isPartOf":{"@id":"https:\/\/www.laboratoires-unisson.com\/fr-be#website"},"primaryImageOfPage":{"@id":"https:\/\/www.laboratoires-unisson.com\/fr-be\/produit\/appareils-auditifs\/signia\/silk-7x#primaryimage"},"image":{"@id":"https:\/\/www.laboratoires-unisson.com\/fr-be\/produit\/appareils-auditifs\/signia\/silk-7x#primaryimage"},"thumbnailUrl":"https:\/\/www.laboratoires-unisson.com\/wp-content\/uploads\/2022\/05\/Signia-Silk-7X.png","datePublished":"2022-05-02T13:05:24+00:00","dateModified":"2025-12-03T09:09:12+00:00","description":"Signia (la\u00a0 nouvelle marque Siemens Audiologie) a lanc\u00e9 en 2020 son mod\u00e8le Silk X, un appareil auditif intra-auriculaire invisible \u00e0 adaptation imm\u00e9diate.","breadcrumb":{"@id":"https:\/\/www.laboratoires-unisson.com\/fr-be\/produit\/appareils-auditifs\/signia\/silk-7x#breadcrumb"},"inLanguage":"fr-BE","potentialAction":[{"@type":"ReadAction","target":["https:\/\/www.laboratoires-unisson.com\/fr-be\/produit\/appareils-auditifs\/signia\/silk-7x"]}]},{"@type":"ImageObject","inLanguage":"fr-BE","@id":"https:\/\/www.laboratoires-unisson.com\/fr-be\/produit\/appareils-auditifs\/signia\/silk-7x#primaryimage","url":"https:\/\/www.laboratoires-unisson.com\/wp-content\/uploads\/2022\/05\/Signia-Silk-7X.png","contentUrl":"https:\/\/www.laboratoires-unisson.com\/wp-content\/uploads\/2022\/05\/Signia-Silk-7X.png","width":500,"height":500},{"@type":"BreadcrumbList","@id":"https:\/\/www.laboratoires-unisson.com\/fr-be\/produit\/appareils-auditifs\/signia\/silk-7x#breadcrumb","itemListElement":[{"@type":"ListItem","position":1,"name":"Shop","item":"https:\/\/www.laboratoires-unisson.com\/fr-be\/shop"},{"@type":"ListItem","position":2,"name":"Silk 7X"}]},{"@type":"WebSite","@id":"https:\/\/www.laboratoires-unisson.com\/fr-be#website","url":"https:\/\/www.laboratoires-unisson.com\/fr-be","name":"Laboratoires Unisson","description":"Appareil auditif et proth\u00e8se auditive Moins Cher jusqu&#039;\u00e0 -40%","publisher":{"@id":"https:\/\/www.laboratoires-unisson.com\/fr-be#organization"},"potentialAction":[{"@type":"SearchAction","target":{"@type":"EntryPoint","urlTemplate":"https:\/\/www.laboratoires-unisson.com\/fr-be?s={search_term_string}"},"query-input":{"@type":"PropertyValueSpecification","valueRequired":true,"valueName":"search_term_string"}}],"inLanguage":"fr-BE"},{"@type":"Organization","@id":"https:\/\/www.laboratoires-unisson.com\/fr-be#organization","name":"Laboratoires Unisson","url":"https:\/\/www.laboratoires-unisson.com\/fr-be","logo":{"@type":"ImageObject","inLanguage":"fr-BE","@id":"https:\/\/www.laboratoires-unisson.com\/fr-be#\/schema\/logo\/image\/","url":"https:\/\/www.laboratoires-unisson.com\/wp-content\/uploads\/2022\/01\/logo-unisson.svg","contentUrl":"https:\/\/www.laboratoires-unisson.com\/wp-content\/uploads\/2022\/01\/logo-unisson.svg","width":1,"height":1,"caption":"Laboratoires Unisson"},"image":{"@id":"https:\/\/www.laboratoires-unisson.com\/fr-be#\/schema\/logo\/image\/"}}]}},"_links":{"self":[{"href":"https:\/\/www.laboratoires-unisson.com\/fr-be\/wp-json\/wp\/v2\/product\/24677","targetHints":{"allow":["GET"]}}],"collection":[{"href":"https:\/\/www.laboratoires-unisson.com\/fr-be\/wp-json\/wp\/v2\/product"}],"about":[{"href":"https:\/\/www.laboratoires-unisson.com\/fr-be\/wp-json\/wp\/v2\/types\/product"}],"wp:featuredmedia":[{"embeddable":true,"href":"https:\/\/www.laboratoires-unisson.com\/fr-be\/wp-json\/wp\/v2\/media\/20837"}],"wp:attachment":[{"href":"https:\/\/www.laboratoires-unisson.com\/fr-be\/wp-json\/wp\/v2\/media?parent=24677"}],"wp:term":[{"taxonomy":"product_brand","embeddable":true,"href":"https:\/\/www.laboratoires-unisson.com\/fr-be\/wp-json\/wp\/v2\/product_brand?post=24677"},{"taxonomy":"product_cat","embeddable":true,"href":"https:\/\/www.laboratoires-unisson.com\/fr-be\/wp-json\/wp\/v2\/product_cat?post=24677"},{"taxonomy":"product_tag","embeddable":true,"href":"https:\/\/www.laboratoires-unisson.com\/fr-be\/wp-json\/wp\/v2\/product_tag?post=24677"}],"curies":[{"name":"wp","href":"https:\/\/api.w.org\/{rel}","templated":true}]}}