{"id":24680,"date":"2022-05-02T15:04:13","date_gmt":"2022-05-02T13:04:13","guid":{"rendered":"https:\/\/www.laboratoires-unisson.com\/produit\/motion-charge-go-p-7x"},"modified":"2025-12-03T10:09:13","modified_gmt":"2025-12-03T09:09:13","slug":"motion-charge-go-p-7x","status":"publish","type":"product","link":"https:\/\/www.laboratoires-unisson.com\/fr-be\/produit\/appareils-auditifs\/signia\/motion-charge-go-p-7x","title":{"rendered":"Motion Charge &#038; Go P 7X"},"content":{"rendered":"<p>L&#8217;aide auditive Signia Motion Charge &amp; Go P 7X est un <strong>appareil auditif en contour d&#8217;oreille BTE haut de gamme rechargeable <\/strong>aliment\u00e9 par une <strong>batterie lithium-ion<\/strong>. <strong>C&#8217;est uncontour surpuissant et rechargeable\u00a0pour les pertes auditives moyennes \u00e0 s\u00e9v\u00e8res.<\/strong><\/p>\n<p>Il poss\u00e8de 20 canaux de r\u00e9glages, un bouton poussoir, une certification IP68, une bobine \u00e0 induction T et une connexion Bluetooth. Ces aides auditives sont <strong>Made for iPhone<\/strong>. Vous b\u00e9n\u00e9ficierez d&#8217;un streaming direct dans vos aides auditives si vous poss\u00e9dez un iPhone. Si vous poss\u00e9dez un smartphone Android ou autre, la diffusion est possible via l&#8217;accessoire StreamLine Mic.<\/p>\n<p>Vos appareils auditifs Motion Charge &amp; Go P 7X peuvent se transformer\u00a0en casque TV gr\u00e2ce \u00e0 l&#8217;accessoire Streamline TV qui vous permet de recevoir le son de votre TV directement dans vos aides auditives.<\/p>\n<p>Afin de recharger vos appareils, nous vous proposons le mini-chargeur Motion qui\u00a0vous offre une charge compl\u00e8te en 3h et poss\u00e8de des voyants LED de fonctionnement ou le chargeur premium Dry &amp; Clean qui offre \u00e9galement une charge compl\u00e8te en 3h et des LED d&#8217;\u00e9tat de charge mais \u00e9galement un syst\u00e8me de d\u00e9shumidification et un traitement UV.<\/p>\n<p>Ces appareils\u00a0int\u00e8grent la <strong>technologie Xperience<\/strong>,\u00a0la derni\u00e8re plateforme de Signia (anciennement Siemens) :<\/p>\n<ul>\n<li>meilleur traitement du signal gr\u00e2ce \u00e0 l&#8217;association de capteurs acoustiques et de mouvements<\/li>\n<li>127 sc\u00e9narios d&#8217;\u00e9coute<\/li>\n<li>reconnaissance vocale en temps r\u00e9el pour une perception naturelle de sa propre voix (OVP\u2122)<\/li>\n<\/ul>\n<h4>Les fonctionnalit\u00e9s de l&#8217;aide auditive Motion Charge &amp; Go P 7X<\/h4>\n<ul>\n<li>YourSound : capteurs de mouvements int\u00e9gr\u00e9s<\/li>\n<li>OVP\u2122 : reconnaissance vocale en temps r\u00e9el<\/li>\n<li>20 canaux de r\u00e9glages \/ 48 bandes de traitement du signal<\/li>\n<li>eWindScreen<\/li>\n<li>EchoShield<\/li>\n<li>Spatial SpeechFocus<\/li>\n<li>Connexion Bluetooth<\/li>\n<li>6 programmes manuels<\/li>\n<li>Certification IP68<\/li>\n<li>Bouton poussoir<\/li>\n<li>Bobine \u00e0 induction<\/li>\n<li>Batterie lithium-ion<\/li>\n<li>Telecare : r\u00e9glages \u00e0 distance<\/li>\n<li>Application mobile Signia App<\/li>\n<\/ul>\n","protected":false},"excerpt":{"rendered":"<p>L&#8217;aide auditive Signia Motion Charge &amp; Go P 7X est un appareil auditif en contour d&#8217;oreille BTE haut de gamme rechargeable aliment\u00e9 par une batterie lithium-ion. C&#8217;est uncontour surpuissant et rechargeable\u00a0pour les pertes auditives moyennes \u00e0 s\u00e9v\u00e8res. Il poss\u00e8de 20 canaux de r\u00e9glages, un bouton poussoir, une certification IP68, une bobine \u00e0 induction T et [&hellip;]<\/p>\n","protected":false},"featured_media":20842,"template":"","meta":{"_acf_changed":false},"product_brand":[],"product_cat":[2684,2830],"product_tag":[],"class_list":{"0":"post-24680","1":"product","2":"type-product","3":"status-publish","4":"has-post-thumbnail","6":"product_cat-offre-premium-fr-be","7":"product_cat-signia-fr-be","9":"first","10":"instock","11":"taxable","12":"shipping-taxable","13":"purchasable","14":"product-type-simple"},"acf":[],"yoast_head":"<!-- This site is optimized with the Yoast SEO plugin v27.1.1 - https:\/\/yoast.com\/product\/yoast-seo-wordpress\/ -->\n<title>Appareil auditif Signia Motion Charge &amp; Go P 7X \u00e0 1900\u20ac - Unisson Belgique<\/title>\n<meta name=\"description\" content=\"L&#039;aide auditive Signia Motion Charge &amp; Go P 7X est un appareil auditif en contour d&#039;oreille BTE haut de gamme rechargeable aliment\u00e9 par une batterie\" \/>\n<meta name=\"robots\" content=\"index, follow, max-snippet:-1, max-image-preview:large, max-video-preview:-1\" \/>\n<link rel=\"canonical\" href=\"https:\/\/www.laboratoires-unisson.com\/fr-be\/wp-json\/wp\/v2\/product\/24680\" \/>\n<meta property=\"og:locale\" content=\"fr_FR\" \/>\n<meta property=\"og:type\" content=\"article\" \/>\n<meta property=\"og:title\" content=\"Motion Charge &amp; Go P 7X - Laboratoires Unisson\" \/>\n<meta property=\"og:description\" content=\"L&#039;aide auditive Signia Motion Charge &amp; Go P 7X est un appareil auditif en contour d&#039;oreille BTE haut de gamme rechargeable aliment\u00e9 par une batterie\" \/>\n<meta property=\"og:url\" content=\"https:\/\/www.laboratoires-unisson.com\/fr-be\/produit\/appareils-auditifs\/signia\/motion-charge-go-p-7x\" \/>\n<meta property=\"og:site_name\" content=\"Laboratoires Unisson\" \/>\n<meta property=\"article:modified_time\" content=\"2025-12-03T09:09:13+00:00\" \/>\n<meta property=\"og:image\" content=\"https:\/\/www.laboratoires-unisson.com\/wp-content\/uploads\/2022\/05\/Signia-Motion-Charge-Go-P-7X.png\" \/>\n\t<meta property=\"og:image:width\" content=\"450\" \/>\n\t<meta property=\"og:image:height\" content=\"500\" \/>\n\t<meta property=\"og:image:type\" content=\"image\/png\" \/>\n<meta name=\"twitter:card\" content=\"summary_large_image\" \/>\n<meta name=\"twitter:label1\" content=\"Est. reading time\" \/>\n\t<meta name=\"twitter:data1\" content=\"2 minutes\" \/>\n<script type=\"application\/ld+json\" class=\"yoast-schema-graph\">{\"@context\":\"https:\/\/schema.org\",\"@graph\":[{\"@type\":\"WebPage\",\"@id\":\"https:\/\/www.laboratoires-unisson.com\/fr-be\/produit\/appareils-auditifs\/signia\/motion-charge-go-p-7x\",\"url\":\"https:\/\/www.laboratoires-unisson.com\/fr-be\/produit\/appareils-auditifs\/signia\/motion-charge-go-p-7x\",\"name\":\"Motion Charge & Go P 7X - Laboratoires Unisson\",\"isPartOf\":{\"@id\":\"https:\/\/www.laboratoires-unisson.com\/fr-be#website\"},\"primaryImageOfPage\":{\"@id\":\"https:\/\/www.laboratoires-unisson.com\/fr-be\/produit\/appareils-auditifs\/signia\/motion-charge-go-p-7x#primaryimage\"},\"image\":{\"@id\":\"https:\/\/www.laboratoires-unisson.com\/fr-be\/produit\/appareils-auditifs\/signia\/motion-charge-go-p-7x#primaryimage\"},\"thumbnailUrl\":\"https:\/\/www.laboratoires-unisson.com\/wp-content\/uploads\/2022\/05\/Signia-Motion-Charge-Go-P-7X.png\",\"datePublished\":\"2022-05-02T13:04:13+00:00\",\"dateModified\":\"2025-12-03T09:09:13+00:00\",\"description\":\"L'aide auditive Signia Motion Charge &amp; Go P 7X est un appareil auditif en contour d'oreille BTE haut de gamme rechargeable aliment\u00e9 par une batterie\",\"breadcrumb\":{\"@id\":\"https:\/\/www.laboratoires-unisson.com\/fr-be\/produit\/appareils-auditifs\/signia\/motion-charge-go-p-7x#breadcrumb\"},\"inLanguage\":\"fr-BE\",\"potentialAction\":[{\"@type\":\"ReadAction\",\"target\":[\"https:\/\/www.laboratoires-unisson.com\/fr-be\/produit\/appareils-auditifs\/signia\/motion-charge-go-p-7x\"]}]},{\"@type\":\"ImageObject\",\"inLanguage\":\"fr-BE\",\"@id\":\"https:\/\/www.laboratoires-unisson.com\/fr-be\/produit\/appareils-auditifs\/signia\/motion-charge-go-p-7x#primaryimage\",\"url\":\"https:\/\/www.laboratoires-unisson.com\/wp-content\/uploads\/2022\/05\/Signia-Motion-Charge-Go-P-7X.png\",\"contentUrl\":\"https:\/\/www.laboratoires-unisson.com\/wp-content\/uploads\/2022\/05\/Signia-Motion-Charge-Go-P-7X.png\",\"width\":450,\"height\":500},{\"@type\":\"BreadcrumbList\",\"@id\":\"https:\/\/www.laboratoires-unisson.com\/fr-be\/produit\/appareils-auditifs\/signia\/motion-charge-go-p-7x#breadcrumb\",\"itemListElement\":[{\"@type\":\"ListItem\",\"position\":1,\"name\":\"Shop\",\"item\":\"https:\/\/www.laboratoires-unisson.com\/fr-be\/shop\"},{\"@type\":\"ListItem\",\"position\":2,\"name\":\"Motion Charge &#038; Go P 7X\"}]},{\"@type\":\"WebSite\",\"@id\":\"https:\/\/www.laboratoires-unisson.com\/fr-be#website\",\"url\":\"https:\/\/www.laboratoires-unisson.com\/fr-be\",\"name\":\"Laboratoires Unisson\",\"description\":\"Appareil auditif et proth\u00e8se auditive Moins Cher jusqu&#039;\u00e0 -40%\",\"publisher\":{\"@id\":\"https:\/\/www.laboratoires-unisson.com\/fr-be#organization\"},\"potentialAction\":[{\"@type\":\"SearchAction\",\"target\":{\"@type\":\"EntryPoint\",\"urlTemplate\":\"https:\/\/www.laboratoires-unisson.com\/fr-be?s={search_term_string}\"},\"query-input\":{\"@type\":\"PropertyValueSpecification\",\"valueRequired\":true,\"valueName\":\"search_term_string\"}}],\"inLanguage\":\"fr-BE\"},{\"@type\":\"Organization\",\"@id\":\"https:\/\/www.laboratoires-unisson.com\/fr-be#organization\",\"name\":\"Laboratoires Unisson\",\"url\":\"https:\/\/www.laboratoires-unisson.com\/fr-be\",\"logo\":{\"@type\":\"ImageObject\",\"inLanguage\":\"fr-BE\",\"@id\":\"https:\/\/www.laboratoires-unisson.com\/fr-be#\/schema\/logo\/image\/\",\"url\":\"https:\/\/www.laboratoires-unisson.com\/wp-content\/uploads\/2022\/01\/logo-unisson.svg\",\"contentUrl\":\"https:\/\/www.laboratoires-unisson.com\/wp-content\/uploads\/2022\/01\/logo-unisson.svg\",\"width\":1,\"height\":1,\"caption\":\"Laboratoires Unisson\"},\"image\":{\"@id\":\"https:\/\/www.laboratoires-unisson.com\/fr-be#\/schema\/logo\/image\/\"}}]}<\/script>\n<!-- \/ Yoast SEO plugin. -->","yoast_head_json":{"title":"Appareil auditif Signia Motion Charge & Go P 7X \u00e0 1900\u20ac - Unisson Belgique","description":"L'aide auditive Signia Motion Charge &amp; Go P 7X est un appareil auditif en contour d'oreille BTE haut de gamme rechargeable aliment\u00e9 par une batterie","robots":{"index":"index","follow":"follow","max-snippet":"max-snippet:-1","max-image-preview":"max-image-preview:large","max-video-preview":"max-video-preview:-1"},"canonical":"https:\/\/www.laboratoires-unisson.com\/fr-be\/wp-json\/wp\/v2\/product\/24680","og_locale":"fr_FR","og_type":"article","og_title":"Motion Charge & Go P 7X - Laboratoires Unisson","og_description":"L'aide auditive Signia Motion Charge &amp; Go P 7X est un appareil auditif en contour d'oreille BTE haut de gamme rechargeable aliment\u00e9 par une batterie","og_url":"https:\/\/www.laboratoires-unisson.com\/fr-be\/produit\/appareils-auditifs\/signia\/motion-charge-go-p-7x","og_site_name":"Laboratoires Unisson","article_modified_time":"2025-12-03T09:09:13+00:00","og_image":[{"width":450,"height":500,"url":"https:\/\/www.laboratoires-unisson.com\/wp-content\/uploads\/2022\/05\/Signia-Motion-Charge-Go-P-7X.png","type":"image\/png"}],"twitter_card":"summary_large_image","twitter_misc":{"Est. reading time":"2 minutes"},"schema":{"@context":"https:\/\/schema.org","@graph":[{"@type":"WebPage","@id":"https:\/\/www.laboratoires-unisson.com\/fr-be\/produit\/appareils-auditifs\/signia\/motion-charge-go-p-7x","url":"https:\/\/www.laboratoires-unisson.com\/fr-be\/produit\/appareils-auditifs\/signia\/motion-charge-go-p-7x","name":"Motion Charge & Go P 7X - Laboratoires Unisson","isPartOf":{"@id":"https:\/\/www.laboratoires-unisson.com\/fr-be#website"},"primaryImageOfPage":{"@id":"https:\/\/www.laboratoires-unisson.com\/fr-be\/produit\/appareils-auditifs\/signia\/motion-charge-go-p-7x#primaryimage"},"image":{"@id":"https:\/\/www.laboratoires-unisson.com\/fr-be\/produit\/appareils-auditifs\/signia\/motion-charge-go-p-7x#primaryimage"},"thumbnailUrl":"https:\/\/www.laboratoires-unisson.com\/wp-content\/uploads\/2022\/05\/Signia-Motion-Charge-Go-P-7X.png","datePublished":"2022-05-02T13:04:13+00:00","dateModified":"2025-12-03T09:09:13+00:00","description":"L'aide auditive Signia Motion Charge &amp; Go P 7X est un appareil auditif en contour d'oreille BTE haut de gamme rechargeable aliment\u00e9 par une batterie","breadcrumb":{"@id":"https:\/\/www.laboratoires-unisson.com\/fr-be\/produit\/appareils-auditifs\/signia\/motion-charge-go-p-7x#breadcrumb"},"inLanguage":"fr-BE","potentialAction":[{"@type":"ReadAction","target":["https:\/\/www.laboratoires-unisson.com\/fr-be\/produit\/appareils-auditifs\/signia\/motion-charge-go-p-7x"]}]},{"@type":"ImageObject","inLanguage":"fr-BE","@id":"https:\/\/www.laboratoires-unisson.com\/fr-be\/produit\/appareils-auditifs\/signia\/motion-charge-go-p-7x#primaryimage","url":"https:\/\/www.laboratoires-unisson.com\/wp-content\/uploads\/2022\/05\/Signia-Motion-Charge-Go-P-7X.png","contentUrl":"https:\/\/www.laboratoires-unisson.com\/wp-content\/uploads\/2022\/05\/Signia-Motion-Charge-Go-P-7X.png","width":450,"height":500},{"@type":"BreadcrumbList","@id":"https:\/\/www.laboratoires-unisson.com\/fr-be\/produit\/appareils-auditifs\/signia\/motion-charge-go-p-7x#breadcrumb","itemListElement":[{"@type":"ListItem","position":1,"name":"Shop","item":"https:\/\/www.laboratoires-unisson.com\/fr-be\/shop"},{"@type":"ListItem","position":2,"name":"Motion Charge &#038; Go P 7X"}]},{"@type":"WebSite","@id":"https:\/\/www.laboratoires-unisson.com\/fr-be#website","url":"https:\/\/www.laboratoires-unisson.com\/fr-be","name":"Laboratoires Unisson","description":"Appareil auditif et proth\u00e8se auditive Moins Cher jusqu&#039;\u00e0 -40%","publisher":{"@id":"https:\/\/www.laboratoires-unisson.com\/fr-be#organization"},"potentialAction":[{"@type":"SearchAction","target":{"@type":"EntryPoint","urlTemplate":"https:\/\/www.laboratoires-unisson.com\/fr-be?s={search_term_string}"},"query-input":{"@type":"PropertyValueSpecification","valueRequired":true,"valueName":"search_term_string"}}],"inLanguage":"fr-BE"},{"@type":"Organization","@id":"https:\/\/www.laboratoires-unisson.com\/fr-be#organization","name":"Laboratoires Unisson","url":"https:\/\/www.laboratoires-unisson.com\/fr-be","logo":{"@type":"ImageObject","inLanguage":"fr-BE","@id":"https:\/\/www.laboratoires-unisson.com\/fr-be#\/schema\/logo\/image\/","url":"https:\/\/www.laboratoires-unisson.com\/wp-content\/uploads\/2022\/01\/logo-unisson.svg","contentUrl":"https:\/\/www.laboratoires-unisson.com\/wp-content\/uploads\/2022\/01\/logo-unisson.svg","width":1,"height":1,"caption":"Laboratoires Unisson"},"image":{"@id":"https:\/\/www.laboratoires-unisson.com\/fr-be#\/schema\/logo\/image\/"}}]}},"_links":{"self":[{"href":"https:\/\/www.laboratoires-unisson.com\/fr-be\/wp-json\/wp\/v2\/product\/24680","targetHints":{"allow":["GET"]}}],"collection":[{"href":"https:\/\/www.laboratoires-unisson.com\/fr-be\/wp-json\/wp\/v2\/product"}],"about":[{"href":"https:\/\/www.laboratoires-unisson.com\/fr-be\/wp-json\/wp\/v2\/types\/product"}],"wp:featuredmedia":[{"embeddable":true,"href":"https:\/\/www.laboratoires-unisson.com\/fr-be\/wp-json\/wp\/v2\/media\/20842"}],"wp:attachment":[{"href":"https:\/\/www.laboratoires-unisson.com\/fr-be\/wp-json\/wp\/v2\/media?parent=24680"}],"wp:term":[{"taxonomy":"product_brand","embeddable":true,"href":"https:\/\/www.laboratoires-unisson.com\/fr-be\/wp-json\/wp\/v2\/product_brand?post=24680"},{"taxonomy":"product_cat","embeddable":true,"href":"https:\/\/www.laboratoires-unisson.com\/fr-be\/wp-json\/wp\/v2\/product_cat?post=24680"},{"taxonomy":"product_tag","embeddable":true,"href":"https:\/\/www.laboratoires-unisson.com\/fr-be\/wp-json\/wp\/v2\/product_tag?post=24680"}],"curies":[{"name":"wp","href":"https:\/\/api.w.org\/{rel}","templated":true}]}}