{"id":24681,"date":"2022-05-02T15:03:44","date_gmt":"2022-05-02T13:03:44","guid":{"rendered":"https:\/\/www.laboratoires-unisson.com\/produit\/pure-13-7nx"},"modified":"2025-12-03T10:09:14","modified_gmt":"2025-12-03T09:09:14","slug":"pure-13-7nx","status":"publish","type":"product","link":"https:\/\/www.laboratoires-unisson.com\/fr-be\/produit\/appareils-auditifs\/signia\/pure-13-7nx","title":{"rendered":"Pure 13 7Nx"},"content":{"rendered":"<p>Le Pure 13 7Nx est un micro-contour d\u2019oreille Siemens (nouvellement Signa depuis 2017) piles 13 pour pertes auditives l\u00e9g\u00e8res \u00e0 s\u00e9v\u00e8res. Cet appareil haut de gamme dispose des derni\u00e8res innovations de la marque dont OVP (\u00ab Own Voice Processing \u00bb) qui permet de restituer naturellement sa propre voix, en diminuant notamment l&#8217;effet de r\u00e9sonnance.<\/p>\n<p>Signia Pure 13 7Nx propose \u00e9galement une synchronisation binaurale haut de gamme, pilot\u00e9e par une classification 3D des environnements (sons, voix et mouvements). La restitution des voix et du paysage sonore sera donc plus naturelle et plus fid\u00e8le.<\/p>\n<p>Cet appareil propose 20 canaux de r\u00e9glage du gain (48 pour le traitement du signal). Le boitier est \u00e9quip\u00e9 du rocker switch toujours tr\u00e8s ergonomique (c\u2019est un double bouton poussoir qui permet d\u2019ajuster le volume, les programmes d\u2019\u00e9coute, de couper provisoirement les appareils ou encore de passer en mode \u00ab\u00a0avion\u00a0\u00bb). Gr\u00e2ce \u00e0 sa pile plus volumineuse, le pure 13 Nx offre une plus longue autonomie que les Pure 10 ou 13, jusqu\u2019\u00e0 7 jours de fonctionnement dont 6 heures de streaming direct \/ jour. Une bobine T est \u00e9galement disponible.<\/p>\n<h4>Pure 13 7Nx : le haut de gamme by Signia (solutions auditives Siemens)<\/h4>\n<p>Les mod\u00e8les 7Nx sont les plus avanc\u00e9s de la plateforme (les versions inf\u00e9rieures sont successivement 5NX, 3NX, 2NX puis 1NX). Ils proposent la classification environnementale 3D la plus pr\u00e9cise (6 types d&#8217;environnement diff\u00e9rents sont g\u00e9r\u00e9s contre seulement 3 dans la version 5NX) ainsi que l\u2019ensemble des fonctionnalit\u00e9s de la gamme. Sa bande passante \u00e9largie \u00e0 12khz permet de restituer un son plus brillant que les gammes 5Nx et 3Nx. Ils disposent \u00e9galement d\u2019une dynamique d\u2019entr\u00e9e plus large, am\u00e9liorant le confort dans les situations les plus bruyantes (un son clair, sans aucune distorsion).<\/p>\n<p>Avec la synchronisation binaurale e2e Ultra HD, les aides auditives Pure 13 7Nx \u00e9changent constamment des informations entre les deux oreilles sur l\u2019environnement sonore pour restituer un son toujours fid\u00e8le et naturel, m\u00eame en milieu bruyant. On notera \u00e9galement la pr\u00e9sence de la fonction \u00ab EchoBlock \u00bb pour les situations \u00e0 forte r\u00e9verb\u00e9ration (salle haute de plafond, vitr\u00e9es etc.), cette fonctionnalit\u00e9 est absente des mod\u00e8les 3 et 5Nx. Le traitement du signal \u00e9tant effectu\u00e9 sur 48 bandes, celui-ci est \u00e9galement le plus pr\u00e9cis de la plateforme. Signia 7Nx vous apporte un confort id\u00e9al ainsi qu\u2019une compr\u00e9hension optimale, m\u00eame dans les environnements les plus difficiles.<\/p>\n<h4>Entendez votre voix de fa\u00e7on naturelle avec OVP\u2122 (Own Voice Processing)<\/h4>\n<p>La grande innovation de la plateforme Nx est sans conteste OVP\u2122. Cette technologie permet au Pure 13 de restituer naturellement le son de votre propre voix conform\u00e9ment \u00e0 votre environnement sonore. Cette fonctionnalit\u00e9 am\u00e9liore grandement le confort d\u2019\u00e9coute et l\u2019habituation aux proth\u00e8ses auditives. En effet, les personnes \u00e9quip\u00e9es ont g\u00e9n\u00e9ralement du mal \u00e0 accepter l\u2019amplification de leur voix (en particulier si c\u2019est leur premier appareillage). Ce temps est d\u00e9sormais r\u00e9volu avec le Pure 13 7Nx. Ce gain de confort permettra de plus \u00e0 votre audioproth\u00e9siste de positionner le r\u00e9glage des appareils sur des niveaux plus performants qu&#8217;il aurait pu difficilement atteindre, auparavant, sans provoquer de g\u00eane.<\/p>\n<h4>R\u00e9glage \u00e0 distance avec Telecare 3.0<\/h4>\n<p>Les nouveaux appareils auditifs Pure 7Nx 13 peuvent \u00eatre r\u00e9gl\u00e9s \u00e0 distance par votre audioproth\u00e9siste gr\u00e2ce \u00e0 Telecare 3.0. Vous pourrez faire une demande de r\u00e9glage depuis votre smartphone (via l\u2019application mobile myHearing) et recevoir la correction sans avoir \u00e0 vous d\u00e9placer !<\/p>\n<h4>Connectivit\u00e9 sans-fil et streaming audio direct avec l\u2019iPhone<\/h4>\n<p>La technologie Bluetooth 2.4 ghz basse consommation permet de connecter vos appareils auditifs Pure 13 7Nx \u00e0 votre smartphone pour utiliser l\u2019application mobile myControl comme t\u00e9l\u00e9commande. Le streaming audio direct est \u00e9galement disponible pour les iPhones (conversation, musique, t\u00e9l\u00e9vision). Pour les smartphone Android, un accessoire est n\u00e9cessaire pour le streaming audio (StreamLine Mic).<\/p>\n<h4>Fonctionnalit\u00e9s Pure 13 7Nx<\/h4>\n<ul>\n<li>OVP\u2122 (Own Voice Processing) : reconnaissance en temps r\u00e9el de la voix de l\u2019utilisateur pour d\u00e9livrer une perception naturelle de sa propre voix<\/li>\n<li>3D Classifier : analyse multidimensionnelle de l\u2019environnement sonore et adaptation en temps r\u00e9el.<\/li>\n<li>Sound Clarity : offre une meilleur audibilit\u00e9 et clart\u00e9 sonore. Impactant la localisation et la compr\u00e9hension de la parole en milieu bruyant<\/li>\n<li>20 canaux de r\u00e9glage du gain \/ 48 bandes de traitement du signal<\/li>\n<li>6 programmes manuels<\/li>\n<li>HD Spatial : am\u00e9liore la capacit\u00e9 \u00e0 localiser les sons et leur profondeur, dans les environnements calmes comme bruyants<\/li>\n<li>\u00ab Extended dynamic range \u00bb<\/li>\n<li>Bande de fr\u00e9quence \u00e9largie \u00e0 12kHZ<\/li>\n<li>EchoShield : r\u00e9ducteur de bruit pour situation avec r\u00e9verb\u00e9ration<\/li>\n<li>eWindScreen\u2122 : Elimine les bruits du vent<\/li>\n<li>R\u00e9duction du bruit : Speech and Noise (3 programmes automatiques), Soundsmoothing\u2122 (1 programme automatique)<\/li>\n<li>Anti larsen<\/li>\n<li>Directivit\u00e9 binaurale<\/li>\n<li>Spatial SpeechFocus<\/li>\n<li>SpeechFocus<\/li>\n<li>TwinPhone (programme t\u00e9l\u00e9phone binaural)<\/li>\n<li>Compatible CROS\/BICROS<\/li>\n<li>Compression fr\u00e9quentielle<\/li>\n<li>Compatibles accessoires sans fil<\/li>\n<li>Augmentation progressive du volume (automatique)<\/li>\n<li>Streaming audio direct (iPhone)<\/li>\n<li>Application mobile myControl App<\/li>\n<li>Gestion des acouph\u00e8nes<\/li>\n<li>R\u00e9glages \u00e0 distance (telecare 3.0)<\/li>\n<\/ul>\n","protected":false},"excerpt":{"rendered":"<p>Le Pure 13 7Nx est un micro-contour d\u2019oreille Siemens (nouvellement Signa depuis 2017) piles 13 pour pertes auditives l\u00e9g\u00e8res \u00e0 s\u00e9v\u00e8res. Cet appareil haut de gamme dispose des derni\u00e8res innovations de la marque dont OVP (\u00ab Own Voice Processing \u00bb) qui permet de restituer naturellement sa propre voix, en diminuant notamment l&#8217;effet de r\u00e9sonnance. Signia [&hellip;]<\/p>\n","protected":false},"featured_media":19273,"template":"","meta":{"_acf_changed":false},"product_brand":[],"product_cat":[2684,2830],"product_tag":[],"class_list":{"0":"post-24681","1":"product","2":"type-product","3":"status-publish","4":"has-post-thumbnail","6":"product_cat-offre-premium-fr-be","7":"product_cat-signia-fr-be","9":"first","10":"instock","11":"taxable","12":"shipping-taxable","13":"purchasable","14":"product-type-simple"},"acf":[],"yoast_head":"<!-- This site is optimized with the Yoast SEO plugin v27.1.1 - https:\/\/yoast.com\/product\/yoast-seo-wordpress\/ -->\n<title>Appareil auditif Signia Pure 13 7Nx \u00e0 1900\u20ac - Unisson Belgique<\/title>\n<meta name=\"description\" content=\"Le Pure 13 7Nx est un micro-contour d\u2019oreille Siemens (nouvellement Signa depuis 2017) piles 13 pour pertes auditives l\u00e9g\u00e8res \u00e0 s\u00e9v\u00e8res. Cet appareil haut\" \/>\n<meta name=\"robots\" content=\"index, follow, max-snippet:-1, max-image-preview:large, max-video-preview:-1\" \/>\n<link rel=\"canonical\" href=\"https:\/\/www.laboratoires-unisson.com\/fr-be\/wp-json\/wp\/v2\/product\/24681\" \/>\n<meta property=\"og:locale\" content=\"fr_FR\" \/>\n<meta property=\"og:type\" content=\"article\" \/>\n<meta property=\"og:title\" content=\"Pure 13 7Nx - Laboratoires Unisson\" \/>\n<meta property=\"og:description\" content=\"Le Pure 13 7Nx est un micro-contour d\u2019oreille Siemens (nouvellement Signa depuis 2017) piles 13 pour pertes auditives l\u00e9g\u00e8res \u00e0 s\u00e9v\u00e8res. Cet appareil haut\" \/>\n<meta property=\"og:url\" content=\"https:\/\/www.laboratoires-unisson.com\/fr-be\/produit\/appareils-auditifs\/signia\/pure-13-7nx\" \/>\n<meta property=\"og:site_name\" content=\"Laboratoires Unisson\" \/>\n<meta property=\"article:modified_time\" content=\"2025-12-03T09:09:14+00:00\" \/>\n<meta property=\"og:image\" content=\"https:\/\/www.laboratoires-unisson.com\/wp-content\/uploads\/2022\/05\/pure-13-7nx.jpg\" \/>\n\t<meta property=\"og:image:width\" content=\"450\" \/>\n\t<meta property=\"og:image:height\" content=\"500\" \/>\n\t<meta property=\"og:image:type\" content=\"image\/jpeg\" \/>\n<meta name=\"twitter:card\" content=\"summary_large_image\" \/>\n<meta name=\"twitter:label1\" content=\"Est. reading time\" \/>\n\t<meta name=\"twitter:data1\" content=\"5 minutes\" \/>\n<script type=\"application\/ld+json\" class=\"yoast-schema-graph\">{\"@context\":\"https:\/\/schema.org\",\"@graph\":[{\"@type\":\"WebPage\",\"@id\":\"https:\/\/www.laboratoires-unisson.com\/fr-be\/produit\/appareils-auditifs\/signia\/pure-13-7nx\",\"url\":\"https:\/\/www.laboratoires-unisson.com\/fr-be\/produit\/appareils-auditifs\/signia\/pure-13-7nx\",\"name\":\"Pure 13 7Nx - Laboratoires Unisson\",\"isPartOf\":{\"@id\":\"https:\/\/www.laboratoires-unisson.com\/fr-be#website\"},\"primaryImageOfPage\":{\"@id\":\"https:\/\/www.laboratoires-unisson.com\/fr-be\/produit\/appareils-auditifs\/signia\/pure-13-7nx#primaryimage\"},\"image\":{\"@id\":\"https:\/\/www.laboratoires-unisson.com\/fr-be\/produit\/appareils-auditifs\/signia\/pure-13-7nx#primaryimage\"},\"thumbnailUrl\":\"https:\/\/www.laboratoires-unisson.com\/wp-content\/uploads\/2022\/05\/pure-13-7nx.jpg\",\"datePublished\":\"2022-05-02T13:03:44+00:00\",\"dateModified\":\"2025-12-03T09:09:14+00:00\",\"description\":\"Le Pure 13 7Nx est un micro-contour d\u2019oreille Siemens (nouvellement Signa depuis 2017) piles 13 pour pertes auditives l\u00e9g\u00e8res \u00e0 s\u00e9v\u00e8res. Cet appareil haut\",\"breadcrumb\":{\"@id\":\"https:\/\/www.laboratoires-unisson.com\/fr-be\/produit\/appareils-auditifs\/signia\/pure-13-7nx#breadcrumb\"},\"inLanguage\":\"fr-BE\",\"potentialAction\":[{\"@type\":\"ReadAction\",\"target\":[\"https:\/\/www.laboratoires-unisson.com\/fr-be\/produit\/appareils-auditifs\/signia\/pure-13-7nx\"]}]},{\"@type\":\"ImageObject\",\"inLanguage\":\"fr-BE\",\"@id\":\"https:\/\/www.laboratoires-unisson.com\/fr-be\/produit\/appareils-auditifs\/signia\/pure-13-7nx#primaryimage\",\"url\":\"https:\/\/www.laboratoires-unisson.com\/wp-content\/uploads\/2022\/05\/pure-13-7nx.jpg\",\"contentUrl\":\"https:\/\/www.laboratoires-unisson.com\/wp-content\/uploads\/2022\/05\/pure-13-7nx.jpg\",\"width\":450,\"height\":500},{\"@type\":\"BreadcrumbList\",\"@id\":\"https:\/\/www.laboratoires-unisson.com\/fr-be\/produit\/appareils-auditifs\/signia\/pure-13-7nx#breadcrumb\",\"itemListElement\":[{\"@type\":\"ListItem\",\"position\":1,\"name\":\"Shop\",\"item\":\"https:\/\/www.laboratoires-unisson.com\/fr-be\/shop\"},{\"@type\":\"ListItem\",\"position\":2,\"name\":\"Pure 13 7Nx\"}]},{\"@type\":\"WebSite\",\"@id\":\"https:\/\/www.laboratoires-unisson.com\/fr-be#website\",\"url\":\"https:\/\/www.laboratoires-unisson.com\/fr-be\",\"name\":\"Laboratoires Unisson\",\"description\":\"Appareil auditif et proth\u00e8se auditive Moins Cher jusqu&#039;\u00e0 -40%\",\"publisher\":{\"@id\":\"https:\/\/www.laboratoires-unisson.com\/fr-be#organization\"},\"potentialAction\":[{\"@type\":\"SearchAction\",\"target\":{\"@type\":\"EntryPoint\",\"urlTemplate\":\"https:\/\/www.laboratoires-unisson.com\/fr-be?s={search_term_string}\"},\"query-input\":{\"@type\":\"PropertyValueSpecification\",\"valueRequired\":true,\"valueName\":\"search_term_string\"}}],\"inLanguage\":\"fr-BE\"},{\"@type\":\"Organization\",\"@id\":\"https:\/\/www.laboratoires-unisson.com\/fr-be#organization\",\"name\":\"Laboratoires Unisson\",\"url\":\"https:\/\/www.laboratoires-unisson.com\/fr-be\",\"logo\":{\"@type\":\"ImageObject\",\"inLanguage\":\"fr-BE\",\"@id\":\"https:\/\/www.laboratoires-unisson.com\/fr-be#\/schema\/logo\/image\/\",\"url\":\"https:\/\/www.laboratoires-unisson.com\/wp-content\/uploads\/2022\/01\/logo-unisson.svg\",\"contentUrl\":\"https:\/\/www.laboratoires-unisson.com\/wp-content\/uploads\/2022\/01\/logo-unisson.svg\",\"width\":1,\"height\":1,\"caption\":\"Laboratoires Unisson\"},\"image\":{\"@id\":\"https:\/\/www.laboratoires-unisson.com\/fr-be#\/schema\/logo\/image\/\"}}]}<\/script>\n<!-- \/ Yoast SEO plugin. -->","yoast_head_json":{"title":"Appareil auditif Signia Pure 13 7Nx \u00e0 1900\u20ac - Unisson Belgique","description":"Le Pure 13 7Nx est un micro-contour d\u2019oreille Siemens (nouvellement Signa depuis 2017) piles 13 pour pertes auditives l\u00e9g\u00e8res \u00e0 s\u00e9v\u00e8res. Cet appareil haut","robots":{"index":"index","follow":"follow","max-snippet":"max-snippet:-1","max-image-preview":"max-image-preview:large","max-video-preview":"max-video-preview:-1"},"canonical":"https:\/\/www.laboratoires-unisson.com\/fr-be\/wp-json\/wp\/v2\/product\/24681","og_locale":"fr_FR","og_type":"article","og_title":"Pure 13 7Nx - Laboratoires Unisson","og_description":"Le Pure 13 7Nx est un micro-contour d\u2019oreille Siemens (nouvellement Signa depuis 2017) piles 13 pour pertes auditives l\u00e9g\u00e8res \u00e0 s\u00e9v\u00e8res. Cet appareil haut","og_url":"https:\/\/www.laboratoires-unisson.com\/fr-be\/produit\/appareils-auditifs\/signia\/pure-13-7nx","og_site_name":"Laboratoires Unisson","article_modified_time":"2025-12-03T09:09:14+00:00","og_image":[{"width":450,"height":500,"url":"https:\/\/www.laboratoires-unisson.com\/wp-content\/uploads\/2022\/05\/pure-13-7nx.jpg","type":"image\/jpeg"}],"twitter_card":"summary_large_image","twitter_misc":{"Est. reading time":"5 minutes"},"schema":{"@context":"https:\/\/schema.org","@graph":[{"@type":"WebPage","@id":"https:\/\/www.laboratoires-unisson.com\/fr-be\/produit\/appareils-auditifs\/signia\/pure-13-7nx","url":"https:\/\/www.laboratoires-unisson.com\/fr-be\/produit\/appareils-auditifs\/signia\/pure-13-7nx","name":"Pure 13 7Nx - Laboratoires Unisson","isPartOf":{"@id":"https:\/\/www.laboratoires-unisson.com\/fr-be#website"},"primaryImageOfPage":{"@id":"https:\/\/www.laboratoires-unisson.com\/fr-be\/produit\/appareils-auditifs\/signia\/pure-13-7nx#primaryimage"},"image":{"@id":"https:\/\/www.laboratoires-unisson.com\/fr-be\/produit\/appareils-auditifs\/signia\/pure-13-7nx#primaryimage"},"thumbnailUrl":"https:\/\/www.laboratoires-unisson.com\/wp-content\/uploads\/2022\/05\/pure-13-7nx.jpg","datePublished":"2022-05-02T13:03:44+00:00","dateModified":"2025-12-03T09:09:14+00:00","description":"Le Pure 13 7Nx est un micro-contour d\u2019oreille Siemens (nouvellement Signa depuis 2017) piles 13 pour pertes auditives l\u00e9g\u00e8res \u00e0 s\u00e9v\u00e8res. Cet appareil haut","breadcrumb":{"@id":"https:\/\/www.laboratoires-unisson.com\/fr-be\/produit\/appareils-auditifs\/signia\/pure-13-7nx#breadcrumb"},"inLanguage":"fr-BE","potentialAction":[{"@type":"ReadAction","target":["https:\/\/www.laboratoires-unisson.com\/fr-be\/produit\/appareils-auditifs\/signia\/pure-13-7nx"]}]},{"@type":"ImageObject","inLanguage":"fr-BE","@id":"https:\/\/www.laboratoires-unisson.com\/fr-be\/produit\/appareils-auditifs\/signia\/pure-13-7nx#primaryimage","url":"https:\/\/www.laboratoires-unisson.com\/wp-content\/uploads\/2022\/05\/pure-13-7nx.jpg","contentUrl":"https:\/\/www.laboratoires-unisson.com\/wp-content\/uploads\/2022\/05\/pure-13-7nx.jpg","width":450,"height":500},{"@type":"BreadcrumbList","@id":"https:\/\/www.laboratoires-unisson.com\/fr-be\/produit\/appareils-auditifs\/signia\/pure-13-7nx#breadcrumb","itemListElement":[{"@type":"ListItem","position":1,"name":"Shop","item":"https:\/\/www.laboratoires-unisson.com\/fr-be\/shop"},{"@type":"ListItem","position":2,"name":"Pure 13 7Nx"}]},{"@type":"WebSite","@id":"https:\/\/www.laboratoires-unisson.com\/fr-be#website","url":"https:\/\/www.laboratoires-unisson.com\/fr-be","name":"Laboratoires Unisson","description":"Appareil auditif et proth\u00e8se auditive Moins Cher jusqu&#039;\u00e0 -40%","publisher":{"@id":"https:\/\/www.laboratoires-unisson.com\/fr-be#organization"},"potentialAction":[{"@type":"SearchAction","target":{"@type":"EntryPoint","urlTemplate":"https:\/\/www.laboratoires-unisson.com\/fr-be?s={search_term_string}"},"query-input":{"@type":"PropertyValueSpecification","valueRequired":true,"valueName":"search_term_string"}}],"inLanguage":"fr-BE"},{"@type":"Organization","@id":"https:\/\/www.laboratoires-unisson.com\/fr-be#organization","name":"Laboratoires Unisson","url":"https:\/\/www.laboratoires-unisson.com\/fr-be","logo":{"@type":"ImageObject","inLanguage":"fr-BE","@id":"https:\/\/www.laboratoires-unisson.com\/fr-be#\/schema\/logo\/image\/","url":"https:\/\/www.laboratoires-unisson.com\/wp-content\/uploads\/2022\/01\/logo-unisson.svg","contentUrl":"https:\/\/www.laboratoires-unisson.com\/wp-content\/uploads\/2022\/01\/logo-unisson.svg","width":1,"height":1,"caption":"Laboratoires Unisson"},"image":{"@id":"https:\/\/www.laboratoires-unisson.com\/fr-be#\/schema\/logo\/image\/"}}]}},"_links":{"self":[{"href":"https:\/\/www.laboratoires-unisson.com\/fr-be\/wp-json\/wp\/v2\/product\/24681","targetHints":{"allow":["GET"]}}],"collection":[{"href":"https:\/\/www.laboratoires-unisson.com\/fr-be\/wp-json\/wp\/v2\/product"}],"about":[{"href":"https:\/\/www.laboratoires-unisson.com\/fr-be\/wp-json\/wp\/v2\/types\/product"}],"wp:featuredmedia":[{"embeddable":true,"href":"https:\/\/www.laboratoires-unisson.com\/fr-be\/wp-json\/wp\/v2\/media\/19273"}],"wp:attachment":[{"href":"https:\/\/www.laboratoires-unisson.com\/fr-be\/wp-json\/wp\/v2\/media?parent=24681"}],"wp:term":[{"taxonomy":"product_brand","embeddable":true,"href":"https:\/\/www.laboratoires-unisson.com\/fr-be\/wp-json\/wp\/v2\/product_brand?post=24681"},{"taxonomy":"product_cat","embeddable":true,"href":"https:\/\/www.laboratoires-unisson.com\/fr-be\/wp-json\/wp\/v2\/product_cat?post=24681"},{"taxonomy":"product_tag","embeddable":true,"href":"https:\/\/www.laboratoires-unisson.com\/fr-be\/wp-json\/wp\/v2\/product_tag?post=24681"}],"curies":[{"name":"wp","href":"https:\/\/api.w.org\/{rel}","templated":true}]}}