{"id":24682,"date":"2022-05-02T15:03:42","date_gmt":"2022-05-02T13:03:42","guid":{"rendered":"https:\/\/www.laboratoires-unisson.com\/produit\/pure-10-7nx"},"modified":"2025-12-03T10:09:14","modified_gmt":"2025-12-03T09:09:14","slug":"pure-10-7nx","status":"publish","type":"product","link":"https:\/\/www.laboratoires-unisson.com\/fr-be\/produit\/appareils-auditifs\/signia\/pure-10-7nx","title":{"rendered":"Pure 10 7Nx"},"content":{"rendered":"<p>Pure 10 7Nx est un micro-contour d\u2019oreille haut de gamme tr\u00e8s discret. Il s\u2019agit du plus petit micro-contour propos\u00e9 par <a href=\"https:\/\/www.laboratoires-unisson.com\/fr-be\/appareils-auditifs\/marques\/signia\">Signia<\/a>. Cet appareil fonctionne avec des piles 10. Du fait de sa taille, le Pure 10 7Nx ne propose pas les fonctionnalit\u00e9s les plus marquantes de la plateforme comme OVP\u2122, l\u2019\u00e9coute binaurale et la classification des environnements. Nous conseillons cet appareil si vous recherchez avant tout la discr\u00e9tion.<\/p>\n<p>Pure 10 Nx peut corriger des pertes d\u2019audition l\u00e9g\u00e8res \u00e0 s\u00e9v\u00e8res. Le boitier peut accueillir sur demande un bouton poussoir programmable. Il est par ailleurs certifi\u00e9 IP68, certification contre l\u2019humidit\u00e9 la plus \u00e9lev\u00e9e en appareillage auditif.<\/p>\n<p><strong>Fonctionnalit\u00e9s Pure 10 7Nx<\/strong><\/p>\n<ul>\n<li>Sound Clarity : offre une meilleur audibilit\u00e9 et clart\u00e9 sonore. Impactant la localisation et la compr\u00e9hension de la parole en milieu bruyant<\/li>\n<li>20 canaux de r\u00e9glage du gain \/ 48 bandes de traitement du signal<\/li>\n<li>6 programmes manuels<\/li>\n<li>\u00ab Extended dynamic range \u00bb\u00a0: aucune distorsion<\/li>\n<li>Bande de fr\u00e9quence \u00e9largie \u00e0 12kHZ<\/li>\n<li>EchoShield : r\u00e9ducteur de bruit pour situation avec r\u00e9verb\u00e9ration<\/li>\n<li>eWindScreen\u2122 : Elimine les bruits du vent<\/li>\n<li>R\u00e9duction du bruit : Speech and Noise (3 programmes automatiques), Soundsmoothing\u2122 (1 programme automatique)<\/li>\n<li>Anti larsen<\/li>\n<li>SpeechFocus<\/li>\n<li>Compression fr\u00e9quentielle<\/li>\n<li>Compatibles accessoire sans fil miniPocket<\/li>\n<li>Augmentation progressive du volume (automatique)<\/li>\n<li>Application mobile TouchControl App<\/li>\n<li>Gestion des acouph\u00e8nes<\/li>\n<\/ul>\n","protected":false},"excerpt":{"rendered":"<p>Pure 10 7Nx est un micro-contour d\u2019oreille haut de gamme tr\u00e8s discret. Il s\u2019agit du plus petit micro-contour propos\u00e9 par Signia. Cet appareil fonctionne avec des piles 10. Du fait de sa taille, le Pure 10 7Nx ne propose pas les fonctionnalit\u00e9s les plus marquantes de la plateforme comme OVP\u2122, l\u2019\u00e9coute binaurale et la classification [&hellip;]<\/p>\n","protected":false},"featured_media":19272,"template":"","meta":{"_acf_changed":false},"product_brand":[],"product_cat":[2684,2830],"product_tag":[],"class_list":{"0":"post-24682","1":"product","2":"type-product","3":"status-publish","4":"has-post-thumbnail","6":"product_cat-offre-premium-fr-be","7":"product_cat-signia-fr-be","9":"first","10":"instock","11":"taxable","12":"shipping-taxable","13":"purchasable","14":"product-type-simple"},"acf":[],"yoast_head":"<!-- This site is optimized with the Yoast SEO plugin v27.1.1 - https:\/\/yoast.com\/product\/yoast-seo-wordpress\/ -->\n<title>Appareil auditif Signia Pure 10 7Nx \u00e0 1900\u20ac - Unisson Belgique<\/title>\n<meta name=\"description\" content=\"Pure 10 7Nx est un micro-contour d\u2019oreille haut de gamme tr\u00e8s discret. Il s\u2019agit du plus petit micro-contour propos\u00e9 par Signia. Cet appareil fonctionne\" \/>\n<meta name=\"robots\" content=\"index, follow, max-snippet:-1, max-image-preview:large, max-video-preview:-1\" \/>\n<link rel=\"canonical\" href=\"https:\/\/www.laboratoires-unisson.com\/fr-be\/wp-json\/wp\/v2\/product\/24682\" \/>\n<meta property=\"og:locale\" content=\"fr_FR\" \/>\n<meta property=\"og:type\" content=\"article\" \/>\n<meta property=\"og:title\" content=\"Pure 10 7Nx - Laboratoires Unisson\" \/>\n<meta property=\"og:description\" content=\"Pure 10 7Nx est un micro-contour d\u2019oreille haut de gamme tr\u00e8s discret. Il s\u2019agit du plus petit micro-contour propos\u00e9 par Signia. Cet appareil fonctionne\" \/>\n<meta property=\"og:url\" content=\"https:\/\/www.laboratoires-unisson.com\/fr-be\/produit\/appareils-auditifs\/signia\/pure-10-7nx\" \/>\n<meta property=\"og:site_name\" content=\"Laboratoires Unisson\" \/>\n<meta property=\"article:modified_time\" content=\"2025-12-03T09:09:14+00:00\" \/>\n<meta property=\"og:image\" content=\"https:\/\/www.laboratoires-unisson.com\/wp-content\/uploads\/2022\/05\/pure-10-7nx.jpg\" \/>\n\t<meta property=\"og:image:width\" content=\"450\" \/>\n\t<meta property=\"og:image:height\" content=\"500\" \/>\n\t<meta property=\"og:image:type\" content=\"image\/jpeg\" \/>\n<meta name=\"twitter:card\" content=\"summary_large_image\" \/>\n<meta name=\"twitter:label1\" content=\"Est. reading time\" \/>\n\t<meta name=\"twitter:data1\" content=\"2 minutes\" \/>\n<script type=\"application\/ld+json\" class=\"yoast-schema-graph\">{\"@context\":\"https:\/\/schema.org\",\"@graph\":[{\"@type\":\"WebPage\",\"@id\":\"https:\/\/www.laboratoires-unisson.com\/fr-be\/produit\/appareils-auditifs\/signia\/pure-10-7nx\",\"url\":\"https:\/\/www.laboratoires-unisson.com\/fr-be\/produit\/appareils-auditifs\/signia\/pure-10-7nx\",\"name\":\"Pure 10 7Nx - Laboratoires Unisson\",\"isPartOf\":{\"@id\":\"https:\/\/www.laboratoires-unisson.com\/fr-be#website\"},\"primaryImageOfPage\":{\"@id\":\"https:\/\/www.laboratoires-unisson.com\/fr-be\/produit\/appareils-auditifs\/signia\/pure-10-7nx#primaryimage\"},\"image\":{\"@id\":\"https:\/\/www.laboratoires-unisson.com\/fr-be\/produit\/appareils-auditifs\/signia\/pure-10-7nx#primaryimage\"},\"thumbnailUrl\":\"https:\/\/www.laboratoires-unisson.com\/wp-content\/uploads\/2022\/05\/pure-10-7nx.jpg\",\"datePublished\":\"2022-05-02T13:03:42+00:00\",\"dateModified\":\"2025-12-03T09:09:14+00:00\",\"description\":\"Pure 10 7Nx est un micro-contour d\u2019oreille haut de gamme tr\u00e8s discret. Il s\u2019agit du plus petit micro-contour propos\u00e9 par Signia. Cet appareil fonctionne\",\"breadcrumb\":{\"@id\":\"https:\/\/www.laboratoires-unisson.com\/fr-be\/produit\/appareils-auditifs\/signia\/pure-10-7nx#breadcrumb\"},\"inLanguage\":\"fr-BE\",\"potentialAction\":[{\"@type\":\"ReadAction\",\"target\":[\"https:\/\/www.laboratoires-unisson.com\/fr-be\/produit\/appareils-auditifs\/signia\/pure-10-7nx\"]}]},{\"@type\":\"ImageObject\",\"inLanguage\":\"fr-BE\",\"@id\":\"https:\/\/www.laboratoires-unisson.com\/fr-be\/produit\/appareils-auditifs\/signia\/pure-10-7nx#primaryimage\",\"url\":\"https:\/\/www.laboratoires-unisson.com\/wp-content\/uploads\/2022\/05\/pure-10-7nx.jpg\",\"contentUrl\":\"https:\/\/www.laboratoires-unisson.com\/wp-content\/uploads\/2022\/05\/pure-10-7nx.jpg\",\"width\":450,\"height\":500},{\"@type\":\"BreadcrumbList\",\"@id\":\"https:\/\/www.laboratoires-unisson.com\/fr-be\/produit\/appareils-auditifs\/signia\/pure-10-7nx#breadcrumb\",\"itemListElement\":[{\"@type\":\"ListItem\",\"position\":1,\"name\":\"Shop\",\"item\":\"https:\/\/www.laboratoires-unisson.com\/fr-be\/shop\"},{\"@type\":\"ListItem\",\"position\":2,\"name\":\"Pure 10 7Nx\"}]},{\"@type\":\"WebSite\",\"@id\":\"https:\/\/www.laboratoires-unisson.com\/fr-be#website\",\"url\":\"https:\/\/www.laboratoires-unisson.com\/fr-be\",\"name\":\"Laboratoires Unisson\",\"description\":\"Appareil auditif et proth\u00e8se auditive Moins Cher jusqu&#039;\u00e0 -40%\",\"publisher\":{\"@id\":\"https:\/\/www.laboratoires-unisson.com\/fr-be#organization\"},\"potentialAction\":[{\"@type\":\"SearchAction\",\"target\":{\"@type\":\"EntryPoint\",\"urlTemplate\":\"https:\/\/www.laboratoires-unisson.com\/fr-be?s={search_term_string}\"},\"query-input\":{\"@type\":\"PropertyValueSpecification\",\"valueRequired\":true,\"valueName\":\"search_term_string\"}}],\"inLanguage\":\"fr-BE\"},{\"@type\":\"Organization\",\"@id\":\"https:\/\/www.laboratoires-unisson.com\/fr-be#organization\",\"name\":\"Laboratoires Unisson\",\"url\":\"https:\/\/www.laboratoires-unisson.com\/fr-be\",\"logo\":{\"@type\":\"ImageObject\",\"inLanguage\":\"fr-BE\",\"@id\":\"https:\/\/www.laboratoires-unisson.com\/fr-be#\/schema\/logo\/image\/\",\"url\":\"https:\/\/www.laboratoires-unisson.com\/wp-content\/uploads\/2022\/01\/logo-unisson.svg\",\"contentUrl\":\"https:\/\/www.laboratoires-unisson.com\/wp-content\/uploads\/2022\/01\/logo-unisson.svg\",\"width\":1,\"height\":1,\"caption\":\"Laboratoires Unisson\"},\"image\":{\"@id\":\"https:\/\/www.laboratoires-unisson.com\/fr-be#\/schema\/logo\/image\/\"}}]}<\/script>\n<!-- \/ Yoast SEO plugin. -->","yoast_head_json":{"title":"Appareil auditif Signia Pure 10 7Nx \u00e0 1900\u20ac - Unisson Belgique","description":"Pure 10 7Nx est un micro-contour d\u2019oreille haut de gamme tr\u00e8s discret. Il s\u2019agit du plus petit micro-contour propos\u00e9 par Signia. Cet appareil fonctionne","robots":{"index":"index","follow":"follow","max-snippet":"max-snippet:-1","max-image-preview":"max-image-preview:large","max-video-preview":"max-video-preview:-1"},"canonical":"https:\/\/www.laboratoires-unisson.com\/fr-be\/wp-json\/wp\/v2\/product\/24682","og_locale":"fr_FR","og_type":"article","og_title":"Pure 10 7Nx - Laboratoires Unisson","og_description":"Pure 10 7Nx est un micro-contour d\u2019oreille haut de gamme tr\u00e8s discret. Il s\u2019agit du plus petit micro-contour propos\u00e9 par Signia. Cet appareil fonctionne","og_url":"https:\/\/www.laboratoires-unisson.com\/fr-be\/produit\/appareils-auditifs\/signia\/pure-10-7nx","og_site_name":"Laboratoires Unisson","article_modified_time":"2025-12-03T09:09:14+00:00","og_image":[{"width":450,"height":500,"url":"https:\/\/www.laboratoires-unisson.com\/wp-content\/uploads\/2022\/05\/pure-10-7nx.jpg","type":"image\/jpeg"}],"twitter_card":"summary_large_image","twitter_misc":{"Est. reading time":"2 minutes"},"schema":{"@context":"https:\/\/schema.org","@graph":[{"@type":"WebPage","@id":"https:\/\/www.laboratoires-unisson.com\/fr-be\/produit\/appareils-auditifs\/signia\/pure-10-7nx","url":"https:\/\/www.laboratoires-unisson.com\/fr-be\/produit\/appareils-auditifs\/signia\/pure-10-7nx","name":"Pure 10 7Nx - Laboratoires Unisson","isPartOf":{"@id":"https:\/\/www.laboratoires-unisson.com\/fr-be#website"},"primaryImageOfPage":{"@id":"https:\/\/www.laboratoires-unisson.com\/fr-be\/produit\/appareils-auditifs\/signia\/pure-10-7nx#primaryimage"},"image":{"@id":"https:\/\/www.laboratoires-unisson.com\/fr-be\/produit\/appareils-auditifs\/signia\/pure-10-7nx#primaryimage"},"thumbnailUrl":"https:\/\/www.laboratoires-unisson.com\/wp-content\/uploads\/2022\/05\/pure-10-7nx.jpg","datePublished":"2022-05-02T13:03:42+00:00","dateModified":"2025-12-03T09:09:14+00:00","description":"Pure 10 7Nx est un micro-contour d\u2019oreille haut de gamme tr\u00e8s discret. Il s\u2019agit du plus petit micro-contour propos\u00e9 par Signia. Cet appareil fonctionne","breadcrumb":{"@id":"https:\/\/www.laboratoires-unisson.com\/fr-be\/produit\/appareils-auditifs\/signia\/pure-10-7nx#breadcrumb"},"inLanguage":"fr-BE","potentialAction":[{"@type":"ReadAction","target":["https:\/\/www.laboratoires-unisson.com\/fr-be\/produit\/appareils-auditifs\/signia\/pure-10-7nx"]}]},{"@type":"ImageObject","inLanguage":"fr-BE","@id":"https:\/\/www.laboratoires-unisson.com\/fr-be\/produit\/appareils-auditifs\/signia\/pure-10-7nx#primaryimage","url":"https:\/\/www.laboratoires-unisson.com\/wp-content\/uploads\/2022\/05\/pure-10-7nx.jpg","contentUrl":"https:\/\/www.laboratoires-unisson.com\/wp-content\/uploads\/2022\/05\/pure-10-7nx.jpg","width":450,"height":500},{"@type":"BreadcrumbList","@id":"https:\/\/www.laboratoires-unisson.com\/fr-be\/produit\/appareils-auditifs\/signia\/pure-10-7nx#breadcrumb","itemListElement":[{"@type":"ListItem","position":1,"name":"Shop","item":"https:\/\/www.laboratoires-unisson.com\/fr-be\/shop"},{"@type":"ListItem","position":2,"name":"Pure 10 7Nx"}]},{"@type":"WebSite","@id":"https:\/\/www.laboratoires-unisson.com\/fr-be#website","url":"https:\/\/www.laboratoires-unisson.com\/fr-be","name":"Laboratoires Unisson","description":"Appareil auditif et proth\u00e8se auditive Moins Cher jusqu&#039;\u00e0 -40%","publisher":{"@id":"https:\/\/www.laboratoires-unisson.com\/fr-be#organization"},"potentialAction":[{"@type":"SearchAction","target":{"@type":"EntryPoint","urlTemplate":"https:\/\/www.laboratoires-unisson.com\/fr-be?s={search_term_string}"},"query-input":{"@type":"PropertyValueSpecification","valueRequired":true,"valueName":"search_term_string"}}],"inLanguage":"fr-BE"},{"@type":"Organization","@id":"https:\/\/www.laboratoires-unisson.com\/fr-be#organization","name":"Laboratoires Unisson","url":"https:\/\/www.laboratoires-unisson.com\/fr-be","logo":{"@type":"ImageObject","inLanguage":"fr-BE","@id":"https:\/\/www.laboratoires-unisson.com\/fr-be#\/schema\/logo\/image\/","url":"https:\/\/www.laboratoires-unisson.com\/wp-content\/uploads\/2022\/01\/logo-unisson.svg","contentUrl":"https:\/\/www.laboratoires-unisson.com\/wp-content\/uploads\/2022\/01\/logo-unisson.svg","width":1,"height":1,"caption":"Laboratoires Unisson"},"image":{"@id":"https:\/\/www.laboratoires-unisson.com\/fr-be#\/schema\/logo\/image\/"}}]}},"_links":{"self":[{"href":"https:\/\/www.laboratoires-unisson.com\/fr-be\/wp-json\/wp\/v2\/product\/24682","targetHints":{"allow":["GET"]}}],"collection":[{"href":"https:\/\/www.laboratoires-unisson.com\/fr-be\/wp-json\/wp\/v2\/product"}],"about":[{"href":"https:\/\/www.laboratoires-unisson.com\/fr-be\/wp-json\/wp\/v2\/types\/product"}],"wp:featuredmedia":[{"embeddable":true,"href":"https:\/\/www.laboratoires-unisson.com\/fr-be\/wp-json\/wp\/v2\/media\/19272"}],"wp:attachment":[{"href":"https:\/\/www.laboratoires-unisson.com\/fr-be\/wp-json\/wp\/v2\/media?parent=24682"}],"wp:term":[{"taxonomy":"product_brand","embeddable":true,"href":"https:\/\/www.laboratoires-unisson.com\/fr-be\/wp-json\/wp\/v2\/product_brand?post=24682"},{"taxonomy":"product_cat","embeddable":true,"href":"https:\/\/www.laboratoires-unisson.com\/fr-be\/wp-json\/wp\/v2\/product_cat?post=24682"},{"taxonomy":"product_tag","embeddable":true,"href":"https:\/\/www.laboratoires-unisson.com\/fr-be\/wp-json\/wp\/v2\/product_tag?post=24682"}],"curies":[{"name":"wp","href":"https:\/\/api.w.org\/{rel}","templated":true}]}}