{"id":24684,"date":"2022-05-02T15:03:12","date_gmt":"2022-05-02T13:03:12","guid":{"rendered":"https:\/\/www.laboratoires-unisson.com\/produit\/silk-7nx"},"modified":"2025-12-03T10:09:19","modified_gmt":"2025-12-03T09:09:19","slug":"silk-7nx","status":"publish","type":"product","link":"https:\/\/www.laboratoires-unisson.com\/fr-be\/produit\/appareils-auditifs\/signia\/silk-7nx","title":{"rendered":"Silk 7Nx"},"content":{"rendered":"<p><strong>Signia Silk 7Nx<\/strong> est une aide auditive intra-auriculaire Siemens pr\u00eate \u00e0 porter qui ne n\u00e9cessite aucune empreinte. Vous pouvez repartir avec en essai, r\u00e9gl\u00e9s sur-mesure \u00e0 votre audition le jour de votre rendez-vous chez Unisson. Sa coque est ses diff\u00e9rentes tailles de d\u00f4mes en sillicone assurent un parfait maintient dans l\u2019oreille ainsi qu\u2019un confort proche des micro-contours d\u2019oreille RIC.<\/p>\n<p>Silk 7Nx fonctionne avec la derni\u00e8re plateforme de <a href=\"https:\/\/www.laboratoires-unisson.com\/fr-be\/appareils-auditifs\/marques\/signia\">Signia<\/a> sortie fin 2017, Nx. Les intra auriculaire de la plateforme Nx se passent toutefois de fonctionnalit\u00e9s essentielles de la gamme comme \u00ab\u00a0OVP\u2122\u00a0\u00bb, \u00ab\u00a0HD Spatial\u00a0\u00bb et \u00ab\u00a03D Classifier\u00a0\u00bb qui am\u00e9liore nettement la compr\u00e9hension en milieu bruyant et l\u2019habituation aux appareils. N\u00e9anmoins, cet intra-auriculaire innovant vous permettra d\u2019appr\u00e9cier vos conversations dans les milieux bruyants, tout en vous garantissant une discr\u00e9tion maximale. Si vous recherchez des performances optimales, \u00e0 niveau de gamme \u00e9gal, nous vous conseillons plut\u00f4t les appareils de types contours d\u2019oreille comme les Pure 7Nx et les Motion 7Nx<\/p>\n<h4>Fonctionnalit\u00e9s de Silk CIC 7Nx<\/h4>\n<ul>\n<li>20 canaux de r\u00e9glage<\/li>\n<li>48 bandes de traitement du signal<\/li>\n<li>Jusqu\u2019\u00e0 6 programmes d\u2019\u00e9coute personnalis\u00e9s<\/li>\n<li>Dynamique \u00e9tendue (permet de pousser l\u2019amplification sans d\u00e9t\u00e9riorer la qualit\u00e9 sonore ni le fonctionnement de l\u2019anti-larsen)<\/li>\n<li>Bande fr\u00e9quentielle \u00e9largie \u00e0 12khz pour une meilleure clart\u00e9 sonore.<\/li>\n<li>HD Music\u00a0: programme automatique pour la musique (3 programme automatique)<\/li>\n<li>R\u00e9ducteur de bruit du vent eWindScreen<\/li>\n<li>R\u00e9ducteur de bruit (11 programmes automatiques)<\/li>\n<li>Anti-larsen<\/li>\n<li>Directivit\u00e9 binaurale OneMic (d\u00e9velopp\u00e9e sp\u00e9cialement pour les intra-auriculaires)<\/li>\n<li>CROSPhone\u2122\u00a0: \u00e9coute binaurale de vos appels t\u00e9l\u00e9phoniques (ex\u00a0: le t\u00e9l\u00e9phone est pos\u00e9 sur votre oreille droite, l\u2019appareil renvoi automatiquement le son du t\u00e9l\u00e9phone dans l\u2019oreille gauche)<\/li>\n<li>Compression fr\u00e9quentielle<\/li>\n<li>G\u00e9n\u00e9rateur de bruit blanc pour les acouph\u00e8nes<\/li>\n<\/ul>\n","protected":false},"excerpt":{"rendered":"<p>Signia Silk 7Nx est une aide auditive intra-auriculaire Siemens pr\u00eate \u00e0 porter qui ne n\u00e9cessite aucune empreinte. Vous pouvez repartir avec en essai, r\u00e9gl\u00e9s sur-mesure \u00e0 votre audition le jour de votre rendez-vous chez Unisson. Sa coque est ses diff\u00e9rentes tailles de d\u00f4mes en sillicone assurent un parfait maintient dans l\u2019oreille ainsi qu\u2019un confort proche [&hellip;]<\/p>\n","protected":false},"featured_media":19270,"template":"","meta":{"_acf_changed":false},"product_brand":[],"product_cat":[2684,2830],"product_tag":[],"class_list":{"0":"post-24684","1":"product","2":"type-product","3":"status-publish","4":"has-post-thumbnail","6":"product_cat-offre-premium-fr-be","7":"product_cat-signia-fr-be","9":"first","10":"instock","11":"taxable","12":"shipping-taxable","13":"purchasable","14":"product-type-simple"},"acf":[],"yoast_head":"<!-- This site is optimized with the Yoast SEO plugin v27.1.1 - https:\/\/yoast.com\/product\/yoast-seo-wordpress\/ -->\n<title>Appareil auditif Signia Silk 7Nx \u00e0 1900\u20ac - Unisson Belgique<\/title>\n<meta name=\"description\" content=\"Pourquoi choisir le Signia Silk 7NX ? Profitez d&#039;une solution discr\u00e8te et confortable avec cet appareil auditif. Explorez les avantages maintenant.\" \/>\n<meta name=\"robots\" content=\"index, follow, max-snippet:-1, max-image-preview:large, max-video-preview:-1\" \/>\n<link rel=\"canonical\" href=\"https:\/\/www.laboratoires-unisson.com\/fr-be\/wp-json\/wp\/v2\/product\/24684\" \/>\n<meta property=\"og:locale\" content=\"fr_FR\" \/>\n<meta property=\"og:type\" content=\"article\" \/>\n<meta property=\"og:title\" content=\"Silk 7Nx - Laboratoires Unisson\" \/>\n<meta property=\"og:description\" content=\"Pourquoi choisir le Signia Silk 7NX ? Profitez d&#039;une solution discr\u00e8te et confortable avec cet appareil auditif. Explorez les avantages maintenant.\" \/>\n<meta property=\"og:url\" content=\"https:\/\/www.laboratoires-unisson.com\/fr-be\/produit\/appareils-auditifs\/signia\/silk-7nx\" \/>\n<meta property=\"og:site_name\" content=\"Laboratoires Unisson\" \/>\n<meta property=\"article:modified_time\" content=\"2025-12-03T09:09:19+00:00\" \/>\n<meta property=\"og:image\" content=\"https:\/\/www.laboratoires-unisson.com\/wp-content\/uploads\/2022\/05\/silk-7nx.jpg\" \/>\n\t<meta property=\"og:image:width\" content=\"572\" \/>\n\t<meta property=\"og:image:height\" content=\"572\" \/>\n\t<meta property=\"og:image:type\" content=\"image\/jpeg\" \/>\n<meta name=\"twitter:card\" content=\"summary_large_image\" \/>\n<meta name=\"twitter:label1\" content=\"Est. reading time\" \/>\n\t<meta name=\"twitter:data1\" content=\"2 minutes\" \/>\n<script type=\"application\/ld+json\" class=\"yoast-schema-graph\">{\"@context\":\"https:\/\/schema.org\",\"@graph\":[{\"@type\":\"WebPage\",\"@id\":\"https:\/\/www.laboratoires-unisson.com\/fr-be\/produit\/appareils-auditifs\/signia\/silk-7nx\",\"url\":\"https:\/\/www.laboratoires-unisson.com\/fr-be\/produit\/appareils-auditifs\/signia\/silk-7nx\",\"name\":\"Silk 7Nx - Laboratoires Unisson\",\"isPartOf\":{\"@id\":\"https:\/\/www.laboratoires-unisson.com\/fr-be#website\"},\"primaryImageOfPage\":{\"@id\":\"https:\/\/www.laboratoires-unisson.com\/fr-be\/produit\/appareils-auditifs\/signia\/silk-7nx#primaryimage\"},\"image\":{\"@id\":\"https:\/\/www.laboratoires-unisson.com\/fr-be\/produit\/appareils-auditifs\/signia\/silk-7nx#primaryimage\"},\"thumbnailUrl\":\"https:\/\/www.laboratoires-unisson.com\/wp-content\/uploads\/2022\/05\/silk-7nx.jpg\",\"datePublished\":\"2022-05-02T13:03:12+00:00\",\"dateModified\":\"2025-12-03T09:09:19+00:00\",\"description\":\"Pourquoi choisir le Signia Silk 7NX ? Profitez d'une solution discr\u00e8te et confortable avec cet appareil auditif. Explorez les avantages maintenant.\",\"breadcrumb\":{\"@id\":\"https:\/\/www.laboratoires-unisson.com\/fr-be\/produit\/appareils-auditifs\/signia\/silk-7nx#breadcrumb\"},\"inLanguage\":\"fr-BE\",\"potentialAction\":[{\"@type\":\"ReadAction\",\"target\":[\"https:\/\/www.laboratoires-unisson.com\/fr-be\/produit\/appareils-auditifs\/signia\/silk-7nx\"]}]},{\"@type\":\"ImageObject\",\"inLanguage\":\"fr-BE\",\"@id\":\"https:\/\/www.laboratoires-unisson.com\/fr-be\/produit\/appareils-auditifs\/signia\/silk-7nx#primaryimage\",\"url\":\"https:\/\/www.laboratoires-unisson.com\/wp-content\/uploads\/2022\/05\/silk-7nx.jpg\",\"contentUrl\":\"https:\/\/www.laboratoires-unisson.com\/wp-content\/uploads\/2022\/05\/silk-7nx.jpg\",\"width\":572,\"height\":572},{\"@type\":\"BreadcrumbList\",\"@id\":\"https:\/\/www.laboratoires-unisson.com\/fr-be\/produit\/appareils-auditifs\/signia\/silk-7nx#breadcrumb\",\"itemListElement\":[{\"@type\":\"ListItem\",\"position\":1,\"name\":\"Shop\",\"item\":\"https:\/\/www.laboratoires-unisson.com\/fr-be\/shop\"},{\"@type\":\"ListItem\",\"position\":2,\"name\":\"Silk 7Nx\"}]},{\"@type\":\"WebSite\",\"@id\":\"https:\/\/www.laboratoires-unisson.com\/fr-be#website\",\"url\":\"https:\/\/www.laboratoires-unisson.com\/fr-be\",\"name\":\"Laboratoires Unisson\",\"description\":\"Appareil auditif et proth\u00e8se auditive Moins Cher jusqu&#039;\u00e0 -40%\",\"publisher\":{\"@id\":\"https:\/\/www.laboratoires-unisson.com\/fr-be#organization\"},\"potentialAction\":[{\"@type\":\"SearchAction\",\"target\":{\"@type\":\"EntryPoint\",\"urlTemplate\":\"https:\/\/www.laboratoires-unisson.com\/fr-be?s={search_term_string}\"},\"query-input\":{\"@type\":\"PropertyValueSpecification\",\"valueRequired\":true,\"valueName\":\"search_term_string\"}}],\"inLanguage\":\"fr-BE\"},{\"@type\":\"Organization\",\"@id\":\"https:\/\/www.laboratoires-unisson.com\/fr-be#organization\",\"name\":\"Laboratoires Unisson\",\"url\":\"https:\/\/www.laboratoires-unisson.com\/fr-be\",\"logo\":{\"@type\":\"ImageObject\",\"inLanguage\":\"fr-BE\",\"@id\":\"https:\/\/www.laboratoires-unisson.com\/fr-be#\/schema\/logo\/image\/\",\"url\":\"https:\/\/www.laboratoires-unisson.com\/wp-content\/uploads\/2022\/01\/logo-unisson.svg\",\"contentUrl\":\"https:\/\/www.laboratoires-unisson.com\/wp-content\/uploads\/2022\/01\/logo-unisson.svg\",\"width\":1,\"height\":1,\"caption\":\"Laboratoires Unisson\"},\"image\":{\"@id\":\"https:\/\/www.laboratoires-unisson.com\/fr-be#\/schema\/logo\/image\/\"}}]}<\/script>\n<!-- \/ Yoast SEO plugin. -->","yoast_head_json":{"title":"Appareil auditif Signia Silk 7Nx \u00e0 1900\u20ac - Unisson Belgique","description":"Pourquoi choisir le Signia Silk 7NX ? Profitez d'une solution discr\u00e8te et confortable avec cet appareil auditif. Explorez les avantages maintenant.","robots":{"index":"index","follow":"follow","max-snippet":"max-snippet:-1","max-image-preview":"max-image-preview:large","max-video-preview":"max-video-preview:-1"},"canonical":"https:\/\/www.laboratoires-unisson.com\/fr-be\/wp-json\/wp\/v2\/product\/24684","og_locale":"fr_FR","og_type":"article","og_title":"Silk 7Nx - Laboratoires Unisson","og_description":"Pourquoi choisir le Signia Silk 7NX ? Profitez d'une solution discr\u00e8te et confortable avec cet appareil auditif. Explorez les avantages maintenant.","og_url":"https:\/\/www.laboratoires-unisson.com\/fr-be\/produit\/appareils-auditifs\/signia\/silk-7nx","og_site_name":"Laboratoires Unisson","article_modified_time":"2025-12-03T09:09:19+00:00","og_image":[{"width":572,"height":572,"url":"https:\/\/www.laboratoires-unisson.com\/wp-content\/uploads\/2022\/05\/silk-7nx.jpg","type":"image\/jpeg"}],"twitter_card":"summary_large_image","twitter_misc":{"Est. reading time":"2 minutes"},"schema":{"@context":"https:\/\/schema.org","@graph":[{"@type":"WebPage","@id":"https:\/\/www.laboratoires-unisson.com\/fr-be\/produit\/appareils-auditifs\/signia\/silk-7nx","url":"https:\/\/www.laboratoires-unisson.com\/fr-be\/produit\/appareils-auditifs\/signia\/silk-7nx","name":"Silk 7Nx - Laboratoires Unisson","isPartOf":{"@id":"https:\/\/www.laboratoires-unisson.com\/fr-be#website"},"primaryImageOfPage":{"@id":"https:\/\/www.laboratoires-unisson.com\/fr-be\/produit\/appareils-auditifs\/signia\/silk-7nx#primaryimage"},"image":{"@id":"https:\/\/www.laboratoires-unisson.com\/fr-be\/produit\/appareils-auditifs\/signia\/silk-7nx#primaryimage"},"thumbnailUrl":"https:\/\/www.laboratoires-unisson.com\/wp-content\/uploads\/2022\/05\/silk-7nx.jpg","datePublished":"2022-05-02T13:03:12+00:00","dateModified":"2025-12-03T09:09:19+00:00","description":"Pourquoi choisir le Signia Silk 7NX ? Profitez d'une solution discr\u00e8te et confortable avec cet appareil auditif. Explorez les avantages maintenant.","breadcrumb":{"@id":"https:\/\/www.laboratoires-unisson.com\/fr-be\/produit\/appareils-auditifs\/signia\/silk-7nx#breadcrumb"},"inLanguage":"fr-BE","potentialAction":[{"@type":"ReadAction","target":["https:\/\/www.laboratoires-unisson.com\/fr-be\/produit\/appareils-auditifs\/signia\/silk-7nx"]}]},{"@type":"ImageObject","inLanguage":"fr-BE","@id":"https:\/\/www.laboratoires-unisson.com\/fr-be\/produit\/appareils-auditifs\/signia\/silk-7nx#primaryimage","url":"https:\/\/www.laboratoires-unisson.com\/wp-content\/uploads\/2022\/05\/silk-7nx.jpg","contentUrl":"https:\/\/www.laboratoires-unisson.com\/wp-content\/uploads\/2022\/05\/silk-7nx.jpg","width":572,"height":572},{"@type":"BreadcrumbList","@id":"https:\/\/www.laboratoires-unisson.com\/fr-be\/produit\/appareils-auditifs\/signia\/silk-7nx#breadcrumb","itemListElement":[{"@type":"ListItem","position":1,"name":"Shop","item":"https:\/\/www.laboratoires-unisson.com\/fr-be\/shop"},{"@type":"ListItem","position":2,"name":"Silk 7Nx"}]},{"@type":"WebSite","@id":"https:\/\/www.laboratoires-unisson.com\/fr-be#website","url":"https:\/\/www.laboratoires-unisson.com\/fr-be","name":"Laboratoires Unisson","description":"Appareil auditif et proth\u00e8se auditive Moins Cher jusqu&#039;\u00e0 -40%","publisher":{"@id":"https:\/\/www.laboratoires-unisson.com\/fr-be#organization"},"potentialAction":[{"@type":"SearchAction","target":{"@type":"EntryPoint","urlTemplate":"https:\/\/www.laboratoires-unisson.com\/fr-be?s={search_term_string}"},"query-input":{"@type":"PropertyValueSpecification","valueRequired":true,"valueName":"search_term_string"}}],"inLanguage":"fr-BE"},{"@type":"Organization","@id":"https:\/\/www.laboratoires-unisson.com\/fr-be#organization","name":"Laboratoires Unisson","url":"https:\/\/www.laboratoires-unisson.com\/fr-be","logo":{"@type":"ImageObject","inLanguage":"fr-BE","@id":"https:\/\/www.laboratoires-unisson.com\/fr-be#\/schema\/logo\/image\/","url":"https:\/\/www.laboratoires-unisson.com\/wp-content\/uploads\/2022\/01\/logo-unisson.svg","contentUrl":"https:\/\/www.laboratoires-unisson.com\/wp-content\/uploads\/2022\/01\/logo-unisson.svg","width":1,"height":1,"caption":"Laboratoires Unisson"},"image":{"@id":"https:\/\/www.laboratoires-unisson.com\/fr-be#\/schema\/logo\/image\/"}}]}},"_links":{"self":[{"href":"https:\/\/www.laboratoires-unisson.com\/fr-be\/wp-json\/wp\/v2\/product\/24684","targetHints":{"allow":["GET"]}}],"collection":[{"href":"https:\/\/www.laboratoires-unisson.com\/fr-be\/wp-json\/wp\/v2\/product"}],"about":[{"href":"https:\/\/www.laboratoires-unisson.com\/fr-be\/wp-json\/wp\/v2\/types\/product"}],"wp:featuredmedia":[{"embeddable":true,"href":"https:\/\/www.laboratoires-unisson.com\/fr-be\/wp-json\/wp\/v2\/media\/19270"}],"wp:attachment":[{"href":"https:\/\/www.laboratoires-unisson.com\/fr-be\/wp-json\/wp\/v2\/media?parent=24684"}],"wp:term":[{"taxonomy":"product_brand","embeddable":true,"href":"https:\/\/www.laboratoires-unisson.com\/fr-be\/wp-json\/wp\/v2\/product_brand?post=24684"},{"taxonomy":"product_cat","embeddable":true,"href":"https:\/\/www.laboratoires-unisson.com\/fr-be\/wp-json\/wp\/v2\/product_cat?post=24684"},{"taxonomy":"product_tag","embeddable":true,"href":"https:\/\/www.laboratoires-unisson.com\/fr-be\/wp-json\/wp\/v2\/product_tag?post=24684"}],"curies":[{"name":"wp","href":"https:\/\/api.w.org\/{rel}","templated":true}]}}