{"id":24686,"date":"2022-05-02T15:03:03","date_gmt":"2022-05-02T13:03:03","guid":{"rendered":"https:\/\/www.laboratoires-unisson.com\/produit\/styletto-connect-7nx"},"modified":"2025-12-03T10:09:20","modified_gmt":"2025-12-03T09:09:20","slug":"styletto-connect-7nx","status":"publish","type":"product","link":"https:\/\/www.laboratoires-unisson.com\/fr-be\/produit\/appareils-auditifs\/signia\/styletto-connect-7nx","title":{"rendered":"Styletto Connect 7Nx"},"content":{"rendered":"<p><strong><u>Description de l\u2019appareil auditif Styletto Connect 7Nx\u00a0:<\/u><\/strong><\/p>\n<p>Le <strong>Styletto Connect 7Nx<\/strong> est le premier <strong>SLIM RIC<\/strong> propos\u00e9 sur le march\u00e9 audioproth\u00e9tique. Il combine \u00e0 la fois le style gr\u00e2ce \u00e0 son design unique, et la performance avec une technologie de pointe offerte par sa puce\u00a0<strong>Nx<\/strong>, la plus puissante que propose <a href=\"https:\/\/www.laboratoires-unisson.com\/fr-be\/appareils-auditifs\/marques\/signia\">Signia<\/a>. Sa ligne \u00e9pur\u00e9e rappelle les \u00e9couteurs Airpod d\u2019Apple.<\/p>\n<p>Cet appareil est uniquement disponible en gamme performance.<\/p>\n<p><strong>Envie de tester l&#8217;appareil auditif Siemens Styletto Connect 7Nx ? Prenez rendez-vous directement sur notre site.<\/strong>\u00a0Vous serez re\u00e7u par l&#8217;un de nos audioproth\u00e9sistes qui conseillera une solution adapt\u00e9e \u00e0 vos besoins et \u00e0 votre audition. Si vous avez d\u00e9j\u00e0 une prescription m\u00e9dicale, vous aurez la possibilit\u00e9 d&#8217;effectuer un essai gratuit d&#8217;un mois.<\/p>\n<p style=\"text-align: center;\"><a class=\"btn btn-default btn-xs bg-green\" href=\"https:\/\/www.laboratoires-unisson.com\/fr-be\/rdv\">Prendre un rendez-vous gratuit<\/a><\/p>\n<p>&nbsp;<\/p>\n<p><strong><u>Un appareil rechargeable\u00a0:<\/u><\/strong><\/p>\n<p>Le styletto Connect 7Nx est un appareil rechargeable. Une charge compl\u00e8te permet une autonomie de 19h00 des aides auditives.<\/p>\n<p>Lorsque le bo\u00eetier est branch\u00e9, il charge \u00e0 la fois les aides auditives ainsi que la batterie du chargeur. Vous pouvez donc r\u00e9aliser des charges sans prises secteur, gr\u00e2ce \u00e0 l\u2019\u00e9nergie de la batterie qui se transf\u00e8re dans les aides auditives. Votre chargeur devient donc <strong>mobile<\/strong>. De plus le bo\u00eetier de charge est <strong>certifi\u00e9 IP68<\/strong>. C\u2019est un indice de protection contre la poussi\u00e8re, l\u2019eau et les liquides.<\/p>\n<p>&nbsp;<\/p>\n<p><strong><u>Caract\u00e9ristique de la puce 7Nx\u00a0:<\/u><\/strong><\/p>\n<p>Dot\u00e9 d\u2019une puce 7Nx le styletto vous propose\u00a0:<\/p>\n<p><strong>Une qualit\u00e9 d\u2019\u00e9coute sup\u00e9rieure<\/strong> gr\u00e2ce au traitement du signal qui s\u2019effectue sur <strong>48 bandes.<\/strong><\/p>\n<p><strong>Une meilleure finesse de r\u00e9glages<\/strong> gr\u00e2ce aux <strong>20 canaux de r\u00e9glages fr\u00e9quentiels.<\/strong><\/p>\n<p><strong>Une meilleure localisation de la parole et une meilleure spatialisation de l\u2019environnement sonore<\/strong> gr\u00e2ce \u00e0 la technologie <strong>HD Spatial<\/strong><\/p>\n<p><strong>Une reproductibilit\u00e9 plus proche de l\u2019audition d\u2019un normo entendant <\/strong>gr\u00e2ce \u00e0 la <strong>synchronisation<\/strong> <strong>binaurale e2e Ultra HD<\/strong> entre les aides auditives qui communiquent sans cesse entre elles, et la <strong>classification 3<\/strong>D de l\u2019environnement sonore (voie, sons, mouvement).<\/p>\n<p><strong>Une Facilit\u00e9 et un confort d\u2019\u00e9coute<\/strong> gr\u00e2ce \u00e0 <strong>l\u2019automatisation des appareils<\/strong>. Ils s\u2019adaptent en permanence aux changements d\u2019environnement\u00a0 que vous rencontrez au quotidien (restaurant, transport, cin\u00e9ma\u2026). Le volume et le programme de l\u2019appareil s\u2019adaptent automatiquement sans que vous ayez \u00e0 le manipuler.<\/p>\n<p><strong>Une bande fr\u00e9quentielle plus large<\/strong> (jusqu\u2019\u00e0 12000Hz), permettant la restitution d\u2019un son <strong>plus net<\/strong> et <strong>plus claire<\/strong>.<\/p>\n<p>&nbsp;<\/p>\n<p><strong><u>Entendez votre voix de fa\u00e7on naturelle avec OVP\u00a0\u2122\u00a0:<\/u><\/strong><\/p>\n<p><strong>D\u00e9couvrez l\u2019effet de la technologie OVP\u2122<\/strong> (Own Voice Processing).<strong>Elle diminue\u00a0 la r\u00e9sonnance de votre propre voix. <\/strong>Par identification, \u00a0l\u2019appareil peut traiter la parole des autres sans pour autant amplifier la v\u00f4tre.<\/p>\n<p>&nbsp;<\/p>\n<p><strong><u>Application Smartphone\u00a0:<\/u><\/strong><\/p>\n<p>La technologie UltraSon TouchControl permet de contr\u00f4ler les appareils afin de r\u00e9gler le volume ou de changer de programme.<\/p>\n<p>&nbsp;<\/p>\n<p><strong><u>Autres fonctionnalit\u00e9s\u00a0:<\/u><\/strong><\/p>\n<ul>\n<li>6 programmes manuels<\/li>\n<li>EchoShield : r\u00e9ducteur de bruit pour situation avec r\u00e9verb\u00e9ration<\/li>\n<li>\u00a0eWindScreen\u2122 : Elimine les bruitAnti larsen<\/li>\n<li>\u00a0Directivit\u00e9 binaurale<\/li>\n<li>\u00a0Spatial SpeechFocus<\/li>\n<li>\u00a0SpeechFocus, r\u00e9duction du bruit du vent<\/li>\n<li>Compression fr\u00e9quentielle<\/li>\n<li>Augmentation progressive du volume (automatique)<\/li>\n<\/ul>\n","protected":false},"excerpt":{"rendered":"<p>Description de l\u2019appareil auditif Styletto Connect 7Nx\u00a0: Le Styletto Connect 7Nx est le premier SLIM RIC propos\u00e9 sur le march\u00e9 audioproth\u00e9tique. Il combine \u00e0 la fois le style gr\u00e2ce \u00e0 son design unique, et la performance avec une technologie de pointe offerte par sa puce\u00a0Nx, la plus puissante que propose Signia. Sa ligne \u00e9pur\u00e9e rappelle [&hellip;]<\/p>\n","protected":false},"featured_media":20867,"template":"","meta":{"_acf_changed":false},"product_brand":[],"product_cat":[2684,2830],"product_tag":[],"class_list":{"0":"post-24686","1":"product","2":"type-product","3":"status-publish","4":"has-post-thumbnail","6":"product_cat-offre-premium-fr-be","7":"product_cat-signia-fr-be","9":"first","10":"instock","11":"taxable","12":"shipping-taxable","13":"purchasable","14":"product-type-simple"},"acf":[],"yoast_head":"<!-- This site is optimized with the Yoast SEO plugin v27.1.1 - https:\/\/yoast.com\/product\/yoast-seo-wordpress\/ -->\n<title>Appareil auditif Signia Styletto Connect 7Nx \u00e0 1900\u20ac - Unisson Belgique<\/title>\n<meta name=\"description\" content=\"Pourquoi choisir le Signia Styletto Connect 7NX ? Technologie auditive avanc\u00e9e et design \u00e9l\u00e9gant chez Unisson Belgique, au meilleur prix. Testez-le maintenant.\" \/>\n<meta name=\"robots\" content=\"index, follow, max-snippet:-1, max-image-preview:large, max-video-preview:-1\" \/>\n<link rel=\"canonical\" href=\"https:\/\/www.laboratoires-unisson.com\/fr-be\/wp-json\/wp\/v2\/product\/24686\" \/>\n<meta property=\"og:locale\" content=\"fr_FR\" \/>\n<meta property=\"og:type\" content=\"article\" \/>\n<meta property=\"og:title\" content=\"Styletto Connect 7Nx - Laboratoires Unisson\" \/>\n<meta property=\"og:description\" content=\"Pourquoi choisir le Signia Styletto Connect 7NX ? Technologie auditive avanc\u00e9e et design \u00e9l\u00e9gant chez Unisson Belgique, au meilleur prix. Testez-le maintenant.\" \/>\n<meta property=\"og:url\" content=\"https:\/\/www.laboratoires-unisson.com\/fr-be\/produit\/appareils-auditifs\/signia\/styletto-connect-7nx\" \/>\n<meta property=\"og:site_name\" content=\"Laboratoires Unisson\" \/>\n<meta property=\"article:modified_time\" content=\"2025-12-03T09:09:20+00:00\" \/>\n<meta property=\"og:image\" content=\"https:\/\/www.laboratoires-unisson.com\/wp-content\/uploads\/2022\/05\/Signia-Styletto-Connect-7Nx.png\" \/>\n\t<meta property=\"og:image:width\" content=\"600\" \/>\n\t<meta property=\"og:image:height\" content=\"384\" \/>\n\t<meta property=\"og:image:type\" content=\"image\/png\" \/>\n<meta name=\"twitter:card\" content=\"summary_large_image\" \/>\n<meta name=\"twitter:label1\" content=\"Est. reading time\" \/>\n\t<meta name=\"twitter:data1\" content=\"3 minutes\" \/>\n<script type=\"application\/ld+json\" class=\"yoast-schema-graph\">{\"@context\":\"https:\/\/schema.org\",\"@graph\":[{\"@type\":\"WebPage\",\"@id\":\"https:\/\/www.laboratoires-unisson.com\/fr-be\/produit\/appareils-auditifs\/signia\/styletto-connect-7nx\",\"url\":\"https:\/\/www.laboratoires-unisson.com\/fr-be\/produit\/appareils-auditifs\/signia\/styletto-connect-7nx\",\"name\":\"Styletto Connect 7Nx - Laboratoires Unisson\",\"isPartOf\":{\"@id\":\"https:\/\/www.laboratoires-unisson.com\/fr-be#website\"},\"primaryImageOfPage\":{\"@id\":\"https:\/\/www.laboratoires-unisson.com\/fr-be\/produit\/appareils-auditifs\/signia\/styletto-connect-7nx#primaryimage\"},\"image\":{\"@id\":\"https:\/\/www.laboratoires-unisson.com\/fr-be\/produit\/appareils-auditifs\/signia\/styletto-connect-7nx#primaryimage\"},\"thumbnailUrl\":\"https:\/\/www.laboratoires-unisson.com\/wp-content\/uploads\/2022\/05\/Signia-Styletto-Connect-7Nx.png\",\"datePublished\":\"2022-05-02T13:03:03+00:00\",\"dateModified\":\"2025-12-03T09:09:20+00:00\",\"description\":\"Pourquoi choisir le Signia Styletto Connect 7NX ? Technologie auditive avanc\u00e9e et design \u00e9l\u00e9gant chez Unisson Belgique, au meilleur prix. Testez-le maintenant.\",\"breadcrumb\":{\"@id\":\"https:\/\/www.laboratoires-unisson.com\/fr-be\/produit\/appareils-auditifs\/signia\/styletto-connect-7nx#breadcrumb\"},\"inLanguage\":\"fr-BE\",\"potentialAction\":[{\"@type\":\"ReadAction\",\"target\":[\"https:\/\/www.laboratoires-unisson.com\/fr-be\/produit\/appareils-auditifs\/signia\/styletto-connect-7nx\"]}]},{\"@type\":\"ImageObject\",\"inLanguage\":\"fr-BE\",\"@id\":\"https:\/\/www.laboratoires-unisson.com\/fr-be\/produit\/appareils-auditifs\/signia\/styletto-connect-7nx#primaryimage\",\"url\":\"https:\/\/www.laboratoires-unisson.com\/wp-content\/uploads\/2022\/05\/Signia-Styletto-Connect-7Nx.png\",\"contentUrl\":\"https:\/\/www.laboratoires-unisson.com\/wp-content\/uploads\/2022\/05\/Signia-Styletto-Connect-7Nx.png\",\"width\":600,\"height\":384},{\"@type\":\"BreadcrumbList\",\"@id\":\"https:\/\/www.laboratoires-unisson.com\/fr-be\/produit\/appareils-auditifs\/signia\/styletto-connect-7nx#breadcrumb\",\"itemListElement\":[{\"@type\":\"ListItem\",\"position\":1,\"name\":\"Shop\",\"item\":\"https:\/\/www.laboratoires-unisson.com\/fr-be\/shop\"},{\"@type\":\"ListItem\",\"position\":2,\"name\":\"Styletto Connect 7Nx\"}]},{\"@type\":\"WebSite\",\"@id\":\"https:\/\/www.laboratoires-unisson.com\/fr-be#website\",\"url\":\"https:\/\/www.laboratoires-unisson.com\/fr-be\",\"name\":\"Laboratoires Unisson\",\"description\":\"Appareil auditif et proth\u00e8se auditive Moins Cher jusqu&#039;\u00e0 -40%\",\"publisher\":{\"@id\":\"https:\/\/www.laboratoires-unisson.com\/fr-be#organization\"},\"potentialAction\":[{\"@type\":\"SearchAction\",\"target\":{\"@type\":\"EntryPoint\",\"urlTemplate\":\"https:\/\/www.laboratoires-unisson.com\/fr-be?s={search_term_string}\"},\"query-input\":{\"@type\":\"PropertyValueSpecification\",\"valueRequired\":true,\"valueName\":\"search_term_string\"}}],\"inLanguage\":\"fr-BE\"},{\"@type\":\"Organization\",\"@id\":\"https:\/\/www.laboratoires-unisson.com\/fr-be#organization\",\"name\":\"Laboratoires Unisson\",\"url\":\"https:\/\/www.laboratoires-unisson.com\/fr-be\",\"logo\":{\"@type\":\"ImageObject\",\"inLanguage\":\"fr-BE\",\"@id\":\"https:\/\/www.laboratoires-unisson.com\/fr-be#\/schema\/logo\/image\/\",\"url\":\"https:\/\/www.laboratoires-unisson.com\/wp-content\/uploads\/2022\/01\/logo-unisson.svg\",\"contentUrl\":\"https:\/\/www.laboratoires-unisson.com\/wp-content\/uploads\/2022\/01\/logo-unisson.svg\",\"width\":1,\"height\":1,\"caption\":\"Laboratoires Unisson\"},\"image\":{\"@id\":\"https:\/\/www.laboratoires-unisson.com\/fr-be#\/schema\/logo\/image\/\"}}]}<\/script>\n<!-- \/ Yoast SEO plugin. -->","yoast_head_json":{"title":"Appareil auditif Signia Styletto Connect 7Nx \u00e0 1900\u20ac - Unisson Belgique","description":"Pourquoi choisir le Signia Styletto Connect 7NX ? Technologie auditive avanc\u00e9e et design \u00e9l\u00e9gant chez Unisson Belgique, au meilleur prix. Testez-le maintenant.","robots":{"index":"index","follow":"follow","max-snippet":"max-snippet:-1","max-image-preview":"max-image-preview:large","max-video-preview":"max-video-preview:-1"},"canonical":"https:\/\/www.laboratoires-unisson.com\/fr-be\/wp-json\/wp\/v2\/product\/24686","og_locale":"fr_FR","og_type":"article","og_title":"Styletto Connect 7Nx - Laboratoires Unisson","og_description":"Pourquoi choisir le Signia Styletto Connect 7NX ? Technologie auditive avanc\u00e9e et design \u00e9l\u00e9gant chez Unisson Belgique, au meilleur prix. Testez-le maintenant.","og_url":"https:\/\/www.laboratoires-unisson.com\/fr-be\/produit\/appareils-auditifs\/signia\/styletto-connect-7nx","og_site_name":"Laboratoires Unisson","article_modified_time":"2025-12-03T09:09:20+00:00","og_image":[{"width":600,"height":384,"url":"https:\/\/www.laboratoires-unisson.com\/wp-content\/uploads\/2022\/05\/Signia-Styletto-Connect-7Nx.png","type":"image\/png"}],"twitter_card":"summary_large_image","twitter_misc":{"Est. reading time":"3 minutes"},"schema":{"@context":"https:\/\/schema.org","@graph":[{"@type":"WebPage","@id":"https:\/\/www.laboratoires-unisson.com\/fr-be\/produit\/appareils-auditifs\/signia\/styletto-connect-7nx","url":"https:\/\/www.laboratoires-unisson.com\/fr-be\/produit\/appareils-auditifs\/signia\/styletto-connect-7nx","name":"Styletto Connect 7Nx - Laboratoires Unisson","isPartOf":{"@id":"https:\/\/www.laboratoires-unisson.com\/fr-be#website"},"primaryImageOfPage":{"@id":"https:\/\/www.laboratoires-unisson.com\/fr-be\/produit\/appareils-auditifs\/signia\/styletto-connect-7nx#primaryimage"},"image":{"@id":"https:\/\/www.laboratoires-unisson.com\/fr-be\/produit\/appareils-auditifs\/signia\/styletto-connect-7nx#primaryimage"},"thumbnailUrl":"https:\/\/www.laboratoires-unisson.com\/wp-content\/uploads\/2022\/05\/Signia-Styletto-Connect-7Nx.png","datePublished":"2022-05-02T13:03:03+00:00","dateModified":"2025-12-03T09:09:20+00:00","description":"Pourquoi choisir le Signia Styletto Connect 7NX ? Technologie auditive avanc\u00e9e et design \u00e9l\u00e9gant chez Unisson Belgique, au meilleur prix. Testez-le maintenant.","breadcrumb":{"@id":"https:\/\/www.laboratoires-unisson.com\/fr-be\/produit\/appareils-auditifs\/signia\/styletto-connect-7nx#breadcrumb"},"inLanguage":"fr-BE","potentialAction":[{"@type":"ReadAction","target":["https:\/\/www.laboratoires-unisson.com\/fr-be\/produit\/appareils-auditifs\/signia\/styletto-connect-7nx"]}]},{"@type":"ImageObject","inLanguage":"fr-BE","@id":"https:\/\/www.laboratoires-unisson.com\/fr-be\/produit\/appareils-auditifs\/signia\/styletto-connect-7nx#primaryimage","url":"https:\/\/www.laboratoires-unisson.com\/wp-content\/uploads\/2022\/05\/Signia-Styletto-Connect-7Nx.png","contentUrl":"https:\/\/www.laboratoires-unisson.com\/wp-content\/uploads\/2022\/05\/Signia-Styletto-Connect-7Nx.png","width":600,"height":384},{"@type":"BreadcrumbList","@id":"https:\/\/www.laboratoires-unisson.com\/fr-be\/produit\/appareils-auditifs\/signia\/styletto-connect-7nx#breadcrumb","itemListElement":[{"@type":"ListItem","position":1,"name":"Shop","item":"https:\/\/www.laboratoires-unisson.com\/fr-be\/shop"},{"@type":"ListItem","position":2,"name":"Styletto Connect 7Nx"}]},{"@type":"WebSite","@id":"https:\/\/www.laboratoires-unisson.com\/fr-be#website","url":"https:\/\/www.laboratoires-unisson.com\/fr-be","name":"Laboratoires Unisson","description":"Appareil auditif et proth\u00e8se auditive Moins Cher jusqu&#039;\u00e0 -40%","publisher":{"@id":"https:\/\/www.laboratoires-unisson.com\/fr-be#organization"},"potentialAction":[{"@type":"SearchAction","target":{"@type":"EntryPoint","urlTemplate":"https:\/\/www.laboratoires-unisson.com\/fr-be?s={search_term_string}"},"query-input":{"@type":"PropertyValueSpecification","valueRequired":true,"valueName":"search_term_string"}}],"inLanguage":"fr-BE"},{"@type":"Organization","@id":"https:\/\/www.laboratoires-unisson.com\/fr-be#organization","name":"Laboratoires Unisson","url":"https:\/\/www.laboratoires-unisson.com\/fr-be","logo":{"@type":"ImageObject","inLanguage":"fr-BE","@id":"https:\/\/www.laboratoires-unisson.com\/fr-be#\/schema\/logo\/image\/","url":"https:\/\/www.laboratoires-unisson.com\/wp-content\/uploads\/2022\/01\/logo-unisson.svg","contentUrl":"https:\/\/www.laboratoires-unisson.com\/wp-content\/uploads\/2022\/01\/logo-unisson.svg","width":1,"height":1,"caption":"Laboratoires Unisson"},"image":{"@id":"https:\/\/www.laboratoires-unisson.com\/fr-be#\/schema\/logo\/image\/"}}]}},"_links":{"self":[{"href":"https:\/\/www.laboratoires-unisson.com\/fr-be\/wp-json\/wp\/v2\/product\/24686","targetHints":{"allow":["GET"]}}],"collection":[{"href":"https:\/\/www.laboratoires-unisson.com\/fr-be\/wp-json\/wp\/v2\/product"}],"about":[{"href":"https:\/\/www.laboratoires-unisson.com\/fr-be\/wp-json\/wp\/v2\/types\/product"}],"wp:featuredmedia":[{"embeddable":true,"href":"https:\/\/www.laboratoires-unisson.com\/fr-be\/wp-json\/wp\/v2\/media\/20867"}],"wp:attachment":[{"href":"https:\/\/www.laboratoires-unisson.com\/fr-be\/wp-json\/wp\/v2\/media?parent=24686"}],"wp:term":[{"taxonomy":"product_brand","embeddable":true,"href":"https:\/\/www.laboratoires-unisson.com\/fr-be\/wp-json\/wp\/v2\/product_brand?post=24686"},{"taxonomy":"product_cat","embeddable":true,"href":"https:\/\/www.laboratoires-unisson.com\/fr-be\/wp-json\/wp\/v2\/product_cat?post=24686"},{"taxonomy":"product_tag","embeddable":true,"href":"https:\/\/www.laboratoires-unisson.com\/fr-be\/wp-json\/wp\/v2\/product_tag?post=24686"}],"curies":[{"name":"wp","href":"https:\/\/api.w.org\/{rel}","templated":true}]}}