{"id":24688,"date":"2022-05-02T15:02:03","date_gmt":"2022-05-02T13:02:03","guid":{"rendered":"https:\/\/www.laboratoires-unisson.com\/produit\/pure-charge-go-5x"},"modified":"2025-12-03T10:09:21","modified_gmt":"2025-12-03T09:09:21","slug":"pure-charge-go-5x","status":"publish","type":"product","link":"https:\/\/www.laboratoires-unisson.com\/fr-be\/produit\/appareils-auditifs\/signia\/pure-charge-go-5x","title":{"rendered":"Pure Charge &#038; Go 5X"},"content":{"rendered":"<p>Le nouvel appareil auditif Pure Charge &amp; Go 5X\u00a0de Signia (solutions auditives de la marque Siemens) est le <strong>RIC rechargeable par excellence<\/strong> et propose une technologie r\u00e9volutionnaire <strong>YourSound<\/strong>, <strong>premiers capteurs de mouvements acoustiques, qui s\u2019adapte aux mouvements du porteur d\u2019aides auditives.<\/strong><\/p>\n<p>Il int\u00e8gre toutes les fonctionnalit\u00e9s de la technologie Signia Xperience\u00a0: <strong>technologie Li-ion<\/strong> <em>(comptez 3 \u00e0 4h pour une charge compl\u00e8te de votre appareil auditif)<\/em>, <strong>connectivit\u00e9 Bluetooth<\/strong> derni\u00e8re g\u00e9n\u00e9ration.<\/p>\n<p>La nouvelle gamme Pure Charge &amp; Go X de Signia est <strong>adapt\u00e9e \u00e0 tout type de perte auditive<\/strong> (l\u00e9g\u00e8re, s\u00e9v\u00e8re ou profonde) et est la<strong> plus petite rechargeable du march\u00e9<\/strong>.<\/p>\n<p>Gr\u00e2ce \u00e0 sa technologie <strong>OVP\u2122 <\/strong>(Own Voice Processing) <strong>de reconnaissance vocale diff\u00e9renci\u00e9e<\/strong>, apporte une perception naturelle de sa propre voix associ\u00e9e \u00e0 une intelligibilit\u00e9 optimale de l\u2019environnement sonore pour un confort unique.<\/p>\n<p>Le Pure Charge &amp; Go 5X\u00a0est <strong>disponible en 10 couleurs<\/strong>.<\/p>\n<p><strong>Envie de tester l&#8217;appareil auditif Signia Pure Charge &amp; Go 5X\u00a0? Prenez rendez-vous directement sur notre site.<\/strong>\u00a0Vous serez re\u00e7u par l&#8217;un de nos audioproth\u00e9sistes qui conseillera une solution adapt\u00e9e \u00e0 vos besoins et \u00e0 votre audition. Si vous avez d\u00e9j\u00e0 une prescription m\u00e9dicale, vous aurez la possibilit\u00e9 d&#8217;effectuer un essai gratuit d&#8217;un mois.<\/p>\n<h4><strong>Fonctionnalit\u00e9s du Pure Charge &amp; Go 5X<\/strong><\/h4>\n<ul>\n<li>YourSound : capteurs de mouvements int\u00e9gr\u00e9s<\/li>\n<li>OVP\u2122 (Own Voice Processing) : reconnaissance en temps r\u00e9el de la voix de l\u2019utilisateur pour d\u00e9livrer une perception naturelle de sa propre voix<\/li>\n<li>16 canaux de r\u00e9glage du gain \/ 32 bandes de traitement du signal<\/li>\n<li>6 programmes manuels<\/li>\n<li>eWindScreen : \u00e9limination des bruits du vent<\/li>\n<li>Speech and Noise &amp; Soundsmoothing pour la r\u00e9duction du bruit<\/li>\n<li>Programme t\u00e9l\u00e9phone binaural (Twinphone)<\/li>\n<li>SpeechFocus<\/li>\n<li>Spatial SpeechFocus<\/li>\n<li>Connectivit\u00e9 Bluetooth<\/li>\n<li>Streaming audio direct (iPhone)<\/li>\n<li>R\u00e9glages \u00e0 distance (Telecare)<\/li>\n<li>Application mobile Signia App<\/li>\n<\/ul>\n","protected":false},"excerpt":{"rendered":"<p>Le nouvel appareil auditif Pure Charge &amp; Go 5X\u00a0de Signia (solutions auditives de la marque Siemens) est le RIC rechargeable par excellence et propose une technologie r\u00e9volutionnaire YourSound, premiers capteurs de mouvements acoustiques, qui s\u2019adapte aux mouvements du porteur d\u2019aides auditives. Il int\u00e8gre toutes les fonctionnalit\u00e9s de la technologie Signia Xperience\u00a0: technologie Li-ion (comptez 3 [&hellip;]<\/p>\n","protected":false},"featured_media":19264,"template":"","meta":{"_acf_changed":false},"product_brand":[],"product_cat":[2830],"product_tag":[],"class_list":{"0":"post-24688","1":"product","2":"type-product","3":"status-publish","4":"has-post-thumbnail","6":"product_cat-signia-fr-be","8":"first","9":"instock","10":"taxable","11":"shipping-taxable","12":"purchasable","13":"product-type-simple"},"acf":[],"yoast_head":"<!-- This site is optimized with the Yoast SEO plugin v27.1.1 - https:\/\/yoast.com\/product\/yoast-seo-wordpress\/ -->\n<title>Appareil auditif Signia Pure Charge &amp; Go 5X \u00e0 1650\u20ac - Unisson Belgique<\/title>\n<meta name=\"description\" content=\"Comment am\u00e9liorer votre audition avec Signia Pure Charge&amp;Go 5X ? D\u00e9couvrez cet appareil auditif rechargeable pour une exp\u00e9rience sonore exceptionnelle.\" \/>\n<meta name=\"robots\" content=\"index, follow, max-snippet:-1, max-image-preview:large, max-video-preview:-1\" \/>\n<link rel=\"canonical\" href=\"https:\/\/www.laboratoires-unisson.com\/fr-be\/wp-json\/wp\/v2\/product\/24688\" \/>\n<meta property=\"og:locale\" content=\"fr_FR\" \/>\n<meta property=\"og:type\" content=\"article\" \/>\n<meta property=\"og:title\" content=\"Pure Charge &amp; Go 5X - Laboratoires Unisson\" \/>\n<meta property=\"og:description\" content=\"Comment am\u00e9liorer votre audition avec Signia Pure Charge&amp;Go 5X ? D\u00e9couvrez cet appareil auditif rechargeable pour une exp\u00e9rience sonore exceptionnelle.\" \/>\n<meta property=\"og:url\" content=\"https:\/\/www.laboratoires-unisson.com\/fr-be\/produit\/appareils-auditifs\/signia\/pure-charge-go-5x\" \/>\n<meta property=\"og:site_name\" content=\"Laboratoires Unisson\" \/>\n<meta property=\"article:modified_time\" content=\"2025-12-03T09:09:21+00:00\" \/>\n<meta property=\"og:image\" content=\"https:\/\/www.laboratoires-unisson.com\/wp-content\/uploads\/2022\/05\/pure-charge-go-5x.jpg\" \/>\n\t<meta property=\"og:image:width\" content=\"450\" \/>\n\t<meta property=\"og:image:height\" content=\"500\" \/>\n\t<meta property=\"og:image:type\" content=\"image\/jpeg\" \/>\n<meta name=\"twitter:card\" content=\"summary_large_image\" \/>\n<meta name=\"twitter:label1\" content=\"Est. reading time\" \/>\n\t<meta name=\"twitter:data1\" content=\"2 minutes\" \/>\n<script type=\"application\/ld+json\" class=\"yoast-schema-graph\">{\"@context\":\"https:\/\/schema.org\",\"@graph\":[{\"@type\":\"WebPage\",\"@id\":\"https:\/\/www.laboratoires-unisson.com\/fr-be\/produit\/appareils-auditifs\/signia\/pure-charge-go-5x\",\"url\":\"https:\/\/www.laboratoires-unisson.com\/fr-be\/produit\/appareils-auditifs\/signia\/pure-charge-go-5x\",\"name\":\"Pure Charge & Go 5X - Laboratoires Unisson\",\"isPartOf\":{\"@id\":\"https:\/\/www.laboratoires-unisson.com\/fr-be#website\"},\"primaryImageOfPage\":{\"@id\":\"https:\/\/www.laboratoires-unisson.com\/fr-be\/produit\/appareils-auditifs\/signia\/pure-charge-go-5x#primaryimage\"},\"image\":{\"@id\":\"https:\/\/www.laboratoires-unisson.com\/fr-be\/produit\/appareils-auditifs\/signia\/pure-charge-go-5x#primaryimage\"},\"thumbnailUrl\":\"https:\/\/www.laboratoires-unisson.com\/wp-content\/uploads\/2022\/05\/pure-charge-go-5x.jpg\",\"datePublished\":\"2022-05-02T13:02:03+00:00\",\"dateModified\":\"2025-12-03T09:09:21+00:00\",\"description\":\"Comment am\u00e9liorer votre audition avec Signia Pure Charge&Go 5X ? D\u00e9couvrez cet appareil auditif rechargeable pour une exp\u00e9rience sonore exceptionnelle.\",\"breadcrumb\":{\"@id\":\"https:\/\/www.laboratoires-unisson.com\/fr-be\/produit\/appareils-auditifs\/signia\/pure-charge-go-5x#breadcrumb\"},\"inLanguage\":\"fr-BE\",\"potentialAction\":[{\"@type\":\"ReadAction\",\"target\":[\"https:\/\/www.laboratoires-unisson.com\/fr-be\/produit\/appareils-auditifs\/signia\/pure-charge-go-5x\"]}]},{\"@type\":\"ImageObject\",\"inLanguage\":\"fr-BE\",\"@id\":\"https:\/\/www.laboratoires-unisson.com\/fr-be\/produit\/appareils-auditifs\/signia\/pure-charge-go-5x#primaryimage\",\"url\":\"https:\/\/www.laboratoires-unisson.com\/wp-content\/uploads\/2022\/05\/pure-charge-go-5x.jpg\",\"contentUrl\":\"https:\/\/www.laboratoires-unisson.com\/wp-content\/uploads\/2022\/05\/pure-charge-go-5x.jpg\",\"width\":450,\"height\":500},{\"@type\":\"BreadcrumbList\",\"@id\":\"https:\/\/www.laboratoires-unisson.com\/fr-be\/produit\/appareils-auditifs\/signia\/pure-charge-go-5x#breadcrumb\",\"itemListElement\":[{\"@type\":\"ListItem\",\"position\":1,\"name\":\"Shop\",\"item\":\"https:\/\/www.laboratoires-unisson.com\/fr-be\/shop\"},{\"@type\":\"ListItem\",\"position\":2,\"name\":\"Pure Charge &#038; Go 5X\"}]},{\"@type\":\"WebSite\",\"@id\":\"https:\/\/www.laboratoires-unisson.com\/fr-be#website\",\"url\":\"https:\/\/www.laboratoires-unisson.com\/fr-be\",\"name\":\"Laboratoires Unisson\",\"description\":\"Appareil auditif et proth\u00e8se auditive Moins Cher jusqu&#039;\u00e0 -40%\",\"publisher\":{\"@id\":\"https:\/\/www.laboratoires-unisson.com\/fr-be#organization\"},\"potentialAction\":[{\"@type\":\"SearchAction\",\"target\":{\"@type\":\"EntryPoint\",\"urlTemplate\":\"https:\/\/www.laboratoires-unisson.com\/fr-be?s={search_term_string}\"},\"query-input\":{\"@type\":\"PropertyValueSpecification\",\"valueRequired\":true,\"valueName\":\"search_term_string\"}}],\"inLanguage\":\"fr-BE\"},{\"@type\":\"Organization\",\"@id\":\"https:\/\/www.laboratoires-unisson.com\/fr-be#organization\",\"name\":\"Laboratoires Unisson\",\"url\":\"https:\/\/www.laboratoires-unisson.com\/fr-be\",\"logo\":{\"@type\":\"ImageObject\",\"inLanguage\":\"fr-BE\",\"@id\":\"https:\/\/www.laboratoires-unisson.com\/fr-be#\/schema\/logo\/image\/\",\"url\":\"https:\/\/www.laboratoires-unisson.com\/wp-content\/uploads\/2022\/01\/logo-unisson.svg\",\"contentUrl\":\"https:\/\/www.laboratoires-unisson.com\/wp-content\/uploads\/2022\/01\/logo-unisson.svg\",\"width\":1,\"height\":1,\"caption\":\"Laboratoires Unisson\"},\"image\":{\"@id\":\"https:\/\/www.laboratoires-unisson.com\/fr-be#\/schema\/logo\/image\/\"}}]}<\/script>\n<!-- \/ Yoast SEO plugin. -->","yoast_head_json":{"title":"Appareil auditif Signia Pure Charge & Go 5X \u00e0 1650\u20ac - Unisson Belgique","description":"Comment am\u00e9liorer votre audition avec Signia Pure Charge&Go 5X ? D\u00e9couvrez cet appareil auditif rechargeable pour une exp\u00e9rience sonore exceptionnelle.","robots":{"index":"index","follow":"follow","max-snippet":"max-snippet:-1","max-image-preview":"max-image-preview:large","max-video-preview":"max-video-preview:-1"},"canonical":"https:\/\/www.laboratoires-unisson.com\/fr-be\/wp-json\/wp\/v2\/product\/24688","og_locale":"fr_FR","og_type":"article","og_title":"Pure Charge & Go 5X - Laboratoires Unisson","og_description":"Comment am\u00e9liorer votre audition avec Signia Pure Charge&Go 5X ? D\u00e9couvrez cet appareil auditif rechargeable pour une exp\u00e9rience sonore exceptionnelle.","og_url":"https:\/\/www.laboratoires-unisson.com\/fr-be\/produit\/appareils-auditifs\/signia\/pure-charge-go-5x","og_site_name":"Laboratoires Unisson","article_modified_time":"2025-12-03T09:09:21+00:00","og_image":[{"width":450,"height":500,"url":"https:\/\/www.laboratoires-unisson.com\/wp-content\/uploads\/2022\/05\/pure-charge-go-5x.jpg","type":"image\/jpeg"}],"twitter_card":"summary_large_image","twitter_misc":{"Est. reading time":"2 minutes"},"schema":{"@context":"https:\/\/schema.org","@graph":[{"@type":"WebPage","@id":"https:\/\/www.laboratoires-unisson.com\/fr-be\/produit\/appareils-auditifs\/signia\/pure-charge-go-5x","url":"https:\/\/www.laboratoires-unisson.com\/fr-be\/produit\/appareils-auditifs\/signia\/pure-charge-go-5x","name":"Pure Charge & Go 5X - Laboratoires Unisson","isPartOf":{"@id":"https:\/\/www.laboratoires-unisson.com\/fr-be#website"},"primaryImageOfPage":{"@id":"https:\/\/www.laboratoires-unisson.com\/fr-be\/produit\/appareils-auditifs\/signia\/pure-charge-go-5x#primaryimage"},"image":{"@id":"https:\/\/www.laboratoires-unisson.com\/fr-be\/produit\/appareils-auditifs\/signia\/pure-charge-go-5x#primaryimage"},"thumbnailUrl":"https:\/\/www.laboratoires-unisson.com\/wp-content\/uploads\/2022\/05\/pure-charge-go-5x.jpg","datePublished":"2022-05-02T13:02:03+00:00","dateModified":"2025-12-03T09:09:21+00:00","description":"Comment am\u00e9liorer votre audition avec Signia Pure Charge&Go 5X ? D\u00e9couvrez cet appareil auditif rechargeable pour une exp\u00e9rience sonore exceptionnelle.","breadcrumb":{"@id":"https:\/\/www.laboratoires-unisson.com\/fr-be\/produit\/appareils-auditifs\/signia\/pure-charge-go-5x#breadcrumb"},"inLanguage":"fr-BE","potentialAction":[{"@type":"ReadAction","target":["https:\/\/www.laboratoires-unisson.com\/fr-be\/produit\/appareils-auditifs\/signia\/pure-charge-go-5x"]}]},{"@type":"ImageObject","inLanguage":"fr-BE","@id":"https:\/\/www.laboratoires-unisson.com\/fr-be\/produit\/appareils-auditifs\/signia\/pure-charge-go-5x#primaryimage","url":"https:\/\/www.laboratoires-unisson.com\/wp-content\/uploads\/2022\/05\/pure-charge-go-5x.jpg","contentUrl":"https:\/\/www.laboratoires-unisson.com\/wp-content\/uploads\/2022\/05\/pure-charge-go-5x.jpg","width":450,"height":500},{"@type":"BreadcrumbList","@id":"https:\/\/www.laboratoires-unisson.com\/fr-be\/produit\/appareils-auditifs\/signia\/pure-charge-go-5x#breadcrumb","itemListElement":[{"@type":"ListItem","position":1,"name":"Shop","item":"https:\/\/www.laboratoires-unisson.com\/fr-be\/shop"},{"@type":"ListItem","position":2,"name":"Pure Charge &#038; Go 5X"}]},{"@type":"WebSite","@id":"https:\/\/www.laboratoires-unisson.com\/fr-be#website","url":"https:\/\/www.laboratoires-unisson.com\/fr-be","name":"Laboratoires Unisson","description":"Appareil auditif et proth\u00e8se auditive Moins Cher jusqu&#039;\u00e0 -40%","publisher":{"@id":"https:\/\/www.laboratoires-unisson.com\/fr-be#organization"},"potentialAction":[{"@type":"SearchAction","target":{"@type":"EntryPoint","urlTemplate":"https:\/\/www.laboratoires-unisson.com\/fr-be?s={search_term_string}"},"query-input":{"@type":"PropertyValueSpecification","valueRequired":true,"valueName":"search_term_string"}}],"inLanguage":"fr-BE"},{"@type":"Organization","@id":"https:\/\/www.laboratoires-unisson.com\/fr-be#organization","name":"Laboratoires Unisson","url":"https:\/\/www.laboratoires-unisson.com\/fr-be","logo":{"@type":"ImageObject","inLanguage":"fr-BE","@id":"https:\/\/www.laboratoires-unisson.com\/fr-be#\/schema\/logo\/image\/","url":"https:\/\/www.laboratoires-unisson.com\/wp-content\/uploads\/2022\/01\/logo-unisson.svg","contentUrl":"https:\/\/www.laboratoires-unisson.com\/wp-content\/uploads\/2022\/01\/logo-unisson.svg","width":1,"height":1,"caption":"Laboratoires Unisson"},"image":{"@id":"https:\/\/www.laboratoires-unisson.com\/fr-be#\/schema\/logo\/image\/"}}]}},"_links":{"self":[{"href":"https:\/\/www.laboratoires-unisson.com\/fr-be\/wp-json\/wp\/v2\/product\/24688","targetHints":{"allow":["GET"]}}],"collection":[{"href":"https:\/\/www.laboratoires-unisson.com\/fr-be\/wp-json\/wp\/v2\/product"}],"about":[{"href":"https:\/\/www.laboratoires-unisson.com\/fr-be\/wp-json\/wp\/v2\/types\/product"}],"wp:featuredmedia":[{"embeddable":true,"href":"https:\/\/www.laboratoires-unisson.com\/fr-be\/wp-json\/wp\/v2\/media\/19264"}],"wp:attachment":[{"href":"https:\/\/www.laboratoires-unisson.com\/fr-be\/wp-json\/wp\/v2\/media?parent=24688"}],"wp:term":[{"taxonomy":"product_brand","embeddable":true,"href":"https:\/\/www.laboratoires-unisson.com\/fr-be\/wp-json\/wp\/v2\/product_brand?post=24688"},{"taxonomy":"product_cat","embeddable":true,"href":"https:\/\/www.laboratoires-unisson.com\/fr-be\/wp-json\/wp\/v2\/product_cat?post=24688"},{"taxonomy":"product_tag","embeddable":true,"href":"https:\/\/www.laboratoires-unisson.com\/fr-be\/wp-json\/wp\/v2\/product_tag?post=24688"}],"curies":[{"name":"wp","href":"https:\/\/api.w.org\/{rel}","templated":true}]}}