{"id":24689,"date":"2022-05-02T15:02:01","date_gmt":"2022-05-02T13:02:01","guid":{"rendered":"https:\/\/www.laboratoires-unisson.com\/produit\/silk-5x"},"modified":"2025-12-03T10:09:21","modified_gmt":"2025-12-03T09:09:21","slug":"silk-5x","status":"publish","type":"product","link":"https:\/\/www.laboratoires-unisson.com\/fr-be\/produit\/appareils-auditifs\/signia\/silk-5x","title":{"rendered":"Silk 5X"},"content":{"rendered":"<p>L&#8217;appareil auditif Silk 5X, lanc\u00e9 en 2020, int\u00e8gre la <strong>nouvelle puce Xperience<\/strong> et offre ainsi une technologie de pointe.<\/p>\n<h4>Pr\u00e9sentation de l&#8217;aide auditive Silk 5X CIC de Signia<\/h4>\n<p>Cette aide auditive est un mod\u00e8le <strong>intra-auriculaire<\/strong> <em>(quasi invisible)<\/em> et fonctionne avec des <strong>piles auditives 10<\/strong>. L\u00e9g\u00e8rement moins performant que le mod\u00e8le haut de gamme, le Silk 5X dispose n\u00e9anmoins de <strong>32 canaux fr\u00e9quentiels<\/strong> et <strong>16 curseurs de Gain&amp;MPO<\/strong>.<\/p>\n<h4>Les technologies du Silk 5X CIC<\/h4>\n<p><u>Directivit\u00e9 Binaurale OneMic<\/u> : votre confort d&#8217;\u00e9coute est am\u00e9lior\u00e9e gr\u00e2ce \u00e0 l&#8217;\u00e9coute directionnelle dans les environnements bruyants.<\/p>\n<p><u>Anti-Larsen<\/u> : suppression des sifflements g\u00eanants<\/p>\n<p><u>Anti Acouph\u00e8nes<\/u> : g\u00e9n\u00e9rateur de bruits masqueurs d&#8217;acouph\u00e8nes<\/p>\n<p><u>Syst\u00e8me CROS<\/u> : \u00e9change simultan\u00e9e du son d&#8217;une oreille \u00e0 l&#8217;autre<\/p>\n<h4>Connectivit\u00e9 et accessoires des appareils auditifs Silk 5X CIC Signia<\/h4>\n<p>Contr\u00f4lez \u00e0 distance vos aides auditives gr\u00e2ce \u00e0 l&#8217;<strong>application mobile Signia App<\/strong> : r\u00e9glages du volume et de vos programmes d&#8217;\u00e9coute, r\u00e9glages de la directivit\u00e9 microphonique, TeleCare&#8230; Si vous pr\u00e9f\u00e9rez contr\u00f4ler vos aides \u00e0 l&#8217;aide d&#8217;une t\u00e9l\u00e9commande, vous pouvez opter pour la MiniPocket.<\/p>\n<h4>Fonctionnalit\u00e9s du Silk 5X CIC<\/h4>\n<ul>\n<li>Directivit\u00e9 binaurale OneMic<\/li>\n<li>Syst\u00e8me CROS\/BiCROS<\/li>\n<li>Anti Larsen<\/li>\n<li>Anti Acouph\u00e8nes<\/li>\n<li>EWindScreen<\/li>\n<li>32 canaux fr\u00e9quentiels<\/li>\n<li>6 programmes d&#8217;\u00e9coute<\/li>\n<li>Piles auditives 10<\/li>\n<li>Application mobile Signia App<\/li>\n<li>TeleCare<\/li>\n<\/ul>\n","protected":false},"excerpt":{"rendered":"<p>L&#8217;appareil auditif Silk 5X, lanc\u00e9 en 2020, int\u00e8gre la nouvelle puce Xperience et offre ainsi une technologie de pointe. Pr\u00e9sentation de l&#8217;aide auditive Silk 5X CIC de Signia Cette aide auditive est un mod\u00e8le intra-auriculaire (quasi invisible) et fonctionne avec des piles auditives 10. L\u00e9g\u00e8rement moins performant que le mod\u00e8le haut de gamme, le Silk [&hellip;]<\/p>\n","protected":false},"featured_media":19263,"template":"","meta":{"_acf_changed":false},"product_brand":[],"product_cat":[2830],"product_tag":[],"class_list":{"0":"post-24689","1":"product","2":"type-product","3":"status-publish","4":"has-post-thumbnail","6":"product_cat-signia-fr-be","8":"first","9":"instock","10":"taxable","11":"shipping-taxable","12":"purchasable","13":"product-type-simple"},"acf":[],"yoast_head":"<!-- This site is optimized with the Yoast SEO plugin v27.1.1 - https:\/\/yoast.com\/product\/yoast-seo-wordpress\/ -->\n<title>Appareil auditif Signia Silk 5X \u00e0 1650\u20ac - Unisson Belgique<\/title>\n<meta name=\"description\" content=\"L&#039;appareil auditif Silk 5X, lanc\u00e9 en 2020, int\u00e8gre la nouvelle puce Xperience et offre ainsi une technologie de pointe. Pr\u00e9sentation de l&#039;aide auditive\" \/>\n<meta name=\"robots\" content=\"index, follow, max-snippet:-1, max-image-preview:large, max-video-preview:-1\" \/>\n<link rel=\"canonical\" href=\"https:\/\/www.laboratoires-unisson.com\/fr-be\/wp-json\/wp\/v2\/product\/24689\" \/>\n<meta property=\"og:locale\" content=\"fr_FR\" \/>\n<meta property=\"og:type\" content=\"article\" \/>\n<meta property=\"og:title\" content=\"Silk 5X - Laboratoires Unisson\" \/>\n<meta property=\"og:description\" content=\"L&#039;appareil auditif Silk 5X, lanc\u00e9 en 2020, int\u00e8gre la nouvelle puce Xperience et offre ainsi une technologie de pointe. Pr\u00e9sentation de l&#039;aide auditive\" \/>\n<meta property=\"og:url\" content=\"https:\/\/www.laboratoires-unisson.com\/fr-be\/produit\/appareils-auditifs\/signia\/silk-5x\" \/>\n<meta property=\"og:site_name\" content=\"Laboratoires Unisson\" \/>\n<meta property=\"article:modified_time\" content=\"2025-12-03T09:09:21+00:00\" \/>\n<meta property=\"og:image\" content=\"https:\/\/www.laboratoires-unisson.com\/wp-content\/uploads\/2022\/05\/silk-5x.jpg\" \/>\n\t<meta property=\"og:image:width\" content=\"572\" \/>\n\t<meta property=\"og:image:height\" content=\"572\" \/>\n\t<meta property=\"og:image:type\" content=\"image\/jpeg\" \/>\n<meta name=\"twitter:card\" content=\"summary_large_image\" \/>\n<meta name=\"twitter:label1\" content=\"Est. reading time\" \/>\n\t<meta name=\"twitter:data1\" content=\"2 minutes\" \/>\n<script type=\"application\/ld+json\" class=\"yoast-schema-graph\">{\"@context\":\"https:\/\/schema.org\",\"@graph\":[{\"@type\":\"WebPage\",\"@id\":\"https:\/\/www.laboratoires-unisson.com\/fr-be\/produit\/appareils-auditifs\/signia\/silk-5x\",\"url\":\"https:\/\/www.laboratoires-unisson.com\/fr-be\/produit\/appareils-auditifs\/signia\/silk-5x\",\"name\":\"Silk 5X - Laboratoires Unisson\",\"isPartOf\":{\"@id\":\"https:\/\/www.laboratoires-unisson.com\/fr-be#website\"},\"primaryImageOfPage\":{\"@id\":\"https:\/\/www.laboratoires-unisson.com\/fr-be\/produit\/appareils-auditifs\/signia\/silk-5x#primaryimage\"},\"image\":{\"@id\":\"https:\/\/www.laboratoires-unisson.com\/fr-be\/produit\/appareils-auditifs\/signia\/silk-5x#primaryimage\"},\"thumbnailUrl\":\"https:\/\/www.laboratoires-unisson.com\/wp-content\/uploads\/2022\/05\/silk-5x.jpg\",\"datePublished\":\"2022-05-02T13:02:01+00:00\",\"dateModified\":\"2025-12-03T09:09:21+00:00\",\"description\":\"L'appareil auditif Silk 5X, lanc\u00e9 en 2020, int\u00e8gre la nouvelle puce Xperience et offre ainsi une technologie de pointe. Pr\u00e9sentation de l'aide auditive\",\"breadcrumb\":{\"@id\":\"https:\/\/www.laboratoires-unisson.com\/fr-be\/produit\/appareils-auditifs\/signia\/silk-5x#breadcrumb\"},\"inLanguage\":\"fr-BE\",\"potentialAction\":[{\"@type\":\"ReadAction\",\"target\":[\"https:\/\/www.laboratoires-unisson.com\/fr-be\/produit\/appareils-auditifs\/signia\/silk-5x\"]}]},{\"@type\":\"ImageObject\",\"inLanguage\":\"fr-BE\",\"@id\":\"https:\/\/www.laboratoires-unisson.com\/fr-be\/produit\/appareils-auditifs\/signia\/silk-5x#primaryimage\",\"url\":\"https:\/\/www.laboratoires-unisson.com\/wp-content\/uploads\/2022\/05\/silk-5x.jpg\",\"contentUrl\":\"https:\/\/www.laboratoires-unisson.com\/wp-content\/uploads\/2022\/05\/silk-5x.jpg\",\"width\":572,\"height\":572},{\"@type\":\"BreadcrumbList\",\"@id\":\"https:\/\/www.laboratoires-unisson.com\/fr-be\/produit\/appareils-auditifs\/signia\/silk-5x#breadcrumb\",\"itemListElement\":[{\"@type\":\"ListItem\",\"position\":1,\"name\":\"Shop\",\"item\":\"https:\/\/www.laboratoires-unisson.com\/fr-be\/shop\"},{\"@type\":\"ListItem\",\"position\":2,\"name\":\"Silk 5X\"}]},{\"@type\":\"WebSite\",\"@id\":\"https:\/\/www.laboratoires-unisson.com\/fr-be#website\",\"url\":\"https:\/\/www.laboratoires-unisson.com\/fr-be\",\"name\":\"Laboratoires Unisson\",\"description\":\"Appareil auditif et proth\u00e8se auditive Moins Cher jusqu&#039;\u00e0 -40%\",\"publisher\":{\"@id\":\"https:\/\/www.laboratoires-unisson.com\/fr-be#organization\"},\"potentialAction\":[{\"@type\":\"SearchAction\",\"target\":{\"@type\":\"EntryPoint\",\"urlTemplate\":\"https:\/\/www.laboratoires-unisson.com\/fr-be?s={search_term_string}\"},\"query-input\":{\"@type\":\"PropertyValueSpecification\",\"valueRequired\":true,\"valueName\":\"search_term_string\"}}],\"inLanguage\":\"fr-BE\"},{\"@type\":\"Organization\",\"@id\":\"https:\/\/www.laboratoires-unisson.com\/fr-be#organization\",\"name\":\"Laboratoires Unisson\",\"url\":\"https:\/\/www.laboratoires-unisson.com\/fr-be\",\"logo\":{\"@type\":\"ImageObject\",\"inLanguage\":\"fr-BE\",\"@id\":\"https:\/\/www.laboratoires-unisson.com\/fr-be#\/schema\/logo\/image\/\",\"url\":\"https:\/\/www.laboratoires-unisson.com\/wp-content\/uploads\/2022\/01\/logo-unisson.svg\",\"contentUrl\":\"https:\/\/www.laboratoires-unisson.com\/wp-content\/uploads\/2022\/01\/logo-unisson.svg\",\"width\":1,\"height\":1,\"caption\":\"Laboratoires Unisson\"},\"image\":{\"@id\":\"https:\/\/www.laboratoires-unisson.com\/fr-be#\/schema\/logo\/image\/\"}}]}<\/script>\n<!-- \/ Yoast SEO plugin. -->","yoast_head_json":{"title":"Appareil auditif Signia Silk 5X \u00e0 1650\u20ac - Unisson Belgique","description":"L'appareil auditif Silk 5X, lanc\u00e9 en 2020, int\u00e8gre la nouvelle puce Xperience et offre ainsi une technologie de pointe. Pr\u00e9sentation de l'aide auditive","robots":{"index":"index","follow":"follow","max-snippet":"max-snippet:-1","max-image-preview":"max-image-preview:large","max-video-preview":"max-video-preview:-1"},"canonical":"https:\/\/www.laboratoires-unisson.com\/fr-be\/wp-json\/wp\/v2\/product\/24689","og_locale":"fr_FR","og_type":"article","og_title":"Silk 5X - Laboratoires Unisson","og_description":"L'appareil auditif Silk 5X, lanc\u00e9 en 2020, int\u00e8gre la nouvelle puce Xperience et offre ainsi une technologie de pointe. Pr\u00e9sentation de l'aide auditive","og_url":"https:\/\/www.laboratoires-unisson.com\/fr-be\/produit\/appareils-auditifs\/signia\/silk-5x","og_site_name":"Laboratoires Unisson","article_modified_time":"2025-12-03T09:09:21+00:00","og_image":[{"width":572,"height":572,"url":"https:\/\/www.laboratoires-unisson.com\/wp-content\/uploads\/2022\/05\/silk-5x.jpg","type":"image\/jpeg"}],"twitter_card":"summary_large_image","twitter_misc":{"Est. reading time":"2 minutes"},"schema":{"@context":"https:\/\/schema.org","@graph":[{"@type":"WebPage","@id":"https:\/\/www.laboratoires-unisson.com\/fr-be\/produit\/appareils-auditifs\/signia\/silk-5x","url":"https:\/\/www.laboratoires-unisson.com\/fr-be\/produit\/appareils-auditifs\/signia\/silk-5x","name":"Silk 5X - Laboratoires Unisson","isPartOf":{"@id":"https:\/\/www.laboratoires-unisson.com\/fr-be#website"},"primaryImageOfPage":{"@id":"https:\/\/www.laboratoires-unisson.com\/fr-be\/produit\/appareils-auditifs\/signia\/silk-5x#primaryimage"},"image":{"@id":"https:\/\/www.laboratoires-unisson.com\/fr-be\/produit\/appareils-auditifs\/signia\/silk-5x#primaryimage"},"thumbnailUrl":"https:\/\/www.laboratoires-unisson.com\/wp-content\/uploads\/2022\/05\/silk-5x.jpg","datePublished":"2022-05-02T13:02:01+00:00","dateModified":"2025-12-03T09:09:21+00:00","description":"L'appareil auditif Silk 5X, lanc\u00e9 en 2020, int\u00e8gre la nouvelle puce Xperience et offre ainsi une technologie de pointe. Pr\u00e9sentation de l'aide auditive","breadcrumb":{"@id":"https:\/\/www.laboratoires-unisson.com\/fr-be\/produit\/appareils-auditifs\/signia\/silk-5x#breadcrumb"},"inLanguage":"fr-BE","potentialAction":[{"@type":"ReadAction","target":["https:\/\/www.laboratoires-unisson.com\/fr-be\/produit\/appareils-auditifs\/signia\/silk-5x"]}]},{"@type":"ImageObject","inLanguage":"fr-BE","@id":"https:\/\/www.laboratoires-unisson.com\/fr-be\/produit\/appareils-auditifs\/signia\/silk-5x#primaryimage","url":"https:\/\/www.laboratoires-unisson.com\/wp-content\/uploads\/2022\/05\/silk-5x.jpg","contentUrl":"https:\/\/www.laboratoires-unisson.com\/wp-content\/uploads\/2022\/05\/silk-5x.jpg","width":572,"height":572},{"@type":"BreadcrumbList","@id":"https:\/\/www.laboratoires-unisson.com\/fr-be\/produit\/appareils-auditifs\/signia\/silk-5x#breadcrumb","itemListElement":[{"@type":"ListItem","position":1,"name":"Shop","item":"https:\/\/www.laboratoires-unisson.com\/fr-be\/shop"},{"@type":"ListItem","position":2,"name":"Silk 5X"}]},{"@type":"WebSite","@id":"https:\/\/www.laboratoires-unisson.com\/fr-be#website","url":"https:\/\/www.laboratoires-unisson.com\/fr-be","name":"Laboratoires Unisson","description":"Appareil auditif et proth\u00e8se auditive Moins Cher jusqu&#039;\u00e0 -40%","publisher":{"@id":"https:\/\/www.laboratoires-unisson.com\/fr-be#organization"},"potentialAction":[{"@type":"SearchAction","target":{"@type":"EntryPoint","urlTemplate":"https:\/\/www.laboratoires-unisson.com\/fr-be?s={search_term_string}"},"query-input":{"@type":"PropertyValueSpecification","valueRequired":true,"valueName":"search_term_string"}}],"inLanguage":"fr-BE"},{"@type":"Organization","@id":"https:\/\/www.laboratoires-unisson.com\/fr-be#organization","name":"Laboratoires Unisson","url":"https:\/\/www.laboratoires-unisson.com\/fr-be","logo":{"@type":"ImageObject","inLanguage":"fr-BE","@id":"https:\/\/www.laboratoires-unisson.com\/fr-be#\/schema\/logo\/image\/","url":"https:\/\/www.laboratoires-unisson.com\/wp-content\/uploads\/2022\/01\/logo-unisson.svg","contentUrl":"https:\/\/www.laboratoires-unisson.com\/wp-content\/uploads\/2022\/01\/logo-unisson.svg","width":1,"height":1,"caption":"Laboratoires Unisson"},"image":{"@id":"https:\/\/www.laboratoires-unisson.com\/fr-be#\/schema\/logo\/image\/"}}]}},"_links":{"self":[{"href":"https:\/\/www.laboratoires-unisson.com\/fr-be\/wp-json\/wp\/v2\/product\/24689","targetHints":{"allow":["GET"]}}],"collection":[{"href":"https:\/\/www.laboratoires-unisson.com\/fr-be\/wp-json\/wp\/v2\/product"}],"about":[{"href":"https:\/\/www.laboratoires-unisson.com\/fr-be\/wp-json\/wp\/v2\/types\/product"}],"wp:featuredmedia":[{"embeddable":true,"href":"https:\/\/www.laboratoires-unisson.com\/fr-be\/wp-json\/wp\/v2\/media\/19263"}],"wp:attachment":[{"href":"https:\/\/www.laboratoires-unisson.com\/fr-be\/wp-json\/wp\/v2\/media?parent=24689"}],"wp:term":[{"taxonomy":"product_brand","embeddable":true,"href":"https:\/\/www.laboratoires-unisson.com\/fr-be\/wp-json\/wp\/v2\/product_brand?post=24689"},{"taxonomy":"product_cat","embeddable":true,"href":"https:\/\/www.laboratoires-unisson.com\/fr-be\/wp-json\/wp\/v2\/product_cat?post=24689"},{"taxonomy":"product_tag","embeddable":true,"href":"https:\/\/www.laboratoires-unisson.com\/fr-be\/wp-json\/wp\/v2\/product_tag?post=24689"}],"curies":[{"name":"wp","href":"https:\/\/api.w.org\/{rel}","templated":true}]}}