{"id":24690,"date":"2022-05-02T15:01:59","date_gmt":"2022-05-02T13:01:59","guid":{"rendered":"https:\/\/www.laboratoires-unisson.com\/produit\/styletto-5x"},"modified":"2025-12-03T10:09:22","modified_gmt":"2025-12-03T09:09:22","slug":"styletto-5x","status":"publish","type":"product","link":"https:\/\/www.laboratoires-unisson.com\/fr-be\/produit\/appareils-auditifs\/signia\/styletto-5x","title":{"rendered":"Styletto 5X"},"content":{"rendered":"<p>L&#8217;appareil auditif Styletto 5X est un mod\u00e8le de type <strong>micro-contour d&#8217;oreille \u00e0 \u00e9couteur d\u00e9port\u00e9 connect\u00e9<\/strong>\u00a0de la marque Signia <em>(anciennement Siemens)<\/em>. Il est dot\u00e9 de la <strong>technologie Xperience<\/strong> int\u00e9grant les <strong>premiers capteurs acoustiques et de mouvements au monde<\/strong>.<\/p>\n<h4>Pr\u00e9sentation de l&#8217;aide auditive Signia Styletto 5X<\/h4>\n<p>La proth\u00e8se auditive Styletto 5X est un appareil de <strong>milieu de gamme<\/strong> proposant un tr\u00e8s bon rapport qualit\u00e9\/prix et affichant de bonnes performances auditives. Elle poss\u00e8de <strong>32 canaux de r\u00e9glages<\/strong>, <strong>6 programmes d&#8217;\u00e9coute<\/strong> et est <strong>certifi\u00e9e IP68<\/strong>. Si vous souhaitez un meilleur confort d&#8217;\u00e9coute, vous pouvez opter pour le mod\u00e8le haut de gamme : Styletto 7X, vendu \u00e0 1900\u20ac dans les centres auditifs Unisson, service et garantie inclus.<\/p>\n<p>Le mod\u00e8le Styletto 5X est un <strong>mod\u00e8le rechargeable<\/strong> et fonctionne avec une <strong>batterie Lithium-ion<\/strong>. Gr\u00e2ce \u00e0 son \u00e9crin permettant <strong>3 cycles de recharge<\/strong> sans aucun branchement, vous b\u00e9n\u00e9ficierez jusqu&#8217;\u00e0 <strong>4 jours d&#8217;autonomie<\/strong> <em>(19h d&#8217;autonomie \/ jours sans streaming ou 16h pour 5h de streaming)<\/em>.<\/p>\n<p>Son design se veut high-tech et a \u00e9t\u00e9 prim\u00e9 pour sa modernit\u00e9 et son \u00e9l\u00e9gance.<\/p>\n<h4>Les technologies du Styletto 5X<\/h4>\n<p>La nouvelle gamme d&#8217;appareils auditifs Styletto b\u00e9n\u00e9ficient des derni\u00e8res technologies pour am\u00e9liorer votre \u00e9coute :<\/p>\n<ul>\n<li>technologie Signia Xperience, vous offrant une meilleure audition en toutes situations<\/li>\n<li>l&#8217;association de capteurs acoustiques et de mouvements (une premi\u00e8re mondiale)<\/li>\n<\/ul>\n<h4>Connectivit\u00e9 et accessoires<\/h4>\n<p>Les appareils auditifs Styletto X sont dot\u00e9s de la <strong>connectivit\u00e9 Bluetooth<\/strong>, compatibles avec iOS (iPhone). Vous pourrez <strong>recevoir vos appels t\u00e9l\u00e9phoniques, \u00e9couter votre musique ou la t\u00e9l\u00e9vision directement dans vos aides auditives<\/strong>. Si vous \u00eates sous Android, vous pouvez opter pour l&#8217;accessoire StreamLine MIC, un kit main libre pour diffuser le son dans vos aides auditives Styletto X.<\/p>\n<p>Vous pourrez \u00e9galement t\u00e9l\u00e9charger sur votre smartphone l&#8217;<strong>application Signia App<\/strong> afin de personnaliser les fonctions de vos aides auditives Styletto X. La fonctionnalit\u00e9 <strong>TeleCare<\/strong> est propos\u00e9e : vous pouvez b\u00e9n\u00e9ficier d&#8217;une assistance \u00e0 distance en cas de besoin avec votre audioproth\u00e9siste.<\/p>\n<p>Fonctionnalit\u00e9s du Styletto 5X<\/p>\n<ul>\n<li>YourSound : capteurs de mouvements int\u00e9gr\u00e9s<\/li>\n<li>OVP\u2122 (Own Voice Processing) : reconnaissance en temps r\u00e9el de la voix de l\u2019utilisateur pour d\u00e9livrer une perception naturelle de sa propre voix<\/li>\n<li>DSP : personnalisation des diff\u00e9rents sc\u00e9narios d&#8217;\u00e9coute<\/li>\n<li>Capteurs acoustiques et de mouvements<\/li>\n<li>32 bandes de traitement du signal<\/li>\n<li>6 programmes manuels<\/li>\n<li>EchoShield : r\u00e9ducteur de bruit pour situation avec r\u00e9verb\u00e9ration<\/li>\n<li>eWindScreen : \u00e9limination des bruits du vent<\/li>\n<li>Super Focus<\/li>\n<li>SpeechFocus<\/li>\n<li>Spatial SpeechFocus<\/li>\n<li>Connectivit\u00e9 Bluetooth<\/li>\n<li>Certifi\u00e9 IP68 <em>(\u00e9tanch\u00e9it\u00e9)<\/em><\/li>\n<li>R\u00e9glages \u00e0 distance (Telecare)<\/li>\n<li>Application mobile Signia App<\/li>\n<\/ul>\n","protected":false},"excerpt":{"rendered":"<p>L&#8217;appareil auditif Styletto 5X est un mod\u00e8le de type micro-contour d&#8217;oreille \u00e0 \u00e9couteur d\u00e9port\u00e9 connect\u00e9\u00a0de la marque Signia (anciennement Siemens). Il est dot\u00e9 de la technologie Xperience int\u00e9grant les premiers capteurs acoustiques et de mouvements au monde. Pr\u00e9sentation de l&#8217;aide auditive Signia Styletto 5X La proth\u00e8se auditive Styletto 5X est un appareil de milieu de [&hellip;]<\/p>\n","protected":false},"featured_media":19262,"template":"","meta":{"_acf_changed":false},"product_brand":[],"product_cat":[2830],"product_tag":[],"class_list":{"0":"post-24690","1":"product","2":"type-product","3":"status-publish","4":"has-post-thumbnail","6":"product_cat-signia-fr-be","8":"first","9":"instock","10":"taxable","11":"shipping-taxable","12":"purchasable","13":"product-type-simple"},"acf":[],"yoast_head":"<!-- This site is optimized with the Yoast SEO plugin v27.1.1 - https:\/\/yoast.com\/product\/yoast-seo-wordpress\/ -->\n<title>Appareil auditif Signia Styletto 5X \u00e0 1650\u20ac - Unisson Belgique<\/title>\n<meta name=\"description\" content=\"L&#039;appareil auditif Styletto 5X est un mod\u00e8le de type micro-contour d&#039;oreille \u00e0 \u00e9couteur d\u00e9port\u00e9 connect\u00e9\u00a0de la marque Signia (anciennement Siemens). Il\" \/>\n<meta name=\"robots\" content=\"index, follow, max-snippet:-1, max-image-preview:large, max-video-preview:-1\" \/>\n<link rel=\"canonical\" href=\"https:\/\/www.laboratoires-unisson.com\/fr-be\/wp-json\/wp\/v2\/product\/24690\" \/>\n<meta property=\"og:locale\" content=\"fr_FR\" \/>\n<meta property=\"og:type\" content=\"article\" \/>\n<meta property=\"og:title\" content=\"Styletto 5X - Laboratoires Unisson\" \/>\n<meta property=\"og:description\" content=\"L&#039;appareil auditif Styletto 5X est un mod\u00e8le de type micro-contour d&#039;oreille \u00e0 \u00e9couteur d\u00e9port\u00e9 connect\u00e9\u00a0de la marque Signia (anciennement Siemens). Il\" \/>\n<meta property=\"og:url\" content=\"https:\/\/www.laboratoires-unisson.com\/fr-be\/produit\/appareils-auditifs\/signia\/styletto-5x\" \/>\n<meta property=\"og:site_name\" content=\"Laboratoires Unisson\" \/>\n<meta property=\"article:modified_time\" content=\"2025-12-03T09:09:22+00:00\" \/>\n<meta property=\"og:image\" content=\"https:\/\/www.laboratoires-unisson.com\/wp-content\/uploads\/2022\/05\/styletto-5x.jpg\" \/>\n\t<meta property=\"og:image:width\" content=\"500\" \/>\n\t<meta property=\"og:image:height\" content=\"500\" \/>\n\t<meta property=\"og:image:type\" content=\"image\/jpeg\" \/>\n<meta name=\"twitter:card\" content=\"summary_large_image\" \/>\n<meta name=\"twitter:label1\" content=\"Est. reading time\" \/>\n\t<meta name=\"twitter:data1\" content=\"3 minutes\" \/>\n<script type=\"application\/ld+json\" class=\"yoast-schema-graph\">{\"@context\":\"https:\/\/schema.org\",\"@graph\":[{\"@type\":\"WebPage\",\"@id\":\"https:\/\/www.laboratoires-unisson.com\/fr-be\/produit\/appareils-auditifs\/signia\/styletto-5x\",\"url\":\"https:\/\/www.laboratoires-unisson.com\/fr-be\/produit\/appareils-auditifs\/signia\/styletto-5x\",\"name\":\"Styletto 5X - Laboratoires Unisson\",\"isPartOf\":{\"@id\":\"https:\/\/www.laboratoires-unisson.com\/fr-be#website\"},\"primaryImageOfPage\":{\"@id\":\"https:\/\/www.laboratoires-unisson.com\/fr-be\/produit\/appareils-auditifs\/signia\/styletto-5x#primaryimage\"},\"image\":{\"@id\":\"https:\/\/www.laboratoires-unisson.com\/fr-be\/produit\/appareils-auditifs\/signia\/styletto-5x#primaryimage\"},\"thumbnailUrl\":\"https:\/\/www.laboratoires-unisson.com\/wp-content\/uploads\/2022\/05\/styletto-5x.jpg\",\"datePublished\":\"2022-05-02T13:01:59+00:00\",\"dateModified\":\"2025-12-03T09:09:22+00:00\",\"description\":\"L'appareil auditif Styletto 5X est un mod\u00e8le de type micro-contour d'oreille \u00e0 \u00e9couteur d\u00e9port\u00e9 connect\u00e9\u00a0de la marque Signia (anciennement Siemens). Il\",\"breadcrumb\":{\"@id\":\"https:\/\/www.laboratoires-unisson.com\/fr-be\/produit\/appareils-auditifs\/signia\/styletto-5x#breadcrumb\"},\"inLanguage\":\"fr-BE\",\"potentialAction\":[{\"@type\":\"ReadAction\",\"target\":[\"https:\/\/www.laboratoires-unisson.com\/fr-be\/produit\/appareils-auditifs\/signia\/styletto-5x\"]}]},{\"@type\":\"ImageObject\",\"inLanguage\":\"fr-BE\",\"@id\":\"https:\/\/www.laboratoires-unisson.com\/fr-be\/produit\/appareils-auditifs\/signia\/styletto-5x#primaryimage\",\"url\":\"https:\/\/www.laboratoires-unisson.com\/wp-content\/uploads\/2022\/05\/styletto-5x.jpg\",\"contentUrl\":\"https:\/\/www.laboratoires-unisson.com\/wp-content\/uploads\/2022\/05\/styletto-5x.jpg\",\"width\":500,\"height\":500},{\"@type\":\"BreadcrumbList\",\"@id\":\"https:\/\/www.laboratoires-unisson.com\/fr-be\/produit\/appareils-auditifs\/signia\/styletto-5x#breadcrumb\",\"itemListElement\":[{\"@type\":\"ListItem\",\"position\":1,\"name\":\"Shop\",\"item\":\"https:\/\/www.laboratoires-unisson.com\/fr-be\/shop\"},{\"@type\":\"ListItem\",\"position\":2,\"name\":\"Styletto 5X\"}]},{\"@type\":\"WebSite\",\"@id\":\"https:\/\/www.laboratoires-unisson.com\/fr-be#website\",\"url\":\"https:\/\/www.laboratoires-unisson.com\/fr-be\",\"name\":\"Laboratoires Unisson\",\"description\":\"Appareil auditif et proth\u00e8se auditive Moins Cher jusqu&#039;\u00e0 -40%\",\"publisher\":{\"@id\":\"https:\/\/www.laboratoires-unisson.com\/fr-be#organization\"},\"potentialAction\":[{\"@type\":\"SearchAction\",\"target\":{\"@type\":\"EntryPoint\",\"urlTemplate\":\"https:\/\/www.laboratoires-unisson.com\/fr-be?s={search_term_string}\"},\"query-input\":{\"@type\":\"PropertyValueSpecification\",\"valueRequired\":true,\"valueName\":\"search_term_string\"}}],\"inLanguage\":\"fr-BE\"},{\"@type\":\"Organization\",\"@id\":\"https:\/\/www.laboratoires-unisson.com\/fr-be#organization\",\"name\":\"Laboratoires Unisson\",\"url\":\"https:\/\/www.laboratoires-unisson.com\/fr-be\",\"logo\":{\"@type\":\"ImageObject\",\"inLanguage\":\"fr-BE\",\"@id\":\"https:\/\/www.laboratoires-unisson.com\/fr-be#\/schema\/logo\/image\/\",\"url\":\"https:\/\/www.laboratoires-unisson.com\/wp-content\/uploads\/2022\/01\/logo-unisson.svg\",\"contentUrl\":\"https:\/\/www.laboratoires-unisson.com\/wp-content\/uploads\/2022\/01\/logo-unisson.svg\",\"width\":1,\"height\":1,\"caption\":\"Laboratoires Unisson\"},\"image\":{\"@id\":\"https:\/\/www.laboratoires-unisson.com\/fr-be#\/schema\/logo\/image\/\"}}]}<\/script>\n<!-- \/ Yoast SEO plugin. -->","yoast_head_json":{"title":"Appareil auditif Signia Styletto 5X \u00e0 1650\u20ac - Unisson Belgique","description":"L'appareil auditif Styletto 5X est un mod\u00e8le de type micro-contour d'oreille \u00e0 \u00e9couteur d\u00e9port\u00e9 connect\u00e9\u00a0de la marque Signia (anciennement Siemens). Il","robots":{"index":"index","follow":"follow","max-snippet":"max-snippet:-1","max-image-preview":"max-image-preview:large","max-video-preview":"max-video-preview:-1"},"canonical":"https:\/\/www.laboratoires-unisson.com\/fr-be\/wp-json\/wp\/v2\/product\/24690","og_locale":"fr_FR","og_type":"article","og_title":"Styletto 5X - Laboratoires Unisson","og_description":"L'appareil auditif Styletto 5X est un mod\u00e8le de type micro-contour d'oreille \u00e0 \u00e9couteur d\u00e9port\u00e9 connect\u00e9\u00a0de la marque Signia (anciennement Siemens). Il","og_url":"https:\/\/www.laboratoires-unisson.com\/fr-be\/produit\/appareils-auditifs\/signia\/styletto-5x","og_site_name":"Laboratoires Unisson","article_modified_time":"2025-12-03T09:09:22+00:00","og_image":[{"width":500,"height":500,"url":"https:\/\/www.laboratoires-unisson.com\/wp-content\/uploads\/2022\/05\/styletto-5x.jpg","type":"image\/jpeg"}],"twitter_card":"summary_large_image","twitter_misc":{"Est. reading time":"3 minutes"},"schema":{"@context":"https:\/\/schema.org","@graph":[{"@type":"WebPage","@id":"https:\/\/www.laboratoires-unisson.com\/fr-be\/produit\/appareils-auditifs\/signia\/styletto-5x","url":"https:\/\/www.laboratoires-unisson.com\/fr-be\/produit\/appareils-auditifs\/signia\/styletto-5x","name":"Styletto 5X - Laboratoires Unisson","isPartOf":{"@id":"https:\/\/www.laboratoires-unisson.com\/fr-be#website"},"primaryImageOfPage":{"@id":"https:\/\/www.laboratoires-unisson.com\/fr-be\/produit\/appareils-auditifs\/signia\/styletto-5x#primaryimage"},"image":{"@id":"https:\/\/www.laboratoires-unisson.com\/fr-be\/produit\/appareils-auditifs\/signia\/styletto-5x#primaryimage"},"thumbnailUrl":"https:\/\/www.laboratoires-unisson.com\/wp-content\/uploads\/2022\/05\/styletto-5x.jpg","datePublished":"2022-05-02T13:01:59+00:00","dateModified":"2025-12-03T09:09:22+00:00","description":"L'appareil auditif Styletto 5X est un mod\u00e8le de type micro-contour d'oreille \u00e0 \u00e9couteur d\u00e9port\u00e9 connect\u00e9\u00a0de la marque Signia (anciennement Siemens). Il","breadcrumb":{"@id":"https:\/\/www.laboratoires-unisson.com\/fr-be\/produit\/appareils-auditifs\/signia\/styletto-5x#breadcrumb"},"inLanguage":"fr-BE","potentialAction":[{"@type":"ReadAction","target":["https:\/\/www.laboratoires-unisson.com\/fr-be\/produit\/appareils-auditifs\/signia\/styletto-5x"]}]},{"@type":"ImageObject","inLanguage":"fr-BE","@id":"https:\/\/www.laboratoires-unisson.com\/fr-be\/produit\/appareils-auditifs\/signia\/styletto-5x#primaryimage","url":"https:\/\/www.laboratoires-unisson.com\/wp-content\/uploads\/2022\/05\/styletto-5x.jpg","contentUrl":"https:\/\/www.laboratoires-unisson.com\/wp-content\/uploads\/2022\/05\/styletto-5x.jpg","width":500,"height":500},{"@type":"BreadcrumbList","@id":"https:\/\/www.laboratoires-unisson.com\/fr-be\/produit\/appareils-auditifs\/signia\/styletto-5x#breadcrumb","itemListElement":[{"@type":"ListItem","position":1,"name":"Shop","item":"https:\/\/www.laboratoires-unisson.com\/fr-be\/shop"},{"@type":"ListItem","position":2,"name":"Styletto 5X"}]},{"@type":"WebSite","@id":"https:\/\/www.laboratoires-unisson.com\/fr-be#website","url":"https:\/\/www.laboratoires-unisson.com\/fr-be","name":"Laboratoires Unisson","description":"Appareil auditif et proth\u00e8se auditive Moins Cher jusqu&#039;\u00e0 -40%","publisher":{"@id":"https:\/\/www.laboratoires-unisson.com\/fr-be#organization"},"potentialAction":[{"@type":"SearchAction","target":{"@type":"EntryPoint","urlTemplate":"https:\/\/www.laboratoires-unisson.com\/fr-be?s={search_term_string}"},"query-input":{"@type":"PropertyValueSpecification","valueRequired":true,"valueName":"search_term_string"}}],"inLanguage":"fr-BE"},{"@type":"Organization","@id":"https:\/\/www.laboratoires-unisson.com\/fr-be#organization","name":"Laboratoires Unisson","url":"https:\/\/www.laboratoires-unisson.com\/fr-be","logo":{"@type":"ImageObject","inLanguage":"fr-BE","@id":"https:\/\/www.laboratoires-unisson.com\/fr-be#\/schema\/logo\/image\/","url":"https:\/\/www.laboratoires-unisson.com\/wp-content\/uploads\/2022\/01\/logo-unisson.svg","contentUrl":"https:\/\/www.laboratoires-unisson.com\/wp-content\/uploads\/2022\/01\/logo-unisson.svg","width":1,"height":1,"caption":"Laboratoires Unisson"},"image":{"@id":"https:\/\/www.laboratoires-unisson.com\/fr-be#\/schema\/logo\/image\/"}}]}},"_links":{"self":[{"href":"https:\/\/www.laboratoires-unisson.com\/fr-be\/wp-json\/wp\/v2\/product\/24690","targetHints":{"allow":["GET"]}}],"collection":[{"href":"https:\/\/www.laboratoires-unisson.com\/fr-be\/wp-json\/wp\/v2\/product"}],"about":[{"href":"https:\/\/www.laboratoires-unisson.com\/fr-be\/wp-json\/wp\/v2\/types\/product"}],"wp:featuredmedia":[{"embeddable":true,"href":"https:\/\/www.laboratoires-unisson.com\/fr-be\/wp-json\/wp\/v2\/media\/19262"}],"wp:attachment":[{"href":"https:\/\/www.laboratoires-unisson.com\/fr-be\/wp-json\/wp\/v2\/media?parent=24690"}],"wp:term":[{"taxonomy":"product_brand","embeddable":true,"href":"https:\/\/www.laboratoires-unisson.com\/fr-be\/wp-json\/wp\/v2\/product_brand?post=24690"},{"taxonomy":"product_cat","embeddable":true,"href":"https:\/\/www.laboratoires-unisson.com\/fr-be\/wp-json\/wp\/v2\/product_cat?post=24690"},{"taxonomy":"product_tag","embeddable":true,"href":"https:\/\/www.laboratoires-unisson.com\/fr-be\/wp-json\/wp\/v2\/product_tag?post=24690"}],"curies":[{"name":"wp","href":"https:\/\/api.w.org\/{rel}","templated":true}]}}