{"id":24696,"date":"2022-05-02T15:01:24","date_gmt":"2022-05-02T13:01:24","guid":{"rendered":"https:\/\/www.laboratoires-unisson.com\/produit\/pure-charge-go-5nx"},"modified":"2025-12-03T10:09:24","modified_gmt":"2025-12-03T09:09:24","slug":"pure-charge-go-5nx","status":"publish","type":"product","link":"https:\/\/www.laboratoires-unisson.com\/fr-be\/produit\/appareils-auditifs\/signia\/pure-charge-go-5nx","title":{"rendered":"Pure Charge &#038; Go 5Nx"},"content":{"rendered":"<p>Pure Charge&amp;Go 5Nx est un micro-contour d\u2019oreille RIC rechargeable par induction. Il est \u00e9quip\u00e9 d\u2019une batterie rechargeable lithium ion. Il s\u2019agit d\u2019une aide auditive milieu de gamme pour pertes l\u00e9g\u00e8res \u00e0 s\u00e9v\u00e8res. Sa batterie lui procure 19h d\u2019autonomie (hors streaming).<\/p>\n<p>Equip\u00e9 de la derni\u00e8re plateforme de la marque, Nx, cet appareil propose une audition naturelle avec une directivit\u00e9 optimale, une r\u00e9duction du bruit active, une classification en temps r\u00e9el des environnements ainsi qu\u2019une synchronisation binaurale haut de gamme.<\/p>\n<h4>Rechargeable avec batterie lithium ion, plus besoin de piles<\/h4>\n<p>L\u2019appareil Pure Charge&amp;Go est un contour rechargeable avec batterie. Le chargeur est facile d\u2019utilisation, il suffit d\u2019y placer les appareils puis d\u2019attendre la fin de la charge. L\u2019autonomie quant \u00e0 elle se limite \u00e0 19h sans streaming et 17h avec 5h de streaming.<\/p>\n<h4>Signia Pure Charge&amp;Go 5Nx : une audition sans compromis<\/h4>\n<p>Les Signia 5Nx sont des proth\u00e8ses auditives de qualit\u00e9 qui proposent un niveau de performance tr\u00e8s appr\u00e9ciable pour son prix. \u00a0Les 5Nx b\u00e9n\u00e9ficient de toutes les fonctionnalit\u00e9s les plus innovantes et performantes de la plateforme \u00e0 savoir\u00a0: OVP\u2122, Synchronisation binaurale e2e Ultra HD, HD Spatial et classification 3D des environnements. La directivit\u00e9 microphonique est \u00e9galement au rendez-vous avec SuperFocus. Seul b\u00e9mol, l\u2019efficacit\u00e9 du syst\u00e8me d\u2019\u00e9mergence directionnelle de la parole qui sera moins performante que les mod\u00e8les 7Nx. On limitera donc l\u2019utilisation d\u2019un 5Nx dans des environnements faiblement bruyants. La sonorit\u00e9 reste naturelle malgr\u00e9 une bande passante limit\u00e9e \u00e0 10kHz (contre 12kHz sur les versions 7Nx).<\/p>\n<h4>Entendez votre voix de fa\u00e7on naturelle avec OVP\u2122 (Own Voice Processing)<\/h4>\n<p>La grande innovation de la plateforme Nx est sans conteste OVP\u2122. Cette technologie permet au Pure Charge&amp;Go de restituer naturellement le son de votre propre voix conform\u00e9ment \u00e0 votre environnement sonore. Cette fonctionnalit\u00e9 am\u00e9liore grandement le confort d\u2019\u00e9coute et l\u2019accoutumance aux proth\u00e8ses auditives. En effet, les personnes \u00e9quip\u00e9es ont g\u00e9n\u00e9ralement du mal \u00e0 accepter l\u2019amplification peu naturelle de leur voix. Ce probl\u00e8me est d\u00e9sormais r\u00e9volu avec le Pure Charge&amp;Go 5Nx.<\/p>\n<h4>R\u00e9glage \u00e0 distance avec Telecare 3.0<\/h4>\n<p>Gr\u00e2ce \u00e0 Telecare 3.0, votre audioproth\u00e9siste aura dor\u00e9navant la possibilit\u00e9 de r\u00e9gler \u00e0 distance (sans avoir \u00e0 vous d\u00e9placer au laboratoire) tous les nouveaux appareils auditifs de g\u00e9n\u00e9ration Nx. Vous pourrez donc demander des ajustements de r\u00e9glage directement depuis votre smartphone, via l\u2019application mobile myHearing.<\/p>\n<h4>Connectivit\u00e9 sans-fil et streaming audio direct avec l\u2019iPhone<\/h4>\n<p>La technologie Bluetooth 2.4 ghz basse consommation permet de connecter vos appareils auditifs Pure Charge&amp;Go 3Nx \u00e0 votre smartphone pour utiliser l\u2019application mobile myControl comme t\u00e9l\u00e9commande.<\/p>\n<p>Le streaming audio direct (pour entendre les conversations et la musique directement dans ses appareils) n&#8217;est disponible que pour les possesseurs d&#8217;iPhones ou d&#8217;iPad. Pour \u00e9couter votre t\u00e9l\u00e9vision vous devrez investir dans accessoire suppl\u00e9mentaire permettant de faire du streaming audio (StreamLine TV). Vous pouvez \u00e9galement utilisez un micro-cravatte pour capter la voix de votre interlocuteur dans des environnements tr\u00e8s bruyant (ou s&#8217;il est \u00e9loign\u00e9), ce nouvel accessoire s&#8217;appelle le StreamLine Mic).<\/p>\n<h4>Fonctionnalit\u00e9s 5Nx<\/h4>\n<ul>\n<li>OVP\u2122 (Own Voice Processing) : reconnaissance en temps r\u00e9el de la voix de l\u2019utilisateur pour d\u00e9livrer une perception naturelle de sa propre voix<\/li>\n<li>3D Classifier : analyse multidimensionnelle de l\u2019environnement sonore et adaptation en temps r\u00e9el.<\/li>\n<li>Sound Clarity : offre une meilleur audibilit\u00e9 et clart\u00e9 sonore. Impactant la localisation et la compr\u00e9hension de la parole en milieu bruyant<\/li>\n<li>16 canaux de r\u00e9glage du gain \/ 32 bandes de traitement du signal<\/li>\n<li>6 programmes manuels<\/li>\n<li>HD Spatial : am\u00e9liore la capacit\u00e9 \u00e0 localiser les sons et leur profondeur, dans les environnements calmes comme bruyants<\/li>\n<li>\u00ab Extended dynamic range \u00bb<\/li>\n<li>eWindScreen\u2122 : Elimine les bruits du vent<\/li>\n<li>R\u00e9duction du bruit : Speech and Noise (3 programmes automatiques), Soundsmoothing\u2122 (1 programme automatique)<\/li>\n<li>Anti larsen<\/li>\n<li>Directivit\u00e9 binaurale<\/li>\n<li>Spatial SpeechFocus<\/li>\n<li>SpeechFocus<\/li>\n<li>TwinPhone (programme t\u00e9l\u00e9phone binaural)<\/li>\n<li>Compatible CROS\/BICROS (Pure Charge&amp;Go CROS)<\/li>\n<li>Compression fr\u00e9quentielle<\/li>\n<li>Compatibles accessoires sans fil<\/li>\n<li>Augmentation progressive du volume (automatique)<\/li>\n<li>Streaming audio direct (iPhone)<\/li>\n<li>Application mobile myControl App<\/li>\n<li>Gestion des acouph\u00e8nes<\/li>\n<li>R\u00e9glages \u00e0 distance (telecare 3.0)<\/li>\n<\/ul>\n","protected":false},"excerpt":{"rendered":"<p>Pure Charge&amp;Go 5Nx est un micro-contour d\u2019oreille RIC rechargeable par induction. Il est \u00e9quip\u00e9 d\u2019une batterie rechargeable lithium ion. Il s\u2019agit d\u2019une aide auditive milieu de gamme pour pertes l\u00e9g\u00e8res \u00e0 s\u00e9v\u00e8res. Sa batterie lui procure 19h d\u2019autonomie (hors streaming). Equip\u00e9 de la derni\u00e8re plateforme de la marque, Nx, cet appareil propose une audition naturelle [&hellip;]<\/p>\n","protected":false},"featured_media":19256,"template":"","meta":{"_acf_changed":false},"product_brand":[],"product_cat":[2830],"product_tag":[],"class_list":{"0":"post-24696","1":"product","2":"type-product","3":"status-publish","4":"has-post-thumbnail","6":"product_cat-signia-fr-be","8":"first","9":"instock","10":"taxable","11":"shipping-taxable","12":"purchasable","13":"product-type-simple"},"acf":[],"yoast_head":"<!-- This site is optimized with the Yoast SEO plugin v27.1.1 - https:\/\/yoast.com\/product\/yoast-seo-wordpress\/ -->\n<title>Appareil auditif Signia Pure Charge &amp; Go 5Nx \u00e0 1650\u20ac - Unisson Belgique<\/title>\n<meta name=\"description\" content=\"D\u00e9couvrez le Signia Pure Charge&amp;Go 5NX chez Unisson. Rechargeable et performant pour une meilleure audition, \u00e0 un prix imbattable.\" \/>\n<meta name=\"robots\" content=\"index, follow, max-snippet:-1, max-image-preview:large, max-video-preview:-1\" \/>\n<link rel=\"canonical\" href=\"https:\/\/www.laboratoires-unisson.com\/fr-be\/wp-json\/wp\/v2\/product\/24696\" \/>\n<meta property=\"og:locale\" content=\"fr_FR\" \/>\n<meta property=\"og:type\" content=\"article\" \/>\n<meta property=\"og:title\" content=\"Pure Charge &amp; Go 5Nx - Laboratoires Unisson\" \/>\n<meta property=\"og:description\" content=\"D\u00e9couvrez le Signia Pure Charge&amp;Go 5NX chez Unisson. Rechargeable et performant pour une meilleure audition, \u00e0 un prix imbattable.\" \/>\n<meta property=\"og:url\" content=\"https:\/\/www.laboratoires-unisson.com\/fr-be\/produit\/appareils-auditifs\/signia\/pure-charge-go-5nx\" \/>\n<meta property=\"og:site_name\" content=\"Laboratoires Unisson\" \/>\n<meta property=\"article:modified_time\" content=\"2025-12-03T09:09:24+00:00\" \/>\n<meta property=\"og:image\" content=\"https:\/\/www.laboratoires-unisson.com\/wp-content\/uploads\/2022\/05\/pure-charge-go-5nx.jpg\" \/>\n\t<meta property=\"og:image:width\" content=\"450\" \/>\n\t<meta property=\"og:image:height\" content=\"500\" \/>\n\t<meta property=\"og:image:type\" content=\"image\/jpeg\" \/>\n<meta name=\"twitter:card\" content=\"summary_large_image\" \/>\n<meta name=\"twitter:label1\" content=\"Est. reading time\" \/>\n\t<meta name=\"twitter:data1\" content=\"4 minutes\" \/>\n<script type=\"application\/ld+json\" class=\"yoast-schema-graph\">{\"@context\":\"https:\/\/schema.org\",\"@graph\":[{\"@type\":\"WebPage\",\"@id\":\"https:\/\/www.laboratoires-unisson.com\/fr-be\/produit\/appareils-auditifs\/signia\/pure-charge-go-5nx\",\"url\":\"https:\/\/www.laboratoires-unisson.com\/fr-be\/produit\/appareils-auditifs\/signia\/pure-charge-go-5nx\",\"name\":\"Pure Charge & Go 5Nx - Laboratoires Unisson\",\"isPartOf\":{\"@id\":\"https:\/\/www.laboratoires-unisson.com\/fr-be#website\"},\"primaryImageOfPage\":{\"@id\":\"https:\/\/www.laboratoires-unisson.com\/fr-be\/produit\/appareils-auditifs\/signia\/pure-charge-go-5nx#primaryimage\"},\"image\":{\"@id\":\"https:\/\/www.laboratoires-unisson.com\/fr-be\/produit\/appareils-auditifs\/signia\/pure-charge-go-5nx#primaryimage\"},\"thumbnailUrl\":\"https:\/\/www.laboratoires-unisson.com\/wp-content\/uploads\/2022\/05\/pure-charge-go-5nx.jpg\",\"datePublished\":\"2022-05-02T13:01:24+00:00\",\"dateModified\":\"2025-12-03T09:09:24+00:00\",\"description\":\"D\u00e9couvrez le Signia Pure Charge&Go 5NX chez Unisson. Rechargeable et performant pour une meilleure audition, \u00e0 un prix imbattable.\",\"breadcrumb\":{\"@id\":\"https:\/\/www.laboratoires-unisson.com\/fr-be\/produit\/appareils-auditifs\/signia\/pure-charge-go-5nx#breadcrumb\"},\"inLanguage\":\"fr-BE\",\"potentialAction\":[{\"@type\":\"ReadAction\",\"target\":[\"https:\/\/www.laboratoires-unisson.com\/fr-be\/produit\/appareils-auditifs\/signia\/pure-charge-go-5nx\"]}]},{\"@type\":\"ImageObject\",\"inLanguage\":\"fr-BE\",\"@id\":\"https:\/\/www.laboratoires-unisson.com\/fr-be\/produit\/appareils-auditifs\/signia\/pure-charge-go-5nx#primaryimage\",\"url\":\"https:\/\/www.laboratoires-unisson.com\/wp-content\/uploads\/2022\/05\/pure-charge-go-5nx.jpg\",\"contentUrl\":\"https:\/\/www.laboratoires-unisson.com\/wp-content\/uploads\/2022\/05\/pure-charge-go-5nx.jpg\",\"width\":450,\"height\":500},{\"@type\":\"BreadcrumbList\",\"@id\":\"https:\/\/www.laboratoires-unisson.com\/fr-be\/produit\/appareils-auditifs\/signia\/pure-charge-go-5nx#breadcrumb\",\"itemListElement\":[{\"@type\":\"ListItem\",\"position\":1,\"name\":\"Shop\",\"item\":\"https:\/\/www.laboratoires-unisson.com\/fr-be\/shop\"},{\"@type\":\"ListItem\",\"position\":2,\"name\":\"Pure Charge &#038; Go 5Nx\"}]},{\"@type\":\"WebSite\",\"@id\":\"https:\/\/www.laboratoires-unisson.com\/fr-be#website\",\"url\":\"https:\/\/www.laboratoires-unisson.com\/fr-be\",\"name\":\"Laboratoires Unisson\",\"description\":\"Appareil auditif et proth\u00e8se auditive Moins Cher jusqu&#039;\u00e0 -40%\",\"publisher\":{\"@id\":\"https:\/\/www.laboratoires-unisson.com\/fr-be#organization\"},\"potentialAction\":[{\"@type\":\"SearchAction\",\"target\":{\"@type\":\"EntryPoint\",\"urlTemplate\":\"https:\/\/www.laboratoires-unisson.com\/fr-be?s={search_term_string}\"},\"query-input\":{\"@type\":\"PropertyValueSpecification\",\"valueRequired\":true,\"valueName\":\"search_term_string\"}}],\"inLanguage\":\"fr-BE\"},{\"@type\":\"Organization\",\"@id\":\"https:\/\/www.laboratoires-unisson.com\/fr-be#organization\",\"name\":\"Laboratoires Unisson\",\"url\":\"https:\/\/www.laboratoires-unisson.com\/fr-be\",\"logo\":{\"@type\":\"ImageObject\",\"inLanguage\":\"fr-BE\",\"@id\":\"https:\/\/www.laboratoires-unisson.com\/fr-be#\/schema\/logo\/image\/\",\"url\":\"https:\/\/www.laboratoires-unisson.com\/wp-content\/uploads\/2022\/01\/logo-unisson.svg\",\"contentUrl\":\"https:\/\/www.laboratoires-unisson.com\/wp-content\/uploads\/2022\/01\/logo-unisson.svg\",\"width\":1,\"height\":1,\"caption\":\"Laboratoires Unisson\"},\"image\":{\"@id\":\"https:\/\/www.laboratoires-unisson.com\/fr-be#\/schema\/logo\/image\/\"}}]}<\/script>\n<!-- \/ Yoast SEO plugin. -->","yoast_head_json":{"title":"Appareil auditif Signia Pure Charge & Go 5Nx \u00e0 1650\u20ac - Unisson Belgique","description":"D\u00e9couvrez le Signia Pure Charge&Go 5NX chez Unisson. Rechargeable et performant pour une meilleure audition, \u00e0 un prix imbattable.","robots":{"index":"index","follow":"follow","max-snippet":"max-snippet:-1","max-image-preview":"max-image-preview:large","max-video-preview":"max-video-preview:-1"},"canonical":"https:\/\/www.laboratoires-unisson.com\/fr-be\/wp-json\/wp\/v2\/product\/24696","og_locale":"fr_FR","og_type":"article","og_title":"Pure Charge & Go 5Nx - Laboratoires Unisson","og_description":"D\u00e9couvrez le Signia Pure Charge&Go 5NX chez Unisson. Rechargeable et performant pour une meilleure audition, \u00e0 un prix imbattable.","og_url":"https:\/\/www.laboratoires-unisson.com\/fr-be\/produit\/appareils-auditifs\/signia\/pure-charge-go-5nx","og_site_name":"Laboratoires Unisson","article_modified_time":"2025-12-03T09:09:24+00:00","og_image":[{"width":450,"height":500,"url":"https:\/\/www.laboratoires-unisson.com\/wp-content\/uploads\/2022\/05\/pure-charge-go-5nx.jpg","type":"image\/jpeg"}],"twitter_card":"summary_large_image","twitter_misc":{"Est. reading time":"4 minutes"},"schema":{"@context":"https:\/\/schema.org","@graph":[{"@type":"WebPage","@id":"https:\/\/www.laboratoires-unisson.com\/fr-be\/produit\/appareils-auditifs\/signia\/pure-charge-go-5nx","url":"https:\/\/www.laboratoires-unisson.com\/fr-be\/produit\/appareils-auditifs\/signia\/pure-charge-go-5nx","name":"Pure Charge & Go 5Nx - Laboratoires Unisson","isPartOf":{"@id":"https:\/\/www.laboratoires-unisson.com\/fr-be#website"},"primaryImageOfPage":{"@id":"https:\/\/www.laboratoires-unisson.com\/fr-be\/produit\/appareils-auditifs\/signia\/pure-charge-go-5nx#primaryimage"},"image":{"@id":"https:\/\/www.laboratoires-unisson.com\/fr-be\/produit\/appareils-auditifs\/signia\/pure-charge-go-5nx#primaryimage"},"thumbnailUrl":"https:\/\/www.laboratoires-unisson.com\/wp-content\/uploads\/2022\/05\/pure-charge-go-5nx.jpg","datePublished":"2022-05-02T13:01:24+00:00","dateModified":"2025-12-03T09:09:24+00:00","description":"D\u00e9couvrez le Signia Pure Charge&Go 5NX chez Unisson. Rechargeable et performant pour une meilleure audition, \u00e0 un prix imbattable.","breadcrumb":{"@id":"https:\/\/www.laboratoires-unisson.com\/fr-be\/produit\/appareils-auditifs\/signia\/pure-charge-go-5nx#breadcrumb"},"inLanguage":"fr-BE","potentialAction":[{"@type":"ReadAction","target":["https:\/\/www.laboratoires-unisson.com\/fr-be\/produit\/appareils-auditifs\/signia\/pure-charge-go-5nx"]}]},{"@type":"ImageObject","inLanguage":"fr-BE","@id":"https:\/\/www.laboratoires-unisson.com\/fr-be\/produit\/appareils-auditifs\/signia\/pure-charge-go-5nx#primaryimage","url":"https:\/\/www.laboratoires-unisson.com\/wp-content\/uploads\/2022\/05\/pure-charge-go-5nx.jpg","contentUrl":"https:\/\/www.laboratoires-unisson.com\/wp-content\/uploads\/2022\/05\/pure-charge-go-5nx.jpg","width":450,"height":500},{"@type":"BreadcrumbList","@id":"https:\/\/www.laboratoires-unisson.com\/fr-be\/produit\/appareils-auditifs\/signia\/pure-charge-go-5nx#breadcrumb","itemListElement":[{"@type":"ListItem","position":1,"name":"Shop","item":"https:\/\/www.laboratoires-unisson.com\/fr-be\/shop"},{"@type":"ListItem","position":2,"name":"Pure Charge &#038; Go 5Nx"}]},{"@type":"WebSite","@id":"https:\/\/www.laboratoires-unisson.com\/fr-be#website","url":"https:\/\/www.laboratoires-unisson.com\/fr-be","name":"Laboratoires Unisson","description":"Appareil auditif et proth\u00e8se auditive Moins Cher jusqu&#039;\u00e0 -40%","publisher":{"@id":"https:\/\/www.laboratoires-unisson.com\/fr-be#organization"},"potentialAction":[{"@type":"SearchAction","target":{"@type":"EntryPoint","urlTemplate":"https:\/\/www.laboratoires-unisson.com\/fr-be?s={search_term_string}"},"query-input":{"@type":"PropertyValueSpecification","valueRequired":true,"valueName":"search_term_string"}}],"inLanguage":"fr-BE"},{"@type":"Organization","@id":"https:\/\/www.laboratoires-unisson.com\/fr-be#organization","name":"Laboratoires Unisson","url":"https:\/\/www.laboratoires-unisson.com\/fr-be","logo":{"@type":"ImageObject","inLanguage":"fr-BE","@id":"https:\/\/www.laboratoires-unisson.com\/fr-be#\/schema\/logo\/image\/","url":"https:\/\/www.laboratoires-unisson.com\/wp-content\/uploads\/2022\/01\/logo-unisson.svg","contentUrl":"https:\/\/www.laboratoires-unisson.com\/wp-content\/uploads\/2022\/01\/logo-unisson.svg","width":1,"height":1,"caption":"Laboratoires Unisson"},"image":{"@id":"https:\/\/www.laboratoires-unisson.com\/fr-be#\/schema\/logo\/image\/"}}]}},"_links":{"self":[{"href":"https:\/\/www.laboratoires-unisson.com\/fr-be\/wp-json\/wp\/v2\/product\/24696","targetHints":{"allow":["GET"]}}],"collection":[{"href":"https:\/\/www.laboratoires-unisson.com\/fr-be\/wp-json\/wp\/v2\/product"}],"about":[{"href":"https:\/\/www.laboratoires-unisson.com\/fr-be\/wp-json\/wp\/v2\/types\/product"}],"wp:featuredmedia":[{"embeddable":true,"href":"https:\/\/www.laboratoires-unisson.com\/fr-be\/wp-json\/wp\/v2\/media\/19256"}],"wp:attachment":[{"href":"https:\/\/www.laboratoires-unisson.com\/fr-be\/wp-json\/wp\/v2\/media?parent=24696"}],"wp:term":[{"taxonomy":"product_brand","embeddable":true,"href":"https:\/\/www.laboratoires-unisson.com\/fr-be\/wp-json\/wp\/v2\/product_brand?post=24696"},{"taxonomy":"product_cat","embeddable":true,"href":"https:\/\/www.laboratoires-unisson.com\/fr-be\/wp-json\/wp\/v2\/product_cat?post=24696"},{"taxonomy":"product_tag","embeddable":true,"href":"https:\/\/www.laboratoires-unisson.com\/fr-be\/wp-json\/wp\/v2\/product_tag?post=24696"}],"curies":[{"name":"wp","href":"https:\/\/api.w.org\/{rel}","templated":true}]}}